{"id":8381,"date":"2019-03-27T10:53:44","date_gmt":"2019-03-27T10:53:44","guid":{"rendered":"https:\/\/www.avanceplasticsurgery.com\/home-2\/"},"modified":"2026-03-03T11:07:22","modified_gmt":"2026-03-03T11:07:22","slug":"home-2","status":"publish","type":"page","link":"https:\/\/www.avanceplasticsurgery.com\/es\/","title":{"rendered":"Home"},"content":{"rendered":"","protected":false},"excerpt":{"rendered":"","protected":false},"author":1,"featured_media":0,"parent":0,"menu_order":-1,"comment_status":"closed","ping_status":"closed","template":"","meta":{"_acf_changed":false,"footnotes":""},"class_list":["post-8381","page","type-page","status-publish"],"acf":[],"yoast_head":"<!-- This site is optimized with the Yoast SEO plugin v25.6 - https:\/\/yoast.com\/wordpress\/plugins\/seo\/ -->\n<title>Reno NV Cirug\u00eda Pl\u00e1stica | Aumento de senos en Lake Tahoe, Estiramiento facial, Rinoplastia<\/title>\n<meta name=\"description\" content=\"El Instituto de Cirug\u00eda Pl\u00e1stica Avance en Reno, NV, dirigido por el cirujano pl\u00e1stico y reconstructivo de renombre mundial, el Dr. Erez Dayan, ofrece la mejor experiencia en educaci\u00f3n superior del paciente, tratamientos y procedimientos quir\u00fargicos con fines est\u00e9ticos y reconstructivos.\" \/>\n<meta name=\"robots\" content=\"index, follow, max-snippet:-1, max-image-preview:large, max-video-preview:-1\" \/>\n<link rel=\"canonical\" href=\"https:\/\/www.avanceplasticsurgery.com\/es\/\" \/>\n<meta property=\"og:locale\" content=\"es_ES\" \/>\n<meta property=\"og:type\" content=\"article\" \/>\n<meta property=\"og:title\" content=\"Reno NV Cirug\u00eda Pl\u00e1stica | Aumento de senos en Lake Tahoe, Estiramiento facial, Rinoplastia\" \/>\n<meta property=\"og:description\" content=\"El Instituto de Cirug\u00eda Pl\u00e1stica Avance en Reno, NV, dirigido por el cirujano pl\u00e1stico y reconstructivo de renombre mundial, el Dr. Erez Dayan, ofrece la mejor experiencia en educaci\u00f3n superior del paciente, tratamientos y procedimientos quir\u00fargicos con fines est\u00e9ticos y reconstructivos.\" \/>\n<meta property=\"og:url\" content=\"https:\/\/www.avanceplasticsurgery.com\/es\/\" \/>\n<meta property=\"og:site_name\" content=\"Avance Plastic Surgery\" \/>\n<meta property=\"article:modified_time\" content=\"2026-03-03T11:07:22+00:00\" \/>\n<meta property=\"og:image\" content=\"https:\/\/www.avanceplasticsurgery.com\/wp-content\/uploads\/2020\/10\/dr-Dayan-min.jpg\" \/>\n\t<meta property=\"og:image:width\" content=\"960\" \/>\n\t<meta property=\"og:image:height\" content=\"670\" \/>\n\t<meta property=\"og:image:type\" content=\"image\/jpeg\" \/>\n<meta name=\"twitter:card\" content=\"summary_large_image\" \/>\n<!-- \/ Yoast SEO plugin. -->","yoast_head_json":{"title":"Reno NV Cirug\u00eda Pl\u00e1stica | Aumento de senos en Lake Tahoe, Estiramiento facial, Rinoplastia","description":"El Instituto de Cirug\u00eda Pl\u00e1stica Avance en Reno, NV, dirigido por el cirujano pl\u00e1stico y reconstructivo de renombre mundial, el Dr. Erez Dayan, ofrece la mejor experiencia en educaci\u00f3n superior del paciente, tratamientos y procedimientos quir\u00fargicos con fines est\u00e9ticos y reconstructivos.","robots":{"index":"index","follow":"follow","max-snippet":"max-snippet:-1","max-image-preview":"max-image-preview:large","max-video-preview":"max-video-preview:-1"},"canonical":"https:\/\/www.avanceplasticsurgery.com\/es\/","og_locale":"es_ES","og_type":"article","og_title":"Reno NV Cirug\u00eda Pl\u00e1stica | Aumento de senos en Lake Tahoe, Estiramiento facial, Rinoplastia","og_description":"El Instituto de Cirug\u00eda Pl\u00e1stica Avance en Reno, NV, dirigido por el cirujano pl\u00e1stico y reconstructivo de renombre mundial, el Dr. Erez Dayan, ofrece la mejor experiencia en educaci\u00f3n superior del paciente, tratamientos y procedimientos quir\u00fargicos con fines est\u00e9ticos y reconstructivos.","og_url":"https:\/\/www.avanceplasticsurgery.com\/es\/","og_site_name":"Avance Plastic Surgery","article_modified_time":"2026-03-03T11:07:22+00:00","og_image":[{"width":960,"height":670,"url":"https:\/\/www.avanceplasticsurgery.com\/wp-content\/uploads\/2020\/10\/dr-Dayan-min.jpg","type":"image\/jpeg"}],"twitter_card":"summary_large_image","schema":{"@context":"https:\/\/schema.org","@graph":[{"@type":"WebPage","@id":"https:\/\/www.avanceplasticsurgery.com\/es\/","url":"https:\/\/www.avanceplasticsurgery.com\/es\/","name":"Reno NV Cirug\u00eda Pl\u00e1stica | Aumento de senos en Lake Tahoe, Estiramiento facial, Rinoplastia","isPartOf":{"@id":"https:\/\/www.avanceplasticsurgery.com\/es\/#website"},"datePublished":"2019-03-27T10:53:44+00:00","dateModified":"2026-03-03T11:07:22+00:00","description":"El Instituto de Cirug\u00eda Pl\u00e1stica Avance en Reno, NV, dirigido por el cirujano pl\u00e1stico y reconstructivo de renombre mundial, el Dr. Erez Dayan, ofrece la mejor experiencia en educaci\u00f3n superior del paciente, tratamientos y procedimientos quir\u00fargicos con fines est\u00e9ticos y reconstructivos.","breadcrumb":{"@id":"https:\/\/www.avanceplasticsurgery.com\/es\/#breadcrumb"},"inLanguage":"es","potentialAction":[{"@type":"ReadAction","target":["https:\/\/www.avanceplasticsurgery.com\/es\/"]}]},{"@type":"BreadcrumbList","@id":"https:\/\/www.avanceplasticsurgery.com\/es\/#breadcrumb","itemListElement":[{"@type":"ListItem","position":1,"name":"Home","item":"https:\/\/www.avanceplasticsurgery.com\/es\/"},{"@type":"ListItem","position":2,"name":"Home"}]},{"@type":"WebSite","@id":"https:\/\/www.avanceplasticsurgery.com\/es\/#website","url":"https:\/\/www.avanceplasticsurgery.com\/es\/","name":"Avance Plastic Surgery","description":"","potentialAction":[{"@type":"SearchAction","target":{"@type":"EntryPoint","urlTemplate":"https:\/\/www.avanceplasticsurgery.com\/es\/?s={search_term_string}"},"query-input":{"@type":"PropertyValueSpecification","valueRequired":true,"valueName":"search_term_string"}}],"inLanguage":"es"}]}},"_links":{"self":[{"href":"https:\/\/www.avanceplasticsurgery.com\/es\/wp-json\/wp\/v2\/pages\/8381","targetHints":{"allow":["GET"]}}],"collection":[{"href":"https:\/\/www.avanceplasticsurgery.com\/es\/wp-json\/wp\/v2\/pages"}],"about":[{"href":"https:\/\/www.avanceplasticsurgery.com\/es\/wp-json\/wp\/v2\/types\/page"}],"author":[{"embeddable":true,"href":"https:\/\/www.avanceplasticsurgery.com\/es\/wp-json\/wp\/v2\/users\/1"}],"replies":[{"embeddable":true,"href":"https:\/\/www.avanceplasticsurgery.com\/es\/wp-json\/wp\/v2\/comments?post=8381"}],"version-history":[{"count":5,"href":"https:\/\/www.avanceplasticsurgery.com\/es\/wp-json\/wp\/v2\/pages\/8381\/revisions"}],"predecessor-version":[{"id":14695,"href":"https:\/\/www.avanceplasticsurgery.com\/es\/wp-json\/wp\/v2\/pages\/8381\/revisions\/14695"}],"wp:attachment":[{"href":"https:\/\/www.avanceplasticsurgery.com\/es\/wp-json\/wp\/v2\/media?parent=8381"}],"curies":[{"name":"wp","href":"https:\/\/api.w.org\/{rel}","templated":true}]}}