{"id":8787,"date":"2022-01-13T20:31:39","date_gmt":"2022-01-13T20:31:39","guid":{"rendered":"https:\/\/www.avanceplasticsurgery.com\/curriculum-vitae-de-abigail-sargent\/"},"modified":"2022-04-22T07:32:07","modified_gmt":"2022-04-22T07:32:07","slug":"curriculum-vitae-de-abigail-sargent","status":"publish","type":"page","link":"https:\/\/www.avanceplasticsurgery.com\/es\/curriculum-vitae-de-abigail-sargent\/","title":{"rendered":"Curriculum Vitae de Abigail Sargent"},"content":{"rendered":"<h1>Curriculum Vitae de Abigail Sargent<\/h1>\n<h2>EDUCACI\u00d3N<\/h2>\n<h3>Universidad de Nevada Las Vegas Mayo 2011<\/h3>\n<p>Doctorado en Fisioterapia<br \/>\nRecipiente del Premio al Liderazgo Estudiantil de la UNLV<\/p>\n<h3>Universidad de California Berkeley Mayo de 2006<\/h3>\n<p>Licenciatura en Artes: Biolog\u00eda Integrativa<br \/>\nGraduado con Distinci\u00f3n<\/p>\n<h2>LICENCIA Y CERTIFICACI\u00d3N DE LA JUNTA<\/h2>\n<h3>Fisioterapeuta Licenciado Jun 2011 \u2013 Presente<\/h3>\n<p>Estado de Nevada, Departamento de Salud, Profesionales Aliados de la Salud<br \/>\nLicencia de Terapia F\u00edsica #2572 \u2013 <strong>Activa<\/strong><\/p>\n<h3>Terapeuta certificado en linfedema julio de 2012 &#8211; presente<\/h3>\n<p>Norton School of Lymphatics, Los \u00c1ngeles, CA<\/p>\n<h3>Fisioterapia p\u00e9lvica Nivel 1 Certificado Marzo 2014 &#8211; Presente<\/h3>\n<p>Instituto de Rehabilitaci\u00f3n Brooks de Educaci\u00f3n Superior<\/p>\n<h3>Certificaci\u00f3n de extremidades superiores e inferiores de ASTYM Marzo de 2017 &#8211; Presente<\/h3>\n<p>Din\u00e1mica de rendimiento, Issaquah, WA<\/p>\n<h3>Especialista en rehabilitaci\u00f3n oncol\u00f3gica certificado por PORi Septiembre de 2020 &#8211; Presente<\/h3>\n<p>Instituto de Rehabilitaci\u00f3n de Oncolog\u00eda Fisiol\u00f3gica, Denver, CO<\/p>\n<h3>Especialista Certificado en C\u00e1ncer de Cabeza y Cuello Julio 2020 \u2013 Presente<\/h3>\n<p>Instituto de Rehabilitaci\u00f3n de Oncolog\u00eda Fisiol\u00f3gica, Denver, CO<\/p>\n<h3>Especialista en ejercicio en quimiotoxicidad y c\u00e1ncer Abril de 2018 &#8211; Presente<\/h3>\n<p>Instituto de Rehabilitaci\u00f3n de Oncolog\u00eda Fisiol\u00f3gica, Denver, CO<\/p>\n<h3>Especialista certificada en c\u00e1ncer de mama noviembre de 2017 &#8211; presente<\/h3>\n<p>Instituto de Rehabilitaci\u00f3n de Oncolog\u00eda Fisiol\u00f3gica, Denver, CO<\/p>\n<h2>Empleo<\/h2>\n<h3>Avance Plastic Surgery Institute Enero 2020 \u2013 Presente<\/h3>\n<p>Fisioterapeuta Contratado<br \/>\nEvaluaci\u00f3n y tratamiento de la poblaci\u00f3n posoperatoria para abordar el edema quir\u00fargico y promover una cicatrizaci\u00f3n \u00f3ptima a trav\u00e9s del drenaje linf\u00e1tico manual y una variedad de t\u00e9cnicas miofasciales<\/p>\n<h3>Centro m\u00e9dico regional de Saint Mary, septiembre de 2019 &#8211; presente<\/h3>\n<p>Fisioterapeuta ambulatorio<br \/>\nEvaluaci\u00f3n y tratamiento de poblaciones ortop\u00e9dicas, oncol\u00f3gicas, neurol\u00f3gicas y geri\u00e1tricas en el \u00e1mbito ambulatorio<\/p>\n<h3>Renown Regional Medical Center febrero de 2018 \u2013 marzo de 2019<\/h3>\n<p>Fisioterapeuta ambulatorio<br \/>\nEvaluaci\u00f3n y tratamiento de poblaciones ortop\u00e9dicas, oncol\u00f3gicas, neurol\u00f3gicas, acu\u00e1ticas y geri\u00e1tricas en el \u00e1mbito ambulatorio<\/p>\n<h3>Fisioterapia Highline junio de 2015 \u2013 enero de 2018<\/h3>\n<p>Fisioterapeuta ambulatorio<br \/>\nEvaluaci\u00f3n y tratamiento de poblaciones ortop\u00e9dicas, oncol\u00f3gicas, neurol\u00f3gicas, acu\u00e1ticas y geri\u00e1tricas en el \u00e1mbito ambulatorio<\/p>\n<h3>Brooks Rehabilitation Hospital Feb 2014 \u2013 Feb 2015<\/h3>\n<p>Fisioterapeuta flotante para pacientes ambulatorios<br \/>\nEvaluaci\u00f3n y tratamiento de poblaciones ortop\u00e9dicas, neurol\u00f3gicas, acu\u00e1ticas, geri\u00e1tricas y de salud de la mujer en 6 cl\u00ednicas afiliadas<\/p>\n<h3>Centro M\u00e9dico Regional de Saint Mary de julio de 2011 a enero de 2014<\/h3>\n<p>Fisioterapeuta para pacientes ambulatorios\/hospitalizados<br \/>\nEvaluaci\u00f3n y tratamiento de poblaciones ortop\u00e9dicas, oncol\u00f3gicas, neurol\u00f3gicas, acu\u00e1ticas, geri\u00e1tricas y de cuidado de heridas en entornos ambulatorios y hospitalarios<\/p>\n<h3>Rosewood Rehabilitation Hospital Ago 2013 \u2013 Ene 2014<\/h3>\n<p>Fisioterapeuta de centro de enfermer\u00eda especializada<br \/>\nEvaluaci\u00f3n y tratamiento de poblaciones ortop\u00e9dicas, neurol\u00f3gicas y geri\u00e1tricas en un centro de enfermer\u00eda especializada<\/p>\n<h2>Educaci\u00f3n continua<\/h2>\n<ul>\n<li>Instituto de Rehabilitaci\u00f3n Oncol\u00f3gica Fisiol\u00f3gica: Rehabilitaci\u00f3n del C\u00e1ncer de Cabeza y Cuello Julio 2020<\/li>\n<li>Curso de certificaci\u00f3n de ventosas miofasciales de rehabilitaci\u00f3n PESI Junio de 2019<\/li>\n<li>Instituto de rehabilitaci\u00f3n de oncolog\u00eda fisiol\u00f3gica: quimiotoxicidad y manejo del ejercicio del c\u00e1ncer Abril de 2018<\/li>\n<li>Instituto de Rehabilitaci\u00f3n Oncol\u00f3gica Fisiol\u00f3gica: Especialista en Rehabilitaci\u00f3n Oncol\u00f3gica del C\u00e1ncer de Mama Noviembre 2017<\/li>\n<li>Evaluaci\u00f3n de Movimiento Funcional Selectivo Nivel 2 Certificado Septiembre 2017<\/li>\n<li>Jones Institute Strain Counterstain para la columna vertebral Nivel I Julio de 2017<\/li>\n<li>Certificado ASTYM para extremidades inferiores en marzo de 2017<\/li>\n<li>Certificado ASTYM para extremidades superiores en marzo de 2017<\/li>\n<li>Seminarios de linfedema: Seminario de redes y educaci\u00f3n para terapeutas de linfedema Febrero de 2017<\/li>\n<li>Evaluaci\u00f3n de Movimiento Funcional Selectivo Nivel 1 Certificado Noviembre 2016<\/li>\n<li>Klose School of Lymphology Rehabilitaci\u00f3n del c\u00e1ncer de mama Julio de 2016<\/li>\n<li>Instituto Australiano de Fisioterapia y Pilates: Pilates Terap\u00e9utico para Profesionales de la Rehabilitaci\u00f3n \u2013 Matwork Nivel 1, Nevada Abril 2015<\/li>\n<li>APTA: Fisioterapia en Obstetricia, Curso Independiente de Estudio en el Hogar, Florida, diciembre de 2014<\/li>\n<li>Brooks Rehabilitation Institute of Higher Learning: fisioterapia p\u00e9lvica nivel 1: fisioterapia del suelo p\u00e9lvico para la incontinencia urinaria y el prolapso de \u00f3rganos p\u00e9lvicos, Florida, marzo de 2014<\/li>\n<li>Educaci\u00f3n a campo traviesa: aplicaci\u00f3n terap\u00e9utica de Kinesiotaping para profesionales de la rehabilitaci\u00f3n, California, julio de 2013<\/li>\n<li>APTA: An\u00e1lisis biomec\u00e1nico de la marcha en corredores, curso independiente de estudios en el hogar, Nevada, marzo de 2013<\/li>\n<li>Educaci\u00f3n a campo traviesa: prevenci\u00f3n y tratamiento eficaces de las lesiones relacionadas con la carrera, Nevada, octubre de 2012<\/li>\n<li>Programa Pink Ribbon: Especialista en ejercicios posrehabilitaci\u00f3n contra el c\u00e1ncer de mama, Nevada, septiembre de 2012<\/li>\n<li>Norton School of Lymphatic Therapy: Certificaci\u00f3n completa de terapia descongestiva, California, julio de 2012<\/li>\n<li>Cross Country Education: Revolutionary Yoga Rehabilitation: The Science of Recovery and Restoration, Nevada, septiembre de 2011<\/li>\n<li>Reuni\u00f3n de las Secciones Combinadas, Luisiana, febrero de 2011<\/li>\n<li>Reuni\u00f3n de Secciones Combinadas, Nevada Febrero 2009<\/li>\n<\/ul>\n","protected":false},"excerpt":{"rendered":"<p>Curriculum Vitae de Abigail Sargent EDUCACI\u00d3N Universidad de Nevada Las Vegas Mayo 2011 Doctorado en Fisioterapia Recipiente del Premio&hellip;<\/p>\n","protected":false},"author":1,"featured_media":0,"parent":0,"menu_order":0,"comment_status":"closed","ping_status":"closed","template":"","meta":{"_acf_changed":false,"footnotes":""},"class_list":["post-8787","page","type-page","status-publish"],"acf":[],"yoast_head":"<!-- This site is optimized with the Yoast SEO plugin v27.4 - https:\/\/yoast.com\/product\/yoast-seo-wordpress\/ -->\n<title>Curriculum Vitae de Abigail Sargent | Avance Plastic Surgery<\/title>\n<meta name=\"robots\" content=\"index, follow, max-snippet:-1, max-image-preview:large, max-video-preview:-1\" \/>\n<link rel=\"canonical\" href=\"https:\/\/www.avanceplasticsurgery.com\/es\/curriculum-vitae-de-abigail-sargent\/\" \/>\n<meta property=\"og:locale\" content=\"es_ES\" \/>\n<meta property=\"og:type\" content=\"article\" \/>\n<meta property=\"og:title\" content=\"Curriculum Vitae de Abigail Sargent | Avance Plastic Surgery\" \/>\n<meta property=\"og:description\" content=\"Curriculum Vitae de Abigail Sargent EDUCACI\u00d3N Universidad de Nevada Las Vegas Mayo 2011 Doctorado en Fisioterapia Recipiente del Premio&hellip;\" \/>\n<meta property=\"og:url\" content=\"https:\/\/www.avanceplasticsurgery.com\/es\/curriculum-vitae-de-abigail-sargent\/\" \/>\n<meta property=\"og:site_name\" content=\"Avance Plastic Surgery\" \/>\n<meta property=\"article:modified_time\" content=\"2022-04-22T07:32:07+00:00\" \/>\n<meta name=\"twitter:card\" content=\"summary_large_image\" \/>\n<meta name=\"twitter:label1\" content=\"Tiempo de lectura\" \/>\n\t<meta name=\"twitter:data1\" content=\"4 minutos\" \/>\n<!-- \/ Yoast SEO plugin. -->","yoast_head_json":{"title":"Curriculum Vitae de Abigail Sargent | Avance Plastic Surgery","robots":{"index":"index","follow":"follow","max-snippet":"max-snippet:-1","max-image-preview":"max-image-preview:large","max-video-preview":"max-video-preview:-1"},"canonical":"https:\/\/www.avanceplasticsurgery.com\/es\/curriculum-vitae-de-abigail-sargent\/","og_locale":"es_ES","og_type":"article","og_title":"Curriculum Vitae de Abigail Sargent | Avance Plastic Surgery","og_description":"Curriculum Vitae de Abigail Sargent EDUCACI\u00d3N Universidad de Nevada Las Vegas Mayo 2011 Doctorado en Fisioterapia Recipiente del Premio&hellip;","og_url":"https:\/\/www.avanceplasticsurgery.com\/es\/curriculum-vitae-de-abigail-sargent\/","og_site_name":"Avance Plastic Surgery","article_modified_time":"2022-04-22T07:32:07+00:00","twitter_card":"summary_large_image","twitter_misc":{"Tiempo de lectura":"4 minutos"},"schema":{"@context":"https:\/\/schema.org","@graph":[{"@type":"WebPage","@id":"https:\/\/www.avanceplasticsurgery.com\/es\/curriculum-vitae-de-abigail-sargent\/","url":"https:\/\/www.avanceplasticsurgery.com\/es\/curriculum-vitae-de-abigail-sargent\/","name":"Curriculum Vitae de Abigail Sargent | Avance Plastic Surgery","isPartOf":{"@id":"https:\/\/www.avanceplasticsurgery.com\/es\/#website"},"datePublished":"2022-01-13T20:31:39+00:00","dateModified":"2022-04-22T07:32:07+00:00","breadcrumb":{"@id":"https:\/\/www.avanceplasticsurgery.com\/es\/curriculum-vitae-de-abigail-sargent\/#breadcrumb"},"inLanguage":"es","potentialAction":[{"@type":"ReadAction","target":["https:\/\/www.avanceplasticsurgery.com\/es\/curriculum-vitae-de-abigail-sargent\/"]}]},{"@type":"BreadcrumbList","@id":"https:\/\/www.avanceplasticsurgery.com\/es\/curriculum-vitae-de-abigail-sargent\/#breadcrumb","itemListElement":[{"@type":"ListItem","position":1,"name":"Home","item":"https:\/\/www.avanceplasticsurgery.com\/es\/"},{"@type":"ListItem","position":2,"name":"Curriculum Vitae de Abigail Sargent"}]},{"@type":"WebSite","@id":"https:\/\/www.avanceplasticsurgery.com\/es\/#website","url":"https:\/\/www.avanceplasticsurgery.com\/es\/","name":"Avance Plastic Surgery","description":"","potentialAction":[{"@type":"SearchAction","target":{"@type":"EntryPoint","urlTemplate":"https:\/\/www.avanceplasticsurgery.com\/es\/?s={search_term_string}"},"query-input":{"@type":"PropertyValueSpecification","valueRequired":true,"valueName":"search_term_string"}}],"inLanguage":"es"}]}},"_links":{"self":[{"href":"https:\/\/www.avanceplasticsurgery.com\/es\/wp-json\/wp\/v2\/pages\/8787","targetHints":{"allow":["GET"]}}],"collection":[{"href":"https:\/\/www.avanceplasticsurgery.com\/es\/wp-json\/wp\/v2\/pages"}],"about":[{"href":"https:\/\/www.avanceplasticsurgery.com\/es\/wp-json\/wp\/v2\/types\/page"}],"author":[{"embeddable":true,"href":"https:\/\/www.avanceplasticsurgery.com\/es\/wp-json\/wp\/v2\/users\/1"}],"replies":[{"embeddable":true,"href":"https:\/\/www.avanceplasticsurgery.com\/es\/wp-json\/wp\/v2\/comments?post=8787"}],"version-history":[{"count":1,"href":"https:\/\/www.avanceplasticsurgery.com\/es\/wp-json\/wp\/v2\/pages\/8787\/revisions"}],"predecessor-version":[{"id":8811,"href":"https:\/\/www.avanceplasticsurgery.com\/es\/wp-json\/wp\/v2\/pages\/8787\/revisions\/8811"}],"wp:attachment":[{"href":"https:\/\/www.avanceplasticsurgery.com\/es\/wp-json\/wp\/v2\/media?parent=8787"}],"curies":[{"name":"wp","href":"https:\/\/api.w.org\/{rel}","templated":true}]}}