{"id":8791,"date":"2020-09-11T07:54:31","date_gmt":"2020-09-11T07:54:31","guid":{"rendered":"https:\/\/www.avanceplasticsurgery.com\/procedimientos-cosmeticos-corporales\/"},"modified":"2022-04-25T13:05:32","modified_gmt":"2022-04-25T13:05:32","slug":"procedimientos-cosmeticos-corporales","status":"publish","type":"page","link":"https:\/\/www.avanceplasticsurgery.com\/es\/procedimientos-cosmeticos-y-de-cirugia\/procedimientos-cosmeticos-corporales\/","title":{"rendered":"Procedimientos Cosm\u00e9ticos Corporales"},"content":{"rendered":"<h1>Procedimientos Cosm\u00e9ticos Corporales en Reno\/Tahoe, NV<\/h1>\n<p>\u00bfSe ha sentido frustrado por esas \u00e1reas molestas que son simplemente resistentes a la dieta y la rutina de ejercicios m\u00e1s extenuantes? O quiz\u00e1s, la edad te ha dejado algunos signos reveladores que son m\u00e1s visibles cuando usas ropa de verano. Si no est\u00e1 satisfecho con alg\u00fan aspecto de su cuerpo, incluso despu\u00e9s de todo su arduo trabajo, el Dr. Erez Dayan y el Instituto de Cirug\u00eda Pl\u00e1stica Avance pueden ayudarlo.<\/p>\n<p>El Dr. Dayan y su equipo est\u00e9tico ofrecen varios procedimientos cosm\u00e9ticos corporales para ayudarlo a crear el cuerpo que desea. Estos <a title=\"Reno NV Cirug\u00eda Est\u00e9tica Facial\" href=\"https:\/\/www.avanceplasticsurgery.com\/es\/procedimientos-cosmeticos-y-de-cirugia\/\">procedimientos o tratamientos de cirug\u00eda pl\u00e1stica<\/a> pueden quitarle a\u00f1os a su apariencia, ayudar a tonificar su cuerpo despu\u00e9s de perder peso, esculpir esos lugares dif\u00edciles que resisten la dieta y el ejercicio, rejuvenecer su cuerpo despu\u00e9s de los a\u00f1os f\u00e9rtiles o simplemente agregar algo extra a su apariencia.<\/p>\n<h2>Procedimientos Cosm\u00e9ticos de Contorno Corporal<\/h2>\n<p>Si bien existen muchos procedimientos quir\u00fargicos est\u00e9ticos que pueden dar forma a varias partes de su cuerpo, muchos de los m\u00e1s populares se eligen por razones puramente est\u00e9ticas. Su autoestima y confianza en s\u00ed mismo son importantes, y las cirug\u00edas de contorno corporal pueden dar pasos importantes para mejorar su propia imagen. Algunos de los procedimientos cosm\u00e9ticos corporales m\u00e1s populares que ofrecemos incluyen:<\/p>\n<nav class=\"flc-submenu\" aria-label=\"sub menu\"><ul><li class=\"page_item page-item-8805 page_item_has_children\"><a href=\"https:\/\/www.avanceplasticsurgery.com\/es\/procedimientos-cosmeticos-y-de-cirugia\/procedimientos-cosmeticos-corporales\/abdominoplastia-tummy-tuck\/\">Abdominoplastia \/ Tummy Tuck<\/a><\/li>\n<li class=\"page_item page-item-8847\"><a href=\"https:\/\/www.avanceplasticsurgery.com\/es\/procedimientos-cosmeticos-y-de-cirugia\/procedimientos-cosmeticos-corporales\/body-lift-post-cirugia-bariatrica\/\">Body Lift Post Cirug\u00eda Bari\u00e1trica<\/a><\/li>\n<li class=\"page_item page-item-8857\"><a href=\"https:\/\/www.avanceplasticsurgery.com\/es\/procedimientos-cosmeticos-y-de-cirugia\/procedimientos-cosmeticos-corporales\/cambio-de-mami\/\">Cambio de mami<\/a><\/li>\n<li class=\"page_item page-item-8845\"><a href=\"https:\/\/www.avanceplasticsurgery.com\/es\/procedimientos-cosmeticos-y-de-cirugia\/procedimientos-cosmeticos-corporales\/estiramiento-corporal-despues-de-la-perdida-de-peso\/\">Estiramiento corporal despu\u00e9s de la p\u00e9rdida de peso<\/a><\/li>\n<li class=\"page_item page-item-8850\"><a href=\"https:\/\/www.avanceplasticsurgery.com\/es\/procedimientos-cosmeticos-y-de-cirugia\/procedimientos-cosmeticos-corporales\/implantes-de-gluteos\/\">Implantes de gl\u00fateos<\/a><\/li>\n<li class=\"page_item page-item-8808\"><a href=\"https:\/\/www.avanceplasticsurgery.com\/es\/procedimientos-cosmeticos-y-de-cirugia\/procedimientos-cosmeticos-corporales\/levantamiento-de-brazos\/\">Levantamiento de brazos<\/a><\/li>\n<li class=\"page_item page-item-8849\"><a href=\"https:\/\/www.avanceplasticsurgery.com\/es\/procedimientos-cosmeticos-y-de-cirugia\/procedimientos-cosmeticos-corporales\/levantamiento-de-gluteos-brasileno\/\">Levantamiento de gl\u00fateos brasile\u00f1o<\/a><\/li>\n<li class=\"page_item page-item-8851\"><a href=\"https:\/\/www.avanceplasticsurgery.com\/es\/procedimientos-cosmeticos-y-de-cirugia\/procedimientos-cosmeticos-corporales\/levantamiento-de-media-luna-en-la-axila\/\">Levantamiento de media luna en la axila<\/a><\/li>\n<li class=\"page_item page-item-8859\"><a href=\"https:\/\/www.avanceplasticsurgery.com\/es\/procedimientos-cosmeticos-y-de-cirugia\/procedimientos-cosmeticos-corporales\/levantamiento-de-muslos\/\">Levantamiento de muslos<\/a><\/li>\n<li class=\"page_item page-item-8852 page_item_has_children\"><a href=\"https:\/\/www.avanceplasticsurgery.com\/es\/procedimientos-cosmeticos-y-de-cirugia\/procedimientos-cosmeticos-corporales\/liposuccion\/\">Liposucci\u00f3n<\/a><\/li>\n<li class=\"page_item page-item-8861 page_item_has_children\"><a href=\"https:\/\/www.avanceplasticsurgery.com\/es\/procedimientos-cosmeticos-y-de-cirugia\/procedimientos-cosmeticos-corporales\/rejuvenecimiento-vaginal\/\">Rejuvenecimiento Vaginal<\/a><\/li>\n<li class=\"page_item page-item-11054\"><a href=\"https:\/\/www.avanceplasticsurgery.com\/es\/procedimientos-cosmeticos-y-de-cirugia\/procedimientos-cosmeticos-corporales\/transferencia-de-grasa-a-las-manos\/\">Transferencia de grasa a las manos<\/a><\/li>\n<li class=\"page_item page-item-8858\"><a href=\"https:\/\/www.avanceplasticsurgery.com\/es\/procedimientos-cosmeticos-y-de-cirugia\/procedimientos-cosmeticos-corporales\/tratamiento-de-la-hiperplasia-adiposa-paradojica\/\">Tratamiento de la hiperplasia adiposa parad\u00f3jica<\/a><\/li>\n<\/ul><\/nav>\n<p>Cada paciente que acude al Instituto de Cirug\u00eda Pl\u00e1stica Avance recibe un procedimiento cuidadosamente dise\u00f1ado que satisface sus necesidades y deseos espec\u00edficos. El Dr. Dayan dedica un tiempo considerable a revisar las opciones y elecciones para diferentes cirug\u00edas y tratamientos de contorno corporal con cada paciente, para cumplir o superar sus expectativas.<\/p>\n<p><a title=\"P\u00f3ngase en contacto con el Instituto de Cirug\u00eda Pl\u00e1stica Avance en Reno NV\" href=\"https:\/\/www.avanceplasticsurgery.com\/es\/contactenos\/\">Comun\u00edquese con el Instituto de Cirug\u00eda Pl\u00e1stica Avance<\/a> en Reno\/Tahoe, NV en l\u00ednea o ll\u00e1menos al (775) 800-4444 para hablar con un miembro del equipo sobre la programaci\u00f3n de su consulta privada sobre posibles procedimientos cosm\u00e9ticos corporales. Tambi\u00e9n tenemos consultas virtuales disponibles para quienes viven a largas distancias de Reno.<\/p>\n<p>El Dr. Erez Dayan ha realizado una extensa investigaci\u00f3n sobre suplementos en cirug\u00eda pl\u00e1stica. Lea m\u00e1s sobre la investigaci\u00f3n de Suplementos en Cirug\u00eda Pl\u00e1stica del <a href=\"https:\/\/www.avanceplasticsurgery.com\/es\/acerca-de\/investigar\/#supplements\">Dr. Dayan aqu\u00ed.<\/a><\/p>\n<h3>Programa de mantenimiento<\/h3>\n<p>El <a href=\"https:\/\/www.avanceplasticsurgery.com\/es\/acerca-de\/programa-de-mantenimiento\/\">programa de mantenimiento<\/a> en Avance Plastic Surgery Institute est\u00e1 dise\u00f1ado para ofrecer a los pacientes una forma conveniente de continuar viendo los beneficios de nuestros tratamientos durante el mayor tiempo posible.<\/p>\n<p>Para mantener los resultados de los procedimientos de contorno corporal, recomendamos tratamientos no invasivos y m\u00ednimamente invasivos con los siguientes dispositivos:<\/p>\n<ul>\n<li>Forma Body (InMode)<\/li>\n<li>Morpheus 8 Body (InMode)<\/li>\n<li>Evolve<\/li>\n<\/ul>\n","protected":false},"excerpt":{"rendered":"<p>Procedimientos Cosm\u00e9ticos Corporales en Reno\/Tahoe, NV \u00bfSe ha sentido frustrado por esas \u00e1reas molestas que son simplemente resistentes a&hellip;<\/p>\n","protected":false},"author":1,"featured_media":8574,"parent":8804,"menu_order":0,"comment_status":"closed","ping_status":"closed","template":"","meta":{"_acf_changed":false,"footnotes":""},"class_list":["post-8791","page","type-page","status-publish","has-post-thumbnail"],"acf":[],"yoast_head":"<!-- This site is optimized with the Yoast SEO plugin v25.6 - https:\/\/yoast.com\/wordpress\/plugins\/seo\/ -->\n<title>Reno NV Cirujano pl\u00e1stico de contorno corporal | Cirug\u00eda est\u00e9tica en el lago Tahoe<\/title>\n<meta name=\"description\" content=\"El Dr. Erez Dayan y el Instituto de Cirug\u00eda Pl\u00e1stica Avance ofrecen varios procedimientos cosm\u00e9ticos corporales populares para mejorar la est\u00e9tica. Aumenta tu autoestima y confianza con mejoras cosm\u00e9ticas que mejoran tu apariencia.\" \/>\n<meta name=\"robots\" content=\"index, follow, max-snippet:-1, max-image-preview:large, max-video-preview:-1\" \/>\n<link rel=\"canonical\" href=\"https:\/\/www.avanceplasticsurgery.com\/es\/procedimientos-cosmeticos-y-de-cirugia\/procedimientos-cosmeticos-corporales\/\" \/>\n<meta property=\"og:locale\" content=\"es_ES\" \/>\n<meta property=\"og:type\" content=\"article\" \/>\n<meta property=\"og:title\" content=\"Reno NV Cirujano pl\u00e1stico de contorno corporal | Cirug\u00eda est\u00e9tica en el lago Tahoe\" \/>\n<meta property=\"og:description\" content=\"El Dr. Erez Dayan y el Instituto de Cirug\u00eda Pl\u00e1stica Avance ofrecen varios procedimientos cosm\u00e9ticos corporales populares para mejorar la est\u00e9tica. Aumenta tu autoestima y confianza con mejoras cosm\u00e9ticas que mejoran tu apariencia.\" \/>\n<meta property=\"og:url\" content=\"https:\/\/www.avanceplasticsurgery.com\/es\/procedimientos-cosmeticos-y-de-cirugia\/procedimientos-cosmeticos-corporales\/\" \/>\n<meta property=\"og:site_name\" content=\"Avance Plastic Surgery\" \/>\n<meta property=\"article:modified_time\" content=\"2022-04-25T13:05:32+00:00\" \/>\n<meta property=\"og:image\" content=\"https:\/\/www.avanceplasticsurgery.com\/wp-content\/uploads\/2022\/01\/body.jpg\" \/>\n\t<meta property=\"og:image:width\" content=\"1920\" \/>\n\t<meta property=\"og:image:height\" content=\"595\" \/>\n\t<meta property=\"og:image:type\" content=\"image\/jpeg\" \/>\n<meta name=\"twitter:card\" content=\"summary_large_image\" \/>\n<meta name=\"twitter:label1\" content=\"Tiempo de lectura\" \/>\n\t<meta name=\"twitter:data1\" content=\"2 minutos\" \/>\n<!-- \/ Yoast SEO plugin. -->","yoast_head_json":{"title":"Reno NV Cirujano pl\u00e1stico de contorno corporal | Cirug\u00eda est\u00e9tica en el lago Tahoe","description":"El Dr. Erez Dayan y el Instituto de Cirug\u00eda Pl\u00e1stica Avance ofrecen varios procedimientos cosm\u00e9ticos corporales populares para mejorar la est\u00e9tica. Aumenta tu autoestima y confianza con mejoras cosm\u00e9ticas que mejoran tu apariencia.","robots":{"index":"index","follow":"follow","max-snippet":"max-snippet:-1","max-image-preview":"max-image-preview:large","max-video-preview":"max-video-preview:-1"},"canonical":"https:\/\/www.avanceplasticsurgery.com\/es\/procedimientos-cosmeticos-y-de-cirugia\/procedimientos-cosmeticos-corporales\/","og_locale":"es_ES","og_type":"article","og_title":"Reno NV Cirujano pl\u00e1stico de contorno corporal | Cirug\u00eda est\u00e9tica en el lago Tahoe","og_description":"El Dr. Erez Dayan y el Instituto de Cirug\u00eda Pl\u00e1stica Avance ofrecen varios procedimientos cosm\u00e9ticos corporales populares para mejorar la est\u00e9tica. Aumenta tu autoestima y confianza con mejoras cosm\u00e9ticas que mejoran tu apariencia.","og_url":"https:\/\/www.avanceplasticsurgery.com\/es\/procedimientos-cosmeticos-y-de-cirugia\/procedimientos-cosmeticos-corporales\/","og_site_name":"Avance Plastic Surgery","article_modified_time":"2022-04-25T13:05:32+00:00","og_image":[{"width":1920,"height":595,"url":"https:\/\/www.avanceplasticsurgery.com\/wp-content\/uploads\/2022\/01\/body.jpg","type":"image\/jpeg"}],"twitter_card":"summary_large_image","twitter_misc":{"Tiempo de lectura":"2 minutos"},"schema":{"@context":"https:\/\/schema.org","@graph":[{"@type":"WebPage","@id":"https:\/\/www.avanceplasticsurgery.com\/es\/procedimientos-cosmeticos-y-de-cirugia\/procedimientos-cosmeticos-corporales\/","url":"https:\/\/www.avanceplasticsurgery.com\/es\/procedimientos-cosmeticos-y-de-cirugia\/procedimientos-cosmeticos-corporales\/","name":"Reno NV Cirujano pl\u00e1stico de contorno corporal | Cirug\u00eda est\u00e9tica en el lago Tahoe","isPartOf":{"@id":"https:\/\/www.avanceplasticsurgery.com\/es\/#website"},"primaryImageOfPage":{"@id":"https:\/\/www.avanceplasticsurgery.com\/es\/procedimientos-cosmeticos-y-de-cirugia\/procedimientos-cosmeticos-corporales\/#primaryimage"},"image":{"@id":"https:\/\/www.avanceplasticsurgery.com\/es\/procedimientos-cosmeticos-y-de-cirugia\/procedimientos-cosmeticos-corporales\/#primaryimage"},"thumbnailUrl":"https:\/\/www.avanceplasticsurgery.com\/wp-content\/uploads\/2022\/01\/body.jpg","datePublished":"2020-09-11T07:54:31+00:00","dateModified":"2022-04-25T13:05:32+00:00","description":"El Dr. Erez Dayan y el Instituto de Cirug\u00eda Pl\u00e1stica Avance ofrecen varios procedimientos cosm\u00e9ticos corporales populares para mejorar la est\u00e9tica. Aumenta tu autoestima y confianza con mejoras cosm\u00e9ticas que mejoran tu apariencia.","breadcrumb":{"@id":"https:\/\/www.avanceplasticsurgery.com\/es\/procedimientos-cosmeticos-y-de-cirugia\/procedimientos-cosmeticos-corporales\/#breadcrumb"},"inLanguage":"es","potentialAction":[{"@type":"ReadAction","target":["https:\/\/www.avanceplasticsurgery.com\/es\/procedimientos-cosmeticos-y-de-cirugia\/procedimientos-cosmeticos-corporales\/"]}]},{"@type":"ImageObject","inLanguage":"es","@id":"https:\/\/www.avanceplasticsurgery.com\/es\/procedimientos-cosmeticos-y-de-cirugia\/procedimientos-cosmeticos-corporales\/#primaryimage","url":"https:\/\/www.avanceplasticsurgery.com\/wp-content\/uploads\/2022\/01\/body.jpg","contentUrl":"https:\/\/www.avanceplasticsurgery.com\/wp-content\/uploads\/2022\/01\/body.jpg","width":1920,"height":595,"caption":"Un m\u00e9dico con bata blanca y gafas marca con un bol\u00edgrafo unas l\u00edneas en el vientre desnudo de una mujer, indicando la preparaci\u00f3n para una intervenci\u00f3n de cirug\u00eda est\u00e9tica o pl\u00e1stica."},{"@type":"BreadcrumbList","@id":"https:\/\/www.avanceplasticsurgery.com\/es\/procedimientos-cosmeticos-y-de-cirugia\/procedimientos-cosmeticos-corporales\/#breadcrumb","itemListElement":[{"@type":"ListItem","position":1,"name":"Home","item":"https:\/\/www.avanceplasticsurgery.com\/es\/"},{"@type":"ListItem","position":2,"name":"Cosm\u00e9tica","item":"https:\/\/www.avanceplasticsurgery.com\/es\/procedimientos-cosmeticos-y-de-cirugia\/"},{"@type":"ListItem","position":3,"name":"Procedimientos Cosm\u00e9ticos Corporales"}]},{"@type":"WebSite","@id":"https:\/\/www.avanceplasticsurgery.com\/es\/#website","url":"https:\/\/www.avanceplasticsurgery.com\/es\/","name":"Avance Plastic Surgery","description":"","potentialAction":[{"@type":"SearchAction","target":{"@type":"EntryPoint","urlTemplate":"https:\/\/www.avanceplasticsurgery.com\/es\/?s={search_term_string}"},"query-input":{"@type":"PropertyValueSpecification","valueRequired":true,"valueName":"search_term_string"}}],"inLanguage":"es"}]}},"_links":{"self":[{"href":"https:\/\/www.avanceplasticsurgery.com\/es\/wp-json\/wp\/v2\/pages\/8791","targetHints":{"allow":["GET"]}}],"collection":[{"href":"https:\/\/www.avanceplasticsurgery.com\/es\/wp-json\/wp\/v2\/pages"}],"about":[{"href":"https:\/\/www.avanceplasticsurgery.com\/es\/wp-json\/wp\/v2\/types\/page"}],"author":[{"embeddable":true,"href":"https:\/\/www.avanceplasticsurgery.com\/es\/wp-json\/wp\/v2\/users\/1"}],"replies":[{"embeddable":true,"href":"https:\/\/www.avanceplasticsurgery.com\/es\/wp-json\/wp\/v2\/comments?post=8791"}],"version-history":[{"count":2,"href":"https:\/\/www.avanceplasticsurgery.com\/es\/wp-json\/wp\/v2\/pages\/8791\/revisions"}],"predecessor-version":[{"id":9339,"href":"https:\/\/www.avanceplasticsurgery.com\/es\/wp-json\/wp\/v2\/pages\/8791\/revisions\/9339"}],"up":[{"embeddable":true,"href":"https:\/\/www.avanceplasticsurgery.com\/es\/wp-json\/wp\/v2\/pages\/8804"}],"wp:featuredmedia":[{"embeddable":true,"href":"https:\/\/www.avanceplasticsurgery.com\/es\/wp-json\/wp\/v2\/media\/8574"}],"wp:attachment":[{"href":"https:\/\/www.avanceplasticsurgery.com\/es\/wp-json\/wp\/v2\/media?parent=8791"}],"curies":[{"name":"wp","href":"https:\/\/api.w.org\/{rel}","templated":true}]}}