{"id":8804,"date":"2017-08-29T07:46:07","date_gmt":"2017-08-29T07:46:07","guid":{"rendered":"https:\/\/www.avanceplasticsurgery.com\/procedimientos-cosmeticos-y-de-cirugia\/"},"modified":"2022-04-25T10:31:36","modified_gmt":"2022-04-25T10:31:36","slug":"procedimientos-cosmeticos-y-de-cirugia","status":"publish","type":"page","link":"https:\/\/www.avanceplasticsurgery.com\/es\/procedimientos-cosmeticos-y-de-cirugia\/","title":{"rendered":"Cosm\u00e9tica"},"content":{"rendered":"<h1 class=\"underlined-header uppercased\" style=\"text-align: center;\">Procedimientos Cosm\u00e9ticos y de Cirug\u00eda<\/h1>\n<p>Muchas personas no est\u00e1n complacidas o satisfechas con su apariencia. De hecho, casi todo el mundo probablemente desear\u00eda poder cambiar alg\u00fan aspecto de su rostro o cuerpo. Con los modernos procedimientos quir\u00fargicos y est\u00e9ticos, puede hacerlo. En <a title=\"Reno NV Cirug\u00eda Pl\u00e1stica Facial\" href=\"https:\/\/www.avanceplasticsurgery.com\/es\/\">Avance Plastic Surgery Institute<\/a> , el Dr. Erez Dayan es un cirujano pl\u00e1stico est\u00e9tico y reconstructivo con un toque art\u00edstico. Ofrece numerosos procedimientos de cirug\u00eda pl\u00e1stica cosm\u00e9tica y reconstructiva en nuestro centro de cirug\u00eda en Reno\/Tahoe, NV.<\/p>\n<p>El Dr. Dayan es investigador e investigador que trabaja con empresas de est\u00e9tica en la prueba y evaluaci\u00f3n de nuevos dispositivos m\u00e9dicos para su uso en el mercado. Est\u00e1 al d\u00eda con las \u00faltimas tecnolog\u00edas y procedimientos que pueden transformar los deseos est\u00e9ticos de un paciente en realidad. Muchos de los tratamientos y procedimientos m\u00e1s nuevos requieren menos tiempo de inactividad, incisiones m\u00e1s peque\u00f1as y una recuperaci\u00f3n m\u00e1s r\u00e1pida que nunca. Nunca ha habido un mejor momento para considerar los procedimientos quir\u00fargicos y est\u00e9ticos que ahora, y no hay mejor lugar que el Instituto de Cirug\u00eda Pl\u00e1stica Avance.<\/p>\n<h2>Mejore su mejor yo en Reno, NV<\/h2>\n<p>Independientemente de sus motivaciones para desear el cambio, lograr ese cambio es posible. Avance Plastic Surgery Institute ofrece una amplia variedad de tratamientos est\u00e9ticos y procedimientos cosm\u00e9ticos para ayudarlo a mostrar lo mejor de s\u00ed mismo al mundo. Ya sea que tenga un peque\u00f1o defecto, algunas l\u00edneas y arrugas molestas o necesite un cambio de imagen corporal, el Dr. Erez Dayan y su equipo tienen opciones para usted. Estos pueden incluir:<\/p>\n\n\t\t<div class=\"position-relative\">\n\t\t\t<a href=\"#\" class=\"btn-skip-nav sr-only sr-only-focusable position-absolute btn btn-primary\">Omitir navegaci\u00f3n<\/a>\n\t\t\t<nav aria-label=\"men\u00fa lateral\">\n\t\t\t\t<ul class=\"customlist flc-sidemenu procedures-shortcode procedures-list\">\n\t\t\t\t\t\t\t\t<\/ul>\n\t\t\t<\/nav>\n\t\t<\/div>\n\n\t\n<p>Cada uno de estos procedimientos o cirug\u00edas est\u00e1 dise\u00f1ado para satisfacer sus necesidades \u00fanicas y producir la apariencia que desea. El Dr. Dayan puede explicarle m\u00e1s sobre cada opci\u00f3n que le interese durante una consulta privada. Tambi\u00e9n le explicar\u00e1 los riesgos, beneficios y qu\u00e9 esperar antes y despu\u00e9s de cada procedimiento.<\/p>\n<p>Usted est\u00e1 en las mejores manos cuando viene al Dr. Dayan y al Instituto de Cirug\u00eda Pl\u00e1stica Avance para tratamientos est\u00e9ticos y procedimientos de cirug\u00eda cosm\u00e9tica y reconstructiva. <a title=\"P\u00f3ngase en contacto con el Instituto de Cirug\u00eda Pl\u00e1stica Avance en Reno NV\" href=\"https:\/\/www.avanceplasticsurgery.com\/es\/contactenos\/\">P\u00f3ngase en contacto con nuestra oficina de Reno\/Tahoe<\/a> hoy y hable con un miembro del equipo para programar una consulta confidencial.<\/p>\n<p>El Dr. Erez Dayan ha realizado una extensa investigaci\u00f3n sobre suplementos en cirug\u00eda pl\u00e1stica. Lea m\u00e1s sobre la investigaci\u00f3n de Suplementos en Cirug\u00eda Pl\u00e1stica del <a href=\"https:\/\/www.avanceplasticsurgery.com\/es\/acerca-de\/investigar\/#supplements\">Dr. Dayan aqu\u00ed.<\/a><\/p>\n","protected":false},"excerpt":{"rendered":"<p>Procedimientos Cosm\u00e9ticos y de Cirug\u00eda Muchas personas no est\u00e1n complacidas o satisfechas con su apariencia. De hecho, casi todo&hellip;<\/p>\n","protected":false},"author":1,"featured_media":0,"parent":0,"menu_order":0,"comment_status":"closed","ping_status":"closed","template":"template-fullwidth.php","meta":{"_acf_changed":false,"footnotes":""},"class_list":["post-8804","page","type-page","status-publish"],"acf":[],"yoast_head":"<!-- This site is optimized with the Yoast SEO plugin v27.3 - https:\/\/yoast.com\/product\/yoast-seo-wordpress\/ -->\n<title>Reno NV Cirug\u00eda Est\u00e9tica Facial | Cirujano pl\u00e1stico facial del lago Tahoe<\/title>\n<meta name=\"description\" content=\"El Instituto de Cirug\u00eda Pl\u00e1stica Avance ofrece numerosos procedimientos quir\u00fargicos y est\u00e9ticos para ayudarlo a mostrar lo mejor de s\u00ed mismo de la mano del renombrado cirujano pl\u00e1stico Dr. Erez Dayan. Llame a nuestra oficina de Reno, NV, hoy para programar su procedimiento cosm\u00e9tico o consulta de cirug\u00eda pl\u00e1stica.\" \/>\n<meta name=\"robots\" content=\"index, follow, max-snippet:-1, max-image-preview:large, max-video-preview:-1\" \/>\n<link rel=\"canonical\" href=\"https:\/\/www.avanceplasticsurgery.com\/es\/procedimientos-cosmeticos-y-de-cirugia\/\" \/>\n<meta property=\"og:locale\" content=\"es_ES\" \/>\n<meta property=\"og:type\" content=\"article\" \/>\n<meta property=\"og:title\" content=\"Reno NV Cirug\u00eda Est\u00e9tica Facial | Cirujano pl\u00e1stico facial del lago Tahoe\" \/>\n<meta property=\"og:description\" content=\"El Instituto de Cirug\u00eda Pl\u00e1stica Avance ofrece numerosos procedimientos quir\u00fargicos y est\u00e9ticos para ayudarlo a mostrar lo mejor de s\u00ed mismo de la mano del renombrado cirujano pl\u00e1stico Dr. Erez Dayan. Llame a nuestra oficina de Reno, NV, hoy para programar su procedimiento cosm\u00e9tico o consulta de cirug\u00eda pl\u00e1stica.\" \/>\n<meta property=\"og:url\" content=\"https:\/\/www.avanceplasticsurgery.com\/es\/procedimientos-cosmeticos-y-de-cirugia\/\" \/>\n<meta property=\"og:site_name\" content=\"Avance Plastic Surgery\" \/>\n<meta property=\"article:modified_time\" content=\"2022-04-25T10:31:36+00:00\" \/>\n<meta name=\"twitter:card\" content=\"summary_large_image\" \/>\n<meta name=\"twitter:label1\" content=\"Tiempo de lectura\" \/>\n\t<meta name=\"twitter:data1\" content=\"2 minutos\" \/>\n<!-- \/ Yoast SEO plugin. -->","yoast_head_json":{"title":"Reno NV Cirug\u00eda Est\u00e9tica Facial | Cirujano pl\u00e1stico facial del lago Tahoe","description":"El Instituto de Cirug\u00eda Pl\u00e1stica Avance ofrece numerosos procedimientos quir\u00fargicos y est\u00e9ticos para ayudarlo a mostrar lo mejor de s\u00ed mismo de la mano del renombrado cirujano pl\u00e1stico Dr. Erez Dayan. Llame a nuestra oficina de Reno, NV, hoy para programar su procedimiento cosm\u00e9tico o consulta de cirug\u00eda pl\u00e1stica.","robots":{"index":"index","follow":"follow","max-snippet":"max-snippet:-1","max-image-preview":"max-image-preview:large","max-video-preview":"max-video-preview:-1"},"canonical":"https:\/\/www.avanceplasticsurgery.com\/es\/procedimientos-cosmeticos-y-de-cirugia\/","og_locale":"es_ES","og_type":"article","og_title":"Reno NV Cirug\u00eda Est\u00e9tica Facial | Cirujano pl\u00e1stico facial del lago Tahoe","og_description":"El Instituto de Cirug\u00eda Pl\u00e1stica Avance ofrece numerosos procedimientos quir\u00fargicos y est\u00e9ticos para ayudarlo a mostrar lo mejor de s\u00ed mismo de la mano del renombrado cirujano pl\u00e1stico Dr. Erez Dayan. Llame a nuestra oficina de Reno, NV, hoy para programar su procedimiento cosm\u00e9tico o consulta de cirug\u00eda pl\u00e1stica.","og_url":"https:\/\/www.avanceplasticsurgery.com\/es\/procedimientos-cosmeticos-y-de-cirugia\/","og_site_name":"Avance Plastic Surgery","article_modified_time":"2022-04-25T10:31:36+00:00","twitter_card":"summary_large_image","twitter_misc":{"Tiempo de lectura":"2 minutos"},"schema":{"@context":"https:\/\/schema.org","@graph":[{"@type":"WebPage","@id":"https:\/\/www.avanceplasticsurgery.com\/es\/procedimientos-cosmeticos-y-de-cirugia\/","url":"https:\/\/www.avanceplasticsurgery.com\/es\/procedimientos-cosmeticos-y-de-cirugia\/","name":"Reno NV Cirug\u00eda Est\u00e9tica Facial | Cirujano pl\u00e1stico facial del lago Tahoe","isPartOf":{"@id":"https:\/\/www.avanceplasticsurgery.com\/es\/#website"},"datePublished":"2017-08-29T07:46:07+00:00","dateModified":"2022-04-25T10:31:36+00:00","description":"El Instituto de Cirug\u00eda Pl\u00e1stica Avance ofrece numerosos procedimientos quir\u00fargicos y est\u00e9ticos para ayudarlo a mostrar lo mejor de s\u00ed mismo de la mano del renombrado cirujano pl\u00e1stico Dr. Erez Dayan. Llame a nuestra oficina de Reno, NV, hoy para programar su procedimiento cosm\u00e9tico o consulta de cirug\u00eda pl\u00e1stica.","breadcrumb":{"@id":"https:\/\/www.avanceplasticsurgery.com\/es\/procedimientos-cosmeticos-y-de-cirugia\/#breadcrumb"},"inLanguage":"es","potentialAction":[{"@type":"ReadAction","target":["https:\/\/www.avanceplasticsurgery.com\/es\/procedimientos-cosmeticos-y-de-cirugia\/"]}]},{"@type":"BreadcrumbList","@id":"https:\/\/www.avanceplasticsurgery.com\/es\/procedimientos-cosmeticos-y-de-cirugia\/#breadcrumb","itemListElement":[{"@type":"ListItem","position":1,"name":"Home","item":"https:\/\/www.avanceplasticsurgery.com\/es\/"},{"@type":"ListItem","position":2,"name":"Cosm\u00e9tica"}]},{"@type":"WebSite","@id":"https:\/\/www.avanceplasticsurgery.com\/es\/#website","url":"https:\/\/www.avanceplasticsurgery.com\/es\/","name":"Avance Plastic Surgery","description":"","potentialAction":[{"@type":"SearchAction","target":{"@type":"EntryPoint","urlTemplate":"https:\/\/www.avanceplasticsurgery.com\/es\/?s={search_term_string}"},"query-input":{"@type":"PropertyValueSpecification","valueRequired":true,"valueName":"search_term_string"}}],"inLanguage":"es"}]}},"_links":{"self":[{"href":"https:\/\/www.avanceplasticsurgery.com\/es\/wp-json\/wp\/v2\/pages\/8804","targetHints":{"allow":["GET"]}}],"collection":[{"href":"https:\/\/www.avanceplasticsurgery.com\/es\/wp-json\/wp\/v2\/pages"}],"about":[{"href":"https:\/\/www.avanceplasticsurgery.com\/es\/wp-json\/wp\/v2\/types\/page"}],"author":[{"embeddable":true,"href":"https:\/\/www.avanceplasticsurgery.com\/es\/wp-json\/wp\/v2\/users\/1"}],"replies":[{"embeddable":true,"href":"https:\/\/www.avanceplasticsurgery.com\/es\/wp-json\/wp\/v2\/comments?post=8804"}],"version-history":[{"count":1,"href":"https:\/\/www.avanceplasticsurgery.com\/es\/wp-json\/wp\/v2\/pages\/8804\/revisions"}],"predecessor-version":[{"id":9138,"href":"https:\/\/www.avanceplasticsurgery.com\/es\/wp-json\/wp\/v2\/pages\/8804\/revisions\/9138"}],"wp:attachment":[{"href":"https:\/\/www.avanceplasticsurgery.com\/es\/wp-json\/wp\/v2\/media?parent=8804"}],"curies":[{"name":"wp","href":"https:\/\/api.w.org\/{rel}","templated":true}]}}