{"id":8806,"date":"2020-09-15T19:12:25","date_gmt":"2020-09-15T19:12:25","guid":{"rendered":"https:\/\/www.avanceplasticsurgery.com\/procedimientos-cosmeticos-corporales\/abdominoplastia-abdominoplastia\/lipectomia-de-cinturon\/"},"modified":"2020-09-15T19:12:25","modified_gmt":"2020-09-15T19:12:25","slug":"lipectomia-de-cinturon","status":"publish","type":"page","link":"https:\/\/www.avanceplasticsurgery.com\/es\/procedimientos-cosmeticos-y-de-cirugia\/procedimientos-cosmeticos-corporales\/abdominoplastia-tummy-tuck\/lipectomia-de-cinturon\/","title":{"rendered":"Lipectomia de cinturon"},"content":{"rendered":"<h1>Lipectomia de cinturon<\/h1>\n<p>Un <a title=\"Reno NV Cirug\u00eda Pl\u00e1stica Abdominoplastia\" href=\"https:\/\/www.avanceplasticsurgery.com\/es\/procedimientos-cosmeticos-y-de-cirugia\/procedimientos-cosmeticos-corporales\/abdominoplastia-tummy-tuck\/\">abdomen firme, firme y tonificado<\/a> es una caracter\u00edstica atractiva, pero notoriamente dif\u00edcil de lograr y mantener. A medida que envejecemos, la gravedad y el proceso de envejecimiento se combinan para hacer que esta \u00e1rea se hunda. Agregue exceso de peso y la piel se puede estirar a\u00fan m\u00e1s. Despu\u00e9s de una gran p\u00e9rdida de peso, esta zona puede ser especialmente problem\u00e1tica, ya que permanece estirada y colgando. El Dr. Erez Dayan del Instituto de Cirug\u00eda Pl\u00e1stica Avance puede realizar una lipectom\u00eda de cintur\u00f3n para remediar este problema.<\/p>\n<p>Una lipectom\u00eda de cintur\u00f3n es un tipo de cirug\u00eda abdominal para eliminar la piel suelta y la grasa alrededor de la cintura o \u00abl\u00ednea del cintur\u00f3n\u00bb. Tambi\u00e9n se llama lipectom\u00eda abdominal y a menudo se incluye en un procedimiento de abdominoplastia o cambio de imagen de mam\u00e1. Esta cirug\u00eda es ideal para aquellos que han perdido una gran cantidad de peso como parte de un plan general de dieta y ejercicio o despu\u00e9s de someterse a una cirug\u00eda para perder peso.<\/p>\n<h2>Estiramiento corporal del tronco<\/h2>\n<p>Tambi\u00e9n conocido como estiramiento corporal del tronco, una lipectom\u00eda con cintur\u00f3n implica expandir el procedimiento est\u00e1ndar de abdominoplastia al extender la incisi\u00f3n alrededor de la circunferencia de la cintura posterior sobre las nalgas superiores. De esta forma se puede eliminar el exceso de piel y grasa de esta zona as\u00ed como de la regi\u00f3n anterior (frontal) del abdomen para lograr un equilibrio est\u00e9tico.<\/p>\n<p>El Dr. Dayan tambi\u00e9n puede incluir procedimientos para contornear a\u00fan m\u00e1s los gl\u00fateos si es necesario, como parte de su plan de cirug\u00eda est\u00e9tica personalizado. Una lipectom\u00eda de cintur\u00f3n puede agregar algo de tiempo de recuperaci\u00f3n a su cirug\u00eda debido a la incisi\u00f3n que llega m\u00e1s lejos alrededor de las caderas. Discutir\u00e1 estas opciones y decidir\u00e1 un curso de acci\u00f3n antes de la cirug\u00eda en una consulta confidencial con el Dr. Dayan.<\/p>\n<p><a title=\"P\u00f3ngase en contacto con el Instituto de Cirug\u00eda Pl\u00e1stica Avance en Reno NV\" href=\"https:\/\/www.avanceplasticsurgery.com\/es\/contactenos\/\">Comun\u00edquese hoy mismo con la oficina de Reno\/Tahoe del Instituto de Cirug\u00eda Pl\u00e1stica Avance<\/a> para obtener informaci\u00f3n sobre una lipectom\u00eda de cintur\u00f3n o un estiramiento corporal del tronco del Dr. Dayan y programe su consulta.<\/p>\n<h3>Programa de mantenimiento<\/h3>\n<p>El <a href=\"https:\/\/www.avanceplasticsurgery.com\/es\/acerca-de\/programa-de-mantenimiento\/\">programa de mantenimiento<\/a> en Avance Plastic Surgery Institute est\u00e1 dise\u00f1ado para ofrecer a los pacientes una forma conveniente de continuar viendo los beneficios de nuestros tratamientos durante el mayor tiempo posible.<\/p>\n<p>Para mantener los resultados de los procedimientos de contorno corporal, recomendamos tratamientos no invasivos y m\u00ednimamente invasivos con los siguientes dispositivos:<\/p>\n<ul>\n<li>Forma Body (InMode)<\/li>\n<li>Morpheus 8 Body (InMode)<\/li>\n<li>Evolve<\/li>\n<\/ul>\n","protected":false},"excerpt":{"rendered":"<p>Lipectomia de cinturon Un abdomen firme, firme y tonificado es una caracter\u00edstica atractiva, pero notoriamente dif\u00edcil de lograr y&hellip;<\/p>\n","protected":false},"author":1,"featured_media":0,"parent":8805,"menu_order":0,"comment_status":"closed","ping_status":"closed","template":"","meta":{"_acf_changed":false,"footnotes":""},"class_list":["post-8806","page","type-page","status-publish"],"acf":[],"yoast_head":"<!-- This site is optimized with the Yoast SEO plugin v27.4 - https:\/\/yoast.com\/product\/yoast-seo-wordpress\/ -->\n<title>Lipectom\u00eda de cintur\u00f3n Reno NV | Estiramiento corporal del tronco del lago Tahoe<\/title>\n<meta name=\"description\" content=\"Una lipectom\u00eda de cintur\u00f3n, o estiramiento corporal del tronco, elimina el exceso de piel y grasa alrededor de la parte inferior del abdomen, a menudo como parte de un procedimiento quir\u00fargico de abdominoplastia o cambio de imagen de mam\u00e1. El Dr. Dayan ofrece esta cirug\u00eda en el Avance Plastic Surgery Institute en Reno, Nevada.\" \/>\n<meta name=\"robots\" content=\"index, follow, max-snippet:-1, max-image-preview:large, max-video-preview:-1\" \/>\n<link rel=\"canonical\" href=\"https:\/\/www.avanceplasticsurgery.com\/es\/procedimientos-cosmeticos-y-de-cirugia\/procedimientos-cosmeticos-corporales\/abdominoplastia-tummy-tuck\/lipectomia-de-cinturon\/\" \/>\n<meta property=\"og:locale\" content=\"es_ES\" \/>\n<meta property=\"og:type\" content=\"article\" \/>\n<meta property=\"og:title\" content=\"Lipectom\u00eda de cintur\u00f3n Reno NV | Estiramiento corporal del tronco del lago Tahoe\" \/>\n<meta property=\"og:description\" content=\"Una lipectom\u00eda de cintur\u00f3n, o estiramiento corporal del tronco, elimina el exceso de piel y grasa alrededor de la parte inferior del abdomen, a menudo como parte de un procedimiento quir\u00fargico de abdominoplastia o cambio de imagen de mam\u00e1. El Dr. Dayan ofrece esta cirug\u00eda en el Avance Plastic Surgery Institute en Reno, Nevada.\" \/>\n<meta property=\"og:url\" content=\"https:\/\/www.avanceplasticsurgery.com\/es\/procedimientos-cosmeticos-y-de-cirugia\/procedimientos-cosmeticos-corporales\/abdominoplastia-tummy-tuck\/lipectomia-de-cinturon\/\" \/>\n<meta property=\"og:site_name\" content=\"Avance Plastic Surgery\" \/>\n<meta name=\"twitter:card\" content=\"summary_large_image\" \/>\n<meta name=\"twitter:label1\" content=\"Tiempo de lectura\" \/>\n\t<meta name=\"twitter:data1\" content=\"2 minutos\" \/>\n<!-- \/ Yoast SEO plugin. -->","yoast_head_json":{"title":"Lipectom\u00eda de cintur\u00f3n Reno NV | Estiramiento corporal del tronco del lago Tahoe","description":"Una lipectom\u00eda de cintur\u00f3n, o estiramiento corporal del tronco, elimina el exceso de piel y grasa alrededor de la parte inferior del abdomen, a menudo como parte de un procedimiento quir\u00fargico de abdominoplastia o cambio de imagen de mam\u00e1. El Dr. Dayan ofrece esta cirug\u00eda en el Avance Plastic Surgery Institute en Reno, Nevada.","robots":{"index":"index","follow":"follow","max-snippet":"max-snippet:-1","max-image-preview":"max-image-preview:large","max-video-preview":"max-video-preview:-1"},"canonical":"https:\/\/www.avanceplasticsurgery.com\/es\/procedimientos-cosmeticos-y-de-cirugia\/procedimientos-cosmeticos-corporales\/abdominoplastia-tummy-tuck\/lipectomia-de-cinturon\/","og_locale":"es_ES","og_type":"article","og_title":"Lipectom\u00eda de cintur\u00f3n Reno NV | Estiramiento corporal del tronco del lago Tahoe","og_description":"Una lipectom\u00eda de cintur\u00f3n, o estiramiento corporal del tronco, elimina el exceso de piel y grasa alrededor de la parte inferior del abdomen, a menudo como parte de un procedimiento quir\u00fargico de abdominoplastia o cambio de imagen de mam\u00e1. El Dr. Dayan ofrece esta cirug\u00eda en el Avance Plastic Surgery Institute en Reno, Nevada.","og_url":"https:\/\/www.avanceplasticsurgery.com\/es\/procedimientos-cosmeticos-y-de-cirugia\/procedimientos-cosmeticos-corporales\/abdominoplastia-tummy-tuck\/lipectomia-de-cinturon\/","og_site_name":"Avance Plastic Surgery","twitter_card":"summary_large_image","twitter_misc":{"Tiempo de lectura":"2 minutos"},"schema":{"@context":"https:\/\/schema.org","@graph":[{"@type":"WebPage","@id":"https:\/\/www.avanceplasticsurgery.com\/es\/procedimientos-cosmeticos-y-de-cirugia\/procedimientos-cosmeticos-corporales\/abdominoplastia-tummy-tuck\/lipectomia-de-cinturon\/","url":"https:\/\/www.avanceplasticsurgery.com\/es\/procedimientos-cosmeticos-y-de-cirugia\/procedimientos-cosmeticos-corporales\/abdominoplastia-tummy-tuck\/lipectomia-de-cinturon\/","name":"Lipectom\u00eda de cintur\u00f3n Reno NV | Estiramiento corporal del tronco del lago Tahoe","isPartOf":{"@id":"https:\/\/www.avanceplasticsurgery.com\/es\/#website"},"datePublished":"2020-09-15T19:12:25+00:00","description":"Una lipectom\u00eda de cintur\u00f3n, o estiramiento corporal del tronco, elimina el exceso de piel y grasa alrededor de la parte inferior del abdomen, a menudo como parte de un procedimiento quir\u00fargico de abdominoplastia o cambio de imagen de mam\u00e1. El Dr. Dayan ofrece esta cirug\u00eda en el Avance Plastic Surgery Institute en Reno, Nevada.","breadcrumb":{"@id":"https:\/\/www.avanceplasticsurgery.com\/es\/procedimientos-cosmeticos-y-de-cirugia\/procedimientos-cosmeticos-corporales\/abdominoplastia-tummy-tuck\/lipectomia-de-cinturon\/#breadcrumb"},"inLanguage":"es","potentialAction":[{"@type":"ReadAction","target":["https:\/\/www.avanceplasticsurgery.com\/es\/procedimientos-cosmeticos-y-de-cirugia\/procedimientos-cosmeticos-corporales\/abdominoplastia-tummy-tuck\/lipectomia-de-cinturon\/"]}]},{"@type":"BreadcrumbList","@id":"https:\/\/www.avanceplasticsurgery.com\/es\/procedimientos-cosmeticos-y-de-cirugia\/procedimientos-cosmeticos-corporales\/abdominoplastia-tummy-tuck\/lipectomia-de-cinturon\/#breadcrumb","itemListElement":[{"@type":"ListItem","position":1,"name":"Home","item":"https:\/\/www.avanceplasticsurgery.com\/es\/"},{"@type":"ListItem","position":2,"name":"Cosm\u00e9tica","item":"https:\/\/www.avanceplasticsurgery.com\/es\/procedimientos-cosmeticos-y-de-cirugia\/"},{"@type":"ListItem","position":3,"name":"Procedimientos Cosm\u00e9ticos Corporales","item":"https:\/\/www.avanceplasticsurgery.com\/es\/procedimientos-cosmeticos-y-de-cirugia\/procedimientos-cosmeticos-corporales\/"},{"@type":"ListItem","position":4,"name":"Abdominoplastia \/ Tummy Tuck","item":"https:\/\/www.avanceplasticsurgery.com\/es\/procedimientos-cosmeticos-y-de-cirugia\/procedimientos-cosmeticos-corporales\/abdominoplastia-tummy-tuck\/"},{"@type":"ListItem","position":5,"name":"Lipectomia de cinturon"}]},{"@type":"WebSite","@id":"https:\/\/www.avanceplasticsurgery.com\/es\/#website","url":"https:\/\/www.avanceplasticsurgery.com\/es\/","name":"Avance Plastic Surgery","description":"","potentialAction":[{"@type":"SearchAction","target":{"@type":"EntryPoint","urlTemplate":"https:\/\/www.avanceplasticsurgery.com\/es\/?s={search_term_string}"},"query-input":{"@type":"PropertyValueSpecification","valueRequired":true,"valueName":"search_term_string"}}],"inLanguage":"es"}]}},"_links":{"self":[{"href":"https:\/\/www.avanceplasticsurgery.com\/es\/wp-json\/wp\/v2\/pages\/8806","targetHints":{"allow":["GET"]}}],"collection":[{"href":"https:\/\/www.avanceplasticsurgery.com\/es\/wp-json\/wp\/v2\/pages"}],"about":[{"href":"https:\/\/www.avanceplasticsurgery.com\/es\/wp-json\/wp\/v2\/types\/page"}],"author":[{"embeddable":true,"href":"https:\/\/www.avanceplasticsurgery.com\/es\/wp-json\/wp\/v2\/users\/1"}],"replies":[{"embeddable":true,"href":"https:\/\/www.avanceplasticsurgery.com\/es\/wp-json\/wp\/v2\/comments?post=8806"}],"version-history":[{"count":0,"href":"https:\/\/www.avanceplasticsurgery.com\/es\/wp-json\/wp\/v2\/pages\/8806\/revisions"}],"up":[{"embeddable":true,"href":"https:\/\/www.avanceplasticsurgery.com\/es\/wp-json\/wp\/v2\/pages\/8805"}],"wp:attachment":[{"href":"https:\/\/www.avanceplasticsurgery.com\/es\/wp-json\/wp\/v2\/media?parent=8806"}],"curies":[{"name":"wp","href":"https:\/\/api.w.org\/{rel}","templated":true}]}}