{"id":8808,"date":"2020-09-11T07:54:51","date_gmt":"2020-09-11T07:54:51","guid":{"rendered":"https:\/\/www.avanceplasticsurgery.com\/procedimientos-cosmeticos-y-de-cirugia\/procedimientos-cosmeticos-corporales\/levantamiento-de-brazos\/"},"modified":"2024-09-04T12:36:24","modified_gmt":"2024-09-04T12:36:24","slug":"levantamiento-de-brazos","status":"publish","type":"page","link":"https:\/\/www.avanceplasticsurgery.com\/es\/procedimientos-cosmeticos-y-de-cirugia\/procedimientos-cosmeticos-corporales\/levantamiento-de-brazos\/","title":{"rendered":"Levantamiento de brazos"},"content":{"rendered":"<h1>Levantamiento de brazos\/braquioplastia en Reno\/Tahoe, Nevada<\/h1>\n<p>A medida que envejecemos, la piel y los tejidos blandos de todo el cuerpo desarrollan cada vez m\u00e1s laxitud debido a la gravedad y la p\u00e9rdida de elasticidad de la piel. Esto es particularmente cierto en la parte superior de los brazos, donde la laxitud de la piel puede provocar una apariencia ca\u00edda y sin forma. Una braquioplastia, o estiramiento de brazos, es un <a title=\"Reno NV Cirujano pl\u00e1stico de contorno corporal\" href=\"https:\/\/www.avanceplasticsurgery.com\/es\/procedimientos-cosmeticos-y-de-cirugia\/procedimientos-cosmeticos-corporales\/\">procedimiento quir\u00fargico de contorno corporal<\/a> que puede esculpir, rejuvenecer y refrescar la parte superior del brazo, para que pueda volver a disfrutar vistiendo ropa sin mangas, trajes de ba\u00f1o y trajes de noche.<\/p>\n<div class=\"row\">\n<div class=\"col-md-6\"><button class=\"flc-yt lazyload\" data-id=\"s8GCcg6T--Q\" data-title=\"Arm Lift With Liposuction Before And After | Avance Plastic Surgery Institute: Dr. Erez Dayan | Reno\" data-bg=\"https:\/\/i.ytimg.com\/vi\/s8GCcg6T--Q\/hqdefault.jpg\" aria-label=\"Play video Arm Lift With Liposuction Before And After | Avance Plastic Surgery Institute: Dr. Erez Dayan | Reno\">  <div class=\"flc-yt__title\">Arm Lift With Liposuction Before And After | Avance Plastic Surgery Institute: Dr. Erez Dayan | Reno<\/div>  <span class=\"flc-yt__play\">    <svg viewBox=\"0 0 68 48\" xmlns=\"http:\/\/www.w3.org\/2000\/svg\" aria-hidden=\"true\"><path d=\"M66.5 7.8A8.5 8.5 0 0 0 60.6 2C55.3.5 34 .5 34 .5S12.7.5 7.4 2A8.5 8.5 0 0 0 1.5 7.8C0 13.1 0 24 0 24s0 10.9 1.5 16.2A8.5 8.5 0 0 0 7.4 46C12.7 47.5 34 47.5 34 47.5s21.3 0 26.6-1.5a8.5 8.5 0 0 0 5.9-5.8C68 34.9 68 24 68 24s0-10.9-1.5-16.2Z\" fill=\"#f00\"\/><path d=\"M27 34l18-10-18-10v20Z\" fill=\"#fff\"\/><\/svg>  <\/span><\/button><\/div>\n<div class=\"col-md-6\"><button class=\"flc-yt lazyload\" data-id=\"i1Ww-3BKzig\" data-title=\"Pain Control After Surgical Procedures | Avance Plastic Surgery: Dr. Erez Dayan | Reno, Tahoe, NV\" data-bg=\"https:\/\/i.ytimg.com\/vi\/i1Ww-3BKzig\/hqdefault.jpg\" aria-label=\"Play video Pain Control After Surgical Procedures | Avance Plastic Surgery: Dr. Erez Dayan | Reno, Tahoe, NV\">  <div class=\"flc-yt__title\">Pain Control After Surgical Procedures | Avance Plastic Surgery: Dr. Erez Dayan | Reno, Tahoe, NV<\/div>  <span class=\"flc-yt__play\">    <svg viewBox=\"0 0 68 48\" xmlns=\"http:\/\/www.w3.org\/2000\/svg\" aria-hidden=\"true\"><path d=\"M66.5 7.8A8.5 8.5 0 0 0 60.6 2C55.3.5 34 .5 34 .5S12.7.5 7.4 2A8.5 8.5 0 0 0 1.5 7.8C0 13.1 0 24 0 24s0 10.9 1.5 16.2A8.5 8.5 0 0 0 7.4 46C12.7 47.5 34 47.5 34 47.5s21.3 0 26.6-1.5a8.5 8.5 0 0 0 5.9-5.8C68 34.9 68 24 68 24s0-10.9-1.5-16.2Z\" fill=\"#f00\"\/><path d=\"M27 34l18-10-18-10v20Z\" fill=\"#fff\"\/><\/svg>  <\/span><\/button><\/div>\n<div class=\"col-md-6\"><button class=\"flc-yt lazyload\" data-id=\"dZFzqzPfib4\" data-title=\"Arm Lift - Dr. Erez Dayan, Avance Plastic Surgery\" data-bg=\"https:\/\/i.ytimg.com\/vi\/dZFzqzPfib4\/hqdefault.jpg\" aria-label=\"Play video Arm Lift - Dr. Erez Dayan, Avance Plastic Surgery\">  <div class=\"flc-yt__title\">Arm Lift - Dr. Erez Dayan, Avance Plastic Surgery<\/div>  <span class=\"flc-yt__play\">    <svg viewBox=\"0 0 68 48\" xmlns=\"http:\/\/www.w3.org\/2000\/svg\" aria-hidden=\"true\"><path d=\"M66.5 7.8A8.5 8.5 0 0 0 60.6 2C55.3.5 34 .5 34 .5S12.7.5 7.4 2A8.5 8.5 0 0 0 1.5 7.8C0 13.1 0 24 0 24s0 10.9 1.5 16.2A8.5 8.5 0 0 0 7.4 46C12.7 47.5 34 47.5 34 47.5s21.3 0 26.6-1.5a8.5 8.5 0 0 0 5.9-5.8C68 34.9 68 24 68 24s0-10.9-1.5-16.2Z\" fill=\"#f00\"\/><path d=\"M27 34l18-10-18-10v20Z\" fill=\"#fff\"\/><\/svg>  <\/span><\/button><\/div>\n<div class=\"col-md-6\"><button class=\"flc-yt lazyload\" data-id=\"cSc9h5s-tIQ\" data-title=\"Brachioplasty (Arm Lift) Before and After\" data-bg=\"https:\/\/i.ytimg.com\/vi\/cSc9h5s-tIQ\/hqdefault.jpg\" aria-label=\"Play video Brachioplasty (Arm Lift) Before and After\">  <div class=\"flc-yt__title\">Brachioplasty (Arm Lift) Before and After<\/div>  <span class=\"flc-yt__play\">    <svg viewBox=\"0 0 68 48\" xmlns=\"http:\/\/www.w3.org\/2000\/svg\" aria-hidden=\"true\"><path d=\"M66.5 7.8A8.5 8.5 0 0 0 60.6 2C55.3.5 34 .5 34 .5S12.7.5 7.4 2A8.5 8.5 0 0 0 1.5 7.8C0 13.1 0 24 0 24s0 10.9 1.5 16.2A8.5 8.5 0 0 0 7.4 46C12.7 47.5 34 47.5 34 47.5s21.3 0 26.6-1.5a8.5 8.5 0 0 0 5.9-5.8C68 34.9 68 24 68 24s0-10.9-1.5-16.2Z\" fill=\"#f00\"\/><path d=\"M27 34l18-10-18-10v20Z\" fill=\"#fff\"\/><\/svg>  <\/span><\/button><\/div>\n<div class=\"col-md-6\"><button class=\"flc-yt lazyload\" data-id=\"WafVzjHx_Mw\" data-title=\"Body Lift | Dr. Erez Dayan | Avance Plastic Surgery\" data-bg=\"https:\/\/i.ytimg.com\/vi\/WafVzjHx_Mw\/hqdefault.jpg\" aria-label=\"Play video Body Lift | Dr. Erez Dayan | Avance Plastic Surgery\">  <div class=\"flc-yt__title\">Body Lift | Dr. Erez Dayan | Avance Plastic Surgery<\/div>  <span class=\"flc-yt__play\">    <svg viewBox=\"0 0 68 48\" xmlns=\"http:\/\/www.w3.org\/2000\/svg\" aria-hidden=\"true\"><path d=\"M66.5 7.8A8.5 8.5 0 0 0 60.6 2C55.3.5 34 .5 34 .5S12.7.5 7.4 2A8.5 8.5 0 0 0 1.5 7.8C0 13.1 0 24 0 24s0 10.9 1.5 16.2A8.5 8.5 0 0 0 7.4 46C12.7 47.5 34 47.5 34 47.5s21.3 0 26.6-1.5a8.5 8.5 0 0 0 5.9-5.8C68 34.9 68 24 68 24s0-10.9-1.5-16.2Z\" fill=\"#f00\"\/><path d=\"M27 34l18-10-18-10v20Z\" fill=\"#fff\"\/><\/svg>  <\/span><\/button><\/div>\n<div class=\"col-md-6\"><a href=\"https:\/\/www.youtube.com\/watch?v=MYQL1mWXSeE\" target=\"_blank\" rel=\"noopener\"><img decoding=\"async\" src=\"https:\/\/www.avanceplasticsurgery.com\/wp-content\/uploads\/2024\/04\/MYQL1mWXSeE.jpg\" alt=\"Reno\/Tahoe Brachioplasty\/Arm Lift Before &#038; After | Dr. Erez Dayan | Avance Plastic Surgery\" class=\"img-fluid mb-3 w-100\"><\/a><\/div>\n<div class=\"col-md-6\"><button class=\"flc-yt lazyload\" data-id=\"G9ovlwOsS7M\" data-title=\"Arm Lift Before And After | Avance Plastic Surgery Institute: Dr. Erez Dayan | Reno\/Tahoe, Nevada\" data-bg=\"https:\/\/i.ytimg.com\/vi\/G9ovlwOsS7M\/hqdefault.jpg\" aria-label=\"Play video Arm Lift Before And After | Avance Plastic Surgery Institute: Dr. Erez Dayan | Reno\/Tahoe, Nevada\">  <div class=\"flc-yt__title\">Arm Lift Before And After | Avance Plastic Surgery Institute: Dr. Erez Dayan | Reno\/Tahoe, Nevada<\/div>  <span class=\"flc-yt__play\">    <svg viewBox=\"0 0 68 48\" xmlns=\"http:\/\/www.w3.org\/2000\/svg\" aria-hidden=\"true\"><path d=\"M66.5 7.8A8.5 8.5 0 0 0 60.6 2C55.3.5 34 .5 34 .5S12.7.5 7.4 2A8.5 8.5 0 0 0 1.5 7.8C0 13.1 0 24 0 24s0 10.9 1.5 16.2A8.5 8.5 0 0 0 7.4 46C12.7 47.5 34 47.5 34 47.5s21.3 0 26.6-1.5a8.5 8.5 0 0 0 5.9-5.8C68 34.9 68 24 68 24s0-10.9-1.5-16.2Z\" fill=\"#f00\"\/><path d=\"M27 34l18-10-18-10v20Z\" fill=\"#fff\"\/><\/svg>  <\/span><\/button><\/div>\n<\/div>\n<dl id=\"faq-1\" class=\"flc-faq\"><dt>\u00bfQu\u00e9 implica un levantamiento de brazos con el Dr. Dayan en el Instituto de Cirug\u00eda Pl\u00e1stica Avance en Reno\/Tahoe?<\/dt><dd><p>El enfoque del Dr. Dayan para el procedimiento de estiramiento de brazos es \u00fanico porque incluye una liposucci\u00f3n de 270 grados para adelgazar el contorno del brazo. Luego se usa una incisi\u00f3n bien oculta, mediante la cual se elimina la piel suelta y fl\u00e1cida. El Dr. Dayan tambi\u00e9n combina con frecuencia tecnolog\u00eda de vanguardia basada en energ\u00eda para reducir la piel de manera \u00f3ptima y aumentar los resultados. Esta combinaci\u00f3n conduce a un contorno de la parte superior del brazo juvenil y de apariencia firme.<\/p> \r\n\r\n<p>Una de las mayores preocupaciones de los pacientes que buscan un procedimiento de braquioplastia es la visibilidad de la incisi\u00f3n. El Dr. Dayan ha desarrollado una t\u00e9cnica para crear una incisi\u00f3n bien oculta para minimizar esta preocupaci\u00f3n. Cierra las incisiones en un enfoque de varias capas para asegurarse de que sean delgadas como un l\u00e1piz. La cirug\u00eda de estiramiento de brazos generalmente toma de 1 a 3 horas, dependiendo de la extensi\u00f3n de los cambios requeridos. Despu\u00e9s del procedimiento, se coloca al paciente en una venda de compresi\u00f3n y se lo lleva c\u00f3modamente a nuestra sala de recuperaci\u00f3n.<\/p><\/dd><dt>\u00bfCu\u00e1les son los beneficios de un levantamiento de brazos?<\/dt><dd><ul>\r\n<li>Eliminaci\u00f3n del exceso de grasa y piel.<\/li>\r\n<li>Tono mejorado y forma de la parte superior del brazo.<\/li>\r\n<li>Proporciones corporales mejoradas<\/li>\r\n<li>Incisiones bien ocultas y abordaje m\u00ednimamente invasivo<\/li>\r\n<li>Mayor satisfacci\u00f3n con la apariencia<\/li>\r\n<li>Posibilidad de disfrutar de ropa sin mangas y trajes de ba\u00f1o.<\/li>\r\n<li>Mejor calidad de vida<\/li>\r\n<\/ul><\/dd><dt>\u00bfQui\u00e9n es el candidato ideal para un lifting de brazos?<\/dt><dd>Si sufre de un exceso de piel debajo de los brazos que cuelga bajo y prob\u00f3 la dieta y el ejercicio y descubri\u00f3 que no pueden mejorar sus problemas, entonces puede ser el momento de considerar un procedimiento de estiramiento de brazos o braquioplastia. Los buenos candidatos tienen un peso estable y saludable para su estructura, no fuman, no tienen problemas m\u00e9dicos o emocionales importantes y tienen expectativas realistas de la cirug\u00eda.<\/dd><dt>\u00bfQu\u00e9 puedo esperar en t\u00e9rminos de recuperaci\u00f3n?<\/dt><dd>Despu\u00e9s de la cirug\u00eda, sus brazos se colocar\u00e1n en prendas de compresi\u00f3n ajustadas a la medida. La mayor\u00eda de los pacientes experimentan molestias y hematomas m\u00ednimos, ya que el Dr. Dayan utiliza t\u00e9cnicas avanzadas para el manejo del dolor posterior al procedimiento, que incluyen anestesia local de acci\u00f3n prolongada y bloqueos nerviosos. Recibir\u00e1 un plan completo de atenci\u00f3n posterior del Dr. Dayan con citas de seguimiento de rutina. La mayor\u00eda de los pacientes pueden reanudar sus actividades normales, como el trabajo y la escuela, en un plazo de 5 a 7 d\u00edas.<\/dd><dt>\u00bfCu\u00e1les son las tarifas para un levantamiento de brazos en Reno?<\/dt><dd>Las tarifas de levantamiento de brazos var\u00edan de un paciente a otro, seg\u00fan la extensi\u00f3n del trabajo realizado. Una vez que haya realizado su consulta privada con el Dr. Dayan en el Instituto de Cirug\u00eda Pl\u00e1stica Avance en Reno\/Tahoe, su personal le presentar\u00e1 un presupuesto personalizado para su procedimiento. Recibir\u00e1 acceso a una variedad de prestamistas de atenci\u00f3n m\u00e9dica confiables que pueden proporcionar financiamiento con pagos mensuales bajos y opciones sin intereses. Muchos de estos prestamistas tienen aprobaciones instant\u00e1neas que puede obtener mientras a\u00fan est\u00e1 en la oficina.<\/dd><dt>\u00bfPor qu\u00e9 elegir al Dr. Dayan del Avance Plastic Surgery Institute en Reno\/Tahoe para mi levantamiento de brazos?<\/dt><dd><p>El Dr. Dayan es un cirujano pl\u00e1stico galardonado que se form\u00f3 en el Programa de Cirug\u00eda Pl\u00e1stica de Harvard con los principales l\u00edderes en cirug\u00eda est\u00e9tica y reconstructiva. Tambi\u00e9n es uno de los pocos cirujanos pl\u00e1sticos del pa\u00eds que complet\u00f3 una beca de capacitaci\u00f3n avanzada en cirug\u00eda est\u00e9tica en el Instituto de Cirug\u00eda Pl\u00e1stica de Dallas, considerado por muchos como uno de los mejores programas de becas est\u00e9ticas a nivel internacional.<\/p>\r\n\r\n<p>El Dr. Dayan ha publicado y presentado sobre temas de cirug\u00eda pl\u00e1stica m\u00e1s de 150 veces, incluida la autor\u00eda de cinco libros. Como resultado de su reconocida experiencia, ha sido invitado a dar conferencias y realizar cirug\u00edas en vivo en Asia, Medio Oriente, Am\u00e9rica del Sur y Europa, as\u00ed como en todo Estados Unidos. El Dr. Dayan es un investigador principal solicitado y l\u00edder de opini\u00f3n clave para las principales empresas de aparatos est\u00e9ticos como Galderma, Allergan e InMode.<\/p><\/dd><\/dl>\n<p>Programe su consulta privada de braquioplastia o cirug\u00eda de estiramiento de brazos con el Dr. Dayan en el Instituto de Cirug\u00eda Pl\u00e1stica Avance en Reno\/Tahoe, NV, <a title=\"P\u00f3ngase en contacto con el Instituto de Cirug\u00eda Pl\u00e1stica Avance en Reno NV\" href=\"https:\/\/www.avanceplasticsurgery.com\/es\/contactenos\/\">comunic\u00e1ndose con nosotros en l\u00ednea<\/a> o llamando al (775) 800-4444 hoy.<\/p>\n<h3>Programa de mantenimiento<\/h3>\n<p>El <a href=\"https:\/\/www.avanceplasticsurgery.com\/es\/acerca-de\/programa-de-mantenimiento\/\">programa de mantenimiento<\/a> en Avance Plastic Surgery Institute est\u00e1 dise\u00f1ado para ofrecer a los pacientes una forma conveniente de continuar viendo los beneficios de nuestros tratamientos durante el mayor tiempo posible.<\/p>\n<p>Para mantener los resultados de los procedimientos de contorno corporal, recomendamos tratamientos no invasivos y m\u00ednimamente invasivos con los siguientes dispositivos:<\/p>\n<ul>\n<li>Forma Body (InMode)<\/li>\n<li>Morpheus 8 Body (InMode)<\/li>\n<li>Evolve<\/li>\n<\/ul>\n","protected":false},"excerpt":{"rendered":"<p>Levantamiento de brazos\/braquioplastia en Reno\/Tahoe, Nevada A medida que envejecemos, la piel y los tejidos blandos de todo el&hellip;<\/p>\n","protected":false},"author":1,"featured_media":8575,"parent":8791,"menu_order":0,"comment_status":"closed","ping_status":"closed","template":"","meta":{"_acf_changed":false,"footnotes":""},"class_list":["post-8808","page","type-page","status-publish","has-post-thumbnail"],"acf":[],"yoast_head":"<!-- This site is optimized with the Yoast SEO plugin v25.6 - https:\/\/yoast.com\/wordpress\/plugins\/seo\/ -->\n<title>Reno NV Braquioplastia | Cirug\u00eda de estiramiento de brazos en Lake Tahoe, liposucci\u00f3n<\/title>\n<meta name=\"description\" content=\"La braquioplastia, o cirug\u00eda de estiramiento de brazos, elimina el exceso de piel y grasa de la parte superior de los brazos para lograr una apariencia m\u00e1s joven, firme y saludable. El Dr. Erez Dayan realiza esta cirug\u00eda con liposucci\u00f3n adicional para obtener un resultado de contorno suave. Llame al Instituto de Cirug\u00eda Pl\u00e1stica Avance para su consulta hoy.\" \/>\n<meta name=\"robots\" content=\"index, follow, max-snippet:-1, max-image-preview:large, max-video-preview:-1\" \/>\n<link rel=\"canonical\" href=\"https:\/\/www.avanceplasticsurgery.com\/es\/procedimientos-cosmeticos-y-de-cirugia\/procedimientos-cosmeticos-corporales\/levantamiento-de-brazos\/\" \/>\n<meta property=\"og:locale\" content=\"es_ES\" \/>\n<meta property=\"og:type\" content=\"article\" \/>\n<meta property=\"og:title\" content=\"Reno NV Braquioplastia | Cirug\u00eda de estiramiento de brazos en Lake Tahoe, liposucci\u00f3n\" \/>\n<meta property=\"og:description\" content=\"La braquioplastia, o cirug\u00eda de estiramiento de brazos, elimina el exceso de piel y grasa de la parte superior de los brazos para lograr una apariencia m\u00e1s joven, firme y saludable. El Dr. Erez Dayan realiza esta cirug\u00eda con liposucci\u00f3n adicional para obtener un resultado de contorno suave. Llame al Instituto de Cirug\u00eda Pl\u00e1stica Avance para su consulta hoy.\" \/>\n<meta property=\"og:url\" content=\"https:\/\/www.avanceplasticsurgery.com\/es\/procedimientos-cosmeticos-y-de-cirugia\/procedimientos-cosmeticos-corporales\/levantamiento-de-brazos\/\" \/>\n<meta property=\"og:site_name\" content=\"Avance Plastic Surgery\" \/>\n<meta property=\"article:modified_time\" content=\"2024-09-04T12:36:24+00:00\" \/>\n<meta property=\"og:image\" content=\"https:\/\/www.avanceplasticsurgery.com\/wp-content\/uploads\/2022\/01\/arm.jpg\" \/>\n\t<meta property=\"og:image:width\" content=\"1920\" \/>\n\t<meta property=\"og:image:height\" content=\"595\" \/>\n\t<meta property=\"og:image:type\" content=\"image\/jpeg\" \/>\n<meta name=\"twitter:card\" content=\"summary_large_image\" \/>\n<meta name=\"twitter:label1\" content=\"Tiempo de lectura\" \/>\n\t<meta name=\"twitter:data1\" content=\"2 minutos\" \/>\n<!-- \/ Yoast SEO plugin. -->","yoast_head_json":{"title":"Reno NV Braquioplastia | Cirug\u00eda de estiramiento de brazos en Lake Tahoe, liposucci\u00f3n","description":"La braquioplastia, o cirug\u00eda de estiramiento de brazos, elimina el exceso de piel y grasa de la parte superior de los brazos para lograr una apariencia m\u00e1s joven, firme y saludable. El Dr. Erez Dayan realiza esta cirug\u00eda con liposucci\u00f3n adicional para obtener un resultado de contorno suave. Llame al Instituto de Cirug\u00eda Pl\u00e1stica Avance para su consulta hoy.","robots":{"index":"index","follow":"follow","max-snippet":"max-snippet:-1","max-image-preview":"max-image-preview:large","max-video-preview":"max-video-preview:-1"},"canonical":"https:\/\/www.avanceplasticsurgery.com\/es\/procedimientos-cosmeticos-y-de-cirugia\/procedimientos-cosmeticos-corporales\/levantamiento-de-brazos\/","og_locale":"es_ES","og_type":"article","og_title":"Reno NV Braquioplastia | Cirug\u00eda de estiramiento de brazos en Lake Tahoe, liposucci\u00f3n","og_description":"La braquioplastia, o cirug\u00eda de estiramiento de brazos, elimina el exceso de piel y grasa de la parte superior de los brazos para lograr una apariencia m\u00e1s joven, firme y saludable. El Dr. Erez Dayan realiza esta cirug\u00eda con liposucci\u00f3n adicional para obtener un resultado de contorno suave. Llame al Instituto de Cirug\u00eda Pl\u00e1stica Avance para su consulta hoy.","og_url":"https:\/\/www.avanceplasticsurgery.com\/es\/procedimientos-cosmeticos-y-de-cirugia\/procedimientos-cosmeticos-corporales\/levantamiento-de-brazos\/","og_site_name":"Avance Plastic Surgery","article_modified_time":"2024-09-04T12:36:24+00:00","og_image":[{"width":1920,"height":595,"url":"https:\/\/www.avanceplasticsurgery.com\/wp-content\/uploads\/2022\/01\/arm.jpg","type":"image\/jpeg"}],"twitter_card":"summary_large_image","twitter_misc":{"Tiempo de lectura":"2 minutos"},"schema":{"@context":"https:\/\/schema.org","@graph":[{"@type":"WebPage","@id":"https:\/\/www.avanceplasticsurgery.com\/es\/procedimientos-cosmeticos-y-de-cirugia\/procedimientos-cosmeticos-corporales\/levantamiento-de-brazos\/","url":"https:\/\/www.avanceplasticsurgery.com\/es\/procedimientos-cosmeticos-y-de-cirugia\/procedimientos-cosmeticos-corporales\/levantamiento-de-brazos\/","name":"Reno NV Braquioplastia | Cirug\u00eda de estiramiento de brazos en Lake Tahoe, liposucci\u00f3n","isPartOf":{"@id":"https:\/\/www.avanceplasticsurgery.com\/es\/#website"},"primaryImageOfPage":{"@id":"https:\/\/www.avanceplasticsurgery.com\/es\/procedimientos-cosmeticos-y-de-cirugia\/procedimientos-cosmeticos-corporales\/levantamiento-de-brazos\/#primaryimage"},"image":{"@id":"https:\/\/www.avanceplasticsurgery.com\/es\/procedimientos-cosmeticos-y-de-cirugia\/procedimientos-cosmeticos-corporales\/levantamiento-de-brazos\/#primaryimage"},"thumbnailUrl":"https:\/\/www.avanceplasticsurgery.com\/wp-content\/uploads\/2022\/01\/arm.jpg","datePublished":"2020-09-11T07:54:51+00:00","dateModified":"2024-09-04T12:36:24+00:00","description":"La braquioplastia, o cirug\u00eda de estiramiento de brazos, elimina el exceso de piel y grasa de la parte superior de los brazos para lograr una apariencia m\u00e1s joven, firme y saludable. El Dr. Erez Dayan realiza esta cirug\u00eda con liposucci\u00f3n adicional para obtener un resultado de contorno suave. Llame al Instituto de Cirug\u00eda Pl\u00e1stica Avance para su consulta hoy.","breadcrumb":{"@id":"https:\/\/www.avanceplasticsurgery.com\/es\/procedimientos-cosmeticos-y-de-cirugia\/procedimientos-cosmeticos-corporales\/levantamiento-de-brazos\/#breadcrumb"},"inLanguage":"es","potentialAction":[{"@type":"ReadAction","target":["https:\/\/www.avanceplasticsurgery.com\/es\/procedimientos-cosmeticos-y-de-cirugia\/procedimientos-cosmeticos-corporales\/levantamiento-de-brazos\/"]}]},{"@type":"ImageObject","inLanguage":"es","@id":"https:\/\/www.avanceplasticsurgery.com\/es\/procedimientos-cosmeticos-y-de-cirugia\/procedimientos-cosmeticos-corporales\/levantamiento-de-brazos\/#primaryimage","url":"https:\/\/www.avanceplasticsurgery.com\/wp-content\/uploads\/2022\/01\/arm.jpg","contentUrl":"https:\/\/www.avanceplasticsurgery.com\/wp-content\/uploads\/2022\/01\/arm.jpg","width":1920,"height":595,"caption":"Un m\u00e9dico con gafas y guantes negros marca la parte superior del brazo de una mujer con un rotulador negro para un procedimiento cosm\u00e9tico; la mujer lleva un sujetador negro."},{"@type":"BreadcrumbList","@id":"https:\/\/www.avanceplasticsurgery.com\/es\/procedimientos-cosmeticos-y-de-cirugia\/procedimientos-cosmeticos-corporales\/levantamiento-de-brazos\/#breadcrumb","itemListElement":[{"@type":"ListItem","position":1,"name":"Home","item":"https:\/\/www.avanceplasticsurgery.com\/es\/"},{"@type":"ListItem","position":2,"name":"Cosm\u00e9tica","item":"https:\/\/www.avanceplasticsurgery.com\/es\/procedimientos-cosmeticos-y-de-cirugia\/"},{"@type":"ListItem","position":3,"name":"Procedimientos Cosm\u00e9ticos Corporales","item":"https:\/\/www.avanceplasticsurgery.com\/es\/procedimientos-cosmeticos-y-de-cirugia\/procedimientos-cosmeticos-corporales\/"},{"@type":"ListItem","position":4,"name":"Levantamiento de brazos"}]},{"@type":"WebSite","@id":"https:\/\/www.avanceplasticsurgery.com\/es\/#website","url":"https:\/\/www.avanceplasticsurgery.com\/es\/","name":"Avance Plastic Surgery","description":"","potentialAction":[{"@type":"SearchAction","target":{"@type":"EntryPoint","urlTemplate":"https:\/\/www.avanceplasticsurgery.com\/es\/?s={search_term_string}"},"query-input":{"@type":"PropertyValueSpecification","valueRequired":true,"valueName":"search_term_string"}}],"inLanguage":"es"}]}},"_links":{"self":[{"href":"https:\/\/www.avanceplasticsurgery.com\/es\/wp-json\/wp\/v2\/pages\/8808","targetHints":{"allow":["GET"]}}],"collection":[{"href":"https:\/\/www.avanceplasticsurgery.com\/es\/wp-json\/wp\/v2\/pages"}],"about":[{"href":"https:\/\/www.avanceplasticsurgery.com\/es\/wp-json\/wp\/v2\/types\/page"}],"author":[{"embeddable":true,"href":"https:\/\/www.avanceplasticsurgery.com\/es\/wp-json\/wp\/v2\/users\/1"}],"replies":[{"embeddable":true,"href":"https:\/\/www.avanceplasticsurgery.com\/es\/wp-json\/wp\/v2\/comments?post=8808"}],"version-history":[{"count":2,"href":"https:\/\/www.avanceplasticsurgery.com\/es\/wp-json\/wp\/v2\/pages\/8808\/revisions"}],"predecessor-version":[{"id":11418,"href":"https:\/\/www.avanceplasticsurgery.com\/es\/wp-json\/wp\/v2\/pages\/8808\/revisions\/11418"}],"up":[{"embeddable":true,"href":"https:\/\/www.avanceplasticsurgery.com\/es\/wp-json\/wp\/v2\/pages\/8791"}],"wp:featuredmedia":[{"embeddable":true,"href":"https:\/\/www.avanceplasticsurgery.com\/es\/wp-json\/wp\/v2\/media\/8575"}],"wp:attachment":[{"href":"https:\/\/www.avanceplasticsurgery.com\/es\/wp-json\/wp\/v2\/media?parent=8808"}],"curies":[{"name":"wp","href":"https:\/\/api.w.org\/{rel}","templated":true}]}}