{"id":8812,"date":"2021-12-14T22:10:25","date_gmt":"2021-12-14T22:10:25","guid":{"rendered":"https:\/\/www.avanceplasticsurgery.com\/quirofano-en-consultorio-acreditado\/"},"modified":"2025-06-27T06:29:08","modified_gmt":"2025-06-27T06:29:08","slug":"quirofano-en-consultorio-acreditado","status":"publish","type":"page","link":"https:\/\/www.avanceplasticsurgery.com\/es\/acerca-de\/quirofano-en-consultorio-acreditado\/","title":{"rendered":"Quir\u00f3fano en consultorio acreditado"},"content":{"rendered":"<h1>Quir\u00f3fano en consultorio acreditado<\/h1>\n<p>Nuestro quir\u00f3fano en el consultorio ofrece a los pacientes el m\u00e1s alto nivel de atenci\u00f3n y la comodidad de realizarse la cirug\u00eda en nuestro consultorio. Nuestro quir\u00f3fano en el consultorio ha sido acreditado por la Asociaci\u00f3n Estadounidense para la Acreditaci\u00f3n de Instalaciones de Cirug\u00eda Ambulatoria (AAAASF). La acreditaci\u00f3n distingue a nuestro centro de Cirug\u00eda Pl\u00e1stica de muchos otros centros ambulatorios por su cumplimiento de rigurosos est\u00e1ndares de atenci\u00f3n y seguridad.<\/p>\n<h2>\u00a1El m\u00e1s alto est\u00e1ndar de atenci\u00f3n al paciente en nuestra oficina!<\/h2>\n<p>El estado como organizaci\u00f3n acreditada significa que Avance Plastic Surgery ha cumplido con los est\u00e1ndares reconocidos a nivel nacional para la prestaci\u00f3n de atenci\u00f3n m\u00e9dica de calidad establecidos por AAAASF. Avance Plastic Surgery es el \u00fanico centro dedicado a la cirug\u00eda pl\u00e1stica en el norte de Nevada que obtuvo esta prestigiosa acreditaci\u00f3n.<\/p>\n<p><a href=\"https:\/\/www.avanceplasticsurgery.com\/es\/\">Avance Plastic Surgery Institute<\/a> , ubicado en 5588 Longley Lane, Suite A, en Reno, Nevada, es uno de los principales institutos de cirug\u00eda pl\u00e1stica de su tipo. Nuestra pr\u00e1ctica ofrece tecnolog\u00eda de punta, procedimientos quir\u00fargicos avanzados y una <a href=\"https:\/\/www.avanceplasticsurgery.com\/es\/tratamientos-de-spa-medicos\/\">gama completa de tratamientos est\u00e9ticos faciales y corporales<\/a> . El quir\u00f3fano del consultorio de Avance Plastic Surgery Institute se enorgullece de estar ahora acreditado por la Asociaci\u00f3n Estadounidense para la Acreditaci\u00f3n de Instalaciones de Cirug\u00eda Ambulatoria (AAAASF). La AAAASF es una organizaci\u00f3n sin fines de lucro, independiente y reconocida a nivel nacional que examina las instituciones de atenci\u00f3n m\u00e9dica y otorga acreditaci\u00f3n a aquellas que cumplen con sus altos est\u00e1ndares. La acreditaci\u00f3n de AAAASF es la garant\u00eda del paciente de que Avance Plastic Surgery Institute se ha asegurado de que la cirug\u00eda se realice en condiciones tan seguras como las de cualquier hospital acreditado. La acreditaci\u00f3n de la cl\u00ednica muestra que el equipo independiente de profesionales de la salud de la AAAASF ha analizado minuciosamente <a href=\"https:\/\/351face.com\/location-directions\/\">la instalaci\u00f3n<\/a> y las pr\u00e1cticas y ha descubierto que el Instituto de Cirug\u00eda Pl\u00e1stica Avance cumple con sus rigurosos est\u00e1ndares de servicios de atenci\u00f3n m\u00e9dica de calidad. La acreditaci\u00f3n <strong>AAAASF<\/strong> es voluntaria y representa el alto nivel de dedicaci\u00f3n del Dr. Erez Dayan para brindar la mejor atenci\u00f3n al paciente.<\/p>\n<p>El cirujano est\u00e9tico y reconstructivo de renombre mundial, el Dr. Erez Dayan, ofrece una amplia variedad de cirug\u00eda est\u00e9tica y reconstructiva, as\u00ed como mejoras est\u00e9ticas, en el Instituto de Cirug\u00eda Pl\u00e1stica Avance en Reno, NV. Desde procedimientos cosm\u00e9ticos como estiramientos faciales, aumento de senos, rinoplastia y abdominoplastia, hasta tratamientos \u00fanicos y m\u00e1s personalizados, como estiramiento cut\u00e1neo por radiofrecuencia o ultrasonido, reconstrucci\u00f3n MOHS y transferencia de grasa, el Dr. Dayan aplica un enfoque laborioso y basado en la precisi\u00f3n a su pr\u00e1ctica, utilizando la \u00faltima tecnolog\u00eda disponible.<\/p>\n<p>\u201cRecibir la acreditaci\u00f3n AAAASF refleja nuestro compromiso con la excelencia. Tambi\u00e9n nos desaf\u00eda a descubrir continuamente nuevas formas de servir mejor a los pacientes y brindarles la mejor atenci\u00f3n posible\u201d, dice el Dr. Erez Dayan.<\/p>\n<p>M\u00e1s sobre el Dr. Erez Dayan:<\/p>\n<p>El Dr. Erez Dayan es cirujano pl\u00e1stico y reconstructivo, autor e investigador. Complet\u00f3 su formaci\u00f3n en el Programa de \u00e9lite de Cirug\u00eda Pl\u00e1stica de Harvard antes de obtener una beca en cirug\u00eda est\u00e9tica en el Instituto de Cirug\u00eda Pl\u00e1stica de clase mundial de Dallas. El Dr. Dayan es un educador internacional activo, l\u00edder de opini\u00f3n clave y conferencista. En los \u00faltimos 10 a\u00f1os, ha publicado y presentado su trabajo en m\u00e1s de 150 ocasiones, no solo en los Estados Unidos sino tambi\u00e9n en China, Taiw\u00e1n, Medio Oriente, Europa y Am\u00e9rica del Sur.<\/p>\n<p>Para programar una consulta o para obtener m\u00e1s informaci\u00f3n, llame a nuestra oficina hoy.<\/p>\n","protected":false},"excerpt":{"rendered":"<p>Quir\u00f3fano en consultorio acreditado Nuestro quir\u00f3fano en el consultorio ofrece a los pacientes el m\u00e1s alto nivel de atenci\u00f3n&hellip;<\/p>\n","protected":false},"author":1,"featured_media":0,"parent":8813,"menu_order":0,"comment_status":"closed","ping_status":"closed","template":"","meta":{"_acf_changed":false,"footnotes":""},"class_list":["post-8812","page","type-page","status-publish"],"acf":[],"yoast_head":"<!-- This site is optimized with the Yoast SEO plugin v25.6 - https:\/\/yoast.com\/wordpress\/plugins\/seo\/ -->\n<title>Sala de operaciones en el consultorio acreditada por AAAASF | Cirug\u00eda Pl\u00e1stica Avance Reno, NV<\/title>\n<meta name=\"description\" content=\"Nuestro quir\u00f3fano en el consultorio ha sido acreditado por la Asociaci\u00f3n Estadounidense para la Acreditaci\u00f3n de Instalaciones de Cirug\u00eda Ambulatoria (AAAASF). \u00a1Programe su consulta hoy!\" \/>\n<meta name=\"robots\" content=\"index, follow, max-snippet:-1, max-image-preview:large, max-video-preview:-1\" \/>\n<link rel=\"canonical\" href=\"https:\/\/www.avanceplasticsurgery.com\/es\/acerca-de\/quirofano-en-consultorio-acreditado\/\" \/>\n<meta property=\"og:locale\" content=\"es_ES\" \/>\n<meta property=\"og:type\" content=\"article\" \/>\n<meta property=\"og:title\" content=\"Sala de operaciones en el consultorio acreditada por AAAASF | Cirug\u00eda Pl\u00e1stica Avance Reno, NV\" \/>\n<meta property=\"og:description\" content=\"Nuestro quir\u00f3fano en el consultorio ha sido acreditado por la Asociaci\u00f3n Estadounidense para la Acreditaci\u00f3n de Instalaciones de Cirug\u00eda Ambulatoria (AAAASF). \u00a1Programe su consulta hoy!\" \/>\n<meta property=\"og:url\" content=\"https:\/\/www.avanceplasticsurgery.com\/es\/acerca-de\/quirofano-en-consultorio-acreditado\/\" \/>\n<meta property=\"og:site_name\" content=\"Avance Plastic Surgery\" \/>\n<meta property=\"article:modified_time\" content=\"2025-06-27T06:29:08+00:00\" \/>\n<meta name=\"twitter:card\" content=\"summary_large_image\" \/>\n<meta name=\"twitter:label1\" content=\"Tiempo de lectura\" \/>\n\t<meta name=\"twitter:data1\" content=\"3 minutos\" \/>\n<!-- \/ Yoast SEO plugin. -->","yoast_head_json":{"title":"Sala de operaciones en el consultorio acreditada por AAAASF | Cirug\u00eda Pl\u00e1stica Avance Reno, NV","description":"Nuestro quir\u00f3fano en el consultorio ha sido acreditado por la Asociaci\u00f3n Estadounidense para la Acreditaci\u00f3n de Instalaciones de Cirug\u00eda Ambulatoria (AAAASF). \u00a1Programe su consulta hoy!","robots":{"index":"index","follow":"follow","max-snippet":"max-snippet:-1","max-image-preview":"max-image-preview:large","max-video-preview":"max-video-preview:-1"},"canonical":"https:\/\/www.avanceplasticsurgery.com\/es\/acerca-de\/quirofano-en-consultorio-acreditado\/","og_locale":"es_ES","og_type":"article","og_title":"Sala de operaciones en el consultorio acreditada por AAAASF | Cirug\u00eda Pl\u00e1stica Avance Reno, NV","og_description":"Nuestro quir\u00f3fano en el consultorio ha sido acreditado por la Asociaci\u00f3n Estadounidense para la Acreditaci\u00f3n de Instalaciones de Cirug\u00eda Ambulatoria (AAAASF). \u00a1Programe su consulta hoy!","og_url":"https:\/\/www.avanceplasticsurgery.com\/es\/acerca-de\/quirofano-en-consultorio-acreditado\/","og_site_name":"Avance Plastic Surgery","article_modified_time":"2025-06-27T06:29:08+00:00","twitter_card":"summary_large_image","twitter_misc":{"Tiempo de lectura":"3 minutos"},"schema":{"@context":"https:\/\/schema.org","@graph":[{"@type":"WebPage","@id":"https:\/\/www.avanceplasticsurgery.com\/es\/acerca-de\/quirofano-en-consultorio-acreditado\/","url":"https:\/\/www.avanceplasticsurgery.com\/es\/acerca-de\/quirofano-en-consultorio-acreditado\/","name":"Sala de operaciones en el consultorio acreditada por AAAASF | Cirug\u00eda Pl\u00e1stica Avance Reno, NV","isPartOf":{"@id":"https:\/\/www.avanceplasticsurgery.com\/es\/#website"},"datePublished":"2021-12-14T22:10:25+00:00","dateModified":"2025-06-27T06:29:08+00:00","description":"Nuestro quir\u00f3fano en el consultorio ha sido acreditado por la Asociaci\u00f3n Estadounidense para la Acreditaci\u00f3n de Instalaciones de Cirug\u00eda Ambulatoria (AAAASF). \u00a1Programe su consulta hoy!","breadcrumb":{"@id":"https:\/\/www.avanceplasticsurgery.com\/es\/acerca-de\/quirofano-en-consultorio-acreditado\/#breadcrumb"},"inLanguage":"es","potentialAction":[{"@type":"ReadAction","target":["https:\/\/www.avanceplasticsurgery.com\/es\/acerca-de\/quirofano-en-consultorio-acreditado\/"]}]},{"@type":"BreadcrumbList","@id":"https:\/\/www.avanceplasticsurgery.com\/es\/acerca-de\/quirofano-en-consultorio-acreditado\/#breadcrumb","itemListElement":[{"@type":"ListItem","position":1,"name":"Home","item":"https:\/\/www.avanceplasticsurgery.com\/es\/"},{"@type":"ListItem","position":2,"name":"Acerca de","item":"https:\/\/www.avanceplasticsurgery.com\/es\/acerca-de\/"},{"@type":"ListItem","position":3,"name":"Quir\u00f3fano en consultorio acreditado"}]},{"@type":"WebSite","@id":"https:\/\/www.avanceplasticsurgery.com\/es\/#website","url":"https:\/\/www.avanceplasticsurgery.com\/es\/","name":"Avance Plastic Surgery","description":"","potentialAction":[{"@type":"SearchAction","target":{"@type":"EntryPoint","urlTemplate":"https:\/\/www.avanceplasticsurgery.com\/es\/?s={search_term_string}"},"query-input":{"@type":"PropertyValueSpecification","valueRequired":true,"valueName":"search_term_string"}}],"inLanguage":"es"}]}},"_links":{"self":[{"href":"https:\/\/www.avanceplasticsurgery.com\/es\/wp-json\/wp\/v2\/pages\/8812","targetHints":{"allow":["GET"]}}],"collection":[{"href":"https:\/\/www.avanceplasticsurgery.com\/es\/wp-json\/wp\/v2\/pages"}],"about":[{"href":"https:\/\/www.avanceplasticsurgery.com\/es\/wp-json\/wp\/v2\/types\/page"}],"author":[{"embeddable":true,"href":"https:\/\/www.avanceplasticsurgery.com\/es\/wp-json\/wp\/v2\/users\/1"}],"replies":[{"embeddable":true,"href":"https:\/\/www.avanceplasticsurgery.com\/es\/wp-json\/wp\/v2\/comments?post=8812"}],"version-history":[{"count":3,"href":"https:\/\/www.avanceplasticsurgery.com\/es\/wp-json\/wp\/v2\/pages\/8812\/revisions"}],"predecessor-version":[{"id":11980,"href":"https:\/\/www.avanceplasticsurgery.com\/es\/wp-json\/wp\/v2\/pages\/8812\/revisions\/11980"}],"up":[{"embeddable":true,"href":"https:\/\/www.avanceplasticsurgery.com\/es\/wp-json\/wp\/v2\/pages\/8813"}],"wp:attachment":[{"href":"https:\/\/www.avanceplasticsurgery.com\/es\/wp-json\/wp\/v2\/media?parent=8812"}],"curies":[{"name":"wp","href":"https:\/\/api.w.org\/{rel}","templated":true}]}}