{"id":8813,"date":"2020-09-11T07:52:28","date_gmt":"2020-09-11T07:52:28","guid":{"rendered":"https:\/\/www.avanceplasticsurgery.com\/acerca-de\/"},"modified":"2025-06-27T06:58:39","modified_gmt":"2025-06-27T06:58:39","slug":"acerca-de","status":"publish","type":"page","link":"https:\/\/www.avanceplasticsurgery.com\/es\/acerca-de\/","title":{"rendered":"Acerca de"},"content":{"rendered":"<h1>Acerca del Instituto de Cirug\u00eda Pl\u00e1stica Avance<\/h1>\n<p><a title=\"Reno NV Cirug\u00eda Pl\u00e1stica Facial\" href=\"https:\/\/www.avanceplasticsurgery.com\/es\/\">Avance Plastic Surgery Institute<\/a> , ubicado en 5588 Longley Lane, Suite A, en Reno, Nevada, es uno de los principales institutos de cirug\u00eda pl\u00e1stica de su tipo en todo el mundo. La tecnolog\u00eda m\u00e1s avanzada, los procedimientos quir\u00fargicos avanzados y una <a title=\"Reno NV Med Spa Tratamientos\" href=\"https:\/\/www.avanceplasticsurgery.com\/es\/tratamientos-de-spa-medicos\/\">gama completa de tratamientos est\u00e9ticos faciales y corporales<\/a> est\u00e1n disponibles para los pacientes que viven dentro y fuera de Nevada. De hecho, tratamos a pacientes de todo el mundo.<\/p>\n<p>Adem\u00e1s de tratar a pacientes de todas partes, recibimos m\u00e9dicos y cirujanos de todo el mundo para cursos de aprendizaje extendido. Estos involucran t\u00e9cnicas avanzadas para usar la \u00faltima tecnolog\u00eda est\u00e9tica disponible. El Instituto de Cirug\u00eda Pl\u00e1stica Avance prueba regularmente nuevos prototipos de dispositivos est\u00e9ticos para empresas de dispositivos m\u00e9dicos de primer nivel, por lo que nos mantenemos a la vanguardia.<\/p>\n<p>Nuestros pacientes se benefician de conocimientos, t\u00e9cnicas y tecnolog\u00eda que no se encuentran en cualquier centro o consultorio de cirug\u00eda pl\u00e1stica. Como instituto que brinda pruebas, investigaci\u00f3n e instrucci\u00f3n, nuestros pacientes saben que recibir\u00e1n lo mejor en atenci\u00f3n m\u00e9dica y tratamientos cosm\u00e9ticos y reconstructivos, no solo en Reno, sino en cualquier parte del mundo.<\/p>\n<h2>Procedimientos Avanzados, Tecnolog\u00eda y Atenci\u00f3n al Paciente<\/h2>\n<p>Avance Plastic Surgery Institute ofrece el m\u00e1s alto nivel de atenci\u00f3n posible a todos nuestros pacientes, desde procedimientos avanzados, tecnolog\u00eda y atenci\u00f3n personalizada. Cada paciente es tratado individualmente y recibe un plan de atenci\u00f3n que mejor se adapta a sus necesidades y objetivos. Creemos en la educaci\u00f3n del paciente y la participaci\u00f3n en los planes de tratamiento est\u00e9tico.<\/p>\n<p>Los posibles pacientes del Instituto de Cirug\u00eda Pl\u00e1stica Avance pueden obtener m\u00e1s informaci\u00f3n sobre nosotros y nuestro compromiso con una atenci\u00f3n superior al paciente explorando los siguientes enlaces:<\/p>\n<nav class=\"flc-submenu\" aria-label=\"sub menu\"><ul><\/ul><\/nav>\n<h3>Cirujano pl\u00e1stico y reconstructivo en Reno\/Tahoe, NV<\/h3>\n<p>El Instituto de Cirug\u00eda Pl\u00e1stica Avance est\u00e1 dirigido por el Dr. Erez Dayan, cirujano pl\u00e1stico y reconstructivo capacitado como becario. El Dr. Dayan es un educador, investigador, investigador y cirujano pl\u00e1stico experimentado cuya experiencia en el uso de la tecnolog\u00eda para mejorar <a title=\"Reno NV Cirug\u00eda Est\u00e9tica Facial\" href=\"https:\/\/www.avanceplasticsurgery.com\/es\/procedimientos-cosmeticos-y-de-cirugia\/\">los tratamientos est\u00e9ticos<\/a> y reconstructivos es reconocida. Adem\u00e1s de probar dispositivos est\u00e9ticos para los principales fabricantes de dispositivos m\u00e9dicos, ha compartido su conocimiento e investigaci\u00f3n en cinco continentes diferentes con numerosos colegas profesionales y organizaciones.<\/p>\n<p>El Dr. Dayan ha contribuido en m\u00faltiples libros y m\u00e1s de 150 art\u00edculos publicados y presentaciones sobre tecnolog\u00eda y tratamientos est\u00e9ticos avanzados. Es asesor habitual y colaborador en el desarrollo de dispositivos m\u00e9dicos para el campo de la medicina est\u00e9tica.<\/p>\n<p>Adem\u00e1s de su experiencia en educaci\u00f3n e investigaci\u00f3n, mantiene una pr\u00f3spera pr\u00e1ctica quir\u00fargica privada en el Instituto de Cirug\u00eda Pl\u00e1stica Avance en Reno\/Tahoe. El Dr. Dayan ofrece una amplia gama de procedimientos quir\u00fargicos est\u00e9ticos y reconstructivos y tratamientos est\u00e9ticos para ayudar a los pacientes a alcanzar sus objetivos de mejorar su apariencia y vivir una vida mejor.<\/p>\n<p><a title=\"P\u00f3ngase en contacto con el Instituto de Cirug\u00eda Pl\u00e1stica Avance en Reno NV\" href=\"https:\/\/www.avanceplasticsurgery.com\/es\/contactenos\/\">Cont\u00e1ctenos<\/a> hoy para programar una consulta con el Dr. Erez Dayan en el Avance Plastic Surgery Institute en Reno\/Tahoe, NV.<\/p>\n","protected":false},"excerpt":{"rendered":"<p>Acerca del Instituto de Cirug\u00eda Pl\u00e1stica Avance Avance Plastic Surgery Institute , ubicado en 5588 Longley Lane, Suite A,&hellip;<\/p>\n","protected":false},"author":1,"featured_media":0,"parent":0,"menu_order":0,"comment_status":"closed","ping_status":"closed","template":"","meta":{"_acf_changed":false,"footnotes":""},"class_list":["post-8813","page","type-page","status-publish"],"acf":[],"yoast_head":"<!-- This site is optimized with the Yoast SEO plugin v27.3 - https:\/\/yoast.com\/product\/yoast-seo-wordpress\/ -->\n<title>Instituto de Cirug\u00eda Pl\u00e1stica Avance de Reno NV | Cirujano pl\u00e1stico facial del lago Tahoe<\/title>\n<meta name=\"description\" content=\"Conozca m\u00e1s sobre el Dr. Erez Dayan, renombrado cirujano pl\u00e1stico, y el Instituto de Cirug\u00eda Pl\u00e1stica Avance y el nivel superior de atenci\u00f3n al paciente que brindamos. Experimente un nivel completamente nuevo de tratamientos cosm\u00e9ticos en Reno, Nevada.\" \/>\n<meta name=\"robots\" content=\"index, follow, max-snippet:-1, max-image-preview:large, max-video-preview:-1\" \/>\n<link rel=\"canonical\" href=\"https:\/\/www.avanceplasticsurgery.com\/es\/acerca-de\/\" \/>\n<meta property=\"og:locale\" content=\"es_ES\" \/>\n<meta property=\"og:type\" content=\"article\" \/>\n<meta property=\"og:title\" content=\"Instituto de Cirug\u00eda Pl\u00e1stica Avance de Reno NV | Cirujano pl\u00e1stico facial del lago Tahoe\" \/>\n<meta property=\"og:description\" content=\"Conozca m\u00e1s sobre el Dr. Erez Dayan, renombrado cirujano pl\u00e1stico, y el Instituto de Cirug\u00eda Pl\u00e1stica Avance y el nivel superior de atenci\u00f3n al paciente que brindamos. Experimente un nivel completamente nuevo de tratamientos cosm\u00e9ticos en Reno, Nevada.\" \/>\n<meta property=\"og:url\" content=\"https:\/\/www.avanceplasticsurgery.com\/es\/acerca-de\/\" \/>\n<meta property=\"og:site_name\" content=\"Avance Plastic Surgery\" \/>\n<meta property=\"article:modified_time\" content=\"2025-06-27T06:58:39+00:00\" \/>\n<meta name=\"twitter:card\" content=\"summary_large_image\" \/>\n<meta name=\"twitter:label1\" content=\"Tiempo de lectura\" \/>\n\t<meta name=\"twitter:data1\" content=\"3 minutos\" \/>\n<!-- \/ Yoast SEO plugin. -->","yoast_head_json":{"title":"Instituto de Cirug\u00eda Pl\u00e1stica Avance de Reno NV | Cirujano pl\u00e1stico facial del lago Tahoe","description":"Conozca m\u00e1s sobre el Dr. Erez Dayan, renombrado cirujano pl\u00e1stico, y el Instituto de Cirug\u00eda Pl\u00e1stica Avance y el nivel superior de atenci\u00f3n al paciente que brindamos. Experimente un nivel completamente nuevo de tratamientos cosm\u00e9ticos en Reno, Nevada.","robots":{"index":"index","follow":"follow","max-snippet":"max-snippet:-1","max-image-preview":"max-image-preview:large","max-video-preview":"max-video-preview:-1"},"canonical":"https:\/\/www.avanceplasticsurgery.com\/es\/acerca-de\/","og_locale":"es_ES","og_type":"article","og_title":"Instituto de Cirug\u00eda Pl\u00e1stica Avance de Reno NV | Cirujano pl\u00e1stico facial del lago Tahoe","og_description":"Conozca m\u00e1s sobre el Dr. Erez Dayan, renombrado cirujano pl\u00e1stico, y el Instituto de Cirug\u00eda Pl\u00e1stica Avance y el nivel superior de atenci\u00f3n al paciente que brindamos. Experimente un nivel completamente nuevo de tratamientos cosm\u00e9ticos en Reno, Nevada.","og_url":"https:\/\/www.avanceplasticsurgery.com\/es\/acerca-de\/","og_site_name":"Avance Plastic Surgery","article_modified_time":"2025-06-27T06:58:39+00:00","twitter_card":"summary_large_image","twitter_misc":{"Tiempo de lectura":"3 minutos"},"schema":{"@context":"https:\/\/schema.org","@graph":[{"@type":"WebPage","@id":"https:\/\/www.avanceplasticsurgery.com\/es\/acerca-de\/","url":"https:\/\/www.avanceplasticsurgery.com\/es\/acerca-de\/","name":"Instituto de Cirug\u00eda Pl\u00e1stica Avance de Reno NV | Cirujano pl\u00e1stico facial del lago Tahoe","isPartOf":{"@id":"https:\/\/www.avanceplasticsurgery.com\/es\/#website"},"datePublished":"2020-09-11T07:52:28+00:00","dateModified":"2025-06-27T06:58:39+00:00","description":"Conozca m\u00e1s sobre el Dr. Erez Dayan, renombrado cirujano pl\u00e1stico, y el Instituto de Cirug\u00eda Pl\u00e1stica Avance y el nivel superior de atenci\u00f3n al paciente que brindamos. Experimente un nivel completamente nuevo de tratamientos cosm\u00e9ticos en Reno, Nevada.","breadcrumb":{"@id":"https:\/\/www.avanceplasticsurgery.com\/es\/acerca-de\/#breadcrumb"},"inLanguage":"es","potentialAction":[{"@type":"ReadAction","target":["https:\/\/www.avanceplasticsurgery.com\/es\/acerca-de\/"]}]},{"@type":"BreadcrumbList","@id":"https:\/\/www.avanceplasticsurgery.com\/es\/acerca-de\/#breadcrumb","itemListElement":[{"@type":"ListItem","position":1,"name":"Home","item":"https:\/\/www.avanceplasticsurgery.com\/es\/"},{"@type":"ListItem","position":2,"name":"Acerca de"}]},{"@type":"WebSite","@id":"https:\/\/www.avanceplasticsurgery.com\/es\/#website","url":"https:\/\/www.avanceplasticsurgery.com\/es\/","name":"Avance Plastic Surgery","description":"","potentialAction":[{"@type":"SearchAction","target":{"@type":"EntryPoint","urlTemplate":"https:\/\/www.avanceplasticsurgery.com\/es\/?s={search_term_string}"},"query-input":{"@type":"PropertyValueSpecification","valueRequired":true,"valueName":"search_term_string"}}],"inLanguage":"es"}]}},"_links":{"self":[{"href":"https:\/\/www.avanceplasticsurgery.com\/es\/wp-json\/wp\/v2\/pages\/8813","targetHints":{"allow":["GET"]}}],"collection":[{"href":"https:\/\/www.avanceplasticsurgery.com\/es\/wp-json\/wp\/v2\/pages"}],"about":[{"href":"https:\/\/www.avanceplasticsurgery.com\/es\/wp-json\/wp\/v2\/types\/page"}],"author":[{"embeddable":true,"href":"https:\/\/www.avanceplasticsurgery.com\/es\/wp-json\/wp\/v2\/users\/1"}],"replies":[{"embeddable":true,"href":"https:\/\/www.avanceplasticsurgery.com\/es\/wp-json\/wp\/v2\/comments?post=8813"}],"version-history":[{"count":1,"href":"https:\/\/www.avanceplasticsurgery.com\/es\/wp-json\/wp\/v2\/pages\/8813\/revisions"}],"predecessor-version":[{"id":11986,"href":"https:\/\/www.avanceplasticsurgery.com\/es\/wp-json\/wp\/v2\/pages\/8813\/revisions\/11986"}],"wp:attachment":[{"href":"https:\/\/www.avanceplasticsurgery.com\/es\/wp-json\/wp\/v2\/media?parent=8813"}],"curies":[{"name":"wp","href":"https:\/\/api.w.org\/{rel}","templated":true}]}}