{"id":8814,"date":"2020-09-15T13:43:46","date_gmt":"2020-09-15T13:43:46","guid":{"rendered":"https:\/\/www.avanceplasticsurgery.com\/acerca-de\/servicios-de-conserjeria\/"},"modified":"2020-09-15T13:43:46","modified_gmt":"2020-09-15T13:43:46","slug":"servicios-de-conserjeria","status":"publish","type":"page","link":"https:\/\/www.avanceplasticsurgery.com\/es\/acerca-de\/servicios-de-conserjeria\/","title":{"rendered":"Servicios de conserjer\u00eda"},"content":{"rendered":"<h1>\u00bfQu\u00e9 es el servicio de conserjer\u00eda del Instituto de Cirug\u00eda Pl\u00e1stica Avance?<\/h1>\n<p><a title=\"Instituto de Cirug\u00eda Pl\u00e1stica Avance de Reno NV\" href=\"https:\/\/www.avanceplasticsurgery.com\/es\/acerca-de\/\">El Instituto de Cirug\u00eda Pl\u00e1stica Avance<\/a> se ha asociado con los siguientes resorts galardonados para brindarles a nuestros pacientes una experiencia especial para disfrutar de la mejor comida, entretenimiento, tratamientos de spa y relajaci\u00f3n. Estas ofertas especiales son exclusivas para los pacientes del Avance Plastic Surgery Institute.<\/p>\n<h3 class=\"mt-4\">Atlantis Resort &amp; Spa, calificado con cuatro diamantes (Atlantis Concierge Tower)<\/h3>\n<p><img loading=\"lazy\" decoding=\"async\" src=\"https:\/\/www.avanceplasticsurgery.com\/wp-content\/uploads\/2020\/12\/concierge-lg.jpg\" alt=\"Habitaci\u00f3n Atlantis Resort &amp; Spa con calificaci\u00f3n de cuatro diamantes\" width=\"920\" height=\"575\" class=\"aligncenter wp-image-5986 size-full\" srcset=\"https:\/\/www.avanceplasticsurgery.com\/wp-content\/uploads\/2020\/12\/concierge-lg.jpg 920w, https:\/\/www.avanceplasticsurgery.com\/wp-content\/uploads\/2020\/12\/concierge-lg-300x188.jpg 300w, https:\/\/www.avanceplasticsurgery.com\/wp-content\/uploads\/2020\/12\/concierge-lg-768x480.jpg 768w\" sizes=\"auto, (max-width: 920px) 100vw, 920px\" \/><\/p>\n<h3 class=\"mt-5\">El \u00fanico resort de monta\u00f1a de 5 diamantes en el norte de California | El Ritz-Carlton en el lago Tahoe<\/h3>\n<p><img loading=\"lazy\" decoding=\"async\" src=\"https:\/\/www.avanceplasticsurgery.com\/wp-content\/uploads\/2021\/05\/rc-laketahoe-resort-pool-ls_062-2.jfif_.jpg\" alt=\"El \u00fanico resort de monta\u00f1a de 5 diamantes en el norte de California\" width=\"1024\" height=\"684\" class=\"aligncenter size-full wp-image-6595\" srcset=\"https:\/\/www.avanceplasticsurgery.com\/wp-content\/uploads\/2021\/05\/rc-laketahoe-resort-pool-ls_062-2.jfif_.jpg 1024w, https:\/\/www.avanceplasticsurgery.com\/wp-content\/uploads\/2021\/05\/rc-laketahoe-resort-pool-ls_062-2.jfif_-300x200.jpg 300w, https:\/\/www.avanceplasticsurgery.com\/wp-content\/uploads\/2021\/05\/rc-laketahoe-resort-pool-ls_062-2.jfif_-768x513.jpg 768w\" sizes=\"auto, (max-width: 1024px) 100vw, 1024px\" \/><\/p>\n<h3 class=\"mt-5\">El resort de 5 estrellas Edgewood Tahoe<\/h3>\n<p><img loading=\"lazy\" decoding=\"async\" src=\"https:\/\/www.avanceplasticsurgery.com\/wp-content\/uploads\/2021\/05\/rm356-9_0005-P.jpg\" alt=\"El resort de 5 estrellas Edgewood Tahoe\" width=\"1024\" height=\"720\" class=\"aligncenter size-full wp-image-6596\" srcset=\"https:\/\/www.avanceplasticsurgery.com\/wp-content\/uploads\/2021\/05\/rm356-9_0005-P.jpg 1024w, https:\/\/www.avanceplasticsurgery.com\/wp-content\/uploads\/2021\/05\/rm356-9_0005-P-300x211.jpg 300w, https:\/\/www.avanceplasticsurgery.com\/wp-content\/uploads\/2021\/05\/rm356-9_0005-P-768x540.jpg 768w\" sizes=\"auto, (max-width: 1024px) 100vw, 1024px\" \/><br \/>\nUna vez que se complete su cirug\u00eda, puede quedarse en una de las propiedades de lujo con las que nos hemos asociado para su recuperaci\u00f3n con la opci\u00f3n de nuestro personal de enfermer\u00eda privado. Su cuidado posterior puede incluir comidas personalizadas, medicamentos y apoyo posquir\u00fargico. La discreci\u00f3n, la privacidad, la comodidad y la atenci\u00f3n personalizada son nuestras prioridades cuando se trata de garantizar que su recuperaci\u00f3n sea reparadora y reparadora.<\/p>\n<h2>\u00bfCu\u00e1les son algunos destinos cercanos importantes?<\/h2>\n<p>Cuando venga a visitar al Dr. Dayan en Reno\/Tahoe, podr\u00e1 disfrutar de un paisaje incre\u00edble y de las maravillas naturales de la zona, incluido el lago Tahoe con sus aguas cristalinas y las pintorescas monta\u00f1as circundantes. Hay muchas boutiques y galer\u00edas para visitar en la regi\u00f3n, as\u00ed como sitios al aire libre para explorar. Incline Village fue construido por madereros en la d\u00e9cada de 1870 y ofrece impresionantes vistas del lago Tahoe durante todo el a\u00f1o. Crystal Bay es perfecto para los amantes del aire libre, mochileros y ciclistas.<\/p>\n<p><img loading=\"lazy\" decoding=\"async\" src=\"https:\/\/www.avanceplasticsurgery.com\/wp-content\/uploads\/2020\/12\/lake-tahoe.jpg\" alt=\"Lago Tahoe\" width=\"850\" height=\"567\" class=\"mb-5 aligncenter wp-image-5694 size-full\" srcset=\"https:\/\/www.avanceplasticsurgery.com\/wp-content\/uploads\/2020\/12\/lake-tahoe.jpg 850w, https:\/\/www.avanceplasticsurgery.com\/wp-content\/uploads\/2020\/12\/lake-tahoe-300x200.jpg 300w, https:\/\/www.avanceplasticsurgery.com\/wp-content\/uploads\/2020\/12\/lake-tahoe-768x512.jpg 768w\" sizes=\"auto, (max-width: 850px) 100vw, 850px\" \/><\/p>\n<h3>\u00bfQu\u00e9 es el Instituto de Cirug\u00eda Pl\u00e1stica Avance?<\/h3>\n<p>Avance Plastic Surgery Institute es un centro \u00fanico de cirug\u00eda pl\u00e1stica cosm\u00e9tica y reconstructiva y otros tratamientos est\u00e9ticos. El Dr. Dayan y su personal utilizan la \u00faltima tecnolog\u00eda disponible en la industria est\u00e9tica para ofrecer a los pacientes una gama completa de tratamientos est\u00e9ticos quir\u00fargicos, no invasivos y m\u00ednimamente invasivos para la salud y el bienestar.<\/p>\n<p>El Instituto de Cirug\u00eda Pl\u00e1stica Avance se enorgullece de albergar capacitaci\u00f3n e investigaci\u00f3n para los \u00faltimos dispositivos m\u00e9dico est\u00e9ticos de compa\u00f1\u00edas m\u00e9dicas l\u00edderes. Cirujanos pl\u00e1sticos de todas partes se capacitan aqu\u00ed sobre el uso \u00f3ptimo de dispositivos est\u00e9ticos y protocolos de tratamiento combinados. Nuestro talentoso equipo m\u00e9dico tambi\u00e9n realiza pruebas FDA en prototipos de dispositivos para seguridad y eficacia antes de llegar al mercado.<\/p>\n<p>Nuestro innovador centro de cirug\u00eda es uno de los dos \u00fanicos centros de cirug\u00eda pl\u00e1stica en el mundo que realizan pruebas de la \u00faltima tecnolog\u00eda de radiofrecuencia de manos libres para reafirmar la piel de InMode. Nuestro equipo de especialistas, dirigido por el Dr. Dayan, brinda los procedimientos y tratamientos m\u00e1s recientes y actualizados para revertir el envejecimiento, combatir las afecciones de la piel, reparar el da\u00f1o cosm\u00e9tico y mejorar su apariencia.<\/p>\n<p>Ll\u00e1menos o <a title=\"P\u00f3ngase en contacto con el Instituto de Cirug\u00eda Pl\u00e1stica Avance en Reno NV\" href=\"https:\/\/www.avanceplasticsurgery.com\/es\/contactenos\/\">env\u00edenos un mensaje en l\u00ednea<\/a> para obtener m\u00e1s informaci\u00f3n sobre nuestra amplia gama de procedimientos quir\u00fargicos cosm\u00e9ticos y reconstructivos y tratamientos est\u00e9ticos, as\u00ed como sobre c\u00f3mo puede disfrutar de servicios de conserjer\u00eda personalizados en uno de los mejores hoteles y spas en el coraz\u00f3n de Reno.<\/p>\n","protected":false},"excerpt":{"rendered":"<p>\u00bfQu\u00e9 es el servicio de conserjer\u00eda del Instituto de Cirug\u00eda Pl\u00e1stica Avance? El Instituto de Cirug\u00eda Pl\u00e1stica Avance se&hellip;<\/p>\n","protected":false},"author":1,"featured_media":0,"parent":8813,"menu_order":0,"comment_status":"closed","ping_status":"closed","template":"","meta":{"_acf_changed":false,"footnotes":""},"class_list":["post-8814","page","type-page","status-publish"],"acf":[],"yoast_head":"<!-- This site is optimized with the Yoast SEO plugin v25.6 - https:\/\/yoast.com\/wordpress\/plugins\/seo\/ -->\n<title>Servicios de conserjer\u00eda | Instituto de Cirug\u00eda Pl\u00e1stica Avance de Reno NV | Lago Tahoe<\/title>\n<meta name=\"description\" content=\"Disfrute de su recuperaci\u00f3n posoperatoria en el galardonado Atlantis Resort &amp; Spa, calificado con cuatro diamantes, en el coraz\u00f3n de Reno, NV. Los pacientes del Instituto de Cirug\u00eda Pl\u00e1stica Avance pueden elegir esta opci\u00f3n para un tiempo de rehabilitaci\u00f3n lujoso y reparador despu\u00e9s de los tratamientos.\" \/>\n<meta name=\"robots\" content=\"index, follow, max-snippet:-1, max-image-preview:large, max-video-preview:-1\" \/>\n<link rel=\"canonical\" href=\"https:\/\/www.avanceplasticsurgery.com\/es\/acerca-de\/servicios-de-conserjeria\/\" \/>\n<meta property=\"og:locale\" content=\"es_ES\" \/>\n<meta property=\"og:type\" content=\"article\" \/>\n<meta property=\"og:title\" content=\"Servicios de conserjer\u00eda | Instituto de Cirug\u00eda Pl\u00e1stica Avance de Reno NV | Lago Tahoe\" \/>\n<meta property=\"og:description\" content=\"Disfrute de su recuperaci\u00f3n posoperatoria en el galardonado Atlantis Resort &amp; Spa, calificado con cuatro diamantes, en el coraz\u00f3n de Reno, NV. Los pacientes del Instituto de Cirug\u00eda Pl\u00e1stica Avance pueden elegir esta opci\u00f3n para un tiempo de rehabilitaci\u00f3n lujoso y reparador despu\u00e9s de los tratamientos.\" \/>\n<meta property=\"og:url\" content=\"https:\/\/www.avanceplasticsurgery.com\/es\/acerca-de\/servicios-de-conserjeria\/\" \/>\n<meta property=\"og:site_name\" content=\"Avance Plastic Surgery\" \/>\n<meta property=\"og:image\" content=\"https:\/\/www.avanceplasticsurgery.com\/wp-content\/uploads\/2020\/12\/concierge-lg.jpg\" \/>\n<meta name=\"twitter:card\" content=\"summary_large_image\" \/>\n<meta name=\"twitter:label1\" content=\"Tiempo de lectura\" \/>\n\t<meta name=\"twitter:data1\" content=\"3 minutos\" \/>\n<!-- \/ Yoast SEO plugin. -->","yoast_head_json":{"title":"Servicios de conserjer\u00eda | Instituto de Cirug\u00eda Pl\u00e1stica Avance de Reno NV | Lago Tahoe","description":"Disfrute de su recuperaci\u00f3n posoperatoria en el galardonado Atlantis Resort & Spa, calificado con cuatro diamantes, en el coraz\u00f3n de Reno, NV. Los pacientes del Instituto de Cirug\u00eda Pl\u00e1stica Avance pueden elegir esta opci\u00f3n para un tiempo de rehabilitaci\u00f3n lujoso y reparador despu\u00e9s de los tratamientos.","robots":{"index":"index","follow":"follow","max-snippet":"max-snippet:-1","max-image-preview":"max-image-preview:large","max-video-preview":"max-video-preview:-1"},"canonical":"https:\/\/www.avanceplasticsurgery.com\/es\/acerca-de\/servicios-de-conserjeria\/","og_locale":"es_ES","og_type":"article","og_title":"Servicios de conserjer\u00eda | Instituto de Cirug\u00eda Pl\u00e1stica Avance de Reno NV | Lago Tahoe","og_description":"Disfrute de su recuperaci\u00f3n posoperatoria en el galardonado Atlantis Resort & Spa, calificado con cuatro diamantes, en el coraz\u00f3n de Reno, NV. Los pacientes del Instituto de Cirug\u00eda Pl\u00e1stica Avance pueden elegir esta opci\u00f3n para un tiempo de rehabilitaci\u00f3n lujoso y reparador despu\u00e9s de los tratamientos.","og_url":"https:\/\/www.avanceplasticsurgery.com\/es\/acerca-de\/servicios-de-conserjeria\/","og_site_name":"Avance Plastic Surgery","og_image":[{"url":"https:\/\/www.avanceplasticsurgery.com\/wp-content\/uploads\/2020\/12\/concierge-lg.jpg","type":"","width":"","height":""}],"twitter_card":"summary_large_image","twitter_misc":{"Tiempo de lectura":"3 minutos"},"schema":{"@context":"https:\/\/schema.org","@graph":[{"@type":"WebPage","@id":"https:\/\/www.avanceplasticsurgery.com\/es\/acerca-de\/servicios-de-conserjeria\/","url":"https:\/\/www.avanceplasticsurgery.com\/es\/acerca-de\/servicios-de-conserjeria\/","name":"Servicios de conserjer\u00eda | Instituto de Cirug\u00eda Pl\u00e1stica Avance de Reno NV | Lago Tahoe","isPartOf":{"@id":"https:\/\/www.avanceplasticsurgery.com\/es\/#website"},"primaryImageOfPage":{"@id":"https:\/\/www.avanceplasticsurgery.com\/es\/acerca-de\/servicios-de-conserjeria\/#primaryimage"},"image":{"@id":"https:\/\/www.avanceplasticsurgery.com\/es\/acerca-de\/servicios-de-conserjeria\/#primaryimage"},"thumbnailUrl":"https:\/\/www.avanceplasticsurgery.com\/wp-content\/uploads\/2020\/12\/concierge-lg.jpg","datePublished":"2020-09-15T13:43:46+00:00","description":"Disfrute de su recuperaci\u00f3n posoperatoria en el galardonado Atlantis Resort & Spa, calificado con cuatro diamantes, en el coraz\u00f3n de Reno, NV. Los pacientes del Instituto de Cirug\u00eda Pl\u00e1stica Avance pueden elegir esta opci\u00f3n para un tiempo de rehabilitaci\u00f3n lujoso y reparador despu\u00e9s de los tratamientos.","breadcrumb":{"@id":"https:\/\/www.avanceplasticsurgery.com\/es\/acerca-de\/servicios-de-conserjeria\/#breadcrumb"},"inLanguage":"es","potentialAction":[{"@type":"ReadAction","target":["https:\/\/www.avanceplasticsurgery.com\/es\/acerca-de\/servicios-de-conserjeria\/"]}]},{"@type":"ImageObject","inLanguage":"es","@id":"https:\/\/www.avanceplasticsurgery.com\/es\/acerca-de\/servicios-de-conserjeria\/#primaryimage","url":"https:\/\/www.avanceplasticsurgery.com\/wp-content\/uploads\/2020\/12\/concierge-lg.jpg","contentUrl":"https:\/\/www.avanceplasticsurgery.com\/wp-content\/uploads\/2020\/12\/concierge-lg.jpg"},{"@type":"BreadcrumbList","@id":"https:\/\/www.avanceplasticsurgery.com\/es\/acerca-de\/servicios-de-conserjeria\/#breadcrumb","itemListElement":[{"@type":"ListItem","position":1,"name":"Home","item":"https:\/\/www.avanceplasticsurgery.com\/es\/"},{"@type":"ListItem","position":2,"name":"Acerca de","item":"https:\/\/www.avanceplasticsurgery.com\/es\/acerca-de\/"},{"@type":"ListItem","position":3,"name":"Servicios de conserjer\u00eda"}]},{"@type":"WebSite","@id":"https:\/\/www.avanceplasticsurgery.com\/es\/#website","url":"https:\/\/www.avanceplasticsurgery.com\/es\/","name":"Avance Plastic Surgery","description":"","potentialAction":[{"@type":"SearchAction","target":{"@type":"EntryPoint","urlTemplate":"https:\/\/www.avanceplasticsurgery.com\/es\/?s={search_term_string}"},"query-input":{"@type":"PropertyValueSpecification","valueRequired":true,"valueName":"search_term_string"}}],"inLanguage":"es"}]}},"_links":{"self":[{"href":"https:\/\/www.avanceplasticsurgery.com\/es\/wp-json\/wp\/v2\/pages\/8814","targetHints":{"allow":["GET"]}}],"collection":[{"href":"https:\/\/www.avanceplasticsurgery.com\/es\/wp-json\/wp\/v2\/pages"}],"about":[{"href":"https:\/\/www.avanceplasticsurgery.com\/es\/wp-json\/wp\/v2\/types\/page"}],"author":[{"embeddable":true,"href":"https:\/\/www.avanceplasticsurgery.com\/es\/wp-json\/wp\/v2\/users\/1"}],"replies":[{"embeddable":true,"href":"https:\/\/www.avanceplasticsurgery.com\/es\/wp-json\/wp\/v2\/comments?post=8814"}],"version-history":[{"count":0,"href":"https:\/\/www.avanceplasticsurgery.com\/es\/wp-json\/wp\/v2\/pages\/8814\/revisions"}],"up":[{"embeddable":true,"href":"https:\/\/www.avanceplasticsurgery.com\/es\/wp-json\/wp\/v2\/pages\/8813"}],"wp:attachment":[{"href":"https:\/\/www.avanceplasticsurgery.com\/es\/wp-json\/wp\/v2\/media?parent=8814"}],"curies":[{"name":"wp","href":"https:\/\/api.w.org\/{rel}","templated":true}]}}