{"id":8817,"date":"2022-02-28T22:08:20","date_gmt":"2022-02-28T22:08:20","guid":{"rendered":"https:\/\/www.avanceplasticsurgery.com\/acerca-de\/fundacion-avance\/"},"modified":"2022-02-28T22:08:20","modified_gmt":"2022-02-28T22:08:20","slug":"fundacion-avance","status":"publish","type":"page","link":"https:\/\/www.avanceplasticsurgery.com\/es\/acerca-de\/fundacion-avance\/","title":{"rendered":"Fundaci\u00f3n Avance"},"content":{"rendered":"<h1>Fundaci\u00f3n Avance<\/h1>\n<p>La <a title=\"Instituto de Cirug\u00eda Pl\u00e1stica Avance de Reno NV\" href=\"https:\/\/www.avanceplasticsurgery.com\/es\/acerca-de\/\">Fundaci\u00f3n Avance<\/a> existe para brindar reconstrucci\u00f3n mamaria sin costo a pacientes que no tienen seguro o cuyo seguro no cubre la reconstrucci\u00f3n mamaria despu\u00e9s de la mastectom\u00eda. Si bien es \u00fatil para tratar el c\u00e1ncer y salvar vidas, la mastectom\u00eda tambi\u00e9n es altamente destructiva. La cirug\u00eda reconstructiva puede reconstruir una forma natural del cuerpo y mucho, mucho m\u00e1s.<\/p>\n<h2>Beneficios de la reconstrucci\u00f3n mamaria<\/h2>\n<p>La reconstrucci\u00f3n mamaria proporciona un camino hacia el cierre despu\u00e9s de un momento emocionalmente dif\u00edcil. La mastectom\u00eda puede verse muy diferente para cada paciente. Algunos pueden necesitar que se extirpe m\u00e1s tejido que otros, incluido el complejo areola-pez\u00f3n. La reconstrucci\u00f3n mamaria se puede personalizar para el cuerpo y las necesidades de cada mujer. Despu\u00e9s de la reconstrucci\u00f3n, una mujer puede sentirse m\u00e1s segura de s\u00ed misma con una mejor imagen corporal y lista para superar su dif\u00edcil batalla contra el c\u00e1ncer.<\/p>\n<h3>Opciones de reconstrucci\u00f3n mamaria<\/h3>\n<p>Hay varias opciones cuando se trata de la reconstrucci\u00f3n mamaria despu\u00e9s del c\u00e1ncer. La t\u00e9cnica o combinaci\u00f3n de procedimientos m\u00e1s beneficiosa se determinar\u00e1 seg\u00fan el tipo de mastectom\u00eda que haya tenido, su estado de salud actual y los resultados deseados.<\/p>\n<ul>\n<li><strong>Expansi\u00f3n de tejido:<\/strong> este proceso lleva tiempo, pero puede preparar la piel para los implantes mamarios en un momento posterior y puede facilitarle la recuperaci\u00f3n.<\/li>\n<li><strong>Implantes mamarios:<\/strong> varias opciones de implantes mamarios incluyen silicona, soluci\u00f3n salina y osito de goma. Su cirujano le har\u00e1 una recomendaci\u00f3n basada en el resultado deseado.<\/li>\n<li><strong>Transferencia de grasa: la<\/strong> grasa extra\u00edda de otra \u00e1rea del cuerpo a trav\u00e9s de la liposucci\u00f3n se puede inyectar en los senos para crear volumen.<\/li>\n<li><strong>T\u00e9cnicas de colgajo:<\/strong> estas t\u00e9cnicas involucran el trasplante de m\u00fasculo de otra \u00e1rea del cuerpo al seno, donde se reanuda el flujo sangu\u00edneo del tejido sano circundante.<\/li>\n<\/ul>\n<h4>\u00bfEres un candidato?<\/h4>\n<p>Hay muchos factores a considerar cuando se decide seguir adelante con la reconstrucci\u00f3n mamaria. Debe estar f\u00edsicamente sano y mentalmente preparado para este pr\u00f3ximo paso en su recuperaci\u00f3n post-c\u00e1ncer. La mejor manera de averiguar si usted es un candidato es discutir esto con un cirujano est\u00e9tico experimentado que pueda realizar una evaluaci\u00f3n m\u00e1s exhaustiva y abordar cualquiera de sus inquietudes.<\/p>\n<h5>Reconstrucci\u00f3n mamaria pro bono despu\u00e9s del c\u00e1ncer<\/h5>\n<p>A trav\u00e9s de la Fundaci\u00f3n Avance, el Dr. Erez Dayan ofrece reconstrucci\u00f3n mamaria gratuita para aquellas que se han sometido a una mastectom\u00eda debido al c\u00e1ncer de mama. Si no tiene seguro o su seguro no cubrir\u00e1 el costo de la reconstrucci\u00f3n, <a title=\"Comun\u00edquese con Avance Plastic Surgery en Reno NV\" href=\"https:\/\/www.avanceplasticsurgery.com\/es\/contactenos\/\">comun\u00edquese con Avance Plastic Surgery en l\u00ednea<\/a> o ll\u00e1menos hoy al (775) 800-4444 para programar una cita.<\/p>\n","protected":false},"excerpt":{"rendered":"<p>Fundaci\u00f3n Avance La Fundaci\u00f3n Avance existe para brindar reconstrucci\u00f3n mamaria sin costo a pacientes que no tienen seguro o&hellip;<\/p>\n","protected":false},"author":1,"featured_media":0,"parent":8813,"menu_order":0,"comment_status":"closed","ping_status":"closed","template":"","meta":{"_acf_changed":false,"footnotes":""},"class_list":["post-8817","page","type-page","status-publish"],"acf":[],"yoast_head":"<!-- This site is optimized with the Yoast SEO plugin v27.3 - https:\/\/yoast.com\/product\/yoast-seo-wordpress\/ -->\n<title>Reno NV Reconstrucci\u00f3n mamaria sin costo despu\u00e9s del c\u00e1ncer | Cirug\u00eda gratuita Lake Tahoe<\/title>\n<meta name=\"description\" content=\"A trav\u00e9s de la Fundaci\u00f3n Avance, el Dr. Erez Dayan brinda reconstrucci\u00f3n mamaria sin costo para aquellas que se han sometido a una mastectom\u00eda debido al c\u00e1ncer de mama.\" \/>\n<meta name=\"robots\" content=\"index, follow, max-snippet:-1, max-image-preview:large, max-video-preview:-1\" \/>\n<link rel=\"canonical\" href=\"https:\/\/www.avanceplasticsurgery.com\/es\/acerca-de\/fundacion-avance\/\" \/>\n<meta property=\"og:locale\" content=\"es_ES\" \/>\n<meta property=\"og:type\" content=\"article\" \/>\n<meta property=\"og:title\" content=\"Reno NV Reconstrucci\u00f3n mamaria sin costo despu\u00e9s del c\u00e1ncer | Cirug\u00eda gratuita Lake Tahoe\" \/>\n<meta property=\"og:description\" content=\"A trav\u00e9s de la Fundaci\u00f3n Avance, el Dr. Erez Dayan brinda reconstrucci\u00f3n mamaria sin costo para aquellas que se han sometido a una mastectom\u00eda debido al c\u00e1ncer de mama.\" \/>\n<meta property=\"og:url\" content=\"https:\/\/www.avanceplasticsurgery.com\/es\/acerca-de\/fundacion-avance\/\" \/>\n<meta property=\"og:site_name\" content=\"Avance Plastic Surgery\" \/>\n<meta name=\"twitter:card\" content=\"summary_large_image\" \/>\n<meta name=\"twitter:label1\" content=\"Tiempo de lectura\" \/>\n\t<meta name=\"twitter:data1\" content=\"2 minutos\" \/>\n<!-- \/ Yoast SEO plugin. -->","yoast_head_json":{"title":"Reno NV Reconstrucci\u00f3n mamaria sin costo despu\u00e9s del c\u00e1ncer | Cirug\u00eda gratuita Lake Tahoe","description":"A trav\u00e9s de la Fundaci\u00f3n Avance, el Dr. Erez Dayan brinda reconstrucci\u00f3n mamaria sin costo para aquellas que se han sometido a una mastectom\u00eda debido al c\u00e1ncer de mama.","robots":{"index":"index","follow":"follow","max-snippet":"max-snippet:-1","max-image-preview":"max-image-preview:large","max-video-preview":"max-video-preview:-1"},"canonical":"https:\/\/www.avanceplasticsurgery.com\/es\/acerca-de\/fundacion-avance\/","og_locale":"es_ES","og_type":"article","og_title":"Reno NV Reconstrucci\u00f3n mamaria sin costo despu\u00e9s del c\u00e1ncer | Cirug\u00eda gratuita Lake Tahoe","og_description":"A trav\u00e9s de la Fundaci\u00f3n Avance, el Dr. Erez Dayan brinda reconstrucci\u00f3n mamaria sin costo para aquellas que se han sometido a una mastectom\u00eda debido al c\u00e1ncer de mama.","og_url":"https:\/\/www.avanceplasticsurgery.com\/es\/acerca-de\/fundacion-avance\/","og_site_name":"Avance Plastic Surgery","twitter_card":"summary_large_image","twitter_misc":{"Tiempo de lectura":"2 minutos"},"schema":{"@context":"https:\/\/schema.org","@graph":[{"@type":"WebPage","@id":"https:\/\/www.avanceplasticsurgery.com\/es\/acerca-de\/fundacion-avance\/","url":"https:\/\/www.avanceplasticsurgery.com\/es\/acerca-de\/fundacion-avance\/","name":"Reno NV Reconstrucci\u00f3n mamaria sin costo despu\u00e9s del c\u00e1ncer | Cirug\u00eda gratuita Lake Tahoe","isPartOf":{"@id":"https:\/\/www.avanceplasticsurgery.com\/es\/#website"},"datePublished":"2022-02-28T22:08:20+00:00","description":"A trav\u00e9s de la Fundaci\u00f3n Avance, el Dr. Erez Dayan brinda reconstrucci\u00f3n mamaria sin costo para aquellas que se han sometido a una mastectom\u00eda debido al c\u00e1ncer de mama.","breadcrumb":{"@id":"https:\/\/www.avanceplasticsurgery.com\/es\/acerca-de\/fundacion-avance\/#breadcrumb"},"inLanguage":"es","potentialAction":[{"@type":"ReadAction","target":["https:\/\/www.avanceplasticsurgery.com\/es\/acerca-de\/fundacion-avance\/"]}]},{"@type":"BreadcrumbList","@id":"https:\/\/www.avanceplasticsurgery.com\/es\/acerca-de\/fundacion-avance\/#breadcrumb","itemListElement":[{"@type":"ListItem","position":1,"name":"Home","item":"https:\/\/www.avanceplasticsurgery.com\/es\/"},{"@type":"ListItem","position":2,"name":"Acerca de","item":"https:\/\/www.avanceplasticsurgery.com\/es\/acerca-de\/"},{"@type":"ListItem","position":3,"name":"Fundaci\u00f3n Avance"}]},{"@type":"WebSite","@id":"https:\/\/www.avanceplasticsurgery.com\/es\/#website","url":"https:\/\/www.avanceplasticsurgery.com\/es\/","name":"Avance Plastic Surgery","description":"","potentialAction":[{"@type":"SearchAction","target":{"@type":"EntryPoint","urlTemplate":"https:\/\/www.avanceplasticsurgery.com\/es\/?s={search_term_string}"},"query-input":{"@type":"PropertyValueSpecification","valueRequired":true,"valueName":"search_term_string"}}],"inLanguage":"es"}]}},"_links":{"self":[{"href":"https:\/\/www.avanceplasticsurgery.com\/es\/wp-json\/wp\/v2\/pages\/8817","targetHints":{"allow":["GET"]}}],"collection":[{"href":"https:\/\/www.avanceplasticsurgery.com\/es\/wp-json\/wp\/v2\/pages"}],"about":[{"href":"https:\/\/www.avanceplasticsurgery.com\/es\/wp-json\/wp\/v2\/types\/page"}],"author":[{"embeddable":true,"href":"https:\/\/www.avanceplasticsurgery.com\/es\/wp-json\/wp\/v2\/users\/1"}],"replies":[{"embeddable":true,"href":"https:\/\/www.avanceplasticsurgery.com\/es\/wp-json\/wp\/v2\/comments?post=8817"}],"version-history":[{"count":0,"href":"https:\/\/www.avanceplasticsurgery.com\/es\/wp-json\/wp\/v2\/pages\/8817\/revisions"}],"up":[{"embeddable":true,"href":"https:\/\/www.avanceplasticsurgery.com\/es\/wp-json\/wp\/v2\/pages\/8813"}],"wp:attachment":[{"href":"https:\/\/www.avanceplasticsurgery.com\/es\/wp-json\/wp\/v2\/media?parent=8817"}],"curies":[{"name":"wp","href":"https:\/\/api.w.org\/{rel}","templated":true}]}}