{"id":8818,"date":"2020-09-15T13:48:57","date_gmt":"2020-09-15T13:48:57","guid":{"rendered":"https:\/\/www.avanceplasticsurgery.com\/acerca-de\/seguros-y-financiamiento\/"},"modified":"2020-09-15T13:48:57","modified_gmt":"2020-09-15T13:48:57","slug":"seguros-y-financiamiento","status":"publish","type":"page","link":"https:\/\/www.avanceplasticsurgery.com\/es\/acerca-de\/seguros-y-financiamiento\/","title":{"rendered":"Seguros y Financiamiento"},"content":{"rendered":"<h1>\u00bfCu\u00e1les son mis opciones de financiaci\u00f3n?<\/h1>\n<p>El Dr. Dayan entiende que financiar un procedimiento cosm\u00e9tico puede ser un desaf\u00edo. Nuestra pr\u00e1ctica est\u00e1 fuera de la red con todas las compa\u00f1\u00edas de seguros, pero recibir\u00e1 toda la asistencia y el apoyo necesarios para completar la documentaci\u00f3n adecuada para el seguro o el financiamiento para que su procedimiento est\u00e9 en orden. Nuestro consultorio se complace en trabajar con pacientes que tienen beneficios fuera de la red.<\/p>\n<p>Si bien el seguro generalmente no cubre los procedimientos cosm\u00e9ticos electivos, el seguro puede pagar parte o la totalidad de su tratamiento si existe una necesidad m\u00e9dica. Los procedimientos como la reducci\u00f3n de senos, la reconstrucci\u00f3n de senos, el levantamiento de cejas, la blefaroplastia, la rinoplastia, el tratamiento de la migra\u00f1a y la reconstrucci\u00f3n de Mohs pueden tener componentes que se consideren m\u00e9dicamente necesarios. <strong>Si tiene preguntas y desea hablar directamente con nuestro departamento de finanzas de seguros, llame a la l\u00ednea directa de nuestro departamento de finanzas de seguros al (775) 900-0571<\/strong> .<\/p>\n<p>En <a title=\"Instituto de Cirug\u00eda Pl\u00e1stica Avance de Reno NV\" href=\"https:\/\/www.avanceplasticsurgery.com\/es\/acerca-de\/\">Avance Plastic Surgery Institute<\/a> , aceptamos todas las formas de pago est\u00e1ndar, incluidos efectivo, cheques de caja, tarjetas de cr\u00e9dito (Visa, Mastercard, American Express, Discover), as\u00ed como seguros.<\/p>\n<h2>Trabajamos con los siguientes prestamistas<\/h2>\n<p>Trabajamos con varias compa\u00f1\u00edas de financiamiento m\u00e9dico acreditadas. Estos prestamistas generalmente brindan una aprobaci\u00f3n instant\u00e1nea, por lo que puede saber de inmediato si recibir\u00e1 los fondos para continuar con su viaje cosm\u00e9tico. Ofrecemos opciones de reembolso sin intereses si califica. Nuestro personal puede explicarle el proceso a medida que avanza, por lo que nunca tendr\u00e1 miedo de perderse algo o cometer un error.<\/p>\n<h3>CareCredit<\/h3>\n<p><a href=\"https:\/\/www.carecredit.com\/go\/GNN669\/\" target=\"_blank\" rel=\"noopener\"><img loading=\"lazy\" decoding=\"async\" src=\"https:\/\/www.avanceplasticsurgery.com\/wp-content\/uploads\/2020\/12\/care_credit_logo-min-300x128.jpg\" alt=\"Care Credit Haciendo posible el cuidado...logo\" width=\"300\" height=\"128\" class=\"mb-3 alignnone wp-image-5966 size-medium\" srcset=\"https:\/\/www.avanceplasticsurgery.com\/wp-content\/uploads\/2020\/12\/care_credit_logo-min-300x128.jpg 300w, https:\/\/www.avanceplasticsurgery.com\/wp-content\/uploads\/2020\/12\/care_credit_logo-min.jpg 550w\" sizes=\"auto, (max-width: 300px) 100vw, 300px\" \/><\/a><br \/>\nCareCredit es uno de los programas de pr\u00e9stamos m\u00e1s confiables del pa\u00eds, que ofrece a los pacientes pr\u00e9stamos de hasta $25,000 con pagos mensuales m\u00ednimos bajos que son asequibles para todos los presupuestos.<br \/>\nCareCredit le permite:<\/p>\n<ul>\n<li>Comience su tratamiento cosm\u00e9tico de inmediato y pague con el tiempo<\/li>\n<li>Contin\u00fae pagando los gastos m\u00e9dicos sin tener que volver a solicitar<\/li>\n<li>Pagar por partes de su tratamiento no cubiertas por su seguro<\/li>\n<li>No pague cuotas anuales<\/li>\n<\/ul>\n<p><a href=\"https:\/\/www.carecredit.com\/go\/GNN669\/\" target=\"_blank\" rel=\"noopener noreferrer\" class=\"btn btn-primary mb-3\">CareCredit<\/a><\/p>\n<h3>alfaeon<\/h3>\n<p><img loading=\"lazy\" decoding=\"async\" src=\"https:\/\/www.avanceplasticsurgery.com\/wp-content\/uploads\/2020\/12\/Alphaeon-corp-logo-300x150.png\" alt=\"Alphaeon logo\" width=\"300\" height=\"150\" class=\"mb-3 alignnone wp-image-5965 size-medium\" srcset=\"https:\/\/www.avanceplasticsurgery.com\/wp-content\/uploads\/2020\/12\/Alphaeon-corp-logo-300x150.png 300w, https:\/\/www.avanceplasticsurgery.com\/wp-content\/uploads\/2020\/12\/Alphaeon-corp-logo.png 447w\" sizes=\"auto, (max-width: 300px) 100vw, 300px\" \/><br \/>\nAverig\u00fce si precalifica sin afectar su cr\u00e9dito.<\/p>\n<p>Alphaeon es r\u00e1pido, f\u00e1cil y seguro con resultados instant\u00e1neos, incluido su l\u00edmite de cr\u00e9dito.<\/p>\n<p>Alphaeon le permite tener el tratamiento cosm\u00e9tico que desea ahora y pagar con el tiempo.<\/p>\n<p><a href=\"https:\/\/www.goalphaeon.com\/applycosmetic\" target=\"_blank\" rel=\"noopener noreferrer\" class=\"btn btn-primary mb-3\">alfaeon<\/a><\/p>\n<h3>PatinFi<\/h3>\n<p><img loading=\"lazy\" decoding=\"async\" src=\"https:\/\/www.avanceplasticsurgery.com\/wp-content\/uploads\/2021\/02\/patientfi-300x100.png\" alt=\"PatientFi logo\" width=\"300\" height=\"100\" class=\"alignnone size-medium my-4 wp-image-6337\" srcset=\"https:\/\/www.avanceplasticsurgery.com\/wp-content\/uploads\/2021\/02\/patientfi-300x100.png 300w, https:\/\/www.avanceplasticsurgery.com\/wp-content\/uploads\/2021\/02\/patientfi.png 434w\" sizes=\"auto, (max-width: 300px) 100vw, 300px\" \/><br \/>\nPatientFi pone el mejor inter\u00e9s del paciente en el centro de todo.<\/p>\n<p>Dise\u00f1ado por los principales cirujanos pl\u00e1sticos del pa\u00eds, PatientFi le permite pagar su tratamiento a trav\u00e9s de planes de pago mensuales flexibles, personalizados para adaptarse a su presupuesto.<\/p>\n<p><strong>Verificar su tasa no da\u00f1ar\u00e1 su puntaje de cr\u00e9dito. \u00a1Descubre tu pago mensual hoy!<\/strong><\/p>\n<p><a href=\"https:\/\/app.patientfi.com\/avanceplasticsurgery\" target=\"_blank\" rel=\"noopener noreferrer\" class=\"btn btn-primary mb-3\">PacienteFi<\/a><\/p>\n","protected":false},"excerpt":{"rendered":"<p>\u00bfCu\u00e1les son mis opciones de financiaci\u00f3n? El Dr. Dayan entiende que financiar un procedimiento cosm\u00e9tico puede ser un desaf\u00edo.&hellip;<\/p>\n","protected":false},"author":1,"featured_media":0,"parent":8813,"menu_order":0,"comment_status":"closed","ping_status":"closed","template":"","meta":{"_acf_changed":false,"footnotes":""},"class_list":["post-8818","page","type-page","status-publish"],"acf":[],"yoast_head":"<!-- This site is optimized with the Yoast SEO plugin v27.4 - https:\/\/yoast.com\/product\/yoast-seo-wordpress\/ -->\n<title>Reno NV Financiamiento de Cirug\u00eda Pl\u00e1stica | Instituto de Cirug\u00eda Pl\u00e1stica Avance | Lago Tahoe<\/title>\n<meta name=\"description\" content=\"El Instituto de Cirug\u00eda Pl\u00e1stica Avance en Reno, NV, ofrece numerosas formas de ayudar a los pacientes a financiar su viaje cosm\u00e9tico. Podemos ayudarlo con los planes de pago y las opciones de financiaci\u00f3n a trav\u00e9s de los proveedores de cr\u00e9dito de salud m\u00e1s populares. Hable con un miembro del equipo para obtener m\u00e1s detalles.\" \/>\n<meta name=\"robots\" content=\"index, follow, max-snippet:-1, max-image-preview:large, max-video-preview:-1\" \/>\n<link rel=\"canonical\" href=\"https:\/\/www.avanceplasticsurgery.com\/es\/acerca-de\/seguros-y-financiamiento\/\" \/>\n<meta property=\"og:locale\" content=\"es_ES\" \/>\n<meta property=\"og:type\" content=\"article\" \/>\n<meta property=\"og:title\" content=\"Reno NV Financiamiento de Cirug\u00eda Pl\u00e1stica | Instituto de Cirug\u00eda Pl\u00e1stica Avance | Lago Tahoe\" \/>\n<meta property=\"og:description\" content=\"El Instituto de Cirug\u00eda Pl\u00e1stica Avance en Reno, NV, ofrece numerosas formas de ayudar a los pacientes a financiar su viaje cosm\u00e9tico. Podemos ayudarlo con los planes de pago y las opciones de financiaci\u00f3n a trav\u00e9s de los proveedores de cr\u00e9dito de salud m\u00e1s populares. Hable con un miembro del equipo para obtener m\u00e1s detalles.\" \/>\n<meta property=\"og:url\" content=\"https:\/\/www.avanceplasticsurgery.com\/es\/acerca-de\/seguros-y-financiamiento\/\" \/>\n<meta property=\"og:site_name\" content=\"Avance Plastic Surgery\" \/>\n<meta property=\"og:image\" content=\"https:\/\/www.avanceplasticsurgery.com\/wp-content\/uploads\/2020\/12\/care_credit_logo-min-300x128.jpg\" \/>\n<meta name=\"twitter:card\" content=\"summary_large_image\" \/>\n<meta name=\"twitter:label1\" content=\"Tiempo de lectura\" \/>\n\t<meta name=\"twitter:data1\" content=\"2 minutos\" \/>\n<!-- \/ Yoast SEO plugin. -->","yoast_head_json":{"title":"Reno NV Financiamiento de Cirug\u00eda Pl\u00e1stica | Instituto de Cirug\u00eda Pl\u00e1stica Avance | Lago Tahoe","description":"El Instituto de Cirug\u00eda Pl\u00e1stica Avance en Reno, NV, ofrece numerosas formas de ayudar a los pacientes a financiar su viaje cosm\u00e9tico. Podemos ayudarlo con los planes de pago y las opciones de financiaci\u00f3n a trav\u00e9s de los proveedores de cr\u00e9dito de salud m\u00e1s populares. Hable con un miembro del equipo para obtener m\u00e1s detalles.","robots":{"index":"index","follow":"follow","max-snippet":"max-snippet:-1","max-image-preview":"max-image-preview:large","max-video-preview":"max-video-preview:-1"},"canonical":"https:\/\/www.avanceplasticsurgery.com\/es\/acerca-de\/seguros-y-financiamiento\/","og_locale":"es_ES","og_type":"article","og_title":"Reno NV Financiamiento de Cirug\u00eda Pl\u00e1stica | Instituto de Cirug\u00eda Pl\u00e1stica Avance | Lago Tahoe","og_description":"El Instituto de Cirug\u00eda Pl\u00e1stica Avance en Reno, NV, ofrece numerosas formas de ayudar a los pacientes a financiar su viaje cosm\u00e9tico. Podemos ayudarlo con los planes de pago y las opciones de financiaci\u00f3n a trav\u00e9s de los proveedores de cr\u00e9dito de salud m\u00e1s populares. Hable con un miembro del equipo para obtener m\u00e1s detalles.","og_url":"https:\/\/www.avanceplasticsurgery.com\/es\/acerca-de\/seguros-y-financiamiento\/","og_site_name":"Avance Plastic Surgery","og_image":[{"url":"https:\/\/www.avanceplasticsurgery.com\/wp-content\/uploads\/2020\/12\/care_credit_logo-min-300x128.jpg","type":"","width":"","height":""}],"twitter_card":"summary_large_image","twitter_misc":{"Tiempo de lectura":"2 minutos"},"schema":{"@context":"https:\/\/schema.org","@graph":[{"@type":"WebPage","@id":"https:\/\/www.avanceplasticsurgery.com\/es\/acerca-de\/seguros-y-financiamiento\/","url":"https:\/\/www.avanceplasticsurgery.com\/es\/acerca-de\/seguros-y-financiamiento\/","name":"Reno NV Financiamiento de Cirug\u00eda Pl\u00e1stica | Instituto de Cirug\u00eda Pl\u00e1stica Avance | Lago Tahoe","isPartOf":{"@id":"https:\/\/www.avanceplasticsurgery.com\/es\/#website"},"primaryImageOfPage":{"@id":"https:\/\/www.avanceplasticsurgery.com\/es\/acerca-de\/seguros-y-financiamiento\/#primaryimage"},"image":{"@id":"https:\/\/www.avanceplasticsurgery.com\/es\/acerca-de\/seguros-y-financiamiento\/#primaryimage"},"thumbnailUrl":"https:\/\/www.avanceplasticsurgery.com\/wp-content\/uploads\/2020\/12\/care_credit_logo-min-300x128.jpg","datePublished":"2020-09-15T13:48:57+00:00","description":"El Instituto de Cirug\u00eda Pl\u00e1stica Avance en Reno, NV, ofrece numerosas formas de ayudar a los pacientes a financiar su viaje cosm\u00e9tico. Podemos ayudarlo con los planes de pago y las opciones de financiaci\u00f3n a trav\u00e9s de los proveedores de cr\u00e9dito de salud m\u00e1s populares. Hable con un miembro del equipo para obtener m\u00e1s detalles.","breadcrumb":{"@id":"https:\/\/www.avanceplasticsurgery.com\/es\/acerca-de\/seguros-y-financiamiento\/#breadcrumb"},"inLanguage":"es","potentialAction":[{"@type":"ReadAction","target":["https:\/\/www.avanceplasticsurgery.com\/es\/acerca-de\/seguros-y-financiamiento\/"]}]},{"@type":"ImageObject","inLanguage":"es","@id":"https:\/\/www.avanceplasticsurgery.com\/es\/acerca-de\/seguros-y-financiamiento\/#primaryimage","url":"https:\/\/www.avanceplasticsurgery.com\/wp-content\/uploads\/2020\/12\/care_credit_logo-min-300x128.jpg","contentUrl":"https:\/\/www.avanceplasticsurgery.com\/wp-content\/uploads\/2020\/12\/care_credit_logo-min-300x128.jpg"},{"@type":"BreadcrumbList","@id":"https:\/\/www.avanceplasticsurgery.com\/es\/acerca-de\/seguros-y-financiamiento\/#breadcrumb","itemListElement":[{"@type":"ListItem","position":1,"name":"Home","item":"https:\/\/www.avanceplasticsurgery.com\/es\/"},{"@type":"ListItem","position":2,"name":"Acerca de","item":"https:\/\/www.avanceplasticsurgery.com\/es\/acerca-de\/"},{"@type":"ListItem","position":3,"name":"Seguros y Financiamiento"}]},{"@type":"WebSite","@id":"https:\/\/www.avanceplasticsurgery.com\/es\/#website","url":"https:\/\/www.avanceplasticsurgery.com\/es\/","name":"Avance Plastic Surgery","description":"","potentialAction":[{"@type":"SearchAction","target":{"@type":"EntryPoint","urlTemplate":"https:\/\/www.avanceplasticsurgery.com\/es\/?s={search_term_string}"},"query-input":{"@type":"PropertyValueSpecification","valueRequired":true,"valueName":"search_term_string"}}],"inLanguage":"es"}]}},"_links":{"self":[{"href":"https:\/\/www.avanceplasticsurgery.com\/es\/wp-json\/wp\/v2\/pages\/8818","targetHints":{"allow":["GET"]}}],"collection":[{"href":"https:\/\/www.avanceplasticsurgery.com\/es\/wp-json\/wp\/v2\/pages"}],"about":[{"href":"https:\/\/www.avanceplasticsurgery.com\/es\/wp-json\/wp\/v2\/types\/page"}],"author":[{"embeddable":true,"href":"https:\/\/www.avanceplasticsurgery.com\/es\/wp-json\/wp\/v2\/users\/1"}],"replies":[{"embeddable":true,"href":"https:\/\/www.avanceplasticsurgery.com\/es\/wp-json\/wp\/v2\/comments?post=8818"}],"version-history":[{"count":0,"href":"https:\/\/www.avanceplasticsurgery.com\/es\/wp-json\/wp\/v2\/pages\/8818\/revisions"}],"up":[{"embeddable":true,"href":"https:\/\/www.avanceplasticsurgery.com\/es\/wp-json\/wp\/v2\/pages\/8813"}],"wp:attachment":[{"href":"https:\/\/www.avanceplasticsurgery.com\/es\/wp-json\/wp\/v2\/media?parent=8818"}],"curies":[{"name":"wp","href":"https:\/\/api.w.org\/{rel}","templated":true}]}}