{"id":8819,"date":"2022-01-18T16:21:24","date_gmt":"2022-01-18T16:21:24","guid":{"rendered":"https:\/\/www.avanceplasticsurgery.com\/acerca-de\/programa-de-mantenimiento\/"},"modified":"2022-01-18T16:21:24","modified_gmt":"2022-01-18T16:21:24","slug":"programa-de-mantenimiento","status":"publish","type":"page","link":"https:\/\/www.avanceplasticsurgery.com\/es\/acerca-de\/programa-de-mantenimiento\/","title":{"rendered":"Programa de mantenimiento"},"content":{"rendered":"<h1>Programa de Mantenimiento de Cirug\u00eda Pl\u00e1stica<\/h1>\n<p>Una de las ventajas de confiar en <a title=\"Instituto de Cirug\u00eda Pl\u00e1stica Avance de Reno NV\" href=\"https:\/\/www.avanceplasticsurgery.com\/es\/acerca-de\/\">Avance Plastic Surgery Institute<\/a> para sus tratamientos de contorno facial y corporal es nuestro programa de mantenimiento del paciente. Cada procedimiento producir\u00e1 resultados diferentes. Cuando disfruta de tratamientos como BodyTite, FaceTite y AccuTite\u2122 del Dr. Erez Dayan, hay beneficios adicionales disponibles para ayudar a que sus resultados duren m\u00e1s.<\/p>\n<p>Nuestra filosof\u00eda es que el cuidado de la piel es un compromiso continuo. Sin embargo, tambi\u00e9n entendemos que los mejores resultados a menudo requieren una mano amiga. El programa de mantenimiento en Avance Plastic Surgery Institute est\u00e1 dise\u00f1ado para ofrecer a los pacientes una forma conveniente de continuar viendo los beneficios de nuestros tratamientos durante el mayor tiempo posible.<\/p>\n<h2>Dispositivos de mejora del tratamiento<\/h2>\n<p>Forma Body permite apuntar con precisi\u00f3n a las \u00e1reas del cuerpo para mantener una forma m\u00e1s esbelta. Otro dispositivo efectivo, Morpheus 8, tambi\u00e9n se usa para contornear a\u00fan m\u00e1s la piel. Ambos dispositivos utilizan energ\u00eda de radiofrecuencia para ablandar el bolsillo del pecho.<\/p>\n<p>Los resultados de procedimientos como la liposucci\u00f3n, la abdominoplastia y la miniabdominoplastia restaurar\u00e1n la confianza corporal del paciente. Forma Body, Evolve y Morpheus 8 garantizar\u00e1n que los pacientes disfruten de los resultados del tratamiento durante per\u00edodos de tiempo m\u00e1s prolongados.<\/p>\n<p>Si ha asistido al Instituto de Cirug\u00eda Pl\u00e1stica Avance para procedimientos de rejuvenecimiento facial, tenemos opciones de cuidados posteriores para ayudarlo a mantener excelentes resultados. Forma, Morpheus 8 y Evoke son solo algunos de los dispositivos que utiliza el Dr. Erez Dayan para garantizar que sus resultados no disminuyan demasiado pronto.<\/p>\n<p>Para todos los tratamientos centrados en los ojos, recomendamos el mantenimiento con Morpheus 8. Regresar al Instituto de Cirug\u00eda Pl\u00e1stica Avance para obtener m\u00e1s mejoras en el cuidado de la piel lo mantendr\u00e1 luciendo joven con una piel rejuvenecida.<\/p>\n<h3>Consulta de paciente nuevo<\/h3>\n<p>Los pacientes que son nuevos en Avance Plastic Surgery Institute pueden considerar BodyTite, FaceTite o AccuTite para una piel m\u00e1s tersa y tersa. El Dr. Dayan y su equipo creen que todos tienen derecho a acceder al rejuvenecimiento de la piel en Nevada. Tambi\u00e9n extendemos una invitaci\u00f3n a pacientes fuera del estado con una consulta virtual inicial cuando viajar no es una opci\u00f3n.<\/p>\n<p>El prop\u00f3sito de una consulta en Avance Plastic Surgery Institute es brindar a los pacientes educaci\u00f3n, recomendaciones y orientaci\u00f3n. <a title=\"P\u00f3ngase en contacto con el Instituto de Cirug\u00eda Pl\u00e1stica Avance en Reno NV\" href=\"https:\/\/www.avanceplasticsurgery.com\/es\/contactenos\/\">P\u00f3ngase en contacto con nuestra oficina<\/a> hoy para reservar su primera cita si desea obtener m\u00e1s informaci\u00f3n sobre nuestros tratamientos de contorno facial y corporal.<\/p>\n","protected":false},"excerpt":{"rendered":"<p>Programa de Mantenimiento de Cirug\u00eda Pl\u00e1stica Una de las ventajas de confiar en Avance Plastic Surgery Institute para sus&hellip;<\/p>\n","protected":false},"author":1,"featured_media":0,"parent":8813,"menu_order":0,"comment_status":"closed","ping_status":"closed","template":"","meta":{"_acf_changed":false,"footnotes":""},"class_list":["post-8819","page","type-page","status-publish"],"acf":[],"yoast_head":"<!-- This site is optimized with the Yoast SEO plugin v27.4 - https:\/\/yoast.com\/product\/yoast-seo-wordpress\/ -->\n<title>Procedimientos cosm\u00e9ticos no invasivos de Reno NV para mantener los resultados de la cirug\u00eda pl\u00e1stica<\/title>\n<meta name=\"description\" content=\"Avance Plastic Surgery Institute ofrece beneficios extendidos del tratamiento con nuestro programa de mantenimiento. Llame hoy para reservar su consulta con el Dr. Dayan.\" \/>\n<meta name=\"robots\" content=\"index, follow, max-snippet:-1, max-image-preview:large, max-video-preview:-1\" \/>\n<link rel=\"canonical\" href=\"https:\/\/www.avanceplasticsurgery.com\/es\/acerca-de\/programa-de-mantenimiento\/\" \/>\n<meta property=\"og:locale\" content=\"es_ES\" \/>\n<meta property=\"og:type\" content=\"article\" \/>\n<meta property=\"og:title\" content=\"Procedimientos cosm\u00e9ticos no invasivos de Reno NV para mantener los resultados de la cirug\u00eda pl\u00e1stica\" \/>\n<meta property=\"og:description\" content=\"Avance Plastic Surgery Institute ofrece beneficios extendidos del tratamiento con nuestro programa de mantenimiento. Llame hoy para reservar su consulta con el Dr. Dayan.\" \/>\n<meta property=\"og:url\" content=\"https:\/\/www.avanceplasticsurgery.com\/es\/acerca-de\/programa-de-mantenimiento\/\" \/>\n<meta property=\"og:site_name\" content=\"Avance Plastic Surgery\" \/>\n<meta name=\"twitter:card\" content=\"summary_large_image\" \/>\n<meta name=\"twitter:label1\" content=\"Tiempo de lectura\" \/>\n\t<meta name=\"twitter:data1\" content=\"2 minutos\" \/>\n<!-- \/ Yoast SEO plugin. -->","yoast_head_json":{"title":"Procedimientos cosm\u00e9ticos no invasivos de Reno NV para mantener los resultados de la cirug\u00eda pl\u00e1stica","description":"Avance Plastic Surgery Institute ofrece beneficios extendidos del tratamiento con nuestro programa de mantenimiento. Llame hoy para reservar su consulta con el Dr. Dayan.","robots":{"index":"index","follow":"follow","max-snippet":"max-snippet:-1","max-image-preview":"max-image-preview:large","max-video-preview":"max-video-preview:-1"},"canonical":"https:\/\/www.avanceplasticsurgery.com\/es\/acerca-de\/programa-de-mantenimiento\/","og_locale":"es_ES","og_type":"article","og_title":"Procedimientos cosm\u00e9ticos no invasivos de Reno NV para mantener los resultados de la cirug\u00eda pl\u00e1stica","og_description":"Avance Plastic Surgery Institute ofrece beneficios extendidos del tratamiento con nuestro programa de mantenimiento. Llame hoy para reservar su consulta con el Dr. Dayan.","og_url":"https:\/\/www.avanceplasticsurgery.com\/es\/acerca-de\/programa-de-mantenimiento\/","og_site_name":"Avance Plastic Surgery","twitter_card":"summary_large_image","twitter_misc":{"Tiempo de lectura":"2 minutos"},"schema":{"@context":"https:\/\/schema.org","@graph":[{"@type":"WebPage","@id":"https:\/\/www.avanceplasticsurgery.com\/es\/acerca-de\/programa-de-mantenimiento\/","url":"https:\/\/www.avanceplasticsurgery.com\/es\/acerca-de\/programa-de-mantenimiento\/","name":"Procedimientos cosm\u00e9ticos no invasivos de Reno NV para mantener los resultados de la cirug\u00eda pl\u00e1stica","isPartOf":{"@id":"https:\/\/www.avanceplasticsurgery.com\/es\/#website"},"datePublished":"2022-01-18T16:21:24+00:00","description":"Avance Plastic Surgery Institute ofrece beneficios extendidos del tratamiento con nuestro programa de mantenimiento. Llame hoy para reservar su consulta con el Dr. Dayan.","breadcrumb":{"@id":"https:\/\/www.avanceplasticsurgery.com\/es\/acerca-de\/programa-de-mantenimiento\/#breadcrumb"},"inLanguage":"es","potentialAction":[{"@type":"ReadAction","target":["https:\/\/www.avanceplasticsurgery.com\/es\/acerca-de\/programa-de-mantenimiento\/"]}]},{"@type":"BreadcrumbList","@id":"https:\/\/www.avanceplasticsurgery.com\/es\/acerca-de\/programa-de-mantenimiento\/#breadcrumb","itemListElement":[{"@type":"ListItem","position":1,"name":"Home","item":"https:\/\/www.avanceplasticsurgery.com\/es\/"},{"@type":"ListItem","position":2,"name":"Acerca de","item":"https:\/\/www.avanceplasticsurgery.com\/es\/acerca-de\/"},{"@type":"ListItem","position":3,"name":"Programa de mantenimiento"}]},{"@type":"WebSite","@id":"https:\/\/www.avanceplasticsurgery.com\/es\/#website","url":"https:\/\/www.avanceplasticsurgery.com\/es\/","name":"Avance Plastic Surgery","description":"","potentialAction":[{"@type":"SearchAction","target":{"@type":"EntryPoint","urlTemplate":"https:\/\/www.avanceplasticsurgery.com\/es\/?s={search_term_string}"},"query-input":{"@type":"PropertyValueSpecification","valueRequired":true,"valueName":"search_term_string"}}],"inLanguage":"es"}]}},"_links":{"self":[{"href":"https:\/\/www.avanceplasticsurgery.com\/es\/wp-json\/wp\/v2\/pages\/8819","targetHints":{"allow":["GET"]}}],"collection":[{"href":"https:\/\/www.avanceplasticsurgery.com\/es\/wp-json\/wp\/v2\/pages"}],"about":[{"href":"https:\/\/www.avanceplasticsurgery.com\/es\/wp-json\/wp\/v2\/types\/page"}],"author":[{"embeddable":true,"href":"https:\/\/www.avanceplasticsurgery.com\/es\/wp-json\/wp\/v2\/users\/1"}],"replies":[{"embeddable":true,"href":"https:\/\/www.avanceplasticsurgery.com\/es\/wp-json\/wp\/v2\/comments?post=8819"}],"version-history":[{"count":0,"href":"https:\/\/www.avanceplasticsurgery.com\/es\/wp-json\/wp\/v2\/pages\/8819\/revisions"}],"up":[{"embeddable":true,"href":"https:\/\/www.avanceplasticsurgery.com\/es\/wp-json\/wp\/v2\/pages\/8813"}],"wp:attachment":[{"href":"https:\/\/www.avanceplasticsurgery.com\/es\/wp-json\/wp\/v2\/media?parent=8819"}],"curies":[{"name":"wp","href":"https:\/\/api.w.org\/{rel}","templated":true}]}}