{"id":8820,"date":"2021-11-12T14:30:11","date_gmt":"2021-11-12T14:30:11","guid":{"rendered":"https:\/\/www.avanceplasticsurgery.com\/acerca-de\/guia-pre-y-post-cirugia-plastica\/"},"modified":"2021-11-12T14:30:11","modified_gmt":"2021-11-12T14:30:11","slug":"guia-pre-y-post-cirugia-plastica","status":"publish","type":"page","link":"https:\/\/www.avanceplasticsurgery.com\/es\/acerca-de\/guia-pre-y-post-cirugia-plastica\/","title":{"rendered":"Gu\u00eda Pre y Post Cirug\u00eda Pl\u00e1stica"},"content":{"rendered":"<h1>Gu\u00eda Pre y Post Cirug\u00eda Pl\u00e1stica<\/h1>\n<p>Al someterse a una cirug\u00eda pl\u00e1stica, los pacientes pueden hacer su parte para ayudar a lograr los mejores resultados posibles. En <a title=\"Acerca de Avance Plastic Surgery en Reno NV\" href=\"https:\/\/www.avanceplasticsurgery.com\/es\/acerca-de\/\">Avance Plastic Surgery<\/a> , el Dr. Dayan y nuestro equipo har\u00e1n todo lo posible para crear los resultados deseados para su procedimiento, pero dependemos de usted para seguir las recomendaciones previas y posteriores a la cirug\u00eda. Hemos elaborado una gu\u00eda general para prepararlo para su procedimiento de cirug\u00eda pl\u00e1stica y nuestras recomendaciones para el cuidado posterior a la cirug\u00eda. Esto tiene como objetivo brindarle las herramientas para ayudarlo a mejorar sus resultados y reducir cualquier riesgo para una recuperaci\u00f3n m\u00e1s r\u00e1pida.<\/p>\n<h3>Preparaci\u00f3n previa a la cirug\u00eda<\/h3>\n<p>Comenzando tres semanas antes de su cirug\u00eda pl\u00e1stica programada, querr\u00e1 comenzar a prepararse para su procedimiento. Esto incluye completar las citas m\u00e9dicas necesarias, los an\u00e1lisis de laboratorio y la financiaci\u00f3n de su cirug\u00eda, as\u00ed como preparar su cuerpo y su hogar. Revise las siguientes listas de verificaci\u00f3n de preparaci\u00f3n para asegurarse de saber qu\u00e9 esperar en las semanas previas a su procedimiento.<\/p>\n<h3>Tres semanas antes de la cirug\u00eda<\/h3>\n<p>Tres semanas antes de su cirug\u00eda, debe estar listo para comenzar la preparaci\u00f3n final para su procedimiento. Aqu\u00ed es cuando necesita obtener su autorizaci\u00f3n m\u00e9dica final para la cirug\u00eda y comenzar a restringir ciertas actividades para prepararse para su procedimiento.<\/p>\n<ul>\n<li><strong>Consulte a su m\u00e9dico de atenci\u00f3n primaria.<\/strong> Le indicaremos qu\u00e9 pruebas de laboratorio son necesarias para autorizarlo m\u00e9dicamente para la cirug\u00eda. Necesitaremos los resultados de laboratorio y la confirmaci\u00f3n de su examen f\u00edsico y la autorizaci\u00f3n de su m\u00e9dico de cabecera y especialistas dos semanas antes de su cirug\u00eda.<\/li>\n<li><strong>Hable con su compa\u00f1\u00eda de seguros.<\/strong> Si su procedimiento est\u00e1 cubierto por un seguro, aseg\u00farese de obtener la aprobaci\u00f3n final.<\/li>\n<li><strong>Pagos.<\/strong> Llame a nuestra oficina para realizar los pagos de su procedimiento. Su cirug\u00eda podr\u00eda cancelarse si no se recibe el pago.<\/li>\n<li><strong>Deja de fumar.<\/strong> Es fundamental dejar de fumar tres semanas o m\u00e1s antes de la cirug\u00eda.<\/li>\n<li><strong>Limite o deje de consumir alcohol.<\/strong> Si bebe alcohol, se recomienda abstenerse o limitar el consumo tres semanas antes de la cirug\u00eda para disminuir los riesgos para la salud y mejorar la curaci\u00f3n.<\/li>\n<li><strong>Hazte una prueba de embarazo.<\/strong> Las mujeres querr\u00e1n asegurarse de no estar embarazadas y usar m\u00e9todos anticonceptivos para prevenir el embarazo antes de la cirug\u00eda.<\/li>\n<li><strong>Abstenerse de broncearse.<\/strong> Deje de tomar el sol, productos de bronceado o usar camas de bronceado tres semanas antes de la cirug\u00eda.<\/li>\n<li><strong>Limite los tratamientos faciales.<\/strong> Si va a someterse a una cirug\u00eda pl\u00e1stica facial, evite los tratamientos faciales y cosm\u00e9ticos faciales durante las semanas previas a la cirug\u00eda.<\/li>\n<\/ul>\n<h3>Una semana antes de la cirug\u00eda<\/h3>\n<p>En la semana anterior a su procedimiento, debe asegurarse de estar preparado para la cirug\u00eda. Esto significa cuidar de sus necesidades personales para permitirle descansar y recuperarse despu\u00e9s de su procedimiento. Pague las facturas, arr\u00e9glese el cabello y las u\u00f1as, limpie la casa, organice el cuidado de mascotas y ni\u00f1os, prepare las comidas posteriores a la cirug\u00eda y organice el transporte a casa despu\u00e9s de la cirug\u00eda. Tambi\u00e9n querr\u00e1 prepararse para su cuidado en el hogar. Algunos art\u00edculos que querr\u00e1 tener a mano despu\u00e9s de la cirug\u00eda incluyen:<\/p>\n<ul>\n<li>Chapstick, pastillas para la garganta, gotas para los ojos y spray para la garganta<\/li>\n<li>Crema hidratante para la piel y bloqueador solar<\/li>\n<li>Champ\u00fa para beb\u00e9s y gorro de ducha (para cirug\u00eda facial o del cuero cabelludo)<\/li>\n<li>Almohadilla t\u00e9rmica<\/li>\n<li>Tylenol, leche de magnesia y un laxante o Metamucil<\/li>\n<li>vasos antiderrame<\/li>\n<\/ul>\n<h3>Tres d\u00edas antes de la cirug\u00eda<\/h3>\n<p>En las \u00faltimas 72 horas, querr\u00e1 dejar de beber alcohol y bebidas con cafe\u00edna. Debes lavar todo tu cuerpo con un jab\u00f3n antibacterial en los d\u00edas previos a la cirug\u00eda. Para los pacientes que se someten a una cirug\u00eda de seno, no se afeite las axilas tres d\u00edas antes. Los pacientes de cirug\u00eda pl\u00e1stica facial deben limpiarse los o\u00eddos y usar productos para eliminar la cera.<\/p>\n<h3>Un d\u00eda antes de la cirug\u00eda<\/h3>\n<p>Este es el \u00faltimo d\u00eda para firmar todos los formularios de consentimiento y asegurarse de que est\u00e1 listo para su procedimiento. No se debe consumir ning\u00fan alimento despu\u00e9s de la medianoche para aquellos que se someten a una cirug\u00eda por la ma\u00f1ana, pero se recomienda un refrigerio ligero de prote\u00ednas la noche anterior. No se deben consumir alimentos ni bebidas dentro de las seis horas posteriores a la cirug\u00eda.<\/p>\n<h3>El d\u00eda de la cirug\u00eda<\/h3>\n<p>En la ma\u00f1ana de su cirug\u00eda, no debe comer ni beber. Debe tomar sus medicamentos regulares, pero solo con un sorbo de agua. Las recomendaciones incluyen:<\/p>\n<ul>\n<li>Use ropa holgada<\/li>\n<li>Lleva lentes de contacto, o estuches para dentaduras postizas.<\/li>\n<li>No aplique desodorante, humectante, maquillaje o cualquier otra cosa en la piel a menos que se lo indiquen.<\/li>\n<li>Qu\u00edtese todas las joyas y d\u00e9jelas en casa.<\/li>\n<li>Traiga sus medicamentos con usted para su revisi\u00f3n en el centro quir\u00fargico.<\/li>\n<li>No use laca para el cabello u otros productos para el cabello.<\/li>\n<\/ul>\n<h3>Atenci\u00f3n posquir\u00fargica en el hogar<\/h3>\n<p>Ser\u00e1 bien atendido en nuestro centro quir\u00fargico despu\u00e9s de su procedimiento. Una vez que se haya recuperado lo suficiente como para irse a casa, ser\u00e1 entregado al cuidado de un pariente o un cuidador adulto para garantizar que llegue a casa de manera segura. Durante las horas y d\u00edas posteriores a la cirug\u00eda, debe estar atento a cualquier signo de complicaci\u00f3n, que incluye:<\/p>\n<ul>\n<li>Fiebre de 101 grados<\/li>\n<li>V\u00f3mitos &#8211; episodios persistentes<\/li>\n<li>Sangrado excesivo que no se detiene con 10 minutos de presi\u00f3n directa<\/li>\n<li>Hinchaz\u00f3n excesiva<\/li>\n<\/ul>\n<h3>Primer d\u00eda despu\u00e9s de la cirug\u00eda<\/h3>\n<p>Querr\u00e1 planear descansar y relajarse despu\u00e9s de su procedimiento. No debe cuidar a otros durante este tiempo, incluidas las mascotas. Las recomendaciones posteriores a la cirug\u00eda incluyen:<\/p>\n<ul>\n<li>Tome Tylenol cada cuatro horas para controlar la inflamaci\u00f3n y el malestar.<\/li>\n<li>Rel\u00e1jate y duerme. Cuando est\u00e9 despierto, mueva los pies y las piernas para estimular el flujo de sangre. No se esfuerce durante los primeros d\u00edas despu\u00e9s de la cirug\u00eda.<\/li>\n<li>Puede estar mareado o aturdido; tenga cuidado al levantarse y acostarse para evitar ca\u00eddas.<\/li>\n<li>No lave el \u00e1rea quir\u00fargica; siga las instrucciones de limpieza posoperatoria del sitio quir\u00fargico.<\/li>\n<li>Qu\u00edtese las prendas de compresi\u00f3n durante unos 15 minutos cada dos horas cuando est\u00e9 despierto para permitir la circulaci\u00f3n sangu\u00ednea.<\/li>\n<li>Beba muchos l\u00edquidos, especialmente aquellos con electrolitos agregados como Gatorade<\/li>\n<li>Comience con una dieta de l\u00edquidos claros, como caldos y jugos, y agregue gradualmente alimentos blandos seg\u00fan lo tolere.<\/li>\n<\/ul>\n<h3>M\u00e1s de dos d\u00edas de atenci\u00f3n posquir\u00fargica<\/h3>\n<p>Despu\u00e9s del primer d\u00eda, siga las instrucciones de atenci\u00f3n posoperatoria proporcionadas por nuestro equipo de atenci\u00f3n en Avance Plastic Surgery. Mant\u00e9ngase al d\u00eda con los l\u00edquidos y la nutrici\u00f3n para ayudar a su cuerpo a sanar y minimizar el esfuerzo. Reemplace los vendajes seg\u00fan lo recomendado y use los medicamentos recetados seg\u00fan las instrucciones. Evite la cafe\u00edna, la nicotina y el alcohol durante al menos dos semanas. Nuestro equipo analizar\u00e1 las mejores opciones para reducir las cicatrices y cuidar la piel para obtener los mejores resultados de recuperaci\u00f3n.<\/p>\n<p>Si tiene alguna pregunta o inquietud sobre su preparaci\u00f3n previa o posterior a la cirug\u00eda, comun\u00edquese <a title=\"Comun\u00edquese con Avance Plastic Surgery en Reno NV\" href=\"https:\/\/www.avanceplasticsurgery.com\/es\/contactenos\/\">con nuestro equipo en Avance Plastic Surgery<\/a> en Reno, NV.<\/p>\n","protected":false},"excerpt":{"rendered":"<p>Gu\u00eda Pre y Post Cirug\u00eda Pl\u00e1stica Al someterse a una cirug\u00eda pl\u00e1stica, los pacientes pueden hacer su parte para&hellip;<\/p>\n","protected":false},"author":1,"featured_media":0,"parent":8813,"menu_order":0,"comment_status":"closed","ping_status":"closed","template":"","meta":{"_acf_changed":false,"footnotes":""},"class_list":["post-8820","page","type-page","status-publish"],"acf":[],"yoast_head":"<!-- This site is optimized with the Yoast SEO plugin v27.3 - https:\/\/yoast.com\/product\/yoast-seo-wordpress\/ -->\n<title>Gu\u00eda Pre y Post Cirug\u00eda Pl\u00e1stica | Cirug\u00eda Pl\u00e1stica Avance<\/title>\n<meta name=\"description\" content=\"Obtenga informaci\u00f3n sobre c\u00f3mo prepararse para su procedimiento de cirug\u00eda pl\u00e1stica y qu\u00e9 esperar despu\u00e9s de su cirug\u00eda con los expertos de Avance Plastic Surgery en Reno, NV.\" \/>\n<meta name=\"robots\" content=\"index, follow, max-snippet:-1, max-image-preview:large, max-video-preview:-1\" \/>\n<link rel=\"canonical\" href=\"https:\/\/www.avanceplasticsurgery.com\/es\/acerca-de\/guia-pre-y-post-cirugia-plastica\/\" \/>\n<meta property=\"og:locale\" content=\"es_ES\" \/>\n<meta property=\"og:type\" content=\"article\" \/>\n<meta property=\"og:title\" content=\"Gu\u00eda Pre y Post Cirug\u00eda Pl\u00e1stica | Cirug\u00eda Pl\u00e1stica Avance\" \/>\n<meta property=\"og:description\" content=\"Obtenga informaci\u00f3n sobre c\u00f3mo prepararse para su procedimiento de cirug\u00eda pl\u00e1stica y qu\u00e9 esperar despu\u00e9s de su cirug\u00eda con los expertos de Avance Plastic Surgery en Reno, NV.\" \/>\n<meta property=\"og:url\" content=\"https:\/\/www.avanceplasticsurgery.com\/es\/acerca-de\/guia-pre-y-post-cirugia-plastica\/\" \/>\n<meta property=\"og:site_name\" content=\"Avance Plastic Surgery\" \/>\n<meta name=\"twitter:card\" content=\"summary_large_image\" \/>\n<meta name=\"twitter:label1\" content=\"Tiempo de lectura\" \/>\n\t<meta name=\"twitter:data1\" content=\"7 minutos\" \/>\n<!-- \/ Yoast SEO plugin. -->","yoast_head_json":{"title":"Gu\u00eda Pre y Post Cirug\u00eda Pl\u00e1stica | Cirug\u00eda Pl\u00e1stica Avance","description":"Obtenga informaci\u00f3n sobre c\u00f3mo prepararse para su procedimiento de cirug\u00eda pl\u00e1stica y qu\u00e9 esperar despu\u00e9s de su cirug\u00eda con los expertos de Avance Plastic Surgery en Reno, NV.","robots":{"index":"index","follow":"follow","max-snippet":"max-snippet:-1","max-image-preview":"max-image-preview:large","max-video-preview":"max-video-preview:-1"},"canonical":"https:\/\/www.avanceplasticsurgery.com\/es\/acerca-de\/guia-pre-y-post-cirugia-plastica\/","og_locale":"es_ES","og_type":"article","og_title":"Gu\u00eda Pre y Post Cirug\u00eda Pl\u00e1stica | Cirug\u00eda Pl\u00e1stica Avance","og_description":"Obtenga informaci\u00f3n sobre c\u00f3mo prepararse para su procedimiento de cirug\u00eda pl\u00e1stica y qu\u00e9 esperar despu\u00e9s de su cirug\u00eda con los expertos de Avance Plastic Surgery en Reno, NV.","og_url":"https:\/\/www.avanceplasticsurgery.com\/es\/acerca-de\/guia-pre-y-post-cirugia-plastica\/","og_site_name":"Avance Plastic Surgery","twitter_card":"summary_large_image","twitter_misc":{"Tiempo de lectura":"7 minutos"},"schema":{"@context":"https:\/\/schema.org","@graph":[{"@type":"WebPage","@id":"https:\/\/www.avanceplasticsurgery.com\/es\/acerca-de\/guia-pre-y-post-cirugia-plastica\/","url":"https:\/\/www.avanceplasticsurgery.com\/es\/acerca-de\/guia-pre-y-post-cirugia-plastica\/","name":"Gu\u00eda Pre y Post Cirug\u00eda Pl\u00e1stica | Cirug\u00eda Pl\u00e1stica Avance","isPartOf":{"@id":"https:\/\/www.avanceplasticsurgery.com\/es\/#website"},"datePublished":"2021-11-12T14:30:11+00:00","description":"Obtenga informaci\u00f3n sobre c\u00f3mo prepararse para su procedimiento de cirug\u00eda pl\u00e1stica y qu\u00e9 esperar despu\u00e9s de su cirug\u00eda con los expertos de Avance Plastic Surgery en Reno, NV.","breadcrumb":{"@id":"https:\/\/www.avanceplasticsurgery.com\/es\/acerca-de\/guia-pre-y-post-cirugia-plastica\/#breadcrumb"},"inLanguage":"es","potentialAction":[{"@type":"ReadAction","target":["https:\/\/www.avanceplasticsurgery.com\/es\/acerca-de\/guia-pre-y-post-cirugia-plastica\/"]}]},{"@type":"BreadcrumbList","@id":"https:\/\/www.avanceplasticsurgery.com\/es\/acerca-de\/guia-pre-y-post-cirugia-plastica\/#breadcrumb","itemListElement":[{"@type":"ListItem","position":1,"name":"Home","item":"https:\/\/www.avanceplasticsurgery.com\/es\/"},{"@type":"ListItem","position":2,"name":"Acerca de","item":"https:\/\/www.avanceplasticsurgery.com\/es\/acerca-de\/"},{"@type":"ListItem","position":3,"name":"Gu\u00eda Pre y Post Cirug\u00eda Pl\u00e1stica"}]},{"@type":"WebSite","@id":"https:\/\/www.avanceplasticsurgery.com\/es\/#website","url":"https:\/\/www.avanceplasticsurgery.com\/es\/","name":"Avance Plastic Surgery","description":"","potentialAction":[{"@type":"SearchAction","target":{"@type":"EntryPoint","urlTemplate":"https:\/\/www.avanceplasticsurgery.com\/es\/?s={search_term_string}"},"query-input":{"@type":"PropertyValueSpecification","valueRequired":true,"valueName":"search_term_string"}}],"inLanguage":"es"}]}},"_links":{"self":[{"href":"https:\/\/www.avanceplasticsurgery.com\/es\/wp-json\/wp\/v2\/pages\/8820","targetHints":{"allow":["GET"]}}],"collection":[{"href":"https:\/\/www.avanceplasticsurgery.com\/es\/wp-json\/wp\/v2\/pages"}],"about":[{"href":"https:\/\/www.avanceplasticsurgery.com\/es\/wp-json\/wp\/v2\/types\/page"}],"author":[{"embeddable":true,"href":"https:\/\/www.avanceplasticsurgery.com\/es\/wp-json\/wp\/v2\/users\/1"}],"replies":[{"embeddable":true,"href":"https:\/\/www.avanceplasticsurgery.com\/es\/wp-json\/wp\/v2\/comments?post=8820"}],"version-history":[{"count":0,"href":"https:\/\/www.avanceplasticsurgery.com\/es\/wp-json\/wp\/v2\/pages\/8820\/revisions"}],"up":[{"embeddable":true,"href":"https:\/\/www.avanceplasticsurgery.com\/es\/wp-json\/wp\/v2\/pages\/8813"}],"wp:attachment":[{"href":"https:\/\/www.avanceplasticsurgery.com\/es\/wp-json\/wp\/v2\/media?parent=8820"}],"curies":[{"name":"wp","href":"https:\/\/api.w.org\/{rel}","templated":true}]}}