{"id":8822,"date":"2020-09-15T10:47:44","date_gmt":"2020-09-15T10:47:44","guid":{"rendered":"https:\/\/www.avanceplasticsurgery.com\/acerca-de\/imprenta\/libros-y-publicaciones\/"},"modified":"2026-03-02T09:54:48","modified_gmt":"2026-03-02T09:54:48","slug":"libros-y-publicaciones","status":"publish","type":"page","link":"https:\/\/www.avanceplasticsurgery.com\/es\/acerca-de\/imprenta\/libros-y-publicaciones\/","title":{"rendered":"Libros y Publicaciones"},"content":{"rendered":"<h1>Libros y Publicaciones<\/h1>\n<p>La pasi\u00f3n del Dr. Dayan por la cirug\u00eda pl\u00e1stica y reconstructiva es palpable m\u00e1s all\u00e1 de su trabajo en el quir\u00f3fano. En m\u00e1s de 150 ocasiones, ha publicado y presentado su investigaci\u00f3n sobre cirug\u00eda pl\u00e1stica en escenarios nacionales e internacionales, como en Asia, Europa, Medio Oriente y Am\u00e9rica del Sur. El Dr. Dayan tambi\u00e9n ha publicado o contribuido a cinco libros de texto sobre una variedad de temas de cirug\u00eda pl\u00e1stica, que incluyen:<\/p>\n<div class=\"row align-items-center mt-4\">\n<div class=\"col-md-4\"><img loading=\"lazy\" decoding=\"async\" src=\"https:\/\/www.avanceplasticsurgery.com\/wp-content\/uploads\/2021\/04\/Migraine-book-692x1024.jpg\" alt=\"Portada del libro: Migra\u00f1as: una gu\u00eda para el diagn\u00f3stico y el tratamiento\" width=\"692\" height=\"1024\" class=\"alignnone wp-image-6385 size-large\" srcset=\"https:\/\/www.avanceplasticsurgery.com\/wp-content\/uploads\/2021\/04\/Migraine-book-692x1024.jpg 692w, https:\/\/www.avanceplasticsurgery.com\/wp-content\/uploads\/2021\/04\/Migraine-book-203x300.jpg 203w, https:\/\/www.avanceplasticsurgery.com\/wp-content\/uploads\/2021\/04\/Migraine-book-768x1137.jpg 768w, https:\/\/www.avanceplasticsurgery.com\/wp-content\/uploads\/2021\/04\/Migraine-book-1037x1536.jpg 1037w, https:\/\/www.avanceplasticsurgery.com\/wp-content\/uploads\/2021\/04\/Migraine-book.jpg 1090w\" sizes=\"auto, (max-width: 692px) 100vw, 692px\" \/><\/div>\n<div class=\"col-md-8\">\n<h3>Migra\u00f1as: una gu\u00eda para el diagn\u00f3stico y el tratamiento<\/h3>\n<p>Alguna vez se pens\u00f3 que era un trastorno del sistema nervioso central, ahora se entiende mejor que las migra\u00f1as incluyen sitios desencadenantes perif\u00e9ricos. Las modalidades de tratamiento se han ampliado para incluir excelentes resultados con bloqueos de anestesia local, inyecciones de Botox y la liberaci\u00f3n de sitios desencadenantes de nervios perif\u00e9ricos. El Dr. Dayan ha producido un recurso conciso y basado en la evidencia sobre la historia de la migra\u00f1a, la fisiopatolog\u00eda y las opciones de tratamiento para el lego y las autoridades m\u00e9dicas.<\/p>\n<\/div>\n<\/div>\n<div class=\"row align-items-center mt-5\">\n<div class=\"col-md-4\"><img loading=\"lazy\" decoding=\"async\" src=\"https:\/\/www.avanceplasticsurgery.com\/wp-content\/uploads\/2021\/04\/lipedema-the-disease-they-call-fat-an-overview-for-clinicians-min.jpg\" alt=\"Portada del libro: Lipedema: la enfermedad que llaman grasa\" width=\"400\" height=\"500\" class=\"alignnone size-full wp-image-6383\" srcset=\"https:\/\/www.avanceplasticsurgery.com\/wp-content\/uploads\/2021\/04\/lipedema-the-disease-they-call-fat-an-overview-for-clinicians-min.jpg 400w, https:\/\/www.avanceplasticsurgery.com\/wp-content\/uploads\/2021\/04\/lipedema-the-disease-they-call-fat-an-overview-for-clinicians-min-240x300.jpg 240w\" sizes=\"auto, (max-width: 400px) 100vw, 400px\" \/><\/div>\n<div class=\"col-md-8\">\n<h3>Lipedema: la enfermedad que llaman grasa<\/h3>\n<p>El Dr. Dayan agrega su investigaci\u00f3n y conocimiento a esta sinopsis cl\u00ednica del lipedema, un trastorno de la grasa que a menudo se confunde con la obesidad. Se estima que el 11 % de las mujeres pospuberales (17 millones de mujeres solo en los EE. UU.) se ven afectadas por este trastorno. El Dr. Dayan y sus colegas ofrecen una descripci\u00f3n general pr\u00e1ctica de la afecci\u00f3n y brindan informaci\u00f3n importante para los proveedores de atenci\u00f3n m\u00e9dica que tratan a las mujeres.<\/p>\n<\/div>\n<\/div>\n<div class=\"row align-items-center mt-5\">\n<div class=\"col-md-4\"><img loading=\"lazy\" decoding=\"async\" src=\"https:\/\/www.avanceplasticsurgery.com\/wp-content\/uploads\/2021\/04\/atlas-of-facial-implants-min.jpg\" alt=\"Portada del libro: Atlas de Implantes Faciales\" width=\"458\" height=\"600\" class=\"alignnone size-full wp-image-6380\" srcset=\"https:\/\/www.avanceplasticsurgery.com\/wp-content\/uploads\/2021\/04\/atlas-of-facial-implants-min.jpg 458w, https:\/\/www.avanceplasticsurgery.com\/wp-content\/uploads\/2021\/04\/atlas-of-facial-implants-min-229x300.jpg 229w\" sizes=\"auto, (max-width: 458px) 100vw, 458px\" \/><\/div>\n<div class=\"col-md-8\">\n<h3>Atlas de Implantes Faciales<\/h3>\n<p>Durante la \u00faltima d\u00e9cada, el campo de la cirug\u00eda de implantes faciales se ha beneficiado de enormes innovaciones en tecnolog\u00eda, aplicaciones cl\u00ednicas y dise\u00f1o de implantes. La segunda edici\u00f3n del Atlas de implantes faciales presenta el trabajo del Dr. Dayan, entre otros expertos, y brinda una cobertura autorizada de las aplicaciones est\u00e9ticas y reconstructivas de los implantes alopl\u00e1sticos para remodelar el esqueleto craneofacial.<\/p>\n<\/div>\n<\/div>\n<div class=\"row align-items-center mt-5\">\n<div class=\"col-md-4\"><img loading=\"lazy\" decoding=\"async\" src=\"https:\/\/www.avanceplasticsurgery.com\/wp-content\/uploads\/2021\/04\/facial-danger-zones-min.jpg\" alt=\"Portada del libro: Zonas de peligro facial\" width=\"461\" height=\"600\" class=\"alignnone size-full wp-image-6382\" srcset=\"https:\/\/www.avanceplasticsurgery.com\/wp-content\/uploads\/2021\/04\/facial-danger-zones-min.jpg 461w, https:\/\/www.avanceplasticsurgery.com\/wp-content\/uploads\/2021\/04\/facial-danger-zones-min-231x300.jpg 231w\" sizes=\"auto, (max-width: 461px) 100vw, 461px\" \/><\/div>\n<div class=\"col-md-8\">\n<h3>Zonas de peligro faciales<\/h3>\n<p>Llamado \u00abLa referencia \u00fanica definitiva sobre c\u00f3mo navegar con seguridad por la anatom\u00eda facial altamente compleja\u00bb, este libro, en coautor\u00eda con el Dr. Dayan, ofrece informaci\u00f3n y conocimiento experto para el m\u00e9dico sobre temas como la anatom\u00eda facial, la navegaci\u00f3n por zonas faciales intrincadas y peligrosas y nuevos procedimientos y tecnolog\u00edas quir\u00fargicas m\u00ednimamente invasivas.<\/p>\n<\/div>\n<\/div>\n<div class=\"row align-items-center mt-5\">\n<div class=\"col-md-4\"><img loading=\"lazy\" decoding=\"async\" src=\"https:\/\/www.avanceplasticsurgery.com\/wp-content\/uploads\/2021\/11\/Facial-Danger-Zones-727x1024.jpg\" alt=\"Book cover titled \"Facial Danger Zones,\" featuring medical illustrations of a face with marked areas, and text in both Chinese and English about surgical safety.\" width=\"727\" height=\"1024\" class=\"aligncenter size-large wp-image-6961\" srcset=\"https:\/\/www.avanceplasticsurgery.com\/wp-content\/uploads\/2021\/11\/Facial-Danger-Zones-727x1024.jpg 727w, https:\/\/www.avanceplasticsurgery.com\/wp-content\/uploads\/2021\/11\/Facial-Danger-Zones-213x300.jpg 213w, https:\/\/www.avanceplasticsurgery.com\/wp-content\/uploads\/2021\/11\/Facial-Danger-Zones-768x1082.jpg 768w, https:\/\/www.avanceplasticsurgery.com\/wp-content\/uploads\/2021\/11\/Facial-Danger-Zones-1090x1536.jpg 1090w, https:\/\/www.avanceplasticsurgery.com\/wp-content\/uploads\/2021\/11\/Facial-Danger-Zones-1453x2048.jpg 1453w, https:\/\/www.avanceplasticsurgery.com\/wp-content\/uploads\/2021\/11\/Facial-Danger-Zones.jpg 1662w\" sizes=\"auto, (max-width: 727px) 100vw, 727px\" \/><\/div>\n<div class=\"col-md-8\">\n<h3>Zonas de peligro facial &#8211; Chino<\/h3>\n<p>Llamado \u00abLa referencia \u00fanica definitiva sobre c\u00f3mo navegar con seguridad por la anatom\u00eda facial altamente compleja\u00bb, este libro, en coautor\u00eda con el Dr. Dayan, ofrece informaci\u00f3n y conocimiento experto para el m\u00e9dico sobre temas como la anatom\u00eda facial, la navegaci\u00f3n por zonas faciales intrincadas y peligrosas y nuevos procedimientos y tecnolog\u00edas quir\u00fargicas m\u00ednimamente invasivas.<\/p>\n<\/div>\n<\/div>\n<div class=\"row align-items-center mt-5\">\n<div class=\"col-md-4\"><img loading=\"lazy\" decoding=\"async\" src=\"https:\/\/www.avanceplasticsurgery.com\/wp-content\/uploads\/2021\/04\/Theodorou_Liposuction-cover-final-bolts-revised-min-791x1024.jpg\" alt=\"Portada del libro: Tecnolog\u00edas emergentes en el contorno facial y corporal\" width=\"791\" height=\"1024\" class=\"alignnone size-large wp-image-6386\" srcset=\"https:\/\/www.avanceplasticsurgery.com\/wp-content\/uploads\/2021\/04\/Theodorou_Liposuction-cover-final-bolts-revised-min-791x1024.jpg 791w, https:\/\/www.avanceplasticsurgery.com\/wp-content\/uploads\/2021\/04\/Theodorou_Liposuction-cover-final-bolts-revised-min-232x300.jpg 232w, https:\/\/www.avanceplasticsurgery.com\/wp-content\/uploads\/2021\/04\/Theodorou_Liposuction-cover-final-bolts-revised-min-768x994.jpg 768w, https:\/\/www.avanceplasticsurgery.com\/wp-content\/uploads\/2021\/04\/Theodorou_Liposuction-cover-final-bolts-revised-min-1187x1536.jpg 1187w, https:\/\/www.avanceplasticsurgery.com\/wp-content\/uploads\/2021\/04\/Theodorou_Liposuction-cover-final-bolts-revised-min-1583x2048.jpg 1583w, https:\/\/www.avanceplasticsurgery.com\/wp-content\/uploads\/2021\/04\/Theodorou_Liposuction-cover-final-bolts-revised-min-scaled.jpg 1978w\" sizes=\"auto, (max-width: 791px) 100vw, 791px\" \/><\/div>\n<div class=\"col-md-8\">\n<h3>Tecnolog\u00edas emergentes en el contorno facial y corporal<\/h3>\n<p>Publicada en abril de 2020, el Dr. Dayan contribuy\u00f3 a esta gu\u00eda informativa que se centra en los nuevos desarrollos de la liposucci\u00f3n, que sigue siendo el procedimiento quir\u00fargico est\u00e9tico m\u00e1s com\u00fan en todo el mundo.<\/p>\n<\/div>\n<\/div>\n","protected":false},"excerpt":{"rendered":"<p>Libros y Publicaciones La pasi\u00f3n del Dr. Dayan por la cirug\u00eda pl\u00e1stica y reconstructiva es palpable m\u00e1s all\u00e1 de&hellip;<\/p>\n","protected":false},"author":1,"featured_media":0,"parent":8821,"menu_order":0,"comment_status":"closed","ping_status":"closed","template":"","meta":{"_acf_changed":false,"footnotes":""},"class_list":["post-8822","page","type-page","status-publish"],"acf":[],"yoast_head":"<!-- This site is optimized with the Yoast SEO plugin v27.4 - https:\/\/yoast.com\/product\/yoast-seo-wordpress\/ -->\n<title>Libros y Publicaciones | Reno NV Cirujano Pl\u00e1stico Dr. Erez Dayan<\/title>\n<meta name=\"description\" content=\"El Dr. Erez Dayan ha contribuido o escrito numerosos art\u00edculos y publicaciones sobre cirug\u00eda pl\u00e1stica y otros temas est\u00e9ticos relacionados. Explore sus trabajos publicados aqu\u00ed y obtenga m\u00e1s informaci\u00f3n sobre el director m\u00e9dico del Avance Plastic Surgery Institute en Reno, NV.\" \/>\n<meta name=\"robots\" content=\"index, follow, max-snippet:-1, max-image-preview:large, max-video-preview:-1\" \/>\n<link rel=\"canonical\" href=\"https:\/\/www.avanceplasticsurgery.com\/es\/acerca-de\/imprenta\/libros-y-publicaciones\/\" \/>\n<meta property=\"og:locale\" content=\"es_ES\" \/>\n<meta property=\"og:type\" content=\"article\" \/>\n<meta property=\"og:title\" content=\"Libros y Publicaciones | Reno NV Cirujano Pl\u00e1stico Dr. Erez Dayan\" \/>\n<meta property=\"og:description\" content=\"El Dr. Erez Dayan ha contribuido o escrito numerosos art\u00edculos y publicaciones sobre cirug\u00eda pl\u00e1stica y otros temas est\u00e9ticos relacionados. Explore sus trabajos publicados aqu\u00ed y obtenga m\u00e1s informaci\u00f3n sobre el director m\u00e9dico del Avance Plastic Surgery Institute en Reno, NV.\" \/>\n<meta property=\"og:url\" content=\"https:\/\/www.avanceplasticsurgery.com\/es\/acerca-de\/imprenta\/libros-y-publicaciones\/\" \/>\n<meta property=\"og:site_name\" content=\"Avance Plastic Surgery\" \/>\n<meta property=\"article:modified_time\" content=\"2026-03-02T09:54:48+00:00\" \/>\n<meta property=\"og:image\" content=\"https:\/\/www.avanceplasticsurgery.com\/wp-content\/uploads\/2021\/04\/Migraine-book.jpg\" \/>\n\t<meta property=\"og:image:width\" content=\"1090\" \/>\n\t<meta property=\"og:image:height\" content=\"1614\" \/>\n\t<meta property=\"og:image:type\" content=\"image\/jpeg\" \/>\n<meta name=\"twitter:card\" content=\"summary_large_image\" \/>\n<meta name=\"twitter:label1\" content=\"Tiempo de lectura\" \/>\n\t<meta name=\"twitter:data1\" content=\"4 minutos\" \/>\n<!-- \/ Yoast SEO plugin. -->","yoast_head_json":{"title":"Libros y Publicaciones | Reno NV Cirujano Pl\u00e1stico Dr. Erez Dayan","description":"El Dr. Erez Dayan ha contribuido o escrito numerosos art\u00edculos y publicaciones sobre cirug\u00eda pl\u00e1stica y otros temas est\u00e9ticos relacionados. Explore sus trabajos publicados aqu\u00ed y obtenga m\u00e1s informaci\u00f3n sobre el director m\u00e9dico del Avance Plastic Surgery Institute en Reno, NV.","robots":{"index":"index","follow":"follow","max-snippet":"max-snippet:-1","max-image-preview":"max-image-preview:large","max-video-preview":"max-video-preview:-1"},"canonical":"https:\/\/www.avanceplasticsurgery.com\/es\/acerca-de\/imprenta\/libros-y-publicaciones\/","og_locale":"es_ES","og_type":"article","og_title":"Libros y Publicaciones | Reno NV Cirujano Pl\u00e1stico Dr. Erez Dayan","og_description":"El Dr. Erez Dayan ha contribuido o escrito numerosos art\u00edculos y publicaciones sobre cirug\u00eda pl\u00e1stica y otros temas est\u00e9ticos relacionados. Explore sus trabajos publicados aqu\u00ed y obtenga m\u00e1s informaci\u00f3n sobre el director m\u00e9dico del Avance Plastic Surgery Institute en Reno, NV.","og_url":"https:\/\/www.avanceplasticsurgery.com\/es\/acerca-de\/imprenta\/libros-y-publicaciones\/","og_site_name":"Avance Plastic Surgery","article_modified_time":"2026-03-02T09:54:48+00:00","og_image":[{"width":1090,"height":1614,"url":"https:\/\/www.avanceplasticsurgery.com\/wp-content\/uploads\/2021\/04\/Migraine-book.jpg","type":"image\/jpeg"}],"twitter_card":"summary_large_image","twitter_misc":{"Tiempo de lectura":"4 minutos"},"schema":{"@context":"https:\/\/schema.org","@graph":[{"@type":"WebPage","@id":"https:\/\/www.avanceplasticsurgery.com\/es\/acerca-de\/imprenta\/libros-y-publicaciones\/","url":"https:\/\/www.avanceplasticsurgery.com\/es\/acerca-de\/imprenta\/libros-y-publicaciones\/","name":"Libros y Publicaciones | Reno NV Cirujano Pl\u00e1stico Dr. Erez Dayan","isPartOf":{"@id":"https:\/\/www.avanceplasticsurgery.com\/es\/#website"},"primaryImageOfPage":{"@id":"https:\/\/www.avanceplasticsurgery.com\/es\/acerca-de\/imprenta\/libros-y-publicaciones\/#primaryimage"},"image":{"@id":"https:\/\/www.avanceplasticsurgery.com\/es\/acerca-de\/imprenta\/libros-y-publicaciones\/#primaryimage"},"thumbnailUrl":"https:\/\/www.avanceplasticsurgery.com\/wp-content\/uploads\/2021\/04\/Migraine-book-692x1024.jpg","datePublished":"2020-09-15T10:47:44+00:00","dateModified":"2026-03-02T09:54:48+00:00","description":"El Dr. Erez Dayan ha contribuido o escrito numerosos art\u00edculos y publicaciones sobre cirug\u00eda pl\u00e1stica y otros temas est\u00e9ticos relacionados. Explore sus trabajos publicados aqu\u00ed y obtenga m\u00e1s informaci\u00f3n sobre el director m\u00e9dico del Avance Plastic Surgery Institute en Reno, NV.","breadcrumb":{"@id":"https:\/\/www.avanceplasticsurgery.com\/es\/acerca-de\/imprenta\/libros-y-publicaciones\/#breadcrumb"},"inLanguage":"es","potentialAction":[{"@type":"ReadAction","target":["https:\/\/www.avanceplasticsurgery.com\/es\/acerca-de\/imprenta\/libros-y-publicaciones\/"]}]},{"@type":"ImageObject","inLanguage":"es","@id":"https:\/\/www.avanceplasticsurgery.com\/es\/acerca-de\/imprenta\/libros-y-publicaciones\/#primaryimage","url":"https:\/\/www.avanceplasticsurgery.com\/wp-content\/uploads\/2021\/04\/Migraine-book-692x1024.jpg","contentUrl":"https:\/\/www.avanceplasticsurgery.com\/wp-content\/uploads\/2021\/04\/Migraine-book-692x1024.jpg"},{"@type":"BreadcrumbList","@id":"https:\/\/www.avanceplasticsurgery.com\/es\/acerca-de\/imprenta\/libros-y-publicaciones\/#breadcrumb","itemListElement":[{"@type":"ListItem","position":1,"name":"Home","item":"https:\/\/www.avanceplasticsurgery.com\/es\/"},{"@type":"ListItem","position":2,"name":"Acerca de","item":"https:\/\/www.avanceplasticsurgery.com\/es\/acerca-de\/"},{"@type":"ListItem","position":3,"name":"imprenta","item":"https:\/\/www.avanceplasticsurgery.com\/es\/acerca-de\/imprenta\/"},{"@type":"ListItem","position":4,"name":"Libros y Publicaciones"}]},{"@type":"WebSite","@id":"https:\/\/www.avanceplasticsurgery.com\/es\/#website","url":"https:\/\/www.avanceplasticsurgery.com\/es\/","name":"Avance Plastic Surgery","description":"","potentialAction":[{"@type":"SearchAction","target":{"@type":"EntryPoint","urlTemplate":"https:\/\/www.avanceplasticsurgery.com\/es\/?s={search_term_string}"},"query-input":{"@type":"PropertyValueSpecification","valueRequired":true,"valueName":"search_term_string"}}],"inLanguage":"es"}]}},"_links":{"self":[{"href":"https:\/\/www.avanceplasticsurgery.com\/es\/wp-json\/wp\/v2\/pages\/8822","targetHints":{"allow":["GET"]}}],"collection":[{"href":"https:\/\/www.avanceplasticsurgery.com\/es\/wp-json\/wp\/v2\/pages"}],"about":[{"href":"https:\/\/www.avanceplasticsurgery.com\/es\/wp-json\/wp\/v2\/types\/page"}],"author":[{"embeddable":true,"href":"https:\/\/www.avanceplasticsurgery.com\/es\/wp-json\/wp\/v2\/users\/1"}],"replies":[{"embeddable":true,"href":"https:\/\/www.avanceplasticsurgery.com\/es\/wp-json\/wp\/v2\/comments?post=8822"}],"version-history":[{"count":1,"href":"https:\/\/www.avanceplasticsurgery.com\/es\/wp-json\/wp\/v2\/pages\/8822\/revisions"}],"predecessor-version":[{"id":14675,"href":"https:\/\/www.avanceplasticsurgery.com\/es\/wp-json\/wp\/v2\/pages\/8822\/revisions\/14675"}],"up":[{"embeddable":true,"href":"https:\/\/www.avanceplasticsurgery.com\/es\/wp-json\/wp\/v2\/pages\/8821"}],"wp:attachment":[{"href":"https:\/\/www.avanceplasticsurgery.com\/es\/wp-json\/wp\/v2\/media?parent=8822"}],"curies":[{"name":"wp","href":"https:\/\/api.w.org\/{rel}","templated":true}]}}