{"id":8824,"date":"2021-04-07T11:23:37","date_gmt":"2021-04-07T11:23:37","guid":{"rendered":"https:\/\/www.avanceplasticsurgery.com\/acerca-de\/imprenta\/television\/"},"modified":"2021-04-07T11:23:37","modified_gmt":"2021-04-07T11:23:37","slug":"television","status":"publish","type":"page","link":"https:\/\/www.avanceplasticsurgery.com\/es\/acerca-de\/imprenta\/television\/","title":{"rendered":"Televisi\u00f3n"},"content":{"rendered":"<h1>Televisi\u00f3n<\/h1>\n<div>\n<button class=\"flc-yt lazyload\" data-id=\"kHar5FY9tHQ\" data-title=\"DrDayan LasVegasNow\" data-bg=\"https:\/\/i.ytimg.com\/vi\/kHar5FY9tHQ\/hqdefault.jpg\" aria-label=\"Play video DrDayan LasVegasNow\">  <div class=\"flc-yt__title\">DrDayan LasVegasNow<\/div>  <span class=\"flc-yt__play\">    <svg viewBox=\"0 0 68 48\" xmlns=\"http:\/\/www.w3.org\/2000\/svg\" aria-hidden=\"true\"><path d=\"M66.5 7.8A8.5 8.5 0 0 0 60.6 2C55.3.5 34 .5 34 .5S12.7.5 7.4 2A8.5 8.5 0 0 0 1.5 7.8C0 13.1 0 24 0 24s0 10.9 1.5 16.2A8.5 8.5 0 0 0 7.4 46C12.7 47.5 34 47.5 34 47.5s21.3 0 26.6-1.5a8.5 8.5 0 0 0 5.9-5.8C68 34.9 68 24 68 24s0-10.9-1.5-16.2Z\" fill=\"#f00\"\/><path d=\"M27 34l18-10-18-10v20Z\" fill=\"#fff\"\/><\/svg>  <\/span><\/button><br \/>\n<button class=\"flc-yt lazyload\" data-id=\"yzspcCES730\" data-title=\"El Dr. Dayan aparece en la revista Harper&#039;s Baazar\" data-bg=\"https:\/\/i.ytimg.com\/vi\/yzspcCES730\/hqdefault.jpg\" aria-label=\"Play video El Dr. Dayan aparece en la revista Harper&#039;s Baazar\">  <div class=\"flc-yt__title\">El Dr. Dayan aparece en la revista Harper&#039;s Baazar<\/div>  <span class=\"flc-yt__play\">    <svg viewBox=\"0 0 68 48\" xmlns=\"http:\/\/www.w3.org\/2000\/svg\" aria-hidden=\"true\"><path d=\"M66.5 7.8A8.5 8.5 0 0 0 60.6 2C55.3.5 34 .5 34 .5S12.7.5 7.4 2A8.5 8.5 0 0 0 1.5 7.8C0 13.1 0 24 0 24s0 10.9 1.5 16.2A8.5 8.5 0 0 0 7.4 46C12.7 47.5 34 47.5 34 47.5s21.3 0 26.6-1.5a8.5 8.5 0 0 0 5.9-5.8C68 34.9 68 24 68 24s0-10.9-1.5-16.2Z\" fill=\"#f00\"\/><path d=\"M27 34l18-10-18-10v20Z\" fill=\"#fff\"\/><\/svg>  <\/span><\/button><br \/>\n<button class=\"flc-yt lazyload\" data-id=\"ZhAtKGCcypU\" data-title=\"Dr. Erez Dayan discutiendo el estiramiento de la piel por radiofrecuencia con Paula Abdul\" data-bg=\"https:\/\/i.ytimg.com\/vi\/ZhAtKGCcypU\/hqdefault.jpg\" aria-label=\"Play video Dr. Erez Dayan discutiendo el estiramiento de la piel por radiofrecuencia con Paula Abdul\">  <div class=\"flc-yt__title\">Dr. Erez Dayan discutiendo el estiramiento de la piel por radiofrecuencia con Paula Abdul<\/div>  <span class=\"flc-yt__play\">    <svg viewBox=\"0 0 68 48\" xmlns=\"http:\/\/www.w3.org\/2000\/svg\" aria-hidden=\"true\"><path d=\"M66.5 7.8A8.5 8.5 0 0 0 60.6 2C55.3.5 34 .5 34 .5S12.7.5 7.4 2A8.5 8.5 0 0 0 1.5 7.8C0 13.1 0 24 0 24s0 10.9 1.5 16.2A8.5 8.5 0 0 0 7.4 46C12.7 47.5 34 47.5 34 47.5s21.3 0 26.6-1.5a8.5 8.5 0 0 0 5.9-5.8C68 34.9 68 24 68 24s0-10.9-1.5-16.2Z\" fill=\"#f00\"\/><path d=\"M27 34l18-10-18-10v20Z\" fill=\"#fff\"\/><\/svg>  <\/span><\/button><br \/>\n<button class=\"flc-yt lazyload\" data-id=\"3U4WfCDd7SM\" data-title=\"Entrevista Fox Reconstrucci\u00f3n Mamaria Dr. Erez Dayan\" data-bg=\"https:\/\/i.ytimg.com\/vi\/3U4WfCDd7SM\/hqdefault.jpg\" aria-label=\"Play video Entrevista Fox Reconstrucci\u00f3n Mamaria Dr. Erez Dayan\">  <div class=\"flc-yt__title\">Entrevista Fox Reconstrucci\u00f3n Mamaria Dr. Erez Dayan<\/div>  <span class=\"flc-yt__play\">    <svg viewBox=\"0 0 68 48\" xmlns=\"http:\/\/www.w3.org\/2000\/svg\" aria-hidden=\"true\"><path d=\"M66.5 7.8A8.5 8.5 0 0 0 60.6 2C55.3.5 34 .5 34 .5S12.7.5 7.4 2A8.5 8.5 0 0 0 1.5 7.8C0 13.1 0 24 0 24s0 10.9 1.5 16.2A8.5 8.5 0 0 0 7.4 46C12.7 47.5 34 47.5 34 47.5s21.3 0 26.6-1.5a8.5 8.5 0 0 0 5.9-5.8C68 34.9 68 24 68 24s0-10.9-1.5-16.2Z\" fill=\"#f00\"\/><path d=\"M27 34l18-10-18-10v20Z\" fill=\"#fff\"\/><\/svg>  <\/span><\/button><br \/>\n<button class=\"flc-yt lazyload\" data-id=\"aJzTQ1GFx7g\" data-title=\"Entrevista de Las Vegas Morning Blend - Dr. Erez Dayan\" data-bg=\"https:\/\/i.ytimg.com\/vi\/aJzTQ1GFx7g\/hqdefault.jpg\" aria-label=\"Play video Entrevista de Las Vegas Morning Blend - Dr. Erez Dayan\">  <div class=\"flc-yt__title\">Entrevista de Las Vegas Morning Blend - Dr. Erez Dayan<\/div>  <span class=\"flc-yt__play\">    <svg viewBox=\"0 0 68 48\" xmlns=\"http:\/\/www.w3.org\/2000\/svg\" aria-hidden=\"true\"><path d=\"M66.5 7.8A8.5 8.5 0 0 0 60.6 2C55.3.5 34 .5 34 .5S12.7.5 7.4 2A8.5 8.5 0 0 0 1.5 7.8C0 13.1 0 24 0 24s0 10.9 1.5 16.2A8.5 8.5 0 0 0 7.4 46C12.7 47.5 34 47.5 34 47.5s21.3 0 26.6-1.5a8.5 8.5 0 0 0 5.9-5.8C68 34.9 68 24 68 24s0-10.9-1.5-16.2Z\" fill=\"#f00\"\/><path d=\"M27 34l18-10-18-10v20Z\" fill=\"#fff\"\/><\/svg>  <\/span><\/button><br \/>\n<button class=\"flc-yt lazyload\" data-id=\"piqldNBobjk\" data-title=\"\u00a1El Show Est\u00e9tico EN VIVO! Erez Dayan, MD\" data-bg=\"https:\/\/i.ytimg.com\/vi\/piqldNBobjk\/hqdefault.jpg\" aria-label=\"Play video \u00a1El Show Est\u00e9tico EN VIVO! Erez Dayan, MD\">  <div class=\"flc-yt__title\">\u00a1El Show Est\u00e9tico EN VIVO! Erez Dayan, MD<\/div>  <span class=\"flc-yt__play\">    <svg viewBox=\"0 0 68 48\" xmlns=\"http:\/\/www.w3.org\/2000\/svg\" aria-hidden=\"true\"><path d=\"M66.5 7.8A8.5 8.5 0 0 0 60.6 2C55.3.5 34 .5 34 .5S12.7.5 7.4 2A8.5 8.5 0 0 0 1.5 7.8C0 13.1 0 24 0 24s0 10.9 1.5 16.2A8.5 8.5 0 0 0 7.4 46C12.7 47.5 34 47.5 34 47.5s21.3 0 26.6-1.5a8.5 8.5 0 0 0 5.9-5.8C68 34.9 68 24 68 24s0-10.9-1.5-16.2Z\" fill=\"#f00\"\/><path d=\"M27 34l18-10-18-10v20Z\" fill=\"#fff\"\/><\/svg>  <\/span><\/button><br \/>\n<button class=\"flc-yt lazyload\" data-id=\"PvE1EPjo9Os\" data-title=\"uso de pre op eeg para guiar la selecci\u00f3n de pacientes en cirug\u00eda charla t\u00e9cnica por erez dayan md Uwjv\" data-bg=\"https:\/\/i.ytimg.com\/vi\/PvE1EPjo9Os\/hqdefault.jpg\" aria-label=\"Play video uso de pre op eeg para guiar la selecci\u00f3n de pacientes en cirug\u00eda charla t\u00e9cnica por erez dayan md Uwjv\">  <div class=\"flc-yt__title\">uso de pre op eeg para guiar la selecci\u00f3n de pacientes en cirug\u00eda charla t\u00e9cnica por erez dayan md Uwjv<\/div>  <span class=\"flc-yt__play\">    <svg viewBox=\"0 0 68 48\" xmlns=\"http:\/\/www.w3.org\/2000\/svg\" aria-hidden=\"true\"><path d=\"M66.5 7.8A8.5 8.5 0 0 0 60.6 2C55.3.5 34 .5 34 .5S12.7.5 7.4 2A8.5 8.5 0 0 0 1.5 7.8C0 13.1 0 24 0 24s0 10.9 1.5 16.2A8.5 8.5 0 0 0 7.4 46C12.7 47.5 34 47.5 34 47.5s21.3 0 26.6-1.5a8.5 8.5 0 0 0 5.9-5.8C68 34.9 68 24 68 24s0-10.9-1.5-16.2Z\" fill=\"#f00\"\/><path d=\"M27 34l18-10-18-10v20Z\" fill=\"#fff\"\/><\/svg>  <\/span><\/button><br \/>\n<button class=\"flc-yt lazyload\" data-id=\"3vKNs4dxfgY\" data-title=\"Dr. Erez Dayan, cirujano pl\u00e1stico certificado por la junta en Ask the Doctor\" data-bg=\"https:\/\/i.ytimg.com\/vi\/3vKNs4dxfgY\/hqdefault.jpg\" aria-label=\"Play video Dr. Erez Dayan, cirujano pl\u00e1stico certificado por la junta en Ask the Doctor\">  <div class=\"flc-yt__title\">Dr. Erez Dayan, cirujano pl\u00e1stico certificado por la junta en Ask the Doctor<\/div>  <span class=\"flc-yt__play\">    <svg viewBox=\"0 0 68 48\" xmlns=\"http:\/\/www.w3.org\/2000\/svg\" aria-hidden=\"true\"><path d=\"M66.5 7.8A8.5 8.5 0 0 0 60.6 2C55.3.5 34 .5 34 .5S12.7.5 7.4 2A8.5 8.5 0 0 0 1.5 7.8C0 13.1 0 24 0 24s0 10.9 1.5 16.2A8.5 8.5 0 0 0 7.4 46C12.7 47.5 34 47.5 34 47.5s21.3 0 26.6-1.5a8.5 8.5 0 0 0 5.9-5.8C68 34.9 68 24 68 24s0-10.9-1.5-16.2Z\" fill=\"#f00\"\/><path d=\"M27 34l18-10-18-10v20Z\" fill=\"#fff\"\/><\/svg>  <\/span><\/button><\/div>\n","protected":false},"excerpt":{"rendered":"<p>Televisi\u00f3n<\/p>\n","protected":false},"author":1,"featured_media":0,"parent":8821,"menu_order":0,"comment_status":"closed","ping_status":"closed","template":"","meta":{"_acf_changed":false,"footnotes":""},"class_list":["post-8824","page","type-page","status-publish"],"acf":[],"yoast_head":"<!-- This site is optimized with the Yoast SEO plugin v25.6 - https:\/\/yoast.com\/wordpress\/plugins\/seo\/ -->\n<title>Apariciones en Televisi\u00f3n | Dr. Erez Dayan Cirujano Pl\u00e1stico Reno NV<\/title>\n<meta name=\"description\" content=\"Vea las apariciones en televisi\u00f3n del Dr. Erez Dayan. El Dr. Dayan es un cirujano pl\u00e1stico y reconstructivo educado en Harvard y formado con una beca.\" \/>\n<meta name=\"robots\" content=\"index, follow, max-snippet:-1, max-image-preview:large, max-video-preview:-1\" \/>\n<link rel=\"canonical\" href=\"https:\/\/www.avanceplasticsurgery.com\/es\/acerca-de\/imprenta\/television\/\" \/>\n<meta property=\"og:locale\" content=\"es_ES\" \/>\n<meta property=\"og:type\" content=\"article\" \/>\n<meta property=\"og:title\" content=\"Apariciones en Televisi\u00f3n | Dr. Erez Dayan Cirujano Pl\u00e1stico Reno NV\" \/>\n<meta property=\"og:description\" content=\"Vea las apariciones en televisi\u00f3n del Dr. Erez Dayan. El Dr. Dayan es un cirujano pl\u00e1stico y reconstructivo educado en Harvard y formado con una beca.\" \/>\n<meta property=\"og:url\" content=\"https:\/\/www.avanceplasticsurgery.com\/es\/acerca-de\/imprenta\/television\/\" \/>\n<meta property=\"og:site_name\" content=\"Avance Plastic Surgery\" \/>\n<meta name=\"twitter:card\" content=\"summary_large_image\" \/>\n<meta name=\"twitter:label1\" content=\"Tiempo de lectura\" \/>\n\t<meta name=\"twitter:data1\" content=\"1 minuto\" \/>\n<!-- \/ Yoast SEO plugin. -->","yoast_head_json":{"title":"Apariciones en Televisi\u00f3n | Dr. Erez Dayan Cirujano Pl\u00e1stico Reno NV","description":"Vea las apariciones en televisi\u00f3n del Dr. Erez Dayan. El Dr. Dayan es un cirujano pl\u00e1stico y reconstructivo educado en Harvard y formado con una beca.","robots":{"index":"index","follow":"follow","max-snippet":"max-snippet:-1","max-image-preview":"max-image-preview:large","max-video-preview":"max-video-preview:-1"},"canonical":"https:\/\/www.avanceplasticsurgery.com\/es\/acerca-de\/imprenta\/television\/","og_locale":"es_ES","og_type":"article","og_title":"Apariciones en Televisi\u00f3n | Dr. Erez Dayan Cirujano Pl\u00e1stico Reno NV","og_description":"Vea las apariciones en televisi\u00f3n del Dr. Erez Dayan. El Dr. Dayan es un cirujano pl\u00e1stico y reconstructivo educado en Harvard y formado con una beca.","og_url":"https:\/\/www.avanceplasticsurgery.com\/es\/acerca-de\/imprenta\/television\/","og_site_name":"Avance Plastic Surgery","twitter_card":"summary_large_image","twitter_misc":{"Tiempo de lectura":"1 minuto"},"schema":{"@context":"https:\/\/schema.org","@graph":[{"@type":"WebPage","@id":"https:\/\/www.avanceplasticsurgery.com\/es\/acerca-de\/imprenta\/television\/","url":"https:\/\/www.avanceplasticsurgery.com\/es\/acerca-de\/imprenta\/television\/","name":"Apariciones en Televisi\u00f3n | Dr. Erez Dayan Cirujano Pl\u00e1stico Reno NV","isPartOf":{"@id":"https:\/\/www.avanceplasticsurgery.com\/es\/#website"},"datePublished":"2021-04-07T11:23:37+00:00","description":"Vea las apariciones en televisi\u00f3n del Dr. Erez Dayan. El Dr. Dayan es un cirujano pl\u00e1stico y reconstructivo educado en Harvard y formado con una beca.","breadcrumb":{"@id":"https:\/\/www.avanceplasticsurgery.com\/es\/acerca-de\/imprenta\/television\/#breadcrumb"},"inLanguage":"es","potentialAction":[{"@type":"ReadAction","target":["https:\/\/www.avanceplasticsurgery.com\/es\/acerca-de\/imprenta\/television\/"]}]},{"@type":"BreadcrumbList","@id":"https:\/\/www.avanceplasticsurgery.com\/es\/acerca-de\/imprenta\/television\/#breadcrumb","itemListElement":[{"@type":"ListItem","position":1,"name":"Home","item":"https:\/\/www.avanceplasticsurgery.com\/es\/"},{"@type":"ListItem","position":2,"name":"Acerca de","item":"https:\/\/www.avanceplasticsurgery.com\/es\/acerca-de\/"},{"@type":"ListItem","position":3,"name":"imprenta","item":"https:\/\/www.avanceplasticsurgery.com\/es\/acerca-de\/imprenta\/"},{"@type":"ListItem","position":4,"name":"Televisi\u00f3n"}]},{"@type":"WebSite","@id":"https:\/\/www.avanceplasticsurgery.com\/es\/#website","url":"https:\/\/www.avanceplasticsurgery.com\/es\/","name":"Avance Plastic Surgery","description":"","potentialAction":[{"@type":"SearchAction","target":{"@type":"EntryPoint","urlTemplate":"https:\/\/www.avanceplasticsurgery.com\/es\/?s={search_term_string}"},"query-input":{"@type":"PropertyValueSpecification","valueRequired":true,"valueName":"search_term_string"}}],"inLanguage":"es"}]}},"_links":{"self":[{"href":"https:\/\/www.avanceplasticsurgery.com\/es\/wp-json\/wp\/v2\/pages\/8824","targetHints":{"allow":["GET"]}}],"collection":[{"href":"https:\/\/www.avanceplasticsurgery.com\/es\/wp-json\/wp\/v2\/pages"}],"about":[{"href":"https:\/\/www.avanceplasticsurgery.com\/es\/wp-json\/wp\/v2\/types\/page"}],"author":[{"embeddable":true,"href":"https:\/\/www.avanceplasticsurgery.com\/es\/wp-json\/wp\/v2\/users\/1"}],"replies":[{"embeddable":true,"href":"https:\/\/www.avanceplasticsurgery.com\/es\/wp-json\/wp\/v2\/comments?post=8824"}],"version-history":[{"count":0,"href":"https:\/\/www.avanceplasticsurgery.com\/es\/wp-json\/wp\/v2\/pages\/8824\/revisions"}],"up":[{"embeddable":true,"href":"https:\/\/www.avanceplasticsurgery.com\/es\/wp-json\/wp\/v2\/pages\/8821"}],"wp:attachment":[{"href":"https:\/\/www.avanceplasticsurgery.com\/es\/wp-json\/wp\/v2\/media?parent=8824"}],"curies":[{"name":"wp","href":"https:\/\/api.w.org\/{rel}","templated":true}]}}