{"id":8826,"date":"2020-09-15T10:54:25","date_gmt":"2020-09-15T10:54:25","guid":{"rendered":"https:\/\/www.avanceplasticsurgery.com\/acerca-de\/investigar\/"},"modified":"2022-08-17T07:36:59","modified_gmt":"2022-08-17T07:36:59","slug":"investigar","status":"publish","type":"page","link":"https:\/\/www.avanceplasticsurgery.com\/es\/acerca-de\/investigar\/","title":{"rendered":"Investigar"},"content":{"rendered":"<h1>Investigaci\u00f3n del Dr. Erez Dayan<\/h1>\n<p>El Dr. Dayan ha estado a la vanguardia de la investigaci\u00f3n en cirug\u00eda pl\u00e1stica durante los \u00faltimos 10 a\u00f1os. Ha publicado y presentado sobre una variedad de temas de cirug\u00eda pl\u00e1stica en m\u00e1s de 150 ocasiones. El Dr. Dayan ha centrado sus esfuerzos en tecnolog\u00edas emergentes y modalidades m\u00ednimamente invasivas para tratamientos est\u00e9ticos. Se desempe\u00f1a como co-investigador de subvenciones patrocinadas por la industria y es investigador principal para ensayos de la FDA de dispositivos prototipo est\u00e9ticos.<\/p>\n<p>Avance Plastic Surgery Institute es uno de los dos centros en el mundo que realizan ensayos de la \u00faltima tecnolog\u00eda de radiofrecuencia de estiramiento cut\u00e1neo manos libres de InMode, una empresa que cotiza en bolsa. El Dr. Dayan ha sido invitado a presentar su trabajo en conferencias nacionales e internacionales en todo el mundo, incluidos China, Israel, Colombia, Francia y Taiw\u00e1n.<\/p>\n\t<div class=\"image-menu-page \">\n\t\t\t\t\t\t\t\t\t<div class=\"image-menu-page-single text-white bg-image two-columns\" id=\"research-estticafacial\" style=\"background-image: url(https:\/\/www.avanceplasticsurgery.com\/wp-content\/uploads\/2020\/10\/face-nceck-gb-min.jpg);\">\n\t\t\t\t\t<h2 class=\"title\">Est\u00e9tica Facial<\/h2>\n\t\t\t\t\t<ul>\n\t\t\t\t\t\t\t\t\t\t\t\t\t<li>\n\t\t\t\t\t\t\t\t<a href=\"\"><\/a>\n\t\t\t\t\t\t\t<\/li>\n\t\t\t\t\t\t\t\t\t\t\t\t\t<li>\n\t\t\t\t\t\t\t\t<a href=\"\"><\/a>\n\t\t\t\t\t\t\t<\/li>\n\t\t\t\t\t\t\t\t\t\t\t\t\t<li>\n\t\t\t\t\t\t\t\t<a href=\"\"><\/a>\n\t\t\t\t\t\t\t<\/li>\n\t\t\t\t\t\t\t\t\t\t\t\t\t<li>\n\t\t\t\t\t\t\t\t<a href=\"https:\/\/www.avanceplasticsurgery.com\/wp-content\/uploads\/2020\/10\/ASJ-Dayan.pdf\">Un tratamiento combinado m\u00ednimamente invasivo para la laxitud de la piel<\/a>\n\t\t\t\t\t\t\t<\/li>\n\t\t\t\t\t\t\t\t\t\t\t\t\t<li>\n\t\t\t\t\t\t\t\t<a href=\"https:\/\/www.avanceplasticsurgery.com\/wp-content\/uploads\/2020\/10\/facelift-chapter.pdf\">Tratamiento combinado m\u00ednimamente invasivo para la laxitud de la piel<\/a>\n\t\t\t\t\t\t\t<\/li>\n\t\t\t\t\t\t\t\t\t\t\t\t\t<li>\n\t\t\t\t\t\t\t\t<a href=\"https:\/\/www.avanceplasticsurgery.com\/wp-content\/uploads\/2020\/10\/Facelift-Dayan.pdf\">Seguridad y adyuvantes en el lifting facial<\/a>\n\t\t\t\t\t\t\t<\/li>\n\t\t\t\t\t\t\t\t\t\t\t\t\t<li>\n\t\t\t\t\t\t\t\t<a href=\"https:\/\/www.avanceplasticsurgery.com\/wp-content\/uploads\/2020\/10\/Fat-compartments.pdf\">Los compartimentos de grasa facial revisados<\/a>\n\t\t\t\t\t\t\t<\/li>\n\t\t\t\t\t\t\t\t\t\t\t\t\t<li>\n\t\t\t\t\t\t\t\t<a href=\"https:\/\/www.avanceplasticsurgery.com\/wp-content\/uploads\/2020\/10\/HA-fillers.pdf\">Enfoque pr\u00e1ctico y seguridad de los rellenos de \u00e1cido hialur\u00f3nico<\/a>\n\t\t\t\t\t\t\t<\/li>\n\t\t\t\t\t\t\t\t\t\t\t\t\t<li>\n\t\t\t\t\t\t\t\t<a href=\"https:\/\/www.avanceplasticsurgery.com\/wp-content\/uploads\/2020\/10\/Jessner_s_Solution_with_Trichloroacetic_Acid.39.pdf\">Peeling qu\u00edmico con \u00e1cido tricloroac\u00e9tico<\/a>\n\t\t\t\t\t\t\t<\/li>\n\t\t\t\t\t\t\t\t\t\t\t\t\t<li>\n\t\t\t\t\t\t\t\t<a href=\"https:\/\/www.avanceplasticsurgery.com\/wp-content\/uploads\/2022\/01\/Chin-Implant.pdf\">Implante de ment\u00f3n<\/a>\n\t\t\t\t\t\t\t<\/li>\n\t\t\t\t\t\t\t\t\t\t\t\t\t<li>\n\t\t\t\t\t\t\t\t<a href=\"https:\/\/www.avanceplasticsurgery.com\/wp-content\/uploads\/2022\/01\/Facial-fat-transfer-.pdf\">Injertos de grasa en la cara<\/a>\n\t\t\t\t\t\t\t<\/li>\n\t\t\t\t\t\t\t\t\t\t\t\t\t<li>\n\t\t\t\t\t\t\t\t<a href=\"https:\/\/www.avanceplasticsurgery.com\/wp-content\/uploads\/2022\/01\/Facial-fat-transfer-2.pdf\">Injertos de grasa en cejas, sienes y frente<\/a>\n\t\t\t\t\t\t\t<\/li>\n\t\t\t\t\t\t\t\t\t\t\t\t\t<li>\n\t\t\t\t\t\t\t\t<a href=\"https:\/\/www.avanceplasticsurgery.com\/wp-content\/uploads\/2022\/01\/Laser-1.pdf\">Injertos de grasa en cejas, sienes y frente<\/a>\n\t\t\t\t\t\t\t<\/li>\n\t\t\t\t\t\t\t\t\t\t\t\t\t<li>\n\t\t\t\t\t\t\t\t<a href=\"https:\/\/www.avanceplasticsurgery.com\/wp-content\/uploads\/2022\/01\/Laser-2.pdf\">Maximizaci\u00f3n de la seguridad con l\u00e1seres no ablativos<\/a>\n\t\t\t\t\t\t\t<\/li>\n\t\t\t\t\t\t\t\t\t\t\t\t\t<li>\n\t\t\t\t\t\t\t\t<a href=\"https:\/\/www.avanceplasticsurgery.com\/wp-content\/uploads\/2022\/01\/Microneedling.pdf\">Maximizar la seguridad con Microneedling<\/a>\n\t\t\t\t\t\t\t<\/li>\n\t\t\t\t\t\t\t\t\t\t\t\t\t<li>\n\t\t\t\t\t\t\t\t<a href=\"https:\/\/www.avanceplasticsurgery.com\/wp-content\/uploads\/2022\/01\/RF-2.pdf\">Estiramiento facial por radiofrecuencia<\/a>\n\t\t\t\t\t\t\t<\/li>\n\t\t\t\t\t\t\t\t\t\t\t<\/ul>\n\t\t\t\t<\/div>\n\t\t\t\t\t\t\t\t\t\t\t\t<a href=\"#\" class=\"image-menu-page-single text-white bg-image\" style=\"background-image: url(https:\/\/www.avanceplasticsurgery.com\/wp-content\/uploads\/2020\/10\/noce-bg-min.jpg);\">\n\t\t\t\t\t<span class=\"title\">Rinoplastia<\/span>\n\t\t\t\t<\/a>\n\t\t\t\t\t\t\t\t\t\t\t\t<div class=\"image-menu-page-single text-white bg-image \" id=\"research-contornocorporal\" style=\"background-image: url(https:\/\/www.avanceplasticsurgery.com\/wp-content\/uploads\/2020\/10\/doby-bg-min.jpg);\">\n\t\t\t\t\t<h2 class=\"title\">Contorno corporal<\/h2>\n\t\t\t\t\t<ul>\n\t\t\t\t\t\t\t\t\t\t\t\t\t<li>\n\t\t\t\t\t\t\t\t<a href=\"\"><\/a>\n\t\t\t\t\t\t\t<\/li>\n\t\t\t\t\t\t\t\t\t\t\t\t\t<li>\n\t\t\t\t\t\t\t\t<a href=\"\"><\/a>\n\t\t\t\t\t\t\t<\/li>\n\t\t\t\t\t\t\t\t\t\t\t\t\t<li>\n\t\t\t\t\t\t\t\t<a href=\"https:\/\/www.avanceplasticsurgery.com\/wp-content\/uploads\/2020\/10\/embrace.pdf\">Aplicaci\u00f3n de radiofrecuencia multimodal<\/a>\n\t\t\t\t\t\t\t<\/li>\n\t\t\t\t\t\t\t\t\t\t\t\t\t<li>\n\t\t\t\t\t\t\t\t<a href=\"https:\/\/www.avanceplasticsurgery.com\/wp-content\/uploads\/2022\/01\/ASJ-Dayan.pdf\">Un tratamiento m\u00ednimamente invasivo para la laxitud de la piel<\/a>\n\t\t\t\t\t\t\t<\/li>\n\t\t\t\t\t\t\t\t\t\t\t\t\t<li>\n\t\t\t\t\t\t\t\t<a href=\"https:\/\/www.avanceplasticsurgery.com\/wp-content\/uploads\/2022\/01\/Body-RF.pdf\">Eliminaci\u00f3n de grasa por radiofrecuencia corporal\/reafirmaci\u00f3n de la piel<\/a>\n\t\t\t\t\t\t\t<\/li>\n\t\t\t\t\t\t\t\t\t\t\t\t\t<li>\n\t\t\t\t\t\t\t\t<a href=\"https:\/\/www.avanceplasticsurgery.com\/wp-content\/uploads\/2022\/01\/Fat-metabolism.pdf\">Metabolismo de las grasas<\/a>\n\t\t\t\t\t\t\t<\/li>\n\t\t\t\t\t\t\t\t\t\t\t\t\t<li>\n\t\t\t\t\t\t\t\t<a href=\"https:\/\/www.avanceplasticsurgery.com\/wp-content\/uploads\/2022\/01\/Laser-Liposuction.pdf\">Liposucci\u00f3n asistida por l\u00e1ser<\/a>\n\t\t\t\t\t\t\t<\/li>\n\t\t\t\t\t\t\t\t\t\t\t\t\t<li>\n\t\t\t\t\t\t\t\t<a href=\"https:\/\/www.avanceplasticsurgery.com\/wp-content\/uploads\/2022\/01\/Noninvasive-cryolipolysis.pdf\">Criolip\u00f3lisis no invasiva<\/a>\n\t\t\t\t\t\t\t<\/li>\n\t\t\t\t\t\t\t\t\t\t\t\t\t<li>\n\t\t\t\t\t\t\t\t<a href=\"\"><\/a>\n\t\t\t\t\t\t\t<\/li>\n\t\t\t\t\t\t\t\t\t\t\t<\/ul>\n\t\t\t\t<\/div>\n\t\t\t\t\t\t\t\t\t\t\t\t<div class=\"image-menu-page-single text-white bg-image \" id=\"research-cirugamamaria\" style=\"background-image: url(https:\/\/www.avanceplasticsurgery.com\/wp-content\/uploads\/2020\/10\/breast-bg-min-1.jpg);\">\n\t\t\t\t\t<h2 class=\"title\">Cirug\u00eda mamaria<\/h2>\n\t\t\t\t\t<ul>\n\t\t\t\t\t\t\t\t\t\t\t\t\t<li>\n\t\t\t\t\t\t\t\t<a href=\"\"><\/a>\n\t\t\t\t\t\t\t<\/li>\n\t\t\t\t\t\t\t\t\t\t\t\t\t<li>\n\t\t\t\t\t\t\t\t<a href=\"https:\/\/www.avanceplasticsurgery.com\/wp-content\/uploads\/2020\/10\/Breast-implant-safety.pdf\">La enfermedad de los implantes de silicona: \u00bfCiencia o mito?<\/a>\n\t\t\t\t\t\t\t<\/li>\n\t\t\t\t\t\t\t\t\t\t\t\t\t<li>\n\t\t\t\t\t\t\t\t<a href=\"https:\/\/www.avanceplasticsurgery.com\/wp-content\/uploads\/2022\/01\/Aug-Pexy.pdf\">Lograr la previsibilidad en la mastopexia de aumento<\/a>\n\t\t\t\t\t\t\t<\/li>\n\t\t\t\t\t\t\t\t\t\t\t<\/ul>\n\t\t\t\t<\/div>\n\t\t\t\t\t\t\t\t\t\t\t\t<div class=\"image-menu-page-single text-white bg-image \" id=\"research-cirugaestticadeglteos\" style=\"background-image: url(https:\/\/www.avanceplasticsurgery.com\/wp-content\/uploads\/2021\/09\/butt-min.jpg);\">\n\t\t\t\t\t<h2 class=\"title\">Cirug\u00eda est\u00e9tica de gl\u00fateos<\/h2>\n\t\t\t\t\t<ul>\n\t\t\t\t\t\t\t\t\t\t\t\t\t<li>\n\t\t\t\t\t\t\t\t<a href=\"\"><\/a>\n\t\t\t\t\t\t\t<\/li>\n\t\t\t\t\t\t\t\t\t\t\t\t\t<li>\n\t\t\t\t\t\t\t\t<a href=\"https:\/\/www.avanceplasticsurgery.com\/wp-content\/uploads\/2020\/10\/BBL-fat-migration.pdf\">Un estudio anat\u00f3mico din\u00e1mico del injerto de grasa gl\u00fatea<\/a>\n\t\t\t\t\t\t\t<\/li>\n\t\t\t\t\t\t\t\t\t\t\t\t\t<li>\n\t\t\t\t\t\t\t\t<a href=\"https:\/\/www.avanceplasticsurgery.com\/wp-content\/uploads\/2020\/10\/BBL-viewpoint.pdf\">\u00bfProhibir o no prohibir el \"lifting de gl\u00fateos brasile\u00f1o\"?<\/a>\n\t\t\t\t\t\t\t<\/li>\n\t\t\t\t\t\t\t\t\t\t\t\t\t<li>\n\t\t\t\t\t\t\t\t<a href=\"https:\/\/www.avanceplasticsurgery.com\/wp-content\/uploads\/2022\/01\/BBLULA.pdf\">Lifting brasile\u00f1o de gl\u00fateos con anestesia local<\/a>\n\t\t\t\t\t\t\t<\/li>\n\t\t\t\t\t\t\t\t\t\t\t<\/ul>\n\t\t\t\t<\/div>\n\t\t\t\t\t\t\t\t\t\t\t\t<div class=\"image-menu-page-single text-white bg-image \" id=\"research-saluddelamujerlabiosysueloplvico\" style=\"background-image: url(https:\/\/www.avanceplasticsurgery.com\/wp-content\/uploads\/2021\/09\/skin-min.jpg);\">\n\t\t\t\t\t<h2 class=\"title\">Salud de la mujer: Labios y suelo p\u00e9lvico<\/h2>\n\t\t\t\t\t<ul>\n\t\t\t\t\t\t\t\t\t\t\t\t\t<li>\n\t\t\t\t\t\t\t\t<a href=\"\"><\/a>\n\t\t\t\t\t\t\t<\/li>\n\t\t\t\t\t\t\t\t\t\t\t\t\t<li>\n\t\t\t\t\t\t\t\t<a href=\"https:\/\/www.avanceplasticsurgery.com\/wp-content\/uploads\/2020\/10\/labiaplasty.pdf\">Tratamiento por radiofrecuencia de los labios menores y mayores<\/a>\n\t\t\t\t\t\t\t<\/li>\n\t\t\t\t\t\t\t\t\t\t\t\t\t<li>\n\t\t\t\t\t\t\t\t<a href=\"https:\/\/www.avanceplasticsurgery.com\/wp-content\/uploads\/2020\/10\/Votiva.pdf\">Papel de la radiofrecuencia (Votiva, InMode)<\/a>\n\t\t\t\t\t\t\t<\/li>\n\t\t\t\t\t\t\t\t\t\t\t\t\t<li>\n\t\t\t\t\t\t\t\t<a href=\"https:\/\/www.avanceplasticsurgery.com\/wp-content\/uploads\/2022\/01\/A-Systematic-Review-of-Nonsurgical-Vulvovaginal-Restoration-Devices_-An-Evidence-Based-Examination-of-Safety-and-Efficacy.pdf.\">Papel de la radiofrecuencia (Votiva, InMode)<\/a>\n\t\t\t\t\t\t\t<\/li>\n\t\t\t\t\t\t\t\t\t\t\t<\/ul>\n\t\t\t\t<\/div>\n\t\t\t\t\t\t\t\t\t\t\t\t<div class=\"image-menu-page-single text-white bg-image \" id=\"research-suplementosencirugaplstica\" style=\"background-image: url(https:\/\/www.avanceplasticsurgery.com\/wp-content\/uploads\/2022\/01\/research-bg-2.jpg);\">\n\t\t\t\t\t<h2 class=\"title\">Suplementos en cirug\u00eda pl\u00e1stica<\/h2>\n\t\t\t\t\t<ul>\n\t\t\t\t\t\t\t\t\t\t\t\t\t<li>\n\t\t\t\t\t\t\t\t<a href=\"\"><\/a>\n\t\t\t\t\t\t\t<\/li>\n\t\t\t\t\t\t\t\t\t\t\t\t\t<li>\n\t\t\t\t\t\t\t\t<a href=\"https:\/\/www.avanceplasticsurgery.com\/wp-content\/uploads\/2020\/10\/Supplements.pdf\">Suplementos<\/a>\n\t\t\t\t\t\t\t<\/li>\n\t\t\t\t\t\t\t\t\t\t\t<\/ul>\n\t\t\t\t<\/div>\n\t\t\t\t\t\t\t\t\t\t\t\t<div class=\"image-menu-page-single text-white bg-image two-columns\" id=\"research-estticamnimamenteinvasivaylser\" style=\"background-image: url(https:\/\/www.avanceplasticsurgery.com\/wp-content\/uploads\/2022\/01\/2-9.jpg);\">\n\t\t\t\t\t<h2 class=\"title\">Est\u00e9tica m\u00ednimamente invasiva y l\u00e1ser<\/h2>\n\t\t\t\t\t<ul>\n\t\t\t\t\t\t\t\t\t\t\t\t\t<li>\n\t\t\t\t\t\t\t\t<a href=\"\"><\/a>\n\t\t\t\t\t\t\t<\/li>\n\t\t\t\t\t\t\t\t\t\t\t\t\t<li>\n\t\t\t\t\t\t\t\t<a href=\"\"><\/a>\n\t\t\t\t\t\t\t<\/li>\n\t\t\t\t\t\t\t\t\t\t\t\t\t<li>\n\t\t\t\t\t\t\t\t<a href=\"\"><\/a>\n\t\t\t\t\t\t\t<\/li>\n\t\t\t\t\t\t\t\t\t\t\t\t\t<li>\n\t\t\t\t\t\t\t\t<a href=\"https:\/\/www.avanceplasticsurgery.com\/wp-content\/uploads\/2022\/01\/Body-RF.pdf\">Eliminaci\u00f3n de la grasa corporal por radiofrecuencia\/reafirmaci\u00f3n de la piel<\/a>\n\t\t\t\t\t\t\t<\/li>\n\t\t\t\t\t\t\t\t\t\t\t\t\t<li>\n\t\t\t\t\t\t\t\t<a href=\"https:\/\/www.avanceplasticsurgery.com\/wp-content\/uploads\/2022\/01\/Laser-Liposuction.pdf\">Liposucci\u00f3n asistida por l\u00e1ser<\/a>\n\t\t\t\t\t\t\t<\/li>\n\t\t\t\t\t\t\t\t\t\t\t\t\t<li>\n\t\t\t\t\t\t\t\t<a href=\"https:\/\/www.avanceplasticsurgery.com\/wp-content\/uploads\/2022\/01\/Microneedling.pdf\">Maximizar la seguridad con Microneedling<\/a>\n\t\t\t\t\t\t\t<\/li>\n\t\t\t\t\t\t\t\t\t\t\t\t\t<li>\n\t\t\t\t\t\t\t\t<a href=\"\"><\/a>\n\t\t\t\t\t\t\t<\/li>\n\t\t\t\t\t\t\t\t\t\t\t\t\t<li>\n\t\t\t\t\t\t\t\t<a href=\"\"><\/a>\n\t\t\t\t\t\t\t<\/li>\n\t\t\t\t\t\t\t\t\t\t\t\t\t<li>\n\t\t\t\t\t\t\t\t<a href=\"https:\/\/www.avanceplasticsurgery.com\/wp-content\/uploads\/2022\/01\/Noninvasive-cryolipolysis.pdf\">Maximizar la seguridad con la criolip\u00f3lisis<\/a>\n\t\t\t\t\t\t\t<\/li>\n\t\t\t\t\t\t\t\t\t\t\t\t\t<li>\n\t\t\t\t\t\t\t\t<a href=\"\"><\/a>\n\t\t\t\t\t\t\t<\/li>\n\t\t\t\t\t\t\t\t\t\t\t\t\t<li>\n\t\t\t\t\t\t\t\t<a href=\"https:\/\/www.avanceplasticsurgery.com\/wp-content\/uploads\/2022\/01\/RF-labiaplasty.pdf\">Rejuvenecimiento vulvovaginal asistido por radiofrecuencia<\/a>\n\t\t\t\t\t\t\t<\/li>\n\t\t\t\t\t\t\t\t\t\t\t\t\t<li>\n\t\t\t\t\t\t\t\t<a href=\"https:\/\/www.avanceplasticsurgery.com\/wp-content\/uploads\/2022\/01\/RF.pdf\">Rejuvenecimiento vulvovaginal asistido por radiofrecuencia<\/a>\n\t\t\t\t\t\t\t<\/li>\n\t\t\t\t\t\t\t\t\t\t\t\t\t<li>\n\t\t\t\t\t\t\t\t<a href=\"https:\/\/www.avanceplasticsurgery.com\/wp-content\/uploads\/2022\/01\/TCA-2.pdf\">TCA combinado con la seguridad del peeling qu\u00edmico de Jessner<\/a>\n\t\t\t\t\t\t\t<\/li>\n\t\t\t\t\t\t\t\t\t\t\t\t\t<li>\n\t\t\t\t\t\t\t\t<a href=\"https:\/\/www.avanceplasticsurgery.com\/wp-content\/uploads\/2022\/01\/TCA-peel-2.pdf\">Exfoliaci\u00f3n con \u00e1cido tricloroac\u00e9tico<\/a>\n\t\t\t\t\t\t\t<\/li>\n\t\t\t\t\t\t\t\t\t\t\t\t\t<li>\n\t\t\t\t\t\t\t\t<a href=\"https:\/\/www.avanceplasticsurgery.com\/wp-content\/uploads\/2022\/01\/Theodorou_Emerg-Tech_ch-10.pdf\">Liposucci\u00f3n asistida por radiofrecuencia para el contorno corporal<\/a>\n\t\t\t\t\t\t\t<\/li>\n\t\t\t\t\t\t\t\t\t\t\t\t\t<li>\n\t\t\t\t\t\t\t\t<a href=\"\"><\/a>\n\t\t\t\t\t\t\t<\/li>\n\t\t\t\t\t\t\t\t\t\t\t\t\t<li>\n\t\t\t\t\t\t\t\t<a href=\"\"><\/a>\n\t\t\t\t\t\t\t<\/li>\n\t\t\t\t\t\t\t\t\t\t\t\t\t<li>\n\t\t\t\t\t\t\t\t<a href=\"https:\/\/www.avanceplasticsurgery.com\/wp-content\/uploads\/2022\/01\/Fat-metabolism.pdf\">Injertos de grasa en cejas, sienes y frente<\/a>\n\t\t\t\t\t\t\t<\/li>\n\t\t\t\t\t\t\t\t\t\t\t<\/ul>\n\t\t\t\t<\/div>\n\t\t\t\t\t\t\t\t\t\t\t\t<div class=\"image-menu-page-single text-white bg-image \" id=\"research-cirugadeojosycejas\" style=\"background-image: url(https:\/\/www.avanceplasticsurgery.com\/wp-content\/uploads\/2022\/01\/1-9.jpg);\">\n\t\t\t\t\t<h2 class=\"title\">Cirug\u00eda de ojos y cejas<\/h2>\n\t\t\t\t\t<ul>\n\t\t\t\t\t\t\t\t\t\t\t\t\t<li>\n\t\t\t\t\t\t\t\t<a href=\"\"><\/a>\n\t\t\t\t\t\t\t<\/li>\n\t\t\t\t\t\t\t\t\t\t\t\t\t<li>\n\t\t\t\t\t\t\t\t<a href=\"\"><\/a>\n\t\t\t\t\t\t\t<\/li>\n\t\t\t\t\t\t\t\t\t\t\t\t\t<li>\n\t\t\t\t\t\t\t\t<a href=\"https:\/\/www.avanceplasticsurgery.com\/wp-content\/uploads\/2022\/01\/Blepharoplasty-1.pdf\">Cantopexia y cantoplastia<\/a>\n\t\t\t\t\t\t\t<\/li>\n\t\t\t\t\t\t\t\t\t\t\t<\/ul>\n\t\t\t\t<\/div>\n\t\t\t\t\t\t\t\t\t\t\t\t<div class=\"image-menu-page-single text-white bg-image \" id=\"research-cirugareconstructiva\" style=\"background-image: url(https:\/\/www.avanceplasticsurgery.com\/wp-content\/uploads\/2022\/01\/3-8.jpg);\">\n\t\t\t\t\t<h2 class=\"title\">Cirug\u00eda Reconstructiva<\/h2>\n\t\t\t\t\t<ul>\n\t\t\t\t\t\t\t\t\t\t\t\t\t<li>\n\t\t\t\t\t\t\t\t<a href=\"\"><\/a>\n\t\t\t\t\t\t\t<\/li>\n\t\t\t\t\t\t\t\t\t\t\t\t\t<li>\n\t\t\t\t\t\t\t\t<a href=\"https:\/\/www.avanceplasticsurgery.com\/wp-content\/uploads\/2022\/01\/BRCA-testing.pdf\">Pruebas gen\u00e9ticas para el c\u00e1ncer de mama y la reconstrucci\u00f3n mamaria<\/a>\n\t\t\t\t\t\t\t<\/li>\n\t\t\t\t\t\t\t\t\t\t\t<\/ul>\n\t\t\t\t<\/div>\n\t\t\t\t\t\t\t\t\t\t\t\t<div class=\"image-menu-page-single text-white bg-image \" id=\"research-otrostemas\" style=\"background-image: url(https:\/\/www.avanceplasticsurgery.com\/wp-content\/uploads\/2022\/01\/4-9.jpg);\">\n\t\t\t\t\t<h2 class=\"title\">Otros temas<\/h2>\n\t\t\t\t\t<ul>\n\t\t\t\t\t\t\t\t\t\t\t\t\t<li>\n\t\t\t\t\t\t\t\t<a href=\"\"><\/a>\n\t\t\t\t\t\t\t<\/li>\n\t\t\t\t\t\t\t\t\t\t\t\t\t<li>\n\t\t\t\t\t\t\t\t<a href=\"\"><\/a>\n\t\t\t\t\t\t\t<\/li>\n\t\t\t\t\t\t\t\t\t\t\t\t\t<li>\n\t\t\t\t\t\t\t\t<a href=\"https:\/\/www.avanceplasticsurgery.com\/wp-content\/uploads\/2022\/01\/Supplements.pdf\">Suplementos diet\u00e9ticos<\/a>\n\t\t\t\t\t\t\t<\/li>\n\t\t\t\t\t\t\t\t\t\t\t<\/ul>\n\t\t\t\t<\/div>\n\t\t\t\t\t\t<\/div>\n\n<p>&nbsp;<\/p>\n","protected":false},"excerpt":{"rendered":"<p>Investigaci\u00f3n del Dr. Erez Dayan El Dr. Dayan ha estado a la vanguardia de la investigaci\u00f3n en cirug\u00eda pl\u00e1stica&hellip;<\/p>\n","protected":false},"author":1,"featured_media":8572,"parent":8813,"menu_order":0,"comment_status":"closed","ping_status":"closed","template":"template-fullwidth.php","meta":{"_acf_changed":false,"footnotes":""},"class_list":["post-8826","page","type-page","status-publish","has-post-thumbnail"],"acf":[],"yoast_head":"<!-- This site is optimized with the Yoast SEO plugin v27.3 - https:\/\/yoast.com\/product\/yoast-seo-wordpress\/ -->\n<title>Investigaci\u00f3n | Dr. Erez Day\u00e1n | Reno NV Especialista en Cirug\u00eda Pl\u00e1stica Est\u00e9tica<\/title>\n<meta name=\"description\" content=\"El Dr. Erez Dayan del Instituto de Cirug\u00eda Pl\u00e1stica Avance es un investigador experimentado para algunas de las principales marcas en cirug\u00eda pl\u00e1stica y el campo de la medicina est\u00e9tica. Obtenga m\u00e1s informaci\u00f3n sobre sus investigaciones y trabajos publicados de renombre mundial.\" \/>\n<meta name=\"robots\" content=\"index, follow, max-snippet:-1, max-image-preview:large, max-video-preview:-1\" \/>\n<link rel=\"canonical\" href=\"https:\/\/www.avanceplasticsurgery.com\/es\/acerca-de\/investigar\/\" \/>\n<meta property=\"og:locale\" content=\"es_ES\" \/>\n<meta property=\"og:type\" content=\"article\" \/>\n<meta property=\"og:title\" content=\"Investigaci\u00f3n | Dr. Erez Day\u00e1n | Reno NV Especialista en Cirug\u00eda Pl\u00e1stica Est\u00e9tica\" \/>\n<meta property=\"og:description\" content=\"El Dr. Erez Dayan del Instituto de Cirug\u00eda Pl\u00e1stica Avance es un investigador experimentado para algunas de las principales marcas en cirug\u00eda pl\u00e1stica y el campo de la medicina est\u00e9tica. Obtenga m\u00e1s informaci\u00f3n sobre sus investigaciones y trabajos publicados de renombre mundial.\" \/>\n<meta property=\"og:url\" content=\"https:\/\/www.avanceplasticsurgery.com\/es\/acerca-de\/investigar\/\" \/>\n<meta property=\"og:site_name\" content=\"Avance Plastic Surgery\" \/>\n<meta property=\"article:modified_time\" content=\"2022-08-17T07:36:59+00:00\" \/>\n<meta property=\"og:image\" content=\"https:\/\/www.avanceplasticsurgery.com\/wp-content\/uploads\/2022\/01\/research-bg.jpg\" \/>\n\t<meta property=\"og:image:width\" content=\"1920\" \/>\n\t<meta property=\"og:image:height\" content=\"500\" \/>\n\t<meta property=\"og:image:type\" content=\"image\/jpeg\" \/>\n<meta name=\"twitter:card\" content=\"summary_large_image\" \/>\n<meta name=\"twitter:label1\" content=\"Tiempo de lectura\" \/>\n\t<meta name=\"twitter:data1\" content=\"1 minuto\" \/>\n<!-- \/ Yoast SEO plugin. -->","yoast_head_json":{"title":"Investigaci\u00f3n | Dr. Erez Day\u00e1n | Reno NV Especialista en Cirug\u00eda Pl\u00e1stica Est\u00e9tica","description":"El Dr. Erez Dayan del Instituto de Cirug\u00eda Pl\u00e1stica Avance es un investigador experimentado para algunas de las principales marcas en cirug\u00eda pl\u00e1stica y el campo de la medicina est\u00e9tica. Obtenga m\u00e1s informaci\u00f3n sobre sus investigaciones y trabajos publicados de renombre mundial.","robots":{"index":"index","follow":"follow","max-snippet":"max-snippet:-1","max-image-preview":"max-image-preview:large","max-video-preview":"max-video-preview:-1"},"canonical":"https:\/\/www.avanceplasticsurgery.com\/es\/acerca-de\/investigar\/","og_locale":"es_ES","og_type":"article","og_title":"Investigaci\u00f3n | Dr. Erez Day\u00e1n | Reno NV Especialista en Cirug\u00eda Pl\u00e1stica Est\u00e9tica","og_description":"El Dr. Erez Dayan del Instituto de Cirug\u00eda Pl\u00e1stica Avance es un investigador experimentado para algunas de las principales marcas en cirug\u00eda pl\u00e1stica y el campo de la medicina est\u00e9tica. Obtenga m\u00e1s informaci\u00f3n sobre sus investigaciones y trabajos publicados de renombre mundial.","og_url":"https:\/\/www.avanceplasticsurgery.com\/es\/acerca-de\/investigar\/","og_site_name":"Avance Plastic Surgery","article_modified_time":"2022-08-17T07:36:59+00:00","og_image":[{"width":1920,"height":500,"url":"https:\/\/www.avanceplasticsurgery.com\/wp-content\/uploads\/2022\/01\/research-bg.jpg","type":"image\/jpeg"}],"twitter_card":"summary_large_image","twitter_misc":{"Tiempo de lectura":"1 minuto"},"schema":{"@context":"https:\/\/schema.org","@graph":[{"@type":"WebPage","@id":"https:\/\/www.avanceplasticsurgery.com\/es\/acerca-de\/investigar\/","url":"https:\/\/www.avanceplasticsurgery.com\/es\/acerca-de\/investigar\/","name":"Investigaci\u00f3n | Dr. Erez Day\u00e1n | Reno NV Especialista en Cirug\u00eda Pl\u00e1stica Est\u00e9tica","isPartOf":{"@id":"https:\/\/www.avanceplasticsurgery.com\/es\/#website"},"primaryImageOfPage":{"@id":"https:\/\/www.avanceplasticsurgery.com\/es\/acerca-de\/investigar\/#primaryimage"},"image":{"@id":"https:\/\/www.avanceplasticsurgery.com\/es\/acerca-de\/investigar\/#primaryimage"},"thumbnailUrl":"https:\/\/www.avanceplasticsurgery.com\/wp-content\/uploads\/2022\/01\/research-bg.jpg","datePublished":"2020-09-15T10:54:25+00:00","dateModified":"2022-08-17T07:36:59+00:00","description":"El Dr. Erez Dayan del Instituto de Cirug\u00eda Pl\u00e1stica Avance es un investigador experimentado para algunas de las principales marcas en cirug\u00eda pl\u00e1stica y el campo de la medicina est\u00e9tica. Obtenga m\u00e1s informaci\u00f3n sobre sus investigaciones y trabajos publicados de renombre mundial.","breadcrumb":{"@id":"https:\/\/www.avanceplasticsurgery.com\/es\/acerca-de\/investigar\/#breadcrumb"},"inLanguage":"es","potentialAction":[{"@type":"ReadAction","target":["https:\/\/www.avanceplasticsurgery.com\/es\/acerca-de\/investigar\/"]}]},{"@type":"ImageObject","inLanguage":"es","@id":"https:\/\/www.avanceplasticsurgery.com\/es\/acerca-de\/investigar\/#primaryimage","url":"https:\/\/www.avanceplasticsurgery.com\/wp-content\/uploads\/2022\/01\/research-bg.jpg","contentUrl":"https:\/\/www.avanceplasticsurgery.com\/wp-content\/uploads\/2022\/01\/research-bg.jpg","width":1920,"height":500,"caption":"Una persona con bata blanca de laboratorio, con la etiqueta \"M.D. Reconstructive Surgery\", sostiene y lee un libro de texto m\u00e9dico titulado \"The Face: Atlas pict\u00f3rico de anatom\u00eda cl\u00ednica\". La portada del libro muestra una ilustraci\u00f3n anat\u00f3mica de una cara."},{"@type":"BreadcrumbList","@id":"https:\/\/www.avanceplasticsurgery.com\/es\/acerca-de\/investigar\/#breadcrumb","itemListElement":[{"@type":"ListItem","position":1,"name":"Home","item":"https:\/\/www.avanceplasticsurgery.com\/es\/"},{"@type":"ListItem","position":2,"name":"Acerca de","item":"https:\/\/www.avanceplasticsurgery.com\/es\/acerca-de\/"},{"@type":"ListItem","position":3,"name":"Investigar"}]},{"@type":"WebSite","@id":"https:\/\/www.avanceplasticsurgery.com\/es\/#website","url":"https:\/\/www.avanceplasticsurgery.com\/es\/","name":"Avance Plastic Surgery","description":"","potentialAction":[{"@type":"SearchAction","target":{"@type":"EntryPoint","urlTemplate":"https:\/\/www.avanceplasticsurgery.com\/es\/?s={search_term_string}"},"query-input":{"@type":"PropertyValueSpecification","valueRequired":true,"valueName":"search_term_string"}}],"inLanguage":"es"}]}},"_links":{"self":[{"href":"https:\/\/www.avanceplasticsurgery.com\/es\/wp-json\/wp\/v2\/pages\/8826","targetHints":{"allow":["GET"]}}],"collection":[{"href":"https:\/\/www.avanceplasticsurgery.com\/es\/wp-json\/wp\/v2\/pages"}],"about":[{"href":"https:\/\/www.avanceplasticsurgery.com\/es\/wp-json\/wp\/v2\/types\/page"}],"author":[{"embeddable":true,"href":"https:\/\/www.avanceplasticsurgery.com\/es\/wp-json\/wp\/v2\/users\/1"}],"replies":[{"embeddable":true,"href":"https:\/\/www.avanceplasticsurgery.com\/es\/wp-json\/wp\/v2\/comments?post=8826"}],"version-history":[{"count":7,"href":"https:\/\/www.avanceplasticsurgery.com\/es\/wp-json\/wp\/v2\/pages\/8826\/revisions"}],"predecessor-version":[{"id":9729,"href":"https:\/\/www.avanceplasticsurgery.com\/es\/wp-json\/wp\/v2\/pages\/8826\/revisions\/9729"}],"up":[{"embeddable":true,"href":"https:\/\/www.avanceplasticsurgery.com\/es\/wp-json\/wp\/v2\/pages\/8813"}],"wp:featuredmedia":[{"embeddable":true,"href":"https:\/\/www.avanceplasticsurgery.com\/es\/wp-json\/wp\/v2\/media\/8572"}],"wp:attachment":[{"href":"https:\/\/www.avanceplasticsurgery.com\/es\/wp-json\/wp\/v2\/media?parent=8826"}],"curies":[{"name":"wp","href":"https:\/\/api.w.org\/{rel}","templated":true}]}}