{"id":8827,"date":"2017-08-29T07:51:53","date_gmt":"2017-08-29T07:51:53","guid":{"rendered":"https:\/\/www.avanceplasticsurgery.com\/acerca-de\/resenas\/"},"modified":"2022-04-26T11:04:17","modified_gmt":"2022-04-26T11:04:17","slug":"resenas","status":"publish","type":"page","link":"https:\/\/www.avanceplasticsurgery.com\/es\/acerca-de\/resenas\/","title":{"rendered":"Rese\u00f1as"},"content":{"rendered":"<h1 class=\"underlined-header uppercased\" style=\"text-align: center;\">Rese\u00f1as<\/h1>\n","protected":false},"excerpt":{"rendered":"<p>Rese\u00f1as<\/p>\n","protected":false},"author":1,"featured_media":0,"parent":8813,"menu_order":0,"comment_status":"closed","ping_status":"closed","template":"template-reviews-main.php","meta":{"_acf_changed":false,"footnotes":""},"class_list":["post-8827","page","type-page","status-publish"],"acf":[],"yoast_head":"<!-- This site is optimized with the Yoast SEO plugin v27.3 - https:\/\/yoast.com\/product\/yoast-seo-wordpress\/ -->\n<title>Reno NV Rese\u00f1as de Cirug\u00eda Pl\u00e1stica Facial, Rese\u00f1as | Lago Tahoe<\/title>\n<meta name=\"description\" content=\"Lea las numerosas revisiones de cirug\u00eda pl\u00e1stica facial y las revisiones dejadas por los pacientes satisfechos del Dr. Erez Dayan y el Instituto de Cirug\u00eda Pl\u00e1stica Avance. Llame hoy para programar su consulta virtual o en persona con el Dr. Dayan.\" \/>\n<meta name=\"robots\" content=\"index, follow, max-snippet:-1, max-image-preview:large, max-video-preview:-1\" \/>\n<link rel=\"canonical\" href=\"https:\/\/www.avanceplasticsurgery.com\/es\/acerca-de\/resenas\/\" \/>\n<meta property=\"og:locale\" content=\"es_ES\" \/>\n<meta property=\"og:type\" content=\"article\" \/>\n<meta property=\"og:title\" content=\"Reno NV Rese\u00f1as de Cirug\u00eda Pl\u00e1stica Facial, Rese\u00f1as | Lago Tahoe\" \/>\n<meta property=\"og:description\" content=\"Lea las numerosas revisiones de cirug\u00eda pl\u00e1stica facial y las revisiones dejadas por los pacientes satisfechos del Dr. Erez Dayan y el Instituto de Cirug\u00eda Pl\u00e1stica Avance. Llame hoy para programar su consulta virtual o en persona con el Dr. Dayan.\" \/>\n<meta property=\"og:url\" content=\"https:\/\/www.avanceplasticsurgery.com\/es\/acerca-de\/resenas\/\" \/>\n<meta property=\"og:site_name\" content=\"Avance Plastic Surgery\" \/>\n<meta property=\"article:modified_time\" content=\"2022-04-26T11:04:17+00:00\" \/>\n<meta name=\"twitter:card\" content=\"summary_large_image\" \/>\n<!-- \/ Yoast SEO plugin. -->","yoast_head_json":{"title":"Reno NV Rese\u00f1as de Cirug\u00eda Pl\u00e1stica Facial, Rese\u00f1as | Lago Tahoe","description":"Lea las numerosas revisiones de cirug\u00eda pl\u00e1stica facial y las revisiones dejadas por los pacientes satisfechos del Dr. Erez Dayan y el Instituto de Cirug\u00eda Pl\u00e1stica Avance. Llame hoy para programar su consulta virtual o en persona con el Dr. Dayan.","robots":{"index":"index","follow":"follow","max-snippet":"max-snippet:-1","max-image-preview":"max-image-preview:large","max-video-preview":"max-video-preview:-1"},"canonical":"https:\/\/www.avanceplasticsurgery.com\/es\/acerca-de\/resenas\/","og_locale":"es_ES","og_type":"article","og_title":"Reno NV Rese\u00f1as de Cirug\u00eda Pl\u00e1stica Facial, Rese\u00f1as | Lago Tahoe","og_description":"Lea las numerosas revisiones de cirug\u00eda pl\u00e1stica facial y las revisiones dejadas por los pacientes satisfechos del Dr. Erez Dayan y el Instituto de Cirug\u00eda Pl\u00e1stica Avance. Llame hoy para programar su consulta virtual o en persona con el Dr. Dayan.","og_url":"https:\/\/www.avanceplasticsurgery.com\/es\/acerca-de\/resenas\/","og_site_name":"Avance Plastic Surgery","article_modified_time":"2022-04-26T11:04:17+00:00","twitter_card":"summary_large_image","schema":{"@context":"https:\/\/schema.org","@graph":[{"@type":"WebPage","@id":"https:\/\/www.avanceplasticsurgery.com\/es\/acerca-de\/resenas\/","url":"https:\/\/www.avanceplasticsurgery.com\/es\/acerca-de\/resenas\/","name":"Reno NV Rese\u00f1as de Cirug\u00eda Pl\u00e1stica Facial, Rese\u00f1as | Lago Tahoe","isPartOf":{"@id":"https:\/\/www.avanceplasticsurgery.com\/es\/#website"},"datePublished":"2017-08-29T07:51:53+00:00","dateModified":"2022-04-26T11:04:17+00:00","description":"Lea las numerosas revisiones de cirug\u00eda pl\u00e1stica facial y las revisiones dejadas por los pacientes satisfechos del Dr. Erez Dayan y el Instituto de Cirug\u00eda Pl\u00e1stica Avance. Llame hoy para programar su consulta virtual o en persona con el Dr. Dayan.","breadcrumb":{"@id":"https:\/\/www.avanceplasticsurgery.com\/es\/acerca-de\/resenas\/#breadcrumb"},"inLanguage":"es","potentialAction":[{"@type":"ReadAction","target":["https:\/\/www.avanceplasticsurgery.com\/es\/acerca-de\/resenas\/"]}]},{"@type":"BreadcrumbList","@id":"https:\/\/www.avanceplasticsurgery.com\/es\/acerca-de\/resenas\/#breadcrumb","itemListElement":[{"@type":"ListItem","position":1,"name":"Home","item":"https:\/\/www.avanceplasticsurgery.com\/es\/"},{"@type":"ListItem","position":2,"name":"Acerca de","item":"https:\/\/www.avanceplasticsurgery.com\/es\/acerca-de\/"},{"@type":"ListItem","position":3,"name":"Rese\u00f1as"}]},{"@type":"WebSite","@id":"https:\/\/www.avanceplasticsurgery.com\/es\/#website","url":"https:\/\/www.avanceplasticsurgery.com\/es\/","name":"Avance Plastic Surgery","description":"","potentialAction":[{"@type":"SearchAction","target":{"@type":"EntryPoint","urlTemplate":"https:\/\/www.avanceplasticsurgery.com\/es\/?s={search_term_string}"},"query-input":{"@type":"PropertyValueSpecification","valueRequired":true,"valueName":"search_term_string"}}],"inLanguage":"es"}]}},"_links":{"self":[{"href":"https:\/\/www.avanceplasticsurgery.com\/es\/wp-json\/wp\/v2\/pages\/8827","targetHints":{"allow":["GET"]}}],"collection":[{"href":"https:\/\/www.avanceplasticsurgery.com\/es\/wp-json\/wp\/v2\/pages"}],"about":[{"href":"https:\/\/www.avanceplasticsurgery.com\/es\/wp-json\/wp\/v2\/types\/page"}],"author":[{"embeddable":true,"href":"https:\/\/www.avanceplasticsurgery.com\/es\/wp-json\/wp\/v2\/users\/1"}],"replies":[{"embeddable":true,"href":"https:\/\/www.avanceplasticsurgery.com\/es\/wp-json\/wp\/v2\/comments?post=8827"}],"version-history":[{"count":1,"href":"https:\/\/www.avanceplasticsurgery.com\/es\/wp-json\/wp\/v2\/pages\/8827\/revisions"}],"predecessor-version":[{"id":9400,"href":"https:\/\/www.avanceplasticsurgery.com\/es\/wp-json\/wp\/v2\/pages\/8827\/revisions\/9400"}],"up":[{"embeddable":true,"href":"https:\/\/www.avanceplasticsurgery.com\/es\/wp-json\/wp\/v2\/pages\/8813"}],"wp:attachment":[{"href":"https:\/\/www.avanceplasticsurgery.com\/es\/wp-json\/wp\/v2\/media?parent=8827"}],"curies":[{"name":"wp","href":"https:\/\/api.w.org\/{rel}","templated":true}]}}