{"id":8830,"date":"2021-10-20T08:17:44","date_gmt":"2021-10-20T08:17:44","guid":{"rendered":"https:\/\/www.avanceplasticsurgery.com\/acerca-de\/resenas\/realself\/"},"modified":"2021-10-20T08:17:44","modified_gmt":"2021-10-20T08:17:44","slug":"realself","status":"publish","type":"page","link":"https:\/\/www.avanceplasticsurgery.com\/es\/acerca-de\/resenas\/realself\/","title":{"rendered":"RealSelf"},"content":{"rendered":"<h1 class=\"underlined-header uppercased\" style=\"text-align: center;\">Rese\u00f1as &#8211; RealSelf<\/h1>\n<p><strong>El Dr. Dayan se encuentra entre los cirujanos pl\u00e1sticos mejor evaluados y reconocidos de la regi\u00f3n con m\u00e1s de285 de rese\u00f1as de 5 estrellas<\/strong><\/p>\n","protected":false},"excerpt":{"rendered":"<p>Rese\u00f1as &#8211; RealSelf El Dr. Dayan se encuentra entre los cirujanos pl\u00e1sticos mejor evaluados y reconocidos de la regi\u00f3n&hellip;<\/p>\n","protected":false},"author":1,"featured_media":0,"parent":8827,"menu_order":0,"comment_status":"closed","ping_status":"closed","template":"template-reviews.php","meta":{"_acf_changed":false,"footnotes":""},"class_list":["post-8830","page","type-page","status-publish"],"acf":[],"yoast_head":"<!-- This site is optimized with the Yoast SEO plugin v27.3 - https:\/\/yoast.com\/product\/yoast-seo-wordpress\/ -->\n<title>RealSelf | Avance Plastic Surgery<\/title>\n<meta name=\"robots\" content=\"index, follow, max-snippet:-1, max-image-preview:large, max-video-preview:-1\" \/>\n<link rel=\"canonical\" href=\"https:\/\/www.avanceplasticsurgery.com\/es\/acerca-de\/resenas\/realself\/\" \/>\n<meta property=\"og:locale\" content=\"es_ES\" \/>\n<meta property=\"og:type\" content=\"article\" \/>\n<meta property=\"og:title\" content=\"RealSelf | Avance Plastic Surgery\" \/>\n<meta property=\"og:description\" content=\"Rese\u00f1as &#8211; RealSelf El Dr. Dayan se encuentra entre los cirujanos pl\u00e1sticos mejor evaluados y reconocidos de la regi\u00f3n&hellip;\" \/>\n<meta property=\"og:url\" content=\"https:\/\/www.avanceplasticsurgery.com\/es\/acerca-de\/resenas\/realself\/\" \/>\n<meta property=\"og:site_name\" content=\"Avance Plastic Surgery\" \/>\n<meta name=\"twitter:card\" content=\"summary_large_image\" \/>\n<!-- \/ Yoast SEO plugin. -->","yoast_head_json":{"title":"RealSelf | Avance Plastic Surgery","robots":{"index":"index","follow":"follow","max-snippet":"max-snippet:-1","max-image-preview":"max-image-preview:large","max-video-preview":"max-video-preview:-1"},"canonical":"https:\/\/www.avanceplasticsurgery.com\/es\/acerca-de\/resenas\/realself\/","og_locale":"es_ES","og_type":"article","og_title":"RealSelf | Avance Plastic Surgery","og_description":"Rese\u00f1as &#8211; RealSelf El Dr. Dayan se encuentra entre los cirujanos pl\u00e1sticos mejor evaluados y reconocidos de la regi\u00f3n&hellip;","og_url":"https:\/\/www.avanceplasticsurgery.com\/es\/acerca-de\/resenas\/realself\/","og_site_name":"Avance Plastic Surgery","twitter_card":"summary_large_image","schema":{"@context":"https:\/\/schema.org","@graph":[{"@type":"WebPage","@id":"https:\/\/www.avanceplasticsurgery.com\/es\/acerca-de\/resenas\/realself\/","url":"https:\/\/www.avanceplasticsurgery.com\/es\/acerca-de\/resenas\/realself\/","name":"RealSelf | Avance Plastic Surgery","isPartOf":{"@id":"https:\/\/www.avanceplasticsurgery.com\/es\/#website"},"datePublished":"2021-10-20T08:17:44+00:00","breadcrumb":{"@id":"https:\/\/www.avanceplasticsurgery.com\/es\/acerca-de\/resenas\/realself\/#breadcrumb"},"inLanguage":"es","potentialAction":[{"@type":"ReadAction","target":["https:\/\/www.avanceplasticsurgery.com\/es\/acerca-de\/resenas\/realself\/"]}]},{"@type":"BreadcrumbList","@id":"https:\/\/www.avanceplasticsurgery.com\/es\/acerca-de\/resenas\/realself\/#breadcrumb","itemListElement":[{"@type":"ListItem","position":1,"name":"Home","item":"https:\/\/www.avanceplasticsurgery.com\/es\/"},{"@type":"ListItem","position":2,"name":"Acerca de","item":"https:\/\/www.avanceplasticsurgery.com\/es\/acerca-de\/"},{"@type":"ListItem","position":3,"name":"Rese\u00f1as","item":"https:\/\/www.avanceplasticsurgery.com\/es\/acerca-de\/resenas\/"},{"@type":"ListItem","position":4,"name":"RealSelf"}]},{"@type":"WebSite","@id":"https:\/\/www.avanceplasticsurgery.com\/es\/#website","url":"https:\/\/www.avanceplasticsurgery.com\/es\/","name":"Avance Plastic Surgery","description":"","potentialAction":[{"@type":"SearchAction","target":{"@type":"EntryPoint","urlTemplate":"https:\/\/www.avanceplasticsurgery.com\/es\/?s={search_term_string}"},"query-input":{"@type":"PropertyValueSpecification","valueRequired":true,"valueName":"search_term_string"}}],"inLanguage":"es"}]}},"_links":{"self":[{"href":"https:\/\/www.avanceplasticsurgery.com\/es\/wp-json\/wp\/v2\/pages\/8830","targetHints":{"allow":["GET"]}}],"collection":[{"href":"https:\/\/www.avanceplasticsurgery.com\/es\/wp-json\/wp\/v2\/pages"}],"about":[{"href":"https:\/\/www.avanceplasticsurgery.com\/es\/wp-json\/wp\/v2\/types\/page"}],"author":[{"embeddable":true,"href":"https:\/\/www.avanceplasticsurgery.com\/es\/wp-json\/wp\/v2\/users\/1"}],"replies":[{"embeddable":true,"href":"https:\/\/www.avanceplasticsurgery.com\/es\/wp-json\/wp\/v2\/comments?post=8830"}],"version-history":[{"count":0,"href":"https:\/\/www.avanceplasticsurgery.com\/es\/wp-json\/wp\/v2\/pages\/8830\/revisions"}],"up":[{"embeddable":true,"href":"https:\/\/www.avanceplasticsurgery.com\/es\/wp-json\/wp\/v2\/pages\/8827"}],"wp:attachment":[{"href":"https:\/\/www.avanceplasticsurgery.com\/es\/wp-json\/wp\/v2\/media?parent=8830"}],"curies":[{"name":"wp","href":"https:\/\/api.w.org\/{rel}","templated":true}]}}