{"id":8833,"date":"2020-09-15T14:36:58","date_gmt":"2020-09-15T14:36:58","guid":{"rendered":"https:\/\/www.avanceplasticsurgery.com\/acerca-de\/tecnologia\/"},"modified":"2020-09-15T14:36:58","modified_gmt":"2020-09-15T14:36:58","slug":"tecnologia","status":"publish","type":"page","link":"https:\/\/www.avanceplasticsurgery.com\/es\/acerca-de\/tecnologia\/","title":{"rendered":"Tecnolog\u00eda"},"content":{"rendered":"<h1>Tecnolog\u00eda<\/h1>\n<p><a title=\"Instituto de Cirug\u00eda Pl\u00e1stica Avance de Reno NV\" href=\"https:\/\/www.avanceplasticsurgery.com\/es\/acerca-de\/\">El Instituto de Cirug\u00eda Pl\u00e1stica Avance<\/a> en Reno\/Tahoe, Nevada, prioriza el uso de la \u00faltima tecnolog\u00eda para garantizar que nuestros pacientes tengan el espectro completo de modalidades de tratamiento disponibles para sus objetivos est\u00e9ticos espec\u00edficos. El Dr. Dayan se desempe\u00f1a como co-investigador de numerosas subvenciones globales para dispositivos est\u00e9ticos y est\u00e1 a la vanguardia de la \u00faltima tecnolog\u00eda.<\/p>\n<p>El Instituto de Cirug\u00eda Pl\u00e1stica Avance es uno de los pocos centros del pa\u00eds que realiza ensayos de la FDA para prototipos de dispositivos est\u00e9ticos que llegan al mercado. <a href=\"https:\/\/www.avanceplasticsurgery.com\/es\/tratamientos-de-spa-medicos\/\">Haga clic aqu\u00ed<\/a> para ver lo que nuestros dispositivos est\u00e9ticos pueden lograr por usted.<\/p>\n<h2>Las tecnolog\u00edas m\u00e9dicas hacen que la cirug\u00eda sea m\u00e1s segura y eficaz<\/h2>\n<p>Las nuevas tecnolog\u00edas contin\u00faan dando forma al futuro de la cirug\u00eda pl\u00e1stica. Debido a la participaci\u00f3n del Dr. Dayan en el desarrollo de dispositivos m\u00e9dicos, puede contar con que solo usaremos la tecnolog\u00eda m\u00e9dica m\u00e1s avanzada y de vanguardia en nuestros procedimientos quir\u00fargicos. Algunas de las cirug\u00edas cosm\u00e9ticas y reconstructivas m\u00e1s populares se han mejorado, acortado y hecho m\u00e1s seguras mediante el uso de avances tecnol\u00f3gicos.<\/p>\n<p>Algunos de estos incluyen:<\/p>\n<ul>\n<li>Varios tipos de l\u00e1ser<\/li>\n<li>Opciones de imagen avanzadas<\/li>\n<li>Software de simulaci\u00f3n 3D para planificaci\u00f3n quir\u00fargica avanzada<\/li>\n<li>Productos biol\u00f3gicos para la reconstrucci\u00f3n de tejidos<\/li>\n<li>Agujas y c\u00e1nulas m\u00e1s peque\u00f1as y menos dolorosas<\/li>\n<li>Procedimientos avanzados para menos cicatrices y tiempos de recuperaci\u00f3n m\u00e1s cortos<\/li>\n<\/ul>\n<p>Aqu\u00ed en el Instituto de Cirug\u00eda Pl\u00e1stica Avance, nuestro equipo m\u00e9dico experto, encabezado por el Dr. Erez Dayan, realiza una cirug\u00eda pl\u00e1stica cosm\u00e9tica y reconstructiva compleja y art\u00edstica para satisfacer las mejores necesidades de los pacientes. Utilizamos las t\u00e9cnicas y tecnolog\u00edas m\u00e1s nuevas, probadas y confiables para lograr los mejores resultados posibles.<\/p>\n<p>Para obtener m\u00e1s informaci\u00f3n sobre tecnolog\u00eda m\u00e9dica o el Instituto de Cirug\u00eda Pl\u00e1stica Avance, o para programar su consulta, ll\u00e1menos o <a title=\"P\u00f3ngase en contacto con el Instituto de Cirug\u00eda Pl\u00e1stica Avance en Reno NV\" href=\"https:\/\/www.avanceplasticsurgery.com\/es\/contactenos\/\">env\u00ede un mensaje en l\u00ednea<\/a> .<\/p>\n","protected":false},"excerpt":{"rendered":"<p>Tecnolog\u00eda El Instituto de Cirug\u00eda Pl\u00e1stica Avance en Reno\/Tahoe, Nevada, prioriza el uso de la \u00faltima tecnolog\u00eda para garantizar&hellip;<\/p>\n","protected":false},"author":1,"featured_media":0,"parent":8813,"menu_order":0,"comment_status":"closed","ping_status":"closed","template":"","meta":{"_acf_changed":false,"footnotes":""},"class_list":["post-8833","page","type-page","status-publish"],"acf":[],"yoast_head":"<!-- This site is optimized with the Yoast SEO plugin v27.4 - https:\/\/yoast.com\/product\/yoast-seo-wordpress\/ -->\n<title>Tecnolog\u00eda | Instituto de Cirug\u00eda Pl\u00e1stica Avance de Reno NV | Lago Tahoe<\/title>\n<meta name=\"description\" content=\"La tecnolog\u00eda m\u00e9dica avanzada es com\u00fan en el Instituto de Cirug\u00eda Pl\u00e1stica Avance de Reno, NV. Usamos la tecnolog\u00eda m\u00e1s avanzada con nuestros procedimientos quir\u00fargicos, y somos uno de los pocos centros en el pa\u00eds que realiza pruebas FDA para prototipos de dispositivos que salen al mercado.\" \/>\n<meta name=\"robots\" content=\"index, follow, max-snippet:-1, max-image-preview:large, max-video-preview:-1\" \/>\n<link rel=\"canonical\" href=\"https:\/\/www.avanceplasticsurgery.com\/es\/acerca-de\/tecnologia\/\" \/>\n<meta property=\"og:locale\" content=\"es_ES\" \/>\n<meta property=\"og:type\" content=\"article\" \/>\n<meta property=\"og:title\" content=\"Tecnolog\u00eda | Instituto de Cirug\u00eda Pl\u00e1stica Avance de Reno NV | Lago Tahoe\" \/>\n<meta property=\"og:description\" content=\"La tecnolog\u00eda m\u00e9dica avanzada es com\u00fan en el Instituto de Cirug\u00eda Pl\u00e1stica Avance de Reno, NV. Usamos la tecnolog\u00eda m\u00e1s avanzada con nuestros procedimientos quir\u00fargicos, y somos uno de los pocos centros en el pa\u00eds que realiza pruebas FDA para prototipos de dispositivos que salen al mercado.\" \/>\n<meta property=\"og:url\" content=\"https:\/\/www.avanceplasticsurgery.com\/es\/acerca-de\/tecnologia\/\" \/>\n<meta property=\"og:site_name\" content=\"Avance Plastic Surgery\" \/>\n<meta name=\"twitter:card\" content=\"summary_large_image\" \/>\n<meta name=\"twitter:label1\" content=\"Tiempo de lectura\" \/>\n\t<meta name=\"twitter:data1\" content=\"2 minutos\" \/>\n<!-- \/ Yoast SEO plugin. -->","yoast_head_json":{"title":"Tecnolog\u00eda | Instituto de Cirug\u00eda Pl\u00e1stica Avance de Reno NV | Lago Tahoe","description":"La tecnolog\u00eda m\u00e9dica avanzada es com\u00fan en el Instituto de Cirug\u00eda Pl\u00e1stica Avance de Reno, NV. Usamos la tecnolog\u00eda m\u00e1s avanzada con nuestros procedimientos quir\u00fargicos, y somos uno de los pocos centros en el pa\u00eds que realiza pruebas FDA para prototipos de dispositivos que salen al mercado.","robots":{"index":"index","follow":"follow","max-snippet":"max-snippet:-1","max-image-preview":"max-image-preview:large","max-video-preview":"max-video-preview:-1"},"canonical":"https:\/\/www.avanceplasticsurgery.com\/es\/acerca-de\/tecnologia\/","og_locale":"es_ES","og_type":"article","og_title":"Tecnolog\u00eda | Instituto de Cirug\u00eda Pl\u00e1stica Avance de Reno NV | Lago Tahoe","og_description":"La tecnolog\u00eda m\u00e9dica avanzada es com\u00fan en el Instituto de Cirug\u00eda Pl\u00e1stica Avance de Reno, NV. Usamos la tecnolog\u00eda m\u00e1s avanzada con nuestros procedimientos quir\u00fargicos, y somos uno de los pocos centros en el pa\u00eds que realiza pruebas FDA para prototipos de dispositivos que salen al mercado.","og_url":"https:\/\/www.avanceplasticsurgery.com\/es\/acerca-de\/tecnologia\/","og_site_name":"Avance Plastic Surgery","twitter_card":"summary_large_image","twitter_misc":{"Tiempo de lectura":"2 minutos"},"schema":{"@context":"https:\/\/schema.org","@graph":[{"@type":"WebPage","@id":"https:\/\/www.avanceplasticsurgery.com\/es\/acerca-de\/tecnologia\/","url":"https:\/\/www.avanceplasticsurgery.com\/es\/acerca-de\/tecnologia\/","name":"Tecnolog\u00eda | Instituto de Cirug\u00eda Pl\u00e1stica Avance de Reno NV | Lago Tahoe","isPartOf":{"@id":"https:\/\/www.avanceplasticsurgery.com\/es\/#website"},"datePublished":"2020-09-15T14:36:58+00:00","description":"La tecnolog\u00eda m\u00e9dica avanzada es com\u00fan en el Instituto de Cirug\u00eda Pl\u00e1stica Avance de Reno, NV. Usamos la tecnolog\u00eda m\u00e1s avanzada con nuestros procedimientos quir\u00fargicos, y somos uno de los pocos centros en el pa\u00eds que realiza pruebas FDA para prototipos de dispositivos que salen al mercado.","breadcrumb":{"@id":"https:\/\/www.avanceplasticsurgery.com\/es\/acerca-de\/tecnologia\/#breadcrumb"},"inLanguage":"es","potentialAction":[{"@type":"ReadAction","target":["https:\/\/www.avanceplasticsurgery.com\/es\/acerca-de\/tecnologia\/"]}]},{"@type":"BreadcrumbList","@id":"https:\/\/www.avanceplasticsurgery.com\/es\/acerca-de\/tecnologia\/#breadcrumb","itemListElement":[{"@type":"ListItem","position":1,"name":"Home","item":"https:\/\/www.avanceplasticsurgery.com\/es\/"},{"@type":"ListItem","position":2,"name":"Acerca de","item":"https:\/\/www.avanceplasticsurgery.com\/es\/acerca-de\/"},{"@type":"ListItem","position":3,"name":"Tecnolog\u00eda"}]},{"@type":"WebSite","@id":"https:\/\/www.avanceplasticsurgery.com\/es\/#website","url":"https:\/\/www.avanceplasticsurgery.com\/es\/","name":"Avance Plastic Surgery","description":"","potentialAction":[{"@type":"SearchAction","target":{"@type":"EntryPoint","urlTemplate":"https:\/\/www.avanceplasticsurgery.com\/es\/?s={search_term_string}"},"query-input":{"@type":"PropertyValueSpecification","valueRequired":true,"valueName":"search_term_string"}}],"inLanguage":"es"}]}},"_links":{"self":[{"href":"https:\/\/www.avanceplasticsurgery.com\/es\/wp-json\/wp\/v2\/pages\/8833","targetHints":{"allow":["GET"]}}],"collection":[{"href":"https:\/\/www.avanceplasticsurgery.com\/es\/wp-json\/wp\/v2\/pages"}],"about":[{"href":"https:\/\/www.avanceplasticsurgery.com\/es\/wp-json\/wp\/v2\/types\/page"}],"author":[{"embeddable":true,"href":"https:\/\/www.avanceplasticsurgery.com\/es\/wp-json\/wp\/v2\/users\/1"}],"replies":[{"embeddable":true,"href":"https:\/\/www.avanceplasticsurgery.com\/es\/wp-json\/wp\/v2\/comments?post=8833"}],"version-history":[{"count":0,"href":"https:\/\/www.avanceplasticsurgery.com\/es\/wp-json\/wp\/v2\/pages\/8833\/revisions"}],"up":[{"embeddable":true,"href":"https:\/\/www.avanceplasticsurgery.com\/es\/wp-json\/wp\/v2\/pages\/8813"}],"wp:attachment":[{"href":"https:\/\/www.avanceplasticsurgery.com\/es\/wp-json\/wp\/v2\/media?parent=8833"}],"curies":[{"name":"wp","href":"https:\/\/api.w.org\/{rel}","templated":true}]}}