{"id":8834,"date":"2020-09-15T14:39:33","date_gmt":"2020-09-15T14:39:33","guid":{"rendered":"https:\/\/www.avanceplasticsurgery.com\/acerca-de\/programa-de-entrenamiento\/"},"modified":"2020-09-15T14:39:33","modified_gmt":"2020-09-15T14:39:33","slug":"programa-de-entrenamiento","status":"publish","type":"page","link":"https:\/\/www.avanceplasticsurgery.com\/es\/acerca-de\/programa-de-entrenamiento\/","title":{"rendered":"Programa de entrenamiento"},"content":{"rendered":"<h1>Programa de entrenamiento<\/h1>\n<p><a title=\"Instituto de Cirug\u00eda Pl\u00e1stica Avance de Reno NV\" href=\"https:\/\/www.avanceplasticsurgery.com\/es\/acerca-de\/\">El Instituto de Cirug\u00eda Pl\u00e1stica Avance<\/a> es un centro de capacitaci\u00f3n designado para otros proveedores de servicios est\u00e9ticos donde pueden aprender a utilizar de manera \u00f3ptima la tecnolog\u00eda est\u00e9tica. M\u00e9dicos y cirujanos de todo el mundo viajan a Reno\/Tahoe, Nevada, y al Avance Plastic Surgery Institute para participar en cursos did\u00e1cticos de observaci\u00f3n sobre las \u00faltimas tecnolog\u00edas de radiofrecuencia, liposucci\u00f3n y l\u00e1ser disponibles en el mercado para optimizar los resultados y la seguridad de los pacientes.<\/p>\n<p>Adem\u00e1s de ser un cirujano pl\u00e1stico reconstructivo y cosm\u00e9tico de primer nivel con su propia pr\u00e1ctica pr\u00f3spera, el Dr. Erez Dayan es un investigador e investigador consumado. Ha publicado numerosos art\u00edculos y contribuido en seis libros, adem\u00e1s de presentar su trabajo sobre tecnolog\u00eda y procedimientos est\u00e9ticos. El Dr. Dayan ha compartido su trabajo en conferencias nacionales e internacionales alrededor del mundo en cinco continentes diferentes.<\/p>\n<h2>Instituto de Cirug\u00eda Pl\u00e1stica Avance<\/h2>\n<p>Avance Plastic Surgery Institute es uno de los dos centros en el mundo que realizan ensayos de la \u00faltima tecnolog\u00eda de radiofrecuencia de estiramiento cut\u00e1neo manos libres de InMode. El Dr. Dayan y el personal del Avance Plastic Surgery Institute participan habitualmente en la investigaci\u00f3n de tecnolog\u00edas emergentes y la eficacia de prototipos de dispositivos est\u00e9ticos para empresas l\u00edderes en la industria.<\/p>\n<p>Ubicado en Reno\/Tahoe, NV, Avance Plastic Surgery Institute es el principal centro de investigaci\u00f3n y desarrollo de cirug\u00eda pl\u00e1stica de su tipo. Tratamos a pacientes de todo el mundo y de todos los \u00e1mbitos de la vida que acuden para someterse a una cirug\u00eda pl\u00e1stica est\u00e9tica o de rehabilitaci\u00f3n avanzada. Nuestra reputaci\u00f3n de excelencia y tecnolog\u00eda y t\u00e9cnicas de vanguardia nos convierten en la primera opci\u00f3n de muchos pacientes.<\/p>\n<p>Si usted es un paciente o un m\u00e9dico, lo invitamos a llamar y concertar una visita a nuestro exclusivo instituto de cirug\u00eda. Un cronograma de los pr\u00f3ximos cursos est\u00e1 disponible cuando llama y habla con un miembro del equipo, as\u00ed como informaci\u00f3n sobre c\u00f3mo programar una consulta virtual con el Dr. Dayan. <a title=\"P\u00f3ngase en contacto con el Instituto de Cirug\u00eda Pl\u00e1stica Avance en Reno NV\" href=\"https:\/\/www.avanceplasticsurgery.com\/es\/contactenos\/\">Cont\u00e1ctenos<\/a> hoy para m\u00e1s informaci\u00f3n.<\/p>\n","protected":false},"excerpt":{"rendered":"<p>Programa de entrenamiento El Instituto de Cirug\u00eda Pl\u00e1stica Avance es un centro de capacitaci\u00f3n designado para otros proveedores de&hellip;<\/p>\n","protected":false},"author":1,"featured_media":0,"parent":8813,"menu_order":0,"comment_status":"closed","ping_status":"closed","template":"","meta":{"_acf_changed":false,"footnotes":""},"class_list":["post-8834","page","type-page","status-publish"],"acf":[],"yoast_head":"<!-- This site is optimized with the Yoast SEO plugin v27.4 - https:\/\/yoast.com\/product\/yoast-seo-wordpress\/ -->\n<title>Programa de Formaci\u00f3n | Instituto de Cirug\u00eda Pl\u00e1stica Avance de Reno NV | Lago Tahoe<\/title>\n<meta name=\"description\" content=\"El Instituto de Cirug\u00eda Pl\u00e1stica Avance se enorgullece de albergar a m\u00e9dicos y cirujanos de todo el mundo que vienen a observar y aprender t\u00e9cnicas est\u00e9ticas avanzadas de nuestro talentoso personal. Llame hoy para preguntar sobre pr\u00f3ximos cursos o arreglos para una consulta con un paciente.\" \/>\n<meta name=\"robots\" content=\"index, follow, max-snippet:-1, max-image-preview:large, max-video-preview:-1\" \/>\n<link rel=\"canonical\" href=\"https:\/\/www.avanceplasticsurgery.com\/es\/acerca-de\/programa-de-entrenamiento\/\" \/>\n<meta property=\"og:locale\" content=\"es_ES\" \/>\n<meta property=\"og:type\" content=\"article\" \/>\n<meta property=\"og:title\" content=\"Programa de Formaci\u00f3n | Instituto de Cirug\u00eda Pl\u00e1stica Avance de Reno NV | Lago Tahoe\" \/>\n<meta property=\"og:description\" content=\"El Instituto de Cirug\u00eda Pl\u00e1stica Avance se enorgullece de albergar a m\u00e9dicos y cirujanos de todo el mundo que vienen a observar y aprender t\u00e9cnicas est\u00e9ticas avanzadas de nuestro talentoso personal. Llame hoy para preguntar sobre pr\u00f3ximos cursos o arreglos para una consulta con un paciente.\" \/>\n<meta property=\"og:url\" content=\"https:\/\/www.avanceplasticsurgery.com\/es\/acerca-de\/programa-de-entrenamiento\/\" \/>\n<meta property=\"og:site_name\" content=\"Avance Plastic Surgery\" \/>\n<meta name=\"twitter:card\" content=\"summary_large_image\" \/>\n<meta name=\"twitter:label1\" content=\"Tiempo de lectura\" \/>\n\t<meta name=\"twitter:data1\" content=\"2 minutos\" \/>\n<!-- \/ Yoast SEO plugin. -->","yoast_head_json":{"title":"Programa de Formaci\u00f3n | Instituto de Cirug\u00eda Pl\u00e1stica Avance de Reno NV | Lago Tahoe","description":"El Instituto de Cirug\u00eda Pl\u00e1stica Avance se enorgullece de albergar a m\u00e9dicos y cirujanos de todo el mundo que vienen a observar y aprender t\u00e9cnicas est\u00e9ticas avanzadas de nuestro talentoso personal. Llame hoy para preguntar sobre pr\u00f3ximos cursos o arreglos para una consulta con un paciente.","robots":{"index":"index","follow":"follow","max-snippet":"max-snippet:-1","max-image-preview":"max-image-preview:large","max-video-preview":"max-video-preview:-1"},"canonical":"https:\/\/www.avanceplasticsurgery.com\/es\/acerca-de\/programa-de-entrenamiento\/","og_locale":"es_ES","og_type":"article","og_title":"Programa de Formaci\u00f3n | Instituto de Cirug\u00eda Pl\u00e1stica Avance de Reno NV | Lago Tahoe","og_description":"El Instituto de Cirug\u00eda Pl\u00e1stica Avance se enorgullece de albergar a m\u00e9dicos y cirujanos de todo el mundo que vienen a observar y aprender t\u00e9cnicas est\u00e9ticas avanzadas de nuestro talentoso personal. Llame hoy para preguntar sobre pr\u00f3ximos cursos o arreglos para una consulta con un paciente.","og_url":"https:\/\/www.avanceplasticsurgery.com\/es\/acerca-de\/programa-de-entrenamiento\/","og_site_name":"Avance Plastic Surgery","twitter_card":"summary_large_image","twitter_misc":{"Tiempo de lectura":"2 minutos"},"schema":{"@context":"https:\/\/schema.org","@graph":[{"@type":"WebPage","@id":"https:\/\/www.avanceplasticsurgery.com\/es\/acerca-de\/programa-de-entrenamiento\/","url":"https:\/\/www.avanceplasticsurgery.com\/es\/acerca-de\/programa-de-entrenamiento\/","name":"Programa de Formaci\u00f3n | Instituto de Cirug\u00eda Pl\u00e1stica Avance de Reno NV | Lago Tahoe","isPartOf":{"@id":"https:\/\/www.avanceplasticsurgery.com\/es\/#website"},"datePublished":"2020-09-15T14:39:33+00:00","description":"El Instituto de Cirug\u00eda Pl\u00e1stica Avance se enorgullece de albergar a m\u00e9dicos y cirujanos de todo el mundo que vienen a observar y aprender t\u00e9cnicas est\u00e9ticas avanzadas de nuestro talentoso personal. Llame hoy para preguntar sobre pr\u00f3ximos cursos o arreglos para una consulta con un paciente.","breadcrumb":{"@id":"https:\/\/www.avanceplasticsurgery.com\/es\/acerca-de\/programa-de-entrenamiento\/#breadcrumb"},"inLanguage":"es","potentialAction":[{"@type":"ReadAction","target":["https:\/\/www.avanceplasticsurgery.com\/es\/acerca-de\/programa-de-entrenamiento\/"]}]},{"@type":"BreadcrumbList","@id":"https:\/\/www.avanceplasticsurgery.com\/es\/acerca-de\/programa-de-entrenamiento\/#breadcrumb","itemListElement":[{"@type":"ListItem","position":1,"name":"Home","item":"https:\/\/www.avanceplasticsurgery.com\/es\/"},{"@type":"ListItem","position":2,"name":"Acerca de","item":"https:\/\/www.avanceplasticsurgery.com\/es\/acerca-de\/"},{"@type":"ListItem","position":3,"name":"Programa de entrenamiento"}]},{"@type":"WebSite","@id":"https:\/\/www.avanceplasticsurgery.com\/es\/#website","url":"https:\/\/www.avanceplasticsurgery.com\/es\/","name":"Avance Plastic Surgery","description":"","potentialAction":[{"@type":"SearchAction","target":{"@type":"EntryPoint","urlTemplate":"https:\/\/www.avanceplasticsurgery.com\/es\/?s={search_term_string}"},"query-input":{"@type":"PropertyValueSpecification","valueRequired":true,"valueName":"search_term_string"}}],"inLanguage":"es"}]}},"_links":{"self":[{"href":"https:\/\/www.avanceplasticsurgery.com\/es\/wp-json\/wp\/v2\/pages\/8834","targetHints":{"allow":["GET"]}}],"collection":[{"href":"https:\/\/www.avanceplasticsurgery.com\/es\/wp-json\/wp\/v2\/pages"}],"about":[{"href":"https:\/\/www.avanceplasticsurgery.com\/es\/wp-json\/wp\/v2\/types\/page"}],"author":[{"embeddable":true,"href":"https:\/\/www.avanceplasticsurgery.com\/es\/wp-json\/wp\/v2\/users\/1"}],"replies":[{"embeddable":true,"href":"https:\/\/www.avanceplasticsurgery.com\/es\/wp-json\/wp\/v2\/comments?post=8834"}],"version-history":[{"count":0,"href":"https:\/\/www.avanceplasticsurgery.com\/es\/wp-json\/wp\/v2\/pages\/8834\/revisions"}],"up":[{"embeddable":true,"href":"https:\/\/www.avanceplasticsurgery.com\/es\/wp-json\/wp\/v2\/pages\/8813"}],"wp:attachment":[{"href":"https:\/\/www.avanceplasticsurgery.com\/es\/wp-json\/wp\/v2\/media?parent=8834"}],"curies":[{"name":"wp","href":"https:\/\/api.w.org\/{rel}","templated":true}]}}