{"id":8835,"date":"2021-04-08T12:10:25","date_gmt":"2021-04-08T12:10:25","guid":{"rendered":"https:\/\/www.avanceplasticsurgery.com\/acerca-de\/videos\/"},"modified":"2021-04-08T12:10:25","modified_gmt":"2021-04-08T12:10:25","slug":"videos","status":"publish","type":"page","link":"https:\/\/www.avanceplasticsurgery.com\/es\/acerca-de\/videos\/","title":{"rendered":"V\u00eddeos"},"content":{"rendered":"<h1>V\u00eddeos<\/h1>\n<div class=\"yt-feed row\"><\/div>\n<p style=\"text-align: center;\" class=\"mt-3\"><a href=\"https:\/\/www.youtube.com\/channel\/UCDz8FPWJJhDQqqhKLPTmaPA\" class=\"btn btn-primary\" target=\"_blank\" rel=\"noopener\">Haga clic aqu\u00ed para ver todos los videos<\/a><\/p>\n","protected":false},"excerpt":{"rendered":"<p>V\u00eddeos Haga clic aqu\u00ed para ver todos los videos<\/p>\n","protected":false},"author":1,"featured_media":0,"parent":8813,"menu_order":0,"comment_status":"closed","ping_status":"closed","template":"","meta":{"_acf_changed":false,"footnotes":""},"class_list":["post-8835","page","type-page","status-publish"],"acf":[],"yoast_head":"<!-- This site is optimized with the Yoast SEO plugin v27.4 - https:\/\/yoast.com\/product\/yoast-seo-wordpress\/ -->\n<title>Dr. Erez Dayan Cirujano Pl\u00e1stico Reno NV | Lago Tahoe, Truckee, Lago Tahoe<\/title>\n<meta name=\"description\" content=\"Avance Plastic Surgery Institute es un centro publicado y reconocido internacionalmente para la investigaci\u00f3n y el desarrollo de tecnolog\u00edas y t\u00e9cnicas est\u00e9ticas.\" \/>\n<meta name=\"robots\" content=\"index, follow, max-snippet:-1, max-image-preview:large, max-video-preview:-1\" \/>\n<link rel=\"canonical\" href=\"https:\/\/www.avanceplasticsurgery.com\/es\/acerca-de\/videos\/\" \/>\n<meta property=\"og:locale\" content=\"es_ES\" \/>\n<meta property=\"og:type\" content=\"article\" \/>\n<meta property=\"og:title\" content=\"Dr. Erez Dayan Cirujano Pl\u00e1stico Reno NV | Lago Tahoe, Truckee, Lago Tahoe\" \/>\n<meta property=\"og:description\" content=\"Avance Plastic Surgery Institute es un centro publicado y reconocido internacionalmente para la investigaci\u00f3n y el desarrollo de tecnolog\u00edas y t\u00e9cnicas est\u00e9ticas.\" \/>\n<meta property=\"og:url\" content=\"https:\/\/www.avanceplasticsurgery.com\/es\/acerca-de\/videos\/\" \/>\n<meta property=\"og:site_name\" content=\"Avance Plastic Surgery\" \/>\n<meta name=\"twitter:card\" content=\"summary_large_image\" \/>\n<!-- \/ Yoast SEO plugin. -->","yoast_head_json":{"title":"Dr. Erez Dayan Cirujano Pl\u00e1stico Reno NV | Lago Tahoe, Truckee, Lago Tahoe","description":"Avance Plastic Surgery Institute es un centro publicado y reconocido internacionalmente para la investigaci\u00f3n y el desarrollo de tecnolog\u00edas y t\u00e9cnicas est\u00e9ticas.","robots":{"index":"index","follow":"follow","max-snippet":"max-snippet:-1","max-image-preview":"max-image-preview:large","max-video-preview":"max-video-preview:-1"},"canonical":"https:\/\/www.avanceplasticsurgery.com\/es\/acerca-de\/videos\/","og_locale":"es_ES","og_type":"article","og_title":"Dr. Erez Dayan Cirujano Pl\u00e1stico Reno NV | Lago Tahoe, Truckee, Lago Tahoe","og_description":"Avance Plastic Surgery Institute es un centro publicado y reconocido internacionalmente para la investigaci\u00f3n y el desarrollo de tecnolog\u00edas y t\u00e9cnicas est\u00e9ticas.","og_url":"https:\/\/www.avanceplasticsurgery.com\/es\/acerca-de\/videos\/","og_site_name":"Avance Plastic Surgery","twitter_card":"summary_large_image","schema":{"@context":"https:\/\/schema.org","@graph":[{"@type":"WebPage","@id":"https:\/\/www.avanceplasticsurgery.com\/es\/acerca-de\/videos\/","url":"https:\/\/www.avanceplasticsurgery.com\/es\/acerca-de\/videos\/","name":"Dr. Erez Dayan Cirujano Pl\u00e1stico Reno NV | Lago Tahoe, Truckee, Lago Tahoe","isPartOf":{"@id":"https:\/\/www.avanceplasticsurgery.com\/es\/#website"},"datePublished":"2021-04-08T12:10:25+00:00","description":"Avance Plastic Surgery Institute es un centro publicado y reconocido internacionalmente para la investigaci\u00f3n y el desarrollo de tecnolog\u00edas y t\u00e9cnicas est\u00e9ticas.","breadcrumb":{"@id":"https:\/\/www.avanceplasticsurgery.com\/es\/acerca-de\/videos\/#breadcrumb"},"inLanguage":"es","potentialAction":[{"@type":"ReadAction","target":["https:\/\/www.avanceplasticsurgery.com\/es\/acerca-de\/videos\/"]}]},{"@type":"BreadcrumbList","@id":"https:\/\/www.avanceplasticsurgery.com\/es\/acerca-de\/videos\/#breadcrumb","itemListElement":[{"@type":"ListItem","position":1,"name":"Home","item":"https:\/\/www.avanceplasticsurgery.com\/es\/"},{"@type":"ListItem","position":2,"name":"Acerca de","item":"https:\/\/www.avanceplasticsurgery.com\/es\/acerca-de\/"},{"@type":"ListItem","position":3,"name":"V\u00eddeos"}]},{"@type":"WebSite","@id":"https:\/\/www.avanceplasticsurgery.com\/es\/#website","url":"https:\/\/www.avanceplasticsurgery.com\/es\/","name":"Avance Plastic Surgery","description":"","potentialAction":[{"@type":"SearchAction","target":{"@type":"EntryPoint","urlTemplate":"https:\/\/www.avanceplasticsurgery.com\/es\/?s={search_term_string}"},"query-input":{"@type":"PropertyValueSpecification","valueRequired":true,"valueName":"search_term_string"}}],"inLanguage":"es"}]}},"_links":{"self":[{"href":"https:\/\/www.avanceplasticsurgery.com\/es\/wp-json\/wp\/v2\/pages\/8835","targetHints":{"allow":["GET"]}}],"collection":[{"href":"https:\/\/www.avanceplasticsurgery.com\/es\/wp-json\/wp\/v2\/pages"}],"about":[{"href":"https:\/\/www.avanceplasticsurgery.com\/es\/wp-json\/wp\/v2\/types\/page"}],"author":[{"embeddable":true,"href":"https:\/\/www.avanceplasticsurgery.com\/es\/wp-json\/wp\/v2\/users\/1"}],"replies":[{"embeddable":true,"href":"https:\/\/www.avanceplasticsurgery.com\/es\/wp-json\/wp\/v2\/comments?post=8835"}],"version-history":[{"count":0,"href":"https:\/\/www.avanceplasticsurgery.com\/es\/wp-json\/wp\/v2\/pages\/8835\/revisions"}],"up":[{"embeddable":true,"href":"https:\/\/www.avanceplasticsurgery.com\/es\/wp-json\/wp\/v2\/pages\/8813"}],"wp:attachment":[{"href":"https:\/\/www.avanceplasticsurgery.com\/es\/wp-json\/wp\/v2\/media?parent=8835"}],"curies":[{"name":"wp","href":"https:\/\/api.w.org\/{rel}","templated":true}]}}