{"id":8836,"date":"2020-09-15T14:33:42","date_gmt":"2020-09-15T14:33:42","guid":{"rendered":"https:\/\/www.avanceplasticsurgery.com\/acerca-de\/consulta-virtual\/"},"modified":"2020-09-15T14:33:42","modified_gmt":"2020-09-15T14:33:42","slug":"consulta-virtual","status":"publish","type":"page","link":"https:\/\/www.avanceplasticsurgery.com\/es\/acerca-de\/consulta-virtual\/","title":{"rendered":"Consulta virtual"},"content":{"rendered":"<h1>\u00bfPor qu\u00e9 una consulta virtual?<\/h1>\n<p>A lo largo de su carrera, el Dr. Dayan ha presentado y publicado sobre temas de cirug\u00eda pl\u00e1stica m\u00e1s de 150 veces, incluido su trabajo como autor colaborador de seis libros. El Dr. Dayan ha sido invitado a dar conferencias en todo el mundo, desde el Medio Oriente hasta Europa, Asia y Am\u00e9rica del Sur. Como resultado, los pacientes de todo el pa\u00eds y del extranjero buscan tratamiento en el <a title=\"Instituto de Cirug\u00eda Pl\u00e1stica Avance de Reno NV\" href=\"https:\/\/www.avanceplasticsurgery.com\/es\/acerca-de\/\">Instituto de Cirug\u00eda Pl\u00e1stica Avance<\/a> .<\/p>\n<p>Ofrecemos consulta virtual para estos pacientes antes de que hagan el viaje a nuestro centro. Ofrecemos consultas virtuales para que los pacientes puedan disfrutar del beneficio de una reuni\u00f3n con el Dr. Dayan desde cualquier parte del mundo, antes de realizar el viaje a nuestro instituto.<\/p>\n<h2>\u00bfQu\u00e9 puedo esperar de una consulta virtual?<\/h2>\n<p>Puede reunirse con el Dr. Dayan virtualmente desde la comodidad de su hogar y compartir sus objetivos est\u00e9ticos electr\u00f3nicamente para comenzar el proceso. El intercambio de fotos y registros m\u00e9dicos es posible a trav\u00e9s de un portal de consulta en l\u00ednea, que puede ayudar al Dr. Dayan a comenzar a formular su plan de tratamiento personalizado. Podr\u00e1 saber si es candidato para la cirug\u00eda, los costos, tarifas y los riesgos y beneficios. Adem\u00e1s, se le dar\u00e1 una descripci\u00f3n general del procedimiento y su recuperaci\u00f3n.<\/p>\n<p>La consulta virtual no es un sustituto de una reuni\u00f3n presencial con el m\u00e9dico, por lo que a\u00fan tendr\u00e1 que someterse a una segunda consulta una vez que llegue a la ciudad. Es posible que deba realizar pruebas preoperatorias para autorizaci\u00f3n m\u00e9dica (es decir, radiograf\u00edas, electrocardiograma), que se pueden programar antes de su procedimiento.<\/p>\n<p>Despu\u00e9s de programar la fecha de su cirug\u00eda, recibir\u00e1 un paquete que contiene todas las instrucciones y formularios de consentimiento para completar, que puede llevar consigo a la reuni\u00f3n en persona en Reno\/Tahoe, Nevada. Nuestra oficina recetar\u00e1 electr\u00f3nicamente los medicamentos necesarios a una farmacia conveniente para que est\u00e9n disponibles para usted una vez que est\u00e9 en Reno.<\/p>\n<p><a title=\"P\u00f3ngase en contacto con el Instituto de Cirug\u00eda Pl\u00e1stica Avance en Reno NV\" href=\"https:\/\/www.avanceplasticsurgery.com\/es\/contactenos\/\">Comun\u00edquese con el Instituto de Cirug\u00eda Pl\u00e1stica Avance<\/a> en Reno\/Tahoe, NV, para programar una consulta virtual si est\u00e1 interesado en obtener m\u00e1s informaci\u00f3n sobre c\u00f3mo someterse a un procedimiento de cirug\u00eda pl\u00e1stica con el Dr. Dayan.<\/p>\n","protected":false},"excerpt":{"rendered":"<p>\u00bfPor qu\u00e9 una consulta virtual? A lo largo de su carrera, el Dr. Dayan ha presentado y publicado sobre&hellip;<\/p>\n","protected":false},"author":1,"featured_media":0,"parent":8813,"menu_order":0,"comment_status":"closed","ping_status":"closed","template":"","meta":{"_acf_changed":false,"footnotes":""},"class_list":["post-8836","page","type-page","status-publish"],"acf":[],"yoast_head":"<!-- This site is optimized with the Yoast SEO plugin v27.3 - https:\/\/yoast.com\/product\/yoast-seo-wordpress\/ -->\n<title>Consulta virtual | Instituto de Cirug\u00eda Pl\u00e1stica Avance de Reno NV | Lago Tahoe<\/title>\n<meta name=\"description\" content=\"Antes de viajar una larga distancia, los posibles pacientes del Avance Plastic Surgery Institute pueden reunirse con el Dr. Dayan en una consulta virtual por videoconferencia. Descubra m\u00e1s sobre este servicio cuando llame a nuestro equipo en Reno para obtener m\u00e1s informaci\u00f3n o una consulta.\" \/>\n<meta name=\"robots\" content=\"index, follow, max-snippet:-1, max-image-preview:large, max-video-preview:-1\" \/>\n<link rel=\"canonical\" href=\"https:\/\/www.avanceplasticsurgery.com\/es\/acerca-de\/consulta-virtual\/\" \/>\n<meta property=\"og:locale\" content=\"es_ES\" \/>\n<meta property=\"og:type\" content=\"article\" \/>\n<meta property=\"og:title\" content=\"Consulta virtual | Instituto de Cirug\u00eda Pl\u00e1stica Avance de Reno NV | Lago Tahoe\" \/>\n<meta property=\"og:description\" content=\"Antes de viajar una larga distancia, los posibles pacientes del Avance Plastic Surgery Institute pueden reunirse con el Dr. Dayan en una consulta virtual por videoconferencia. Descubra m\u00e1s sobre este servicio cuando llame a nuestro equipo en Reno para obtener m\u00e1s informaci\u00f3n o una consulta.\" \/>\n<meta property=\"og:url\" content=\"https:\/\/www.avanceplasticsurgery.com\/es\/acerca-de\/consulta-virtual\/\" \/>\n<meta property=\"og:site_name\" content=\"Avance Plastic Surgery\" \/>\n<meta name=\"twitter:card\" content=\"summary_large_image\" \/>\n<meta name=\"twitter:label1\" content=\"Tiempo de lectura\" \/>\n\t<meta name=\"twitter:data1\" content=\"2 minutos\" \/>\n<!-- \/ Yoast SEO plugin. -->","yoast_head_json":{"title":"Consulta virtual | Instituto de Cirug\u00eda Pl\u00e1stica Avance de Reno NV | Lago Tahoe","description":"Antes de viajar una larga distancia, los posibles pacientes del Avance Plastic Surgery Institute pueden reunirse con el Dr. Dayan en una consulta virtual por videoconferencia. Descubra m\u00e1s sobre este servicio cuando llame a nuestro equipo en Reno para obtener m\u00e1s informaci\u00f3n o una consulta.","robots":{"index":"index","follow":"follow","max-snippet":"max-snippet:-1","max-image-preview":"max-image-preview:large","max-video-preview":"max-video-preview:-1"},"canonical":"https:\/\/www.avanceplasticsurgery.com\/es\/acerca-de\/consulta-virtual\/","og_locale":"es_ES","og_type":"article","og_title":"Consulta virtual | Instituto de Cirug\u00eda Pl\u00e1stica Avance de Reno NV | Lago Tahoe","og_description":"Antes de viajar una larga distancia, los posibles pacientes del Avance Plastic Surgery Institute pueden reunirse con el Dr. Dayan en una consulta virtual por videoconferencia. Descubra m\u00e1s sobre este servicio cuando llame a nuestro equipo en Reno para obtener m\u00e1s informaci\u00f3n o una consulta.","og_url":"https:\/\/www.avanceplasticsurgery.com\/es\/acerca-de\/consulta-virtual\/","og_site_name":"Avance Plastic Surgery","twitter_card":"summary_large_image","twitter_misc":{"Tiempo de lectura":"2 minutos"},"schema":{"@context":"https:\/\/schema.org","@graph":[{"@type":"WebPage","@id":"https:\/\/www.avanceplasticsurgery.com\/es\/acerca-de\/consulta-virtual\/","url":"https:\/\/www.avanceplasticsurgery.com\/es\/acerca-de\/consulta-virtual\/","name":"Consulta virtual | Instituto de Cirug\u00eda Pl\u00e1stica Avance de Reno NV | Lago Tahoe","isPartOf":{"@id":"https:\/\/www.avanceplasticsurgery.com\/es\/#website"},"datePublished":"2020-09-15T14:33:42+00:00","description":"Antes de viajar una larga distancia, los posibles pacientes del Avance Plastic Surgery Institute pueden reunirse con el Dr. Dayan en una consulta virtual por videoconferencia. Descubra m\u00e1s sobre este servicio cuando llame a nuestro equipo en Reno para obtener m\u00e1s informaci\u00f3n o una consulta.","breadcrumb":{"@id":"https:\/\/www.avanceplasticsurgery.com\/es\/acerca-de\/consulta-virtual\/#breadcrumb"},"inLanguage":"es","potentialAction":[{"@type":"ReadAction","target":["https:\/\/www.avanceplasticsurgery.com\/es\/acerca-de\/consulta-virtual\/"]}]},{"@type":"BreadcrumbList","@id":"https:\/\/www.avanceplasticsurgery.com\/es\/acerca-de\/consulta-virtual\/#breadcrumb","itemListElement":[{"@type":"ListItem","position":1,"name":"Home","item":"https:\/\/www.avanceplasticsurgery.com\/es\/"},{"@type":"ListItem","position":2,"name":"Acerca de","item":"https:\/\/www.avanceplasticsurgery.com\/es\/acerca-de\/"},{"@type":"ListItem","position":3,"name":"Consulta virtual"}]},{"@type":"WebSite","@id":"https:\/\/www.avanceplasticsurgery.com\/es\/#website","url":"https:\/\/www.avanceplasticsurgery.com\/es\/","name":"Avance Plastic Surgery","description":"","potentialAction":[{"@type":"SearchAction","target":{"@type":"EntryPoint","urlTemplate":"https:\/\/www.avanceplasticsurgery.com\/es\/?s={search_term_string}"},"query-input":{"@type":"PropertyValueSpecification","valueRequired":true,"valueName":"search_term_string"}}],"inLanguage":"es"}]}},"_links":{"self":[{"href":"https:\/\/www.avanceplasticsurgery.com\/es\/wp-json\/wp\/v2\/pages\/8836","targetHints":{"allow":["GET"]}}],"collection":[{"href":"https:\/\/www.avanceplasticsurgery.com\/es\/wp-json\/wp\/v2\/pages"}],"about":[{"href":"https:\/\/www.avanceplasticsurgery.com\/es\/wp-json\/wp\/v2\/types\/page"}],"author":[{"embeddable":true,"href":"https:\/\/www.avanceplasticsurgery.com\/es\/wp-json\/wp\/v2\/users\/1"}],"replies":[{"embeddable":true,"href":"https:\/\/www.avanceplasticsurgery.com\/es\/wp-json\/wp\/v2\/comments?post=8836"}],"version-history":[{"count":0,"href":"https:\/\/www.avanceplasticsurgery.com\/es\/wp-json\/wp\/v2\/pages\/8836\/revisions"}],"up":[{"embeddable":true,"href":"https:\/\/www.avanceplasticsurgery.com\/es\/wp-json\/wp\/v2\/pages\/8813"}],"wp:attachment":[{"href":"https:\/\/www.avanceplasticsurgery.com\/es\/wp-json\/wp\/v2\/media?parent=8836"}],"curies":[{"name":"wp","href":"https:\/\/api.w.org\/{rel}","templated":true}]}}