{"id":8837,"date":"2020-09-15T14:31:18","date_gmt":"2020-09-15T14:31:18","guid":{"rendered":"https:\/\/www.avanceplasticsurgery.com\/acerca-de\/tu-consulta\/"},"modified":"2020-09-15T14:31:18","modified_gmt":"2020-09-15T14:31:18","slug":"tu-consulta","status":"publish","type":"page","link":"https:\/\/www.avanceplasticsurgery.com\/es\/acerca-de\/tu-consulta\/","title":{"rendered":"Tu consulta"},"content":{"rendered":"<h1>\u00bfQu\u00e9 puedo esperar de mi consulta?<\/h1>\n<p>Una consulta con el Dr. Dayan en el <a title=\"Instituto de Cirug\u00eda Pl\u00e1stica Avance de Reno NV\" href=\"https:\/\/www.avanceplasticsurgery.com\/es\/acerca-de\/\">Instituto de Cirug\u00eda Pl\u00e1stica Avance<\/a> es un proceso completo destinado a evaluar sus objetivos est\u00e9ticos y educarlo sobre la gama completa de opciones, adaptadas a sus preocupaciones espec\u00edficas. Nuestro centro ofrece la gama completa de tratamientos, desde procedimientos m\u00ednimamente invasivos en el consultorio hasta procedimientos quir\u00fargicos, utilizando las t\u00e9cnicas y la tecnolog\u00eda m\u00e1s avanzadas.<\/p>\n<p>De hecho, Avance Plastic Surgery Institute es un instituto de formaci\u00f3n e investigaci\u00f3n de los \u00faltimos dispositivos de las principales empresas de est\u00e9tica. Cirujanos pl\u00e1sticos de todo el mundo vienen al Instituto de Cirug\u00eda Pl\u00e1stica Avance para capacitarse en el uso \u00f3ptimo de dispositivos est\u00e9ticos y protocolos de tratamiento combinados. Nuestro centro tambi\u00e9n realiza ensayos de la FDA en prototipos de dispositivos para comprobar su seguridad y eficacia antes de llegar al mercado.<\/p>\n<h2>Resumen de una consulta<\/h2>\n<p>Una consulta con el Dr. Dayan es un proceso de varios pasos dise\u00f1ado para prepararlo completamente para una experiencia est\u00e9tica exitosa. El primer paso en su consulta es recibir una descripci\u00f3n general del Instituto de Cirug\u00eda Pl\u00e1stica Avance de nuestro coordinador principal de pacientes, quien simult\u00e1neamente recopilar\u00e1 informaci\u00f3n importante. Esto incluir\u00e1 su historial m\u00e9dico, objetivos de mejora y detalles sobre sus medicamentos y estilo de vida actuales.<\/p>\n<p>Tambi\u00e9n ofrecemos un portal para pacientes en l\u00ednea donde puede proporcionar fotograf\u00edas e informaci\u00f3n de historial m\u00e9dico digitalmente. Para nuestros pacientes fuera de la ciudad, le pedimos que cargue fotograf\u00edas digitalmente en nuestro portal para pacientes. <\/p>\n<p>A continuaci\u00f3n, se sentar\u00e1 con el Dr. Dayan para hablar sobre sus objetivos est\u00e9ticos. Nuestras consultas iniciales son minuciosas y normalmente duran una hora. El m\u00e9dico realizar\u00e1 un an\u00e1lisis est\u00e9tico detallado, describir\u00e1 la ciencia detr\u00e1s de sus recomendaciones y brindar\u00e1 una descripci\u00f3n general de lo que puede esperar durante su tratamiento. El Dr. Dayan es compasivo e intuitivo, y lo tranquilizar\u00e1, escuchando atentamente mientras describe sus objetivos est\u00e9ticos.<\/p>\n<p>Recibir\u00e1 informaci\u00f3n sobre los riesgos y beneficios del procedimiento, el tiempo de inactividad y el proceso de recuperaci\u00f3n y c\u00f3mo se espera que sean los resultados finales. El Dr. Dayan compartir\u00e1 fotos de antes y despu\u00e9s con usted en este momento, y tambi\u00e9n puede mostrarle al m\u00e9dico cualquier foto que haya tra\u00eddo para mostrar sus gustos est\u00e9ticos. El Dr. Dayan con frecuencia entregar\u00e1 a los pacientes copias de sus publicaciones o libros recientes relacionados con su procedimiento. La educaci\u00f3n del paciente es un punto clave de nuestro proceso de consulta.<\/p>\n<h3>Financiamiento y Programaci\u00f3n<\/h3>\n<p>Una vez que se complete este examen f\u00edsico y se respondan todas las preguntas, puede analizar las opciones de pago con nuestro coordinador de pacientes, quien crear\u00e1 una cita para usted en los libros. Una vez que se programe su cita, puede llamarnos en cualquier momento con preguntas de seguimiento que responderemos de inmediato.<\/p>\n<p>El Dr. Dayan brinda a todos sus pacientes nuestra l\u00ednea de texto compatible con HIPAA las 24 horas del d\u00eda, los 7 d\u00edas de la semana, que llega al m\u00e9dico y a sus coordinadores de atenci\u00f3n al paciente. Los pacientes pueden mantenernos al d\u00eda con su recuperaci\u00f3n incluso enviando im\u00e1genes\/videos seguros a esto, y pueden hacer preguntas con respuestas r\u00e1pidas. Tambi\u00e9n se inscribir\u00e1 en nuestro portal para pacientes, que le permite enviar mensajes a nuestro personal y al Dr. Dayan las 24 horas del d\u00eda, los 7 d\u00edas de la semana. A medida que se acerque la fecha de su procedimiento, nuestra oficina permanecer\u00e1 en estrecho contacto con instrucciones sobre c\u00f3mo prepararse para el d\u00eda de su tratamiento y para asegurarse de que su recuperaci\u00f3n sea lo m\u00e1s fluida posible.<\/p>\n<p>Para m\u00e1s preguntas o para programar una consulta inicial, cont\u00e1ctenos por tel\u00e9fono al (775) 800-4444 o <a title=\"P\u00f3ngase en contacto con el Instituto de Cirug\u00eda Pl\u00e1stica Avance en Reno NV\" href=\"https:\/\/www.avanceplasticsurgery.com\/es\/contactenos\/\">env\u00ede un mensaje en l\u00ednea<\/a> .<\/p>\n","protected":false},"excerpt":{"rendered":"<p>\u00bfQu\u00e9 puedo esperar de mi consulta? Una consulta con el Dr. Dayan en el Instituto de Cirug\u00eda Pl\u00e1stica Avance&hellip;<\/p>\n","protected":false},"author":1,"featured_media":0,"parent":8813,"menu_order":0,"comment_status":"closed","ping_status":"closed","template":"","meta":{"_acf_changed":false,"footnotes":""},"class_list":["post-8837","page","type-page","status-publish"],"acf":[],"yoast_head":"<!-- This site is optimized with the Yoast SEO plugin v27.4 - https:\/\/yoast.com\/product\/yoast-seo-wordpress\/ -->\n<title>Tu Consulta | Dr. Erez Day\u00e1n | Instituto de Cirug\u00eda Pl\u00e1stica Avance de Reno NV<\/title>\n<meta name=\"description\" content=\"Obtenga una idea de su consulta en persona con el Dr. Erez Dayan en Avance Plastic Surgery Institute en Reno, NV. El Dr. Dayan lo tranquilizar\u00e1 y le brindar\u00e1 informaci\u00f3n completa sobre sus recomendaciones para ayudarlo a alcanzar sus objetivos est\u00e9ticos.\" \/>\n<meta name=\"robots\" content=\"index, follow, max-snippet:-1, max-image-preview:large, max-video-preview:-1\" \/>\n<link rel=\"canonical\" href=\"https:\/\/www.avanceplasticsurgery.com\/es\/acerca-de\/tu-consulta\/\" \/>\n<meta property=\"og:locale\" content=\"es_ES\" \/>\n<meta property=\"og:type\" content=\"article\" \/>\n<meta property=\"og:title\" content=\"Tu Consulta | Dr. Erez Day\u00e1n | Instituto de Cirug\u00eda Pl\u00e1stica Avance de Reno NV\" \/>\n<meta property=\"og:description\" content=\"Obtenga una idea de su consulta en persona con el Dr. Erez Dayan en Avance Plastic Surgery Institute en Reno, NV. El Dr. Dayan lo tranquilizar\u00e1 y le brindar\u00e1 informaci\u00f3n completa sobre sus recomendaciones para ayudarlo a alcanzar sus objetivos est\u00e9ticos.\" \/>\n<meta property=\"og:url\" content=\"https:\/\/www.avanceplasticsurgery.com\/es\/acerca-de\/tu-consulta\/\" \/>\n<meta property=\"og:site_name\" content=\"Avance Plastic Surgery\" \/>\n<meta name=\"twitter:card\" content=\"summary_large_image\" \/>\n<meta name=\"twitter:label1\" content=\"Tiempo de lectura\" \/>\n\t<meta name=\"twitter:data1\" content=\"3 minutos\" \/>\n<!-- \/ Yoast SEO plugin. -->","yoast_head_json":{"title":"Tu Consulta | Dr. Erez Day\u00e1n | Instituto de Cirug\u00eda Pl\u00e1stica Avance de Reno NV","description":"Obtenga una idea de su consulta en persona con el Dr. Erez Dayan en Avance Plastic Surgery Institute en Reno, NV. El Dr. Dayan lo tranquilizar\u00e1 y le brindar\u00e1 informaci\u00f3n completa sobre sus recomendaciones para ayudarlo a alcanzar sus objetivos est\u00e9ticos.","robots":{"index":"index","follow":"follow","max-snippet":"max-snippet:-1","max-image-preview":"max-image-preview:large","max-video-preview":"max-video-preview:-1"},"canonical":"https:\/\/www.avanceplasticsurgery.com\/es\/acerca-de\/tu-consulta\/","og_locale":"es_ES","og_type":"article","og_title":"Tu Consulta | Dr. Erez Day\u00e1n | Instituto de Cirug\u00eda Pl\u00e1stica Avance de Reno NV","og_description":"Obtenga una idea de su consulta en persona con el Dr. Erez Dayan en Avance Plastic Surgery Institute en Reno, NV. El Dr. Dayan lo tranquilizar\u00e1 y le brindar\u00e1 informaci\u00f3n completa sobre sus recomendaciones para ayudarlo a alcanzar sus objetivos est\u00e9ticos.","og_url":"https:\/\/www.avanceplasticsurgery.com\/es\/acerca-de\/tu-consulta\/","og_site_name":"Avance Plastic Surgery","twitter_card":"summary_large_image","twitter_misc":{"Tiempo de lectura":"3 minutos"},"schema":{"@context":"https:\/\/schema.org","@graph":[{"@type":"WebPage","@id":"https:\/\/www.avanceplasticsurgery.com\/es\/acerca-de\/tu-consulta\/","url":"https:\/\/www.avanceplasticsurgery.com\/es\/acerca-de\/tu-consulta\/","name":"Tu Consulta | Dr. Erez Day\u00e1n | Instituto de Cirug\u00eda Pl\u00e1stica Avance de Reno NV","isPartOf":{"@id":"https:\/\/www.avanceplasticsurgery.com\/es\/#website"},"datePublished":"2020-09-15T14:31:18+00:00","description":"Obtenga una idea de su consulta en persona con el Dr. Erez Dayan en Avance Plastic Surgery Institute en Reno, NV. El Dr. Dayan lo tranquilizar\u00e1 y le brindar\u00e1 informaci\u00f3n completa sobre sus recomendaciones para ayudarlo a alcanzar sus objetivos est\u00e9ticos.","breadcrumb":{"@id":"https:\/\/www.avanceplasticsurgery.com\/es\/acerca-de\/tu-consulta\/#breadcrumb"},"inLanguage":"es","potentialAction":[{"@type":"ReadAction","target":["https:\/\/www.avanceplasticsurgery.com\/es\/acerca-de\/tu-consulta\/"]}]},{"@type":"BreadcrumbList","@id":"https:\/\/www.avanceplasticsurgery.com\/es\/acerca-de\/tu-consulta\/#breadcrumb","itemListElement":[{"@type":"ListItem","position":1,"name":"Home","item":"https:\/\/www.avanceplasticsurgery.com\/es\/"},{"@type":"ListItem","position":2,"name":"Acerca de","item":"https:\/\/www.avanceplasticsurgery.com\/es\/acerca-de\/"},{"@type":"ListItem","position":3,"name":"Tu consulta"}]},{"@type":"WebSite","@id":"https:\/\/www.avanceplasticsurgery.com\/es\/#website","url":"https:\/\/www.avanceplasticsurgery.com\/es\/","name":"Avance Plastic Surgery","description":"","potentialAction":[{"@type":"SearchAction","target":{"@type":"EntryPoint","urlTemplate":"https:\/\/www.avanceplasticsurgery.com\/es\/?s={search_term_string}"},"query-input":{"@type":"PropertyValueSpecification","valueRequired":true,"valueName":"search_term_string"}}],"inLanguage":"es"}]}},"_links":{"self":[{"href":"https:\/\/www.avanceplasticsurgery.com\/es\/wp-json\/wp\/v2\/pages\/8837","targetHints":{"allow":["GET"]}}],"collection":[{"href":"https:\/\/www.avanceplasticsurgery.com\/es\/wp-json\/wp\/v2\/pages"}],"about":[{"href":"https:\/\/www.avanceplasticsurgery.com\/es\/wp-json\/wp\/v2\/types\/page"}],"author":[{"embeddable":true,"href":"https:\/\/www.avanceplasticsurgery.com\/es\/wp-json\/wp\/v2\/users\/1"}],"replies":[{"embeddable":true,"href":"https:\/\/www.avanceplasticsurgery.com\/es\/wp-json\/wp\/v2\/comments?post=8837"}],"version-history":[{"count":0,"href":"https:\/\/www.avanceplasticsurgery.com\/es\/wp-json\/wp\/v2\/pages\/8837\/revisions"}],"up":[{"embeddable":true,"href":"https:\/\/www.avanceplasticsurgery.com\/es\/wp-json\/wp\/v2\/pages\/8813"}],"wp:attachment":[{"href":"https:\/\/www.avanceplasticsurgery.com\/es\/wp-json\/wp\/v2\/media?parent=8837"}],"curies":[{"name":"wp","href":"https:\/\/api.w.org\/{rel}","templated":true}]}}