{"id":8838,"date":"2017-08-29T07:53:00","date_gmt":"2017-08-29T07:53:00","guid":{"rendered":"https:\/\/www.avanceplasticsurgery.com\/contactenos\/"},"modified":"2017-08-29T07:53:00","modified_gmt":"2017-08-29T07:53:00","slug":"contactenos","status":"publish","type":"page","link":"https:\/\/www.avanceplasticsurgery.com\/es\/contactenos\/","title":{"rendered":"Cont\u00e1ctenos"},"content":{"rendered":"","protected":false},"excerpt":{"rendered":"","protected":false},"author":1,"featured_media":0,"parent":0,"menu_order":0,"comment_status":"closed","ping_status":"closed","template":"template-fullwidth.php","meta":{"_acf_changed":false,"footnotes":""},"class_list":["post-8838","page","type-page","status-publish"],"acf":[],"yoast_head":"<!-- This site is optimized with the Yoast SEO plugin v25.6 - https:\/\/yoast.com\/wordpress\/plugins\/seo\/ -->\n<title>Cont\u00e1ctenos | Instituto de Cirug\u00eda Pl\u00e1stica Avance Reno, NV<\/title>\n<meta name=\"description\" content=\"Cont\u00e1ctenos en el Instituto de Cirug\u00eda Pl\u00e1stica Avance en Reno, NV, para programar una consulta con el Dr. Erez Dayan. Descubra c\u00f3mo la cirug\u00eda pl\u00e1stica puede mejorar su mejor yo. Tambi\u00e9n ofrecemos consultas virtuales para esas largas distancias desde Reno.\" \/>\n<meta name=\"robots\" content=\"index, follow, max-snippet:-1, max-image-preview:large, max-video-preview:-1\" \/>\n<link rel=\"canonical\" href=\"https:\/\/www.avanceplasticsurgery.com\/es\/contactenos\/\" \/>\n<meta property=\"og:locale\" content=\"es_ES\" \/>\n<meta property=\"og:type\" content=\"article\" \/>\n<meta property=\"og:title\" content=\"Cont\u00e1ctenos | Instituto de Cirug\u00eda Pl\u00e1stica Avance Reno, NV\" \/>\n<meta property=\"og:description\" content=\"Cont\u00e1ctenos en el Instituto de Cirug\u00eda Pl\u00e1stica Avance en Reno, NV, para programar una consulta con el Dr. Erez Dayan. Descubra c\u00f3mo la cirug\u00eda pl\u00e1stica puede mejorar su mejor yo. Tambi\u00e9n ofrecemos consultas virtuales para esas largas distancias desde Reno.\" \/>\n<meta property=\"og:url\" content=\"https:\/\/www.avanceplasticsurgery.com\/es\/contactenos\/\" \/>\n<meta property=\"og:site_name\" content=\"Avance Plastic Surgery\" \/>\n<meta name=\"twitter:card\" content=\"summary_large_image\" \/>\n<!-- \/ Yoast SEO plugin. -->","yoast_head_json":{"title":"Cont\u00e1ctenos | Instituto de Cirug\u00eda Pl\u00e1stica Avance Reno, NV","description":"Cont\u00e1ctenos en el Instituto de Cirug\u00eda Pl\u00e1stica Avance en Reno, NV, para programar una consulta con el Dr. Erez Dayan. Descubra c\u00f3mo la cirug\u00eda pl\u00e1stica puede mejorar su mejor yo. Tambi\u00e9n ofrecemos consultas virtuales para esas largas distancias desde Reno.","robots":{"index":"index","follow":"follow","max-snippet":"max-snippet:-1","max-image-preview":"max-image-preview:large","max-video-preview":"max-video-preview:-1"},"canonical":"https:\/\/www.avanceplasticsurgery.com\/es\/contactenos\/","og_locale":"es_ES","og_type":"article","og_title":"Cont\u00e1ctenos | Instituto de Cirug\u00eda Pl\u00e1stica Avance Reno, NV","og_description":"Cont\u00e1ctenos en el Instituto de Cirug\u00eda Pl\u00e1stica Avance en Reno, NV, para programar una consulta con el Dr. Erez Dayan. Descubra c\u00f3mo la cirug\u00eda pl\u00e1stica puede mejorar su mejor yo. Tambi\u00e9n ofrecemos consultas virtuales para esas largas distancias desde Reno.","og_url":"https:\/\/www.avanceplasticsurgery.com\/es\/contactenos\/","og_site_name":"Avance Plastic Surgery","twitter_card":"summary_large_image","schema":{"@context":"https:\/\/schema.org","@graph":[{"@type":"WebPage","@id":"https:\/\/www.avanceplasticsurgery.com\/es\/contactenos\/","url":"https:\/\/www.avanceplasticsurgery.com\/es\/contactenos\/","name":"Cont\u00e1ctenos | Instituto de Cirug\u00eda Pl\u00e1stica Avance Reno, NV","isPartOf":{"@id":"https:\/\/www.avanceplasticsurgery.com\/es\/#website"},"datePublished":"2017-08-29T07:53:00+00:00","description":"Cont\u00e1ctenos en el Instituto de Cirug\u00eda Pl\u00e1stica Avance en Reno, NV, para programar una consulta con el Dr. Erez Dayan. Descubra c\u00f3mo la cirug\u00eda pl\u00e1stica puede mejorar su mejor yo. Tambi\u00e9n ofrecemos consultas virtuales para esas largas distancias desde Reno.","breadcrumb":{"@id":"https:\/\/www.avanceplasticsurgery.com\/es\/contactenos\/#breadcrumb"},"inLanguage":"es","potentialAction":[{"@type":"ReadAction","target":["https:\/\/www.avanceplasticsurgery.com\/es\/contactenos\/"]}]},{"@type":"BreadcrumbList","@id":"https:\/\/www.avanceplasticsurgery.com\/es\/contactenos\/#breadcrumb","itemListElement":[{"@type":"ListItem","position":1,"name":"Home","item":"https:\/\/www.avanceplasticsurgery.com\/es\/"},{"@type":"ListItem","position":2,"name":"Cont\u00e1ctenos"}]},{"@type":"WebSite","@id":"https:\/\/www.avanceplasticsurgery.com\/es\/#website","url":"https:\/\/www.avanceplasticsurgery.com\/es\/","name":"Avance Plastic Surgery","description":"","potentialAction":[{"@type":"SearchAction","target":{"@type":"EntryPoint","urlTemplate":"https:\/\/www.avanceplasticsurgery.com\/es\/?s={search_term_string}"},"query-input":{"@type":"PropertyValueSpecification","valueRequired":true,"valueName":"search_term_string"}}],"inLanguage":"es"}]}},"_links":{"self":[{"href":"https:\/\/www.avanceplasticsurgery.com\/es\/wp-json\/wp\/v2\/pages\/8838","targetHints":{"allow":["GET"]}}],"collection":[{"href":"https:\/\/www.avanceplasticsurgery.com\/es\/wp-json\/wp\/v2\/pages"}],"about":[{"href":"https:\/\/www.avanceplasticsurgery.com\/es\/wp-json\/wp\/v2\/types\/page"}],"author":[{"embeddable":true,"href":"https:\/\/www.avanceplasticsurgery.com\/es\/wp-json\/wp\/v2\/users\/1"}],"replies":[{"embeddable":true,"href":"https:\/\/www.avanceplasticsurgery.com\/es\/wp-json\/wp\/v2\/comments?post=8838"}],"version-history":[{"count":0,"href":"https:\/\/www.avanceplasticsurgery.com\/es\/wp-json\/wp\/v2\/pages\/8838\/revisions"}],"wp:attachment":[{"href":"https:\/\/www.avanceplasticsurgery.com\/es\/wp-json\/wp\/v2\/media?parent=8838"}],"curies":[{"name":"wp","href":"https:\/\/api.w.org\/{rel}","templated":true}]}}