{"id":8840,"date":"2020-09-15T19:14:03","date_gmt":"2020-09-15T19:14:03","guid":{"rendered":"https:\/\/www.avanceplasticsurgery.com\/procedimientos-cosmeticos-y-de-cirugia\/procedimientos-cosmeticos-corporales\/abdominoplastia-tummy-tuck\/reparacion-de-diastasis-de-rectos\/"},"modified":"2022-04-22T07:56:51","modified_gmt":"2022-04-22T07:56:51","slug":"reparacion-de-diastasis-de-rectos","status":"publish","type":"page","link":"https:\/\/www.avanceplasticsurgery.com\/es\/procedimientos-cosmeticos-y-de-cirugia\/procedimientos-cosmeticos-corporales\/abdominoplastia-tummy-tuck\/reparacion-de-diastasis-de-rectos\/","title":{"rendered":"Reparaci\u00f3n de di\u00e1stasis de rectos"},"content":{"rendered":"<h1>Cirug\u00eda de reparaci\u00f3n de di\u00e1stasis de rectos<\/h1>\n<p>\u00bfEst\u00e1s cansada de que te pregunten sobre tu embarazo incluso meses despu\u00e9s de dar a luz? Esto puede deberse a los estragos que su embarazo caus\u00f3 en sus m\u00fasculos abdominales. Como resultado del embarazo, es com\u00fan que el recto abdominal, o los m\u00fasculos del paquete de seis, se separen de la l\u00ednea media (di\u00e1stasis del recto). Esto deja una apariencia de flacidez que tambi\u00e9n puede causar dolor, debilidad e incomodidad, ya que estos m\u00fasculos se estiran y separan y casi no se pueden utilizar. Tambi\u00e9n pueden permitir que los intestinos sobresalgan, lo que se conoce como hernia.<\/p>\n<p>La cirug\u00eda de reparaci\u00f3n de di\u00e1stasis de rectos busca reparar estos m\u00fasculos da\u00f1ados restaur\u00e1ndolos a su ubicaci\u00f3n anterior y fortaleci\u00e9ndolos para su uso. Este procedimiento suele ser parte de una cirug\u00eda de <a title=\"Reno NV Cirug\u00eda Pl\u00e1stica Abdominoplastia\" href=\"https:\/\/www.avanceplasticsurgery.com\/es\/procedimientos-cosmeticos-y-de-cirugia\/procedimientos-cosmeticos-corporales\/abdominoplastia-tummy-tuck\/\">abdominoplastia (o abdominoplastia)<\/a> , que incluye la eliminaci\u00f3n del exceso de grasa y piel del abdomen. El Dr. Erez Dayan realiza esta cirug\u00eda por razones funcionales cuando los m\u00fasculos rectos abdominales causan complicaciones m\u00e9dicas debido a su separaci\u00f3n, o por razones est\u00e9ticas como parte de una abdominoplastia o una cirug\u00eda de cambio de imagen de mam\u00e1.<\/p>\n<h2>Reparaci\u00f3n de m\u00fasculos abdominales en Reno\/Tahoe, NV<\/h2>\n<p>Los pacientes que deseen una reparaci\u00f3n de di\u00e1stasis de rectos para sus m\u00fasculos abdominales sobrecargados deben esperar unos meses despu\u00e9s de completar el parto para permitir la curaci\u00f3n total. Los m\u00fasculos pueden sanar y repararse solos hasta cierto punto, especialmente con ejercicio y\/o fisioterapia. Solo cuando est\u00e9 completamente curado debe considerar la cirug\u00eda de reparaci\u00f3n de di\u00e1stasis de rectos.<\/p>\n<p>El Dr. Dayan se reunir\u00e1 con usted en una consulta privada para explicarle las opciones disponibles con esta cirug\u00eda. En ese momento, es posible que desee explorar una abdominoplastia completa, una cirug\u00eda est\u00e9tica de abdomen o un cambio de imagen de mam\u00e1. Se le proporcionar\u00e1 toda la informaci\u00f3n y las respuestas a sus preguntas para tomar una decisi\u00f3n informada y segura.<\/p>\n<p><a title=\"P\u00f3ngase en contacto con el Instituto de Cirug\u00eda Pl\u00e1stica Avance en Reno NV\" href=\"https:\/\/www.avanceplasticsurgery.com\/es\/contactenos\/\">Comun\u00edquese hoy mismo con la oficina de Reno\/Tahoe del Instituto de Cirug\u00eda Pl\u00e1stica Avance<\/a> y programe una consulta con el Dr. Dayan para analizar la cirug\u00eda de reparaci\u00f3n de di\u00e1stasis de rectos u otras opciones.<\/p>\n<h3>Programa de mantenimiento<\/h3>\n<p>El <a href=\"https:\/\/www.avanceplasticsurgery.com\/es\/acerca-de\/programa-de-mantenimiento\/\">programa de mantenimiento<\/a> en Avance Plastic Surgery Institute est\u00e1 dise\u00f1ado para ofrecer a los pacientes una forma conveniente de continuar viendo los beneficios de nuestros tratamientos durante el mayor tiempo posible.<\/p>\n<p>Para mantener los resultados de los procedimientos de contorno corporal, recomendamos tratamientos no invasivos y m\u00ednimamente invasivos con los siguientes dispositivos:<\/p>\n<ul>\n<li>Forma Body (InMode)<\/li>\n<li>Morpheus 8 Body (InMode)<\/li>\n<li>Evolve<\/li>\n<\/ul>\n","protected":false},"excerpt":{"rendered":"<p>Cirug\u00eda de reparaci\u00f3n de di\u00e1stasis de rectos \u00bfEst\u00e1s cansada de que te pregunten sobre tu embarazo incluso meses despu\u00e9s&hellip;<\/p>\n","protected":false},"author":1,"featured_media":0,"parent":8805,"menu_order":0,"comment_status":"closed","ping_status":"closed","template":"","meta":{"_acf_changed":false,"footnotes":""},"class_list":["post-8840","page","type-page","status-publish"],"acf":[],"yoast_head":"<!-- This site is optimized with the Yoast SEO plugin v25.6 - https:\/\/yoast.com\/wordpress\/plugins\/seo\/ -->\n<title>Reno NV Especialista en cirug\u00eda de reparaci\u00f3n de di\u00e1stasis de rectos | Lago Tahoe<\/title>\n<meta name=\"description\" content=\"La cirug\u00eda de reparaci\u00f3n de di\u00e1stasis de rectos busca reparar los m\u00fasculos abdominales estirados y desplazados que com\u00fanmente se ven afectados por el embarazo. Por lo general, se incluye en un procedimiento de abdominoplastia o cambio de imagen para mam\u00e1s. El Dr. Dayan ofrece esta cirug\u00eda en el Avance Plastic Surgery Institute en Reno.\" \/>\n<meta name=\"robots\" content=\"index, follow, max-snippet:-1, max-image-preview:large, max-video-preview:-1\" \/>\n<link rel=\"canonical\" href=\"https:\/\/www.avanceplasticsurgery.com\/es\/procedimientos-cosmeticos-y-de-cirugia\/procedimientos-cosmeticos-corporales\/abdominoplastia-tummy-tuck\/reparacion-de-diastasis-de-rectos\/\" \/>\n<meta property=\"og:locale\" content=\"es_ES\" \/>\n<meta property=\"og:type\" content=\"article\" \/>\n<meta property=\"og:title\" content=\"Reno NV Especialista en cirug\u00eda de reparaci\u00f3n de di\u00e1stasis de rectos | Lago Tahoe\" \/>\n<meta property=\"og:description\" content=\"La cirug\u00eda de reparaci\u00f3n de di\u00e1stasis de rectos busca reparar los m\u00fasculos abdominales estirados y desplazados que com\u00fanmente se ven afectados por el embarazo. Por lo general, se incluye en un procedimiento de abdominoplastia o cambio de imagen para mam\u00e1s. El Dr. Dayan ofrece esta cirug\u00eda en el Avance Plastic Surgery Institute en Reno.\" \/>\n<meta property=\"og:url\" content=\"https:\/\/www.avanceplasticsurgery.com\/es\/procedimientos-cosmeticos-y-de-cirugia\/procedimientos-cosmeticos-corporales\/abdominoplastia-tummy-tuck\/reparacion-de-diastasis-de-rectos\/\" \/>\n<meta property=\"og:site_name\" content=\"Avance Plastic Surgery\" \/>\n<meta property=\"article:modified_time\" content=\"2022-04-22T07:56:51+00:00\" \/>\n<meta name=\"twitter:card\" content=\"summary_large_image\" \/>\n<meta name=\"twitter:label1\" content=\"Tiempo de lectura\" \/>\n\t<meta name=\"twitter:data1\" content=\"2 minutos\" \/>\n<!-- \/ Yoast SEO plugin. -->","yoast_head_json":{"title":"Reno NV Especialista en cirug\u00eda de reparaci\u00f3n de di\u00e1stasis de rectos | Lago Tahoe","description":"La cirug\u00eda de reparaci\u00f3n de di\u00e1stasis de rectos busca reparar los m\u00fasculos abdominales estirados y desplazados que com\u00fanmente se ven afectados por el embarazo. Por lo general, se incluye en un procedimiento de abdominoplastia o cambio de imagen para mam\u00e1s. El Dr. Dayan ofrece esta cirug\u00eda en el Avance Plastic Surgery Institute en Reno.","robots":{"index":"index","follow":"follow","max-snippet":"max-snippet:-1","max-image-preview":"max-image-preview:large","max-video-preview":"max-video-preview:-1"},"canonical":"https:\/\/www.avanceplasticsurgery.com\/es\/procedimientos-cosmeticos-y-de-cirugia\/procedimientos-cosmeticos-corporales\/abdominoplastia-tummy-tuck\/reparacion-de-diastasis-de-rectos\/","og_locale":"es_ES","og_type":"article","og_title":"Reno NV Especialista en cirug\u00eda de reparaci\u00f3n de di\u00e1stasis de rectos | Lago Tahoe","og_description":"La cirug\u00eda de reparaci\u00f3n de di\u00e1stasis de rectos busca reparar los m\u00fasculos abdominales estirados y desplazados que com\u00fanmente se ven afectados por el embarazo. Por lo general, se incluye en un procedimiento de abdominoplastia o cambio de imagen para mam\u00e1s. El Dr. Dayan ofrece esta cirug\u00eda en el Avance Plastic Surgery Institute en Reno.","og_url":"https:\/\/www.avanceplasticsurgery.com\/es\/procedimientos-cosmeticos-y-de-cirugia\/procedimientos-cosmeticos-corporales\/abdominoplastia-tummy-tuck\/reparacion-de-diastasis-de-rectos\/","og_site_name":"Avance Plastic Surgery","article_modified_time":"2022-04-22T07:56:51+00:00","twitter_card":"summary_large_image","twitter_misc":{"Tiempo de lectura":"2 minutos"},"schema":{"@context":"https:\/\/schema.org","@graph":[{"@type":"WebPage","@id":"https:\/\/www.avanceplasticsurgery.com\/es\/procedimientos-cosmeticos-y-de-cirugia\/procedimientos-cosmeticos-corporales\/abdominoplastia-tummy-tuck\/reparacion-de-diastasis-de-rectos\/","url":"https:\/\/www.avanceplasticsurgery.com\/es\/procedimientos-cosmeticos-y-de-cirugia\/procedimientos-cosmeticos-corporales\/abdominoplastia-tummy-tuck\/reparacion-de-diastasis-de-rectos\/","name":"Reno NV Especialista en cirug\u00eda de reparaci\u00f3n de di\u00e1stasis de rectos | Lago Tahoe","isPartOf":{"@id":"https:\/\/www.avanceplasticsurgery.com\/es\/#website"},"datePublished":"2020-09-15T19:14:03+00:00","dateModified":"2022-04-22T07:56:51+00:00","description":"La cirug\u00eda de reparaci\u00f3n de di\u00e1stasis de rectos busca reparar los m\u00fasculos abdominales estirados y desplazados que com\u00fanmente se ven afectados por el embarazo. Por lo general, se incluye en un procedimiento de abdominoplastia o cambio de imagen para mam\u00e1s. El Dr. Dayan ofrece esta cirug\u00eda en el Avance Plastic Surgery Institute en Reno.","breadcrumb":{"@id":"https:\/\/www.avanceplasticsurgery.com\/es\/procedimientos-cosmeticos-y-de-cirugia\/procedimientos-cosmeticos-corporales\/abdominoplastia-tummy-tuck\/reparacion-de-diastasis-de-rectos\/#breadcrumb"},"inLanguage":"es","potentialAction":[{"@type":"ReadAction","target":["https:\/\/www.avanceplasticsurgery.com\/es\/procedimientos-cosmeticos-y-de-cirugia\/procedimientos-cosmeticos-corporales\/abdominoplastia-tummy-tuck\/reparacion-de-diastasis-de-rectos\/"]}]},{"@type":"BreadcrumbList","@id":"https:\/\/www.avanceplasticsurgery.com\/es\/procedimientos-cosmeticos-y-de-cirugia\/procedimientos-cosmeticos-corporales\/abdominoplastia-tummy-tuck\/reparacion-de-diastasis-de-rectos\/#breadcrumb","itemListElement":[{"@type":"ListItem","position":1,"name":"Home","item":"https:\/\/www.avanceplasticsurgery.com\/es\/"},{"@type":"ListItem","position":2,"name":"Cosm\u00e9tica","item":"https:\/\/www.avanceplasticsurgery.com\/es\/procedimientos-cosmeticos-y-de-cirugia\/"},{"@type":"ListItem","position":3,"name":"Procedimientos Cosm\u00e9ticos Corporales","item":"https:\/\/www.avanceplasticsurgery.com\/es\/procedimientos-cosmeticos-y-de-cirugia\/procedimientos-cosmeticos-corporales\/"},{"@type":"ListItem","position":4,"name":"Abdominoplastia \/ Tummy Tuck","item":"https:\/\/www.avanceplasticsurgery.com\/es\/procedimientos-cosmeticos-y-de-cirugia\/procedimientos-cosmeticos-corporales\/abdominoplastia-tummy-tuck\/"},{"@type":"ListItem","position":5,"name":"Reparaci\u00f3n de di\u00e1stasis de rectos"}]},{"@type":"WebSite","@id":"https:\/\/www.avanceplasticsurgery.com\/es\/#website","url":"https:\/\/www.avanceplasticsurgery.com\/es\/","name":"Avance Plastic Surgery","description":"","potentialAction":[{"@type":"SearchAction","target":{"@type":"EntryPoint","urlTemplate":"https:\/\/www.avanceplasticsurgery.com\/es\/?s={search_term_string}"},"query-input":{"@type":"PropertyValueSpecification","valueRequired":true,"valueName":"search_term_string"}}],"inLanguage":"es"}]}},"_links":{"self":[{"href":"https:\/\/www.avanceplasticsurgery.com\/es\/wp-json\/wp\/v2\/pages\/8840","targetHints":{"allow":["GET"]}}],"collection":[{"href":"https:\/\/www.avanceplasticsurgery.com\/es\/wp-json\/wp\/v2\/pages"}],"about":[{"href":"https:\/\/www.avanceplasticsurgery.com\/es\/wp-json\/wp\/v2\/types\/page"}],"author":[{"embeddable":true,"href":"https:\/\/www.avanceplasticsurgery.com\/es\/wp-json\/wp\/v2\/users\/1"}],"replies":[{"embeddable":true,"href":"https:\/\/www.avanceplasticsurgery.com\/es\/wp-json\/wp\/v2\/comments?post=8840"}],"version-history":[{"count":1,"href":"https:\/\/www.avanceplasticsurgery.com\/es\/wp-json\/wp\/v2\/pages\/8840\/revisions"}],"predecessor-version":[{"id":8841,"href":"https:\/\/www.avanceplasticsurgery.com\/es\/wp-json\/wp\/v2\/pages\/8840\/revisions\/8841"}],"up":[{"embeddable":true,"href":"https:\/\/www.avanceplasticsurgery.com\/es\/wp-json\/wp\/v2\/pages\/8805"}],"wp:attachment":[{"href":"https:\/\/www.avanceplasticsurgery.com\/es\/wp-json\/wp\/v2\/media?parent=8840"}],"curies":[{"name":"wp","href":"https:\/\/api.w.org\/{rel}","templated":true}]}}