{"id":8842,"date":"2020-09-15T19:16:45","date_gmt":"2020-09-15T19:16:45","guid":{"rendered":"https:\/\/www.avanceplasticsurgery.com\/procedimientos-cosmeticos-y-de-cirugia\/procedimientos-cosmeticos-corporales\/abdominoplastia-tummy-tuck\/abdominoplastia-con-flor-de-lis\/"},"modified":"2020-09-15T19:16:45","modified_gmt":"2020-09-15T19:16:45","slug":"abdominoplastia-con-flor-de-lis","status":"publish","type":"page","link":"https:\/\/www.avanceplasticsurgery.com\/es\/procedimientos-cosmeticos-y-de-cirugia\/procedimientos-cosmeticos-corporales\/abdominoplastia-tummy-tuck\/abdominoplastia-con-flor-de-lis\/","title":{"rendered":"Abdominoplastia con flor de lis"},"content":{"rendered":"<h1>Abdominoplastia con flor de lis (FDL)<\/h1>\n<p>A veces, despu\u00e9s de una p\u00e9rdida excesiva de peso o una cirug\u00eda bari\u00e1trica, queda una cantidad excesiva de piel. Esta piel se hunde por delante y por los lados del abdomen, creando una apariencia problem\u00e1tica para muchos pacientes. El Dr. Erez Dayan y el equipo del Instituto de Cirug\u00eda Pl\u00e1stica Avance en Reno\/Tahoe ofrecen una forma de <a title=\"Reno NV Cirug\u00eda Pl\u00e1stica Abdominoplastia\" href=\"https:\/\/www.avanceplasticsurgery.com\/es\/procedimientos-cosmeticos-y-de-cirugia\/procedimientos-cosmeticos-corporales\/abdominoplastia-tummy-tuck\/\">cirug\u00eda est\u00e9tica de abdomen<\/a> llamada abdominoplastia con flor de lis (FDL) que aborda este exceso de piel para una apariencia m\u00e1s esbelta despu\u00e9s de la p\u00e9rdida de peso.<\/p>\n<p>La abdominoplastia con flor de lis incorpora una incisi\u00f3n tanto horizontal como vertical, que se asemeja a un patr\u00f3n de flor de lis, y es uno de varios procedimientos de contorno corporal ofrecidos por el Dr. Dayan. En este procedimiento, adem\u00e1s de la incisi\u00f3n horizontal est\u00e1ndar utilizada en un procedimiento de abdominoplastia, es necesaria una incisi\u00f3n vertical adicional para acceder y eliminar el exceso de grasa y piel y juntar la piel restante.<\/p>\n<p>Este procedimiento le permite al Dr. Dayan abordar cualquier reparaci\u00f3n necesaria de los m\u00fasculos abdominales, eliminar el exceso de piel y grasa, pero tambi\u00e9n volver a contornear todo el abdomen, incluidos los costados y alrededor de la parte trasera. La longitud de su incisi\u00f3n vertical est\u00e1 determinada por la cantidad de laxitud que debe abordarse. El estiramiento de la piel tanto en el plano horizontal como en el vertical da como resultado un abdomen mucho m\u00e1s terso y de apariencia m\u00e1s joven.<\/p>\n<h2>Abdominoplastia FDL para un abdomen m\u00e1s suave<\/h2>\n<p>La abdominoplastia o abdominoplastia FDL es un procedimiento especializado de contorno corporal ofrecido por el Dr. Dayan y el Instituto de Cirug\u00eda Pl\u00e1stica Avance para pacientes que necesitan m\u00e1s atenci\u00f3n que un procedimiento de abdominoplastia est\u00e1ndar. Cada paciente recibe una consulta personal con el Dr. Dayan para determinar sus necesidades y objetivos. Durante esta consulta, se discutir\u00e1n y explicar\u00e1n todas las opciones de modelado corporal relevantes para sus necesidades.<\/p>\n<p>Si tiene un exceso de piel fl\u00e1cida alrededor de su abdomen debido a una p\u00e9rdida excesiva de peso o una cirug\u00eda bari\u00e1trica, podr\u00eda ser un buen candidato para la abdominoplastia FDL o una abdominoplastia con flor de lis. <a title=\"P\u00f3ngase en contacto con el Instituto de Cirug\u00eda Pl\u00e1stica Avance en Reno NV\" href=\"https:\/\/www.avanceplasticsurgery.com\/es\/contactenos\/\">P\u00f3ngase en contacto con el Instituto de Cirug\u00eda Pl\u00e1stica Avance<\/a> en Reno\/Tahoe, NV, para una cita de consulta. Tambi\u00e9n ofrecemos consultas virtuales para quienes viven fuera del \u00e1rea.<\/p>\n<h3>Programa de mantenimiento<\/h3>\n<p>El <a href=\"https:\/\/www.avanceplasticsurgery.com\/es\/acerca-de\/programa-de-mantenimiento\/\">programa de mantenimiento<\/a> en Avance Plastic Surgery Institute est\u00e1 dise\u00f1ado para ofrecer a los pacientes una forma conveniente de continuar viendo los beneficios de nuestros tratamientos durante el mayor tiempo posible.<\/p>\n<p>Para mantener los resultados de los procedimientos de contorno corporal, recomendamos tratamientos no invasivos y m\u00ednimamente invasivos con los siguientes dispositivos:<\/p>\n<ul>\n<li>Forma Body (InMode)<\/li>\n<li>Morpheus 8 Body (InMode)<\/li>\n<li>Evolve<\/li>\n<\/ul>\n","protected":false},"excerpt":{"rendered":"<p>Abdominoplastia con flor de lis (FDL) A veces, despu\u00e9s de una p\u00e9rdida excesiva de peso o una cirug\u00eda bari\u00e1trica,&hellip;<\/p>\n","protected":false},"author":1,"featured_media":0,"parent":8805,"menu_order":0,"comment_status":"closed","ping_status":"closed","template":"","meta":{"_acf_changed":false,"footnotes":""},"class_list":["post-8842","page","type-page","status-publish"],"acf":[],"yoast_head":"<!-- This site is optimized with the Yoast SEO plugin v25.6 - https:\/\/yoast.com\/wordpress\/plugins\/seo\/ -->\n<title>Reno NV Abdominoplastia con flor de lis (FDL) | Lago Tahoe<\/title>\n<meta name=\"description\" content=\"Una abdominoplastia con flor de lis es un procedimiento especial de abdominoplastia que trata el exceso de grasa y piel alrededor del abdomen con una incisi\u00f3n vertical adicional. El Dr. Erez Dayan ofrece este procedimiento de abdominoplastia FDL en el Instituto de Cirug\u00eda Pl\u00e1stica Avance en Reno, NV.\" \/>\n<meta name=\"robots\" content=\"index, follow, max-snippet:-1, max-image-preview:large, max-video-preview:-1\" \/>\n<link rel=\"canonical\" href=\"https:\/\/www.avanceplasticsurgery.com\/es\/procedimientos-cosmeticos-y-de-cirugia\/procedimientos-cosmeticos-corporales\/abdominoplastia-tummy-tuck\/abdominoplastia-con-flor-de-lis\/\" \/>\n<meta property=\"og:locale\" content=\"es_ES\" \/>\n<meta property=\"og:type\" content=\"article\" \/>\n<meta property=\"og:title\" content=\"Reno NV Abdominoplastia con flor de lis (FDL) | Lago Tahoe\" \/>\n<meta property=\"og:description\" content=\"Una abdominoplastia con flor de lis es un procedimiento especial de abdominoplastia que trata el exceso de grasa y piel alrededor del abdomen con una incisi\u00f3n vertical adicional. El Dr. Erez Dayan ofrece este procedimiento de abdominoplastia FDL en el Instituto de Cirug\u00eda Pl\u00e1stica Avance en Reno, NV.\" \/>\n<meta property=\"og:url\" content=\"https:\/\/www.avanceplasticsurgery.com\/es\/procedimientos-cosmeticos-y-de-cirugia\/procedimientos-cosmeticos-corporales\/abdominoplastia-tummy-tuck\/abdominoplastia-con-flor-de-lis\/\" \/>\n<meta property=\"og:site_name\" content=\"Avance Plastic Surgery\" \/>\n<meta name=\"twitter:card\" content=\"summary_large_image\" \/>\n<meta name=\"twitter:label1\" content=\"Tiempo de lectura\" \/>\n\t<meta name=\"twitter:data1\" content=\"2 minutos\" \/>\n<!-- \/ Yoast SEO plugin. -->","yoast_head_json":{"title":"Reno NV Abdominoplastia con flor de lis (FDL) | Lago Tahoe","description":"Una abdominoplastia con flor de lis es un procedimiento especial de abdominoplastia que trata el exceso de grasa y piel alrededor del abdomen con una incisi\u00f3n vertical adicional. El Dr. Erez Dayan ofrece este procedimiento de abdominoplastia FDL en el Instituto de Cirug\u00eda Pl\u00e1stica Avance en Reno, NV.","robots":{"index":"index","follow":"follow","max-snippet":"max-snippet:-1","max-image-preview":"max-image-preview:large","max-video-preview":"max-video-preview:-1"},"canonical":"https:\/\/www.avanceplasticsurgery.com\/es\/procedimientos-cosmeticos-y-de-cirugia\/procedimientos-cosmeticos-corporales\/abdominoplastia-tummy-tuck\/abdominoplastia-con-flor-de-lis\/","og_locale":"es_ES","og_type":"article","og_title":"Reno NV Abdominoplastia con flor de lis (FDL) | Lago Tahoe","og_description":"Una abdominoplastia con flor de lis es un procedimiento especial de abdominoplastia que trata el exceso de grasa y piel alrededor del abdomen con una incisi\u00f3n vertical adicional. El Dr. Erez Dayan ofrece este procedimiento de abdominoplastia FDL en el Instituto de Cirug\u00eda Pl\u00e1stica Avance en Reno, NV.","og_url":"https:\/\/www.avanceplasticsurgery.com\/es\/procedimientos-cosmeticos-y-de-cirugia\/procedimientos-cosmeticos-corporales\/abdominoplastia-tummy-tuck\/abdominoplastia-con-flor-de-lis\/","og_site_name":"Avance Plastic Surgery","twitter_card":"summary_large_image","twitter_misc":{"Tiempo de lectura":"2 minutos"},"schema":{"@context":"https:\/\/schema.org","@graph":[{"@type":"WebPage","@id":"https:\/\/www.avanceplasticsurgery.com\/es\/procedimientos-cosmeticos-y-de-cirugia\/procedimientos-cosmeticos-corporales\/abdominoplastia-tummy-tuck\/abdominoplastia-con-flor-de-lis\/","url":"https:\/\/www.avanceplasticsurgery.com\/es\/procedimientos-cosmeticos-y-de-cirugia\/procedimientos-cosmeticos-corporales\/abdominoplastia-tummy-tuck\/abdominoplastia-con-flor-de-lis\/","name":"Reno NV Abdominoplastia con flor de lis (FDL) | Lago Tahoe","isPartOf":{"@id":"https:\/\/www.avanceplasticsurgery.com\/es\/#website"},"datePublished":"2020-09-15T19:16:45+00:00","description":"Una abdominoplastia con flor de lis es un procedimiento especial de abdominoplastia que trata el exceso de grasa y piel alrededor del abdomen con una incisi\u00f3n vertical adicional. El Dr. Erez Dayan ofrece este procedimiento de abdominoplastia FDL en el Instituto de Cirug\u00eda Pl\u00e1stica Avance en Reno, NV.","breadcrumb":{"@id":"https:\/\/www.avanceplasticsurgery.com\/es\/procedimientos-cosmeticos-y-de-cirugia\/procedimientos-cosmeticos-corporales\/abdominoplastia-tummy-tuck\/abdominoplastia-con-flor-de-lis\/#breadcrumb"},"inLanguage":"es","potentialAction":[{"@type":"ReadAction","target":["https:\/\/www.avanceplasticsurgery.com\/es\/procedimientos-cosmeticos-y-de-cirugia\/procedimientos-cosmeticos-corporales\/abdominoplastia-tummy-tuck\/abdominoplastia-con-flor-de-lis\/"]}]},{"@type":"BreadcrumbList","@id":"https:\/\/www.avanceplasticsurgery.com\/es\/procedimientos-cosmeticos-y-de-cirugia\/procedimientos-cosmeticos-corporales\/abdominoplastia-tummy-tuck\/abdominoplastia-con-flor-de-lis\/#breadcrumb","itemListElement":[{"@type":"ListItem","position":1,"name":"Home","item":"https:\/\/www.avanceplasticsurgery.com\/es\/"},{"@type":"ListItem","position":2,"name":"Cosm\u00e9tica","item":"https:\/\/www.avanceplasticsurgery.com\/es\/procedimientos-cosmeticos-y-de-cirugia\/"},{"@type":"ListItem","position":3,"name":"Procedimientos Cosm\u00e9ticos Corporales","item":"https:\/\/www.avanceplasticsurgery.com\/es\/procedimientos-cosmeticos-y-de-cirugia\/procedimientos-cosmeticos-corporales\/"},{"@type":"ListItem","position":4,"name":"Abdominoplastia \/ Tummy Tuck","item":"https:\/\/www.avanceplasticsurgery.com\/es\/procedimientos-cosmeticos-y-de-cirugia\/procedimientos-cosmeticos-corporales\/abdominoplastia-tummy-tuck\/"},{"@type":"ListItem","position":5,"name":"Abdominoplastia con flor de lis"}]},{"@type":"WebSite","@id":"https:\/\/www.avanceplasticsurgery.com\/es\/#website","url":"https:\/\/www.avanceplasticsurgery.com\/es\/","name":"Avance Plastic Surgery","description":"","potentialAction":[{"@type":"SearchAction","target":{"@type":"EntryPoint","urlTemplate":"https:\/\/www.avanceplasticsurgery.com\/es\/?s={search_term_string}"},"query-input":{"@type":"PropertyValueSpecification","valueRequired":true,"valueName":"search_term_string"}}],"inLanguage":"es"}]}},"_links":{"self":[{"href":"https:\/\/www.avanceplasticsurgery.com\/es\/wp-json\/wp\/v2\/pages\/8842","targetHints":{"allow":["GET"]}}],"collection":[{"href":"https:\/\/www.avanceplasticsurgery.com\/es\/wp-json\/wp\/v2\/pages"}],"about":[{"href":"https:\/\/www.avanceplasticsurgery.com\/es\/wp-json\/wp\/v2\/types\/page"}],"author":[{"embeddable":true,"href":"https:\/\/www.avanceplasticsurgery.com\/es\/wp-json\/wp\/v2\/users\/1"}],"replies":[{"embeddable":true,"href":"https:\/\/www.avanceplasticsurgery.com\/es\/wp-json\/wp\/v2\/comments?post=8842"}],"version-history":[{"count":0,"href":"https:\/\/www.avanceplasticsurgery.com\/es\/wp-json\/wp\/v2\/pages\/8842\/revisions"}],"up":[{"embeddable":true,"href":"https:\/\/www.avanceplasticsurgery.com\/es\/wp-json\/wp\/v2\/pages\/8805"}],"wp:attachment":[{"href":"https:\/\/www.avanceplasticsurgery.com\/es\/wp-json\/wp\/v2\/media?parent=8842"}],"curies":[{"name":"wp","href":"https:\/\/api.w.org\/{rel}","templated":true}]}}