{"id":8843,"date":"2020-09-15T19:18:41","date_gmt":"2020-09-15T19:18:41","guid":{"rendered":"https:\/\/www.avanceplasticsurgery.com\/procedimientos-cosmeticos-y-de-cirugia\/procedimientos-cosmeticos-corporales\/abdominoplastia-tummy-tuck\/levantamiento-de-pubis\/"},"modified":"2020-09-15T19:18:41","modified_gmt":"2020-09-15T19:18:41","slug":"levantamiento-de-pubis","status":"publish","type":"page","link":"https:\/\/www.avanceplasticsurgery.com\/es\/procedimientos-cosmeticos-y-de-cirugia\/procedimientos-cosmeticos-corporales\/abdominoplastia-tummy-tuck\/levantamiento-de-pubis\/","title":{"rendered":"Levantamiento de pubis"},"content":{"rendered":"<h1>Levantamiento de Pubis (Monsplastia)<\/h1>\n<p>Algunas mujeres tienen una plenitud significativa justo por encima de la regi\u00f3n del monte de Venus que les dificulta usar un bikini u otra ropa. La insatisfacci\u00f3n con esta plenitud tambi\u00e9n puede causar estr\u00e9s o verg\u00fcenza en situaciones \u00edntimas. El Dr. Erez Dayan ofrece cirug\u00eda de levantamiento p\u00fabico, o monsplastia, para eliminar el exceso de tejido y grasa, y remodelar esta \u00e1rea para una apariencia m\u00e1s agradable.<\/p>\n<p>La monsplastia, o levantamiento de pubis, es un procedimiento especializado que corrige un \u00e1rea problem\u00e1tica que puede no ser tratada durante una <a title=\"Reno NV Cirug\u00eda Pl\u00e1stica Abdominoplastia\" href=\"https:\/\/www.avanceplasticsurgery.com\/es\/procedimientos-cosmeticos-y-de-cirugia\/procedimientos-cosmeticos-corporales\/abdominoplastia-tummy-tuck\/\">abdominoplastia o cirug\u00eda est\u00e9tica de abdomen<\/a> . Un levantamiento de pubis puede incluirse en una abdominoplastia, un estiramiento corporal, un cambio de imagen para mam\u00e1s u otros procedimientos para crear una apariencia completamente esbelta. Monsplasty tambi\u00e9n se combina a menudo con una labioplastia o vaginoplastia cuando toda la regi\u00f3n necesita remodelaci\u00f3n y rejuvenecimiento.<\/p>\n<p>El Dr. Dayan es un renombrado cirujano pl\u00e1stico, cosm\u00e9tico y restaurador que realiza rutinariamente una amplia variedad de procedimientos de recontorneado para restaurar una mejor funci\u00f3n y apariencia para sus pacientes. Al realizar un procedimiento de monsplastia, el Dr. Dayan puede usar su experiencia y habilidad para reducir o eliminar la piel fl\u00e1cida o abultada y tensar el tejido muscular para lograr una apariencia m\u00e1s peque\u00f1a, m\u00e1s firme y m\u00e1s joven.<\/p>\n<h2>Cirug\u00eda de rejuvenecimiento de Mons.<\/h2>\n<p>La cirug\u00eda de rejuvenecimiento de Mons en el Instituto de Cirug\u00eda Pl\u00e1stica Avance en Reno\/Tahoe puede ayudar a corregir problemas de funcionalidad, as\u00ed como a restaurar la confianza en su apariencia. Un levantamiento de pubis a menudo puede corregir algunos problemas con la funci\u00f3n urinaria que ocurren con el exceso de grasa y piel en el monte de Venus. Adem\u00e1s, un \u00e1rea del monte de Venus m\u00e1s peque\u00f1a puede contribuir a aumentar la sensaci\u00f3n y el placer sexual.<\/p>\n<p>Las mujeres que eligen someterse a una cirug\u00eda de rejuvenecimiento de monte de Venus por el Dr. Dayan expresan una confianza renovada en su apariencia y se sienten m\u00e1s atractivas. Se elimina la verg\u00fcenza por un monte de Venus grande y se reemplaza por la confianza. El Dr. Dayan se complace en hablar sobre la cirug\u00eda de estiramiento p\u00fabico y otras opciones posibles para ayudarlo a alcanzar sus objetivos en una consulta personal en el Instituto de Cirug\u00eda Pl\u00e1stica Avance en Reno\/Tahoe, NV. <a title=\"P\u00f3ngase en contacto con el Instituto de Cirug\u00eda Pl\u00e1stica Avance en Reno NV\" href=\"https:\/\/www.avanceplasticsurgery.com\/es\/contactenos\/\">Cont\u00e1ctenos<\/a> hoy. Tambi\u00e9n ofrecemos consultas virtuales para su primer contacto.<\/p>\n<h3>Programa de mantenimiento<\/h3>\n<p>El <a href=\"https:\/\/www.avanceplasticsurgery.com\/es\/acerca-de\/programa-de-mantenimiento\/\">programa de mantenimiento<\/a> en Avance Plastic Surgery Institute est\u00e1 dise\u00f1ado para ofrecer a los pacientes una forma conveniente de continuar viendo los beneficios de nuestros tratamientos durante el mayor tiempo posible.<\/p>\n<p>Para mantener los resultados de los procedimientos de contorno corporal, recomendamos tratamientos no invasivos y m\u00ednimamente invasivos con los siguientes dispositivos:<\/p>\n<ul>\n<li>Forma Body (InMode)<\/li>\n<li>Morpheus 8 Body (InMode)<\/li>\n<li>Evolve<\/li>\n<\/ul>\n","protected":false},"excerpt":{"rendered":"<p>Levantamiento de Pubis (Monsplastia) Algunas mujeres tienen una plenitud significativa justo por encima de la regi\u00f3n del monte de&hellip;<\/p>\n","protected":false},"author":1,"featured_media":0,"parent":8805,"menu_order":0,"comment_status":"closed","ping_status":"closed","template":"","meta":{"_acf_changed":false,"footnotes":""},"class_list":["post-8843","page","type-page","status-publish"],"acf":[],"yoast_head":"<!-- This site is optimized with the Yoast SEO plugin v27.5 - https:\/\/yoast.com\/product\/yoast-seo-wordpress\/ -->\n<title>Reno NV Levantamiento de pubis (Monsplasty) | Rejuvenecimiento de Lake Tahoe Mons<\/title>\n<meta name=\"description\" content=\"La monsplastia, o cirug\u00eda de levantamiento p\u00fabico, elimina el exceso de tejido y grasa de la regi\u00f3n del monte de Venus para lograr una apariencia m\u00e1s sexy y esbelta. El Dr. Erez Dayan puede combinar este procedimiento con otras opciones quir\u00fargicas para un rejuvenecimiento completo del contorno corporal. Llame hoy al Instituto de Cirug\u00eda Pl\u00e1stica Avance para una consulta.\" \/>\n<meta name=\"robots\" content=\"index, follow, max-snippet:-1, max-image-preview:large, max-video-preview:-1\" \/>\n<link rel=\"canonical\" href=\"https:\/\/www.avanceplasticsurgery.com\/es\/procedimientos-cosmeticos-y-de-cirugia\/procedimientos-cosmeticos-corporales\/abdominoplastia-tummy-tuck\/levantamiento-de-pubis\/\" \/>\n<meta property=\"og:locale\" content=\"es_ES\" \/>\n<meta property=\"og:type\" content=\"article\" \/>\n<meta property=\"og:title\" content=\"Reno NV Levantamiento de pubis (Monsplasty) | Rejuvenecimiento de Lake Tahoe Mons\" \/>\n<meta property=\"og:description\" content=\"La monsplastia, o cirug\u00eda de levantamiento p\u00fabico, elimina el exceso de tejido y grasa de la regi\u00f3n del monte de Venus para lograr una apariencia m\u00e1s sexy y esbelta. El Dr. Erez Dayan puede combinar este procedimiento con otras opciones quir\u00fargicas para un rejuvenecimiento completo del contorno corporal. Llame hoy al Instituto de Cirug\u00eda Pl\u00e1stica Avance para una consulta.\" \/>\n<meta property=\"og:url\" content=\"https:\/\/www.avanceplasticsurgery.com\/es\/procedimientos-cosmeticos-y-de-cirugia\/procedimientos-cosmeticos-corporales\/abdominoplastia-tummy-tuck\/levantamiento-de-pubis\/\" \/>\n<meta property=\"og:site_name\" content=\"Avance Plastic Surgery\" \/>\n<meta name=\"twitter:card\" content=\"summary_large_image\" \/>\n<meta name=\"twitter:label1\" content=\"Tiempo de lectura\" \/>\n\t<meta name=\"twitter:data1\" content=\"3 minutos\" \/>\n<!-- \/ Yoast SEO plugin. -->","yoast_head_json":{"title":"Reno NV Levantamiento de pubis (Monsplasty) | Rejuvenecimiento de Lake Tahoe Mons","description":"La monsplastia, o cirug\u00eda de levantamiento p\u00fabico, elimina el exceso de tejido y grasa de la regi\u00f3n del monte de Venus para lograr una apariencia m\u00e1s sexy y esbelta. El Dr. Erez Dayan puede combinar este procedimiento con otras opciones quir\u00fargicas para un rejuvenecimiento completo del contorno corporal. Llame hoy al Instituto de Cirug\u00eda Pl\u00e1stica Avance para una consulta.","robots":{"index":"index","follow":"follow","max-snippet":"max-snippet:-1","max-image-preview":"max-image-preview:large","max-video-preview":"max-video-preview:-1"},"canonical":"https:\/\/www.avanceplasticsurgery.com\/es\/procedimientos-cosmeticos-y-de-cirugia\/procedimientos-cosmeticos-corporales\/abdominoplastia-tummy-tuck\/levantamiento-de-pubis\/","og_locale":"es_ES","og_type":"article","og_title":"Reno NV Levantamiento de pubis (Monsplasty) | Rejuvenecimiento de Lake Tahoe Mons","og_description":"La monsplastia, o cirug\u00eda de levantamiento p\u00fabico, elimina el exceso de tejido y grasa de la regi\u00f3n del monte de Venus para lograr una apariencia m\u00e1s sexy y esbelta. El Dr. Erez Dayan puede combinar este procedimiento con otras opciones quir\u00fargicas para un rejuvenecimiento completo del contorno corporal. Llame hoy al Instituto de Cirug\u00eda Pl\u00e1stica Avance para una consulta.","og_url":"https:\/\/www.avanceplasticsurgery.com\/es\/procedimientos-cosmeticos-y-de-cirugia\/procedimientos-cosmeticos-corporales\/abdominoplastia-tummy-tuck\/levantamiento-de-pubis\/","og_site_name":"Avance Plastic Surgery","twitter_card":"summary_large_image","twitter_misc":{"Tiempo de lectura":"3 minutos"},"schema":{"@context":"https:\/\/schema.org","@graph":[{"@type":"WebPage","@id":"https:\/\/www.avanceplasticsurgery.com\/es\/procedimientos-cosmeticos-y-de-cirugia\/procedimientos-cosmeticos-corporales\/abdominoplastia-tummy-tuck\/levantamiento-de-pubis\/","url":"https:\/\/www.avanceplasticsurgery.com\/es\/procedimientos-cosmeticos-y-de-cirugia\/procedimientos-cosmeticos-corporales\/abdominoplastia-tummy-tuck\/levantamiento-de-pubis\/","name":"Reno NV Levantamiento de pubis (Monsplasty) | Rejuvenecimiento de Lake Tahoe Mons","isPartOf":{"@id":"https:\/\/www.avanceplasticsurgery.com\/es\/#website"},"datePublished":"2020-09-15T19:18:41+00:00","description":"La monsplastia, o cirug\u00eda de levantamiento p\u00fabico, elimina el exceso de tejido y grasa de la regi\u00f3n del monte de Venus para lograr una apariencia m\u00e1s sexy y esbelta. El Dr. Erez Dayan puede combinar este procedimiento con otras opciones quir\u00fargicas para un rejuvenecimiento completo del contorno corporal. Llame hoy al Instituto de Cirug\u00eda Pl\u00e1stica Avance para una consulta.","breadcrumb":{"@id":"https:\/\/www.avanceplasticsurgery.com\/es\/procedimientos-cosmeticos-y-de-cirugia\/procedimientos-cosmeticos-corporales\/abdominoplastia-tummy-tuck\/levantamiento-de-pubis\/#breadcrumb"},"inLanguage":"es","potentialAction":[{"@type":"ReadAction","target":["https:\/\/www.avanceplasticsurgery.com\/es\/procedimientos-cosmeticos-y-de-cirugia\/procedimientos-cosmeticos-corporales\/abdominoplastia-tummy-tuck\/levantamiento-de-pubis\/"]}]},{"@type":"BreadcrumbList","@id":"https:\/\/www.avanceplasticsurgery.com\/es\/procedimientos-cosmeticos-y-de-cirugia\/procedimientos-cosmeticos-corporales\/abdominoplastia-tummy-tuck\/levantamiento-de-pubis\/#breadcrumb","itemListElement":[{"@type":"ListItem","position":1,"name":"Home","item":"https:\/\/www.avanceplasticsurgery.com\/es\/"},{"@type":"ListItem","position":2,"name":"Cosm\u00e9tica","item":"https:\/\/www.avanceplasticsurgery.com\/es\/procedimientos-cosmeticos-y-de-cirugia\/"},{"@type":"ListItem","position":3,"name":"Procedimientos Cosm\u00e9ticos Corporales","item":"https:\/\/www.avanceplasticsurgery.com\/es\/procedimientos-cosmeticos-y-de-cirugia\/procedimientos-cosmeticos-corporales\/"},{"@type":"ListItem","position":4,"name":"Abdominoplastia \/ Tummy Tuck","item":"https:\/\/www.avanceplasticsurgery.com\/es\/procedimientos-cosmeticos-y-de-cirugia\/procedimientos-cosmeticos-corporales\/abdominoplastia-tummy-tuck\/"},{"@type":"ListItem","position":5,"name":"Levantamiento de pubis"}]},{"@type":"WebSite","@id":"https:\/\/www.avanceplasticsurgery.com\/es\/#website","url":"https:\/\/www.avanceplasticsurgery.com\/es\/","name":"Avance Plastic Surgery","description":"","potentialAction":[{"@type":"SearchAction","target":{"@type":"EntryPoint","urlTemplate":"https:\/\/www.avanceplasticsurgery.com\/es\/?s={search_term_string}"},"query-input":{"@type":"PropertyValueSpecification","valueRequired":true,"valueName":"search_term_string"}}],"inLanguage":"es"}]}},"_links":{"self":[{"href":"https:\/\/www.avanceplasticsurgery.com\/es\/wp-json\/wp\/v2\/pages\/8843","targetHints":{"allow":["GET"]}}],"collection":[{"href":"https:\/\/www.avanceplasticsurgery.com\/es\/wp-json\/wp\/v2\/pages"}],"about":[{"href":"https:\/\/www.avanceplasticsurgery.com\/es\/wp-json\/wp\/v2\/types\/page"}],"author":[{"embeddable":true,"href":"https:\/\/www.avanceplasticsurgery.com\/es\/wp-json\/wp\/v2\/users\/1"}],"replies":[{"embeddable":true,"href":"https:\/\/www.avanceplasticsurgery.com\/es\/wp-json\/wp\/v2\/comments?post=8843"}],"version-history":[{"count":0,"href":"https:\/\/www.avanceplasticsurgery.com\/es\/wp-json\/wp\/v2\/pages\/8843\/revisions"}],"up":[{"embeddable":true,"href":"https:\/\/www.avanceplasticsurgery.com\/es\/wp-json\/wp\/v2\/pages\/8805"}],"wp:attachment":[{"href":"https:\/\/www.avanceplasticsurgery.com\/es\/wp-json\/wp\/v2\/media?parent=8843"}],"curies":[{"name":"wp","href":"https:\/\/api.w.org\/{rel}","templated":true}]}}