{"id":8844,"date":"2020-09-15T19:21:12","date_gmt":"2020-09-15T19:21:12","guid":{"rendered":"https:\/\/www.avanceplasticsurgery.com\/procedimientos-cosmeticos-y-de-cirugia\/procedimientos-cosmeticos-corporales\/abdominoplastia-tummy-tuck\/abdominoplastia-despues-con-cesarea\/"},"modified":"2020-09-15T19:21:12","modified_gmt":"2020-09-15T19:21:12","slug":"abdominoplastia-despues-con-cesarea","status":"publish","type":"page","link":"https:\/\/www.avanceplasticsurgery.com\/es\/procedimientos-cosmeticos-y-de-cirugia\/procedimientos-cosmeticos-corporales\/abdominoplastia-tummy-tuck\/abdominoplastia-despues-con-cesarea\/","title":{"rendered":"Abdominoplastia despu\u00e9s\/con ces\u00e1rea"},"content":{"rendered":"<h1>Abdominoplastia despu\u00e9s del parto por ces\u00e1rea<\/h1>\n<p>El embarazo a menudo provoca cambios significativos en el cuerpo de una mujer, y muchos de estos cambios no son bienvenidos. Un cambio notable es un abdomen fl\u00e1cido causado por el estiramiento de la piel y la musculatura por tener un beb\u00e9. Muy a menudo, la p\u00e9rdida de peso y el ejercicio tienen poco efecto en esta \u00e1rea problem\u00e1tica, lo que deja a las mujeres frustradas con su apariencia despu\u00e9s del embarazo. <a title=\"Reno NV Cirug\u00eda Pl\u00e1stica Abdominoplastia\" href=\"https:\/\/www.avanceplasticsurgery.com\/es\/procedimientos-cosmeticos-y-de-cirugia\/procedimientos-cosmeticos-corporales\/abdominoplastia-tummy-tuck\/\">La abdominoplastia, o cirug\u00eda est\u00e9tica de abdomen<\/a> , suele ser una soluci\u00f3n para restaurar la forma que ten\u00eda antes del embarazo despu\u00e9s de un parto vaginal o por ces\u00e1rea.<\/p>\n<p>El escenario m\u00e1s com\u00fan es que una paciente se someta a una abdominoplastia aproximadamente seis meses despu\u00e9s de un parto por ces\u00e1rea. Esto da tiempo para que se logre la curaci\u00f3n natural del cuerpo, incluida cualquier contracci\u00f3n del \u00e1rea. La abdominoplastia puede tratar cualquier exceso de piel y grasa restante, reparar los m\u00fasculos del abdomen estirados o fuera de lugar y ocultar la cicatriz de la ces\u00e1rea.<\/p>\n<p>A menudo, el Dr. Dayan puede bajar la cicatriz est\u00e1ndar de la ces\u00e1rea por debajo de la l\u00ednea del bikini, ocult\u00e1ndola efectivamente para una apariencia m\u00e1s suave y sin cicatrices. Si ya ha terminado de tener hijos, llame al Instituto de Cirug\u00eda Pl\u00e1stica Avance para una abdominoplastia despu\u00e9s de la consulta de ces\u00e1rea con el Dr. Dayan.<\/p>\n<h2>Abdominoplastia con parto por ces\u00e1rea<\/h2>\n<p>Otro escenario es tener un procedimiento de abdominoplastia con parto por ces\u00e1rea. Los partos por ces\u00e1rea a menudo se planifican con anticipaci\u00f3n, lo que permite que el Dr. Dayan est\u00e9 presente para realizar el procedimiento de abdominoplastia inmediatamente despu\u00e9s del parto. Combinar ambos procedimientos quir\u00fargicos en uno es una opci\u00f3n deseable para algunas mujeres cuando las condiciones lo permiten. El Dr. Dayan y su obstetra\/ginec\u00f3logo consultar\u00e1n antes y en el momento del parto para garantizar que el procedimiento de abdominoplastia sea seguro.<\/p>\n<p>Antes de considerar una abdominoplastia con o despu\u00e9s del parto por ces\u00e1rea, programe una consulta para analizar las opciones, los beneficios y los riesgos con el Dr. Dayan. Es un cirujano pl\u00e1stico cosm\u00e9tico y reconstructivo altamente calificado que puede devolverle a su cuerpo la apariencia que ten\u00eda antes del embarazo. Comprender\u00e1 completamente el procedimiento y recibir\u00e1 respuestas a cualquier pregunta antes de que se programe el procedimiento.<\/p>\n<p>Para obtener m\u00e1s informaci\u00f3n sobre una abdominoplastia con o despu\u00e9s de un parto por ces\u00e1rea, <a title=\"P\u00f3ngase en contacto con el Instituto de Cirug\u00eda Pl\u00e1stica Avance en Reno NV\" href=\"https:\/\/www.avanceplasticsurgery.com\/es\/contactenos\/\">comun\u00edquese con el Avance Plastic Surgery Institute en l\u00ednea<\/a> o ll\u00e1menos al 775-800-4444 para programar una consulta con el Dr. Erez Dayan.<\/p>\n<h3>Programa de mantenimiento<\/h3>\n<p>El <a href=\"https:\/\/www.avanceplasticsurgery.com\/es\/acerca-de\/programa-de-mantenimiento\/\">programa de mantenimiento<\/a> en Avance Plastic Surgery Institute est\u00e1 dise\u00f1ado para ofrecer a los pacientes una forma conveniente de continuar viendo los beneficios de nuestros tratamientos durante el mayor tiempo posible.<\/p>\n<p>Para mantener los resultados de los procedimientos de contorno corporal, recomendamos tratamientos no invasivos y m\u00ednimamente invasivos con los siguientes dispositivos:<\/p>\n<ul>\n<li>Forma Body (InMode)<\/li>\n<li>Morpheus 8 Body (InMode)<\/li>\n<li>Evolve<\/li>\n<\/ul>\n","protected":false},"excerpt":{"rendered":"<p>Abdominoplastia despu\u00e9s del parto por ces\u00e1rea El embarazo a menudo provoca cambios significativos en el cuerpo de una mujer,&hellip;<\/p>\n","protected":false},"author":1,"featured_media":0,"parent":8805,"menu_order":0,"comment_status":"closed","ping_status":"closed","template":"","meta":{"_acf_changed":false,"footnotes":""},"class_list":["post-8844","page","type-page","status-publish"],"acf":[],"yoast_head":"<!-- This site is optimized with the Yoast SEO plugin v25.6 - https:\/\/yoast.com\/wordpress\/plugins\/seo\/ -->\n<title>Reno NV Abdominoplastia despu\u00e9s\/con parto por ces\u00e1rea | Lago Tahoe<\/title>\n<meta name=\"description\" content=\"Una abdominoplastia despu\u00e9s o con el parto por ces\u00e1rea es una opci\u00f3n de contorno corporal con el Dr. Erez Dayan en Avance Plastic Surgery Institute en Reno, NV. Discuta la viabilidad de cada opci\u00f3n y su idoneidad para cualquiera de ellas en una consulta con el Dr. Dayan.\" \/>\n<meta name=\"robots\" content=\"index, follow, max-snippet:-1, max-image-preview:large, max-video-preview:-1\" \/>\n<link rel=\"canonical\" href=\"https:\/\/www.avanceplasticsurgery.com\/es\/procedimientos-cosmeticos-y-de-cirugia\/procedimientos-cosmeticos-corporales\/abdominoplastia-tummy-tuck\/abdominoplastia-despues-con-cesarea\/\" \/>\n<meta property=\"og:locale\" content=\"es_ES\" \/>\n<meta property=\"og:type\" content=\"article\" \/>\n<meta property=\"og:title\" content=\"Reno NV Abdominoplastia despu\u00e9s\/con parto por ces\u00e1rea | Lago Tahoe\" \/>\n<meta property=\"og:description\" content=\"Una abdominoplastia despu\u00e9s o con el parto por ces\u00e1rea es una opci\u00f3n de contorno corporal con el Dr. Erez Dayan en Avance Plastic Surgery Institute en Reno, NV. Discuta la viabilidad de cada opci\u00f3n y su idoneidad para cualquiera de ellas en una consulta con el Dr. Dayan.\" \/>\n<meta property=\"og:url\" content=\"https:\/\/www.avanceplasticsurgery.com\/es\/procedimientos-cosmeticos-y-de-cirugia\/procedimientos-cosmeticos-corporales\/abdominoplastia-tummy-tuck\/abdominoplastia-despues-con-cesarea\/\" \/>\n<meta property=\"og:site_name\" content=\"Avance Plastic Surgery\" \/>\n<meta name=\"twitter:card\" content=\"summary_large_image\" \/>\n<meta name=\"twitter:label1\" content=\"Tiempo de lectura\" \/>\n\t<meta name=\"twitter:data1\" content=\"3 minutos\" \/>\n<!-- \/ Yoast SEO plugin. -->","yoast_head_json":{"title":"Reno NV Abdominoplastia despu\u00e9s\/con parto por ces\u00e1rea | Lago Tahoe","description":"Una abdominoplastia despu\u00e9s o con el parto por ces\u00e1rea es una opci\u00f3n de contorno corporal con el Dr. Erez Dayan en Avance Plastic Surgery Institute en Reno, NV. Discuta la viabilidad de cada opci\u00f3n y su idoneidad para cualquiera de ellas en una consulta con el Dr. Dayan.","robots":{"index":"index","follow":"follow","max-snippet":"max-snippet:-1","max-image-preview":"max-image-preview:large","max-video-preview":"max-video-preview:-1"},"canonical":"https:\/\/www.avanceplasticsurgery.com\/es\/procedimientos-cosmeticos-y-de-cirugia\/procedimientos-cosmeticos-corporales\/abdominoplastia-tummy-tuck\/abdominoplastia-despues-con-cesarea\/","og_locale":"es_ES","og_type":"article","og_title":"Reno NV Abdominoplastia despu\u00e9s\/con parto por ces\u00e1rea | Lago Tahoe","og_description":"Una abdominoplastia despu\u00e9s o con el parto por ces\u00e1rea es una opci\u00f3n de contorno corporal con el Dr. Erez Dayan en Avance Plastic Surgery Institute en Reno, NV. Discuta la viabilidad de cada opci\u00f3n y su idoneidad para cualquiera de ellas en una consulta con el Dr. Dayan.","og_url":"https:\/\/www.avanceplasticsurgery.com\/es\/procedimientos-cosmeticos-y-de-cirugia\/procedimientos-cosmeticos-corporales\/abdominoplastia-tummy-tuck\/abdominoplastia-despues-con-cesarea\/","og_site_name":"Avance Plastic Surgery","twitter_card":"summary_large_image","twitter_misc":{"Tiempo de lectura":"3 minutos"},"schema":{"@context":"https:\/\/schema.org","@graph":[{"@type":"WebPage","@id":"https:\/\/www.avanceplasticsurgery.com\/es\/procedimientos-cosmeticos-y-de-cirugia\/procedimientos-cosmeticos-corporales\/abdominoplastia-tummy-tuck\/abdominoplastia-despues-con-cesarea\/","url":"https:\/\/www.avanceplasticsurgery.com\/es\/procedimientos-cosmeticos-y-de-cirugia\/procedimientos-cosmeticos-corporales\/abdominoplastia-tummy-tuck\/abdominoplastia-despues-con-cesarea\/","name":"Reno NV Abdominoplastia despu\u00e9s\/con parto por ces\u00e1rea | Lago Tahoe","isPartOf":{"@id":"https:\/\/www.avanceplasticsurgery.com\/es\/#website"},"datePublished":"2020-09-15T19:21:12+00:00","description":"Una abdominoplastia despu\u00e9s o con el parto por ces\u00e1rea es una opci\u00f3n de contorno corporal con el Dr. Erez Dayan en Avance Plastic Surgery Institute en Reno, NV. Discuta la viabilidad de cada opci\u00f3n y su idoneidad para cualquiera de ellas en una consulta con el Dr. Dayan.","breadcrumb":{"@id":"https:\/\/www.avanceplasticsurgery.com\/es\/procedimientos-cosmeticos-y-de-cirugia\/procedimientos-cosmeticos-corporales\/abdominoplastia-tummy-tuck\/abdominoplastia-despues-con-cesarea\/#breadcrumb"},"inLanguage":"es","potentialAction":[{"@type":"ReadAction","target":["https:\/\/www.avanceplasticsurgery.com\/es\/procedimientos-cosmeticos-y-de-cirugia\/procedimientos-cosmeticos-corporales\/abdominoplastia-tummy-tuck\/abdominoplastia-despues-con-cesarea\/"]}]},{"@type":"BreadcrumbList","@id":"https:\/\/www.avanceplasticsurgery.com\/es\/procedimientos-cosmeticos-y-de-cirugia\/procedimientos-cosmeticos-corporales\/abdominoplastia-tummy-tuck\/abdominoplastia-despues-con-cesarea\/#breadcrumb","itemListElement":[{"@type":"ListItem","position":1,"name":"Home","item":"https:\/\/www.avanceplasticsurgery.com\/es\/"},{"@type":"ListItem","position":2,"name":"Cosm\u00e9tica","item":"https:\/\/www.avanceplasticsurgery.com\/es\/procedimientos-cosmeticos-y-de-cirugia\/"},{"@type":"ListItem","position":3,"name":"Procedimientos Cosm\u00e9ticos Corporales","item":"https:\/\/www.avanceplasticsurgery.com\/es\/procedimientos-cosmeticos-y-de-cirugia\/procedimientos-cosmeticos-corporales\/"},{"@type":"ListItem","position":4,"name":"Abdominoplastia \/ Tummy Tuck","item":"https:\/\/www.avanceplasticsurgery.com\/es\/procedimientos-cosmeticos-y-de-cirugia\/procedimientos-cosmeticos-corporales\/abdominoplastia-tummy-tuck\/"},{"@type":"ListItem","position":5,"name":"Abdominoplastia despu\u00e9s\/con ces\u00e1rea"}]},{"@type":"WebSite","@id":"https:\/\/www.avanceplasticsurgery.com\/es\/#website","url":"https:\/\/www.avanceplasticsurgery.com\/es\/","name":"Avance Plastic Surgery","description":"","potentialAction":[{"@type":"SearchAction","target":{"@type":"EntryPoint","urlTemplate":"https:\/\/www.avanceplasticsurgery.com\/es\/?s={search_term_string}"},"query-input":{"@type":"PropertyValueSpecification","valueRequired":true,"valueName":"search_term_string"}}],"inLanguage":"es"}]}},"_links":{"self":[{"href":"https:\/\/www.avanceplasticsurgery.com\/es\/wp-json\/wp\/v2\/pages\/8844","targetHints":{"allow":["GET"]}}],"collection":[{"href":"https:\/\/www.avanceplasticsurgery.com\/es\/wp-json\/wp\/v2\/pages"}],"about":[{"href":"https:\/\/www.avanceplasticsurgery.com\/es\/wp-json\/wp\/v2\/types\/page"}],"author":[{"embeddable":true,"href":"https:\/\/www.avanceplasticsurgery.com\/es\/wp-json\/wp\/v2\/users\/1"}],"replies":[{"embeddable":true,"href":"https:\/\/www.avanceplasticsurgery.com\/es\/wp-json\/wp\/v2\/comments?post=8844"}],"version-history":[{"count":0,"href":"https:\/\/www.avanceplasticsurgery.com\/es\/wp-json\/wp\/v2\/pages\/8844\/revisions"}],"up":[{"embeddable":true,"href":"https:\/\/www.avanceplasticsurgery.com\/es\/wp-json\/wp\/v2\/pages\/8805"}],"wp:attachment":[{"href":"https:\/\/www.avanceplasticsurgery.com\/es\/wp-json\/wp\/v2\/media?parent=8844"}],"curies":[{"name":"wp","href":"https:\/\/api.w.org\/{rel}","templated":true}]}}