{"id":8845,"date":"2020-09-11T07:55:34","date_gmt":"2020-09-11T07:55:34","guid":{"rendered":"https:\/\/www.avanceplasticsurgery.com\/procedimientos-cosmeticos-y-de-cirugia\/procedimientos-cosmeticos-corporales\/estiramiento-corporal-despues-de-la-perdida-de-peso\/"},"modified":"2024-09-04T12:09:22","modified_gmt":"2024-09-04T12:09:22","slug":"estiramiento-corporal-despues-de-la-perdida-de-peso","status":"publish","type":"page","link":"https:\/\/www.avanceplasticsurgery.com\/es\/procedimientos-cosmeticos-y-de-cirugia\/procedimientos-cosmeticos-corporales\/estiramiento-corporal-despues-de-la-perdida-de-peso\/","title":{"rendered":"Estiramiento corporal despu\u00e9s de la p\u00e9rdida de peso"},"content":{"rendered":"<h1>Estiramiento corporal despu\u00e9s de una p\u00e9rdida masiva de peso<\/h1>\n<p>La p\u00e9rdida de peso es un m\u00e9todo universal para mejorar la salud en general. Aquellos que logran una p\u00e9rdida de peso masiva ver\u00e1n mejoras significativas en muchas \u00e1reas, pero una decepci\u00f3n com\u00fan es la gran cantidad de piel fl\u00e1cida que queda. Un estiramiento corporal despu\u00e9s de una p\u00e9rdida masiva de peso es un men\u00fa de <a title=\"Reno NV Cirujano pl\u00e1stico de contorno corporal\" href=\"https:\/\/www.avanceplasticsurgery.com\/es\/procedimientos-cosmeticos-y-de-cirugia\/procedimientos-cosmeticos-corporales\/\">opciones de contorno corporal<\/a> para remodelar y rejuvenecer el cuerpo para una apariencia m\u00e1s peque\u00f1a y normal.<\/p>\n<p>El Dr. Erez Dayan del Instituto de Cirug\u00eda Pl\u00e1stica Avance en Reno\/Tahoe, NV, es un cirujano pl\u00e1stico cosm\u00e9tico y reconstructivo calificado que puede realizar una amplia variedad de procedimientos de cirug\u00eda pl\u00e1stica cosm\u00e9tica y reconstructiva para restaurar su cuerpo a su forma y tama\u00f1o normales despu\u00e9s de un peso enorme. p\u00e9rdida. Esta serie de opciones quir\u00fargicas personalizadas puede restaurar en gran medida su confianza en s\u00ed mismo y el orgullo por su apariencia, completando su viaje de p\u00e9rdida de peso y rejuvenecimiento personal.<\/p>\n<div class=\"row\">\n<div class=\"col-md-6\"><a href=\"https:\/\/www.youtube.com\/watch?v=XAH-igaxzsM\" target=\"_blank\" rel=\"noopener\"><img decoding=\"async\" src=\"https:\/\/www.avanceplasticsurgery.com\/wp-content\/uploads\/2024\/09\/avanceplasticsurgery-090302.png\" alt=\"Body Contouring After Weight Loss | Avance Plastic Surgery Institute: Dr. Erez Dayan | Reno, NV\" class=\"img-fluid mb-3 w-100\"><\/a><\/div>\n<div class=\"col-md-6\"><a href=\"https:\/\/www.youtube.com\/watch?v=qPI0sOTekCE\" target=\"_blank\" rel=\"noopener\"><img decoding=\"async\" src=\"https:\/\/www.avanceplasticsurgery.com\/wp-content\/uploads\/2024\/04\/qPI0sOTekCE.jpg\" alt=\"Body Lift After Weight Loss | Avance Plastic Surgery Institute: Dr. Erez Dayan | Reno\/Tahoe, NV\" class=\"img-fluid mb-3 w-100\"><\/a><\/div>\n<div class=\"col-md-6\"><button class=\"flc-yt lazyload\" data-id=\"WafVzjHx_Mw\" data-title=\"Body Lift | Dr. Erez Dayan | Avance Plastic Surgery\" data-bg=\"https:\/\/i.ytimg.com\/vi\/WafVzjHx_Mw\/hqdefault.jpg\" aria-label=\"Play video Body Lift | Dr. Erez Dayan | Avance Plastic Surgery\">  <div class=\"flc-yt__title\">Body Lift | Dr. Erez Dayan | Avance Plastic Surgery<\/div>  <span class=\"flc-yt__play\">    <svg viewBox=\"0 0 68 48\" xmlns=\"http:\/\/www.w3.org\/2000\/svg\" aria-hidden=\"true\"><path d=\"M66.5 7.8A8.5 8.5 0 0 0 60.6 2C55.3.5 34 .5 34 .5S12.7.5 7.4 2A8.5 8.5 0 0 0 1.5 7.8C0 13.1 0 24 0 24s0 10.9 1.5 16.2A8.5 8.5 0 0 0 7.4 46C12.7 47.5 34 47.5 34 47.5s21.3 0 26.6-1.5a8.5 8.5 0 0 0 5.9-5.8C68 34.9 68 24 68 24s0-10.9-1.5-16.2Z\" fill=\"#f00\"\/><path d=\"M27 34l18-10-18-10v20Z\" fill=\"#fff\"\/><\/svg>  <\/span><\/button><\/div>\n<div class=\"col-md-6\"><a href=\"https:\/\/www.youtube.com\/watch?v=2YybpSOAblo\" target=\"_blank\" rel=\"noopener\"><img decoding=\"async\" src=\"https:\/\/www.avanceplasticsurgery.com\/wp-content\/uploads\/2024\/04\/2YybpSOAblo.jpg\" alt=\"Abdominoplasty Belly Button Aesthetics | Avance Plastic Surgery: Dr. Erez Dayan | Reno, Tahoe, NV\" class=\"img-fluid mb-3 w-100\"><\/a><\/div>\n<div class=\"col-md-6\"><button class=\"flc-yt lazyload\" data-id=\"wG5_I-nn6UI\" data-title=\"Body Lift\/Contour After Weight Loss | Avance Plastic Surgery Institute: Dr. Erez Dayan | Reno, NV\" data-bg=\"https:\/\/i.ytimg.com\/vi\/wG5_I-nn6UI\/hqdefault.jpg\" aria-label=\"Play video Body Lift\/Contour After Weight Loss | Avance Plastic Surgery Institute: Dr. Erez Dayan | Reno, NV\">  <div class=\"flc-yt__title\">Body Lift\/Contour After Weight Loss | Avance Plastic Surgery Institute: Dr. Erez Dayan | Reno, NV<\/div>  <span class=\"flc-yt__play\">    <svg viewBox=\"0 0 68 48\" xmlns=\"http:\/\/www.w3.org\/2000\/svg\" aria-hidden=\"true\"><path d=\"M66.5 7.8A8.5 8.5 0 0 0 60.6 2C55.3.5 34 .5 34 .5S12.7.5 7.4 2A8.5 8.5 0 0 0 1.5 7.8C0 13.1 0 24 0 24s0 10.9 1.5 16.2A8.5 8.5 0 0 0 7.4 46C12.7 47.5 34 47.5 34 47.5s21.3 0 26.6-1.5a8.5 8.5 0 0 0 5.9-5.8C68 34.9 68 24 68 24s0-10.9-1.5-16.2Z\" fill=\"#f00\"\/><path d=\"M27 34l18-10-18-10v20Z\" fill=\"#fff\"\/><\/svg>  <\/span><\/button><\/div>\n<\/div>\n<h2>Men\u00fa de opciones de contorno corporal en Reno\/Tahoe<\/h2>\n<p>Cada paciente experimentar\u00e1 resultados diferentes despu\u00e9s de una p\u00e9rdida de peso masiva y, por lo tanto, cada paciente requerir\u00e1 un plan de tratamiento personalizado con opciones individualizadas para el contorno corporal. Entre las opciones comunes para un lifting corporal completo se encuentran:<\/p>\n<ul>\n<li>Estiramiento facial<\/li>\n<li>Estiramiento de cuello<\/li>\n<li>Levantamiento\/Aumento de Senos<\/li>\n<li>Levantamiento de brazos<\/li>\n<li>Elevaci\u00f3n de espalda (superior o inferior)<\/li>\n<li>Abdominoplastia\/Abdominoplastia<\/li>\n<li>Monsplastia\/Lifting p\u00fabico<\/li>\n<li>Levantamiento de muslos<\/li>\n<li>liposucci\u00f3n<\/li>\n<li>injerto de grasa<\/li>\n<\/ul>\n<p>Estos procedimientos se pueden combinar en unos pocos procedimientos que aborden diferentes regiones del cuerpo y requerir\u00e1n tiempo de recuperaci\u00f3n entre cada serie de cirug\u00edas. El Dr. Dayan trazar\u00e1 su plan de tratamiento personalizado y un cronograma propuesto como parte de una consulta confidencial en nuestra oficina de Reno\/Tahoe.<\/p>\n<p>Ha trabajado duro para perder peso y ha dado grandes pasos hacia una mejor salud. El Dr. Erez Dayan y el Instituto de Cirug\u00eda Pl\u00e1stica Avance pueden ayudarlo a completar su viaje hacia un nuevo yo con opciones de cirug\u00eda de estiramiento corporal. Elegir un cirujano pl\u00e1stico cosm\u00e9tico y reconstructivo y el equipo est\u00e9tico superior del Instituto de Cirug\u00eda Pl\u00e1stica Avance producir\u00e1 resultados m\u00e1s all\u00e1 de sus expectativas. <a title=\"P\u00f3ngase en contacto con el Instituto de Cirug\u00eda Pl\u00e1stica Avance en Reno NV\" href=\"https:\/\/www.avanceplasticsurgery.com\/es\/contactenos\/\">P\u00f3ngase en contacto con nuestra oficina<\/a> hoy para una consulta de estiramiento corporal con el Dr. Dayan.<\/p>\n<h3>Programa de mantenimiento<\/h3>\n<p>El <a href=\"https:\/\/www.avanceplasticsurgery.com\/es\/acerca-de\/programa-de-mantenimiento\/\">programa de mantenimiento<\/a> en Avance Plastic Surgery Institute est\u00e1 dise\u00f1ado para ofrecer a los pacientes una forma conveniente de continuar viendo los beneficios de nuestros tratamientos durante el mayor tiempo posible.<\/p>\n<p>Para mantener los resultados de los procedimientos de contorno corporal, recomendamos tratamientos no invasivos y m\u00ednimamente invasivos con los siguientes dispositivos:<\/p>\n<ul>\n<li>Forma Body (InMode)<\/li>\n<li>Morpheus 8 Body (InMode)<\/li>\n<li>Evolve<\/li>\n<\/ul>\n","protected":false},"excerpt":{"rendered":"<p>Estiramiento corporal despu\u00e9s de una p\u00e9rdida masiva de peso La p\u00e9rdida de peso es un m\u00e9todo universal para mejorar&hellip;<\/p>\n","protected":false},"author":1,"featured_media":0,"parent":8791,"menu_order":0,"comment_status":"closed","ping_status":"closed","template":"","meta":{"_acf_changed":false,"footnotes":""},"class_list":["post-8845","page","type-page","status-publish"],"acf":[],"yoast_head":"<!-- This site is optimized with the Yoast SEO plugin v25.6 - https:\/\/yoast.com\/wordpress\/plugins\/seo\/ -->\n<title>Reno NV Body Lift despu\u00e9s de una p\u00e9rdida masiva de peso | Lago Tahoe<\/title>\n<meta name=\"description\" content=\"Un lifting corporal despu\u00e9s de una p\u00e9rdida masiva de peso es un verdadero men\u00fa de opciones quir\u00fargicas para restaurar su cuerpo a la normalidad despu\u00e9s de perder mucho peso. El Dr. Erez Dayan del Instituto de Cirug\u00eda Pl\u00e1stica Avance en Reno, NV, puede personalizar un plan de tratamiento quir\u00fargico para abordar sus necesidades espec\u00edficas.\" \/>\n<meta name=\"robots\" content=\"index, follow, max-snippet:-1, max-image-preview:large, max-video-preview:-1\" \/>\n<link rel=\"canonical\" href=\"https:\/\/www.avanceplasticsurgery.com\/es\/procedimientos-cosmeticos-y-de-cirugia\/procedimientos-cosmeticos-corporales\/estiramiento-corporal-despues-de-la-perdida-de-peso\/\" \/>\n<meta property=\"og:locale\" content=\"es_ES\" \/>\n<meta property=\"og:type\" content=\"article\" \/>\n<meta property=\"og:title\" content=\"Reno NV Body Lift despu\u00e9s de una p\u00e9rdida masiva de peso | Lago Tahoe\" \/>\n<meta property=\"og:description\" content=\"Un lifting corporal despu\u00e9s de una p\u00e9rdida masiva de peso es un verdadero men\u00fa de opciones quir\u00fargicas para restaurar su cuerpo a la normalidad despu\u00e9s de perder mucho peso. El Dr. Erez Dayan del Instituto de Cirug\u00eda Pl\u00e1stica Avance en Reno, NV, puede personalizar un plan de tratamiento quir\u00fargico para abordar sus necesidades espec\u00edficas.\" \/>\n<meta property=\"og:url\" content=\"https:\/\/www.avanceplasticsurgery.com\/es\/procedimientos-cosmeticos-y-de-cirugia\/procedimientos-cosmeticos-corporales\/estiramiento-corporal-despues-de-la-perdida-de-peso\/\" \/>\n<meta property=\"og:site_name\" content=\"Avance Plastic Surgery\" \/>\n<meta property=\"article:modified_time\" content=\"2024-09-04T12:09:22+00:00\" \/>\n<meta property=\"og:image\" content=\"https:\/\/www.avanceplasticsurgery.com\/wp-content\/uploads\/2024\/09\/avanceplasticsurgery-090302.png\" \/>\n<meta name=\"twitter:card\" content=\"summary_large_image\" \/>\n<meta name=\"twitter:label1\" content=\"Tiempo de lectura\" \/>\n\t<meta name=\"twitter:data1\" content=\"2 minutos\" \/>\n<!-- \/ Yoast SEO plugin. -->","yoast_head_json":{"title":"Reno NV Body Lift despu\u00e9s de una p\u00e9rdida masiva de peso | Lago Tahoe","description":"Un lifting corporal despu\u00e9s de una p\u00e9rdida masiva de peso es un verdadero men\u00fa de opciones quir\u00fargicas para restaurar su cuerpo a la normalidad despu\u00e9s de perder mucho peso. El Dr. Erez Dayan del Instituto de Cirug\u00eda Pl\u00e1stica Avance en Reno, NV, puede personalizar un plan de tratamiento quir\u00fargico para abordar sus necesidades espec\u00edficas.","robots":{"index":"index","follow":"follow","max-snippet":"max-snippet:-1","max-image-preview":"max-image-preview:large","max-video-preview":"max-video-preview:-1"},"canonical":"https:\/\/www.avanceplasticsurgery.com\/es\/procedimientos-cosmeticos-y-de-cirugia\/procedimientos-cosmeticos-corporales\/estiramiento-corporal-despues-de-la-perdida-de-peso\/","og_locale":"es_ES","og_type":"article","og_title":"Reno NV Body Lift despu\u00e9s de una p\u00e9rdida masiva de peso | Lago Tahoe","og_description":"Un lifting corporal despu\u00e9s de una p\u00e9rdida masiva de peso es un verdadero men\u00fa de opciones quir\u00fargicas para restaurar su cuerpo a la normalidad despu\u00e9s de perder mucho peso. El Dr. Erez Dayan del Instituto de Cirug\u00eda Pl\u00e1stica Avance en Reno, NV, puede personalizar un plan de tratamiento quir\u00fargico para abordar sus necesidades espec\u00edficas.","og_url":"https:\/\/www.avanceplasticsurgery.com\/es\/procedimientos-cosmeticos-y-de-cirugia\/procedimientos-cosmeticos-corporales\/estiramiento-corporal-despues-de-la-perdida-de-peso\/","og_site_name":"Avance Plastic Surgery","article_modified_time":"2024-09-04T12:09:22+00:00","og_image":[{"url":"https:\/\/www.avanceplasticsurgery.com\/wp-content\/uploads\/2024\/09\/avanceplasticsurgery-090302.png","type":"","width":"","height":""}],"twitter_card":"summary_large_image","twitter_misc":{"Tiempo de lectura":"2 minutos"},"schema":{"@context":"https:\/\/schema.org","@graph":[{"@type":"WebPage","@id":"https:\/\/www.avanceplasticsurgery.com\/es\/procedimientos-cosmeticos-y-de-cirugia\/procedimientos-cosmeticos-corporales\/estiramiento-corporal-despues-de-la-perdida-de-peso\/","url":"https:\/\/www.avanceplasticsurgery.com\/es\/procedimientos-cosmeticos-y-de-cirugia\/procedimientos-cosmeticos-corporales\/estiramiento-corporal-despues-de-la-perdida-de-peso\/","name":"Reno NV Body Lift despu\u00e9s de una p\u00e9rdida masiva de peso | Lago Tahoe","isPartOf":{"@id":"https:\/\/www.avanceplasticsurgery.com\/es\/#website"},"primaryImageOfPage":{"@id":"https:\/\/www.avanceplasticsurgery.com\/es\/procedimientos-cosmeticos-y-de-cirugia\/procedimientos-cosmeticos-corporales\/estiramiento-corporal-despues-de-la-perdida-de-peso\/#primaryimage"},"image":{"@id":"https:\/\/www.avanceplasticsurgery.com\/es\/procedimientos-cosmeticos-y-de-cirugia\/procedimientos-cosmeticos-corporales\/estiramiento-corporal-despues-de-la-perdida-de-peso\/#primaryimage"},"thumbnailUrl":"https:\/\/www.avanceplasticsurgery.com\/wp-content\/uploads\/2024\/09\/avanceplasticsurgery-090302.png","datePublished":"2020-09-11T07:55:34+00:00","dateModified":"2024-09-04T12:09:22+00:00","description":"Un lifting corporal despu\u00e9s de una p\u00e9rdida masiva de peso es un verdadero men\u00fa de opciones quir\u00fargicas para restaurar su cuerpo a la normalidad despu\u00e9s de perder mucho peso. El Dr. Erez Dayan del Instituto de Cirug\u00eda Pl\u00e1stica Avance en Reno, NV, puede personalizar un plan de tratamiento quir\u00fargico para abordar sus necesidades espec\u00edficas.","breadcrumb":{"@id":"https:\/\/www.avanceplasticsurgery.com\/es\/procedimientos-cosmeticos-y-de-cirugia\/procedimientos-cosmeticos-corporales\/estiramiento-corporal-despues-de-la-perdida-de-peso\/#breadcrumb"},"inLanguage":"es","potentialAction":[{"@type":"ReadAction","target":["https:\/\/www.avanceplasticsurgery.com\/es\/procedimientos-cosmeticos-y-de-cirugia\/procedimientos-cosmeticos-corporales\/estiramiento-corporal-despues-de-la-perdida-de-peso\/"]}]},{"@type":"ImageObject","inLanguage":"es","@id":"https:\/\/www.avanceplasticsurgery.com\/es\/procedimientos-cosmeticos-y-de-cirugia\/procedimientos-cosmeticos-corporales\/estiramiento-corporal-despues-de-la-perdida-de-peso\/#primaryimage","url":"https:\/\/www.avanceplasticsurgery.com\/wp-content\/uploads\/2024\/09\/avanceplasticsurgery-090302.png","contentUrl":"https:\/\/www.avanceplasticsurgery.com\/wp-content\/uploads\/2024\/09\/avanceplasticsurgery-090302.png"},{"@type":"BreadcrumbList","@id":"https:\/\/www.avanceplasticsurgery.com\/es\/procedimientos-cosmeticos-y-de-cirugia\/procedimientos-cosmeticos-corporales\/estiramiento-corporal-despues-de-la-perdida-de-peso\/#breadcrumb","itemListElement":[{"@type":"ListItem","position":1,"name":"Home","item":"https:\/\/www.avanceplasticsurgery.com\/es\/"},{"@type":"ListItem","position":2,"name":"Cosm\u00e9tica","item":"https:\/\/www.avanceplasticsurgery.com\/es\/procedimientos-cosmeticos-y-de-cirugia\/"},{"@type":"ListItem","position":3,"name":"Procedimientos Cosm\u00e9ticos Corporales","item":"https:\/\/www.avanceplasticsurgery.com\/es\/procedimientos-cosmeticos-y-de-cirugia\/procedimientos-cosmeticos-corporales\/"},{"@type":"ListItem","position":4,"name":"Estiramiento corporal despu\u00e9s de la p\u00e9rdida de peso"}]},{"@type":"WebSite","@id":"https:\/\/www.avanceplasticsurgery.com\/es\/#website","url":"https:\/\/www.avanceplasticsurgery.com\/es\/","name":"Avance Plastic Surgery","description":"","potentialAction":[{"@type":"SearchAction","target":{"@type":"EntryPoint","urlTemplate":"https:\/\/www.avanceplasticsurgery.com\/es\/?s={search_term_string}"},"query-input":{"@type":"PropertyValueSpecification","valueRequired":true,"valueName":"search_term_string"}}],"inLanguage":"es"}]}},"_links":{"self":[{"href":"https:\/\/www.avanceplasticsurgery.com\/es\/wp-json\/wp\/v2\/pages\/8845","targetHints":{"allow":["GET"]}}],"collection":[{"href":"https:\/\/www.avanceplasticsurgery.com\/es\/wp-json\/wp\/v2\/pages"}],"about":[{"href":"https:\/\/www.avanceplasticsurgery.com\/es\/wp-json\/wp\/v2\/types\/page"}],"author":[{"embeddable":true,"href":"https:\/\/www.avanceplasticsurgery.com\/es\/wp-json\/wp\/v2\/users\/1"}],"replies":[{"embeddable":true,"href":"https:\/\/www.avanceplasticsurgery.com\/es\/wp-json\/wp\/v2\/comments?post=8845"}],"version-history":[{"count":3,"href":"https:\/\/www.avanceplasticsurgery.com\/es\/wp-json\/wp\/v2\/pages\/8845\/revisions"}],"predecessor-version":[{"id":11409,"href":"https:\/\/www.avanceplasticsurgery.com\/es\/wp-json\/wp\/v2\/pages\/8845\/revisions\/11409"}],"up":[{"embeddable":true,"href":"https:\/\/www.avanceplasticsurgery.com\/es\/wp-json\/wp\/v2\/pages\/8791"}],"wp:attachment":[{"href":"https:\/\/www.avanceplasticsurgery.com\/es\/wp-json\/wp\/v2\/media?parent=8845"}],"curies":[{"name":"wp","href":"https:\/\/api.w.org\/{rel}","templated":true}]}}