{"id":8847,"date":"2020-09-15T20:23:20","date_gmt":"2020-09-15T20:23:20","guid":{"rendered":"https:\/\/www.avanceplasticsurgery.com\/procedimientos-cosmeticos-y-de-cirugia\/procedimientos-cosmeticos-corporales\/body-lift-post-cirugia-bariatrica\/"},"modified":"2023-01-02T09:07:30","modified_gmt":"2023-01-02T09:07:30","slug":"body-lift-post-cirugia-bariatrica","status":"publish","type":"page","link":"https:\/\/www.avanceplasticsurgery.com\/es\/procedimientos-cosmeticos-y-de-cirugia\/procedimientos-cosmeticos-corporales\/body-lift-post-cirugia-bariatrica\/","title":{"rendered":"Body Lift Post Cirug\u00eda Bari\u00e1trica"},"content":{"rendered":"<h1>Body Lift Post Cirug\u00eda Bari\u00e1trica<\/h1>\n<p>Los procedimientos modernos de p\u00e9rdida de peso brindan a los pacientes los medios para controlar su dieta y perder peso para recuperar su salud, pero la piel fl\u00e1cida que generalmente queda presenta un nuevo desaf\u00edo. Esta piel estirada y ca\u00edda nubla la apariencia que deseas de tu p\u00e9rdida de peso. Un lifting corporal poscirug\u00eda bari\u00e1trica puede abordar las \u00e1reas de exceso de piel y tejido para completar su <a title=\"Reno NV Cirujano pl\u00e1stico de contorno corporal\" href=\"https:\/\/www.avanceplasticsurgery.com\/es\/procedimientos-cosmeticos-y-de-cirugia\/procedimientos-cosmeticos-corporales\/\">rejuvenecimiento est\u00e9tico personal<\/a> .<\/p>\n<p>El Dr. Erez Dayan es un cirujano pl\u00e1stico y reconstructivo cosm\u00e9tico educado en Harvard y capacitado como becario, cuya experiencia es conocida en todo el mundo. \u00c9l y su equipo de est\u00e9tica del Instituto de Cirug\u00eda Pl\u00e1stica Avance en Reno\/Tahoe pueden realizar un procedimiento de estiramiento corporal personalizado para eliminar el exceso de piel y lograr una apariencia m\u00e1s suave, peque\u00f1a y saludable.<\/p>\n<p>El estiramiento corporal com\u00fan poscirug\u00eda bari\u00e1trica es un estiramiento de la parte inferior del cuerpo, que trata principalmente el abdomen, los gl\u00fateos, la espalda y los muslos. Estas \u00e1reas est\u00e1n contorneadas y tersas para una apariencia m\u00e1s joven y suave. Algunos pacientes tambi\u00e9n eligen un estiramiento de la parte superior del cuerpo, que trata el t\u00f3rax, los senos y la parte media de la espalda. El Dr. Dayan puede discutir qu\u00e9 opci\u00f3n se adapta mejor a sus necesidades en una consulta privada.<\/p>\n<div><button class=\"flc-yt lazyload\" data-id=\"WafVzjHx_Mw\" data-title=\"Body Lift | Dr. Erez Dayan | Avance Plastic Surgery\" data-bg=\"https:\/\/i.ytimg.com\/vi\/WafVzjHx_Mw\/hqdefault.jpg\" aria-label=\"Play video Body Lift | Dr. Erez Dayan | Avance Plastic Surgery\">  <div class=\"flc-yt__title\">Body Lift | Dr. Erez Dayan | Avance Plastic Surgery<\/div>  <span class=\"flc-yt__play\">    <svg viewBox=\"0 0 68 48\" xmlns=\"http:\/\/www.w3.org\/2000\/svg\" aria-hidden=\"true\"><path d=\"M66.5 7.8A8.5 8.5 0 0 0 60.6 2C55.3.5 34 .5 34 .5S12.7.5 7.4 2A8.5 8.5 0 0 0 1.5 7.8C0 13.1 0 24 0 24s0 10.9 1.5 16.2A8.5 8.5 0 0 0 7.4 46C12.7 47.5 34 47.5 34 47.5s21.3 0 26.6-1.5a8.5 8.5 0 0 0 5.9-5.8C68 34.9 68 24 68 24s0-10.9-1.5-16.2Z\" fill=\"#f00\"\/><path d=\"M27 34l18-10-18-10v20Z\" fill=\"#fff\"\/><\/svg>  <\/span><\/button><\/div>\n<h2>Estiramiento de la parte superior o inferior del cuerpo en Reno\/Tahoe, NV<\/h2>\n<p>Una cirug\u00eda de estiramiento de la parte superior o inferior del cuerpo del Dr. Dayan en el Instituto de Cirug\u00eda Pl\u00e1stica Avance puede restaurar su cuerpo a una est\u00e9tica m\u00e1s delgada, recortada y saludable para completar su viaje de p\u00e9rdida de peso. Los candidatos para un lifting corporal poscirug\u00eda bari\u00e1trica se han recuperado con \u00e9xito de la cirug\u00eda bari\u00e1trica, han perdido grandes cantidades de peso y han adoptado un estilo de vida saludable con dieta y ejercicio para mantener la p\u00e9rdida de peso. Para obtener resultados \u00f3ptimos, debe tener al menos 3 a 6 meses despu\u00e9s de la cirug\u00eda para permitir una curaci\u00f3n adecuada y h\u00e1bitos saludables.<\/p>\n<p>El Dr. Dayan puede eliminar el exceso de piel y tejido y tensar otras \u00e1reas circundantes en las regiones donde su cuerpo necesita atenci\u00f3n con un estiramiento de la parte superior o inferior del cuerpo. A veces, se recomiendan tanto la parte superior como la inferior; sin embargo, a menudo se requiere tiempo entre los procedimientos para permitir la curaci\u00f3n y la recuperaci\u00f3n. El Dr. Dayan compartir\u00e1 sus recomendaciones durante una consulta privada que incluye un examen f\u00edsico, as\u00ed como una discusi\u00f3n detallada de sus deseos y metas.<\/p>\n<p>Para la cirug\u00eda de estiramiento corporal despu\u00e9s de la cirug\u00eda bari\u00e1trica y la p\u00e9rdida de peso, conf\u00ede en el Dr. Erez Dayan y el Instituto de Cirug\u00eda Pl\u00e1stica Avance en Reno\/Tahoe, NV, para completar su odisea hacia una mejor salud y una mejor apariencia. <a title=\"P\u00f3ngase en contacto con el Instituto de Cirug\u00eda Pl\u00e1stica Avance en Reno NV\" href=\"https:\/\/www.avanceplasticsurgery.com\/es\/contactenos\/\">Cont\u00e1ctenos<\/a> hoy para programar una consulta. Tambi\u00e9n ofrecemos consultas virtuales para quienes viven lejos de nuestro instituto en Reno\/Tahoe, NV.<\/p>\n<h3>Programa de mantenimiento<\/h3>\n<p>El <a href=\"https:\/\/www.avanceplasticsurgery.com\/es\/acerca-de\/programa-de-mantenimiento\/\">programa de mantenimiento<\/a> en Avance Plastic Surgery Institute est\u00e1 dise\u00f1ado para ofrecer a los pacientes una forma conveniente de continuar viendo los beneficios de nuestros tratamientos durante el mayor tiempo posible.<\/p>\n<p>Para mantener los resultados de los procedimientos de contorno corporal, recomendamos tratamientos no invasivos y m\u00ednimamente invasivos con los siguientes dispositivos:<\/p>\n<ul>\n<li>Forma Body (InMode)<\/li>\n<li>Morpheus 8 Body (InMode)<\/li>\n<li>Evolve<\/li>\n<\/ul>\n","protected":false},"excerpt":{"rendered":"<p>Body Lift Post Cirug\u00eda Bari\u00e1trica Los procedimientos modernos de p\u00e9rdida de peso brindan a los pacientes los medios para&hellip;<\/p>\n","protected":false},"author":1,"featured_media":0,"parent":8791,"menu_order":0,"comment_status":"closed","ping_status":"closed","template":"","meta":{"_acf_changed":false,"footnotes":""},"class_list":["post-8847","page","type-page","status-publish"],"acf":[],"yoast_head":"<!-- This site is optimized with the Yoast SEO plugin v25.6 - https:\/\/yoast.com\/wordpress\/plugins\/seo\/ -->\n<title>Reno NV Body Lift Post Cirug\u00eda bari\u00e1trica | Cirug\u00eda Pl\u00e1stica en el Lago Tahoe<\/title>\n<meta name=\"description\" content=\"Un estiramiento corporal realizado despu\u00e9s de una cirug\u00eda bari\u00e1trica, generalmente un estiramiento de la parte superior o inferior del cuerpo, puede eliminar el exceso de piel y tejido mientras se aprieta la piel restante para completar su proceso de p\u00e9rdida de peso y est\u00e9tica. Llame al Instituto de Cirug\u00eda Pl\u00e1stica Avance en Reno, NV, para una consulta.\" \/>\n<meta name=\"robots\" content=\"index, follow, max-snippet:-1, max-image-preview:large, max-video-preview:-1\" \/>\n<link rel=\"canonical\" href=\"https:\/\/www.avanceplasticsurgery.com\/es\/procedimientos-cosmeticos-y-de-cirugia\/procedimientos-cosmeticos-corporales\/body-lift-post-cirugia-bariatrica\/\" \/>\n<meta property=\"og:locale\" content=\"es_ES\" \/>\n<meta property=\"og:type\" content=\"article\" \/>\n<meta property=\"og:title\" content=\"Reno NV Body Lift Post Cirug\u00eda bari\u00e1trica | Cirug\u00eda Pl\u00e1stica en el Lago Tahoe\" \/>\n<meta property=\"og:description\" content=\"Un estiramiento corporal realizado despu\u00e9s de una cirug\u00eda bari\u00e1trica, generalmente un estiramiento de la parte superior o inferior del cuerpo, puede eliminar el exceso de piel y tejido mientras se aprieta la piel restante para completar su proceso de p\u00e9rdida de peso y est\u00e9tica. Llame al Instituto de Cirug\u00eda Pl\u00e1stica Avance en Reno, NV, para una consulta.\" \/>\n<meta property=\"og:url\" content=\"https:\/\/www.avanceplasticsurgery.com\/es\/procedimientos-cosmeticos-y-de-cirugia\/procedimientos-cosmeticos-corporales\/body-lift-post-cirugia-bariatrica\/\" \/>\n<meta property=\"og:site_name\" content=\"Avance Plastic Surgery\" \/>\n<meta property=\"article:modified_time\" content=\"2023-01-02T09:07:30+00:00\" \/>\n<meta name=\"twitter:card\" content=\"summary_large_image\" \/>\n<meta name=\"twitter:label1\" content=\"Tiempo de lectura\" \/>\n\t<meta name=\"twitter:data1\" content=\"3 minutos\" \/>\n<!-- \/ Yoast SEO plugin. -->","yoast_head_json":{"title":"Reno NV Body Lift Post Cirug\u00eda bari\u00e1trica | Cirug\u00eda Pl\u00e1stica en el Lago Tahoe","description":"Un estiramiento corporal realizado despu\u00e9s de una cirug\u00eda bari\u00e1trica, generalmente un estiramiento de la parte superior o inferior del cuerpo, puede eliminar el exceso de piel y tejido mientras se aprieta la piel restante para completar su proceso de p\u00e9rdida de peso y est\u00e9tica. Llame al Instituto de Cirug\u00eda Pl\u00e1stica Avance en Reno, NV, para una consulta.","robots":{"index":"index","follow":"follow","max-snippet":"max-snippet:-1","max-image-preview":"max-image-preview:large","max-video-preview":"max-video-preview:-1"},"canonical":"https:\/\/www.avanceplasticsurgery.com\/es\/procedimientos-cosmeticos-y-de-cirugia\/procedimientos-cosmeticos-corporales\/body-lift-post-cirugia-bariatrica\/","og_locale":"es_ES","og_type":"article","og_title":"Reno NV Body Lift Post Cirug\u00eda bari\u00e1trica | Cirug\u00eda Pl\u00e1stica en el Lago Tahoe","og_description":"Un estiramiento corporal realizado despu\u00e9s de una cirug\u00eda bari\u00e1trica, generalmente un estiramiento de la parte superior o inferior del cuerpo, puede eliminar el exceso de piel y tejido mientras se aprieta la piel restante para completar su proceso de p\u00e9rdida de peso y est\u00e9tica. Llame al Instituto de Cirug\u00eda Pl\u00e1stica Avance en Reno, NV, para una consulta.","og_url":"https:\/\/www.avanceplasticsurgery.com\/es\/procedimientos-cosmeticos-y-de-cirugia\/procedimientos-cosmeticos-corporales\/body-lift-post-cirugia-bariatrica\/","og_site_name":"Avance Plastic Surgery","article_modified_time":"2023-01-02T09:07:30+00:00","twitter_card":"summary_large_image","twitter_misc":{"Tiempo de lectura":"3 minutos"},"schema":{"@context":"https:\/\/schema.org","@graph":[{"@type":"WebPage","@id":"https:\/\/www.avanceplasticsurgery.com\/es\/procedimientos-cosmeticos-y-de-cirugia\/procedimientos-cosmeticos-corporales\/body-lift-post-cirugia-bariatrica\/","url":"https:\/\/www.avanceplasticsurgery.com\/es\/procedimientos-cosmeticos-y-de-cirugia\/procedimientos-cosmeticos-corporales\/body-lift-post-cirugia-bariatrica\/","name":"Reno NV Body Lift Post Cirug\u00eda bari\u00e1trica | Cirug\u00eda Pl\u00e1stica en el Lago Tahoe","isPartOf":{"@id":"https:\/\/www.avanceplasticsurgery.com\/es\/#website"},"datePublished":"2020-09-15T20:23:20+00:00","dateModified":"2023-01-02T09:07:30+00:00","description":"Un estiramiento corporal realizado despu\u00e9s de una cirug\u00eda bari\u00e1trica, generalmente un estiramiento de la parte superior o inferior del cuerpo, puede eliminar el exceso de piel y tejido mientras se aprieta la piel restante para completar su proceso de p\u00e9rdida de peso y est\u00e9tica. Llame al Instituto de Cirug\u00eda Pl\u00e1stica Avance en Reno, NV, para una consulta.","breadcrumb":{"@id":"https:\/\/www.avanceplasticsurgery.com\/es\/procedimientos-cosmeticos-y-de-cirugia\/procedimientos-cosmeticos-corporales\/body-lift-post-cirugia-bariatrica\/#breadcrumb"},"inLanguage":"es","potentialAction":[{"@type":"ReadAction","target":["https:\/\/www.avanceplasticsurgery.com\/es\/procedimientos-cosmeticos-y-de-cirugia\/procedimientos-cosmeticos-corporales\/body-lift-post-cirugia-bariatrica\/"]}]},{"@type":"BreadcrumbList","@id":"https:\/\/www.avanceplasticsurgery.com\/es\/procedimientos-cosmeticos-y-de-cirugia\/procedimientos-cosmeticos-corporales\/body-lift-post-cirugia-bariatrica\/#breadcrumb","itemListElement":[{"@type":"ListItem","position":1,"name":"Home","item":"https:\/\/www.avanceplasticsurgery.com\/es\/"},{"@type":"ListItem","position":2,"name":"Cosm\u00e9tica","item":"https:\/\/www.avanceplasticsurgery.com\/es\/procedimientos-cosmeticos-y-de-cirugia\/"},{"@type":"ListItem","position":3,"name":"Procedimientos Cosm\u00e9ticos Corporales","item":"https:\/\/www.avanceplasticsurgery.com\/es\/procedimientos-cosmeticos-y-de-cirugia\/procedimientos-cosmeticos-corporales\/"},{"@type":"ListItem","position":4,"name":"Body Lift Post Cirug\u00eda Bari\u00e1trica"}]},{"@type":"WebSite","@id":"https:\/\/www.avanceplasticsurgery.com\/es\/#website","url":"https:\/\/www.avanceplasticsurgery.com\/es\/","name":"Avance Plastic Surgery","description":"","potentialAction":[{"@type":"SearchAction","target":{"@type":"EntryPoint","urlTemplate":"https:\/\/www.avanceplasticsurgery.com\/es\/?s={search_term_string}"},"query-input":{"@type":"PropertyValueSpecification","valueRequired":true,"valueName":"search_term_string"}}],"inLanguage":"es"}]}},"_links":{"self":[{"href":"https:\/\/www.avanceplasticsurgery.com\/es\/wp-json\/wp\/v2\/pages\/8847","targetHints":{"allow":["GET"]}}],"collection":[{"href":"https:\/\/www.avanceplasticsurgery.com\/es\/wp-json\/wp\/v2\/pages"}],"about":[{"href":"https:\/\/www.avanceplasticsurgery.com\/es\/wp-json\/wp\/v2\/types\/page"}],"author":[{"embeddable":true,"href":"https:\/\/www.avanceplasticsurgery.com\/es\/wp-json\/wp\/v2\/users\/1"}],"replies":[{"embeddable":true,"href":"https:\/\/www.avanceplasticsurgery.com\/es\/wp-json\/wp\/v2\/comments?post=8847"}],"version-history":[{"count":2,"href":"https:\/\/www.avanceplasticsurgery.com\/es\/wp-json\/wp\/v2\/pages\/8847\/revisions"}],"predecessor-version":[{"id":10078,"href":"https:\/\/www.avanceplasticsurgery.com\/es\/wp-json\/wp\/v2\/pages\/8847\/revisions\/10078"}],"up":[{"embeddable":true,"href":"https:\/\/www.avanceplasticsurgery.com\/es\/wp-json\/wp\/v2\/pages\/8791"}],"wp:attachment":[{"href":"https:\/\/www.avanceplasticsurgery.com\/es\/wp-json\/wp\/v2\/media?parent=8847"}],"curies":[{"name":"wp","href":"https:\/\/api.w.org\/{rel}","templated":true}]}}