{"id":8849,"date":"2020-09-15T20:31:48","date_gmt":"2020-09-15T20:31:48","guid":{"rendered":"https:\/\/www.avanceplasticsurgery.com\/procedimientos-cosmeticos-y-de-cirugia\/procedimientos-cosmeticos-corporales\/levantamiento-de-gluteos-brasileno\/"},"modified":"2023-01-02T09:00:34","modified_gmt":"2023-01-02T09:00:34","slug":"levantamiento-de-gluteos-brasileno","status":"publish","type":"page","link":"https:\/\/www.avanceplasticsurgery.com\/es\/procedimientos-cosmeticos-y-de-cirugia\/procedimientos-cosmeticos-corporales\/levantamiento-de-gluteos-brasileno\/","title":{"rendered":"Levantamiento de gl\u00fateos brasile\u00f1o"},"content":{"rendered":"<h1>Cirug\u00eda de levantamiento de gl\u00fateos brasile\u00f1o<\/h1>\n<p>El levantamiento de gl\u00fateos brasile\u00f1o, o injerto de grasa en los gl\u00fateos, se ha convertido en uno de los <a title=\"Reno NV Cirujano pl\u00e1stico de contorno corporal\" href=\"https:\/\/www.avanceplasticsurgery.com\/es\/procedimientos-cosmeticos-y-de-cirugia\/procedimientos-cosmeticos-corporales\/\">procedimientos de contorno corporal<\/a> m\u00e1s populares en la cirug\u00eda pl\u00e1stica. Muchas celebridades con cinturas delgadas, gl\u00fateos redondos y caderas curvas se han sometido a cirug\u00eda est\u00e9tica para lograr esa apariencia atractiva y ultrafemenina. El Dr. Dayan ha realizado algunas de las investigaciones hist\u00f3ricas con los l\u00edderes mundiales de la cirug\u00eda de levantamiento de gl\u00fateos brasile\u00f1o para optimizar los resultados y la seguridad proporcionados ideales.<\/p>\n<div class=\"row\">\n<div class=\"col-md-6\"><button class=\"flc-yt lazyload\" data-id=\"wnE8aDq1bSE\" data-title=\"Reno NV Lipo 360 | Cirujano pl\u00e1stico de levantamiento de gl\u00fateos brasile\u00f1o (BBL) del norte de Nevada | Lago Tahoe\" data-bg=\"https:\/\/i.ytimg.com\/vi\/wnE8aDq1bSE\/hqdefault.jpg\" aria-label=\"Play video Reno NV Lipo 360 | Cirujano pl\u00e1stico de levantamiento de gl\u00fateos brasile\u00f1o (BBL) del norte de Nevada | Lago Tahoe\">  <div class=\"flc-yt__title\">Reno NV Lipo 360 | Cirujano pl\u00e1stico de levantamiento de gl\u00fateos brasile\u00f1o (BBL) del norte de Nevada | Lago Tahoe<\/div>  <span class=\"flc-yt__play\">    <svg viewBox=\"0 0 68 48\" xmlns=\"http:\/\/www.w3.org\/2000\/svg\" aria-hidden=\"true\"><path d=\"M66.5 7.8A8.5 8.5 0 0 0 60.6 2C55.3.5 34 .5 34 .5S12.7.5 7.4 2A8.5 8.5 0 0 0 1.5 7.8C0 13.1 0 24 0 24s0 10.9 1.5 16.2A8.5 8.5 0 0 0 7.4 46C12.7 47.5 34 47.5 34 47.5s21.3 0 26.6-1.5a8.5 8.5 0 0 0 5.9-5.8C68 34.9 68 24 68 24s0-10.9-1.5-16.2Z\" fill=\"#f00\"\/><path d=\"M27 34l18-10-18-10v20Z\" fill=\"#fff\"\/><\/svg>  <\/span><\/button><\/div>\n<div class=\"col-md-6\"><button class=\"flc-yt lazyload\" data-id=\"taAeuS2u5zc\" data-title=\"Levantamiento de gl\u00fateos brasile\u00f1o antes y despu\u00e9s\" data-bg=\"https:\/\/i.ytimg.com\/vi\/taAeuS2u5zc\/hqdefault.jpg\" aria-label=\"Play video Levantamiento de gl\u00fateos brasile\u00f1o antes y despu\u00e9s\">  <div class=\"flc-yt__title\">Levantamiento de gl\u00fateos brasile\u00f1o antes y despu\u00e9s<\/div>  <span class=\"flc-yt__play\">    <svg viewBox=\"0 0 68 48\" xmlns=\"http:\/\/www.w3.org\/2000\/svg\" aria-hidden=\"true\"><path d=\"M66.5 7.8A8.5 8.5 0 0 0 60.6 2C55.3.5 34 .5 34 .5S12.7.5 7.4 2A8.5 8.5 0 0 0 1.5 7.8C0 13.1 0 24 0 24s0 10.9 1.5 16.2A8.5 8.5 0 0 0 7.4 46C12.7 47.5 34 47.5 34 47.5s21.3 0 26.6-1.5a8.5 8.5 0 0 0 5.9-5.8C68 34.9 68 24 68 24s0-10.9-1.5-16.2Z\" fill=\"#f00\"\/><path d=\"M27 34l18-10-18-10v20Z\" fill=\"#fff\"\/><\/svg>  <\/span><\/button><\/div>\n<\/div>\n<div class=\"row\">\n<div class=\"col-md-6\"><button class=\"flc-yt lazyload\" data-id=\"dZADloi4Hm4\" data-title=\"Buttlift Animation Dr. Erez Dayan Avance Plastic Surgery\" data-bg=\"https:\/\/i.ytimg.com\/vi\/dZADloi4Hm4\/hqdefault.jpg\" aria-label=\"Play video Buttlift Animation Dr. Erez Dayan Avance Plastic Surgery\">  <div class=\"flc-yt__title\">Buttlift Animation Dr. Erez Dayan Avance Plastic Surgery<\/div>  <span class=\"flc-yt__play\">    <svg viewBox=\"0 0 68 48\" xmlns=\"http:\/\/www.w3.org\/2000\/svg\" aria-hidden=\"true\"><path d=\"M66.5 7.8A8.5 8.5 0 0 0 60.6 2C55.3.5 34 .5 34 .5S12.7.5 7.4 2A8.5 8.5 0 0 0 1.5 7.8C0 13.1 0 24 0 24s0 10.9 1.5 16.2A8.5 8.5 0 0 0 7.4 46C12.7 47.5 34 47.5 34 47.5s21.3 0 26.6-1.5a8.5 8.5 0 0 0 5.9-5.8C68 34.9 68 24 68 24s0-10.9-1.5-16.2Z\" fill=\"#f00\"\/><path d=\"M27 34l18-10-18-10v20Z\" fill=\"#fff\"\/><\/svg>  <\/span><\/button><\/div>\n<div class=\"col-md-6\"><button class=\"flc-yt lazyload\" data-id=\"rWTuFwzu_Fk\" data-title=\"Considerations for BBL Surgery\" data-bg=\"https:\/\/i.ytimg.com\/vi\/rWTuFwzu_Fk\/hqdefault.jpg\" aria-label=\"Play video Considerations for BBL Surgery\">  <div class=\"flc-yt__title\">Considerations for BBL Surgery<\/div>  <span class=\"flc-yt__play\">    <svg viewBox=\"0 0 68 48\" xmlns=\"http:\/\/www.w3.org\/2000\/svg\" aria-hidden=\"true\"><path d=\"M66.5 7.8A8.5 8.5 0 0 0 60.6 2C55.3.5 34 .5 34 .5S12.7.5 7.4 2A8.5 8.5 0 0 0 1.5 7.8C0 13.1 0 24 0 24s0 10.9 1.5 16.2A8.5 8.5 0 0 0 7.4 46C12.7 47.5 34 47.5 34 47.5s21.3 0 26.6-1.5a8.5 8.5 0 0 0 5.9-5.8C68 34.9 68 24 68 24s0-10.9-1.5-16.2Z\" fill=\"#f00\"\/><path d=\"M27 34l18-10-18-10v20Z\" fill=\"#fff\"\/><\/svg>  <\/span><\/button><\/div>\n<\/div>\n<dl id=\"faq-1\" class=\"flc-faq\"><dt>\u00bfC\u00f3mo se realiza un levantamiento de gl\u00fateos brasile\u00f1o?<\/dt><dd><p>El procedimiento de levantamiento de gl\u00fateos brasile\u00f1o comienza con una liposucci\u00f3n para recolectar grasa de \u00e1reas clave del cuerpo. Las \u00e1reas de liposucci\u00f3n se personalizan para cada paciente para lograr el contorno ideal y las proporciones est\u00e9ticas. Se prefiere la liposucci\u00f3n de zonas como la cintura, el abdomen o las caderas. Una vez que se eliminan las c\u00e9lulas grasas, se purifican y procesan para colocarlas en los gl\u00fateos. Esto garantiza que solo se elijan para la transferencia las c\u00e9lulas grasas m\u00e1s saludables con la mayor probabilidad de supervivencia.<\/p>\r\n<p>En el paso final, el Dr. Dayan inyectar\u00e1 la grasa en los gl\u00fateos en puntos clave ya diferentes profundidades, para crear una apariencia de gl\u00fateos levantados y llenos con una cintura m\u00e1s femenina. El procedimiento de levantamiento de gl\u00fateos brasile\u00f1o es m\u00ednimamente invasivo con una recuperaci\u00f3n r\u00e1pida y un tiempo de inactividad limitado.<\/p>\r\n\r\n<p>Si el paciente carece de suficiente grasa donada, el Dr. Dayan puede presentarle m\u00e9todos alternativos para mejorar la regi\u00f3n de los gl\u00fateos, como el uso de implantes de gl\u00fateos personalizados. Adem\u00e1s, el Dr. Dayan es uno de los pocos cirujanos pl\u00e1sticos del pa\u00eds capacitados por expertos mundiales para realizar un aumento de gl\u00fateos compuesto. Es una nueva t\u00e9cnica que utiliza implantes de gl\u00fateos de silicona para proyecci\u00f3n y luego injertos de grasa en la periferia para crear una forma de cadera redonda y femenina. Durante su consulta, el Dr. Dayan revisar\u00e1 sus medidas y objetivos para desarrollar un plan personalizado para su tipo de cuerpo.<\/p><\/dd><dt>\u00bfCuales son los beneficios?<\/dt><dd><ul>\r\n<li>Elevaci\u00f3n de gl\u00fateos<\/li>\r\n<li>Volumen mejorado de la nalga<\/li>\r\n<li>Logra proporciones ideales de cintura a cadera.<\/li>\r\n<li>Mejora de la forma y el tama\u00f1o de los gl\u00fateos.<\/li>\r\n<li>Reducci\u00f3n de la apariencia de la celulitis.<\/li>\r\n<li>Ajuste mejorado en trajes de ba\u00f1o y ropa.<\/li>\r\n<li>Mayor satisfacci\u00f3n con la propia imagen.<\/li>\r\n<li>Cuerpo m\u00e1s atractivo y femenino.<\/li>\r\n<\/ul><\/dd><dt>\u00bfQui\u00e9n es el mejor candidato brasile\u00f1o para el levantamiento de gl\u00fateos?<\/dt><dd>Eres un gran candidato para este tratamiento si:\r\n<ul>\r\n<li>Tu trasero carece de la plenitud, la forma y la proyecci\u00f3n que deseas.<\/li>\r\n<li>Tienes buena salud, tanto emocional como f\u00edsicamente.<\/li>\r\n<li>Tiene suficiente grasa donante de la cual extraer<\/li>\r\n<li>no eres fumador<\/li>\r\n<li>Tienes expectativas realistas para tus resultados.<\/li>\r\n<li>No has podido obtener resultados con la dieta y el ejercicio.<\/li>\r\n<li>Tienes buena elasticidad en la piel.<\/li>\r\n<\/ul><\/dd><dt>\u00bfC\u00f3mo ser\u00e1 mi recuperaci\u00f3n?<\/dt><dd>Como con cualquier procedimiento, hay un per\u00edodo de recuperaci\u00f3n variable. Por lo general, para un levantamiento de gl\u00fateos brasile\u00f1o, usted est\u00e1 en casa la noche de la cirug\u00eda y camina con un m\u00ednimo de sensibilidad, hormigueo, hematomas, molestias e hinchaz\u00f3n. El Dr. Dayan utiliza anestesia local de acci\u00f3n prolongada para garantizar su comodidad despu\u00e9s del procedimiento. Adem\u00e1s, el Dr. Dayan y su equipo se asegurar\u00e1n de que se sienta c\u00f3modo con los analg\u00e9sicos correctos y un plan completo de cuidados posteriores. Se le colocar\u00e1 una prenda de compresi\u00f3n personalizada durante algunas semanas, lo que ayuda a minimizar la hinchaz\u00f3n posoperatoria y mantiene su nueva forma con el mejor aspecto.<\/dd><dt>\u00bfCu\u00e1les son los costos de un levantamiento de gl\u00fateos brasile\u00f1o en Reno?<\/dt><dd><p>Cada procedimiento de levantamiento de gl\u00fateos brasile\u00f1o es diferente y est\u00e1 altamente personalizado para el individuo, por lo que los costos variar\u00e1n. Con frecuencia, el Dr. Dayan combinar\u00e1 las \u00faltimas t\u00e9cnicas de liposucci\u00f3n basadas en energ\u00eda (radiofrecuencia y ultrasonido) para optimizar la envoltura retr\u00e1ctil de la piel para crear una cintura y un \u00e1rea de cadera m\u00e1s ajustadas.<\/p>\r\n\r\n<p>El Dr. Dayan se asegurar\u00e1 de que salga de su consulta completamente consciente de todos los costos. El Instituto de Cirug\u00eda Pl\u00e1stica Avance se ha asociado con prestamistas de atenci\u00f3n m\u00e9dica acreditados para brindar financiamiento a pagos mensuales bajos. En muchos casos, los prestamistas ofrecen planes de pago sin intereses y aprobaci\u00f3n instant\u00e1nea que puede obtener mientras a\u00fan est\u00e1 en la oficina.<\/p><\/dd><dt>\u00bfPor qu\u00e9 elegir al Dr. Dayan y al Avance Plastic Surgery Institute para un levantamiento de gl\u00fateos brasile\u00f1o?<\/dt><dd>El Dr. Dayan se encuentra entre los cirujanos pl\u00e1sticos est\u00e9ticos m\u00e1s capacitados en el contorno corporal y el procedimiento de gl\u00fateos brasile\u00f1os. Ha publicado estudios y realizado presentaciones a nivel nacional e internacional sobre los procedimientos de levantamiento de gl\u00fateos brasile\u00f1os. El Dr. Dayan realiza procedimientos de escultura corporal de vanguardia en un entorno de \u00faltima generaci\u00f3n, brindando resultados basados en la precisi\u00f3n adaptados a sus preferencias y gustos est\u00e9ticos individuales.<\/dd><\/dl>\n<p>Para obtener m\u00e1s informaci\u00f3n o para programar su consulta de cirug\u00eda de levantamiento de gl\u00fateos brasile\u00f1o en Avance Plastic Surgery Institute, <a title=\"P\u00f3ngase en contacto con el Instituto de Cirug\u00eda Pl\u00e1stica Avance en Reno NV\" href=\"https:\/\/www.avanceplasticsurgery.com\/es\/contactenos\/\">cont\u00e1ctenos en l\u00ednea<\/a> o llame a nuestra oficina de Reno\/Tahoe, NV, al (775) 800-4444 hoy.<\/p>\n<p style=\"text-align: center;\"><a href=\"https:\/\/www.avanceplasticsurgery.com\/wp-content\/uploads\/2020\/10\/BBL-viewpoint.pdf\" class=\"btn btn-primary\" target=\"_blank\" rel=\"noopener noreferrer\">Publicaci\u00f3n del Dr. Dayan<\/a><\/p>\n<h2>Programa de mantenimiento<\/h2>\n<p>El <a href=\"https:\/\/www.avanceplasticsurgery.com\/es\/acerca-de\/programa-de-mantenimiento\/\">programa de mantenimiento<\/a> en Avance Plastic Surgery Institute est\u00e1 dise\u00f1ado para ofrecer a los pacientes una forma conveniente de continuar viendo los beneficios de nuestros tratamientos durante el mayor tiempo posible.<\/p>\n<p>Para mantener los resultados de los procedimientos de contorno corporal, recomendamos tratamientos no invasivos y m\u00ednimamente invasivos con los siguientes dispositivos:<\/p>\n<ul>\n<li>Forma Body (InMode)<\/li>\n<li>Morpheus 8 Body (InMode)<\/li>\n<li>Evolve<\/li>\n<\/ul>\n","protected":false},"excerpt":{"rendered":"<p>Cirug\u00eda de levantamiento de gl\u00fateos brasile\u00f1o El levantamiento de gl\u00fateos brasile\u00f1o, o injerto de grasa en los gl\u00fateos, se&hellip;<\/p>\n","protected":false},"author":1,"featured_media":8576,"parent":8791,"menu_order":0,"comment_status":"closed","ping_status":"closed","template":"","meta":{"_acf_changed":false,"footnotes":""},"class_list":["post-8849","page","type-page","status-publish","has-post-thumbnail"],"acf":[],"yoast_head":"<!-- This site is optimized with the Yoast SEO plugin v25.6 - https:\/\/yoast.com\/wordpress\/plugins\/seo\/ -->\n<title>Reno NV Cirug\u00eda de levantamiento de gl\u00fateos brasile\u00f1o | Especialista en levantamiento de gl\u00fateos en Lake Tahoe<\/title>\n<meta name=\"description\" content=\"La cirug\u00eda de levantamiento de gl\u00fateos brasile\u00f1o es un procedimiento popular para aumentar la sensualidad y el atractivo femenino. El Dr. Erez Dayan es un especialista en este procedimiento y usted puede beneficiarse de sus t\u00e9cnicas avanzadas en el Instituto de Cirug\u00eda Pl\u00e1stica Avance en Reno, NV.\" \/>\n<meta name=\"robots\" content=\"index, follow, max-snippet:-1, max-image-preview:large, max-video-preview:-1\" \/>\n<link rel=\"canonical\" href=\"https:\/\/www.avanceplasticsurgery.com\/es\/procedimientos-cosmeticos-y-de-cirugia\/procedimientos-cosmeticos-corporales\/levantamiento-de-gluteos-brasileno\/\" \/>\n<meta property=\"og:locale\" content=\"es_ES\" \/>\n<meta property=\"og:type\" content=\"article\" \/>\n<meta property=\"og:title\" content=\"Reno NV Cirug\u00eda de levantamiento de gl\u00fateos brasile\u00f1o | Especialista en levantamiento de gl\u00fateos en Lake Tahoe\" \/>\n<meta property=\"og:description\" content=\"La cirug\u00eda de levantamiento de gl\u00fateos brasile\u00f1o es un procedimiento popular para aumentar la sensualidad y el atractivo femenino. El Dr. Erez Dayan es un especialista en este procedimiento y usted puede beneficiarse de sus t\u00e9cnicas avanzadas en el Instituto de Cirug\u00eda Pl\u00e1stica Avance en Reno, NV.\" \/>\n<meta property=\"og:url\" content=\"https:\/\/www.avanceplasticsurgery.com\/es\/procedimientos-cosmeticos-y-de-cirugia\/procedimientos-cosmeticos-corporales\/levantamiento-de-gluteos-brasileno\/\" \/>\n<meta property=\"og:site_name\" content=\"Avance Plastic Surgery\" \/>\n<meta property=\"article:modified_time\" content=\"2023-01-02T09:00:34+00:00\" \/>\n<meta property=\"og:image\" content=\"https:\/\/www.avanceplasticsurgery.com\/wp-content\/uploads\/2022\/01\/butt.jpg\" \/>\n\t<meta property=\"og:image:width\" content=\"1920\" \/>\n\t<meta property=\"og:image:height\" content=\"595\" \/>\n\t<meta property=\"og:image:type\" content=\"image\/jpeg\" \/>\n<meta name=\"twitter:card\" content=\"summary_large_image\" \/>\n<meta name=\"twitter:label1\" content=\"Tiempo de lectura\" \/>\n\t<meta name=\"twitter:data1\" content=\"1 minuto\" \/>\n<!-- \/ Yoast SEO plugin. -->","yoast_head_json":{"title":"Reno NV Cirug\u00eda de levantamiento de gl\u00fateos brasile\u00f1o | Especialista en levantamiento de gl\u00fateos en Lake Tahoe","description":"La cirug\u00eda de levantamiento de gl\u00fateos brasile\u00f1o es un procedimiento popular para aumentar la sensualidad y el atractivo femenino. El Dr. Erez Dayan es un especialista en este procedimiento y usted puede beneficiarse de sus t\u00e9cnicas avanzadas en el Instituto de Cirug\u00eda Pl\u00e1stica Avance en Reno, NV.","robots":{"index":"index","follow":"follow","max-snippet":"max-snippet:-1","max-image-preview":"max-image-preview:large","max-video-preview":"max-video-preview:-1"},"canonical":"https:\/\/www.avanceplasticsurgery.com\/es\/procedimientos-cosmeticos-y-de-cirugia\/procedimientos-cosmeticos-corporales\/levantamiento-de-gluteos-brasileno\/","og_locale":"es_ES","og_type":"article","og_title":"Reno NV Cirug\u00eda de levantamiento de gl\u00fateos brasile\u00f1o | Especialista en levantamiento de gl\u00fateos en Lake Tahoe","og_description":"La cirug\u00eda de levantamiento de gl\u00fateos brasile\u00f1o es un procedimiento popular para aumentar la sensualidad y el atractivo femenino. El Dr. Erez Dayan es un especialista en este procedimiento y usted puede beneficiarse de sus t\u00e9cnicas avanzadas en el Instituto de Cirug\u00eda Pl\u00e1stica Avance en Reno, NV.","og_url":"https:\/\/www.avanceplasticsurgery.com\/es\/procedimientos-cosmeticos-y-de-cirugia\/procedimientos-cosmeticos-corporales\/levantamiento-de-gluteos-brasileno\/","og_site_name":"Avance Plastic Surgery","article_modified_time":"2023-01-02T09:00:34+00:00","og_image":[{"width":1920,"height":595,"url":"https:\/\/www.avanceplasticsurgery.com\/wp-content\/uploads\/2022\/01\/butt.jpg","type":"image\/jpeg"}],"twitter_card":"summary_large_image","twitter_misc":{"Tiempo de lectura":"1 minuto"},"schema":{"@context":"https:\/\/schema.org","@graph":[{"@type":"WebPage","@id":"https:\/\/www.avanceplasticsurgery.com\/es\/procedimientos-cosmeticos-y-de-cirugia\/procedimientos-cosmeticos-corporales\/levantamiento-de-gluteos-brasileno\/","url":"https:\/\/www.avanceplasticsurgery.com\/es\/procedimientos-cosmeticos-y-de-cirugia\/procedimientos-cosmeticos-corporales\/levantamiento-de-gluteos-brasileno\/","name":"Reno NV Cirug\u00eda de levantamiento de gl\u00fateos brasile\u00f1o | Especialista en levantamiento de gl\u00fateos en Lake Tahoe","isPartOf":{"@id":"https:\/\/www.avanceplasticsurgery.com\/es\/#website"},"primaryImageOfPage":{"@id":"https:\/\/www.avanceplasticsurgery.com\/es\/procedimientos-cosmeticos-y-de-cirugia\/procedimientos-cosmeticos-corporales\/levantamiento-de-gluteos-brasileno\/#primaryimage"},"image":{"@id":"https:\/\/www.avanceplasticsurgery.com\/es\/procedimientos-cosmeticos-y-de-cirugia\/procedimientos-cosmeticos-corporales\/levantamiento-de-gluteos-brasileno\/#primaryimage"},"thumbnailUrl":"https:\/\/www.avanceplasticsurgery.com\/wp-content\/uploads\/2022\/01\/butt.jpg","datePublished":"2020-09-15T20:31:48+00:00","dateModified":"2023-01-02T09:00:34+00:00","description":"La cirug\u00eda de levantamiento de gl\u00fateos brasile\u00f1o es un procedimiento popular para aumentar la sensualidad y el atractivo femenino. El Dr. Erez Dayan es un especialista en este procedimiento y usted puede beneficiarse de sus t\u00e9cnicas avanzadas en el Instituto de Cirug\u00eda Pl\u00e1stica Avance en Reno, NV.","breadcrumb":{"@id":"https:\/\/www.avanceplasticsurgery.com\/es\/procedimientos-cosmeticos-y-de-cirugia\/procedimientos-cosmeticos-corporales\/levantamiento-de-gluteos-brasileno\/#breadcrumb"},"inLanguage":"es","potentialAction":[{"@type":"ReadAction","target":["https:\/\/www.avanceplasticsurgery.com\/es\/procedimientos-cosmeticos-y-de-cirugia\/procedimientos-cosmeticos-corporales\/levantamiento-de-gluteos-brasileno\/"]}]},{"@type":"ImageObject","inLanguage":"es","@id":"https:\/\/www.avanceplasticsurgery.com\/es\/procedimientos-cosmeticos-y-de-cirugia\/procedimientos-cosmeticos-corporales\/levantamiento-de-gluteos-brasileno\/#primaryimage","url":"https:\/\/www.avanceplasticsurgery.com\/wp-content\/uploads\/2022\/01\/butt.jpg","contentUrl":"https:\/\/www.avanceplasticsurgery.com\/wp-content\/uploads\/2022\/01\/butt.jpg","width":1920,"height":595,"caption":"Una persona en ropa interior negra permanece de pie mientras alguien con guantes negros y traje traza l\u00edneas quir\u00fargicas con un rotulador en la parte superior del muslo y la nalga."},{"@type":"BreadcrumbList","@id":"https:\/\/www.avanceplasticsurgery.com\/es\/procedimientos-cosmeticos-y-de-cirugia\/procedimientos-cosmeticos-corporales\/levantamiento-de-gluteos-brasileno\/#breadcrumb","itemListElement":[{"@type":"ListItem","position":1,"name":"Home","item":"https:\/\/www.avanceplasticsurgery.com\/es\/"},{"@type":"ListItem","position":2,"name":"Cosm\u00e9tica","item":"https:\/\/www.avanceplasticsurgery.com\/es\/procedimientos-cosmeticos-y-de-cirugia\/"},{"@type":"ListItem","position":3,"name":"Procedimientos Cosm\u00e9ticos Corporales","item":"https:\/\/www.avanceplasticsurgery.com\/es\/procedimientos-cosmeticos-y-de-cirugia\/procedimientos-cosmeticos-corporales\/"},{"@type":"ListItem","position":4,"name":"Levantamiento de gl\u00fateos brasile\u00f1o"}]},{"@type":"WebSite","@id":"https:\/\/www.avanceplasticsurgery.com\/es\/#website","url":"https:\/\/www.avanceplasticsurgery.com\/es\/","name":"Avance Plastic Surgery","description":"","potentialAction":[{"@type":"SearchAction","target":{"@type":"EntryPoint","urlTemplate":"https:\/\/www.avanceplasticsurgery.com\/es\/?s={search_term_string}"},"query-input":{"@type":"PropertyValueSpecification","valueRequired":true,"valueName":"search_term_string"}}],"inLanguage":"es"}]}},"_links":{"self":[{"href":"https:\/\/www.avanceplasticsurgery.com\/es\/wp-json\/wp\/v2\/pages\/8849","targetHints":{"allow":["GET"]}}],"collection":[{"href":"https:\/\/www.avanceplasticsurgery.com\/es\/wp-json\/wp\/v2\/pages"}],"about":[{"href":"https:\/\/www.avanceplasticsurgery.com\/es\/wp-json\/wp\/v2\/types\/page"}],"author":[{"embeddable":true,"href":"https:\/\/www.avanceplasticsurgery.com\/es\/wp-json\/wp\/v2\/users\/1"}],"replies":[{"embeddable":true,"href":"https:\/\/www.avanceplasticsurgery.com\/es\/wp-json\/wp\/v2\/comments?post=8849"}],"version-history":[{"count":2,"href":"https:\/\/www.avanceplasticsurgery.com\/es\/wp-json\/wp\/v2\/pages\/8849\/revisions"}],"predecessor-version":[{"id":10075,"href":"https:\/\/www.avanceplasticsurgery.com\/es\/wp-json\/wp\/v2\/pages\/8849\/revisions\/10075"}],"up":[{"embeddable":true,"href":"https:\/\/www.avanceplasticsurgery.com\/es\/wp-json\/wp\/v2\/pages\/8791"}],"wp:featuredmedia":[{"embeddable":true,"href":"https:\/\/www.avanceplasticsurgery.com\/es\/wp-json\/wp\/v2\/media\/8576"}],"wp:attachment":[{"href":"https:\/\/www.avanceplasticsurgery.com\/es\/wp-json\/wp\/v2\/media?parent=8849"}],"curies":[{"name":"wp","href":"https:\/\/api.w.org\/{rel}","templated":true}]}}