{"id":8850,"date":"2020-09-15T20:34:33","date_gmt":"2020-09-15T20:34:33","guid":{"rendered":"https:\/\/www.avanceplasticsurgery.com\/procedimientos-cosmeticos-y-de-cirugia\/procedimientos-cosmeticos-corporales\/implantes-de-gluteos\/"},"modified":"2020-09-15T20:34:33","modified_gmt":"2020-09-15T20:34:33","slug":"implantes-de-gluteos","status":"publish","type":"page","link":"https:\/\/www.avanceplasticsurgery.com\/es\/procedimientos-cosmeticos-y-de-cirugia\/procedimientos-cosmeticos-corporales\/implantes-de-gluteos\/","title":{"rendered":"Implantes de gl\u00fateos"},"content":{"rendered":"<h1>Cirug\u00eda de implantes de gl\u00fateos<\/h1>\n<p>El trasero es una caracter\u00edstica distintiva que muchas mujeres desear\u00edan poder mejorar. Los gl\u00fateos peque\u00f1os o ca\u00eddos a menudo se ven como poco atractivos, lo que hace que muchas mujeres usen ropa suelta que oculta esta caracter\u00edstica. Adem\u00e1s, aquellos que pueden haber logrado una p\u00e9rdida de peso significativa pueden tener la piel fl\u00e1cida en las nalgas. El Dr. Erez Dayan del Instituto de Cirug\u00eda Pl\u00e1stica Avance en Reno\/Tahoe es un experto reconocido en <a title=\"Reno NV Cirujano pl\u00e1stico de contorno corporal\" href=\"https:\/\/www.avanceplasticsurgery.com\/es\/procedimientos-cosmeticos-y-de-cirugia\/procedimientos-cosmeticos-corporales\/\">procedimientos de contorno corporal<\/a> y en el uso de implantes para remodelar los gl\u00fateos. Ofrece cirug\u00eda de implantes de gl\u00fateos en su instituto de cirug\u00eda pl\u00e1stica de \u00faltima generaci\u00f3n en Nevada.<\/p>\n<p>La cirug\u00eda de implante de gl\u00fateos del Dr. Dayan puede mejorar la apariencia de varias maneras, seg\u00fan sus necesidades particulares. Se pueden colocar quir\u00fargicamente implantes de diferentes tama\u00f1os y formas para hacer una parte inferior m\u00e1s redonda, gl\u00fateos m\u00e1s firmes o incluso para agrandar las caderas para una figura m\u00e1s curva. El Dr. Dayan realizar\u00e1 un examen f\u00edsico y discutir\u00e1 sus deseos y objetivos en detalle antes de recomendar un plan de cirug\u00eda de implante de gl\u00fateos.<\/p>\n<h2>Reno, NV Aumento de gl\u00fateos<\/h2>\n<p>Cuando usted elige tener un aumento de gl\u00fateos en Reno\/Tahoe, NV, del Dr. Dayan, usted est\u00e1 poniendo su atenci\u00f3n en manos de un cirujano pl\u00e1stico y reconstructivo cosm\u00e9tico capacitado y capacitado como becario que ha escrito, dado conferencias y demostrado cirug\u00eda est\u00e9tica y reconstructiva. tr\u00e1mites en todo el mundo. Es muy solicitado por su experiencia y conocimiento de t\u00e9cnicas y tecnolog\u00edas cosm\u00e9ticas de vanguardia.<\/p>\n<p>Durante una cirug\u00eda de levantamiento de gl\u00fateos, el Dr. Dayan puede ocultar la incisi\u00f3n en una variedad de lugares, seg\u00fan sus necesidades y la ubicaci\u00f3n precisa de sus implantes. Los implantes generalmente se insertan dentro o detr\u00e1s del m\u00fasculo gl\u00fateo, y las incisiones se cierran con suturas y\/o adhesivo para la piel. A medida que la inflamaci\u00f3n postoperatoria disminuya con el tiempo, estar\u00e1 satisfecho con su nueva apariencia. Esta es una cirug\u00eda permanente que no requiere m\u00e1s atenci\u00f3n.<\/p>\n<p>Si desea una parte trasera levantada y m\u00e1s juvenil, <a title=\"P\u00f3ngase en contacto con el Instituto de Cirug\u00eda Pl\u00e1stica Avance en Reno NV\" href=\"https:\/\/www.avanceplasticsurgery.com\/es\/contactenos\/\">comun\u00edquese con el Instituto de Cirug\u00eda Pl\u00e1stica Avance<\/a> en Reno\/Tahoe, Nevada, y programe una consulta con el Dr. Dayan para hablar sobre un aumento de gl\u00fateos o una cirug\u00eda de implante de gl\u00fateos en nuestro centro de cirug\u00eda de primera clase.<\/p>\n<p>El Dr. Erez Dayan ha realizado una extensa investigaci\u00f3n sobre la cirug\u00eda est\u00e9tica de gl\u00fateos y sus resultados. Lea m\u00e1s sobre la investigaci\u00f3n de Cirug\u00eda est\u00e9tica de gl\u00fateos del Dr. Dayan <a href=\"https:\/\/www.avanceplasticsurgery.com\/es\/acerca-de\/investigar\/#buttock-aesthetic-surgery\">aqu\u00ed<\/a> .<\/p>\n<h3>Programa de mantenimiento<\/h3>\n<p>El <a href=\"https:\/\/www.avanceplasticsurgery.com\/es\/acerca-de\/programa-de-mantenimiento\/\">programa de mantenimiento<\/a> en Avance Plastic Surgery Institute est\u00e1 dise\u00f1ado para ofrecer a los pacientes una forma conveniente de continuar viendo los beneficios de nuestros tratamientos durante el mayor tiempo posible.<\/p>\n<p>Para mantener los resultados de los procedimientos de contorno corporal, recomendamos tratamientos no invasivos y m\u00ednimamente invasivos con los siguientes dispositivos:<\/p>\n<ul>\n<li>Forma Body (InMode)<\/li>\n<li>Morpheus 8 Body (InMode)<\/li>\n<li>Evolve<\/li>\n<\/ul>\n","protected":false},"excerpt":{"rendered":"<p>Cirug\u00eda de implantes de gl\u00fateos El trasero es una caracter\u00edstica distintiva que muchas mujeres desear\u00edan poder mejorar. Los gl\u00fateos&hellip;<\/p>\n","protected":false},"author":1,"featured_media":8576,"parent":8791,"menu_order":0,"comment_status":"closed","ping_status":"closed","template":"","meta":{"_acf_changed":false,"footnotes":""},"class_list":["post-8850","page","type-page","status-publish","has-post-thumbnail"],"acf":[],"yoast_head":"<!-- This site is optimized with the Yoast SEO plugin v25.6 - https:\/\/yoast.com\/wordpress\/plugins\/seo\/ -->\n<title>Implantes de gl\u00fateos Reno NV | Cirujano pl\u00e1stico de gl\u00fateos en Lake Tahoe<\/title>\n<meta name=\"description\" content=\"Los implantes de gl\u00fateos son una forma sencilla de remodelar quir\u00fargicamente y mejorar el trasero para lograr una apariencia m\u00e1s curvil\u00ednea, mejor formada y m\u00e1s atractiva. El Dr. Erez Dayan realiza una cirug\u00eda de implante de gl\u00fateos en el Instituto de Cirug\u00eda Pl\u00e1stica Avance en Reno, NV.\" \/>\n<meta name=\"robots\" content=\"index, follow, max-snippet:-1, max-image-preview:large, max-video-preview:-1\" \/>\n<link rel=\"canonical\" href=\"https:\/\/www.avanceplasticsurgery.com\/es\/procedimientos-cosmeticos-y-de-cirugia\/procedimientos-cosmeticos-corporales\/implantes-de-gluteos\/\" \/>\n<meta property=\"og:locale\" content=\"es_ES\" \/>\n<meta property=\"og:type\" content=\"article\" \/>\n<meta property=\"og:title\" content=\"Implantes de gl\u00fateos Reno NV | Cirujano pl\u00e1stico de gl\u00fateos en Lake Tahoe\" \/>\n<meta property=\"og:description\" content=\"Los implantes de gl\u00fateos son una forma sencilla de remodelar quir\u00fargicamente y mejorar el trasero para lograr una apariencia m\u00e1s curvil\u00ednea, mejor formada y m\u00e1s atractiva. El Dr. Erez Dayan realiza una cirug\u00eda de implante de gl\u00fateos en el Instituto de Cirug\u00eda Pl\u00e1stica Avance en Reno, NV.\" \/>\n<meta property=\"og:url\" content=\"https:\/\/www.avanceplasticsurgery.com\/es\/procedimientos-cosmeticos-y-de-cirugia\/procedimientos-cosmeticos-corporales\/implantes-de-gluteos\/\" \/>\n<meta property=\"og:site_name\" content=\"Avance Plastic Surgery\" \/>\n<meta property=\"og:image\" content=\"https:\/\/www.avanceplasticsurgery.com\/wp-content\/uploads\/2022\/01\/butt.jpg\" \/>\n\t<meta property=\"og:image:width\" content=\"1920\" \/>\n\t<meta property=\"og:image:height\" content=\"595\" \/>\n\t<meta property=\"og:image:type\" content=\"image\/jpeg\" \/>\n<meta name=\"twitter:card\" content=\"summary_large_image\" \/>\n<meta name=\"twitter:label1\" content=\"Tiempo de lectura\" \/>\n\t<meta name=\"twitter:data1\" content=\"3 minutos\" \/>\n<!-- \/ Yoast SEO plugin. -->","yoast_head_json":{"title":"Implantes de gl\u00fateos Reno NV | Cirujano pl\u00e1stico de gl\u00fateos en Lake Tahoe","description":"Los implantes de gl\u00fateos son una forma sencilla de remodelar quir\u00fargicamente y mejorar el trasero para lograr una apariencia m\u00e1s curvil\u00ednea, mejor formada y m\u00e1s atractiva. El Dr. Erez Dayan realiza una cirug\u00eda de implante de gl\u00fateos en el Instituto de Cirug\u00eda Pl\u00e1stica Avance en Reno, NV.","robots":{"index":"index","follow":"follow","max-snippet":"max-snippet:-1","max-image-preview":"max-image-preview:large","max-video-preview":"max-video-preview:-1"},"canonical":"https:\/\/www.avanceplasticsurgery.com\/es\/procedimientos-cosmeticos-y-de-cirugia\/procedimientos-cosmeticos-corporales\/implantes-de-gluteos\/","og_locale":"es_ES","og_type":"article","og_title":"Implantes de gl\u00fateos Reno NV | Cirujano pl\u00e1stico de gl\u00fateos en Lake Tahoe","og_description":"Los implantes de gl\u00fateos son una forma sencilla de remodelar quir\u00fargicamente y mejorar el trasero para lograr una apariencia m\u00e1s curvil\u00ednea, mejor formada y m\u00e1s atractiva. El Dr. Erez Dayan realiza una cirug\u00eda de implante de gl\u00fateos en el Instituto de Cirug\u00eda Pl\u00e1stica Avance en Reno, NV.","og_url":"https:\/\/www.avanceplasticsurgery.com\/es\/procedimientos-cosmeticos-y-de-cirugia\/procedimientos-cosmeticos-corporales\/implantes-de-gluteos\/","og_site_name":"Avance Plastic Surgery","og_image":[{"width":1920,"height":595,"url":"https:\/\/www.avanceplasticsurgery.com\/wp-content\/uploads\/2022\/01\/butt.jpg","type":"image\/jpeg"}],"twitter_card":"summary_large_image","twitter_misc":{"Tiempo de lectura":"3 minutos"},"schema":{"@context":"https:\/\/schema.org","@graph":[{"@type":"WebPage","@id":"https:\/\/www.avanceplasticsurgery.com\/es\/procedimientos-cosmeticos-y-de-cirugia\/procedimientos-cosmeticos-corporales\/implantes-de-gluteos\/","url":"https:\/\/www.avanceplasticsurgery.com\/es\/procedimientos-cosmeticos-y-de-cirugia\/procedimientos-cosmeticos-corporales\/implantes-de-gluteos\/","name":"Implantes de gl\u00fateos Reno NV | Cirujano pl\u00e1stico de gl\u00fateos en Lake Tahoe","isPartOf":{"@id":"https:\/\/www.avanceplasticsurgery.com\/es\/#website"},"primaryImageOfPage":{"@id":"https:\/\/www.avanceplasticsurgery.com\/es\/procedimientos-cosmeticos-y-de-cirugia\/procedimientos-cosmeticos-corporales\/implantes-de-gluteos\/#primaryimage"},"image":{"@id":"https:\/\/www.avanceplasticsurgery.com\/es\/procedimientos-cosmeticos-y-de-cirugia\/procedimientos-cosmeticos-corporales\/implantes-de-gluteos\/#primaryimage"},"thumbnailUrl":"https:\/\/www.avanceplasticsurgery.com\/wp-content\/uploads\/2022\/01\/butt.jpg","datePublished":"2020-09-15T20:34:33+00:00","description":"Los implantes de gl\u00fateos son una forma sencilla de remodelar quir\u00fargicamente y mejorar el trasero para lograr una apariencia m\u00e1s curvil\u00ednea, mejor formada y m\u00e1s atractiva. El Dr. Erez Dayan realiza una cirug\u00eda de implante de gl\u00fateos en el Instituto de Cirug\u00eda Pl\u00e1stica Avance en Reno, NV.","breadcrumb":{"@id":"https:\/\/www.avanceplasticsurgery.com\/es\/procedimientos-cosmeticos-y-de-cirugia\/procedimientos-cosmeticos-corporales\/implantes-de-gluteos\/#breadcrumb"},"inLanguage":"es","potentialAction":[{"@type":"ReadAction","target":["https:\/\/www.avanceplasticsurgery.com\/es\/procedimientos-cosmeticos-y-de-cirugia\/procedimientos-cosmeticos-corporales\/implantes-de-gluteos\/"]}]},{"@type":"ImageObject","inLanguage":"es","@id":"https:\/\/www.avanceplasticsurgery.com\/es\/procedimientos-cosmeticos-y-de-cirugia\/procedimientos-cosmeticos-corporales\/implantes-de-gluteos\/#primaryimage","url":"https:\/\/www.avanceplasticsurgery.com\/wp-content\/uploads\/2022\/01\/butt.jpg","contentUrl":"https:\/\/www.avanceplasticsurgery.com\/wp-content\/uploads\/2022\/01\/butt.jpg","width":1920,"height":595,"caption":"Una persona en ropa interior negra permanece de pie mientras alguien con guantes negros y traje traza l\u00edneas quir\u00fargicas con un rotulador en la parte superior del muslo y la nalga."},{"@type":"BreadcrumbList","@id":"https:\/\/www.avanceplasticsurgery.com\/es\/procedimientos-cosmeticos-y-de-cirugia\/procedimientos-cosmeticos-corporales\/implantes-de-gluteos\/#breadcrumb","itemListElement":[{"@type":"ListItem","position":1,"name":"Home","item":"https:\/\/www.avanceplasticsurgery.com\/es\/"},{"@type":"ListItem","position":2,"name":"Cosm\u00e9tica","item":"https:\/\/www.avanceplasticsurgery.com\/es\/procedimientos-cosmeticos-y-de-cirugia\/"},{"@type":"ListItem","position":3,"name":"Procedimientos Cosm\u00e9ticos Corporales","item":"https:\/\/www.avanceplasticsurgery.com\/es\/procedimientos-cosmeticos-y-de-cirugia\/procedimientos-cosmeticos-corporales\/"},{"@type":"ListItem","position":4,"name":"Implantes de gl\u00fateos"}]},{"@type":"WebSite","@id":"https:\/\/www.avanceplasticsurgery.com\/es\/#website","url":"https:\/\/www.avanceplasticsurgery.com\/es\/","name":"Avance Plastic Surgery","description":"","potentialAction":[{"@type":"SearchAction","target":{"@type":"EntryPoint","urlTemplate":"https:\/\/www.avanceplasticsurgery.com\/es\/?s={search_term_string}"},"query-input":{"@type":"PropertyValueSpecification","valueRequired":true,"valueName":"search_term_string"}}],"inLanguage":"es"}]}},"_links":{"self":[{"href":"https:\/\/www.avanceplasticsurgery.com\/es\/wp-json\/wp\/v2\/pages\/8850","targetHints":{"allow":["GET"]}}],"collection":[{"href":"https:\/\/www.avanceplasticsurgery.com\/es\/wp-json\/wp\/v2\/pages"}],"about":[{"href":"https:\/\/www.avanceplasticsurgery.com\/es\/wp-json\/wp\/v2\/types\/page"}],"author":[{"embeddable":true,"href":"https:\/\/www.avanceplasticsurgery.com\/es\/wp-json\/wp\/v2\/users\/1"}],"replies":[{"embeddable":true,"href":"https:\/\/www.avanceplasticsurgery.com\/es\/wp-json\/wp\/v2\/comments?post=8850"}],"version-history":[{"count":0,"href":"https:\/\/www.avanceplasticsurgery.com\/es\/wp-json\/wp\/v2\/pages\/8850\/revisions"}],"up":[{"embeddable":true,"href":"https:\/\/www.avanceplasticsurgery.com\/es\/wp-json\/wp\/v2\/pages\/8791"}],"wp:featuredmedia":[{"embeddable":true,"href":"https:\/\/www.avanceplasticsurgery.com\/es\/wp-json\/wp\/v2\/media\/8576"}],"wp:attachment":[{"href":"https:\/\/www.avanceplasticsurgery.com\/es\/wp-json\/wp\/v2\/media?parent=8850"}],"curies":[{"name":"wp","href":"https:\/\/api.w.org\/{rel}","templated":true}]}}