{"id":8851,"date":"2020-09-15T20:36:39","date_gmt":"2020-09-15T20:36:39","guid":{"rendered":"https:\/\/www.avanceplasticsurgery.com\/procedimientos-cosmeticos-y-de-cirugia\/procedimientos-cosmeticos-corporales\/levantamiento-de-media-luna-en-la-axila\/"},"modified":"2020-09-15T20:36:39","modified_gmt":"2020-09-15T20:36:39","slug":"levantamiento-de-media-luna-en-la-axila","status":"publish","type":"page","link":"https:\/\/www.avanceplasticsurgery.com\/es\/procedimientos-cosmeticos-y-de-cirugia\/procedimientos-cosmeticos-corporales\/levantamiento-de-media-luna-en-la-axila\/","title":{"rendered":"Levantamiento de media luna en la axila"},"content":{"rendered":"<h1>Cirug\u00eda de estiramiento de brazo con cicatriz corta<\/h1>\n<p>El envejecimiento o la p\u00e9rdida significativa de peso a menudo dejan la piel fl\u00e1cida en \u00e1reas donde es casi imposible perderla con dieta y ejercicio. La parte superior del brazo es una de esas \u00e1reas. El exceso de piel fl\u00e1cida puede sentirse poco atractivo y puede ser problem\u00e1tico para algunos tipos de ropa. Si le queda una elasticidad moderada en la piel, el Dr. Dayan puede realizar una cirug\u00eda de estiramiento de brazo con cicatriz corta para <a title=\"Reno NV Cirujano pl\u00e1stico de contorno corporal\" href=\"https:\/\/www.avanceplasticsurgery.com\/es\/procedimientos-cosmeticos-y-de-cirugia\/procedimientos-cosmeticos-corporales\/\">eliminar el exceso de piel y grasa<\/a> para una apariencia m\u00e1s firme y suave.<\/p>\n<p>La cirug\u00eda de estiramiento de brazo con cicatriz corta, tambi\u00e9n llamada estiramiento de media luna, debido a la forma de la incisi\u00f3n, utiliza una cicatriz m\u00e1s peque\u00f1a para brindar acceso al \u00e1rea debajo de la parte superior del brazo. Debido a que queda elasticidad en la piel, se debe eliminar menos tejido y se requieren t\u00e9cnicas de ajuste m\u00e1s peque\u00f1as. La cicatriz se oculta f\u00e1cilmente en la axila y cicatriza mucho m\u00e1s r\u00e1pido que si fuera necesaria una incisi\u00f3n m\u00e1s larga.<\/p>\n<h2>Levantamiento de media luna en la axila<\/h2>\n<p>El Dr. Dayan puede realizar un levantamiento de media luna en la cirug\u00eda de axilas para brindarles a los pacientes una apariencia mucho m\u00e1s suave y de apariencia m\u00e1s joven. \u00c9l y el talentoso equipo de est\u00e9tica del Instituto de Cirug\u00eda Pl\u00e1stica Avance en Reno\/Tahoe, NV, brindan el m\u00e1ximo nivel de atenci\u00f3n y experiencia quir\u00fargica. El Dr. Dayan es un reconocido cirujano pl\u00e1stico cosm\u00e9tico y reconstructivo que ha escrito, dado conferencias y ense\u00f1ado t\u00e9cnicas de cirug\u00eda pl\u00e1stica a cientos de m\u00e9dicos y cirujanos utilizando la \u00faltima tecnolog\u00eda.<\/p>\n<p>Los pacientes que eligen este procedimiento de contorno corporal pueden esperar que les tome alrededor de una hora para tratar ambos brazos. El Dr. Dayan y su equipo siempre aseguran su comodidad con la anestesia adecuada y el tratamiento del dolor de acci\u00f3n prolongada. La recuperaci\u00f3n t\u00edpica es de aproximadamente 7 a 10 d\u00edas, posiblemente dos semanas si realiza actividades que implican levantar los brazos por encima de la cabeza con frecuencia.<\/p>\n<p><a title=\"P\u00f3ngase en contacto con el Instituto de Cirug\u00eda Pl\u00e1stica Avance en Reno NV\" href=\"https:\/\/www.avanceplasticsurgery.com\/es\/contactenos\/\">Comun\u00edquese con el Instituto de Cirug\u00eda Pl\u00e1stica Avance en l\u00ednea<\/a> o ll\u00e1menos al 775-800-4444 para programar una consulta con el Dr. Dayan sobre la cirug\u00eda de estiramiento de brazo con cicatriz corta o un estiramiento de media luna en la axila. \u00c9l estar\u00e1 encantado de explicarle el procedimiento y responder a sus preguntas.<\/p>\n<h3>Programa de mantenimiento<\/h3>\n<p>El <a href=\"https:\/\/www.avanceplasticsurgery.com\/es\/acerca-de\/programa-de-mantenimiento\/\">programa de mantenimiento<\/a> en Avance Plastic Surgery Institute est\u00e1 dise\u00f1ado para ofrecer a los pacientes una forma conveniente de continuar viendo los beneficios de nuestros tratamientos durante el mayor tiempo posible.<\/p>\n<p>Para mantener los resultados de los procedimientos de contorno corporal, recomendamos tratamientos no invasivos y m\u00ednimamente invasivos con los siguientes dispositivos:<\/p>\n<ul>\n<li>Forma Body (InMode)<\/li>\n<li>Morpheus 8 Body (InMode)<\/li>\n<li>Evolve<\/li>\n<\/ul>\n","protected":false},"excerpt":{"rendered":"<p>Cirug\u00eda de estiramiento de brazo con cicatriz corta El envejecimiento o la p\u00e9rdida significativa de peso a menudo dejan&hellip;<\/p>\n","protected":false},"author":1,"featured_media":8575,"parent":8791,"menu_order":0,"comment_status":"closed","ping_status":"closed","template":"","meta":{"_acf_changed":false,"footnotes":""},"class_list":["post-8851","page","type-page","status-publish","has-post-thumbnail"],"acf":[],"yoast_head":"<!-- This site is optimized with the Yoast SEO plugin v25.6 - https:\/\/yoast.com\/wordpress\/plugins\/seo\/ -->\n<title>Reno NV Levantamiento de brazos para cicatrices cortas | Elevaci\u00f3n de la media luna del lago Tahoe en la axila<\/title>\n<meta name=\"description\" content=\"El estiramiento de brazos con cicatriz corta, o estiramiento de media luna en la cirug\u00eda de axilas, es ideal para eliminar el exceso de piel y grasa de la parte superior del brazo cuando a\u00fan existe una elasticidad moderada de la piel. El Dr. Erez Dayan realiza esta cirug\u00eda en el Instituto de Cirug\u00eda Pl\u00e1stica Avance en Reno, Nevada.\" \/>\n<meta name=\"robots\" content=\"index, follow, max-snippet:-1, max-image-preview:large, max-video-preview:-1\" \/>\n<link rel=\"canonical\" href=\"https:\/\/www.avanceplasticsurgery.com\/es\/procedimientos-cosmeticos-y-de-cirugia\/procedimientos-cosmeticos-corporales\/levantamiento-de-media-luna-en-la-axila\/\" \/>\n<meta property=\"og:locale\" content=\"es_ES\" \/>\n<meta property=\"og:type\" content=\"article\" \/>\n<meta property=\"og:title\" content=\"Reno NV Levantamiento de brazos para cicatrices cortas | Elevaci\u00f3n de la media luna del lago Tahoe en la axila\" \/>\n<meta property=\"og:description\" content=\"El estiramiento de brazos con cicatriz corta, o estiramiento de media luna en la cirug\u00eda de axilas, es ideal para eliminar el exceso de piel y grasa de la parte superior del brazo cuando a\u00fan existe una elasticidad moderada de la piel. El Dr. Erez Dayan realiza esta cirug\u00eda en el Instituto de Cirug\u00eda Pl\u00e1stica Avance en Reno, Nevada.\" \/>\n<meta property=\"og:url\" content=\"https:\/\/www.avanceplasticsurgery.com\/es\/procedimientos-cosmeticos-y-de-cirugia\/procedimientos-cosmeticos-corporales\/levantamiento-de-media-luna-en-la-axila\/\" \/>\n<meta property=\"og:site_name\" content=\"Avance Plastic Surgery\" \/>\n<meta property=\"og:image\" content=\"https:\/\/www.avanceplasticsurgery.com\/wp-content\/uploads\/2022\/01\/arm.jpg\" \/>\n\t<meta property=\"og:image:width\" content=\"1920\" \/>\n\t<meta property=\"og:image:height\" content=\"595\" \/>\n\t<meta property=\"og:image:type\" content=\"image\/jpeg\" \/>\n<meta name=\"twitter:card\" content=\"summary_large_image\" \/>\n<meta name=\"twitter:label1\" content=\"Tiempo de lectura\" \/>\n\t<meta name=\"twitter:data1\" content=\"3 minutos\" \/>\n<!-- \/ Yoast SEO plugin. -->","yoast_head_json":{"title":"Reno NV Levantamiento de brazos para cicatrices cortas | Elevaci\u00f3n de la media luna del lago Tahoe en la axila","description":"El estiramiento de brazos con cicatriz corta, o estiramiento de media luna en la cirug\u00eda de axilas, es ideal para eliminar el exceso de piel y grasa de la parte superior del brazo cuando a\u00fan existe una elasticidad moderada de la piel. El Dr. Erez Dayan realiza esta cirug\u00eda en el Instituto de Cirug\u00eda Pl\u00e1stica Avance en Reno, Nevada.","robots":{"index":"index","follow":"follow","max-snippet":"max-snippet:-1","max-image-preview":"max-image-preview:large","max-video-preview":"max-video-preview:-1"},"canonical":"https:\/\/www.avanceplasticsurgery.com\/es\/procedimientos-cosmeticos-y-de-cirugia\/procedimientos-cosmeticos-corporales\/levantamiento-de-media-luna-en-la-axila\/","og_locale":"es_ES","og_type":"article","og_title":"Reno NV Levantamiento de brazos para cicatrices cortas | Elevaci\u00f3n de la media luna del lago Tahoe en la axila","og_description":"El estiramiento de brazos con cicatriz corta, o estiramiento de media luna en la cirug\u00eda de axilas, es ideal para eliminar el exceso de piel y grasa de la parte superior del brazo cuando a\u00fan existe una elasticidad moderada de la piel. El Dr. Erez Dayan realiza esta cirug\u00eda en el Instituto de Cirug\u00eda Pl\u00e1stica Avance en Reno, Nevada.","og_url":"https:\/\/www.avanceplasticsurgery.com\/es\/procedimientos-cosmeticos-y-de-cirugia\/procedimientos-cosmeticos-corporales\/levantamiento-de-media-luna-en-la-axila\/","og_site_name":"Avance Plastic Surgery","og_image":[{"width":1920,"height":595,"url":"https:\/\/www.avanceplasticsurgery.com\/wp-content\/uploads\/2022\/01\/arm.jpg","type":"image\/jpeg"}],"twitter_card":"summary_large_image","twitter_misc":{"Tiempo de lectura":"3 minutos"},"schema":{"@context":"https:\/\/schema.org","@graph":[{"@type":"WebPage","@id":"https:\/\/www.avanceplasticsurgery.com\/es\/procedimientos-cosmeticos-y-de-cirugia\/procedimientos-cosmeticos-corporales\/levantamiento-de-media-luna-en-la-axila\/","url":"https:\/\/www.avanceplasticsurgery.com\/es\/procedimientos-cosmeticos-y-de-cirugia\/procedimientos-cosmeticos-corporales\/levantamiento-de-media-luna-en-la-axila\/","name":"Reno NV Levantamiento de brazos para cicatrices cortas | Elevaci\u00f3n de la media luna del lago Tahoe en la axila","isPartOf":{"@id":"https:\/\/www.avanceplasticsurgery.com\/es\/#website"},"primaryImageOfPage":{"@id":"https:\/\/www.avanceplasticsurgery.com\/es\/procedimientos-cosmeticos-y-de-cirugia\/procedimientos-cosmeticos-corporales\/levantamiento-de-media-luna-en-la-axila\/#primaryimage"},"image":{"@id":"https:\/\/www.avanceplasticsurgery.com\/es\/procedimientos-cosmeticos-y-de-cirugia\/procedimientos-cosmeticos-corporales\/levantamiento-de-media-luna-en-la-axila\/#primaryimage"},"thumbnailUrl":"https:\/\/www.avanceplasticsurgery.com\/wp-content\/uploads\/2022\/01\/arm.jpg","datePublished":"2020-09-15T20:36:39+00:00","description":"El estiramiento de brazos con cicatriz corta, o estiramiento de media luna en la cirug\u00eda de axilas, es ideal para eliminar el exceso de piel y grasa de la parte superior del brazo cuando a\u00fan existe una elasticidad moderada de la piel. El Dr. Erez Dayan realiza esta cirug\u00eda en el Instituto de Cirug\u00eda Pl\u00e1stica Avance en Reno, Nevada.","breadcrumb":{"@id":"https:\/\/www.avanceplasticsurgery.com\/es\/procedimientos-cosmeticos-y-de-cirugia\/procedimientos-cosmeticos-corporales\/levantamiento-de-media-luna-en-la-axila\/#breadcrumb"},"inLanguage":"es","potentialAction":[{"@type":"ReadAction","target":["https:\/\/www.avanceplasticsurgery.com\/es\/procedimientos-cosmeticos-y-de-cirugia\/procedimientos-cosmeticos-corporales\/levantamiento-de-media-luna-en-la-axila\/"]}]},{"@type":"ImageObject","inLanguage":"es","@id":"https:\/\/www.avanceplasticsurgery.com\/es\/procedimientos-cosmeticos-y-de-cirugia\/procedimientos-cosmeticos-corporales\/levantamiento-de-media-luna-en-la-axila\/#primaryimage","url":"https:\/\/www.avanceplasticsurgery.com\/wp-content\/uploads\/2022\/01\/arm.jpg","contentUrl":"https:\/\/www.avanceplasticsurgery.com\/wp-content\/uploads\/2022\/01\/arm.jpg","width":1920,"height":595,"caption":"Un m\u00e9dico con gafas y guantes negros marca la parte superior del brazo de una mujer con un rotulador negro para un procedimiento cosm\u00e9tico; la mujer lleva un sujetador negro."},{"@type":"BreadcrumbList","@id":"https:\/\/www.avanceplasticsurgery.com\/es\/procedimientos-cosmeticos-y-de-cirugia\/procedimientos-cosmeticos-corporales\/levantamiento-de-media-luna-en-la-axila\/#breadcrumb","itemListElement":[{"@type":"ListItem","position":1,"name":"Home","item":"https:\/\/www.avanceplasticsurgery.com\/es\/"},{"@type":"ListItem","position":2,"name":"Cosm\u00e9tica","item":"https:\/\/www.avanceplasticsurgery.com\/es\/procedimientos-cosmeticos-y-de-cirugia\/"},{"@type":"ListItem","position":3,"name":"Procedimientos Cosm\u00e9ticos Corporales","item":"https:\/\/www.avanceplasticsurgery.com\/es\/procedimientos-cosmeticos-y-de-cirugia\/procedimientos-cosmeticos-corporales\/"},{"@type":"ListItem","position":4,"name":"Levantamiento de media luna en la axila"}]},{"@type":"WebSite","@id":"https:\/\/www.avanceplasticsurgery.com\/es\/#website","url":"https:\/\/www.avanceplasticsurgery.com\/es\/","name":"Avance Plastic Surgery","description":"","potentialAction":[{"@type":"SearchAction","target":{"@type":"EntryPoint","urlTemplate":"https:\/\/www.avanceplasticsurgery.com\/es\/?s={search_term_string}"},"query-input":{"@type":"PropertyValueSpecification","valueRequired":true,"valueName":"search_term_string"}}],"inLanguage":"es"}]}},"_links":{"self":[{"href":"https:\/\/www.avanceplasticsurgery.com\/es\/wp-json\/wp\/v2\/pages\/8851","targetHints":{"allow":["GET"]}}],"collection":[{"href":"https:\/\/www.avanceplasticsurgery.com\/es\/wp-json\/wp\/v2\/pages"}],"about":[{"href":"https:\/\/www.avanceplasticsurgery.com\/es\/wp-json\/wp\/v2\/types\/page"}],"author":[{"embeddable":true,"href":"https:\/\/www.avanceplasticsurgery.com\/es\/wp-json\/wp\/v2\/users\/1"}],"replies":[{"embeddable":true,"href":"https:\/\/www.avanceplasticsurgery.com\/es\/wp-json\/wp\/v2\/comments?post=8851"}],"version-history":[{"count":0,"href":"https:\/\/www.avanceplasticsurgery.com\/es\/wp-json\/wp\/v2\/pages\/8851\/revisions"}],"up":[{"embeddable":true,"href":"https:\/\/www.avanceplasticsurgery.com\/es\/wp-json\/wp\/v2\/pages\/8791"}],"wp:featuredmedia":[{"embeddable":true,"href":"https:\/\/www.avanceplasticsurgery.com\/es\/wp-json\/wp\/v2\/media\/8575"}],"wp:attachment":[{"href":"https:\/\/www.avanceplasticsurgery.com\/es\/wp-json\/wp\/v2\/media?parent=8851"}],"curies":[{"name":"wp","href":"https:\/\/api.w.org\/{rel}","templated":true}]}}