{"id":8853,"date":"2020-09-11T07:55:45","date_gmt":"2020-09-11T07:55:45","guid":{"rendered":"https:\/\/www.avanceplasticsurgery.com\/procedimientos-cosmeticos-y-de-cirugia\/procedimientos-cosmeticos-corporales\/liposuccion\/liposuccion-laser\/"},"modified":"2020-09-11T07:55:45","modified_gmt":"2020-09-11T07:55:45","slug":"liposuccion-laser","status":"publish","type":"page","link":"https:\/\/www.avanceplasticsurgery.com\/es\/procedimientos-cosmeticos-y-de-cirugia\/procedimientos-cosmeticos-corporales\/liposuccion\/liposuccion-laser\/","title":{"rendered":"Liposucci\u00f3n L\u00e1ser"},"content":{"rendered":"<h1>Liposucci\u00f3n L\u00e1ser<\/h1>\n<p><a title=\"Cirug\u00eda de liposucci\u00f3n en Reno NV cerca de m\u00ed\" href=\"https:\/\/www.avanceplasticsurgery.com\/es\/procedimientos-cosmeticos-y-de-cirugia\/procedimientos-cosmeticos-corporales\/liposuccion\/\">La liposucci\u00f3n<\/a> es un medio muy popular y efectivo para eliminar la grasa no deseada de las \u00e1reas problem\u00e1ticas que resisten los esfuerzos de la dieta y el ejercicio. El Dr. Erez Dayan del Avance Plastic Surgery Institute es un experto reconocido internacionalmente en m\u00faltiples t\u00e9cnicas avanzadas de liposucci\u00f3n para el contorno corporal. Uno de los m\u00e9todos avanzados que utiliza en su consultorio de Reno\/Tahoe, NV, es la liposucci\u00f3n l\u00e1ser, que combina el poder de la luz y el calor concentrados con la eliminaci\u00f3n de grasa espec\u00edfica para esculpir el cuerpo con precisi\u00f3n.<\/p>\n<p>El Dr. Dayan utiliza la liposucci\u00f3n junto con una amplia variedad de procedimientos de contorno corporal para proporcionar una forma y escultura adicionales a sus pacientes. C\u00f3mo y d\u00f3nde se usa la liposucci\u00f3n lo determina el Dr. Dayan, quien se apoya en su conocimiento y experiencia con numerosas t\u00e9cnicas de escultura corporal. Muy a menudo, utiliza la liposucci\u00f3n l\u00e1ser como el golpe de gracia final para las bolsas de grasa dif\u00edciles o rebeldes que de otro modo se resistir\u00edan a ser eliminadas.<\/p>\n<h2>Lipo l\u00e1ser profesional en Reno\/Tahoe<\/h2>\n<p>Mientras realiza una liposucci\u00f3n l\u00e1ser profesional, el Dr. Dayan utiliza el instrumento l\u00e1ser para calentar y aflojar bolsas de grasa rebeldes que de otro modo podr\u00edan resistir el procedimiento de liposucci\u00f3n. Se garantiza un cuidado preciso con el dispositivo l\u00e1ser y el dispositivo de liposucci\u00f3n para producir resultados de la mejor calidad y evitar da\u00f1os a los nervios y vasos sangu\u00edneos.<\/p>\n<p>Otros m\u00e9todos que utiliza el Dr. Dayan para descomponer y aflojar la grasa para la liposucci\u00f3n son el ultrasonido y la radiofrecuencia. Cada m\u00e9todo tiene usos y circunstancias espec\u00edficas que lo hacen ideal. El Dr. Dayan elige la mejor tecnolog\u00eda para ayudarlo durante los procedimientos de liposucci\u00f3n para producir los mejores resultados posibles para sus pacientes.<\/p>\n<p>Como parte de su plan de tratamiento personalizado, el Dr. Dayan puede usar lipol\u00e1ser como parte de otros procedimientos de contorno corporal. Puede explicar m\u00e1s sobre el procedimiento y otras opciones durante una consulta confidencial en su oficina de Reno\/Tahoe, NV. <a title=\"P\u00f3ngase en contacto con el Instituto de Cirug\u00eda Pl\u00e1stica Avance en Reno NV\" href=\"https:\/\/www.avanceplasticsurgery.com\/es\/contactenos\/\">Comun\u00edquese con el Instituto de Cirug\u00eda Pl\u00e1stica Avance en l\u00ednea<\/a> o ll\u00e1menos al (775) 800-4444 hoy para programar una consulta de liposucci\u00f3n l\u00e1ser con el Dr. Erez Dayan.<\/p>\n<p style=\"text-align: center;\"><a href=\"https:\/\/www.avanceplasticsurgery.com\/wp-content\/uploads\/2020\/10\/BodyTite_Liposuction-instructions.pdf\" class=\"btn btn-primary\" target=\"_blank\" rel=\"noopener noreferrer\">Instrucciones postoperatorias<\/a><\/p>\n<h3>Programa de mantenimiento<\/h3>\n<p>El <a href=\"https:\/\/www.avanceplasticsurgery.com\/es\/acerca-de\/programa-de-mantenimiento\/\">programa de mantenimiento<\/a> en Avance Plastic Surgery Institute est\u00e1 dise\u00f1ado para ofrecer a los pacientes una forma conveniente de continuar viendo los beneficios de nuestros tratamientos durante el mayor tiempo posible.<\/p>\n<p>Para mantener los resultados de los procedimientos de contorno corporal, recomendamos tratamientos no invasivos y m\u00ednimamente invasivos con los siguientes dispositivos:<\/p>\n<ul>\n<li>Forma Body (InMode)<\/li>\n<li>Morpheus 8 Body (InMode)<\/li>\n<li>Evolve<\/li>\n<\/ul>\n","protected":false},"excerpt":{"rendered":"<p>Liposucci\u00f3n L\u00e1ser La liposucci\u00f3n es un medio muy popular y efectivo para eliminar la grasa no deseada de las&hellip;<\/p>\n","protected":false},"author":1,"featured_media":0,"parent":8852,"menu_order":0,"comment_status":"closed","ping_status":"closed","template":"","meta":{"_acf_changed":false,"footnotes":""},"class_list":["post-8853","page","type-page","status-publish"],"acf":[],"yoast_head":"<!-- This site is optimized with the Yoast SEO plugin v25.6 - https:\/\/yoast.com\/wordpress\/plugins\/seo\/ -->\n<title>Especialista en liposucci\u00f3n l\u00e1ser de Reno NV | Lipo l\u00e1ser del lago Tahoe<\/title>\n<meta name=\"description\" content=\"La liposucci\u00f3n l\u00e1ser agrega el poder de la energ\u00eda l\u00e1ser para derretir y aflojar las bolsas de grasa rebeldes que de otro modo se resistir\u00edan a la liposucci\u00f3n est\u00e1ndar. El Dr. Erez Dayan a menudo usa la lipol\u00e1ser como parte de otros procedimientos de contorno corporal en el Instituto de Cirug\u00eda Pl\u00e1stica Avance en Reno, NV. Llame hoy para su consulta.\" \/>\n<meta name=\"robots\" content=\"index, follow, max-snippet:-1, max-image-preview:large, max-video-preview:-1\" \/>\n<link rel=\"canonical\" href=\"https:\/\/www.avanceplasticsurgery.com\/es\/procedimientos-cosmeticos-y-de-cirugia\/procedimientos-cosmeticos-corporales\/liposuccion\/liposuccion-laser\/\" \/>\n<meta property=\"og:locale\" content=\"es_ES\" \/>\n<meta property=\"og:type\" content=\"article\" \/>\n<meta property=\"og:title\" content=\"Especialista en liposucci\u00f3n l\u00e1ser de Reno NV | Lipo l\u00e1ser del lago Tahoe\" \/>\n<meta property=\"og:description\" content=\"La liposucci\u00f3n l\u00e1ser agrega el poder de la energ\u00eda l\u00e1ser para derretir y aflojar las bolsas de grasa rebeldes que de otro modo se resistir\u00edan a la liposucci\u00f3n est\u00e1ndar. El Dr. Erez Dayan a menudo usa la lipol\u00e1ser como parte de otros procedimientos de contorno corporal en el Instituto de Cirug\u00eda Pl\u00e1stica Avance en Reno, NV. Llame hoy para su consulta.\" \/>\n<meta property=\"og:url\" content=\"https:\/\/www.avanceplasticsurgery.com\/es\/procedimientos-cosmeticos-y-de-cirugia\/procedimientos-cosmeticos-corporales\/liposuccion\/liposuccion-laser\/\" \/>\n<meta property=\"og:site_name\" content=\"Avance Plastic Surgery\" \/>\n<meta name=\"twitter:card\" content=\"summary_large_image\" \/>\n<meta name=\"twitter:label1\" content=\"Tiempo de lectura\" \/>\n\t<meta name=\"twitter:data1\" content=\"2 minutos\" \/>\n<!-- \/ Yoast SEO plugin. -->","yoast_head_json":{"title":"Especialista en liposucci\u00f3n l\u00e1ser de Reno NV | Lipo l\u00e1ser del lago Tahoe","description":"La liposucci\u00f3n l\u00e1ser agrega el poder de la energ\u00eda l\u00e1ser para derretir y aflojar las bolsas de grasa rebeldes que de otro modo se resistir\u00edan a la liposucci\u00f3n est\u00e1ndar. El Dr. Erez Dayan a menudo usa la lipol\u00e1ser como parte de otros procedimientos de contorno corporal en el Instituto de Cirug\u00eda Pl\u00e1stica Avance en Reno, NV. Llame hoy para su consulta.","robots":{"index":"index","follow":"follow","max-snippet":"max-snippet:-1","max-image-preview":"max-image-preview:large","max-video-preview":"max-video-preview:-1"},"canonical":"https:\/\/www.avanceplasticsurgery.com\/es\/procedimientos-cosmeticos-y-de-cirugia\/procedimientos-cosmeticos-corporales\/liposuccion\/liposuccion-laser\/","og_locale":"es_ES","og_type":"article","og_title":"Especialista en liposucci\u00f3n l\u00e1ser de Reno NV | Lipo l\u00e1ser del lago Tahoe","og_description":"La liposucci\u00f3n l\u00e1ser agrega el poder de la energ\u00eda l\u00e1ser para derretir y aflojar las bolsas de grasa rebeldes que de otro modo se resistir\u00edan a la liposucci\u00f3n est\u00e1ndar. El Dr. Erez Dayan a menudo usa la lipol\u00e1ser como parte de otros procedimientos de contorno corporal en el Instituto de Cirug\u00eda Pl\u00e1stica Avance en Reno, NV. Llame hoy para su consulta.","og_url":"https:\/\/www.avanceplasticsurgery.com\/es\/procedimientos-cosmeticos-y-de-cirugia\/procedimientos-cosmeticos-corporales\/liposuccion\/liposuccion-laser\/","og_site_name":"Avance Plastic Surgery","twitter_card":"summary_large_image","twitter_misc":{"Tiempo de lectura":"2 minutos"},"schema":{"@context":"https:\/\/schema.org","@graph":[{"@type":"WebPage","@id":"https:\/\/www.avanceplasticsurgery.com\/es\/procedimientos-cosmeticos-y-de-cirugia\/procedimientos-cosmeticos-corporales\/liposuccion\/liposuccion-laser\/","url":"https:\/\/www.avanceplasticsurgery.com\/es\/procedimientos-cosmeticos-y-de-cirugia\/procedimientos-cosmeticos-corporales\/liposuccion\/liposuccion-laser\/","name":"Especialista en liposucci\u00f3n l\u00e1ser de Reno NV | Lipo l\u00e1ser del lago Tahoe","isPartOf":{"@id":"https:\/\/www.avanceplasticsurgery.com\/es\/#website"},"datePublished":"2020-09-11T07:55:45+00:00","description":"La liposucci\u00f3n l\u00e1ser agrega el poder de la energ\u00eda l\u00e1ser para derretir y aflojar las bolsas de grasa rebeldes que de otro modo se resistir\u00edan a la liposucci\u00f3n est\u00e1ndar. El Dr. Erez Dayan a menudo usa la lipol\u00e1ser como parte de otros procedimientos de contorno corporal en el Instituto de Cirug\u00eda Pl\u00e1stica Avance en Reno, NV. Llame hoy para su consulta.","breadcrumb":{"@id":"https:\/\/www.avanceplasticsurgery.com\/es\/procedimientos-cosmeticos-y-de-cirugia\/procedimientos-cosmeticos-corporales\/liposuccion\/liposuccion-laser\/#breadcrumb"},"inLanguage":"es","potentialAction":[{"@type":"ReadAction","target":["https:\/\/www.avanceplasticsurgery.com\/es\/procedimientos-cosmeticos-y-de-cirugia\/procedimientos-cosmeticos-corporales\/liposuccion\/liposuccion-laser\/"]}]},{"@type":"BreadcrumbList","@id":"https:\/\/www.avanceplasticsurgery.com\/es\/procedimientos-cosmeticos-y-de-cirugia\/procedimientos-cosmeticos-corporales\/liposuccion\/liposuccion-laser\/#breadcrumb","itemListElement":[{"@type":"ListItem","position":1,"name":"Home","item":"https:\/\/www.avanceplasticsurgery.com\/es\/"},{"@type":"ListItem","position":2,"name":"Cosm\u00e9tica","item":"https:\/\/www.avanceplasticsurgery.com\/es\/procedimientos-cosmeticos-y-de-cirugia\/"},{"@type":"ListItem","position":3,"name":"Procedimientos Cosm\u00e9ticos Corporales","item":"https:\/\/www.avanceplasticsurgery.com\/es\/procedimientos-cosmeticos-y-de-cirugia\/procedimientos-cosmeticos-corporales\/"},{"@type":"ListItem","position":4,"name":"Liposucci\u00f3n","item":"https:\/\/www.avanceplasticsurgery.com\/es\/procedimientos-cosmeticos-y-de-cirugia\/procedimientos-cosmeticos-corporales\/liposuccion\/"},{"@type":"ListItem","position":5,"name":"Liposucci\u00f3n L\u00e1ser"}]},{"@type":"WebSite","@id":"https:\/\/www.avanceplasticsurgery.com\/es\/#website","url":"https:\/\/www.avanceplasticsurgery.com\/es\/","name":"Avance Plastic Surgery","description":"","potentialAction":[{"@type":"SearchAction","target":{"@type":"EntryPoint","urlTemplate":"https:\/\/www.avanceplasticsurgery.com\/es\/?s={search_term_string}"},"query-input":{"@type":"PropertyValueSpecification","valueRequired":true,"valueName":"search_term_string"}}],"inLanguage":"es"}]}},"_links":{"self":[{"href":"https:\/\/www.avanceplasticsurgery.com\/es\/wp-json\/wp\/v2\/pages\/8853","targetHints":{"allow":["GET"]}}],"collection":[{"href":"https:\/\/www.avanceplasticsurgery.com\/es\/wp-json\/wp\/v2\/pages"}],"about":[{"href":"https:\/\/www.avanceplasticsurgery.com\/es\/wp-json\/wp\/v2\/types\/page"}],"author":[{"embeddable":true,"href":"https:\/\/www.avanceplasticsurgery.com\/es\/wp-json\/wp\/v2\/users\/1"}],"replies":[{"embeddable":true,"href":"https:\/\/www.avanceplasticsurgery.com\/es\/wp-json\/wp\/v2\/comments?post=8853"}],"version-history":[{"count":0,"href":"https:\/\/www.avanceplasticsurgery.com\/es\/wp-json\/wp\/v2\/pages\/8853\/revisions"}],"up":[{"embeddable":true,"href":"https:\/\/www.avanceplasticsurgery.com\/es\/wp-json\/wp\/v2\/pages\/8852"}],"wp:attachment":[{"href":"https:\/\/www.avanceplasticsurgery.com\/es\/wp-json\/wp\/v2\/media?parent=8853"}],"curies":[{"name":"wp","href":"https:\/\/api.w.org\/{rel}","templated":true}]}}