{"id":8854,"date":"2020-09-15T20:56:12","date_gmt":"2020-09-15T20:56:12","guid":{"rendered":"https:\/\/www.avanceplasticsurgery.com\/procedimientos-cosmeticos-y-de-cirugia\/procedimientos-cosmeticos-corporales\/liposuccion\/lipedema\/"},"modified":"2022-04-25T11:27:33","modified_gmt":"2022-04-25T11:27:33","slug":"lipedema","status":"publish","type":"page","link":"https:\/\/www.avanceplasticsurgery.com\/es\/procedimientos-cosmeticos-y-de-cirugia\/procedimientos-cosmeticos-corporales\/liposuccion\/lipedema\/","title":{"rendered":"Lipedema"},"content":{"rendered":"<h1>Tratamiento de lipedema<\/h1>\n<p>El lipedema es una afecci\u00f3n relativamente com\u00fan que se encuentra casi siempre en mujeres y que se caracteriza por diferentes s\u00edntomas a medida que avanzan las etapas del trastorno. Se cree que est\u00e1 influenciado por influencias gen\u00e9ticas y hormonales, los s\u00edntomas se manifiestan en diferentes niveles de dolor, hinchaz\u00f3n, sensibilidad y acumulaci\u00f3n de grasa debajo de la piel. Pueden verse afectadas diferentes partes del cuerpo, pero las piernas son las m\u00e1s comunes. El Dr. Erez Dayan del Instituto de Cirug\u00eda Pl\u00e1stica Avance brinda tratamiento de lipedema en su consultorio de Reno\/Tahoe, NV.<\/p>\n<p>Lipedema significa \u00abl\u00edquido en la grasa\u00bb, que describe con precisi\u00f3n este trastorno. El lipedema es la <a title=\"Cirug\u00eda de liposucci\u00f3n en Reno NV cerca de m\u00ed\" href=\"https:\/\/www.avanceplasticsurgery.com\/es\/cosmetic-and-surgery-procedures\/body-cosmetic-procedures\/liposuction\/\">acumulaci\u00f3n de c\u00e9lulas grasas<\/a> que se han hinchado de tama\u00f1o y son resistentes a cualquier intento de p\u00e9rdida de peso. Estas c\u00e9lulas se rellenan de \u00e1cido hialur\u00f3nico y agua, dando a la grasa del lipedema una consistencia de gelatina y la consiguiente pesadez. Su desarrollo es sim\u00e9trico y circunferencial en las zonas afectadas.<\/p>\n<h2>Eliminaci\u00f3n de grasa en las piernas<\/h2>\n<p>Los tratamientos para el lipedema generalmente se enfocan en formas de reducir la cantidad de l\u00edquido presente en las c\u00e9lulas grasas del lipedema. El Dr. Dayan puede tratar los casos de lipedema con varias formas de liposucci\u00f3n para eliminar por completo las c\u00e9lulas grasas del lipedema. Uno de los m\u00e1s efectivos es la liposucci\u00f3n tumescente. En esta forma de eliminaci\u00f3n de grasa de las piernas, se usa un anest\u00e9sico local mientras un l\u00edquido tumescente rodea el \u00e1rea de grasa lipid\u00e9mica. Luego, se usa una c\u00e1nula de liposucci\u00f3n para apuntar y eliminar cuidadosamente las \u00e1reas de grasa.<\/p>\n<p>Se debe tener mucho cuidado durante este procedimiento para no da\u00f1ar el sistema linf\u00e1tico y el tejido conectivo circundante. El Dr. Dayan es un experto en diversas formas y t\u00e9cnicas de liposucci\u00f3n, incluida la t\u00e9cnica tumescente. La recuperaci\u00f3n de la eliminaci\u00f3n de la grasa de las piernas con lipedema es relativamente r\u00e1pida y los resultados suelen ser muy buenos. Este procedimiento se realiza de forma ambulatoria en el Avance Plastic Surgery Institute en Reno\/Tahoe, NV.<\/p>\n<p>El Dr. Dayan y nuestro equipo de est\u00e9tica pueden trabajar con su m\u00e9dico y sus esfuerzos para combatir el lipedema a trav\u00e9s de otras t\u00e9cnicas hasta que se justifique la liposucci\u00f3n. Obtenga m\u00e1s informaci\u00f3n sobre el tratamiento del lipedema en Avance Plastic Surgery Institute <a title=\"P\u00f3ngase en contacto con el Instituto de Cirug\u00eda Pl\u00e1stica Avance en Reno NV\" href=\"https:\/\/www.avanceplasticsurgery.com\/es\/contact-us-dr-erez-dayan\/\">comunic\u00e1ndose con nuestra oficina<\/a> y programando una consulta con el Dr. Dayan y su equipo hoy.<\/p>\n<h3>Programa de mantenimiento<\/h3>\n<p>El <a href=\"https:\/\/www.avanceplasticsurgery.com\/es\/about-avance-plastic-surgery-institute\/plastic-surgery-maintenance\/\">programa de mantenimiento<\/a> en Avance Plastic Surgery Institute est\u00e1 dise\u00f1ado para ofrecer a los pacientes una forma conveniente de continuar viendo los beneficios de nuestros tratamientos durante el mayor tiempo posible.<\/p>\n<p>Para mantener los resultados de los procedimientos est\u00e9ticos corporales, recomendamos tratamientos no invasivos y m\u00ednimamente invasivos con los siguientes dispositivos:<\/p>\n<ul>\n<li>Forma Body (InMode)<\/li>\n<li>Morpheus 8 Body (InMode)<\/li>\n<li>Evolve<\/li>\n<\/ul>\n","protected":false},"excerpt":{"rendered":"<p>Tratamiento de lipedema El lipedema es una afecci\u00f3n relativamente com\u00fan que se encuentra casi siempre en mujeres y que&hellip;<\/p>\n","protected":false},"author":1,"featured_media":0,"parent":8852,"menu_order":0,"comment_status":"closed","ping_status":"closed","template":"","meta":{"_acf_changed":false,"footnotes":""},"class_list":["post-8854","page","type-page","status-publish"],"acf":[],"yoast_head":"<!-- This site is optimized with the Yoast SEO plugin v25.6 - https:\/\/yoast.com\/wordpress\/plugins\/seo\/ -->\n<title>Tratamiento de lipedema Reno NV | Eliminaci\u00f3n de grasa en las piernas del lipedema del lago Tahoe<\/title>\n<meta name=\"description\" content=\"El lipedema se caracteriza principalmente por el aumento de grasa en las piernas y otras zonas. El Dr. Erez Dayan ofrece tratamiento de lipedema a trav\u00e9s de formas de liposucci\u00f3n en el Instituto de Cirug\u00eda Pl\u00e1stica Avance en Reno, NV.\" \/>\n<meta name=\"robots\" content=\"index, follow, max-snippet:-1, max-image-preview:large, max-video-preview:-1\" \/>\n<link rel=\"canonical\" href=\"https:\/\/www.avanceplasticsurgery.com\/es\/procedimientos-cosmeticos-y-de-cirugia\/procedimientos-cosmeticos-corporales\/liposuccion\/lipedema\/\" \/>\n<meta property=\"og:locale\" content=\"es_ES\" \/>\n<meta property=\"og:type\" content=\"article\" \/>\n<meta property=\"og:title\" content=\"Tratamiento de lipedema Reno NV | Eliminaci\u00f3n de grasa en las piernas del lipedema del lago Tahoe\" \/>\n<meta property=\"og:description\" content=\"El lipedema se caracteriza principalmente por el aumento de grasa en las piernas y otras zonas. El Dr. Erez Dayan ofrece tratamiento de lipedema a trav\u00e9s de formas de liposucci\u00f3n en el Instituto de Cirug\u00eda Pl\u00e1stica Avance en Reno, NV.\" \/>\n<meta property=\"og:url\" content=\"https:\/\/www.avanceplasticsurgery.com\/es\/procedimientos-cosmeticos-y-de-cirugia\/procedimientos-cosmeticos-corporales\/liposuccion\/lipedema\/\" \/>\n<meta property=\"og:site_name\" content=\"Avance Plastic Surgery\" \/>\n<meta property=\"article:modified_time\" content=\"2022-04-25T11:27:33+00:00\" \/>\n<meta name=\"twitter:card\" content=\"summary_large_image\" \/>\n<meta name=\"twitter:label1\" content=\"Tiempo de lectura\" \/>\n\t<meta name=\"twitter:data1\" content=\"3 minutos\" \/>\n<!-- \/ Yoast SEO plugin. -->","yoast_head_json":{"title":"Tratamiento de lipedema Reno NV | Eliminaci\u00f3n de grasa en las piernas del lipedema del lago Tahoe","description":"El lipedema se caracteriza principalmente por el aumento de grasa en las piernas y otras zonas. El Dr. Erez Dayan ofrece tratamiento de lipedema a trav\u00e9s de formas de liposucci\u00f3n en el Instituto de Cirug\u00eda Pl\u00e1stica Avance en Reno, NV.","robots":{"index":"index","follow":"follow","max-snippet":"max-snippet:-1","max-image-preview":"max-image-preview:large","max-video-preview":"max-video-preview:-1"},"canonical":"https:\/\/www.avanceplasticsurgery.com\/es\/procedimientos-cosmeticos-y-de-cirugia\/procedimientos-cosmeticos-corporales\/liposuccion\/lipedema\/","og_locale":"es_ES","og_type":"article","og_title":"Tratamiento de lipedema Reno NV | Eliminaci\u00f3n de grasa en las piernas del lipedema del lago Tahoe","og_description":"El lipedema se caracteriza principalmente por el aumento de grasa en las piernas y otras zonas. El Dr. Erez Dayan ofrece tratamiento de lipedema a trav\u00e9s de formas de liposucci\u00f3n en el Instituto de Cirug\u00eda Pl\u00e1stica Avance en Reno, NV.","og_url":"https:\/\/www.avanceplasticsurgery.com\/es\/procedimientos-cosmeticos-y-de-cirugia\/procedimientos-cosmeticos-corporales\/liposuccion\/lipedema\/","og_site_name":"Avance Plastic Surgery","article_modified_time":"2022-04-25T11:27:33+00:00","twitter_card":"summary_large_image","twitter_misc":{"Tiempo de lectura":"3 minutos"},"schema":{"@context":"https:\/\/schema.org","@graph":[{"@type":"WebPage","@id":"https:\/\/www.avanceplasticsurgery.com\/es\/procedimientos-cosmeticos-y-de-cirugia\/procedimientos-cosmeticos-corporales\/liposuccion\/lipedema\/","url":"https:\/\/www.avanceplasticsurgery.com\/es\/procedimientos-cosmeticos-y-de-cirugia\/procedimientos-cosmeticos-corporales\/liposuccion\/lipedema\/","name":"Tratamiento de lipedema Reno NV | Eliminaci\u00f3n de grasa en las piernas del lipedema del lago Tahoe","isPartOf":{"@id":"https:\/\/www.avanceplasticsurgery.com\/es\/#website"},"datePublished":"2020-09-15T20:56:12+00:00","dateModified":"2022-04-25T11:27:33+00:00","description":"El lipedema se caracteriza principalmente por el aumento de grasa en las piernas y otras zonas. El Dr. Erez Dayan ofrece tratamiento de lipedema a trav\u00e9s de formas de liposucci\u00f3n en el Instituto de Cirug\u00eda Pl\u00e1stica Avance en Reno, NV.","breadcrumb":{"@id":"https:\/\/www.avanceplasticsurgery.com\/es\/procedimientos-cosmeticos-y-de-cirugia\/procedimientos-cosmeticos-corporales\/liposuccion\/lipedema\/#breadcrumb"},"inLanguage":"es","potentialAction":[{"@type":"ReadAction","target":["https:\/\/www.avanceplasticsurgery.com\/es\/procedimientos-cosmeticos-y-de-cirugia\/procedimientos-cosmeticos-corporales\/liposuccion\/lipedema\/"]}]},{"@type":"BreadcrumbList","@id":"https:\/\/www.avanceplasticsurgery.com\/es\/procedimientos-cosmeticos-y-de-cirugia\/procedimientos-cosmeticos-corporales\/liposuccion\/lipedema\/#breadcrumb","itemListElement":[{"@type":"ListItem","position":1,"name":"Home","item":"https:\/\/www.avanceplasticsurgery.com\/es\/"},{"@type":"ListItem","position":2,"name":"Cosm\u00e9tica","item":"https:\/\/www.avanceplasticsurgery.com\/es\/procedimientos-cosmeticos-y-de-cirugia\/"},{"@type":"ListItem","position":3,"name":"Procedimientos Cosm\u00e9ticos Corporales","item":"https:\/\/www.avanceplasticsurgery.com\/es\/procedimientos-cosmeticos-y-de-cirugia\/procedimientos-cosmeticos-corporales\/"},{"@type":"ListItem","position":4,"name":"Liposucci\u00f3n","item":"https:\/\/www.avanceplasticsurgery.com\/es\/procedimientos-cosmeticos-y-de-cirugia\/procedimientos-cosmeticos-corporales\/liposuccion\/"},{"@type":"ListItem","position":5,"name":"Lipedema"}]},{"@type":"WebSite","@id":"https:\/\/www.avanceplasticsurgery.com\/es\/#website","url":"https:\/\/www.avanceplasticsurgery.com\/es\/","name":"Avance Plastic Surgery","description":"","potentialAction":[{"@type":"SearchAction","target":{"@type":"EntryPoint","urlTemplate":"https:\/\/www.avanceplasticsurgery.com\/es\/?s={search_term_string}"},"query-input":{"@type":"PropertyValueSpecification","valueRequired":true,"valueName":"search_term_string"}}],"inLanguage":"es"}]}},"_links":{"self":[{"href":"https:\/\/www.avanceplasticsurgery.com\/es\/wp-json\/wp\/v2\/pages\/8854","targetHints":{"allow":["GET"]}}],"collection":[{"href":"https:\/\/www.avanceplasticsurgery.com\/es\/wp-json\/wp\/v2\/pages"}],"about":[{"href":"https:\/\/www.avanceplasticsurgery.com\/es\/wp-json\/wp\/v2\/types\/page"}],"author":[{"embeddable":true,"href":"https:\/\/www.avanceplasticsurgery.com\/es\/wp-json\/wp\/v2\/users\/1"}],"replies":[{"embeddable":true,"href":"https:\/\/www.avanceplasticsurgery.com\/es\/wp-json\/wp\/v2\/comments?post=8854"}],"version-history":[{"count":1,"href":"https:\/\/www.avanceplasticsurgery.com\/es\/wp-json\/wp\/v2\/pages\/8854\/revisions"}],"predecessor-version":[{"id":9212,"href":"https:\/\/www.avanceplasticsurgery.com\/es\/wp-json\/wp\/v2\/pages\/8854\/revisions\/9212"}],"up":[{"embeddable":true,"href":"https:\/\/www.avanceplasticsurgery.com\/es\/wp-json\/wp\/v2\/pages\/8852"}],"wp:attachment":[{"href":"https:\/\/www.avanceplasticsurgery.com\/es\/wp-json\/wp\/v2\/media?parent=8854"}],"curies":[{"name":"wp","href":"https:\/\/api.w.org\/{rel}","templated":true}]}}