{"id":8855,"date":"2020-09-15T21:09:45","date_gmt":"2020-09-15T21:09:45","guid":{"rendered":"https:\/\/www.avanceplasticsurgery.com\/procedimientos-cosmeticos-y-de-cirugia\/procedimientos-cosmeticos-corporales\/liposuccion\/linfedema\/"},"modified":"2022-04-25T11:24:34","modified_gmt":"2022-04-25T11:24:34","slug":"linfedema","status":"publish","type":"page","link":"https:\/\/www.avanceplasticsurgery.com\/es\/procedimientos-cosmeticos-y-de-cirugia\/procedimientos-cosmeticos-corporales\/liposuccion\/linfedema\/","title":{"rendered":"linfedema"},"content":{"rendered":"<h1>Tratamiento del linfedema<\/h1>\n<p>El sistema linf\u00e1tico se considera nuestro \u201csegundo sistema circulatorio\u201d. Tiene muchas funciones importantes, incluido un papel clave en nuestro sistema inmunol\u00f3gico, adem\u00e1s de mantener el equilibrio de l\u00edquidos en nuestro cuerpo. En los Estados Unidos, la causa m\u00e1s com\u00fan de linfedema es el linfedema relacionado con el c\u00e1ncer de mama. El tratamiento del c\u00e1ncer de mama a menudo implica la extirpaci\u00f3n de algunos o todos los ganglios linf\u00e1ticos axilares (bajo el brazo) con fines de estadificaci\u00f3n y tratamiento. Adem\u00e1s, estos mismos ganglios linf\u00e1ticos pueden someterse a radioterapia.<\/p>\n<p>Cuando una zona del sistema linf\u00e1tico resulta da\u00f1ada por la cirug\u00eda o la radiaci\u00f3n, puede producirse una inflamaci\u00f3n progresiva en la extremidad. Esta hinchaz\u00f3n tiende a empeorar con el tiempo y puede provocar infecciones graves de los tejidos blandos debido a la acumulaci\u00f3n de l\u00edquido linf\u00e1tico rico en prote\u00ednas en los tejidos. Muchos pacientes tienen una calidad de vida limitada debido al tama\u00f1o y peso de su extremidad. En casos raros, el linfedema puede progresar a su propio c\u00e1ncer llamado linfangiosarcoma.<\/p>\n<p>El Dr. Erez Dayan del Instituto de Cirug\u00eda Pl\u00e1stica Avance en Reno\/Tahoe, NV, ha estado a la vanguardia de la investigaci\u00f3n y el avance del tratamiento del linfedema durante los \u00faltimos 10 a\u00f1os. Ha publicado art\u00edculos de investigaci\u00f3n clave sobre el tratamiento quir\u00fargico del linfedema y ha sido seleccionado para formar parte de prestigiosos comit\u00e9s de programas, como el Presidente cient\u00edfico del Simposio sobre linfedema de Harvard, un consorcio internacional multidisciplinario de expertos en linfedema.<\/p>\n<p>En pacientes selectos, el Dr. Dayan puede tratar el linfedema a trav\u00e9s de t\u00e9cnicas innovadoras como la transferencia de ganglios linf\u00e1ticos, el bypass venoso linf\u00e1tico o la <a title=\"Cirug\u00eda de liposucci\u00f3n en Reno NV cerca de m\u00ed\" href=\"https:\/\/www.avanceplasticsurgery.com\/es\/cosmetic-and-surgery-procedures\/body-cosmetic-procedures\/liposuction\/\">liposucci\u00f3n<\/a> . El Dr. Dayan utiliza las herramientas de diagn\u00f3stico m\u00e1s avanzadas, como la linfangiograf\u00eda con verde de indocianina, para la evaluaci\u00f3n y el diagn\u00f3stico. Despu\u00e9s de su evaluaci\u00f3n, el Dr. Dayan discutir\u00e1 su plan recomendado y le brindar\u00e1 m\u00e1s informaci\u00f3n durante su consulta de Reno en Avance Plastic Surgery Institute.<\/p>\n<button class=\"flc-yt lazyload\" data-id=\"OZblMM3T8mI\" data-title=\"Transferencia de ganglios linf\u00e1ticos Dr. Erez Dayan Avance Plastic Surgery\" data-bg=\"https:\/\/i.ytimg.com\/vi\/OZblMM3T8mI\/hqdefault.jpg\" aria-label=\"Play video Transferencia de ganglios linf\u00e1ticos Dr. Erez Dayan Avance Plastic Surgery\">  <div class=\"flc-yt__title\">Transferencia de ganglios linf\u00e1ticos Dr. Erez Dayan Avance Plastic Surgery<\/div>  <span class=\"flc-yt__play\">    <svg viewBox=\"0 0 68 48\" xmlns=\"http:\/\/www.w3.org\/2000\/svg\" aria-hidden=\"true\"><path d=\"M66.5 7.8A8.5 8.5 0 0 0 60.6 2C55.3.5 34 .5 34 .5S12.7.5 7.4 2A8.5 8.5 0 0 0 1.5 7.8C0 13.1 0 24 0 24s0 10.9 1.5 16.2A8.5 8.5 0 0 0 7.4 46C12.7 47.5 34 47.5 34 47.5s21.3 0 26.6-1.5a8.5 8.5 0 0 0 5.9-5.8C68 34.9 68 24 68 24s0-10.9-1.5-16.2Z\" fill=\"#f00\"\/><path d=\"M27 34l18-10-18-10v20Z\" fill=\"#fff\"\/><\/svg>  <\/span><\/button>\n<dl id=\"faq-1\" class=\"flc-faq\"><dt>\u00bfQu\u00e9 es la cirug\u00eda de linfedema?<\/dt><dd><p>Aunque la cirug\u00eda para el linfedema no es una cura, en pacientes seleccionados se sabe que ayuda a reducir la gravedad de los s\u00edntomas y mitigar las complicaciones que surgen de la afecci\u00f3n, como infecciones recurrentes y la necesidad de compresi\u00f3n diaria. Con el uso de t\u00e9cnicas de microcirug\u00eda de vanguardia, ahora podemos tratar el linfedema de maneras que antes no eran posibles.<\/p>\r\n\r\n<p>Algunas opciones para la cirug\u00eda incluyen:<\/p>\r\n<ul>\r\n<li>Liposucci\u00f3n:<br>\r\nLa liposucci\u00f3n se puede usar para eliminar el exceso de grasa y tejido cicatricial causado por el linfedema y los fluidos linf\u00e1ticos que se han derramado en el tejido circundante, causando inflamaci\u00f3n y crecimiento de c\u00e9lulas grasas.<\/li>\r\n<li>Bypass linf\u00e1tico venoso (LVA):<br>\r\nEste procedimiento ayuda a dirigir el l\u00edquido de los ganglios linf\u00e1ticos hacia las venas peque\u00f1as. En casos seleccionados, esto se puede realizar de forma profil\u00e1ctica en el momento del tratamiento del c\u00e1ncer de mama y la disecci\u00f3n de los ganglios linf\u00e1ticos.<\/li>\r\n<li>LINFA:<br>\r\nLYMPHA son las siglas de Lymphatic Microsurgical Preventing Healing Approach y es una t\u00e9cnica preventiva que se realiza m\u00e1s com\u00fanmente durante la escisi\u00f3n del c\u00e1ncer de mama para volver a conectar los canales linf\u00e1ticos en un intento de reducir las posibilidades de linfedema.<\/li>\r\n<li>Transferencia de ganglios linf\u00e1ticos vascularizados:<br>\r\nAqu\u00ed, los ganglios linf\u00e1ticos de otras partes del cuerpo se trasplantan para compensar los da\u00f1ados por el tratamiento del c\u00e1ncer. Por lo general, los ganglios sanos se extraen del abdomen, pero tambi\u00e9n se pueden extraer del \u00e1rea de la ingle, el cuello y el pecho.<\/li>\r\n<\/ul>\r\n<p>Las opciones no quir\u00fargicas incluyen:<\/p>\r\n<ul>\r\n<li>Terapia de masaje linf\u00e1tico:<br>\r\nAqu\u00ed, el l\u00edquido linf\u00e1tico se drena manualmente hacia los ganglios utilizando una t\u00e9cnica espec\u00edfica para promover el flujo linf\u00e1tico. El tratamiento es suave e indoloro y se puede realizar varias veces a la semana. La terapia de masaje linf\u00e1tico tambi\u00e9n es utilizada com\u00fanmente por el Dr. Dayan para pacientes despu\u00e9s de una cirug\u00eda est\u00e9tica para mejorar la hinchaz\u00f3n y promover el flujo linf\u00e1tico.<\/li>\r\n<\/ul><\/dd><dt>\u00bfCu\u00e1les son las etapas del linfedema?<\/dt><dd><dl>\r\n<dt>Nivel 1:<\/dt>\r\n<dd>No hay signos ni s\u00edntomas, pero hay un flujo anormal en el sistema linf\u00e1tico. Esta etapa se puede ver en im\u00e1genes de infrarrojo cercano que realiza el Dr. Dayan llamadas linfangiograf\u00eda con verde de indocianina (ICG).<\/dd>\r\n<dt>Etapa 2:<\/dt>\r\n<dd>El l\u00edquido se acumula y el \u00e1rea se hincha. Una vez que se eleva la extremidad, la inflamaci\u00f3n cede. Cuando presiona en el \u00e1rea afectada, puede dejar una muesca.<\/dd>\r\n<dt>Etapa 3:<\/dt>\r\n<dd>La hinchaz\u00f3n no desaparece cuando se eleva la extremidad. Presionar sobre el \u00e1rea afectada no deja ninguna muesca. La piel comienza a engrosarse debido a la inflamaci\u00f3n subyacente y la formaci\u00f3n de tejido cicatricial.<\/dd>\r\n<dt>Etapa 4:<\/dt>\r\n<dd>La deformidad de las extremidades es evidente (elefantiasis). La piel se ha engrosado y ahora son evidentes las cicatrices y los crecimientos en la superficie.<\/dd>\r\n<\/dl><\/dd><dt>\u00bfC\u00f3mo puedo planificar mi cirug\u00eda linf\u00e1tica de Reno?<\/dt><dd><p>El primer paso es programar una consulta con el Dr. Dayan en el Avance Plastic Surgery Institute en Reno\/Tahoe. Durante esta consulta, evaluar\u00e1 su etapa de linfedema y discutir\u00e1 con usted el mejor enfoque para el tratamiento. Los pacientes pueden esperar completar las siguientes tareas antes y durante su consulta:<\/p>\r\n<ul>\r\n<li>Organizar la comunicaci\u00f3n entre el Dr. Dayan y su terapeuta linf\u00e1tico y ocupacional<\/li>\r\n<li>Revisar un historial m\u00e9dico y quir\u00fargico completo, enumerando cualquier condici\u00f3n pasada o presente.<\/li>\r\n<li>Proporcione una lista detallada de los medicamentos que est\u00e1 tomando, incluidos los suplementos y las hierbas.<\/li>\r\n<li>Someterse a una evaluaci\u00f3n f\u00edsica<\/li>\r\n<li>Someterse a im\u00e1genes linf\u00e1ticas con verde de indocianina infrarrojo cercano con fines de diagn\u00f3stico<\/li>\r\n<li>Discuta los riesgos y beneficios del procedimiento con el Dr. Dayan<\/li>\r\n<li>Discutir los costos de la cirug\u00eda y las opciones de cobertura de seguro<\/li>\r\n<\/ul><\/dd><dt>\u00bfQu\u00e9 tipo de anestesia se utilizar\u00e1?<\/dt><dd>El Dr. Dayan se asegurar\u00e1 de que se sienta c\u00f3modo en cada etapa de su procedimiento. Por lo general, se usa anestesia general, lo que significa que permanecer\u00e1 dormido durante todo el procedimiento. La anestesia local con sedaci\u00f3n es otra opci\u00f3n viable en casos seleccionados. Con cualquiera de las dos opciones, necesitar\u00e1 que un amigo o familiar lo lleve a casa, ya que no podr\u00e1 operar un veh\u00edculo de manera segura.<\/dd><dt>\u00bfQui\u00e9n es un candidato ideal para el tratamiento del linfedema?<\/dt><dd>La cirug\u00eda no es una opci\u00f3n de tratamiento principal para el linfedema, pero se ha demostrado que mejora con \u00e9xito el linfedema en casos seleccionados. El mejor candidato para la cirug\u00eda de linfedema es un paciente que ha sido evaluado y optimizado por un terapeuta linf\u00e1tico certificado y se encuentra en etapas menos avanzadas de la afecci\u00f3n.<\/dd><dt>\u00bfQu\u00e9 puedo esperar de mi recuperaci\u00f3n?<\/dt><dd>Despu\u00e9s de su procedimiento, recibir\u00e1 un plan detallado de cuidados posteriores para garantizar una recuperaci\u00f3n segura. Es importante seguir las instrucciones del Dr. Dayan para garantizar que su curaci\u00f3n sea lo m\u00e1s \u00f3ptima posible. El experimentado personal de enfermer\u00eda del Dr. Dayan controlar\u00e1 regularmente su progreso adem\u00e1s de las visitas programadas con el Dr. Dayan antes y despu\u00e9s de su procedimiento.<\/dd><dt>\u00bfCu\u00e1les son las tarifas para la cirug\u00eda de linfedema en Reno\/Tahoe, Nevada?<\/dt><dd>Hay varios enfoques diferentes para la cirug\u00eda linf\u00e1tica, y cada uno tendr\u00e1 un costo diferente. La mejor manera de obtener una cotizaci\u00f3n precisa es visitar al Dr. Dayan en Reno\/Tahoe y someterse a una consulta y evaluaci\u00f3n f\u00edsica. Nuestra oficina puede ayudarlo a completar el papeleo para el seguro y con el financiamiento si es necesario.<\/dd><dt>\u00bfPor qu\u00e9 elegir al Dr. Dayan del Avance Plastic Surgery Institute?<\/dt><dd><p>El Dr. Dayan es un cirujano pl\u00e1stico y reconstructivo altamente calificado, con una amplia experiencia en cirug\u00eda reconstructiva, trasplante de rostro y reconstrucci\u00f3n microvascular compleja. Se form\u00f3 en el Programa de Cirug\u00eda Pl\u00e1stica de Harvard y luego complet\u00f3 su beca en el Instituto de Cirug\u00eda Pl\u00e1stica de Dallas, de renombre mundial.<\/p>\r\n<p>El Dr. Dayan ha presentado y publicado sobre temas de cirug\u00eda pl\u00e1stica en m\u00e1s de 150 ocasiones, incluida la autor\u00eda de cinco libros. Ha publicado art\u00edculos fundamentales sobre el tratamiento del linfedema y ha trabajado en estrecha colaboraci\u00f3n con los pioneros de la cirug\u00eda linf\u00e1tica para describir t\u00e9cnicas como el mapeo linf\u00e1tico inverso y consideraciones anat\u00f3micas clave para optimizar los resultados en la cirug\u00eda linf\u00e1tica.<\/p>\r\n<p>El Dr. Dayan es un orador habitual a nivel nacional e internacional, viajando a Europa, Asia, Medio Oriente y Am\u00e9rica del Sur. Recibi\u00f3 el Premio al Logro Acad\u00e9mico de Cirug\u00eda Pl\u00e1stica de Harvard, la Beca Robert Goldwyn\/Harvard Medical School y la Beca de la Fundaci\u00f3n de Investigaci\u00f3n y Educaci\u00f3n en Cirug\u00eda Est\u00e9tica. El Dr. Dayan tambi\u00e9n es un investigador clave y l\u00edder de opini\u00f3n para Allergan, Galderma, InMode y MTF Biologics.<\/p> <\/dd><\/dl>\n<p><a title=\"P\u00f3ngase en contacto con el Instituto de Cirug\u00eda Pl\u00e1stica Avance en Reno NV\" href=\"https:\/\/www.avanceplasticsurgery.com\/es\/contact-us-dr-erez-dayan\/\">P\u00f3ngase en contacto con el Instituto de Cirug\u00eda Pl\u00e1stica Avance en l\u00ednea<\/a> hoy mismo, ll\u00e1menos al (775) 800-4444 para programar una consulta con el Dr. Dayan.<\/p>\n<h3>Programa de mantenimiento<\/h3>\n<p>El <a href=\"https:\/\/www.avanceplasticsurgery.com\/es\/about-avance-plastic-surgery-institute\/plastic-surgery-maintenance\/\">programa de mantenimiento<\/a> en Avance Plastic Surgery Institute est\u00e1 dise\u00f1ado para ofrecer a los pacientes una forma conveniente de continuar viendo los beneficios de nuestros tratamientos durante el mayor tiempo posible.<\/p>\n<p>Para mantener los resultados de los procedimientos est\u00e9ticos corporales, recomendamos tratamientos no invasivos y m\u00ednimamente invasivos con los siguientes dispositivos:<\/p>\n<ul>\n<li>Forma Body (InMode)<\/li>\n<li>Morpheus 8 Body (InMode)<\/li>\n<li>Evolve<\/li>\n<\/ul>\n","protected":false},"excerpt":{"rendered":"<p>Tratamiento del linfedema El sistema linf\u00e1tico se considera nuestro \u201csegundo sistema circulatorio\u201d. Tiene muchas funciones importantes, incluido un papel&hellip;<\/p>\n","protected":false},"author":1,"featured_media":0,"parent":8852,"menu_order":0,"comment_status":"closed","ping_status":"closed","template":"","meta":{"_acf_changed":false,"footnotes":""},"class_list":["post-8855","page","type-page","status-publish"],"acf":[],"yoast_head":"<!-- This site is optimized with the Yoast SEO plugin v25.6 - https:\/\/yoast.com\/wordpress\/plugins\/seo\/ -->\n<title>Tratamiento de linfedema de Reno NV | Especialista en cirug\u00eda de linfedema de Lake Tahoe<\/title>\n<meta name=\"description\" content=\"Las opciones avanzadas de tratamiento del linfedema que incluyen varios procedimientos quir\u00fargicos innovadores est\u00e1n disponibles del Dr. Erez Dayan en el Instituto de Cirug\u00eda Pl\u00e1stica Avance. Ll\u00e1menos hoy para su consulta en nuestra oficina de Reno, NV.\" \/>\n<meta name=\"robots\" content=\"index, follow, max-snippet:-1, max-image-preview:large, max-video-preview:-1\" \/>\n<link rel=\"canonical\" href=\"https:\/\/www.avanceplasticsurgery.com\/es\/procedimientos-cosmeticos-y-de-cirugia\/procedimientos-cosmeticos-corporales\/liposuccion\/linfedema\/\" \/>\n<meta property=\"og:locale\" content=\"es_ES\" \/>\n<meta property=\"og:type\" content=\"article\" \/>\n<meta property=\"og:title\" content=\"Tratamiento de linfedema de Reno NV | Especialista en cirug\u00eda de linfedema de Lake Tahoe\" \/>\n<meta property=\"og:description\" content=\"Las opciones avanzadas de tratamiento del linfedema que incluyen varios procedimientos quir\u00fargicos innovadores est\u00e1n disponibles del Dr. Erez Dayan en el Instituto de Cirug\u00eda Pl\u00e1stica Avance. Ll\u00e1menos hoy para su consulta en nuestra oficina de Reno, NV.\" \/>\n<meta property=\"og:url\" content=\"https:\/\/www.avanceplasticsurgery.com\/es\/procedimientos-cosmeticos-y-de-cirugia\/procedimientos-cosmeticos-corporales\/liposuccion\/linfedema\/\" \/>\n<meta property=\"og:site_name\" content=\"Avance Plastic Surgery\" \/>\n<meta property=\"article:modified_time\" content=\"2022-04-25T11:24:34+00:00\" \/>\n<meta name=\"twitter:card\" content=\"summary_large_image\" \/>\n<meta name=\"twitter:label1\" content=\"Tiempo de lectura\" \/>\n\t<meta name=\"twitter:data1\" content=\"2 minutos\" \/>\n<!-- \/ Yoast SEO plugin. -->","yoast_head_json":{"title":"Tratamiento de linfedema de Reno NV | Especialista en cirug\u00eda de linfedema de Lake Tahoe","description":"Las opciones avanzadas de tratamiento del linfedema que incluyen varios procedimientos quir\u00fargicos innovadores est\u00e1n disponibles del Dr. Erez Dayan en el Instituto de Cirug\u00eda Pl\u00e1stica Avance. Ll\u00e1menos hoy para su consulta en nuestra oficina de Reno, NV.","robots":{"index":"index","follow":"follow","max-snippet":"max-snippet:-1","max-image-preview":"max-image-preview:large","max-video-preview":"max-video-preview:-1"},"canonical":"https:\/\/www.avanceplasticsurgery.com\/es\/procedimientos-cosmeticos-y-de-cirugia\/procedimientos-cosmeticos-corporales\/liposuccion\/linfedema\/","og_locale":"es_ES","og_type":"article","og_title":"Tratamiento de linfedema de Reno NV | Especialista en cirug\u00eda de linfedema de Lake Tahoe","og_description":"Las opciones avanzadas de tratamiento del linfedema que incluyen varios procedimientos quir\u00fargicos innovadores est\u00e1n disponibles del Dr. Erez Dayan en el Instituto de Cirug\u00eda Pl\u00e1stica Avance. Ll\u00e1menos hoy para su consulta en nuestra oficina de Reno, NV.","og_url":"https:\/\/www.avanceplasticsurgery.com\/es\/procedimientos-cosmeticos-y-de-cirugia\/procedimientos-cosmeticos-corporales\/liposuccion\/linfedema\/","og_site_name":"Avance Plastic Surgery","article_modified_time":"2022-04-25T11:24:34+00:00","twitter_card":"summary_large_image","twitter_misc":{"Tiempo de lectura":"2 minutos"},"schema":{"@context":"https:\/\/schema.org","@graph":[{"@type":"WebPage","@id":"https:\/\/www.avanceplasticsurgery.com\/es\/procedimientos-cosmeticos-y-de-cirugia\/procedimientos-cosmeticos-corporales\/liposuccion\/linfedema\/","url":"https:\/\/www.avanceplasticsurgery.com\/es\/procedimientos-cosmeticos-y-de-cirugia\/procedimientos-cosmeticos-corporales\/liposuccion\/linfedema\/","name":"Tratamiento de linfedema de Reno NV | Especialista en cirug\u00eda de linfedema de Lake Tahoe","isPartOf":{"@id":"https:\/\/www.avanceplasticsurgery.com\/es\/#website"},"datePublished":"2020-09-15T21:09:45+00:00","dateModified":"2022-04-25T11:24:34+00:00","description":"Las opciones avanzadas de tratamiento del linfedema que incluyen varios procedimientos quir\u00fargicos innovadores est\u00e1n disponibles del Dr. Erez Dayan en el Instituto de Cirug\u00eda Pl\u00e1stica Avance. Ll\u00e1menos hoy para su consulta en nuestra oficina de Reno, NV.","breadcrumb":{"@id":"https:\/\/www.avanceplasticsurgery.com\/es\/procedimientos-cosmeticos-y-de-cirugia\/procedimientos-cosmeticos-corporales\/liposuccion\/linfedema\/#breadcrumb"},"inLanguage":"es","potentialAction":[{"@type":"ReadAction","target":["https:\/\/www.avanceplasticsurgery.com\/es\/procedimientos-cosmeticos-y-de-cirugia\/procedimientos-cosmeticos-corporales\/liposuccion\/linfedema\/"]}]},{"@type":"BreadcrumbList","@id":"https:\/\/www.avanceplasticsurgery.com\/es\/procedimientos-cosmeticos-y-de-cirugia\/procedimientos-cosmeticos-corporales\/liposuccion\/linfedema\/#breadcrumb","itemListElement":[{"@type":"ListItem","position":1,"name":"Home","item":"https:\/\/www.avanceplasticsurgery.com\/es\/"},{"@type":"ListItem","position":2,"name":"Cosm\u00e9tica","item":"https:\/\/www.avanceplasticsurgery.com\/es\/procedimientos-cosmeticos-y-de-cirugia\/"},{"@type":"ListItem","position":3,"name":"Procedimientos Cosm\u00e9ticos Corporales","item":"https:\/\/www.avanceplasticsurgery.com\/es\/procedimientos-cosmeticos-y-de-cirugia\/procedimientos-cosmeticos-corporales\/"},{"@type":"ListItem","position":4,"name":"Liposucci\u00f3n","item":"https:\/\/www.avanceplasticsurgery.com\/es\/procedimientos-cosmeticos-y-de-cirugia\/procedimientos-cosmeticos-corporales\/liposuccion\/"},{"@type":"ListItem","position":5,"name":"linfedema"}]},{"@type":"WebSite","@id":"https:\/\/www.avanceplasticsurgery.com\/es\/#website","url":"https:\/\/www.avanceplasticsurgery.com\/es\/","name":"Avance Plastic Surgery","description":"","potentialAction":[{"@type":"SearchAction","target":{"@type":"EntryPoint","urlTemplate":"https:\/\/www.avanceplasticsurgery.com\/es\/?s={search_term_string}"},"query-input":{"@type":"PropertyValueSpecification","valueRequired":true,"valueName":"search_term_string"}}],"inLanguage":"es"}]}},"_links":{"self":[{"href":"https:\/\/www.avanceplasticsurgery.com\/es\/wp-json\/wp\/v2\/pages\/8855","targetHints":{"allow":["GET"]}}],"collection":[{"href":"https:\/\/www.avanceplasticsurgery.com\/es\/wp-json\/wp\/v2\/pages"}],"about":[{"href":"https:\/\/www.avanceplasticsurgery.com\/es\/wp-json\/wp\/v2\/types\/page"}],"author":[{"embeddable":true,"href":"https:\/\/www.avanceplasticsurgery.com\/es\/wp-json\/wp\/v2\/users\/1"}],"replies":[{"embeddable":true,"href":"https:\/\/www.avanceplasticsurgery.com\/es\/wp-json\/wp\/v2\/comments?post=8855"}],"version-history":[{"count":1,"href":"https:\/\/www.avanceplasticsurgery.com\/es\/wp-json\/wp\/v2\/pages\/8855\/revisions"}],"predecessor-version":[{"id":9210,"href":"https:\/\/www.avanceplasticsurgery.com\/es\/wp-json\/wp\/v2\/pages\/8855\/revisions\/9210"}],"up":[{"embeddable":true,"href":"https:\/\/www.avanceplasticsurgery.com\/es\/wp-json\/wp\/v2\/pages\/8852"}],"wp:attachment":[{"href":"https:\/\/www.avanceplasticsurgery.com\/es\/wp-json\/wp\/v2\/media?parent=8855"}],"curies":[{"name":"wp","href":"https:\/\/api.w.org\/{rel}","templated":true}]}}