{"id":8856,"date":"2020-09-15T21:14:38","date_gmt":"2020-09-15T21:14:38","guid":{"rendered":"https:\/\/www.avanceplasticsurgery.com\/procedimientos-cosmeticos-y-de-cirugia\/procedimientos-cosmeticos-corporales\/liposuccion\/liposuccion-tumescente\/"},"modified":"2020-09-15T21:14:38","modified_gmt":"2020-09-15T21:14:38","slug":"liposuccion-tumescente","status":"publish","type":"page","link":"https:\/\/www.avanceplasticsurgery.com\/es\/procedimientos-cosmeticos-y-de-cirugia\/procedimientos-cosmeticos-corporales\/liposuccion\/liposuccion-tumescente\/","title":{"rendered":"Liposucci\u00f3n tumescente"},"content":{"rendered":"<h1>Liposucci\u00f3n tumescente<\/h1>\n<p><a title=\"Cirug\u00eda de liposucci\u00f3n en Reno NV cerca de m\u00ed\" href=\"https:\/\/www.avanceplasticsurgery.com\/cosmetic-and-surgery-procedures\/body-cosmetic-procedures\/liposuction\/\">La liposucci\u00f3n<\/a> es un m\u00e9todo ampliamente popular y exitoso para eliminar quir\u00fargicamente la grasa rebelde de las \u00e1reas que resisten todos los esfuerzos de la dieta y el ejercicio espec\u00edfico. Entre los m\u00e9todos m\u00e1s populares se encuentra la liposucci\u00f3n tumescente, que utiliza \u00fanicamente anestesia local. El procedimiento recibe su nombre del l\u00edquido tumescente que rodea el \u00e1rea de grasa que se va a eliminar. Este l\u00edquido hace que las bolsas de grasa se hinchen, lo que facilita que el Dr. Dayan lo elimine. El Instituto de Cirug\u00eda Pl\u00e1stica Avance en Reno\/Tahoe es un centro de excelencia reconocido para los procedimientos de liposucci\u00f3n, gracias al Dr. Dayan.<\/p>\n<p>El Dr. Erez Dayan es un experto reconocido en varias formas y t\u00e9cnicas avanzadas de liposucci\u00f3n, incluido el uso del procedimiento para tratar afecciones m\u00e9dicas problem\u00e1ticas, as\u00ed como el contorno corporal avanzado. La liposucci\u00f3n tumescente a menudo se elige porque pr\u00e1cticamente cualquier parte del cuerpo puede tratarse con una recuperaci\u00f3n r\u00e1pida. Esto incluye:<\/p>\n<ul>\n<li>Rostro<\/li>\n<li>Barbilla<\/li>\n<li>Cuello<\/li>\n<li>Seno<\/li>\n<li>Abdomen<\/li>\n<li>Barriguita<\/li>\n<li>flancos<\/li>\n<li>Caderas<\/li>\n<li>atr\u00e1s<\/li>\n<li>Muslos<\/li>\n<li>Nalgas<\/li>\n<li>Piernas<\/li>\n<\/ul>\n<p>Las \u00e1reas espec\u00edficas de preocupaci\u00f3n se pueden discutir, junto con los detalles de su tratamiento de contorno corporal recomendado, en una consulta con el Dr. Dayan en su oficina de Reno\/Tahoe, NV.<\/p>\n<h2>Lake Tahoe Lipo bajo anestesia local<\/h2>\n<p>Los pacientes que reciben una liposucci\u00f3n bajo anestesia local del Dr. Dayan se sienten c\u00f3modos en una posici\u00f3n que les permite acceder a las \u00e1reas a tratar. Se inyecta un anest\u00e9sico en el \u00e1rea local que contiene el exceso de grasa junto con un l\u00edquido tumescente. Se deja pasar un tiempo para que el l\u00edquido llene la capa de grasa, haciendo que se hinche y se vuelva firme. Esto proporciona m\u00e1s estabilidad y el control resultante para el Dr. Dayan mientras elimina el tejido graso no deseado.<\/p>\n<p>Como beneficio complementario, la soluci\u00f3n fluida hace que los vasos sangu\u00edneos en el \u00e1rea se contraigan temporalmente, lo que reduce la p\u00e9rdida de sangre y los hematomas del procedimiento. El Dr. Dayan hace peque\u00f1as incisiones en la piel a trav\u00e9s de las cuales inserta una c\u00e1nula. Utiliza este dispositivo para apuntar y eliminar la grasa no deseada de una vez por todas.<\/p>\n<p>Por lo general, se requerir\u00e1 que los pacientes usen una prenda de compresi\u00f3n durante un tiempo para ayudar a mantener la hinchaz\u00f3n al m\u00ednimo. El dolor posoperatorio normalmente se trata con analg\u00e9sicos de venta libre. Tambi\u00e9n se alienta a los pacientes a caminar poco despu\u00e9s del procedimiento para ayudar con la curaci\u00f3n. Las actividades normales y el ejercicio se pueden reanudar entre siete y diez d\u00edas despu\u00e9s, dependiendo de qu\u00e9 tan grande sea el \u00e1rea tratada con la liposucci\u00f3n. El Dr. Dayan le dar\u00e1 instrucciones espec\u00edficas a seguir.<\/p>\n<p>Los resultados se pueden ver de inmediato, con resultados finales en aproximadamente dos o tres meses. Para programar una consulta de liposucci\u00f3n tumescente con el Dr. Dayan, <a title=\"P\u00f3ngase en contacto con el Instituto de Cirug\u00eda Pl\u00e1stica Avance en Reno NV\" href=\"https:\/\/www.avanceplasticsurgery.com\/contact-us-dr-erez-dayan\/\">comun\u00edquese hoy con el Instituto de Cirug\u00eda Pl\u00e1stica Avance<\/a> en Reno\/Tahoe, NV.<\/p>\n<h3>Programa de mantenimiento<\/h3>\n<p>El <a href=\"https:\/\/www.avanceplasticsurgery.com\/about-avance-plastic-surgery-institute\/plastic-surgery-maintenance\/\">programa de mantenimiento<\/a> en Avance Plastic Surgery Institute est\u00e1 dise\u00f1ado para ofrecer a los pacientes una forma conveniente de continuar viendo los beneficios de nuestros tratamientos durante el mayor tiempo posible.<\/p>\n<p>Para mantener los resultados de los procedimientos de contorno corporal, recomendamos tratamientos no invasivos y m\u00ednimamente invasivos con los siguientes dispositivos:<\/p>\n<ul>\n<li>Forma Body (InMode)<\/li>\n<li>Morpheus 8 Body (InMode)<\/li>\n<li>Evolve<\/li>\n<\/ul>\n","protected":false},"excerpt":{"rendered":"<p>Liposucci\u00f3n tumescente La liposucci\u00f3n es un m\u00e9todo ampliamente popular y exitoso para eliminar quir\u00fargicamente la grasa rebelde de las&hellip;<\/p>\n","protected":false},"author":1,"featured_media":0,"parent":8852,"menu_order":0,"comment_status":"closed","ping_status":"closed","template":"","meta":{"_acf_changed":false,"footnotes":""},"class_list":["post-8856","page","type-page","status-publish"],"acf":[],"yoast_head":"<!-- This site is optimized with the Yoast SEO plugin v27.4 - https:\/\/yoast.com\/product\/yoast-seo-wordpress\/ -->\n<title>Liposucci\u00f3n tumescente de Reno NV | Lake Tahoe Lipo bajo anestesia local<\/title>\n<meta name=\"description\" content=\"La liposucci\u00f3n tumescente es una forma popular de perder bolsas de grasa rebelde solo con anestesia local. El Dr. Erez Dayan del Avance Plastic Surgery Institute es un experto de renombre mundial en todas las formas de liposucci\u00f3n avanzada para el contorno corporal.\" \/>\n<meta name=\"robots\" content=\"index, follow, max-snippet:-1, max-image-preview:large, max-video-preview:-1\" \/>\n<link rel=\"canonical\" href=\"https:\/\/www.avanceplasticsurgery.com\/es\/procedimientos-cosmeticos-y-de-cirugia\/procedimientos-cosmeticos-corporales\/liposuccion\/liposuccion-tumescente\/\" \/>\n<meta property=\"og:locale\" content=\"es_ES\" \/>\n<meta property=\"og:type\" content=\"article\" \/>\n<meta property=\"og:title\" content=\"Liposucci\u00f3n tumescente de Reno NV | Lake Tahoe Lipo bajo anestesia local\" \/>\n<meta property=\"og:description\" content=\"La liposucci\u00f3n tumescente es una forma popular de perder bolsas de grasa rebelde solo con anestesia local. El Dr. Erez Dayan del Avance Plastic Surgery Institute es un experto de renombre mundial en todas las formas de liposucci\u00f3n avanzada para el contorno corporal.\" \/>\n<meta property=\"og:url\" content=\"https:\/\/www.avanceplasticsurgery.com\/es\/procedimientos-cosmeticos-y-de-cirugia\/procedimientos-cosmeticos-corporales\/liposuccion\/liposuccion-tumescente\/\" \/>\n<meta property=\"og:site_name\" content=\"Avance Plastic Surgery\" \/>\n<meta name=\"twitter:card\" content=\"summary_large_image\" \/>\n<meta name=\"twitter:label1\" content=\"Tiempo de lectura\" \/>\n\t<meta name=\"twitter:data1\" content=\"3 minutos\" \/>\n<!-- \/ Yoast SEO plugin. -->","yoast_head_json":{"title":"Liposucci\u00f3n tumescente de Reno NV | Lake Tahoe Lipo bajo anestesia local","description":"La liposucci\u00f3n tumescente es una forma popular de perder bolsas de grasa rebelde solo con anestesia local. El Dr. Erez Dayan del Avance Plastic Surgery Institute es un experto de renombre mundial en todas las formas de liposucci\u00f3n avanzada para el contorno corporal.","robots":{"index":"index","follow":"follow","max-snippet":"max-snippet:-1","max-image-preview":"max-image-preview:large","max-video-preview":"max-video-preview:-1"},"canonical":"https:\/\/www.avanceplasticsurgery.com\/es\/procedimientos-cosmeticos-y-de-cirugia\/procedimientos-cosmeticos-corporales\/liposuccion\/liposuccion-tumescente\/","og_locale":"es_ES","og_type":"article","og_title":"Liposucci\u00f3n tumescente de Reno NV | Lake Tahoe Lipo bajo anestesia local","og_description":"La liposucci\u00f3n tumescente es una forma popular de perder bolsas de grasa rebelde solo con anestesia local. El Dr. Erez Dayan del Avance Plastic Surgery Institute es un experto de renombre mundial en todas las formas de liposucci\u00f3n avanzada para el contorno corporal.","og_url":"https:\/\/www.avanceplasticsurgery.com\/es\/procedimientos-cosmeticos-y-de-cirugia\/procedimientos-cosmeticos-corporales\/liposuccion\/liposuccion-tumescente\/","og_site_name":"Avance Plastic Surgery","twitter_card":"summary_large_image","twitter_misc":{"Tiempo de lectura":"3 minutos"},"schema":{"@context":"https:\/\/schema.org","@graph":[{"@type":"WebPage","@id":"https:\/\/www.avanceplasticsurgery.com\/es\/procedimientos-cosmeticos-y-de-cirugia\/procedimientos-cosmeticos-corporales\/liposuccion\/liposuccion-tumescente\/","url":"https:\/\/www.avanceplasticsurgery.com\/es\/procedimientos-cosmeticos-y-de-cirugia\/procedimientos-cosmeticos-corporales\/liposuccion\/liposuccion-tumescente\/","name":"Liposucci\u00f3n tumescente de Reno NV | Lake Tahoe Lipo bajo anestesia local","isPartOf":{"@id":"https:\/\/www.avanceplasticsurgery.com\/es\/#website"},"datePublished":"2020-09-15T21:14:38+00:00","description":"La liposucci\u00f3n tumescente es una forma popular de perder bolsas de grasa rebelde solo con anestesia local. El Dr. Erez Dayan del Avance Plastic Surgery Institute es un experto de renombre mundial en todas las formas de liposucci\u00f3n avanzada para el contorno corporal.","breadcrumb":{"@id":"https:\/\/www.avanceplasticsurgery.com\/es\/procedimientos-cosmeticos-y-de-cirugia\/procedimientos-cosmeticos-corporales\/liposuccion\/liposuccion-tumescente\/#breadcrumb"},"inLanguage":"es","potentialAction":[{"@type":"ReadAction","target":["https:\/\/www.avanceplasticsurgery.com\/es\/procedimientos-cosmeticos-y-de-cirugia\/procedimientos-cosmeticos-corporales\/liposuccion\/liposuccion-tumescente\/"]}]},{"@type":"BreadcrumbList","@id":"https:\/\/www.avanceplasticsurgery.com\/es\/procedimientos-cosmeticos-y-de-cirugia\/procedimientos-cosmeticos-corporales\/liposuccion\/liposuccion-tumescente\/#breadcrumb","itemListElement":[{"@type":"ListItem","position":1,"name":"Home","item":"https:\/\/www.avanceplasticsurgery.com\/es\/"},{"@type":"ListItem","position":2,"name":"Cosm\u00e9tica","item":"https:\/\/www.avanceplasticsurgery.com\/es\/procedimientos-cosmeticos-y-de-cirugia\/"},{"@type":"ListItem","position":3,"name":"Procedimientos Cosm\u00e9ticos Corporales","item":"https:\/\/www.avanceplasticsurgery.com\/es\/procedimientos-cosmeticos-y-de-cirugia\/procedimientos-cosmeticos-corporales\/"},{"@type":"ListItem","position":4,"name":"Liposucci\u00f3n","item":"https:\/\/www.avanceplasticsurgery.com\/es\/procedimientos-cosmeticos-y-de-cirugia\/procedimientos-cosmeticos-corporales\/liposuccion\/"},{"@type":"ListItem","position":5,"name":"Liposucci\u00f3n tumescente"}]},{"@type":"WebSite","@id":"https:\/\/www.avanceplasticsurgery.com\/es\/#website","url":"https:\/\/www.avanceplasticsurgery.com\/es\/","name":"Avance Plastic Surgery","description":"","potentialAction":[{"@type":"SearchAction","target":{"@type":"EntryPoint","urlTemplate":"https:\/\/www.avanceplasticsurgery.com\/es\/?s={search_term_string}"},"query-input":{"@type":"PropertyValueSpecification","valueRequired":true,"valueName":"search_term_string"}}],"inLanguage":"es"}]}},"_links":{"self":[{"href":"https:\/\/www.avanceplasticsurgery.com\/es\/wp-json\/wp\/v2\/pages\/8856","targetHints":{"allow":["GET"]}}],"collection":[{"href":"https:\/\/www.avanceplasticsurgery.com\/es\/wp-json\/wp\/v2\/pages"}],"about":[{"href":"https:\/\/www.avanceplasticsurgery.com\/es\/wp-json\/wp\/v2\/types\/page"}],"author":[{"embeddable":true,"href":"https:\/\/www.avanceplasticsurgery.com\/es\/wp-json\/wp\/v2\/users\/1"}],"replies":[{"embeddable":true,"href":"https:\/\/www.avanceplasticsurgery.com\/es\/wp-json\/wp\/v2\/comments?post=8856"}],"version-history":[{"count":0,"href":"https:\/\/www.avanceplasticsurgery.com\/es\/wp-json\/wp\/v2\/pages\/8856\/revisions"}],"up":[{"embeddable":true,"href":"https:\/\/www.avanceplasticsurgery.com\/es\/wp-json\/wp\/v2\/pages\/8852"}],"wp:attachment":[{"href":"https:\/\/www.avanceplasticsurgery.com\/es\/wp-json\/wp\/v2\/media?parent=8856"}],"curies":[{"name":"wp","href":"https:\/\/api.w.org\/{rel}","templated":true}]}}