{"id":8858,"date":"2022-03-10T15:33:17","date_gmt":"2022-03-10T15:33:17","guid":{"rendered":"https:\/\/www.avanceplasticsurgery.com\/procedimientos-cosmeticos-y-de-cirugia\/procedimientos-cosmeticos-corporales\/tratamiento-de-la-hiperplasia-adiposa-paradojica\/"},"modified":"2025-09-29T18:37:11","modified_gmt":"2025-09-29T18:37:11","slug":"tratamiento-de-la-hiperplasia-adiposa-paradojica","status":"publish","type":"page","link":"https:\/\/www.avanceplasticsurgery.com\/es\/procedimientos-cosmeticos-y-de-cirugia\/procedimientos-cosmeticos-corporales\/tratamiento-de-la-hiperplasia-adiposa-paradojica\/","title":{"rendered":"Tratamiento de la hiperplasia adiposa parad\u00f3jica"},"content":{"rendered":"<h1>Tratamiento de la hiperplasia adiposa parad\u00f3jica<\/h1>\n<p>La hiperplasia adiposa parad\u00f3jica (HAP) es un fen\u00f3meno raro que puede ocurrir despu\u00e9s de la criolip\u00f3lisis o CoolSculpting\u00ae. Todos <a title=\"Reno NV Cirujano pl\u00e1stico de contorno corporal\" href=\"https:\/\/www.avanceplasticsurgery.com\/es\/procedimientos-cosmeticos-y-de-cirugia\/procedimientos-cosmeticos-corporales\/\">los procedimientos cosm\u00e9ticos<\/a> , incluso los no invasivos, conllevan un peque\u00f1o riesgo de complicaciones. Est\u00e1 bien documentado que los resultados de la criolip\u00f3lisis son muy efectivos para reducir los dep\u00f3sitos de grasa y proporcionan una alternativa segura a la liposucci\u00f3n. En un n\u00famero muy peque\u00f1o de pacientes, el procedimiento no funciona y puede provocar un exceso de dep\u00f3sitos de grasa o HAP.<\/p>\n<div class=\"row\">\n<div class=\"col-12\"><button class=\"flc-yt lazyload\" data-id=\"mjFYQ7pYLGk\" data-title=\"Quantum Radio Frequency Skin Tightening Technology | Avance Plastic Surgery Institute:Dr. Erez Dayan&lt;br \/&gt;\n\" data-bg=\"https:\/\/i.ytimg.com\/vi\/mjFYQ7pYLGk\/hqdefault.jpg\" aria-label=\"Play video Quantum Radio Frequency Skin Tightening Technology | Avance Plastic Surgery Institute:Dr. Erez Dayan&lt;br \/&gt;\n\">  <div class=\"flc-yt__title\">Quantum Radio Frequency Skin Tightening Technology | Avance Plastic Surgery Institute:Dr. Erez Dayan&lt;br \/&gt;\n<\/div>  <span class=\"flc-yt__play\">    <svg viewBox=\"0 0 68 48\" xmlns=\"http:\/\/www.w3.org\/2000\/svg\" aria-hidden=\"true\"><path d=\"M66.5 7.8A8.5 8.5 0 0 0 60.6 2C55.3.5 34 .5 34 .5S12.7.5 7.4 2A8.5 8.5 0 0 0 1.5 7.8C0 13.1 0 24 0 24s0 10.9 1.5 16.2A8.5 8.5 0 0 0 7.4 46C12.7 47.5 34 47.5 34 47.5s21.3 0 26.6-1.5a8.5 8.5 0 0 0 5.9-5.8C68 34.9 68 24 68 24s0-10.9-1.5-16.2Z\" fill=\"#f00\"\/><path d=\"M27 34l18-10-18-10v20Z\" fill=\"#fff\"\/><\/svg>  <\/span><\/button><\/div>\n<\/div>\n<h2>\u00bfQu\u00e9 es la hiperplasia adiposa parad\u00f3jica (HAP)?<\/h2>\n<p>Comprender la PAH primero requiere comprender c\u00f3mo funciona la criolip\u00f3lisis. Se aplican aplicadores especiales en las \u00e1reas objetivo, que enfr\u00edan el tejido hasta el punto exacto en que destruyen las c\u00e9lulas grasas sin da\u00f1ar otros tejidos. Las c\u00e9lulas grasas destruidas luego se eliminan de su sistema a trav\u00e9s de los procesos naturales del cuerpo. El resultado de esta eliminaci\u00f3n de grasa es un \u00e1rea objetivo m\u00e1s delgada y tonificada.<\/p>\n<p>Con la Hiperplasia Adiposa Parad\u00f3jica, el cuerpo inesperadamente produce exceso de tejido graso en lugar de eliminarlo. Si bien la PAH tarda de tres a seis meses en desarrollarse, es identificable por su presentaci\u00f3n. Es un \u00e1rea expandida de tejido graso que es firme al tacto y, a menudo, tiene la misma forma que el aplicador utilizado para realizar la criolip\u00f3lisis.<\/p>\n<h3>\u00bfPor qu\u00e9 ocurre la HAP?<\/h3>\n<p>Si bien no se conoce la causa de la PAH, se est\u00e1n probando algunas teor\u00edas para ver si se puede encontrar una respuesta. Podr\u00eda ser que ciertas c\u00e9lulas grasas sean resistentes a las bajas temperaturas, y debido a que sobreviven, hacen que el cuerpo reaccione de una manera que crea m\u00e1s c\u00e9lulas resistentes. El cuerpo puede sobrecompensar la reproducci\u00f3n celular, lo que resulta en un exceso de dep\u00f3sitos de grasa. Una segunda posibilidad es la reacci\u00f3n del cuerpo al componente de succi\u00f3n de la criolip\u00f3lisis, donde la presi\u00f3n negativa estimula el crecimiento de ciertos tipos de c\u00e9lulas grasas.<\/p>\n<p>No existen factores de riesgo identificables conocidos, y aunque se entiende que el riesgo general de HAP es bajo, la HAP puede afectar cualquier \u00e1rea tratada con criolip\u00f3lisis.<\/p>\n<h4>\u00bfQu\u00e9 tratamientos est\u00e1n disponibles para la hiperplasia adiposa parad\u00f3jica?<\/h4>\n<p>La hiperplasia adiposa parad\u00f3jica es tratable. Si bien no responde bien a los m\u00e9todos no invasivos, un cirujano pl\u00e1stico experto y altamente capacitado tiene las herramientas necesarias para reducir o eliminar la aparici\u00f3n de PAH y restaurar el \u00e1rea. Seg\u00fan el grado de regeneraci\u00f3n de las c\u00e9lulas grasas, las opciones incluyen liposucci\u00f3n, una combinaci\u00f3n de ultrasonido de radiofrecuencia y liposucci\u00f3n o, en los casos m\u00e1s graves, una revisi\u00f3n quir\u00fargica completa en la que se elimina el exceso de tejido y se tensa el exceso de piel.<\/p>\n<h5>Tratamiento para PAH en Nevada<\/h5>\n<p>El Dr. Erez Dayan es un cirujano pl\u00e1stico y reconstructivo de \u00e9lite y es conocido por sus trabajos de investigaci\u00f3n y defensa de las t\u00e9cnicas pl\u00e1sticas y reconstructivas del m\u00e1s alto calibre disponibles. Su firme creencia en el uso de los m\u00e9todos menos invasivos para brindar los resultados deseados significa que seleccionar\u00e1 los tratamientos que mejor se adapten a sus necesidades \u00fanicas.<\/p>\n<p>Dado que cada caso de HAP es \u00fanico, una consulta en profundidad combinada con su amplia educaci\u00f3n y experiencia le permite identificar las t\u00e9cnicas que pueden ayudar a corregir y minimizar los efectos de la HAP. Con su enfoque atento y afectuoso, siempre comprender\u00e1 por qu\u00e9 elige el plan de tratamiento que cree que funcionar\u00e1 mejor, y siempre comprender\u00e1 los objetivos y los resultados esperados de cualquier procedimiento.<\/p>\n<p>Si desarroll\u00f3 PAH despu\u00e9s de la criolip\u00f3lisis, es comprensible que sea frustrante y desalentador cuando un procedimiento no sale seg\u00fan lo planeado y ocurren efectos secundarios inesperados. Tenga la seguridad de que la apariencia de la PAH se puede mejorar y que estamos aqu\u00ed para ayudarlo. <a title=\"Comun\u00edquese con Avance Plastic Surgery en Reno NV\" href=\"https:\/\/www.avanceplasticsurgery.com\/es\/contactenos\/\">P\u00f3ngase en contacto con nuestra oficina de Reno, Nevada,<\/a> hoy para su consulta de tratamiento de PAH.<\/p>\n","protected":false},"excerpt":{"rendered":"<p>Tratamiento de la hiperplasia adiposa parad\u00f3jica La hiperplasia adiposa parad\u00f3jica (HAP) es un fen\u00f3meno raro que puede ocurrir despu\u00e9s&hellip;<\/p>\n","protected":false},"author":1,"featured_media":8574,"parent":8791,"menu_order":0,"comment_status":"closed","ping_status":"closed","template":"","meta":{"_acf_changed":false,"footnotes":""},"class_list":["post-8858","page","type-page","status-publish","has-post-thumbnail"],"acf":[],"yoast_head":"<!-- This site is optimized with the Yoast SEO plugin v27.4 - https:\/\/yoast.com\/product\/yoast-seo-wordpress\/ -->\n<title>Tratamiento de la hiperplasia adiposa parad\u00f3jica de Reno | \u00bfQu\u00e9 es PAH? | Lago Tahoe<\/title>\n<meta name=\"description\" content=\"La hiperplasia adiposa parad\u00f3jica (HAP) puede mejorar significativamente cuando es tratada por el Dr. Dayan, el cirujano pl\u00e1stico y reconstructivo de \u00e9lite de Nevada.\" \/>\n<meta name=\"robots\" content=\"index, follow, max-snippet:-1, max-image-preview:large, max-video-preview:-1\" \/>\n<link rel=\"canonical\" href=\"https:\/\/www.avanceplasticsurgery.com\/es\/procedimientos-cosmeticos-y-de-cirugia\/procedimientos-cosmeticos-corporales\/tratamiento-de-la-hiperplasia-adiposa-paradojica\/\" \/>\n<meta property=\"og:locale\" content=\"es_ES\" \/>\n<meta property=\"og:type\" content=\"article\" \/>\n<meta property=\"og:title\" content=\"Tratamiento de la hiperplasia adiposa parad\u00f3jica de Reno | \u00bfQu\u00e9 es PAH? | Lago Tahoe\" \/>\n<meta property=\"og:description\" content=\"La hiperplasia adiposa parad\u00f3jica (HAP) puede mejorar significativamente cuando es tratada por el Dr. Dayan, el cirujano pl\u00e1stico y reconstructivo de \u00e9lite de Nevada.\" \/>\n<meta property=\"og:url\" content=\"https:\/\/www.avanceplasticsurgery.com\/es\/procedimientos-cosmeticos-y-de-cirugia\/procedimientos-cosmeticos-corporales\/tratamiento-de-la-hiperplasia-adiposa-paradojica\/\" \/>\n<meta property=\"og:site_name\" content=\"Avance Plastic Surgery\" \/>\n<meta property=\"article:modified_time\" content=\"2025-09-29T18:37:11+00:00\" \/>\n<meta property=\"og:image\" content=\"https:\/\/www.avanceplasticsurgery.com\/wp-content\/uploads\/2022\/01\/body.jpg\" \/>\n\t<meta property=\"og:image:width\" content=\"1920\" \/>\n\t<meta property=\"og:image:height\" content=\"595\" \/>\n\t<meta property=\"og:image:type\" content=\"image\/jpeg\" \/>\n<meta name=\"twitter:card\" content=\"summary_large_image\" \/>\n<meta name=\"twitter:label1\" content=\"Tiempo de lectura\" \/>\n\t<meta name=\"twitter:data1\" content=\"4 minutos\" \/>\n<!-- \/ Yoast SEO plugin. -->","yoast_head_json":{"title":"Tratamiento de la hiperplasia adiposa parad\u00f3jica de Reno | \u00bfQu\u00e9 es PAH? | Lago Tahoe","description":"La hiperplasia adiposa parad\u00f3jica (HAP) puede mejorar significativamente cuando es tratada por el Dr. Dayan, el cirujano pl\u00e1stico y reconstructivo de \u00e9lite de Nevada.","robots":{"index":"index","follow":"follow","max-snippet":"max-snippet:-1","max-image-preview":"max-image-preview:large","max-video-preview":"max-video-preview:-1"},"canonical":"https:\/\/www.avanceplasticsurgery.com\/es\/procedimientos-cosmeticos-y-de-cirugia\/procedimientos-cosmeticos-corporales\/tratamiento-de-la-hiperplasia-adiposa-paradojica\/","og_locale":"es_ES","og_type":"article","og_title":"Tratamiento de la hiperplasia adiposa parad\u00f3jica de Reno | \u00bfQu\u00e9 es PAH? | Lago Tahoe","og_description":"La hiperplasia adiposa parad\u00f3jica (HAP) puede mejorar significativamente cuando es tratada por el Dr. Dayan, el cirujano pl\u00e1stico y reconstructivo de \u00e9lite de Nevada.","og_url":"https:\/\/www.avanceplasticsurgery.com\/es\/procedimientos-cosmeticos-y-de-cirugia\/procedimientos-cosmeticos-corporales\/tratamiento-de-la-hiperplasia-adiposa-paradojica\/","og_site_name":"Avance Plastic Surgery","article_modified_time":"2025-09-29T18:37:11+00:00","og_image":[{"width":1920,"height":595,"url":"https:\/\/www.avanceplasticsurgery.com\/wp-content\/uploads\/2022\/01\/body.jpg","type":"image\/jpeg"}],"twitter_card":"summary_large_image","twitter_misc":{"Tiempo de lectura":"4 minutos"},"schema":{"@context":"https:\/\/schema.org","@graph":[{"@type":"WebPage","@id":"https:\/\/www.avanceplasticsurgery.com\/es\/procedimientos-cosmeticos-y-de-cirugia\/procedimientos-cosmeticos-corporales\/tratamiento-de-la-hiperplasia-adiposa-paradojica\/","url":"https:\/\/www.avanceplasticsurgery.com\/es\/procedimientos-cosmeticos-y-de-cirugia\/procedimientos-cosmeticos-corporales\/tratamiento-de-la-hiperplasia-adiposa-paradojica\/","name":"Tratamiento de la hiperplasia adiposa parad\u00f3jica de Reno | \u00bfQu\u00e9 es PAH? | Lago Tahoe","isPartOf":{"@id":"https:\/\/www.avanceplasticsurgery.com\/es\/#website"},"primaryImageOfPage":{"@id":"https:\/\/www.avanceplasticsurgery.com\/es\/procedimientos-cosmeticos-y-de-cirugia\/procedimientos-cosmeticos-corporales\/tratamiento-de-la-hiperplasia-adiposa-paradojica\/#primaryimage"},"image":{"@id":"https:\/\/www.avanceplasticsurgery.com\/es\/procedimientos-cosmeticos-y-de-cirugia\/procedimientos-cosmeticos-corporales\/tratamiento-de-la-hiperplasia-adiposa-paradojica\/#primaryimage"},"thumbnailUrl":"https:\/\/www.avanceplasticsurgery.com\/wp-content\/uploads\/2022\/01\/body.jpg","datePublished":"2022-03-10T15:33:17+00:00","dateModified":"2025-09-29T18:37:11+00:00","description":"La hiperplasia adiposa parad\u00f3jica (HAP) puede mejorar significativamente cuando es tratada por el Dr. Dayan, el cirujano pl\u00e1stico y reconstructivo de \u00e9lite de Nevada.","breadcrumb":{"@id":"https:\/\/www.avanceplasticsurgery.com\/es\/procedimientos-cosmeticos-y-de-cirugia\/procedimientos-cosmeticos-corporales\/tratamiento-de-la-hiperplasia-adiposa-paradojica\/#breadcrumb"},"inLanguage":"es","potentialAction":[{"@type":"ReadAction","target":["https:\/\/www.avanceplasticsurgery.com\/es\/procedimientos-cosmeticos-y-de-cirugia\/procedimientos-cosmeticos-corporales\/tratamiento-de-la-hiperplasia-adiposa-paradojica\/"]}]},{"@type":"ImageObject","inLanguage":"es","@id":"https:\/\/www.avanceplasticsurgery.com\/es\/procedimientos-cosmeticos-y-de-cirugia\/procedimientos-cosmeticos-corporales\/tratamiento-de-la-hiperplasia-adiposa-paradojica\/#primaryimage","url":"https:\/\/www.avanceplasticsurgery.com\/wp-content\/uploads\/2022\/01\/body.jpg","contentUrl":"https:\/\/www.avanceplasticsurgery.com\/wp-content\/uploads\/2022\/01\/body.jpg","width":1920,"height":595,"caption":"Un m\u00e9dico con bata blanca y gafas marca con un bol\u00edgrafo unas l\u00edneas en el vientre desnudo de una mujer, indicando la preparaci\u00f3n para una intervenci\u00f3n de cirug\u00eda est\u00e9tica o pl\u00e1stica."},{"@type":"BreadcrumbList","@id":"https:\/\/www.avanceplasticsurgery.com\/es\/procedimientos-cosmeticos-y-de-cirugia\/procedimientos-cosmeticos-corporales\/tratamiento-de-la-hiperplasia-adiposa-paradojica\/#breadcrumb","itemListElement":[{"@type":"ListItem","position":1,"name":"Home","item":"https:\/\/www.avanceplasticsurgery.com\/es\/"},{"@type":"ListItem","position":2,"name":"Cosm\u00e9tica","item":"https:\/\/www.avanceplasticsurgery.com\/es\/procedimientos-cosmeticos-y-de-cirugia\/"},{"@type":"ListItem","position":3,"name":"Procedimientos Cosm\u00e9ticos Corporales","item":"https:\/\/www.avanceplasticsurgery.com\/es\/procedimientos-cosmeticos-y-de-cirugia\/procedimientos-cosmeticos-corporales\/"},{"@type":"ListItem","position":4,"name":"Tratamiento de la hiperplasia adiposa parad\u00f3jica"}]},{"@type":"WebSite","@id":"https:\/\/www.avanceplasticsurgery.com\/es\/#website","url":"https:\/\/www.avanceplasticsurgery.com\/es\/","name":"Avance Plastic Surgery","description":"","potentialAction":[{"@type":"SearchAction","target":{"@type":"EntryPoint","urlTemplate":"https:\/\/www.avanceplasticsurgery.com\/es\/?s={search_term_string}"},"query-input":{"@type":"PropertyValueSpecification","valueRequired":true,"valueName":"search_term_string"}}],"inLanguage":"es"}]}},"_links":{"self":[{"href":"https:\/\/www.avanceplasticsurgery.com\/es\/wp-json\/wp\/v2\/pages\/8858","targetHints":{"allow":["GET"]}}],"collection":[{"href":"https:\/\/www.avanceplasticsurgery.com\/es\/wp-json\/wp\/v2\/pages"}],"about":[{"href":"https:\/\/www.avanceplasticsurgery.com\/es\/wp-json\/wp\/v2\/types\/page"}],"author":[{"embeddable":true,"href":"https:\/\/www.avanceplasticsurgery.com\/es\/wp-json\/wp\/v2\/users\/1"}],"replies":[{"embeddable":true,"href":"https:\/\/www.avanceplasticsurgery.com\/es\/wp-json\/wp\/v2\/comments?post=8858"}],"version-history":[{"count":3,"href":"https:\/\/www.avanceplasticsurgery.com\/es\/wp-json\/wp\/v2\/pages\/8858\/revisions"}],"predecessor-version":[{"id":14329,"href":"https:\/\/www.avanceplasticsurgery.com\/es\/wp-json\/wp\/v2\/pages\/8858\/revisions\/14329"}],"up":[{"embeddable":true,"href":"https:\/\/www.avanceplasticsurgery.com\/es\/wp-json\/wp\/v2\/pages\/8791"}],"wp:featuredmedia":[{"embeddable":true,"href":"https:\/\/www.avanceplasticsurgery.com\/es\/wp-json\/wp\/v2\/media\/8574"}],"wp:attachment":[{"href":"https:\/\/www.avanceplasticsurgery.com\/es\/wp-json\/wp\/v2\/media?parent=8858"}],"curies":[{"name":"wp","href":"https:\/\/api.w.org\/{rel}","templated":true}]}}