{"id":8859,"date":"2020-09-15T21:30:18","date_gmt":"2020-09-15T21:30:18","guid":{"rendered":"https:\/\/www.avanceplasticsurgery.com\/procedimientos-cosmeticos-y-de-cirugia\/procedimientos-cosmeticos-corporales\/levantamiento-de-muslos\/"},"modified":"2022-04-25T11:23:01","modified_gmt":"2022-04-25T11:23:01","slug":"levantamiento-de-muslos","status":"publish","type":"page","link":"https:\/\/www.avanceplasticsurgery.com\/es\/procedimientos-cosmeticos-y-de-cirugia\/procedimientos-cosmeticos-corporales\/levantamiento-de-muslos\/","title":{"rendered":"Levantamiento de muslos"},"content":{"rendered":"<h1>Cirug\u00eda pl\u00e1stica de levantamiento de muslos en Reno\/Tahoe, NV<\/h1>\n<p>La plenitud y el exceso de piel en la parte interna y\/o externa de los muslos es un \u00e1rea problem\u00e1tica importante para muchos pacientes. Puede limitar la autoestima y la capacidad de usar ropa c\u00f3modamente. A menudo, la dieta y el ejercicio no pueden lograr el contorno del muslo bien formado que los pacientes esperan. En estos casos, un levantamiento de muslos quir\u00fargico o m\u00ednimamente invasivo puede ser de gran ayuda para <a title=\"Reno NV Cirujano pl\u00e1stico de contorno corporal\" href=\"https:\/\/www.avanceplasticsurgery.com\/es\/cosmetic-and-surgery-procedures\/body-cosmetic-procedures\/\">esculpir la parte inferior del cuerpo<\/a> , mejorar su confianza en s\u00ed mismo y brindarle una apariencia m\u00e1s delgada en ropa, pantalones cortos y trajes de ba\u00f1o.<\/p>\n<p>Despu\u00e9s de un levantamiento de muslos realizado por el Dr. Erez Dayan en el Instituto de Cirug\u00eda Pl\u00e1stica Avance en Reno\/Tahoe, NV, descubrir\u00e1 una nueva capacidad para usar ropa que antes le incomodaba y, en muchos casos, disfrutar\u00e1 de una capacidad mejorada. para realizar actividades como ejercicio o deportes.<\/p>\n<dl id=\"faq-1\" class=\"flc-faq\"><dt>\u00bfQu\u00e9 es un levantamiento de muslos?<\/dt><dd><p>Un levantamiento de muslos, tambi\u00e9n conocido como plastia de muslos, se puede realizar de varias maneras diferentes, seg\u00fan su anatom\u00eda y objetivos. Se realiza un levantamiento vertical de muslos para eliminar el exceso de grasa y piel de la parte interna de los muslos, mientras que se puede realizar una incisi\u00f3n en forma de T para ayudar a eliminar el exceso de tejido tanto en la orientaci\u00f3n horizontal como en la vertical.<\/p>\r\n\r\n<p>El contorno del muslo externo puede ayudar a esculpir el \u00e1rea que va desde la cadera hasta la ingle y com\u00fanmente se combina con una abdominoplastia. La liposucci\u00f3n casi siempre se usa en combinaci\u00f3n con la eliminaci\u00f3n de piel para recortar, esculpir y remodelar los muslos a proporciones ideales. El Dr. Dayan com\u00fanmente emplea tecnolog\u00eda de vanguardia m\u00ednimamente invasiva para tensar la piel y optimizar los resultados del procedimiento de plastia de muslo.<\/p><\/dd><dt>\u00bfQu\u00e9 ventajas vienen con un levantamiento de muslos?<\/dt><dd><p>Entre las muchas ventajas que comparten los pacientes del Dr. Dayan despu\u00e9s de sus procedimientos de levantamiento de muslos, las m\u00e1s comunes son:<\/p>\r\n<ul>\r\n<li>Un ajuste m\u00e1s delgado en jeans, pantalones cortos y trajes de ba\u00f1o.<\/li>\r\n<li>Mayor satisfacci\u00f3n con la apariencia<\/li>\r\n<li>Una mirada m\u00e1s juvenil<\/li>\r\n<li>Mayor capacidad para participar en actividades como el ejercicio.<\/li>\r\n<li>Mayor comodidad<\/li>\r\n<li>Mejora de la forma y el tono de los muslos.<\/li>\r\n<\/ul><\/dd><dt>\u00bfQui\u00e9n es un buen candidato para un levantamiento de muslos?<\/dt><dd>Los pacientes con exceso de plenitud o piel floja en la parte interna y\/o externa de los muslos pueden ser buenos candidatos para un procedimiento de contorneado de muslos, siempre que tengan una mente y un cuerpo sanos y tengan un peso estable para su estructura. Los pacientes tambi\u00e9n deben ser no fumadores y realistas en sus expectativas de mejora.<\/dd><dt>\u00bfC\u00f3mo ser\u00e1 mi recuperaci\u00f3n?<\/dt><dd><p>El enfoque m\u00ednimamente invasivo del Dr. Dayan permite que la mayor\u00eda de los pacientes regresen al trabajo oa sus actividades regulares dentro de 5 a 7 d\u00edas. Se le colocar\u00e1n prendas de compresi\u00f3n para ayudar a mejorar la hinchaz\u00f3n y mantener sus nuevos muslos en su mejor forma mientras sana. Tambi\u00e9n se pueden colocar drenajes para ayudar a eliminar el exceso de l\u00edquido. El Dr. Dayan se asegurar\u00e1 de que se vaya a casa con un plan completo y detallado de cuidados posteriores.<\/p>\r\n\r\n<p>La mayor\u00eda de los pacientes tienen un dolor m\u00ednimo ya que el Dr. Dayan utiliza t\u00e9cnicas avanzadas de anestesia local de acci\u00f3n prolongada para optimizar la comodidad del paciente despu\u00e9s de la cirug\u00eda. Ver\u00e1 al Dr. Dayan para visitas de seguimiento frecuentes para garantizar que su recuperaci\u00f3n se mantenga encaminada.<\/p><\/dd><dt>\u00bfCu\u00e1l es el costo de un levantamiento de muslos de Reno?<\/dt><dd>Las tarifas de levantamiento de muslos depender\u00e1n de varios factores, incluso si se abordan los muslos internos, los muslos externos o ambos, y si la liposucci\u00f3n o las tecnolog\u00edas avanzadas de estiramiento de la piel se usan junto con la cirug\u00eda. Recibir\u00e1 una cotizaci\u00f3n detallada y personalizada a sus necesidades en el momento de su consulta. El coordinador de pacientes del Dr. Dayan tambi\u00e9n se asegurar\u00e1 de que reciba informaci\u00f3n completa sobre todos los planes de financiaci\u00f3n y pago. <\/dd><dt>\u00bfPor qu\u00e9 elegir al Dr. Dayan en Reno\/Tahoe para un levantamiento de muslos?<\/dt><dd><p>Despu\u00e9s de capacitarse en el Programa de Cirug\u00eda Pl\u00e1stica de Harvard, de renombre mundial, el Dr. Dayan fue seleccionado para obtener una beca de \u00e9lite en cirug\u00eda est\u00e9tica en el Instituto de Cirug\u00eda Pl\u00e1stica de Dallas. Recibi\u00f3 el Premio al Logro Acad\u00e9mico de Cirug\u00eda Pl\u00e1stica de Harvard y la Beca de la Fundaci\u00f3n de Investigaci\u00f3n y Educaci\u00f3n de Cirug\u00eda Est\u00e9tica. El Dr. Dayan es autor de cinco libros, incluido \"Tecnolog\u00edas emergentes en el contorno facial y corporal\", que analiza las \u00faltimas t\u00e9cnicas y tecnolog\u00edas para el contorno corporal m\u00ednimamente invasivo.<\/p> \r\n\r\n<p>El Dr. Dayan se desempe\u00f1a como investigador y l\u00edder de opini\u00f3n clave para empresas importantes como Allergan, Galderma, InMode y MTF Biologics. Ha aparecido en cadenas de noticias nacionales (ABC, Bloomberg, Yahoo, Business Insider y CBS) por su trabajo con t\u00e9cnicas de vanguardia y tecnolog\u00edas m\u00ednimamente invasivas.<\/p><\/dd><\/dl>\n<p><a title=\"P\u00f3ngase en contacto con el Instituto de Cirug\u00eda Pl\u00e1stica Avance en Reno NV\" href=\"https:\/\/www.avanceplasticsurgery.com\/es\/contact-us-dr-erez-dayan\/\">Cont\u00e1ctenos en l\u00ednea<\/a> o llame al (775) 800-4444 para programar una consulta con el Dr. Dayan en Avance Plastic Surgery Institute en Reno\/Tahoe, Nevada.<\/p>\n<h2>Programa de mantenimiento<\/h2>\n<p>El <a href=\"https:\/\/www.avanceplasticsurgery.com\/es\/about-avance-plastic-surgery-institute\/plastic-surgery-maintenance\/\">programa de mantenimiento<\/a> en Avance Plastic Surgery Institute est\u00e1 dise\u00f1ado para ofrecer a los pacientes una forma conveniente de continuar viendo los beneficios de nuestros tratamientos durante el mayor tiempo posible.<\/p>\n<p>Para mantener los resultados de los procedimientos de contorno corporal, recomendamos tratamientos no invasivos y m\u00ednimamente invasivos con los siguientes dispositivos:<\/p>\n<ul>\n<li>Forma Body (InMode)<\/li>\n<li>Morpheus 8 Body (InMode)<\/li>\n<li>Evolve<\/li>\n<\/ul>\n","protected":false},"excerpt":{"rendered":"<p>Cirug\u00eda pl\u00e1stica de levantamiento de muslos en Reno\/Tahoe, NV La plenitud y el exceso de piel en la parte&hellip;<\/p>\n","protected":false},"author":1,"featured_media":0,"parent":8791,"menu_order":0,"comment_status":"closed","ping_status":"closed","template":"","meta":{"_acf_changed":false,"footnotes":""},"class_list":["post-8859","page","type-page","status-publish"],"acf":[],"yoast_head":"<!-- This site is optimized with the Yoast SEO plugin v27.4 - https:\/\/yoast.com\/product\/yoast-seo-wordpress\/ -->\n<title>Levantamiento de muslos Reno NV (plastia de muslos) | Lake Tahoe Aprieta la piel fl\u00e1cida\/floja<\/title>\n<meta name=\"description\" content=\"La cirug\u00eda de levantamiento de muslos, o una plastia de muslos, puede eliminar la piel fl\u00e1cida y suelta y la grasa para lograr una apariencia m\u00e1s joven y esbelta. El Dr. Erez Dayan del Instituto de Cirug\u00eda Pl\u00e1stica Avance en Reno realiza este y muchos otros procedimientos cosm\u00e9ticos en su pr\u00e1ctica de Nevada.\" \/>\n<meta name=\"robots\" content=\"index, follow, max-snippet:-1, max-image-preview:large, max-video-preview:-1\" \/>\n<link rel=\"canonical\" href=\"https:\/\/www.avanceplasticsurgery.com\/es\/procedimientos-cosmeticos-y-de-cirugia\/procedimientos-cosmeticos-corporales\/levantamiento-de-muslos\/\" \/>\n<meta property=\"og:locale\" content=\"es_ES\" \/>\n<meta property=\"og:type\" content=\"article\" \/>\n<meta property=\"og:title\" content=\"Levantamiento de muslos Reno NV (plastia de muslos) | Lake Tahoe Aprieta la piel fl\u00e1cida\/floja\" \/>\n<meta property=\"og:description\" content=\"La cirug\u00eda de levantamiento de muslos, o una plastia de muslos, puede eliminar la piel fl\u00e1cida y suelta y la grasa para lograr una apariencia m\u00e1s joven y esbelta. El Dr. Erez Dayan del Instituto de Cirug\u00eda Pl\u00e1stica Avance en Reno realiza este y muchos otros procedimientos cosm\u00e9ticos en su pr\u00e1ctica de Nevada.\" \/>\n<meta property=\"og:url\" content=\"https:\/\/www.avanceplasticsurgery.com\/es\/procedimientos-cosmeticos-y-de-cirugia\/procedimientos-cosmeticos-corporales\/levantamiento-de-muslos\/\" \/>\n<meta property=\"og:site_name\" content=\"Avance Plastic Surgery\" \/>\n<meta property=\"article:modified_time\" content=\"2022-04-25T11:23:01+00:00\" \/>\n<meta name=\"twitter:card\" content=\"summary_large_image\" \/>\n<meta name=\"twitter:label1\" content=\"Tiempo de lectura\" \/>\n\t<meta name=\"twitter:data1\" content=\"1 minuto\" \/>\n<!-- \/ Yoast SEO plugin. -->","yoast_head_json":{"title":"Levantamiento de muslos Reno NV (plastia de muslos) | Lake Tahoe Aprieta la piel fl\u00e1cida\/floja","description":"La cirug\u00eda de levantamiento de muslos, o una plastia de muslos, puede eliminar la piel fl\u00e1cida y suelta y la grasa para lograr una apariencia m\u00e1s joven y esbelta. El Dr. Erez Dayan del Instituto de Cirug\u00eda Pl\u00e1stica Avance en Reno realiza este y muchos otros procedimientos cosm\u00e9ticos en su pr\u00e1ctica de Nevada.","robots":{"index":"index","follow":"follow","max-snippet":"max-snippet:-1","max-image-preview":"max-image-preview:large","max-video-preview":"max-video-preview:-1"},"canonical":"https:\/\/www.avanceplasticsurgery.com\/es\/procedimientos-cosmeticos-y-de-cirugia\/procedimientos-cosmeticos-corporales\/levantamiento-de-muslos\/","og_locale":"es_ES","og_type":"article","og_title":"Levantamiento de muslos Reno NV (plastia de muslos) | Lake Tahoe Aprieta la piel fl\u00e1cida\/floja","og_description":"La cirug\u00eda de levantamiento de muslos, o una plastia de muslos, puede eliminar la piel fl\u00e1cida y suelta y la grasa para lograr una apariencia m\u00e1s joven y esbelta. El Dr. Erez Dayan del Instituto de Cirug\u00eda Pl\u00e1stica Avance en Reno realiza este y muchos otros procedimientos cosm\u00e9ticos en su pr\u00e1ctica de Nevada.","og_url":"https:\/\/www.avanceplasticsurgery.com\/es\/procedimientos-cosmeticos-y-de-cirugia\/procedimientos-cosmeticos-corporales\/levantamiento-de-muslos\/","og_site_name":"Avance Plastic Surgery","article_modified_time":"2022-04-25T11:23:01+00:00","twitter_card":"summary_large_image","twitter_misc":{"Tiempo de lectura":"1 minuto"},"schema":{"@context":"https:\/\/schema.org","@graph":[{"@type":"WebPage","@id":"https:\/\/www.avanceplasticsurgery.com\/es\/procedimientos-cosmeticos-y-de-cirugia\/procedimientos-cosmeticos-corporales\/levantamiento-de-muslos\/","url":"https:\/\/www.avanceplasticsurgery.com\/es\/procedimientos-cosmeticos-y-de-cirugia\/procedimientos-cosmeticos-corporales\/levantamiento-de-muslos\/","name":"Levantamiento de muslos Reno NV (plastia de muslos) | Lake Tahoe Aprieta la piel fl\u00e1cida\/floja","isPartOf":{"@id":"https:\/\/www.avanceplasticsurgery.com\/es\/#website"},"datePublished":"2020-09-15T21:30:18+00:00","dateModified":"2022-04-25T11:23:01+00:00","description":"La cirug\u00eda de levantamiento de muslos, o una plastia de muslos, puede eliminar la piel fl\u00e1cida y suelta y la grasa para lograr una apariencia m\u00e1s joven y esbelta. El Dr. Erez Dayan del Instituto de Cirug\u00eda Pl\u00e1stica Avance en Reno realiza este y muchos otros procedimientos cosm\u00e9ticos en su pr\u00e1ctica de Nevada.","breadcrumb":{"@id":"https:\/\/www.avanceplasticsurgery.com\/es\/procedimientos-cosmeticos-y-de-cirugia\/procedimientos-cosmeticos-corporales\/levantamiento-de-muslos\/#breadcrumb"},"inLanguage":"es","potentialAction":[{"@type":"ReadAction","target":["https:\/\/www.avanceplasticsurgery.com\/es\/procedimientos-cosmeticos-y-de-cirugia\/procedimientos-cosmeticos-corporales\/levantamiento-de-muslos\/"]}]},{"@type":"BreadcrumbList","@id":"https:\/\/www.avanceplasticsurgery.com\/es\/procedimientos-cosmeticos-y-de-cirugia\/procedimientos-cosmeticos-corporales\/levantamiento-de-muslos\/#breadcrumb","itemListElement":[{"@type":"ListItem","position":1,"name":"Home","item":"https:\/\/www.avanceplasticsurgery.com\/es\/"},{"@type":"ListItem","position":2,"name":"Cosm\u00e9tica","item":"https:\/\/www.avanceplasticsurgery.com\/es\/procedimientos-cosmeticos-y-de-cirugia\/"},{"@type":"ListItem","position":3,"name":"Procedimientos Cosm\u00e9ticos Corporales","item":"https:\/\/www.avanceplasticsurgery.com\/es\/procedimientos-cosmeticos-y-de-cirugia\/procedimientos-cosmeticos-corporales\/"},{"@type":"ListItem","position":4,"name":"Levantamiento de muslos"}]},{"@type":"WebSite","@id":"https:\/\/www.avanceplasticsurgery.com\/es\/#website","url":"https:\/\/www.avanceplasticsurgery.com\/es\/","name":"Avance Plastic Surgery","description":"","potentialAction":[{"@type":"SearchAction","target":{"@type":"EntryPoint","urlTemplate":"https:\/\/www.avanceplasticsurgery.com\/es\/?s={search_term_string}"},"query-input":{"@type":"PropertyValueSpecification","valueRequired":true,"valueName":"search_term_string"}}],"inLanguage":"es"}]}},"_links":{"self":[{"href":"https:\/\/www.avanceplasticsurgery.com\/es\/wp-json\/wp\/v2\/pages\/8859","targetHints":{"allow":["GET"]}}],"collection":[{"href":"https:\/\/www.avanceplasticsurgery.com\/es\/wp-json\/wp\/v2\/pages"}],"about":[{"href":"https:\/\/www.avanceplasticsurgery.com\/es\/wp-json\/wp\/v2\/types\/page"}],"author":[{"embeddable":true,"href":"https:\/\/www.avanceplasticsurgery.com\/es\/wp-json\/wp\/v2\/users\/1"}],"replies":[{"embeddable":true,"href":"https:\/\/www.avanceplasticsurgery.com\/es\/wp-json\/wp\/v2\/comments?post=8859"}],"version-history":[{"count":2,"href":"https:\/\/www.avanceplasticsurgery.com\/es\/wp-json\/wp\/v2\/pages\/8859\/revisions"}],"predecessor-version":[{"id":9208,"href":"https:\/\/www.avanceplasticsurgery.com\/es\/wp-json\/wp\/v2\/pages\/8859\/revisions\/9208"}],"up":[{"embeddable":true,"href":"https:\/\/www.avanceplasticsurgery.com\/es\/wp-json\/wp\/v2\/pages\/8791"}],"wp:attachment":[{"href":"https:\/\/www.avanceplasticsurgery.com\/es\/wp-json\/wp\/v2\/media?parent=8859"}],"curies":[{"name":"wp","href":"https:\/\/api.w.org\/{rel}","templated":true}]}}