{"id":8861,"date":"2020-09-11T07:56:10","date_gmt":"2020-09-11T07:56:10","guid":{"rendered":"https:\/\/www.avanceplasticsurgery.com\/procedimientos-cosmeticos-y-de-cirugia\/procedimientos-cosmeticos-corporales\/rejuvenecimiento-vaginal\/"},"modified":"2024-04-24T13:36:40","modified_gmt":"2024-04-24T13:36:40","slug":"rejuvenecimiento-vaginal","status":"publish","type":"page","link":"https:\/\/www.avanceplasticsurgery.com\/es\/procedimientos-cosmeticos-y-de-cirugia\/procedimientos-cosmeticos-corporales\/rejuvenecimiento-vaginal\/","title":{"rendered":"Rejuvenecimiento Vaginal"},"content":{"rendered":"<h1>Rejuvenecimiento Vaginal<\/h1>\n<p><center><a href=\"https:\/\/www.youtube.com\/watch?v=GEViPjRp1Tk\" target=\"_blank\" rel=\"noopener\"><img decoding=\"async\" src=\"https:\/\/www.avanceplasticsurgery.com\/wp-content\/uploads\/2024\/04\/GEViPjRp1Tk.jpg\" alt=\"Rejuvenecimiento Vaginal Dr. Erez Dayan Avance Plastic Surgery\" class=\"img-fluid mb-3\" \/><\/a><\/center><br \/>\nLa edad y otras condiciones pueden hacer que la regi\u00f3n vaginal de una mujer sufra cambios que pueden afectar su apariencia y desempe\u00f1o. Muchas mujeres simplemente ocultan esta parte de su cuerpo o sufren los cambios negativos en silencio, pero esto no es necesario. El Dr. Erez Dayan del Avance Plastic Surgery Institute ofrece tratamiento de rejuvenecimiento vaginal para mujeres que han experimentado cambios negativos.<\/p>\n<p>A medida que la piel pierde elasticidad, muchas mujeres notan que se vuelve floja, fl\u00e1cida y poco atractiva. El mismo efecto se puede notar en la piel de los labios. Algunas mujeres pueden haber vivido durante a\u00f1os con una piel excesiva o de forma extra\u00f1a de los labios vaginales de la que se averg\u00fcenzan. La edad, la maternidad y otras condiciones tambi\u00e9n pueden afectar la vagina, haci\u00e9ndola suelta, seca o incluso dolorosa durante las relaciones sexuales.<\/p>\n<p>El Dr. Dayan es un cirujano pl\u00e1stico est\u00e9tico y reconstructivo calificado con una amplia capacitaci\u00f3n y experiencia en ayudar a pacientes de todo el mundo a disfrutar de una vida mejor a trav\u00e9s <a title=\"Reno NV Cirujano pl\u00e1stico de contorno corporal\" href=\"https:\/\/www.avanceplasticsurgery.com\/es\/cosmetic-and-surgery-procedures\/body-cosmetic-procedures\/\">de tratamientos cosm\u00e9ticos corporales<\/a> . Estos incluyen procedimientos quir\u00fargicos para corregir problemas cosm\u00e9ticos o funcionales con los labios, as\u00ed como tratamientos de rejuvenecimiento m\u00ednimamente invasivos para mejorar la condici\u00f3n de la vagina.<\/p>\n<h2>Rejuvenecimiento Femenino en Reno\/Tahoe, NV<\/h2>\n<p>El Dr. Dayan y el equipo de est\u00e9tica avanzada del Instituto de Cirug\u00eda Pl\u00e1stica Avance pueden proporcionar tratamientos cosm\u00e9ticos y de rehabilitaci\u00f3n para ayudarla a recuperar una vagina saludable y juvenil, que incluyen:<\/p>\n<nav class=\"flc-submenu\" aria-label=\"sub menu\"><ul><li class=\"page_item page-item-8862\"><a href=\"https:\/\/www.avanceplasticsurgery.com\/es\/procedimientos-cosmeticos-y-de-cirugia\/procedimientos-cosmeticos-corporales\/rejuvenecimiento-vaginal\/empoderrf\/\">EMPODERRF<\/a><\/li>\n<li class=\"page_item page-item-8867\"><a href=\"https:\/\/www.avanceplasticsurgery.com\/es\/procedimientos-cosmeticos-y-de-cirugia\/procedimientos-cosmeticos-corporales\/rejuvenecimiento-vaginal\/estiramiento-del-suelo-pelvico-votiva\/\">Estiramiento del suelo p\u00e9lvico Votiva<\/a><\/li>\n<li class=\"page_item page-item-8866\"><a href=\"https:\/\/www.avanceplasticsurgery.com\/es\/procedimientos-cosmeticos-y-de-cirugia\/procedimientos-cosmeticos-corporales\/rejuvenecimiento-vaginal\/estiramiento-vaginal-estetica\/\">Estiramiento Vaginal\/ Est\u00e9tica<\/a><\/li>\n<li class=\"page_item page-item-8863\"><a href=\"https:\/\/www.avanceplasticsurgery.com\/es\/procedimientos-cosmeticos-y-de-cirugia\/procedimientos-cosmeticos-corporales\/rejuvenecimiento-vaginal\/labioplastia\/\">Labioplastia<\/a><\/li>\n<li class=\"page_item page-item-8864\"><a href=\"https:\/\/www.avanceplasticsurgery.com\/es\/procedimientos-cosmeticos-y-de-cirugia\/procedimientos-cosmeticos-corporales\/rejuvenecimiento-vaginal\/labioplastia-no-quirurgica\/\">Labioplastia no quir\u00fargica<\/a><\/li>\n<\/ul><\/nav>\n<p>Una labioplastia busca recortar o dar forma a los labios mayores a un tama\u00f1o m\u00e1s manejable y atractivo. M\u00e1s all\u00e1 de las razones est\u00e9ticas de esta cirug\u00eda, los pacientes tambi\u00e9n pueden disfrutar de una mejor higiene, una reducci\u00f3n de las infecciones del tracto urinario y un aumento del placer sexual. Otro procedimiento quir\u00fargico, llamado vaginoplastia, busca apretar la vagina despu\u00e9s del parto u otras condiciones que la han aflojado.<\/p>\n<p>Los cambios que experimenta su cuerpo no tienen por qu\u00e9 reducir o eliminar su placer sexual o causarle verg\u00fcenza. El Dr. Dayan puede explicar c\u00f3mo cada procedimiento quir\u00fargico puede moldear o corregir las \u00e1reas en las que no est\u00e1 satisfecho y ayudarlo a vivir una vida mejor. <a title=\"P\u00f3ngase en contacto con el Instituto de Cirug\u00eda Pl\u00e1stica Avance en Reno NV\" href=\"https:\/\/www.avanceplasticsurgery.com\/es\/contact-us-dr-erez-dayan\/\">Comun\u00edquese con el Instituto de Cirug\u00eda Pl\u00e1stica Avance<\/a> en Reno\/Tahoe o llame hoy al (775) 800-4444 para programar una consulta confidencial con el Dr. Dayan para analizar las diversas opciones que ofrecemos para el rejuvenecimiento vaginal.<\/p>\n<p>El Dr. Erez Dayan ha realizado una extensa investigaci\u00f3n sobre la salud de la mujer, espec\u00edficamente sobre los labios y el suelo p\u00e9lvico. Por favor, lea m\u00e1s sobre la salud de la mujer del Dr. Dayan: investigaci\u00f3n sobre el suelo de los labios y la pelvis <a href=\"https:\/\/www.avanceplasticsurgery.com\/es\/about-avance-plastic-surgery-institute\/research\/#womens-health\">aqu\u00ed<\/a> .<\/p>\n","protected":false},"excerpt":{"rendered":"<p>Rejuvenecimiento Vaginal La edad y otras condiciones pueden hacer que la regi\u00f3n vaginal de una mujer sufra cambios que&hellip;<\/p>\n","protected":false},"author":1,"featured_media":8577,"parent":8791,"menu_order":0,"comment_status":"closed","ping_status":"closed","template":"","meta":{"_acf_changed":false,"footnotes":""},"class_list":["post-8861","page","type-page","status-publish","has-post-thumbnail"],"acf":[],"yoast_head":"<!-- This site is optimized with the Yoast SEO plugin v25.6 - https:\/\/yoast.com\/wordpress\/plugins\/seo\/ -->\n<title>Reno NV Cirug\u00eda de rejuvenecimiento vaginal, Tratamiento | Lago Tahoe<\/title>\n<meta name=\"description\" content=\"El Dr. Erez Dayan ofrece varias opciones para el rejuvenecimiento vaginal cosm\u00e9tico y funcional en el Instituto de Cirug\u00eda Pl\u00e1stica Avance en Reno, NV. Llame hoy para programar una consulta para explorar las opciones para una vida mejor.\" \/>\n<meta name=\"robots\" content=\"index, follow, max-snippet:-1, max-image-preview:large, max-video-preview:-1\" \/>\n<link rel=\"canonical\" href=\"https:\/\/www.avanceplasticsurgery.com\/es\/procedimientos-cosmeticos-y-de-cirugia\/procedimientos-cosmeticos-corporales\/rejuvenecimiento-vaginal\/\" \/>\n<meta property=\"og:locale\" content=\"es_ES\" \/>\n<meta property=\"og:type\" content=\"article\" \/>\n<meta property=\"og:title\" content=\"Reno NV Cirug\u00eda de rejuvenecimiento vaginal, Tratamiento | Lago Tahoe\" \/>\n<meta property=\"og:description\" content=\"El Dr. Erez Dayan ofrece varias opciones para el rejuvenecimiento vaginal cosm\u00e9tico y funcional en el Instituto de Cirug\u00eda Pl\u00e1stica Avance en Reno, NV. Llame hoy para programar una consulta para explorar las opciones para una vida mejor.\" \/>\n<meta property=\"og:url\" content=\"https:\/\/www.avanceplasticsurgery.com\/es\/procedimientos-cosmeticos-y-de-cirugia\/procedimientos-cosmeticos-corporales\/rejuvenecimiento-vaginal\/\" \/>\n<meta property=\"og:site_name\" content=\"Avance Plastic Surgery\" \/>\n<meta property=\"article:modified_time\" content=\"2024-04-24T13:36:40+00:00\" \/>\n<meta property=\"og:image\" content=\"https:\/\/www.avanceplasticsurgery.com\/wp-content\/uploads\/2022\/01\/skin.jpg\" \/>\n\t<meta property=\"og:image:width\" content=\"1920\" \/>\n\t<meta property=\"og:image:height\" content=\"595\" \/>\n\t<meta property=\"og:image:type\" content=\"image\/jpeg\" \/>\n<meta name=\"twitter:card\" content=\"summary_large_image\" \/>\n<meta name=\"twitter:label1\" content=\"Tiempo de lectura\" \/>\n\t<meta name=\"twitter:data1\" content=\"3 minutos\" \/>\n<!-- \/ Yoast SEO plugin. -->","yoast_head_json":{"title":"Reno NV Cirug\u00eda de rejuvenecimiento vaginal, Tratamiento | Lago Tahoe","description":"El Dr. Erez Dayan ofrece varias opciones para el rejuvenecimiento vaginal cosm\u00e9tico y funcional en el Instituto de Cirug\u00eda Pl\u00e1stica Avance en Reno, NV. Llame hoy para programar una consulta para explorar las opciones para una vida mejor.","robots":{"index":"index","follow":"follow","max-snippet":"max-snippet:-1","max-image-preview":"max-image-preview:large","max-video-preview":"max-video-preview:-1"},"canonical":"https:\/\/www.avanceplasticsurgery.com\/es\/procedimientos-cosmeticos-y-de-cirugia\/procedimientos-cosmeticos-corporales\/rejuvenecimiento-vaginal\/","og_locale":"es_ES","og_type":"article","og_title":"Reno NV Cirug\u00eda de rejuvenecimiento vaginal, Tratamiento | Lago Tahoe","og_description":"El Dr. Erez Dayan ofrece varias opciones para el rejuvenecimiento vaginal cosm\u00e9tico y funcional en el Instituto de Cirug\u00eda Pl\u00e1stica Avance en Reno, NV. Llame hoy para programar una consulta para explorar las opciones para una vida mejor.","og_url":"https:\/\/www.avanceplasticsurgery.com\/es\/procedimientos-cosmeticos-y-de-cirugia\/procedimientos-cosmeticos-corporales\/rejuvenecimiento-vaginal\/","og_site_name":"Avance Plastic Surgery","article_modified_time":"2024-04-24T13:36:40+00:00","og_image":[{"width":1920,"height":595,"url":"https:\/\/www.avanceplasticsurgery.com\/wp-content\/uploads\/2022\/01\/skin.jpg","type":"image\/jpeg"}],"twitter_card":"summary_large_image","twitter_misc":{"Tiempo de lectura":"3 minutos"},"schema":{"@context":"https:\/\/schema.org","@graph":[{"@type":"WebPage","@id":"https:\/\/www.avanceplasticsurgery.com\/es\/procedimientos-cosmeticos-y-de-cirugia\/procedimientos-cosmeticos-corporales\/rejuvenecimiento-vaginal\/","url":"https:\/\/www.avanceplasticsurgery.com\/es\/procedimientos-cosmeticos-y-de-cirugia\/procedimientos-cosmeticos-corporales\/rejuvenecimiento-vaginal\/","name":"Reno NV Cirug\u00eda de rejuvenecimiento vaginal, Tratamiento | Lago Tahoe","isPartOf":{"@id":"https:\/\/www.avanceplasticsurgery.com\/es\/#website"},"primaryImageOfPage":{"@id":"https:\/\/www.avanceplasticsurgery.com\/es\/procedimientos-cosmeticos-y-de-cirugia\/procedimientos-cosmeticos-corporales\/rejuvenecimiento-vaginal\/#primaryimage"},"image":{"@id":"https:\/\/www.avanceplasticsurgery.com\/es\/procedimientos-cosmeticos-y-de-cirugia\/procedimientos-cosmeticos-corporales\/rejuvenecimiento-vaginal\/#primaryimage"},"thumbnailUrl":"https:\/\/www.avanceplasticsurgery.com\/wp-content\/uploads\/2022\/01\/skin.jpg","datePublished":"2020-09-11T07:56:10+00:00","dateModified":"2024-04-24T13:36:40+00:00","description":"El Dr. Erez Dayan ofrece varias opciones para el rejuvenecimiento vaginal cosm\u00e9tico y funcional en el Instituto de Cirug\u00eda Pl\u00e1stica Avance en Reno, NV. Llame hoy para programar una consulta para explorar las opciones para una vida mejor.","breadcrumb":{"@id":"https:\/\/www.avanceplasticsurgery.com\/es\/procedimientos-cosmeticos-y-de-cirugia\/procedimientos-cosmeticos-corporales\/rejuvenecimiento-vaginal\/#breadcrumb"},"inLanguage":"es","potentialAction":[{"@type":"ReadAction","target":["https:\/\/www.avanceplasticsurgery.com\/es\/procedimientos-cosmeticos-y-de-cirugia\/procedimientos-cosmeticos-corporales\/rejuvenecimiento-vaginal\/"]}]},{"@type":"ImageObject","inLanguage":"es","@id":"https:\/\/www.avanceplasticsurgery.com\/es\/procedimientos-cosmeticos-y-de-cirugia\/procedimientos-cosmeticos-corporales\/rejuvenecimiento-vaginal\/#primaryimage","url":"https:\/\/www.avanceplasticsurgery.com\/wp-content\/uploads\/2022\/01\/skin.jpg","contentUrl":"https:\/\/www.avanceplasticsurgery.com\/wp-content\/uploads\/2022\/01\/skin.jpg","width":1920,"height":595,"caption":"Una mujer y un hombre con bata blanca, posiblemente un m\u00e9dico, sonr\u00eden y miran juntos un documento o un libro sobre un fondo liso."},{"@type":"BreadcrumbList","@id":"https:\/\/www.avanceplasticsurgery.com\/es\/procedimientos-cosmeticos-y-de-cirugia\/procedimientos-cosmeticos-corporales\/rejuvenecimiento-vaginal\/#breadcrumb","itemListElement":[{"@type":"ListItem","position":1,"name":"Home","item":"https:\/\/www.avanceplasticsurgery.com\/es\/"},{"@type":"ListItem","position":2,"name":"Cosm\u00e9tica","item":"https:\/\/www.avanceplasticsurgery.com\/es\/procedimientos-cosmeticos-y-de-cirugia\/"},{"@type":"ListItem","position":3,"name":"Procedimientos Cosm\u00e9ticos Corporales","item":"https:\/\/www.avanceplasticsurgery.com\/es\/procedimientos-cosmeticos-y-de-cirugia\/procedimientos-cosmeticos-corporales\/"},{"@type":"ListItem","position":4,"name":"Rejuvenecimiento Vaginal"}]},{"@type":"WebSite","@id":"https:\/\/www.avanceplasticsurgery.com\/es\/#website","url":"https:\/\/www.avanceplasticsurgery.com\/es\/","name":"Avance Plastic Surgery","description":"","potentialAction":[{"@type":"SearchAction","target":{"@type":"EntryPoint","urlTemplate":"https:\/\/www.avanceplasticsurgery.com\/es\/?s={search_term_string}"},"query-input":{"@type":"PropertyValueSpecification","valueRequired":true,"valueName":"search_term_string"}}],"inLanguage":"es"}]}},"_links":{"self":[{"href":"https:\/\/www.avanceplasticsurgery.com\/es\/wp-json\/wp\/v2\/pages\/8861","targetHints":{"allow":["GET"]}}],"collection":[{"href":"https:\/\/www.avanceplasticsurgery.com\/es\/wp-json\/wp\/v2\/pages"}],"about":[{"href":"https:\/\/www.avanceplasticsurgery.com\/es\/wp-json\/wp\/v2\/types\/page"}],"author":[{"embeddable":true,"href":"https:\/\/www.avanceplasticsurgery.com\/es\/wp-json\/wp\/v2\/users\/1"}],"replies":[{"embeddable":true,"href":"https:\/\/www.avanceplasticsurgery.com\/es\/wp-json\/wp\/v2\/comments?post=8861"}],"version-history":[{"count":4,"href":"https:\/\/www.avanceplasticsurgery.com\/es\/wp-json\/wp\/v2\/pages\/8861\/revisions"}],"predecessor-version":[{"id":11203,"href":"https:\/\/www.avanceplasticsurgery.com\/es\/wp-json\/wp\/v2\/pages\/8861\/revisions\/11203"}],"up":[{"embeddable":true,"href":"https:\/\/www.avanceplasticsurgery.com\/es\/wp-json\/wp\/v2\/pages\/8791"}],"wp:featuredmedia":[{"embeddable":true,"href":"https:\/\/www.avanceplasticsurgery.com\/es\/wp-json\/wp\/v2\/media\/8577"}],"wp:attachment":[{"href":"https:\/\/www.avanceplasticsurgery.com\/es\/wp-json\/wp\/v2\/media?parent=8861"}],"curies":[{"name":"wp","href":"https:\/\/api.w.org\/{rel}","templated":true}]}}