{"id":8862,"date":"2022-01-13T14:46:25","date_gmt":"2022-01-13T14:46:25","guid":{"rendered":"https:\/\/www.avanceplasticsurgery.com\/procedimientos-cosmeticos-y-de-cirugia\/procedimientos-cosmeticos-corporales\/rejuvenecimiento-vaginal\/empoderrf\/"},"modified":"2022-04-25T11:28:29","modified_gmt":"2022-04-25T11:28:29","slug":"empoderrf","status":"publish","type":"page","link":"https:\/\/www.avanceplasticsurgery.com\/es\/procedimientos-cosmeticos-y-de-cirugia\/procedimientos-cosmeticos-corporales\/rejuvenecimiento-vaginal\/empoderrf\/","title":{"rendered":"EMPODERRF"},"content":{"rendered":"<h1>EMPOWERRF para el bienestar de la mujer<\/h1>\n<p><img loading=\"lazy\" decoding=\"async\" src=\"https:\/\/www.avanceplasticsurgery.com\/wp-content\/uploads\/2022\/01\/erf.jpg\" alt=\"Plataforma EmpowerRF\" width=\"350\" height=\"817\" class=\"alignleft size-full wp-image-7534\" srcset=\"https:\/\/www.avanceplasticsurgery.com\/wp-content\/uploads\/2022\/01\/erf.jpg 350w, https:\/\/www.avanceplasticsurgery.com\/wp-content\/uploads\/2022\/01\/erf-129x300.jpg 129w\" sizes=\"auto, (max-width: 350px) 100vw, 350px\" \/>En Avance Plastic Surgery Institute, valoramos la salud y el bienestar de nuestros pacientes. Las mujeres enfrentan desaf\u00edos adicionales que requieren <a title=\"Reno NV Cirug\u00eda de rejuvenecimiento vaginal, tratamiento\" href=\"https:\/\/www.avanceplasticsurgery.com\/es\/cosmetic-and-surgery-procedures\/body-cosmetic-procedures\/vaginal-rejuvenation\/\">soluciones innovadoras<\/a> . EmpowerRF es una plataforma multifuncional de InMode que ofrece resultados revolucionarios a trav\u00e9s de una variedad de terapias. Los pacientes que padecen afecciones como dolor cr\u00f3nico, estr\u00e9s, mala circulaci\u00f3n, debilidad del piso p\u00e9lvico e incontinencia urinaria (IUE) pueden acudir al Dr. Erez Dayan para obtener alivio.<\/p>\n<p>La coagulaci\u00f3n fraccionada, el calentamiento subnecr\u00f3tico y la estimulaci\u00f3n muscular son solo algunas de las tecnolog\u00edas incluidas con EmpowerRF. Cuando los pacientes acuden a Avance Plastic Surgery para recibir tratamiento, el Dr. Dayan puede proporcionar una consulta para determinar la idoneidad de las terapias disponibles. Podemos emplear tratamientos \u00fanicos o m\u00faltiples para producir resultados \u00f3ptimos.<\/p>\n<p>Las mujeres que sufren de incontinencia urinaria o una necesidad constante de ir al ba\u00f1o pueden encontrar alivio con la electroestimulaci\u00f3n muscular (EMS) intravaginal. La radiofrecuencia fraccional subepitelial puede tensar la piel, reducir la aparici\u00f3n de arrugas y reducir la visibilidad de las cicatrices del acn\u00e9. El Dr. Dayan tambi\u00e9n puede usar radiofrecuencia bipolar para rejuvenecer a\u00fan m\u00e1s la piel, haciendo que los pacientes se vean y se sientan m\u00e1s j\u00f3venes.<\/p>\n<p>Estos tratamientos sin\u00e9rgicos son posibles gracias a piezas de mano que permiten una mayor personalizaci\u00f3n, precisi\u00f3n y combinaci\u00f3n de tratamientos. Todas las terapias son no invasivas y seguras, lo que significa que no hay necesidad de cirug\u00eda para lograr los objetivos de belleza y bienestar. Para las mujeres que viven vidas ocupadas, el tiempo de inactividad no es una opci\u00f3n. Los tratamientos disponibles con EmpowerRF se brindan en el consultorio y los pacientes pueden volver a su vida normal de inmediato.<\/p>\n<p>Promover el empoderamiento de la mujer es una parte integral de lo que hacemos en Avance Plastic Surgery. La plataforma EmpowerRF permite al Dr. Dayan ofrecer a nuestras pacientes una gama m\u00e1s amplia de terapias. Si sufre de falta de confianza, tenemos soluciones que podr\u00edan transformar su vida.<\/p>\n<h2>Suelo p\u00e9lvico y restauraci\u00f3n vaginal<\/h2>\n<p>Los m\u00fasculos del piso p\u00e9lvico ayudan a sostener la vejiga, el intestino y el \u00fatero en las mujeres. Los ejercicios pueden reducir o eliminar la incontinencia urinaria y tambi\u00e9n se recomiendan para el prolapso de \u00f3rganos p\u00e9lvicos. Sin embargo, estos ejercicios consumen mucho tiempo y es posible que no produzcan los resultados deseados para todas las mujeres.<\/p>\n<p>Las herramientas que el Dr. Dayan tiene a su disposici\u00f3n con la plataforma EmpowerRF pueden tratar las debilidades de los m\u00fasculos del suelo p\u00e9lvico. Nuestras terapias est\u00e1n dise\u00f1adas para promover la restauraci\u00f3n vaginal. Las mujeres embarazadas pueden sufrir de incontinencia urinaria. Las mujeres que experimentan problemas de peso o aquellas que se han sometido a procedimientos quir\u00fargicos espec\u00edficos tambi\u00e9n pueden desarrollar m\u00fasculos del suelo p\u00e9lvico d\u00e9biles.<\/p>\n<p>El sexo puede volverse menos placentero para las mujeres que necesitan un tratamiento de restauraci\u00f3n vaginal. Fortalecer los m\u00fasculos p\u00e9lvicos puede mejorar las relaciones personales. El equipo de Avance Plastic Surgery est\u00e1 compuesto por profesionales compasivos y emp\u00e1ticos. Se sentir\u00e1 c\u00f3modo en cada etapa de su viaje terap\u00e9utico en nuestras oficinas.<\/p>\n<h3>Herramientas EmpowerRF<\/h3>\n<p>VTone se utiliza en la estimulaci\u00f3n muscular intravaginal (EMS) y terapias neuromusculares en Avance Plastic Surgery. Si sufre de estr\u00e9s o tiene los m\u00fasculos del piso p\u00e9lvico comprometidos, el Dr. Dayan puede ayudar. Morpheus8V tiene m\u00faltiples aplicaciones que beneficiar\u00e1n a las mujeres con una mejor salud y bienestar. Si tiene inquietudes sobre la salud de los tejidos, podemos recomendar FormaV como soluci\u00f3n en nuestra Cl\u00ednica de Nevada.<\/p>\n<p>Alternativamente, el Dr. Dayan puede sugerir Aviva para pacientes que sufren de hemostasia y coagulaci\u00f3n. Como tecnolog\u00eda avanzada, Aviva tiene caracter\u00edsticas de seguridad integradas para evitar lesiones t\u00e9rmicas cuando se usa internamente. Las posibilidades con EmpowerRF son infinitas cuando se combinan herramientas y terapias para ofrecer a los pacientes una gama m\u00e1s amplia de opciones de tratamiento.<\/p>\n<p>No sigas sufriendo en silencio. Aborde condiciones embarazosas como la incontinencia urinaria con tratamiento en Avance Plastic Surgery. Puede comenzar su viaje hacia el bienestar programando una consulta con el Dr. Dayan en sus oficinas de Nevada. <a title=\"P\u00f3ngase en contacto con el Instituto de Cirug\u00eda Pl\u00e1stica Avance en Reno NV\" href=\"https:\/\/www.avanceplasticsurgery.com\/es\/contact-us-dr-erez-dayan\/\">P\u00f3ngase en contacto con nuestra pr\u00e1ctica<\/a> para reservar su lugar hoy.<\/p>\n<p>Avance Plastic Surgery trabaja directamente con Abigal Sargent, quien es una fisioterapeuta licenciada con gran experiencia en el rejuvenecimiento vaginal. Consulte <a href=\"https:\/\/www.avanceplasticsurgery.com\/es\/abigal-sargent-curriculum-vitae\/\">el curr\u00edculum vitae de Abigail<\/a> para revisar sus impresionantes credenciales.<\/p>\n","protected":false},"excerpt":{"rendered":"<p>EMPOWERRF para el bienestar de la mujer En Avance Plastic Surgery Institute, valoramos la salud y el bienestar de&hellip;<\/p>\n","protected":false},"author":1,"featured_media":0,"parent":8861,"menu_order":0,"comment_status":"closed","ping_status":"closed","template":"","meta":{"_acf_changed":false,"footnotes":""},"class_list":["post-8862","page","type-page","status-publish"],"acf":[],"yoast_head":"<!-- This site is optimized with the Yoast SEO plugin v25.6 - https:\/\/yoast.com\/wordpress\/plugins\/seo\/ -->\n<title>Tratamiento Reno EMPOWERRF | Restauraci\u00f3n vaginal y del suelo p\u00e9lvico en Lake Tahoe<\/title>\n<meta name=\"description\" content=\"Encuentre alivio para la incontinencia urinaria con la restauraci\u00f3n vaginal en Avance Plastic Surgery. Llame para programar una consulta con el Dr. Erez Dayan en Nevada hoy.\" \/>\n<meta name=\"robots\" content=\"index, follow, max-snippet:-1, max-image-preview:large, max-video-preview:-1\" \/>\n<link rel=\"canonical\" href=\"https:\/\/www.avanceplasticsurgery.com\/es\/procedimientos-cosmeticos-y-de-cirugia\/procedimientos-cosmeticos-corporales\/rejuvenecimiento-vaginal\/empoderrf\/\" \/>\n<meta property=\"og:locale\" content=\"es_ES\" \/>\n<meta property=\"og:type\" content=\"article\" \/>\n<meta property=\"og:title\" content=\"Tratamiento Reno EMPOWERRF | Restauraci\u00f3n vaginal y del suelo p\u00e9lvico en Lake Tahoe\" \/>\n<meta property=\"og:description\" content=\"Encuentre alivio para la incontinencia urinaria con la restauraci\u00f3n vaginal en Avance Plastic Surgery. Llame para programar una consulta con el Dr. Erez Dayan en Nevada hoy.\" \/>\n<meta property=\"og:url\" content=\"https:\/\/www.avanceplasticsurgery.com\/es\/procedimientos-cosmeticos-y-de-cirugia\/procedimientos-cosmeticos-corporales\/rejuvenecimiento-vaginal\/empoderrf\/\" \/>\n<meta property=\"og:site_name\" content=\"Avance Plastic Surgery\" \/>\n<meta property=\"article:modified_time\" content=\"2022-04-25T11:28:29+00:00\" \/>\n<meta property=\"og:image\" content=\"https:\/\/www.avanceplasticsurgery.com\/wp-content\/uploads\/2022\/01\/erf.jpg\" \/>\n<meta name=\"twitter:card\" content=\"summary_large_image\" \/>\n<meta name=\"twitter:label1\" content=\"Tiempo de lectura\" \/>\n\t<meta name=\"twitter:data1\" content=\"4 minutos\" \/>\n<!-- \/ Yoast SEO plugin. -->","yoast_head_json":{"title":"Tratamiento Reno EMPOWERRF | Restauraci\u00f3n vaginal y del suelo p\u00e9lvico en Lake Tahoe","description":"Encuentre alivio para la incontinencia urinaria con la restauraci\u00f3n vaginal en Avance Plastic Surgery. Llame para programar una consulta con el Dr. Erez Dayan en Nevada hoy.","robots":{"index":"index","follow":"follow","max-snippet":"max-snippet:-1","max-image-preview":"max-image-preview:large","max-video-preview":"max-video-preview:-1"},"canonical":"https:\/\/www.avanceplasticsurgery.com\/es\/procedimientos-cosmeticos-y-de-cirugia\/procedimientos-cosmeticos-corporales\/rejuvenecimiento-vaginal\/empoderrf\/","og_locale":"es_ES","og_type":"article","og_title":"Tratamiento Reno EMPOWERRF | Restauraci\u00f3n vaginal y del suelo p\u00e9lvico en Lake Tahoe","og_description":"Encuentre alivio para la incontinencia urinaria con la restauraci\u00f3n vaginal en Avance Plastic Surgery. Llame para programar una consulta con el Dr. Erez Dayan en Nevada hoy.","og_url":"https:\/\/www.avanceplasticsurgery.com\/es\/procedimientos-cosmeticos-y-de-cirugia\/procedimientos-cosmeticos-corporales\/rejuvenecimiento-vaginal\/empoderrf\/","og_site_name":"Avance Plastic Surgery","article_modified_time":"2022-04-25T11:28:29+00:00","og_image":[{"url":"https:\/\/www.avanceplasticsurgery.com\/wp-content\/uploads\/2022\/01\/erf.jpg","type":"","width":"","height":""}],"twitter_card":"summary_large_image","twitter_misc":{"Tiempo de lectura":"4 minutos"},"schema":{"@context":"https:\/\/schema.org","@graph":[{"@type":"WebPage","@id":"https:\/\/www.avanceplasticsurgery.com\/es\/procedimientos-cosmeticos-y-de-cirugia\/procedimientos-cosmeticos-corporales\/rejuvenecimiento-vaginal\/empoderrf\/","url":"https:\/\/www.avanceplasticsurgery.com\/es\/procedimientos-cosmeticos-y-de-cirugia\/procedimientos-cosmeticos-corporales\/rejuvenecimiento-vaginal\/empoderrf\/","name":"Tratamiento Reno EMPOWERRF | Restauraci\u00f3n vaginal y del suelo p\u00e9lvico en Lake Tahoe","isPartOf":{"@id":"https:\/\/www.avanceplasticsurgery.com\/es\/#website"},"primaryImageOfPage":{"@id":"https:\/\/www.avanceplasticsurgery.com\/es\/procedimientos-cosmeticos-y-de-cirugia\/procedimientos-cosmeticos-corporales\/rejuvenecimiento-vaginal\/empoderrf\/#primaryimage"},"image":{"@id":"https:\/\/www.avanceplasticsurgery.com\/es\/procedimientos-cosmeticos-y-de-cirugia\/procedimientos-cosmeticos-corporales\/rejuvenecimiento-vaginal\/empoderrf\/#primaryimage"},"thumbnailUrl":"https:\/\/www.avanceplasticsurgery.com\/wp-content\/uploads\/2022\/01\/erf.jpg","datePublished":"2022-01-13T14:46:25+00:00","dateModified":"2022-04-25T11:28:29+00:00","description":"Encuentre alivio para la incontinencia urinaria con la restauraci\u00f3n vaginal en Avance Plastic Surgery. Llame para programar una consulta con el Dr. Erez Dayan en Nevada hoy.","breadcrumb":{"@id":"https:\/\/www.avanceplasticsurgery.com\/es\/procedimientos-cosmeticos-y-de-cirugia\/procedimientos-cosmeticos-corporales\/rejuvenecimiento-vaginal\/empoderrf\/#breadcrumb"},"inLanguage":"es","potentialAction":[{"@type":"ReadAction","target":["https:\/\/www.avanceplasticsurgery.com\/es\/procedimientos-cosmeticos-y-de-cirugia\/procedimientos-cosmeticos-corporales\/rejuvenecimiento-vaginal\/empoderrf\/"]}]},{"@type":"ImageObject","inLanguage":"es","@id":"https:\/\/www.avanceplasticsurgery.com\/es\/procedimientos-cosmeticos-y-de-cirugia\/procedimientos-cosmeticos-corporales\/rejuvenecimiento-vaginal\/empoderrf\/#primaryimage","url":"https:\/\/www.avanceplasticsurgery.com\/wp-content\/uploads\/2022\/01\/erf.jpg","contentUrl":"https:\/\/www.avanceplasticsurgery.com\/wp-content\/uploads\/2022\/01\/erf.jpg"},{"@type":"BreadcrumbList","@id":"https:\/\/www.avanceplasticsurgery.com\/es\/procedimientos-cosmeticos-y-de-cirugia\/procedimientos-cosmeticos-corporales\/rejuvenecimiento-vaginal\/empoderrf\/#breadcrumb","itemListElement":[{"@type":"ListItem","position":1,"name":"Home","item":"https:\/\/www.avanceplasticsurgery.com\/es\/"},{"@type":"ListItem","position":2,"name":"Cosm\u00e9tica","item":"https:\/\/www.avanceplasticsurgery.com\/es\/procedimientos-cosmeticos-y-de-cirugia\/"},{"@type":"ListItem","position":3,"name":"Procedimientos Cosm\u00e9ticos Corporales","item":"https:\/\/www.avanceplasticsurgery.com\/es\/procedimientos-cosmeticos-y-de-cirugia\/procedimientos-cosmeticos-corporales\/"},{"@type":"ListItem","position":4,"name":"Rejuvenecimiento Vaginal","item":"https:\/\/www.avanceplasticsurgery.com\/es\/procedimientos-cosmeticos-y-de-cirugia\/procedimientos-cosmeticos-corporales\/rejuvenecimiento-vaginal\/"},{"@type":"ListItem","position":5,"name":"EMPODERRF"}]},{"@type":"WebSite","@id":"https:\/\/www.avanceplasticsurgery.com\/es\/#website","url":"https:\/\/www.avanceplasticsurgery.com\/es\/","name":"Avance Plastic Surgery","description":"","potentialAction":[{"@type":"SearchAction","target":{"@type":"EntryPoint","urlTemplate":"https:\/\/www.avanceplasticsurgery.com\/es\/?s={search_term_string}"},"query-input":{"@type":"PropertyValueSpecification","valueRequired":true,"valueName":"search_term_string"}}],"inLanguage":"es"}]}},"_links":{"self":[{"href":"https:\/\/www.avanceplasticsurgery.com\/es\/wp-json\/wp\/v2\/pages\/8862","targetHints":{"allow":["GET"]}}],"collection":[{"href":"https:\/\/www.avanceplasticsurgery.com\/es\/wp-json\/wp\/v2\/pages"}],"about":[{"href":"https:\/\/www.avanceplasticsurgery.com\/es\/wp-json\/wp\/v2\/types\/page"}],"author":[{"embeddable":true,"href":"https:\/\/www.avanceplasticsurgery.com\/es\/wp-json\/wp\/v2\/users\/1"}],"replies":[{"embeddable":true,"href":"https:\/\/www.avanceplasticsurgery.com\/es\/wp-json\/wp\/v2\/comments?post=8862"}],"version-history":[{"count":1,"href":"https:\/\/www.avanceplasticsurgery.com\/es\/wp-json\/wp\/v2\/pages\/8862\/revisions"}],"predecessor-version":[{"id":9214,"href":"https:\/\/www.avanceplasticsurgery.com\/es\/wp-json\/wp\/v2\/pages\/8862\/revisions\/9214"}],"up":[{"embeddable":true,"href":"https:\/\/www.avanceplasticsurgery.com\/es\/wp-json\/wp\/v2\/pages\/8861"}],"wp:attachment":[{"href":"https:\/\/www.avanceplasticsurgery.com\/es\/wp-json\/wp\/v2\/media?parent=8862"}],"curies":[{"name":"wp","href":"https:\/\/api.w.org\/{rel}","templated":true}]}}