{"id":8863,"date":"2020-09-15T21:36:54","date_gmt":"2020-09-15T21:36:54","guid":{"rendered":"https:\/\/www.avanceplasticsurgery.com\/procedimientos-cosmeticos-y-de-cirugia\/procedimientos-cosmeticos-corporales\/rejuvenecimiento-vaginal\/labioplastia\/"},"modified":"2023-05-11T07:31:06","modified_gmt":"2023-05-11T07:31:06","slug":"labioplastia","status":"publish","type":"page","link":"https:\/\/www.avanceplasticsurgery.com\/es\/procedimientos-cosmeticos-y-de-cirugia\/procedimientos-cosmeticos-corporales\/rejuvenecimiento-vaginal\/labioplastia\/","title":{"rendered":"Labioplastia"},"content":{"rendered":"<h1>Labioplastia<\/h1>\n<p>A menudo, el parto, el envejecimiento, la actividad sexual o incluso la gen\u00e9tica pueden hacer que las mujeres tengan labios agrandados. Esta condici\u00f3n puede causar dificultad con la higiene, infecciones frecuentes del tracto urinario, problemas con el ejercicio u otra actividad f\u00edsica y dificultades con la actividad sexual. La labioplastia es una forma de <a title=\"Reno NV Cirug\u00eda de rejuvenecimiento vaginal, tratamiento\" href=\"https:\/\/www.avanceplasticsurgery.com\/es\/cosmetic-and-surgery-procedures\/body-cosmetic-procedures\/vaginal-rejuvenation\/\">cirug\u00eda pl\u00e1stica de rejuvenecimiento vaginal<\/a> para corregir esta afecci\u00f3n, y est\u00e1 disponible en Avance Plastic Surgery Institute en las h\u00e1biles manos del Dr. Erez Dayan.<\/p>\n<p>Un labio agrandado puede causar a las mujeres preocupaciones est\u00e9ticas adicionales adem\u00e1s de los problemas funcionales mencionados anteriormente. Los labios mayores que sobresalen se pueden ver f\u00e1cilmente con ropa ajustada, como pantalones de yoga o trajes de ba\u00f1o. Tambi\u00e9n puede proporcionar dificultad para usar algo de ropa. Adem\u00e1s, la apariencia puede hacer que algunas mujeres se averg\u00fcencen en situaciones rom\u00e1nticas, causando un estr\u00e9s indebido en las relaciones.<\/p>\n<p>El Dr. Dayan es un cirujano pl\u00e1stico y reconstructivo cosm\u00e9tico altamente educado y con amplia experiencia que ha escrito, dado conferencias y demostrado procedimientos quir\u00fargicos est\u00e9ticos y reconstructivos en siete continentes. Es investigador avanzado e investigador de importantes empresas que desarrollan dispositivos m\u00e9dicos est\u00e9ticos y t\u00e9cnicas de tratamiento avanzadas. \u00c9l puede discutir sus inquietudes y proponer soluciones quir\u00fargicas espec\u00edficas en una consulta privada en su oficina en Reno\/Tahoe, NV.<\/p>\n<h2>Cirug\u00eda Est\u00e9tica Reno Labia<\/h2>\n<p>Hay varios procedimientos que el Dr. Dayan puede usar para la cirug\u00eda est\u00e9tica y reconstructiva de los labios, dependiendo de las necesidades exactas de cada paciente. La premisa b\u00e1sica es eliminar el exceso de piel de los labios mayores para conseguir un aspecto m\u00e1s uniforme y sim\u00e9trico. Cada una de las diferentes t\u00e9cnicas que se pueden usar para lograr esto tiene ventajas y desventajas, que el Dr. Dayan puede explicar. Despu\u00e9s de un examen f\u00edsico y una discusi\u00f3n sobre su salud, metas y deseos, puede recomendar un enfoque particular y explicarlo en detalle.<\/p>\n<h3>AVIVA Labioplastia no quir\u00fargica<\/h3>\n<p>AVIVA utiliza anestesia local en toda el \u00e1rea labial, por lo que no siente nada durante el procedimiento. Usando energ\u00eda de calor de radiofrecuencia a trav\u00e9s de una peque\u00f1a incisi\u00f3n, AVIVA trabaja debajo de la piel, eliminando el exceso de grasa y volumen. La radiofrecuencia tambi\u00e9n se aplica en la parte externa de los labios, fomentando la producci\u00f3n de col\u00e1geno para la tirantez. Esta combinaci\u00f3n de calor estimula al cuerpo a contraer el tejido labial y remodelar las estructuras debajo, lo que da como resultado unos labios m\u00e1s peque\u00f1os y apretados.<\/p>\n<p>Usando la labioplastia no quir\u00fargica AVIVA, los pacientes experimentan poco tiempo de inactividad, sin anestesia intravenosa, sin cicatrices importantes y con pocos l\u00edmites en las actividades despu\u00e9s del procedimiento. AVIVA es un tratamiento seguro y eficaz comprobado para la labioplastia no quir\u00fargica.<\/p>\n<p style=\"text-align: center;\"><a href=\"https:\/\/www.avanceplasticsurgery.com\/wp-content\/uploads\/2020\/10\/labiaplasty.pdf\" class=\"btn btn-primary\" target=\"_blank\" rel=\"noopener noreferrer\">Publicaci\u00f3n del Dr. Dayan<\/a><\/p>\n<h4>Labioplastia como procedimiento ambulatorio<\/h4>\n<p>La labioplastia es un procedimiento ambulatorio que generalmente dura alrededor de una hora. Los pacientes regresan a casa el mismo d\u00eda con instrucciones detalladas de cuidado posterior del Dr. Dayan y su equipo de est\u00e9tica. Debe evitar hacer ejercicio o usar ropa ajustada durante varios d\u00edas y abstenerse de tener relaciones sexuales durante al menos cuatro semanas.<\/p>\n<p>Para obtener m\u00e1s informaci\u00f3n sobre la cirug\u00eda cosm\u00e9tica y reconstructiva de los labios del Dr. Dayan, <a title=\"P\u00f3ngase en contacto con el Instituto de Cirug\u00eda Pl\u00e1stica Avance en Reno NV\" href=\"https:\/\/www.avanceplasticsurgery.com\/es\/contact-us-dr-erez-dayan\/\">comun\u00edquese hoy con el Instituto de Cirug\u00eda Pl\u00e1stica Avance en Reno\/Tahoe<\/a> para programar una consulta.<\/p>\n<p style=\"text-align: center;\"><a href=\"https:\/\/www.avanceplasticsurgery.com\/wp-content\/uploads\/2023\/05\/labiaplasty_postop_instructions.pdf\" class=\"btn btn-primary\" target=\"_blank\" rel=\"noopener noreferrer\">Instrucciones postoperatorias<\/a><\/p>\n","protected":false},"excerpt":{"rendered":"<p>Labioplastia A menudo, el parto, el envejecimiento, la actividad sexual o incluso la gen\u00e9tica pueden hacer que las mujeres&hellip;<\/p>\n","protected":false},"author":1,"featured_media":0,"parent":8861,"menu_order":0,"comment_status":"closed","ping_status":"closed","template":"","meta":{"_acf_changed":false,"footnotes":""},"class_list":["post-8863","page","type-page","status-publish"],"acf":[],"yoast_head":"<!-- This site is optimized with the Yoast SEO plugin v27.4 - https:\/\/yoast.com\/product\/yoast-seo-wordpress\/ -->\n<title>Reno NV Labioplastia | Cirug\u00eda est\u00e9tica de labios vaginales en Lake Tahoe<\/title>\n<meta name=\"description\" content=\"La labioplastia es una cirug\u00eda est\u00e9tica y funcional dise\u00f1ada para corregir los labios mayores sobredimensionados. Esta intrincada cirug\u00eda pl\u00e1stica est\u00e1 disponible con el Dr. Erez Dayan en el Instituto de Cirug\u00eda Pl\u00e1stica Avance en Reno, Nevada.\" \/>\n<meta name=\"robots\" content=\"index, follow, max-snippet:-1, max-image-preview:large, max-video-preview:-1\" \/>\n<link rel=\"canonical\" href=\"https:\/\/www.avanceplasticsurgery.com\/es\/procedimientos-cosmeticos-y-de-cirugia\/procedimientos-cosmeticos-corporales\/rejuvenecimiento-vaginal\/labioplastia\/\" \/>\n<meta property=\"og:locale\" content=\"es_ES\" \/>\n<meta property=\"og:type\" content=\"article\" \/>\n<meta property=\"og:title\" content=\"Reno NV Labioplastia | Cirug\u00eda est\u00e9tica de labios vaginales en Lake Tahoe\" \/>\n<meta property=\"og:description\" content=\"La labioplastia es una cirug\u00eda est\u00e9tica y funcional dise\u00f1ada para corregir los labios mayores sobredimensionados. Esta intrincada cirug\u00eda pl\u00e1stica est\u00e1 disponible con el Dr. Erez Dayan en el Instituto de Cirug\u00eda Pl\u00e1stica Avance en Reno, Nevada.\" \/>\n<meta property=\"og:url\" content=\"https:\/\/www.avanceplasticsurgery.com\/es\/procedimientos-cosmeticos-y-de-cirugia\/procedimientos-cosmeticos-corporales\/rejuvenecimiento-vaginal\/labioplastia\/\" \/>\n<meta property=\"og:site_name\" content=\"Avance Plastic Surgery\" \/>\n<meta property=\"article:modified_time\" content=\"2023-05-11T07:31:06+00:00\" \/>\n<meta name=\"twitter:card\" content=\"summary_large_image\" \/>\n<meta name=\"twitter:label1\" content=\"Tiempo de lectura\" \/>\n\t<meta name=\"twitter:data1\" content=\"3 minutos\" \/>\n<!-- \/ Yoast SEO plugin. -->","yoast_head_json":{"title":"Reno NV Labioplastia | Cirug\u00eda est\u00e9tica de labios vaginales en Lake Tahoe","description":"La labioplastia es una cirug\u00eda est\u00e9tica y funcional dise\u00f1ada para corregir los labios mayores sobredimensionados. Esta intrincada cirug\u00eda pl\u00e1stica est\u00e1 disponible con el Dr. Erez Dayan en el Instituto de Cirug\u00eda Pl\u00e1stica Avance en Reno, Nevada.","robots":{"index":"index","follow":"follow","max-snippet":"max-snippet:-1","max-image-preview":"max-image-preview:large","max-video-preview":"max-video-preview:-1"},"canonical":"https:\/\/www.avanceplasticsurgery.com\/es\/procedimientos-cosmeticos-y-de-cirugia\/procedimientos-cosmeticos-corporales\/rejuvenecimiento-vaginal\/labioplastia\/","og_locale":"es_ES","og_type":"article","og_title":"Reno NV Labioplastia | Cirug\u00eda est\u00e9tica de labios vaginales en Lake Tahoe","og_description":"La labioplastia es una cirug\u00eda est\u00e9tica y funcional dise\u00f1ada para corregir los labios mayores sobredimensionados. Esta intrincada cirug\u00eda pl\u00e1stica est\u00e1 disponible con el Dr. Erez Dayan en el Instituto de Cirug\u00eda Pl\u00e1stica Avance en Reno, Nevada.","og_url":"https:\/\/www.avanceplasticsurgery.com\/es\/procedimientos-cosmeticos-y-de-cirugia\/procedimientos-cosmeticos-corporales\/rejuvenecimiento-vaginal\/labioplastia\/","og_site_name":"Avance Plastic Surgery","article_modified_time":"2023-05-11T07:31:06+00:00","twitter_card":"summary_large_image","twitter_misc":{"Tiempo de lectura":"3 minutos"},"schema":{"@context":"https:\/\/schema.org","@graph":[{"@type":"WebPage","@id":"https:\/\/www.avanceplasticsurgery.com\/es\/procedimientos-cosmeticos-y-de-cirugia\/procedimientos-cosmeticos-corporales\/rejuvenecimiento-vaginal\/labioplastia\/","url":"https:\/\/www.avanceplasticsurgery.com\/es\/procedimientos-cosmeticos-y-de-cirugia\/procedimientos-cosmeticos-corporales\/rejuvenecimiento-vaginal\/labioplastia\/","name":"Reno NV Labioplastia | Cirug\u00eda est\u00e9tica de labios vaginales en Lake Tahoe","isPartOf":{"@id":"https:\/\/www.avanceplasticsurgery.com\/es\/#website"},"datePublished":"2020-09-15T21:36:54+00:00","dateModified":"2023-05-11T07:31:06+00:00","description":"La labioplastia es una cirug\u00eda est\u00e9tica y funcional dise\u00f1ada para corregir los labios mayores sobredimensionados. Esta intrincada cirug\u00eda pl\u00e1stica est\u00e1 disponible con el Dr. Erez Dayan en el Instituto de Cirug\u00eda Pl\u00e1stica Avance en Reno, Nevada.","breadcrumb":{"@id":"https:\/\/www.avanceplasticsurgery.com\/es\/procedimientos-cosmeticos-y-de-cirugia\/procedimientos-cosmeticos-corporales\/rejuvenecimiento-vaginal\/labioplastia\/#breadcrumb"},"inLanguage":"es","potentialAction":[{"@type":"ReadAction","target":["https:\/\/www.avanceplasticsurgery.com\/es\/procedimientos-cosmeticos-y-de-cirugia\/procedimientos-cosmeticos-corporales\/rejuvenecimiento-vaginal\/labioplastia\/"]}]},{"@type":"BreadcrumbList","@id":"https:\/\/www.avanceplasticsurgery.com\/es\/procedimientos-cosmeticos-y-de-cirugia\/procedimientos-cosmeticos-corporales\/rejuvenecimiento-vaginal\/labioplastia\/#breadcrumb","itemListElement":[{"@type":"ListItem","position":1,"name":"Home","item":"https:\/\/www.avanceplasticsurgery.com\/es\/"},{"@type":"ListItem","position":2,"name":"Cosm\u00e9tica","item":"https:\/\/www.avanceplasticsurgery.com\/es\/procedimientos-cosmeticos-y-de-cirugia\/"},{"@type":"ListItem","position":3,"name":"Procedimientos Cosm\u00e9ticos Corporales","item":"https:\/\/www.avanceplasticsurgery.com\/es\/procedimientos-cosmeticos-y-de-cirugia\/procedimientos-cosmeticos-corporales\/"},{"@type":"ListItem","position":4,"name":"Rejuvenecimiento Vaginal","item":"https:\/\/www.avanceplasticsurgery.com\/es\/procedimientos-cosmeticos-y-de-cirugia\/procedimientos-cosmeticos-corporales\/rejuvenecimiento-vaginal\/"},{"@type":"ListItem","position":5,"name":"Labioplastia"}]},{"@type":"WebSite","@id":"https:\/\/www.avanceplasticsurgery.com\/es\/#website","url":"https:\/\/www.avanceplasticsurgery.com\/es\/","name":"Avance Plastic Surgery","description":"","potentialAction":[{"@type":"SearchAction","target":{"@type":"EntryPoint","urlTemplate":"https:\/\/www.avanceplasticsurgery.com\/es\/?s={search_term_string}"},"query-input":{"@type":"PropertyValueSpecification","valueRequired":true,"valueName":"search_term_string"}}],"inLanguage":"es"}]}},"_links":{"self":[{"href":"https:\/\/www.avanceplasticsurgery.com\/es\/wp-json\/wp\/v2\/pages\/8863","targetHints":{"allow":["GET"]}}],"collection":[{"href":"https:\/\/www.avanceplasticsurgery.com\/es\/wp-json\/wp\/v2\/pages"}],"about":[{"href":"https:\/\/www.avanceplasticsurgery.com\/es\/wp-json\/wp\/v2\/types\/page"}],"author":[{"embeddable":true,"href":"https:\/\/www.avanceplasticsurgery.com\/es\/wp-json\/wp\/v2\/users\/1"}],"replies":[{"embeddable":true,"href":"https:\/\/www.avanceplasticsurgery.com\/es\/wp-json\/wp\/v2\/comments?post=8863"}],"version-history":[{"count":2,"href":"https:\/\/www.avanceplasticsurgery.com\/es\/wp-json\/wp\/v2\/pages\/8863\/revisions"}],"predecessor-version":[{"id":10439,"href":"https:\/\/www.avanceplasticsurgery.com\/es\/wp-json\/wp\/v2\/pages\/8863\/revisions\/10439"}],"up":[{"embeddable":true,"href":"https:\/\/www.avanceplasticsurgery.com\/es\/wp-json\/wp\/v2\/pages\/8861"}],"wp:attachment":[{"href":"https:\/\/www.avanceplasticsurgery.com\/es\/wp-json\/wp\/v2\/media?parent=8863"}],"curies":[{"name":"wp","href":"https:\/\/api.w.org\/{rel}","templated":true}]}}