{"id":8864,"date":"2021-10-19T14:01:12","date_gmt":"2021-10-19T14:01:12","guid":{"rendered":"https:\/\/www.avanceplasticsurgery.com\/procedimientos-cosmeticos-y-de-cirugia\/procedimientos-cosmeticos-corporales\/rejuvenecimiento-vaginal\/labioplastia-no-quirurgica\/"},"modified":"2022-04-25T11:36:36","modified_gmt":"2022-04-25T11:36:36","slug":"labioplastia-no-quirurgica","status":"publish","type":"page","link":"https:\/\/www.avanceplasticsurgery.com\/es\/procedimientos-cosmeticos-y-de-cirugia\/procedimientos-cosmeticos-corporales\/rejuvenecimiento-vaginal\/labioplastia-no-quirurgica\/","title":{"rendered":"Labioplastia no quir\u00fargica"},"content":{"rendered":"<h1>Labioplastia no quir\u00fargica<\/h1>\n<p>Si bien el tama\u00f1o de los labios es individual para cada persona, es muy com\u00fan que las mujeres se sientan acomplejadas por el aspecto de sus labios o el impacto que tiene en sus vidas. A algunas mujeres no les gusta c\u00f3mo se ven los labios alargados en prendas ajustadas. Otros pueden encontrar que les causa dolor cuando realizan actividades f\u00edsicas, como andar en bicicleta. A veces, puede interferir con la intimidad, ya sea por verg\u00fcenza, porque el tejido adicional reduce la sensaci\u00f3n o porque el tejido causa dolor. No importa el motivo, la labioplastia es un procedimiento com\u00fan de <a title=\"Reno NV Cirug\u00eda de rejuvenecimiento vaginal, tratamiento\" href=\"https:\/\/www.avanceplasticsurgery.com\/es\/cosmetic-and-surgery-procedures\/body-cosmetic-procedures\/vaginal-rejuvenation\/\">rejuvenecimiento vaginal<\/a> , con m\u00e1s mujeres eligiendo mejorar su calidad de vida cada a\u00f1o. Anteriormente, la \u00fanica opci\u00f3n para la labioplastia era la cirug\u00eda. Las t\u00e9cnicas actuales pueden ofrecer excelentes resultados con la labioplastia no quir\u00fargica.<\/p>\n<h2>AVIVA Radiofrecuencia Labioplastia<\/h2>\n<p>AVIVA es una opci\u00f3n no quir\u00fargica para remodelar los labios. A diferencia de la labioplastia quir\u00fargica, hay poco tiempo de inactividad, no hay anestesia intravenosa, no hay cicatrices importantes y hay pocos l\u00edmites en las actividades despu\u00e9s del procedimiento. En cambio, AVIVA usa sedaci\u00f3n suave y radiofrecuencias no quir\u00fargicas para reducir el tama\u00f1o de los labios. Tus labios ser\u00e1n m\u00e1s peque\u00f1os y m\u00e1s apretados.<\/p>\n<p><strong>\u00bfC\u00f3mo funciona AVIVA?<\/strong><br \/>\nAVIVA usa anestesia local, y con toda su \u00e1rea p\u00fabica congelada, no sentir\u00e1 nada durante el procedimiento. AVIVA utiliza energ\u00eda t\u00e9rmica de radiofrecuencia debajo de la piel, a trav\u00e9s de una peque\u00f1a incisi\u00f3n. La radiofrecuencia tambi\u00e9n se aplica en la parte externa de los labios. Esta combinaci\u00f3n de calor estimula al cuerpo a contraer el tejido labial y remodelar las estructuras debajo, lo que da como resultado unos labios m\u00e1s peque\u00f1os y apretados.<\/p>\n<p><strong>\u00bfEs AVIVA seguro?<\/strong><br \/>\nEste tipo de tecnolog\u00eda ha sido probada y se utiliza en procedimientos de estiramiento de la piel tanto para la cara como para el cuerpo. El dispositivo monitoriza el calor generado por la radiofrecuencia, por lo que no hay riesgo de sobrecalentamiento o subcalentamiento de los tejidos. Solo requiere anestesia local y, a veces, una sedaci\u00f3n leve, que es mucho menos riesgosa que la anestesia general requerida para la reconstrucci\u00f3n quir\u00fargica. El procedimiento generalmente toma menos de una hora y muchos pacientes solo experimentan molestias menores durante unos d\u00edas despu\u00e9s del tratamiento. La cirug\u00eda tradicional puede tener varias semanas de tiempo de curaci\u00f3n, lo que convierte a AVIVA en una excelente opci\u00f3n cuando necesita volver a su rutina lo m\u00e1s r\u00e1pido posible.<\/p>\n<p><strong>\u00bfAVIVA tambi\u00e9n corregir\u00e1 los m\u00fasculos p\u00e9lvicos laxos?<\/strong><br \/>\nLas radiofrecuencias de AVIVA funcionan eliminando la grasa y remodelando los labios mayores. No aborda las preocupaciones de rejuvenecer el interior de la vagina, como eliminar las arrugas vaginales o tensar los m\u00fasculos p\u00e9lvicos. Estos servicios est\u00e1n disponibles a trav\u00e9s de la oficina utilizando el procedimiento Votiva.<\/p>\n<h3>Tratamiento no quir\u00fargico en Nevada<\/h3>\n<p>Sirviendo a las \u00e1reas de Reno y Tahoe, el Dr. Erez Dayan ofrece a las mujeres labioplastia no quir\u00fargica y rejuvenecimiento vaginal para restaurar la funci\u00f3n y la autoestima. Formado en Harvard con amplias becas de cirug\u00eda pl\u00e1stica, lo invitan con frecuencia a dar conferencias y demostrar procedimientos innovadores de cirug\u00eda pl\u00e1stica en todo el mundo. Tambi\u00e9n investiga y eval\u00faa nuevos conceptos para las principales empresas que desarrollan dispositivos m\u00e9dicos est\u00e9ticos y t\u00e9cnicas de tratamiento avanzadas. \u00c9l puede discutir sus inquietudes y proponer soluciones \u00fanicas en su oficina en Reno\/Tahoe, NV. Para obtener m\u00e1s informaci\u00f3n acerca de la labioplastia, o para programar su consulta, <a title=\"P\u00f3ngase en contacto con el Instituto de Cirug\u00eda Pl\u00e1stica Avance en Reno NV\" href=\"https:\/\/www.avanceplasticsurgery.com\/es\/contact-us-dr-erez-dayan\/\">comun\u00edquese hoy con Avance Plastic Surgery<\/a> .<\/p>\n<p><strong>ART\u00cdCULO<\/strong> &#8211; <a href=\"https:\/\/www.ncbi.nlm.nih.gov\/pmc\/articles\/PMC7209841\/\" target=\"_blank\" rel=\"noopener\">Tratamiento de radiofrecuencia de labios menores y mayores: un enfoque m\u00ednimamente invasivo para la restauraci\u00f3n de la vulva<\/a><\/p>\n","protected":false},"excerpt":{"rendered":"<p>Labioplastia no quir\u00fargica Si bien el tama\u00f1o de los labios es individual para cada persona, es muy com\u00fan que&hellip;<\/p>\n","protected":false},"author":1,"featured_media":0,"parent":8861,"menu_order":0,"comment_status":"closed","ping_status":"closed","template":"","meta":{"_acf_changed":false,"footnotes":""},"class_list":["post-8864","page","type-page","status-publish"],"acf":[],"yoast_head":"<!-- This site is optimized with the Yoast SEO plugin v27.4 - https:\/\/yoast.com\/product\/yoast-seo-wordpress\/ -->\n<title>Reno NV Labioplastia no quir\u00fargica | Dispositivo de radiofrecuencia AVIA para labioplast\u00eda m\u00ednimamente invasiva<\/title>\n<meta name=\"description\" content=\"Remodelaci\u00f3n de labios sin cirug\u00eda. Mejore la apariencia, los niveles de actividad y la intimidad con la innovadora tecnolog\u00eda RF. Inf\u00f3rmese sobre sus opciones de labioplastia hoy.\" \/>\n<meta name=\"robots\" content=\"index, follow, max-snippet:-1, max-image-preview:large, max-video-preview:-1\" \/>\n<link rel=\"canonical\" href=\"https:\/\/www.avanceplasticsurgery.com\/es\/procedimientos-cosmeticos-y-de-cirugia\/procedimientos-cosmeticos-corporales\/rejuvenecimiento-vaginal\/labioplastia-no-quirurgica\/\" \/>\n<meta property=\"og:locale\" content=\"es_ES\" \/>\n<meta property=\"og:type\" content=\"article\" \/>\n<meta property=\"og:title\" content=\"Reno NV Labioplastia no quir\u00fargica | Dispositivo de radiofrecuencia AVIA para labioplast\u00eda m\u00ednimamente invasiva\" \/>\n<meta property=\"og:description\" content=\"Remodelaci\u00f3n de labios sin cirug\u00eda. Mejore la apariencia, los niveles de actividad y la intimidad con la innovadora tecnolog\u00eda RF. Inf\u00f3rmese sobre sus opciones de labioplastia hoy.\" \/>\n<meta property=\"og:url\" content=\"https:\/\/www.avanceplasticsurgery.com\/es\/procedimientos-cosmeticos-y-de-cirugia\/procedimientos-cosmeticos-corporales\/rejuvenecimiento-vaginal\/labioplastia-no-quirurgica\/\" \/>\n<meta property=\"og:site_name\" content=\"Avance Plastic Surgery\" \/>\n<meta property=\"article:modified_time\" content=\"2022-04-25T11:36:36+00:00\" \/>\n<meta name=\"twitter:card\" content=\"summary_large_image\" \/>\n<meta name=\"twitter:label1\" content=\"Tiempo de lectura\" \/>\n\t<meta name=\"twitter:data1\" content=\"3 minutos\" \/>\n<!-- \/ Yoast SEO plugin. -->","yoast_head_json":{"title":"Reno NV Labioplastia no quir\u00fargica | Dispositivo de radiofrecuencia AVIA para labioplast\u00eda m\u00ednimamente invasiva","description":"Remodelaci\u00f3n de labios sin cirug\u00eda. Mejore la apariencia, los niveles de actividad y la intimidad con la innovadora tecnolog\u00eda RF. Inf\u00f3rmese sobre sus opciones de labioplastia hoy.","robots":{"index":"index","follow":"follow","max-snippet":"max-snippet:-1","max-image-preview":"max-image-preview:large","max-video-preview":"max-video-preview:-1"},"canonical":"https:\/\/www.avanceplasticsurgery.com\/es\/procedimientos-cosmeticos-y-de-cirugia\/procedimientos-cosmeticos-corporales\/rejuvenecimiento-vaginal\/labioplastia-no-quirurgica\/","og_locale":"es_ES","og_type":"article","og_title":"Reno NV Labioplastia no quir\u00fargica | Dispositivo de radiofrecuencia AVIA para labioplast\u00eda m\u00ednimamente invasiva","og_description":"Remodelaci\u00f3n de labios sin cirug\u00eda. Mejore la apariencia, los niveles de actividad y la intimidad con la innovadora tecnolog\u00eda RF. Inf\u00f3rmese sobre sus opciones de labioplastia hoy.","og_url":"https:\/\/www.avanceplasticsurgery.com\/es\/procedimientos-cosmeticos-y-de-cirugia\/procedimientos-cosmeticos-corporales\/rejuvenecimiento-vaginal\/labioplastia-no-quirurgica\/","og_site_name":"Avance Plastic Surgery","article_modified_time":"2022-04-25T11:36:36+00:00","twitter_card":"summary_large_image","twitter_misc":{"Tiempo de lectura":"3 minutos"},"schema":{"@context":"https:\/\/schema.org","@graph":[{"@type":"WebPage","@id":"https:\/\/www.avanceplasticsurgery.com\/es\/procedimientos-cosmeticos-y-de-cirugia\/procedimientos-cosmeticos-corporales\/rejuvenecimiento-vaginal\/labioplastia-no-quirurgica\/","url":"https:\/\/www.avanceplasticsurgery.com\/es\/procedimientos-cosmeticos-y-de-cirugia\/procedimientos-cosmeticos-corporales\/rejuvenecimiento-vaginal\/labioplastia-no-quirurgica\/","name":"Reno NV Labioplastia no quir\u00fargica | Dispositivo de radiofrecuencia AVIA para labioplast\u00eda m\u00ednimamente invasiva","isPartOf":{"@id":"https:\/\/www.avanceplasticsurgery.com\/es\/#website"},"datePublished":"2021-10-19T14:01:12+00:00","dateModified":"2022-04-25T11:36:36+00:00","description":"Remodelaci\u00f3n de labios sin cirug\u00eda. Mejore la apariencia, los niveles de actividad y la intimidad con la innovadora tecnolog\u00eda RF. Inf\u00f3rmese sobre sus opciones de labioplastia hoy.","breadcrumb":{"@id":"https:\/\/www.avanceplasticsurgery.com\/es\/procedimientos-cosmeticos-y-de-cirugia\/procedimientos-cosmeticos-corporales\/rejuvenecimiento-vaginal\/labioplastia-no-quirurgica\/#breadcrumb"},"inLanguage":"es","potentialAction":[{"@type":"ReadAction","target":["https:\/\/www.avanceplasticsurgery.com\/es\/procedimientos-cosmeticos-y-de-cirugia\/procedimientos-cosmeticos-corporales\/rejuvenecimiento-vaginal\/labioplastia-no-quirurgica\/"]}]},{"@type":"BreadcrumbList","@id":"https:\/\/www.avanceplasticsurgery.com\/es\/procedimientos-cosmeticos-y-de-cirugia\/procedimientos-cosmeticos-corporales\/rejuvenecimiento-vaginal\/labioplastia-no-quirurgica\/#breadcrumb","itemListElement":[{"@type":"ListItem","position":1,"name":"Home","item":"https:\/\/www.avanceplasticsurgery.com\/es\/"},{"@type":"ListItem","position":2,"name":"Cosm\u00e9tica","item":"https:\/\/www.avanceplasticsurgery.com\/es\/procedimientos-cosmeticos-y-de-cirugia\/"},{"@type":"ListItem","position":3,"name":"Procedimientos Cosm\u00e9ticos Corporales","item":"https:\/\/www.avanceplasticsurgery.com\/es\/procedimientos-cosmeticos-y-de-cirugia\/procedimientos-cosmeticos-corporales\/"},{"@type":"ListItem","position":4,"name":"Rejuvenecimiento Vaginal","item":"https:\/\/www.avanceplasticsurgery.com\/es\/procedimientos-cosmeticos-y-de-cirugia\/procedimientos-cosmeticos-corporales\/rejuvenecimiento-vaginal\/"},{"@type":"ListItem","position":5,"name":"Labioplastia no quir\u00fargica"}]},{"@type":"WebSite","@id":"https:\/\/www.avanceplasticsurgery.com\/es\/#website","url":"https:\/\/www.avanceplasticsurgery.com\/es\/","name":"Avance Plastic Surgery","description":"","potentialAction":[{"@type":"SearchAction","target":{"@type":"EntryPoint","urlTemplate":"https:\/\/www.avanceplasticsurgery.com\/es\/?s={search_term_string}"},"query-input":{"@type":"PropertyValueSpecification","valueRequired":true,"valueName":"search_term_string"}}],"inLanguage":"es"}]}},"_links":{"self":[{"href":"https:\/\/www.avanceplasticsurgery.com\/es\/wp-json\/wp\/v2\/pages\/8864","targetHints":{"allow":["GET"]}}],"collection":[{"href":"https:\/\/www.avanceplasticsurgery.com\/es\/wp-json\/wp\/v2\/pages"}],"about":[{"href":"https:\/\/www.avanceplasticsurgery.com\/es\/wp-json\/wp\/v2\/types\/page"}],"author":[{"embeddable":true,"href":"https:\/\/www.avanceplasticsurgery.com\/es\/wp-json\/wp\/v2\/users\/1"}],"replies":[{"embeddable":true,"href":"https:\/\/www.avanceplasticsurgery.com\/es\/wp-json\/wp\/v2\/comments?post=8864"}],"version-history":[{"count":2,"href":"https:\/\/www.avanceplasticsurgery.com\/es\/wp-json\/wp\/v2\/pages\/8864\/revisions"}],"predecessor-version":[{"id":9218,"href":"https:\/\/www.avanceplasticsurgery.com\/es\/wp-json\/wp\/v2\/pages\/8864\/revisions\/9218"}],"up":[{"embeddable":true,"href":"https:\/\/www.avanceplasticsurgery.com\/es\/wp-json\/wp\/v2\/pages\/8861"}],"wp:attachment":[{"href":"https:\/\/www.avanceplasticsurgery.com\/es\/wp-json\/wp\/v2\/media?parent=8864"}],"curies":[{"name":"wp","href":"https:\/\/api.w.org\/{rel}","templated":true}]}}