{"id":8866,"date":"2020-09-15T21:38:41","date_gmt":"2020-09-15T21:38:41","guid":{"rendered":"https:\/\/www.avanceplasticsurgery.com\/procedimientos-cosmeticos-y-de-cirugia\/procedimientos-cosmeticos-corporales\/rejuvenecimiento-vaginal\/estiramiento-vaginal-estetica\/"},"modified":"2022-04-25T11:36:07","modified_gmt":"2022-04-25T11:36:07","slug":"estiramiento-vaginal-estetica","status":"publish","type":"page","link":"https:\/\/www.avanceplasticsurgery.com\/es\/procedimientos-cosmeticos-y-de-cirugia\/procedimientos-cosmeticos-corporales\/rejuvenecimiento-vaginal\/estiramiento-vaginal-estetica\/","title":{"rendered":"Estiramiento Vaginal\/ Est\u00e9tica"},"content":{"rendered":"<h1>Vaginoplastia &#8211; Estiramiento vaginal<\/h1>\n<p>La vaginoplastia es un procedimiento quir\u00fargico que se utiliza para <a title=\"Reno NV Cirug\u00eda de rejuvenecimiento vaginal, tratamiento\" href=\"https:\/\/www.avanceplasticsurgery.com\/es\/cosmetic-and-surgery-procedures\/body-cosmetic-procedures\/vaginal-rejuvenation\/\">reconstruir, remodelar, reparar y\/o tensar la vagina<\/a> . En muchos casos, despu\u00e9s de dar a luz, o de soportar partos m\u00faltiples, los m\u00fasculos y la piel dentro de la vagina pueden estirarse y aflojarse. Esto puede afectar la calidad de vida de una mujer de muchas maneras, incluidos los problemas sexuales y las dificultades con la higiene femenina. El Dr. Erez Dayan es un cirujano pl\u00e1stico cosm\u00e9tico y reconstructivo altamente calificado en Reno\/Tahoe, NV, que ofrece vaginoplastia\/cirug\u00eda de estiramiento vaginal en el Instituto de Cirug\u00eda Pl\u00e1stica Avance.<\/p>\n<p>El Dr. Dayan tiene una amplia formaci\u00f3n y amplia experiencia en todo tipo de procedimientos quir\u00fargicos de remodelaci\u00f3n corporal y rejuvenecimiento f\u00edsico, incluida la vaginoplastia. Entiende que el cuerpo de una mujer puede convertirse en una fuente de irritaci\u00f3n o insatisfacci\u00f3n. Los procedimientos quir\u00fargicos cosm\u00e9ticos y reconstructivos, como una vaginoplastia, pueden corregir problemas que causan un trauma f\u00edsico y emocional en la mujer.<\/p>\n<p>El m\u00e9todo espec\u00edfico de vaginoplastia que usar\u00e1 el Dr. Dayan var\u00eda de paciente a paciente. Cada persona es \u00fanica y sus dificultades particulares dictar\u00e1n en gran medida los detalles de su cirug\u00eda. El Dr. Dayan realizar\u00e1 un examen f\u00edsico durante su consulta confidencial y luego escuchar\u00e1 sus inquietudes y deseos. Ofrecer\u00e1 soluciones a la medida y detalles espec\u00edficos para su cirug\u00eda.<\/p>\n<h2>Cirug\u00eda de reparaci\u00f3n\/rejuvenecimiento vaginal en Lake Tahoe<\/h2>\n<p>A veces, el Dr. Dayan realiza una cirug\u00eda de reparaci\u00f3n o rejuvenecimiento vaginal por otros motivos. Un trauma o un defecto cong\u00e9nito tambi\u00e9n pueden hacer necesaria una vaginoplastia para reparar el da\u00f1o y restaurar tanto la funci\u00f3n como la apariencia normal. El Dr. Dayan es un cirujano pl\u00e1stico altamente calificado que escribe, da conferencias y demuestra t\u00e9cnicas avanzadas de cirug\u00eda pl\u00e1stica para otros m\u00e9dicos y cirujanos. \u00c9l y su equipo pueden realizar esta cirug\u00eda para reparar o rejuvenecer cualquier problema vaginal.<\/p>\n<p>La recuperaci\u00f3n de una vaginoplastia var\u00eda seg\u00fan la extensi\u00f3n del trabajo necesario. En general, los pacientes deben abstenerse de hacer ejercicio u otra actividad extenuante y de usar ropa ajustada durante al menos tres semanas. Las relaciones sexuales deben evitarse durante al menos cuatro semanas. El Dr. Dayan y su equipo le brindar\u00e1n instrucciones espec\u00edficas para el cuidado posterior, as\u00ed como tambi\u00e9n brindar\u00e1n atenci\u00f3n y seguimiento a medida que se recupere.<\/p>\n<p>Para cirug\u00eda de rejuvenecimiento y\/o reparaci\u00f3n vaginal en Reno\/Tahoe, NV, <a title=\"P\u00f3ngase en contacto con el Instituto de Cirug\u00eda Pl\u00e1stica Avance en Reno NV\" href=\"https:\/\/www.avanceplasticsurgery.com\/es\/contact-us-dr-erez-dayan\/\">comun\u00edquese con el Instituto de Cirug\u00eda Pl\u00e1stica Avance<\/a> y programe una consulta con el Dr. Dayan para analizar sus necesidades e inquietudes.<\/p>\n<p>El Dr. Erez Dayan ha realizado una extensa investigaci\u00f3n sobre la salud de la mujer, espec\u00edficamente sobre los labios y el suelo p\u00e9lvico. Por favor, lea m\u00e1s sobre la salud de la mujer del Dr. Dayan: investigaci\u00f3n sobre el suelo de los labios y la pelvis <a href=\"https:\/\/www.avanceplasticsurgery.com\/es\/about-avance-plastic-surgery-institute\/research\/#womens-health\">aqu\u00ed<\/a> .<\/p>\n","protected":false},"excerpt":{"rendered":"<p>Vaginoplastia &#8211; Estiramiento vaginal La vaginoplastia es un procedimiento quir\u00fargico que se utiliza para reconstruir, remodelar, reparar y\/o tensar&hellip;<\/p>\n","protected":false},"author":1,"featured_media":0,"parent":8861,"menu_order":0,"comment_status":"closed","ping_status":"closed","template":"","meta":{"_acf_changed":false,"footnotes":""},"class_list":["post-8866","page","type-page","status-publish"],"acf":[],"yoast_head":"<!-- This site is optimized with the Yoast SEO plugin v25.6 - https:\/\/yoast.com\/wordpress\/plugins\/seo\/ -->\n<title>Reno NV Vaginoplastia | Estiramiento vaginal del lago Tahoe<\/title>\n<meta name=\"description\" content=\"La vaginoplastia es una cirug\u00eda pl\u00e1stica tanto funcional como cosm\u00e9tica dise\u00f1ada para reparar y\/o rejuvenecer el tejido y los m\u00fasculos vaginales despu\u00e9s del parto, un traumatismo o para corregir un defecto de nacimiento. Llame hoy al Instituto de Cirug\u00eda Pl\u00e1stica Avance para una consulta.\" \/>\n<meta name=\"robots\" content=\"index, follow, max-snippet:-1, max-image-preview:large, max-video-preview:-1\" \/>\n<link rel=\"canonical\" href=\"https:\/\/www.avanceplasticsurgery.com\/es\/procedimientos-cosmeticos-y-de-cirugia\/procedimientos-cosmeticos-corporales\/rejuvenecimiento-vaginal\/estiramiento-vaginal-estetica\/\" \/>\n<meta property=\"og:locale\" content=\"es_ES\" \/>\n<meta property=\"og:type\" content=\"article\" \/>\n<meta property=\"og:title\" content=\"Reno NV Vaginoplastia | Estiramiento vaginal del lago Tahoe\" \/>\n<meta property=\"og:description\" content=\"La vaginoplastia es una cirug\u00eda pl\u00e1stica tanto funcional como cosm\u00e9tica dise\u00f1ada para reparar y\/o rejuvenecer el tejido y los m\u00fasculos vaginales despu\u00e9s del parto, un traumatismo o para corregir un defecto de nacimiento. Llame hoy al Instituto de Cirug\u00eda Pl\u00e1stica Avance para una consulta.\" \/>\n<meta property=\"og:url\" content=\"https:\/\/www.avanceplasticsurgery.com\/es\/procedimientos-cosmeticos-y-de-cirugia\/procedimientos-cosmeticos-corporales\/rejuvenecimiento-vaginal\/estiramiento-vaginal-estetica\/\" \/>\n<meta property=\"og:site_name\" content=\"Avance Plastic Surgery\" \/>\n<meta property=\"article:modified_time\" content=\"2022-04-25T11:36:07+00:00\" \/>\n<meta name=\"twitter:card\" content=\"summary_large_image\" \/>\n<meta name=\"twitter:label1\" content=\"Tiempo de lectura\" \/>\n\t<meta name=\"twitter:data1\" content=\"3 minutos\" \/>\n<!-- \/ Yoast SEO plugin. -->","yoast_head_json":{"title":"Reno NV Vaginoplastia | Estiramiento vaginal del lago Tahoe","description":"La vaginoplastia es una cirug\u00eda pl\u00e1stica tanto funcional como cosm\u00e9tica dise\u00f1ada para reparar y\/o rejuvenecer el tejido y los m\u00fasculos vaginales despu\u00e9s del parto, un traumatismo o para corregir un defecto de nacimiento. Llame hoy al Instituto de Cirug\u00eda Pl\u00e1stica Avance para una consulta.","robots":{"index":"index","follow":"follow","max-snippet":"max-snippet:-1","max-image-preview":"max-image-preview:large","max-video-preview":"max-video-preview:-1"},"canonical":"https:\/\/www.avanceplasticsurgery.com\/es\/procedimientos-cosmeticos-y-de-cirugia\/procedimientos-cosmeticos-corporales\/rejuvenecimiento-vaginal\/estiramiento-vaginal-estetica\/","og_locale":"es_ES","og_type":"article","og_title":"Reno NV Vaginoplastia | Estiramiento vaginal del lago Tahoe","og_description":"La vaginoplastia es una cirug\u00eda pl\u00e1stica tanto funcional como cosm\u00e9tica dise\u00f1ada para reparar y\/o rejuvenecer el tejido y los m\u00fasculos vaginales despu\u00e9s del parto, un traumatismo o para corregir un defecto de nacimiento. Llame hoy al Instituto de Cirug\u00eda Pl\u00e1stica Avance para una consulta.","og_url":"https:\/\/www.avanceplasticsurgery.com\/es\/procedimientos-cosmeticos-y-de-cirugia\/procedimientos-cosmeticos-corporales\/rejuvenecimiento-vaginal\/estiramiento-vaginal-estetica\/","og_site_name":"Avance Plastic Surgery","article_modified_time":"2022-04-25T11:36:07+00:00","twitter_card":"summary_large_image","twitter_misc":{"Tiempo de lectura":"3 minutos"},"schema":{"@context":"https:\/\/schema.org","@graph":[{"@type":"WebPage","@id":"https:\/\/www.avanceplasticsurgery.com\/es\/procedimientos-cosmeticos-y-de-cirugia\/procedimientos-cosmeticos-corporales\/rejuvenecimiento-vaginal\/estiramiento-vaginal-estetica\/","url":"https:\/\/www.avanceplasticsurgery.com\/es\/procedimientos-cosmeticos-y-de-cirugia\/procedimientos-cosmeticos-corporales\/rejuvenecimiento-vaginal\/estiramiento-vaginal-estetica\/","name":"Reno NV Vaginoplastia | Estiramiento vaginal del lago Tahoe","isPartOf":{"@id":"https:\/\/www.avanceplasticsurgery.com\/es\/#website"},"datePublished":"2020-09-15T21:38:41+00:00","dateModified":"2022-04-25T11:36:07+00:00","description":"La vaginoplastia es una cirug\u00eda pl\u00e1stica tanto funcional como cosm\u00e9tica dise\u00f1ada para reparar y\/o rejuvenecer el tejido y los m\u00fasculos vaginales despu\u00e9s del parto, un traumatismo o para corregir un defecto de nacimiento. Llame hoy al Instituto de Cirug\u00eda Pl\u00e1stica Avance para una consulta.","breadcrumb":{"@id":"https:\/\/www.avanceplasticsurgery.com\/es\/procedimientos-cosmeticos-y-de-cirugia\/procedimientos-cosmeticos-corporales\/rejuvenecimiento-vaginal\/estiramiento-vaginal-estetica\/#breadcrumb"},"inLanguage":"es","potentialAction":[{"@type":"ReadAction","target":["https:\/\/www.avanceplasticsurgery.com\/es\/procedimientos-cosmeticos-y-de-cirugia\/procedimientos-cosmeticos-corporales\/rejuvenecimiento-vaginal\/estiramiento-vaginal-estetica\/"]}]},{"@type":"BreadcrumbList","@id":"https:\/\/www.avanceplasticsurgery.com\/es\/procedimientos-cosmeticos-y-de-cirugia\/procedimientos-cosmeticos-corporales\/rejuvenecimiento-vaginal\/estiramiento-vaginal-estetica\/#breadcrumb","itemListElement":[{"@type":"ListItem","position":1,"name":"Home","item":"https:\/\/www.avanceplasticsurgery.com\/es\/"},{"@type":"ListItem","position":2,"name":"Cosm\u00e9tica","item":"https:\/\/www.avanceplasticsurgery.com\/es\/procedimientos-cosmeticos-y-de-cirugia\/"},{"@type":"ListItem","position":3,"name":"Procedimientos Cosm\u00e9ticos Corporales","item":"https:\/\/www.avanceplasticsurgery.com\/es\/procedimientos-cosmeticos-y-de-cirugia\/procedimientos-cosmeticos-corporales\/"},{"@type":"ListItem","position":4,"name":"Rejuvenecimiento Vaginal","item":"https:\/\/www.avanceplasticsurgery.com\/es\/procedimientos-cosmeticos-y-de-cirugia\/procedimientos-cosmeticos-corporales\/rejuvenecimiento-vaginal\/"},{"@type":"ListItem","position":5,"name":"Estiramiento Vaginal\/ Est\u00e9tica"}]},{"@type":"WebSite","@id":"https:\/\/www.avanceplasticsurgery.com\/es\/#website","url":"https:\/\/www.avanceplasticsurgery.com\/es\/","name":"Avance Plastic Surgery","description":"","potentialAction":[{"@type":"SearchAction","target":{"@type":"EntryPoint","urlTemplate":"https:\/\/www.avanceplasticsurgery.com\/es\/?s={search_term_string}"},"query-input":{"@type":"PropertyValueSpecification","valueRequired":true,"valueName":"search_term_string"}}],"inLanguage":"es"}]}},"_links":{"self":[{"href":"https:\/\/www.avanceplasticsurgery.com\/es\/wp-json\/wp\/v2\/pages\/8866","targetHints":{"allow":["GET"]}}],"collection":[{"href":"https:\/\/www.avanceplasticsurgery.com\/es\/wp-json\/wp\/v2\/pages"}],"about":[{"href":"https:\/\/www.avanceplasticsurgery.com\/es\/wp-json\/wp\/v2\/types\/page"}],"author":[{"embeddable":true,"href":"https:\/\/www.avanceplasticsurgery.com\/es\/wp-json\/wp\/v2\/users\/1"}],"replies":[{"embeddable":true,"href":"https:\/\/www.avanceplasticsurgery.com\/es\/wp-json\/wp\/v2\/comments?post=8866"}],"version-history":[{"count":1,"href":"https:\/\/www.avanceplasticsurgery.com\/es\/wp-json\/wp\/v2\/pages\/8866\/revisions"}],"predecessor-version":[{"id":9216,"href":"https:\/\/www.avanceplasticsurgery.com\/es\/wp-json\/wp\/v2\/pages\/8866\/revisions\/9216"}],"up":[{"embeddable":true,"href":"https:\/\/www.avanceplasticsurgery.com\/es\/wp-json\/wp\/v2\/pages\/8861"}],"wp:attachment":[{"href":"https:\/\/www.avanceplasticsurgery.com\/es\/wp-json\/wp\/v2\/media?parent=8866"}],"curies":[{"name":"wp","href":"https:\/\/api.w.org\/{rel}","templated":true}]}}