{"id":8867,"date":"2021-10-19T13:54:38","date_gmt":"2021-10-19T13:54:38","guid":{"rendered":"https:\/\/www.avanceplasticsurgery.com\/procedimientos-cosmeticos-y-de-cirugia\/procedimientos-cosmeticos-corporales\/rejuvenecimiento-vaginal\/estiramiento-del-suelo-pelvico-votiva\/"},"modified":"2022-04-25T11:31:15","modified_gmt":"2022-04-25T11:31:15","slug":"estiramiento-del-suelo-pelvico-votiva","status":"publish","type":"page","link":"https:\/\/www.avanceplasticsurgery.com\/es\/procedimientos-cosmeticos-y-de-cirugia\/procedimientos-cosmeticos-corporales\/rejuvenecimiento-vaginal\/estiramiento-del-suelo-pelvico-votiva\/","title":{"rendered":"Estiramiento del suelo p\u00e9lvico Votiva"},"content":{"rendered":"<h1>Estiramiento del suelo p\u00e9lvico Votiva<\/h1>\n<p>Las mujeres tienen preocupaciones cosm\u00e9ticas y funcionales \u00fanicas que anteriormente solo pod\u00edan abordarse con cirug\u00eda. El parto, la menopausia y el envejecimiento natural pueden hacer que los m\u00fasculos del suelo p\u00e9lvico se vuelvan laxos. Una vez que esto sucede, las mujeres corren el riesgo de tener problemas de vejiga e intestinos, prolapso de \u00f3rganos p\u00e9lvicos y dificultades con la intimidad. Si bien algunas intervenciones m\u00e9dicas brindan cierto grado de alivio, solo tratan los s\u00edntomas. El estiramiento del piso p\u00e9lvico de Votiva se introdujo para cerrar la brecha entre el tratamiento de los s\u00edntomas y la cirug\u00eda invasiva.<\/p>\n<h2>Lo que hace Votiva<\/h2>\n<p>Votiva ofrece una forma c\u00f3moda de <a title=\"Reno NV Cirug\u00eda de rejuvenecimiento vaginal, tratamiento\" href=\"https:\/\/www.avanceplasticsurgery.com\/es\/cosmetic-and-surgery-procedures\/body-cosmetic-procedures\/vaginal-rejuvenation\/\">rejuvenecer la salud vaginal<\/a> sin cirug\u00eda. Utiliza dos tecnolog\u00edas de radiofrecuencia para tratar la disfunci\u00f3n y laxitud del suelo p\u00e9lvico. Primero, la pieza de mano FormaV calienta los tejidos, aliviando el dolor mientras tensa los m\u00fasculos del piso p\u00e9lvico. Una segunda pieza de mano, la FractoraV, proporciona un tratamiento de radiofrecuencia diferente para remodelar el tejido externo.<\/p>\n<p>Tambi\u00e9n se puede agregar una tercera opci\u00f3n, llamada Aviva, al proceso de tratamiento. Utiliza otra radiofrecuencia para reducir la piel labial voluminosa y puede proporcionar una alternativa a la labioplastia quir\u00fargica. Es diferente de Votiva pero desempe\u00f1a un papel en la restauraci\u00f3n de la apariencia de los labios y se considera un procedimiento m\u00ednimamente invasivo.<\/p>\n<h3>Tratamientos Votiva<\/h3>\n<p>Votiva ofrece resultados inmediatos y esos resultados mejoran con el tiempo. Con sus dos m\u00e9todos de ondas de radiofrecuencia, proporciona energ\u00eda t\u00e9rmica subd\u00e9rmica segura a la vagina interna y externa. Los estudios han demostrado aumentos en la capacidad de contraer y controlar los m\u00fasculos p\u00e9lvicos despu\u00e9s del tratamiento.<\/p>\n<p>Dependiendo de las combinaciones utilizadas, los tratamientos t\u00e9rmicos de Votiva se enfocan en los tejidos blandos de la vagina, fortaleciendo los tejidos y construyendo col\u00e1geno. Esto mejora la tensi\u00f3n vaginal, la capacidad de contraer los m\u00fasculos y restaura la apariencia vaginal. Golosinas votivas:<\/p>\n<ul>\n<li>M\u00fasculos p\u00e9lvicos d\u00e9biles<\/li>\n<li>Labios y vulva fl\u00e1cidos y arrugados<\/li>\n<li>Hipersensibilidad<\/li>\n<li>M\u00fasculos vaginales d\u00e9biles<\/li>\n<li>arrugas vaginales<\/li>\n<li>Canal vaginal flojo<\/li>\n<li>Incontinencia de esfuerzo<\/li>\n<\/ul>\n<p>Votiva tambi\u00e9n puede ayudar con:<\/p>\n<ul>\n<li>Dolor causado por hipertrofia labial<\/li>\n<li>Mejora de la autoestima<\/li>\n<li>Lubricaci\u00f3n mejorada<\/li>\n<li>Aumento del flujo sangu\u00edneo y la sensibilidad.<\/li>\n<\/ul>\n<h4>\u00bfCu\u00e1ntos tratamientos necesito?<\/h4>\n<p>Los estudios han demostrado que aunque hay una mejora demostrada despu\u00e9s de un tratamiento, los pacientes que recibieron tres tratamientos de radiofrecuencia obtuvieron mejores resultados generales que aquellos que solo probaron una o dos sesiones. Los pacientes identificaron mejoras notables en el control de la vejiga, la lubricaci\u00f3n y la funci\u00f3n sexual.<\/p>\n<p>La mayor\u00eda de los pacientes no experimentan ninguna molestia con el procedimiento Votiva, aunque es posible que sienta una sensaci\u00f3n de calor mientras funciona el dispositivo. No hay tiempo de inactividad significativo. Los tratamientos generalmente se pueden completar en menos de una hora.<\/p>\n<h5>Un tema sensible para un \u00e1rea sensible<\/h5>\n<p>En el Instituto de Cirug\u00eda Pl\u00e1stica Avance, entendemos que experimentar dificultades en esta \u00e1rea delicada puede ser dif\u00edcil de discutir para los pacientes. Muchas mujeres tambi\u00e9n ven la laxitud p\u00e9lvica como parte del proceso natural de envejecimiento y se sienten inc\u00f3modas al hablar de ello. La laxitud p\u00e9lvica no tiene por qu\u00e9 interrumpir el disfrute de la vida y la intimidad. Siempre ser\u00e1 tratado con dignidad, y el motivo de su visita siempre ser\u00e1 confidencial. Ya sea que se trate de un problema cosm\u00e9tico, reconstructivo o m\u00e9dico, tiene derecho a abordar y corregir sus inquietudes, y eso incluye sus \u00e1reas \u00edntimas.<\/p>\n<h5>Quienes somos<\/h5>\n<p>En Avance Plastic Surgery, el Dr. Dayan es un cirujano pl\u00e1stico capacitado en Harvard que ofrece un conjunto completo de opciones de cirug\u00eda pl\u00e1stica en el \u00e1rea de Reno y Tahoe. Con una formaci\u00f3n de \u00e9lite en cirug\u00eda est\u00e9tica acreditada por la Sociedad Americana de Cirujanos Pl\u00e1sticos Est\u00e9ticos, es autor de cinco libros sobre cirug\u00eda pl\u00e1stica. Con frecuencia da conferencias en los Estados Unidos y en todo el mundo. Con t\u00e9cnicas innovadoras, conocimientos y experiencia, puede estar seguro de que recibir\u00e1 la mejor atenci\u00f3n y tratamiento.<\/p>\n<p>Si desea obtener m\u00e1s informaci\u00f3n sobre la restauraci\u00f3n vaginal y el endurecimiento del piso p\u00e9lvico, <a title=\"P\u00f3ngase en contacto con el Instituto de Cirug\u00eda Pl\u00e1stica Avance en Reno NV\" href=\"https:\/\/www.avanceplasticsurgery.com\/es\/contact-us-dr-erez-dayan\/\">comun\u00edquese hoy con el Dr. Erez Dayan en Avance Plastic Surgery<\/a> para programar una consulta.<\/p>\n","protected":false},"excerpt":{"rendered":"<p>Estiramiento del suelo p\u00e9lvico Votiva Las mujeres tienen preocupaciones cosm\u00e9ticas y funcionales \u00fanicas que anteriormente solo pod\u00edan abordarse con&hellip;<\/p>\n","protected":false},"author":1,"featured_media":0,"parent":8861,"menu_order":0,"comment_status":"closed","ping_status":"closed","template":"","meta":{"_acf_changed":false,"footnotes":""},"class_list":["post-8867","page","type-page","status-publish"],"acf":[],"yoast_head":"<!-- This site is optimized with the Yoast SEO plugin v25.6 - https:\/\/yoast.com\/wordpress\/plugins\/seo\/ -->\n<title>Reno NV Votiva Estiramiento del piso p\u00e9lvico | Restauraci\u00f3n de Suelo P\u00e9lvico por Radiofrecuencia<\/title>\n<meta name=\"description\" content=\"Votiva ofrece una opci\u00f3n c\u00f3moda y no quir\u00fargica para el rejuvenecimiento vaginal. M\u00fasculos m\u00e1s tensos y apariencia mejorada sin tiempo de inactividad. P\u00f3ngase en contacto con nosotros hoy.\" \/>\n<meta name=\"robots\" content=\"index, follow, max-snippet:-1, max-image-preview:large, max-video-preview:-1\" \/>\n<link rel=\"canonical\" href=\"https:\/\/www.avanceplasticsurgery.com\/es\/procedimientos-cosmeticos-y-de-cirugia\/procedimientos-cosmeticos-corporales\/rejuvenecimiento-vaginal\/estiramiento-del-suelo-pelvico-votiva\/\" \/>\n<meta property=\"og:locale\" content=\"es_ES\" \/>\n<meta property=\"og:type\" content=\"article\" \/>\n<meta property=\"og:title\" content=\"Reno NV Votiva Estiramiento del piso p\u00e9lvico | Restauraci\u00f3n de Suelo P\u00e9lvico por Radiofrecuencia\" \/>\n<meta property=\"og:description\" content=\"Votiva ofrece una opci\u00f3n c\u00f3moda y no quir\u00fargica para el rejuvenecimiento vaginal. M\u00fasculos m\u00e1s tensos y apariencia mejorada sin tiempo de inactividad. P\u00f3ngase en contacto con nosotros hoy.\" \/>\n<meta property=\"og:url\" content=\"https:\/\/www.avanceplasticsurgery.com\/es\/procedimientos-cosmeticos-y-de-cirugia\/procedimientos-cosmeticos-corporales\/rejuvenecimiento-vaginal\/estiramiento-del-suelo-pelvico-votiva\/\" \/>\n<meta property=\"og:site_name\" content=\"Avance Plastic Surgery\" \/>\n<meta property=\"article:modified_time\" content=\"2022-04-25T11:31:15+00:00\" \/>\n<meta name=\"twitter:card\" content=\"summary_large_image\" \/>\n<meta name=\"twitter:label1\" content=\"Tiempo de lectura\" \/>\n\t<meta name=\"twitter:data1\" content=\"4 minutos\" \/>\n<!-- \/ Yoast SEO plugin. -->","yoast_head_json":{"title":"Reno NV Votiva Estiramiento del piso p\u00e9lvico | Restauraci\u00f3n de Suelo P\u00e9lvico por Radiofrecuencia","description":"Votiva ofrece una opci\u00f3n c\u00f3moda y no quir\u00fargica para el rejuvenecimiento vaginal. M\u00fasculos m\u00e1s tensos y apariencia mejorada sin tiempo de inactividad. P\u00f3ngase en contacto con nosotros hoy.","robots":{"index":"index","follow":"follow","max-snippet":"max-snippet:-1","max-image-preview":"max-image-preview:large","max-video-preview":"max-video-preview:-1"},"canonical":"https:\/\/www.avanceplasticsurgery.com\/es\/procedimientos-cosmeticos-y-de-cirugia\/procedimientos-cosmeticos-corporales\/rejuvenecimiento-vaginal\/estiramiento-del-suelo-pelvico-votiva\/","og_locale":"es_ES","og_type":"article","og_title":"Reno NV Votiva Estiramiento del piso p\u00e9lvico | Restauraci\u00f3n de Suelo P\u00e9lvico por Radiofrecuencia","og_description":"Votiva ofrece una opci\u00f3n c\u00f3moda y no quir\u00fargica para el rejuvenecimiento vaginal. M\u00fasculos m\u00e1s tensos y apariencia mejorada sin tiempo de inactividad. P\u00f3ngase en contacto con nosotros hoy.","og_url":"https:\/\/www.avanceplasticsurgery.com\/es\/procedimientos-cosmeticos-y-de-cirugia\/procedimientos-cosmeticos-corporales\/rejuvenecimiento-vaginal\/estiramiento-del-suelo-pelvico-votiva\/","og_site_name":"Avance Plastic Surgery","article_modified_time":"2022-04-25T11:31:15+00:00","twitter_card":"summary_large_image","twitter_misc":{"Tiempo de lectura":"4 minutos"},"schema":{"@context":"https:\/\/schema.org","@graph":[{"@type":"WebPage","@id":"https:\/\/www.avanceplasticsurgery.com\/es\/procedimientos-cosmeticos-y-de-cirugia\/procedimientos-cosmeticos-corporales\/rejuvenecimiento-vaginal\/estiramiento-del-suelo-pelvico-votiva\/","url":"https:\/\/www.avanceplasticsurgery.com\/es\/procedimientos-cosmeticos-y-de-cirugia\/procedimientos-cosmeticos-corporales\/rejuvenecimiento-vaginal\/estiramiento-del-suelo-pelvico-votiva\/","name":"Reno NV Votiva Estiramiento del piso p\u00e9lvico | Restauraci\u00f3n de Suelo P\u00e9lvico por Radiofrecuencia","isPartOf":{"@id":"https:\/\/www.avanceplasticsurgery.com\/es\/#website"},"datePublished":"2021-10-19T13:54:38+00:00","dateModified":"2022-04-25T11:31:15+00:00","description":"Votiva ofrece una opci\u00f3n c\u00f3moda y no quir\u00fargica para el rejuvenecimiento vaginal. M\u00fasculos m\u00e1s tensos y apariencia mejorada sin tiempo de inactividad. P\u00f3ngase en contacto con nosotros hoy.","breadcrumb":{"@id":"https:\/\/www.avanceplasticsurgery.com\/es\/procedimientos-cosmeticos-y-de-cirugia\/procedimientos-cosmeticos-corporales\/rejuvenecimiento-vaginal\/estiramiento-del-suelo-pelvico-votiva\/#breadcrumb"},"inLanguage":"es","potentialAction":[{"@type":"ReadAction","target":["https:\/\/www.avanceplasticsurgery.com\/es\/procedimientos-cosmeticos-y-de-cirugia\/procedimientos-cosmeticos-corporales\/rejuvenecimiento-vaginal\/estiramiento-del-suelo-pelvico-votiva\/"]}]},{"@type":"BreadcrumbList","@id":"https:\/\/www.avanceplasticsurgery.com\/es\/procedimientos-cosmeticos-y-de-cirugia\/procedimientos-cosmeticos-corporales\/rejuvenecimiento-vaginal\/estiramiento-del-suelo-pelvico-votiva\/#breadcrumb","itemListElement":[{"@type":"ListItem","position":1,"name":"Home","item":"https:\/\/www.avanceplasticsurgery.com\/es\/"},{"@type":"ListItem","position":2,"name":"Cosm\u00e9tica","item":"https:\/\/www.avanceplasticsurgery.com\/es\/procedimientos-cosmeticos-y-de-cirugia\/"},{"@type":"ListItem","position":3,"name":"Procedimientos Cosm\u00e9ticos Corporales","item":"https:\/\/www.avanceplasticsurgery.com\/es\/procedimientos-cosmeticos-y-de-cirugia\/procedimientos-cosmeticos-corporales\/"},{"@type":"ListItem","position":4,"name":"Rejuvenecimiento Vaginal","item":"https:\/\/www.avanceplasticsurgery.com\/es\/procedimientos-cosmeticos-y-de-cirugia\/procedimientos-cosmeticos-corporales\/rejuvenecimiento-vaginal\/"},{"@type":"ListItem","position":5,"name":"Estiramiento del suelo p\u00e9lvico Votiva"}]},{"@type":"WebSite","@id":"https:\/\/www.avanceplasticsurgery.com\/es\/#website","url":"https:\/\/www.avanceplasticsurgery.com\/es\/","name":"Avance Plastic Surgery","description":"","potentialAction":[{"@type":"SearchAction","target":{"@type":"EntryPoint","urlTemplate":"https:\/\/www.avanceplasticsurgery.com\/es\/?s={search_term_string}"},"query-input":{"@type":"PropertyValueSpecification","valueRequired":true,"valueName":"search_term_string"}}],"inLanguage":"es"}]}},"_links":{"self":[{"href":"https:\/\/www.avanceplasticsurgery.com\/es\/wp-json\/wp\/v2\/pages\/8867","targetHints":{"allow":["GET"]}}],"collection":[{"href":"https:\/\/www.avanceplasticsurgery.com\/es\/wp-json\/wp\/v2\/pages"}],"about":[{"href":"https:\/\/www.avanceplasticsurgery.com\/es\/wp-json\/wp\/v2\/types\/page"}],"author":[{"embeddable":true,"href":"https:\/\/www.avanceplasticsurgery.com\/es\/wp-json\/wp\/v2\/users\/1"}],"replies":[{"embeddable":true,"href":"https:\/\/www.avanceplasticsurgery.com\/es\/wp-json\/wp\/v2\/comments?post=8867"}],"version-history":[{"count":1,"href":"https:\/\/www.avanceplasticsurgery.com\/es\/wp-json\/wp\/v2\/pages\/8867\/revisions"}],"predecessor-version":[{"id":9215,"href":"https:\/\/www.avanceplasticsurgery.com\/es\/wp-json\/wp\/v2\/pages\/8867\/revisions\/9215"}],"up":[{"embeddable":true,"href":"https:\/\/www.avanceplasticsurgery.com\/es\/wp-json\/wp\/v2\/pages\/8861"}],"wp:attachment":[{"href":"https:\/\/www.avanceplasticsurgery.com\/es\/wp-json\/wp\/v2\/media?parent=8867"}],"curies":[{"name":"wp","href":"https:\/\/api.w.org\/{rel}","templated":true}]}}