{"id":8868,"date":"2021-02-24T21:14:16","date_gmt":"2021-02-24T21:14:16","guid":{"rendered":"https:\/\/www.avanceplasticsurgery.com\/procedimientos-cosmeticos-y-de-cirugia\/procedimientos-cosmeticos-corporales-lake-tahoe-truckee\/"},"modified":"2022-04-25T11:38:18","modified_gmt":"2022-04-25T11:38:18","slug":"procedimientos-cosmeticos-corporales-lake-tahoe-truckee","status":"publish","type":"page","link":"https:\/\/www.avanceplasticsurgery.com\/es\/procedimientos-cosmeticos-y-de-cirugia\/procedimientos-cosmeticos-corporales-lake-tahoe-truckee\/","title":{"rendered":"Procedimientos Cosm\u00e9ticos Corporales Lake Tahoe\/Truckee"},"content":{"rendered":"<h1>Procedimientos Cosm\u00e9ticos Corporales en el \u00c1rea de Lake Tahoe\/Truckee<\/h1>\n<p>\u00bfEst\u00e1 buscando un cirujano pl\u00e1stico calificado que ofrezca procedimientos cosm\u00e9ticos corporales en el \u00e1rea de Lake Tahoe? \u00bfSe ha sentido frustrado por esas \u00e1reas molestas que son simplemente resistentes a la dieta y la rutina de ejercicios m\u00e1s extenuantes? O quiz\u00e1s, la edad te ha dejado algunos signos reveladores que son m\u00e1s visibles cuando usas ropa de verano. Si no est\u00e1 satisfecho con alg\u00fan aspecto de su cuerpo, incluso despu\u00e9s de todo su arduo trabajo, el Dr. Erez Dayan y el Instituto de Cirug\u00eda Pl\u00e1stica Avance pueden ayudarlo.<\/p>\n<p>El Dr. Dayan y su equipo est\u00e9tico ofrecen varios procedimientos cosm\u00e9ticos corporales para ayudarlo a crear el cuerpo que desea. Estos <a title=\"Cirug\u00eda cosm\u00e9tica facial de Truckee Lake Tahoe\" href=\"https:\/\/www.avanceplasticsurgery.com\/es\/cosmetic-and-surgery-procedures\/\">procedimientos o tratamientos de cirug\u00eda pl\u00e1stica<\/a> pueden quitarle a\u00f1os a su apariencia, ayudar a tonificar su cuerpo despu\u00e9s de perder peso, esculpir esos lugares dif\u00edciles que resisten la dieta y el ejercicio, rejuvenecer su cuerpo despu\u00e9s de los a\u00f1os f\u00e9rtiles o simplemente agregar algo extra a su apariencia.<\/p>\n<h2>Procedimientos Cosm\u00e9ticos de Contorno Corporal<\/h2>\n<p>Si bien existen muchos procedimientos quir\u00fargicos est\u00e9ticos que pueden dar forma a varias partes de su cuerpo, muchos de los m\u00e1s populares se eligen por razones puramente est\u00e9ticas. Su autoestima y confianza en s\u00ed mismo son importantes, y las cirug\u00edas de contorno corporal pueden dar pasos importantes para mejorar su propia imagen. Algunos de los procedimientos cosm\u00e9ticos corporales m\u00e1s populares que ofrecemos en nuestro instituto en el \u00e1rea de Lake Tahoe incluyen:<\/p>\n<nav class=\"flc-submenu\" aria-label=\"sub menu\"><ul><li class=\"page_item page-item-8890 page_item_has_children\"><a href=\"https:\/\/www.avanceplasticsurgery.com\/es\/procedimientos-cosmeticos-y-de-cirugia\/cirugia-de-orejas\/\">Cirug\u00eda de orejas<\/a><\/li>\n<li class=\"page_item page-item-8900\"><a href=\"https:\/\/www.avanceplasticsurgery.com\/es\/procedimientos-cosmeticos-y-de-cirugia\/cirugia-de-orejas-lake-tahoe-truckee\/\">Cirug\u00eda de orejas Lake Tahoe\/Truckee<\/a><\/li>\n<li class=\"page_item page-item-8984 page_item_has_children\"><a href=\"https:\/\/www.avanceplasticsurgery.com\/es\/procedimientos-cosmeticos-y-de-cirugia\/cirugia-plastica-de-nariz\/\">Cirug\u00eda pl\u00e1stica de nariz<\/a><\/li>\n<li class=\"page_item page-item-8995\"><a href=\"https:\/\/www.avanceplasticsurgery.com\/es\/procedimientos-cosmeticos-y-de-cirugia\/cirugia-plastica-de-nariz-lake-tahoe-truckee\/\">Cirug\u00eda pl\u00e1stica de nariz Lake Tahoe\/Truckee<\/a><\/li>\n<li class=\"page_item page-item-8996 page_item_has_children\"><a href=\"https:\/\/www.avanceplasticsurgery.com\/es\/procedimientos-cosmeticos-y-de-cirugia\/cirugia-plastica-facial-pediatrica\/\">Cirug\u00eda Pl\u00e1stica Facial Pedi\u00e1trica<\/a><\/li>\n<li class=\"page_item page-item-9005\"><a href=\"https:\/\/www.avanceplasticsurgery.com\/es\/procedimientos-cosmeticos-y-de-cirugia\/cirugia-plastica-facial-pediatrica-lake-tahoe-truckee\/\">Cirug\u00eda pl\u00e1stica facial pedi\u00e1trica Lake Tahoe\/Truckee<\/a><\/li>\n<li class=\"page_item page-item-8983 page_item_has_children\"><a href=\"https:\/\/www.avanceplasticsurgery.com\/es\/procedimientos-cosmeticos-y-de-cirugia\/cirugia-plastica-masculina\/\">Cirug\u00eda Pl\u00e1stica Masculina<\/a><\/li>\n<li class=\"page_item page-item-8976\"><a href=\"https:\/\/www.avanceplasticsurgery.com\/es\/procedimientos-cosmeticos-y-de-cirugia\/cirugia-plastica-masculina-lake-tahoe-truckee\/\">Cirug\u00eda Pl\u00e1stica Masculina Lake Tahoe\/Truckee<\/a><\/li>\n<li class=\"page_item page-item-8956 page_item_has_children\"><a href=\"https:\/\/www.avanceplasticsurgery.com\/es\/procedimientos-cosmeticos-y-de-cirugia\/cirugia-reconstructiva-facial-lake-tahoe-truckee\/\">Cirug\u00eda reconstructiva facial Lake Tahoe\/Truckee<\/a><\/li>\n<li class=\"page_item page-item-9011 page_item_has_children\"><a href=\"https:\/\/www.avanceplasticsurgery.com\/es\/procedimientos-cosmeticos-y-de-cirugia\/eliminacion-del-crecimiento-de-la-piel\/\">Eliminaci\u00f3n del crecimiento de la piel<\/a><\/li>\n<li class=\"page_item page-item-9006 page_item_has_children\"><a href=\"https:\/\/www.avanceplasticsurgery.com\/es\/procedimientos-cosmeticos-y-de-cirugia\/eliminacion-y-revision-de-cicatrices\/\">Eliminaci\u00f3n y revisi\u00f3n de cicatrices<\/a><\/li>\n<li class=\"page_item page-item-9010\"><a href=\"https:\/\/www.avanceplasticsurgery.com\/es\/procedimientos-cosmeticos-y-de-cirugia\/eliminacion-y-revision-de-cicatrices-lake-tahoe-truckee\/\">Eliminaci\u00f3n y revisi\u00f3n de cicatrices Lake Tahoe\/Truckee<\/a><\/li>\n<li class=\"page_item page-item-8901 page_item_has_children\"><a href=\"https:\/\/www.avanceplasticsurgery.com\/es\/procedimientos-cosmeticos-y-de-cirugia\/ojos-y-cejas\/\">ojos y cejas<\/a><\/li>\n<li class=\"page_item page-item-8933\"><a href=\"https:\/\/www.avanceplasticsurgery.com\/es\/procedimientos-cosmeticos-y-de-cirugia\/paralisis-facial\/\">Par\u00e1lisis facial<\/a><\/li>\n<li class=\"page_item page-item-8791 page_item_has_children\"><a href=\"https:\/\/www.avanceplasticsurgery.com\/es\/procedimientos-cosmeticos-y-de-cirugia\/procedimientos-cosmeticos-corporales\/\">Procedimientos Cosm\u00e9ticos Corporales<\/a><\/li>\n<li class=\"page_item page-item-8868\"><a href=\"https:\/\/www.avanceplasticsurgery.com\/es\/procedimientos-cosmeticos-y-de-cirugia\/procedimientos-cosmeticos-corporales-lake-tahoe-truckee\/\">Procedimientos Cosm\u00e9ticos Corporales Lake Tahoe\/Truckee<\/a><\/li>\n<li class=\"page_item page-item-8911 page_item_has_children\"><a href=\"https:\/\/www.avanceplasticsurgery.com\/es\/procedimientos-cosmeticos-y-de-cirugia\/procedimientos-cosmeticos-de-cara-y-cuello\/\">Procedimientos Cosm\u00e9ticos de Cara y Cuello<\/a><\/li>\n<li class=\"page_item page-item-8948\"><a href=\"https:\/\/www.avanceplasticsurgery.com\/es\/procedimientos-cosmeticos-y-de-cirugia\/procedimientos-cosmeticos-de-cara-y-cuello-lake-tahoe-truckee\/\">Procedimientos cosm\u00e9ticos de cara y cuello Lake Tahoe\/Truckee<\/a><\/li>\n<li class=\"page_item page-item-8910\"><a href=\"https:\/\/www.avanceplasticsurgery.com\/es\/procedimientos-cosmeticos-y-de-cirugia\/procedimientos-cosmeticos-para-ojos-y-cejas-lake-tahoe-truckee\/\">Procedimientos cosm\u00e9ticos para ojos y cejas Lake Tahoe\/Truckee<\/a><\/li>\n<li class=\"page_item page-item-8889\"><a href=\"https:\/\/www.avanceplasticsurgery.com\/es\/procedimientos-cosmeticos-y-de-cirugia\/procedimientos-mamarios-lake-tahoe-truckee\/\">Procedimientos mamarios Lake Tahoe\/Truckee<\/a><\/li>\n<li class=\"page_item page-item-8965 page_item_has_children\"><a href=\"https:\/\/www.avanceplasticsurgery.com\/es\/procedimientos-cosmeticos-y-de-cirugia\/procedimientos-y-aumento-de-labios\/\">Procedimientos y Aumento de Labios<\/a><\/li>\n<li class=\"page_item page-item-8974\"><a href=\"https:\/\/www.avanceplasticsurgery.com\/es\/procedimientos-cosmeticos-y-de-cirugia\/procedimientos-y-aumento-de-labios-lake-tahoe-truckee\/\">Procedimientos y aumento de labios Lake Tahoe\/Truckee<\/a><\/li>\n<li class=\"page_item page-item-8932 page_item_has_children\"><a href=\"https:\/\/www.avanceplasticsurgery.com\/es\/procedimientos-cosmeticos-y-de-cirugia\/cirugia-reconstructiva-facial\/\">Reconstrucci\u00f3n<\/a><\/li>\n<li class=\"page_item page-item-8869 page_item_has_children\"><a href=\"https:\/\/www.avanceplasticsurgery.com\/es\/procedimientos-cosmeticos-y-de-cirugia\/seno\/\">Seno<\/a><\/li>\n<li class=\"page_item page-item-8975\"><a href=\"https:\/\/www.avanceplasticsurgery.com\/es\/procedimientos-cosmeticos-y-de-cirugia\/terapia-de-drenaje-linfatico\/\">Terapia de drenaje linf\u00e1tico<\/a><\/li>\n<li class=\"page_item page-item-8964\"><a href=\"https:\/\/www.avanceplasticsurgery.com\/es\/procedimientos-cosmeticos-y-de-cirugia\/transplante-de-pelo\/\">Transplante de pelo<\/a><\/li>\n<li class=\"page_item page-item-8946 page_item_has_children\"><a href=\"https:\/\/www.avanceplasticsurgery.com\/es\/procedimientos-cosmeticos-y-de-cirugia\/tratamientos-de-relleno-facial-y-dermico\/\">Tratamientos de relleno facial y d\u00e9rmico<\/a><\/li>\n<li class=\"page_item page-item-8934\"><a href=\"https:\/\/www.avanceplasticsurgery.com\/es\/procedimientos-cosmeticos-y-de-cirugia\/tratamientos-de-relleno-facial-y-dermico-lake-tahoe-truckee\/\">Tratamientos de relleno facial y d\u00e9rmico Lake Tahoe\/Truckee<\/a><\/li>\n<\/ul><\/nav>\n<p>Cada paciente que acude al Instituto de Cirug\u00eda Pl\u00e1stica Avance recibe un procedimiento cuidadosamente dise\u00f1ado que satisface sus necesidades y deseos espec\u00edficos. El Dr. Dayan dedica un tiempo considerable a revisar las opciones y elecciones para diferentes cirug\u00edas y tratamientos de contorno corporal con cada paciente, para cumplir o superar sus expectativas.<\/p>\n<p><a title=\"Comun\u00edquese con el Instituto de Cirug\u00eda Pl\u00e1stica Avance en Truckee Lake Tahoe\" href=\"https:\/\/www.avanceplasticsurgery.com\/es\/contact-us-dr-erez-dayan\/\">P\u00f3ngase en contacto con el Instituto de Cirug\u00eda Pl\u00e1stica Avance<\/a> en el \u00e1rea de Lake Tahoe en l\u00ednea o ll\u00e1menos al (775) 800-4444 para hablar con un miembro del equipo sobre la programaci\u00f3n de su consulta privada sobre posibles procedimientos cosm\u00e9ticos corporales. Tambi\u00e9n tenemos consultas virtuales disponibles para quienes viven a largas distancias de nuestro centro.<\/p>\n<h3>Programa de mantenimiento<\/h3>\n<p>El <a href=\"https:\/\/www.avanceplasticsurgery.com\/es\/about-avance-plastic-surgery-institute\/plastic-surgery-maintenance\/\">programa de mantenimiento<\/a> en Avance Plastic Surgery Institute est\u00e1 dise\u00f1ado para ofrecer a los pacientes una forma conveniente de continuar viendo los beneficios de nuestros tratamientos durante el mayor tiempo posible.<\/p>\n<p>Para mantener los resultados de los procedimientos de contorno corporal, recomendamos tratamientos no invasivos y m\u00ednimamente invasivos con los siguientes dispositivos:<\/p>\n<ul>\n<li>Forma Body (InMode)<\/li>\n<li>Morpheus 8 Body (InMode)<\/li>\n<li>Evolve<\/li>\n<\/ul>\n","protected":false},"excerpt":{"rendered":"<p>Procedimientos Cosm\u00e9ticos Corporales en el \u00c1rea de Lake Tahoe\/Truckee \u00bfEst\u00e1 buscando un cirujano pl\u00e1stico calificado que ofrezca procedimientos cosm\u00e9ticos&hellip;<\/p>\n","protected":false},"author":1,"featured_media":8574,"parent":8804,"menu_order":0,"comment_status":"closed","ping_status":"closed","template":"","meta":{"_acf_changed":false,"footnotes":""},"class_list":["post-8868","page","type-page","status-publish","has-post-thumbnail"],"acf":[],"yoast_head":"<!-- This site is optimized with the Yoast SEO plugin v25.6 - https:\/\/yoast.com\/wordpress\/plugins\/seo\/ -->\n<title>Cirujano pl\u00e1stico de contorno corporal de Lake Tahoe | Cirug\u00eda Est\u00e9tica Truckee<\/title>\n<meta name=\"description\" content=\"El Dr. Erez Dayan y el Instituto de Cirug\u00eda Pl\u00e1stica Avance ofrecen varios procedimientos cosm\u00e9ticos corporales populares para mejorar la est\u00e9tica en nuestro centro en el \u00e1rea de Lake Tahoe. Aumenta tu autoestima y confianza con mejoras cosm\u00e9ticas que mejoran tu apariencia.\" \/>\n<meta name=\"robots\" content=\"index, follow, max-snippet:-1, max-image-preview:large, max-video-preview:-1\" \/>\n<link rel=\"canonical\" href=\"https:\/\/www.avanceplasticsurgery.com\/es\/procedimientos-cosmeticos-y-de-cirugia\/procedimientos-cosmeticos-corporales-lake-tahoe-truckee\/\" \/>\n<meta property=\"og:locale\" content=\"es_ES\" \/>\n<meta property=\"og:type\" content=\"article\" \/>\n<meta property=\"og:title\" content=\"Cirujano pl\u00e1stico de contorno corporal de Lake Tahoe | Cirug\u00eda Est\u00e9tica Truckee\" \/>\n<meta property=\"og:description\" content=\"El Dr. Erez Dayan y el Instituto de Cirug\u00eda Pl\u00e1stica Avance ofrecen varios procedimientos cosm\u00e9ticos corporales populares para mejorar la est\u00e9tica en nuestro centro en el \u00e1rea de Lake Tahoe. Aumenta tu autoestima y confianza con mejoras cosm\u00e9ticas que mejoran tu apariencia.\" \/>\n<meta property=\"og:url\" content=\"https:\/\/www.avanceplasticsurgery.com\/es\/procedimientos-cosmeticos-y-de-cirugia\/procedimientos-cosmeticos-corporales-lake-tahoe-truckee\/\" \/>\n<meta property=\"og:site_name\" content=\"Avance Plastic Surgery\" \/>\n<meta property=\"article:modified_time\" content=\"2022-04-25T11:38:18+00:00\" \/>\n<meta property=\"og:image\" content=\"https:\/\/www.avanceplasticsurgery.com\/wp-content\/uploads\/2022\/01\/body.jpg\" \/>\n\t<meta property=\"og:image:width\" content=\"1920\" \/>\n\t<meta property=\"og:image:height\" content=\"595\" \/>\n\t<meta property=\"og:image:type\" content=\"image\/jpeg\" \/>\n<meta name=\"twitter:card\" content=\"summary_large_image\" \/>\n<meta name=\"twitter:label1\" content=\"Tiempo de lectura\" \/>\n\t<meta name=\"twitter:data1\" content=\"2 minutos\" \/>\n<!-- \/ Yoast SEO plugin. -->","yoast_head_json":{"title":"Cirujano pl\u00e1stico de contorno corporal de Lake Tahoe | Cirug\u00eda Est\u00e9tica Truckee","description":"El Dr. Erez Dayan y el Instituto de Cirug\u00eda Pl\u00e1stica Avance ofrecen varios procedimientos cosm\u00e9ticos corporales populares para mejorar la est\u00e9tica en nuestro centro en el \u00e1rea de Lake Tahoe. Aumenta tu autoestima y confianza con mejoras cosm\u00e9ticas que mejoran tu apariencia.","robots":{"index":"index","follow":"follow","max-snippet":"max-snippet:-1","max-image-preview":"max-image-preview:large","max-video-preview":"max-video-preview:-1"},"canonical":"https:\/\/www.avanceplasticsurgery.com\/es\/procedimientos-cosmeticos-y-de-cirugia\/procedimientos-cosmeticos-corporales-lake-tahoe-truckee\/","og_locale":"es_ES","og_type":"article","og_title":"Cirujano pl\u00e1stico de contorno corporal de Lake Tahoe | Cirug\u00eda Est\u00e9tica Truckee","og_description":"El Dr. Erez Dayan y el Instituto de Cirug\u00eda Pl\u00e1stica Avance ofrecen varios procedimientos cosm\u00e9ticos corporales populares para mejorar la est\u00e9tica en nuestro centro en el \u00e1rea de Lake Tahoe. Aumenta tu autoestima y confianza con mejoras cosm\u00e9ticas que mejoran tu apariencia.","og_url":"https:\/\/www.avanceplasticsurgery.com\/es\/procedimientos-cosmeticos-y-de-cirugia\/procedimientos-cosmeticos-corporales-lake-tahoe-truckee\/","og_site_name":"Avance Plastic Surgery","article_modified_time":"2022-04-25T11:38:18+00:00","og_image":[{"width":1920,"height":595,"url":"https:\/\/www.avanceplasticsurgery.com\/wp-content\/uploads\/2022\/01\/body.jpg","type":"image\/jpeg"}],"twitter_card":"summary_large_image","twitter_misc":{"Tiempo de lectura":"2 minutos"},"schema":{"@context":"https:\/\/schema.org","@graph":[{"@type":"WebPage","@id":"https:\/\/www.avanceplasticsurgery.com\/es\/procedimientos-cosmeticos-y-de-cirugia\/procedimientos-cosmeticos-corporales-lake-tahoe-truckee\/","url":"https:\/\/www.avanceplasticsurgery.com\/es\/procedimientos-cosmeticos-y-de-cirugia\/procedimientos-cosmeticos-corporales-lake-tahoe-truckee\/","name":"Cirujano pl\u00e1stico de contorno corporal de Lake Tahoe | Cirug\u00eda Est\u00e9tica Truckee","isPartOf":{"@id":"https:\/\/www.avanceplasticsurgery.com\/es\/#website"},"primaryImageOfPage":{"@id":"https:\/\/www.avanceplasticsurgery.com\/es\/procedimientos-cosmeticos-y-de-cirugia\/procedimientos-cosmeticos-corporales-lake-tahoe-truckee\/#primaryimage"},"image":{"@id":"https:\/\/www.avanceplasticsurgery.com\/es\/procedimientos-cosmeticos-y-de-cirugia\/procedimientos-cosmeticos-corporales-lake-tahoe-truckee\/#primaryimage"},"thumbnailUrl":"https:\/\/www.avanceplasticsurgery.com\/wp-content\/uploads\/2022\/01\/body.jpg","datePublished":"2021-02-24T21:14:16+00:00","dateModified":"2022-04-25T11:38:18+00:00","description":"El Dr. Erez Dayan y el Instituto de Cirug\u00eda Pl\u00e1stica Avance ofrecen varios procedimientos cosm\u00e9ticos corporales populares para mejorar la est\u00e9tica en nuestro centro en el \u00e1rea de Lake Tahoe. Aumenta tu autoestima y confianza con mejoras cosm\u00e9ticas que mejoran tu apariencia.","breadcrumb":{"@id":"https:\/\/www.avanceplasticsurgery.com\/es\/procedimientos-cosmeticos-y-de-cirugia\/procedimientos-cosmeticos-corporales-lake-tahoe-truckee\/#breadcrumb"},"inLanguage":"es","potentialAction":[{"@type":"ReadAction","target":["https:\/\/www.avanceplasticsurgery.com\/es\/procedimientos-cosmeticos-y-de-cirugia\/procedimientos-cosmeticos-corporales-lake-tahoe-truckee\/"]}]},{"@type":"ImageObject","inLanguage":"es","@id":"https:\/\/www.avanceplasticsurgery.com\/es\/procedimientos-cosmeticos-y-de-cirugia\/procedimientos-cosmeticos-corporales-lake-tahoe-truckee\/#primaryimage","url":"https:\/\/www.avanceplasticsurgery.com\/wp-content\/uploads\/2022\/01\/body.jpg","contentUrl":"https:\/\/www.avanceplasticsurgery.com\/wp-content\/uploads\/2022\/01\/body.jpg","width":1920,"height":595,"caption":"Un m\u00e9dico con bata blanca y gafas marca con un bol\u00edgrafo unas l\u00edneas en el vientre desnudo de una mujer, indicando la preparaci\u00f3n para una intervenci\u00f3n de cirug\u00eda est\u00e9tica o pl\u00e1stica."},{"@type":"BreadcrumbList","@id":"https:\/\/www.avanceplasticsurgery.com\/es\/procedimientos-cosmeticos-y-de-cirugia\/procedimientos-cosmeticos-corporales-lake-tahoe-truckee\/#breadcrumb","itemListElement":[{"@type":"ListItem","position":1,"name":"Home","item":"https:\/\/www.avanceplasticsurgery.com\/es\/"},{"@type":"ListItem","position":2,"name":"Cosm\u00e9tica","item":"https:\/\/www.avanceplasticsurgery.com\/es\/procedimientos-cosmeticos-y-de-cirugia\/"},{"@type":"ListItem","position":3,"name":"Procedimientos Cosm\u00e9ticos Corporales Lake Tahoe\/Truckee"}]},{"@type":"WebSite","@id":"https:\/\/www.avanceplasticsurgery.com\/es\/#website","url":"https:\/\/www.avanceplasticsurgery.com\/es\/","name":"Avance Plastic Surgery","description":"","potentialAction":[{"@type":"SearchAction","target":{"@type":"EntryPoint","urlTemplate":"https:\/\/www.avanceplasticsurgery.com\/es\/?s={search_term_string}"},"query-input":{"@type":"PropertyValueSpecification","valueRequired":true,"valueName":"search_term_string"}}],"inLanguage":"es"}]}},"_links":{"self":[{"href":"https:\/\/www.avanceplasticsurgery.com\/es\/wp-json\/wp\/v2\/pages\/8868","targetHints":{"allow":["GET"]}}],"collection":[{"href":"https:\/\/www.avanceplasticsurgery.com\/es\/wp-json\/wp\/v2\/pages"}],"about":[{"href":"https:\/\/www.avanceplasticsurgery.com\/es\/wp-json\/wp\/v2\/types\/page"}],"author":[{"embeddable":true,"href":"https:\/\/www.avanceplasticsurgery.com\/es\/wp-json\/wp\/v2\/users\/1"}],"replies":[{"embeddable":true,"href":"https:\/\/www.avanceplasticsurgery.com\/es\/wp-json\/wp\/v2\/comments?post=8868"}],"version-history":[{"count":1,"href":"https:\/\/www.avanceplasticsurgery.com\/es\/wp-json\/wp\/v2\/pages\/8868\/revisions"}],"predecessor-version":[{"id":9221,"href":"https:\/\/www.avanceplasticsurgery.com\/es\/wp-json\/wp\/v2\/pages\/8868\/revisions\/9221"}],"up":[{"embeddable":true,"href":"https:\/\/www.avanceplasticsurgery.com\/es\/wp-json\/wp\/v2\/pages\/8804"}],"wp:featuredmedia":[{"embeddable":true,"href":"https:\/\/www.avanceplasticsurgery.com\/es\/wp-json\/wp\/v2\/media\/8574"}],"wp:attachment":[{"href":"https:\/\/www.avanceplasticsurgery.com\/es\/wp-json\/wp\/v2\/media?parent=8868"}],"curies":[{"name":"wp","href":"https:\/\/api.w.org\/{rel}","templated":true}]}}