{"id":8869,"date":"2020-09-11T07:54:08","date_gmt":"2020-09-11T07:54:08","guid":{"rendered":"https:\/\/www.avanceplasticsurgery.com\/procedimientos-cosmeticos-y-de-cirugia\/seno\/"},"modified":"2023-05-01T18:51:16","modified_gmt":"2023-05-01T18:51:16","slug":"seno","status":"publish","type":"page","link":"https:\/\/www.avanceplasticsurgery.com\/es\/procedimientos-cosmeticos-y-de-cirugia\/seno\/","title":{"rendered":"Seno"},"content":{"rendered":"<h1>Cirug\u00eda Est\u00e9tica de Mamas<\/h1>\n<p>Los senos son la firma de la anatom\u00eda femenina y cumplen un prop\u00f3sito funcional vital, adem\u00e1s de proporcionar forma y belleza a la figura femenina. Con demasiada frecuencia, las mujeres experimentan insatisfacci\u00f3n o problemas con sus senos. Esto puede deberse al tama\u00f1o, la forma, la apariencia, la maternidad, la edad, la gen\u00e9tica, la enfermedad u otras razones. La cirug\u00eda est\u00e9tica de mamas es un t\u00edtulo gen\u00e9rico bajo el cual existe una gran variedad de opciones, cada una dise\u00f1ada para satisfacer una necesidad diferente.<\/p>\n<p>El Dr. Erez Dayan en el Instituto de Cirug\u00eda Pl\u00e1stica Avance es un cirujano pl\u00e1stico y reconstructivo cosm\u00e9tico altamente calificado que es buscado con frecuencia por su conocimiento y experiencia en <a title=\"Reno NV Cirug\u00eda Est\u00e9tica Facial\" href=\"https:\/\/www.avanceplasticsurgery.com\/es\/cosmetic-and-surgery-procedures\/\">t\u00e9cnicas quir\u00fargicas cosm\u00e9ticas avanzadas<\/a> . Ha escrito y dado numerosas conferencias sobre el tema de las t\u00e9cnicas y la tecnolog\u00eda de la cirug\u00eda pl\u00e1stica y ha demostrado su experiencia quir\u00fargica en todo el mundo.<\/p>\n<p>Sus habilidades y experiencia son justo lo que necesita si no est\u00e1 satisfecha con alg\u00fan aspecto de sus senos y desea un cambio. El Dr. Dayan realiza rutinariamente todo tipo de procedimientos de cirug\u00eda pl\u00e1stica para moldear el cuerpo, incluidas varias formas de cirug\u00eda mamaria est\u00e9tica y reconstructiva, en el Instituto de Cirug\u00eda Pl\u00e1stica Avance de \u00faltima generaci\u00f3n en Reno\/Tahoe, NV.<\/p>\n<div><button class=\"flc-yt lazyload\" data-id=\"K7kZUiqBaVM\" data-title=\"Ideal Breast Measurements For Breast Surgery | Avance Plastic Surgery: Dr. Erez Dayan | Reno, Tahoe\" data-bg=\"https:\/\/i.ytimg.com\/vi\/K7kZUiqBaVM\/hqdefault.jpg\" aria-label=\"Play video Ideal Breast Measurements For Breast Surgery | Avance Plastic Surgery: Dr. Erez Dayan | Reno, Tahoe\">  <div class=\"flc-yt__title\">Ideal Breast Measurements For Breast Surgery | Avance Plastic Surgery: Dr. Erez Dayan | Reno, Tahoe<\/div>  <span class=\"flc-yt__play\">    <svg viewBox=\"0 0 68 48\" xmlns=\"http:\/\/www.w3.org\/2000\/svg\" aria-hidden=\"true\"><path d=\"M66.5 7.8A8.5 8.5 0 0 0 60.6 2C55.3.5 34 .5 34 .5S12.7.5 7.4 2A8.5 8.5 0 0 0 1.5 7.8C0 13.1 0 24 0 24s0 10.9 1.5 16.2A8.5 8.5 0 0 0 7.4 46C12.7 47.5 34 47.5 34 47.5s21.3 0 26.6-1.5a8.5 8.5 0 0 0 5.9-5.8C68 34.9 68 24 68 24s0-10.9-1.5-16.2Z\" fill=\"#f00\"\/><path d=\"M27 34l18-10-18-10v20Z\" fill=\"#fff\"\/><\/svg>  <\/span><\/button><\/div>\n<h2>Opciones de cirug\u00eda de aumento\/reparaci\u00f3n mamaria de Reno<\/h2>\n<p>Las mujeres pueden sentirse insatisfechas con sus senos por todo tipo de razones. Los senos son un aspecto muy personal del f\u00edsico de una mujer, y sus razones para desear un cambio son igualmente personales. El Dr. Dayan respeta los sentimientos y las dificultades de cada paciente y ofrecer\u00e1 las mejores soluciones para ayudarlo a alcanzar sus objetivos est\u00e9ticos y funcionales. Algunas de las opciones de cirug\u00eda de aumento\/reparaci\u00f3n de senos que ofrecemos en nuestro centro de cirug\u00eda de Reno\/Tahoe incluyen:<\/p>\n<nav class=\"flc-submenu\" aria-label=\"sub menu\"><ul><li class=\"page_item page-item-8871\"><a href=\"https:\/\/www.avanceplasticsurgery.com\/es\/procedimientos-cosmeticos-y-de-cirugia\/seno\/asimetria-mamaria\/\">asimetr\u00eda mamaria<\/a><\/li>\n<li class=\"page_item page-item-8872\"><a href=\"https:\/\/www.avanceplasticsurgery.com\/es\/procedimientos-cosmeticos-y-de-cirugia\/seno\/aumento-de-senos\/\">Aumento de senos<\/a><\/li>\n<li class=\"page_item page-item-8883\"><a href=\"https:\/\/www.avanceplasticsurgery.com\/es\/procedimientos-cosmeticos-y-de-cirugia\/seno\/contractura-capsular\/\">Contractura capsular<\/a><\/li>\n<li class=\"page_item page-item-8886\"><a href=\"https:\/\/www.avanceplasticsurgery.com\/es\/procedimientos-cosmeticos-y-de-cirugia\/seno\/deformidad-mamaria-tubular\/\">Deformidad mamaria tubular<\/a><\/li>\n<li class=\"page_item page-item-8874\"><a href=\"https:\/\/www.avanceplasticsurgery.com\/es\/procedimientos-cosmeticos-y-de-cirugia\/seno\/enfermedad-de-los-implantes-mamarios\/\">Enfermedad de los implantes mamarios<\/a><\/li>\n<li class=\"page_item page-item-8875\"><a href=\"https:\/\/www.avanceplasticsurgery.com\/es\/procedimientos-cosmeticos-y-de-cirugia\/seno\/extraccion-de-implantes-mamarios\/\">Extracci\u00f3n de implantes mamarios<\/a><\/li>\n<li class=\"page_item page-item-8888\"><a href=\"https:\/\/www.avanceplasticsurgery.com\/es\/procedimientos-cosmeticos-y-de-cirugia\/seno\/ginecomastia-masculino\/\">Ginecomastia (masculino)<\/a><\/li>\n<li class=\"page_item page-item-8878\"><a href=\"https:\/\/www.avanceplasticsurgery.com\/es\/procedimientos-cosmeticos-y-de-cirugia\/seno\/levantamiento-de-senos\/\">Levantamiento de senos<\/a><\/li>\n<li class=\"page_item page-item-8877\"><a href=\"https:\/\/www.avanceplasticsurgery.com\/es\/procedimientos-cosmeticos-y-de-cirugia\/seno\/levantamiento-de-senos-con-implantes\/\">Levantamiento de Senos con Implantes<\/a><\/li>\n<li class=\"page_item page-item-8879\"><a href=\"https:\/\/www.avanceplasticsurgery.com\/es\/procedimientos-cosmeticos-y-de-cirugia\/seno\/reconstruccion-mamaria\/\">Reconstrucci\u00f3n mamaria<\/a><\/li>\n<li class=\"page_item page-item-8884\"><a href=\"https:\/\/www.avanceplasticsurgery.com\/es\/procedimientos-cosmeticos-y-de-cirugia\/seno\/reduccion-de-pezones\/\">Reducci\u00f3n de pezones<\/a><\/li>\n<li class=\"page_item page-item-8880\"><a href=\"https:\/\/www.avanceplasticsurgery.com\/es\/procedimientos-cosmeticos-y-de-cirugia\/seno\/reduccion-de-senos\/\">Reducci\u00f3n de senos<\/a><\/li>\n<li class=\"page_item page-item-8881\"><a href=\"https:\/\/www.avanceplasticsurgery.com\/es\/procedimientos-cosmeticos-y-de-cirugia\/seno\/revision-mamaria\/\">Revisi\u00f3n mamaria<\/a><\/li>\n<li class=\"page_item page-item-8876\"><a href=\"https:\/\/www.avanceplasticsurgery.com\/es\/procedimientos-cosmeticos-y-de-cirugia\/seno\/ruptura-de-implante-mamario\/\">Ruptura de implante mamario<\/a><\/li>\n<li class=\"page_item page-item-8873\"><a href=\"https:\/\/www.avanceplasticsurgery.com\/es\/procedimientos-cosmeticos-y-de-cirugia\/seno\/transferencia-de-grasa-mamaria\/\">Transferencia de grasa mamaria<\/a><\/li>\n<\/ul><\/nav>\n<p>El Dr. Dayan realizar\u00e1 un examen f\u00edsico como parte de su consulta confidencial, y tambi\u00e9n buscar\u00e1 comprender sus problemas y objetivos. Luego puede ofrecer una opci\u00f3n de tratamiento personalizada que mejor se adapte a sus necesidades. El Dr. Dayan es un reconocido experto en modelado corporal, y sus consejos y tratamientos son insuperables.<\/p>\n<p>\u00bfEst\u00e1s lista para hacer cambios en tus senos? La cirug\u00eda mamaria cosm\u00e9tica y reconstructiva de clase mundial est\u00e1 disponible en Reno\/Tahoe, NV, en el Instituto de Cirug\u00eda Pl\u00e1stica Avance. <a title=\"P\u00f3ngase en contacto con el Instituto de Cirug\u00eda Pl\u00e1stica Avance en Reno NV\" href=\"https:\/\/www.avanceplasticsurgery.com\/es\/contact-us-dr-erez-dayan\/\">Comun\u00edquese con nuestra oficina en Reno\/Tahoe<\/a> hoy para programar una consulta con el Dr. Dayan sobre procedimientos cosm\u00e9ticos y reconstructivos de senos.<\/p>\n<p>El Dr. Erez Dayan ha realizado una extensa investigaci\u00f3n sobre suplementos en cirug\u00eda pl\u00e1stica. Lea m\u00e1s sobre la investigaci\u00f3n de Suplementos en Cirug\u00eda Pl\u00e1stica del <a href=\"https:\/\/www.avanceplasticsurgery.com\/es\/about-avance-plastic-surgery-institute\/research\/#supplements\">Dr. Dayan aqu\u00ed.<\/a><\/p>\n<h3>Programa de mantenimiento<\/h3>\n<p>El <a href=\"https:\/\/www.avanceplasticsurgery.com\/es\/about-avance-plastic-surgery-institute\/plastic-surgery-maintenance\/\">programa de mantenimiento<\/a> en Avance Plastic Surgery Institute est\u00e1 dise\u00f1ado para ofrecer a los pacientes una forma conveniente de continuar viendo los beneficios de nuestros tratamientos durante el mayor tiempo posible.<\/p>\n<p>Para mantener los resultados de los procedimientos cosm\u00e9ticos mamarios, recomendamos tratamientos no invasivos y m\u00ednimamente invasivos con los siguientes dispositivos:<\/p>\n<ul>\n<li>Forma Body (InMode)<\/li>\n<li>Morfeo 8 (en modo)<\/li>\n<\/ul>\n","protected":false},"excerpt":{"rendered":"<p>Cirug\u00eda Est\u00e9tica de Mamas Los senos son la firma de la anatom\u00eda femenina y cumplen un prop\u00f3sito funcional vital,&hellip;<\/p>\n","protected":false},"author":1,"featured_media":8578,"parent":8804,"menu_order":0,"comment_status":"closed","ping_status":"closed","template":"","meta":{"_acf_changed":false,"footnotes":""},"class_list":["post-8869","page","type-page","status-publish","has-post-thumbnail"],"acf":[],"yoast_head":"<!-- This site is optimized with the Yoast SEO plugin v27.3 - https:\/\/yoast.com\/product\/yoast-seo-wordpress\/ -->\n<title>Reno NV Cirug\u00eda Est\u00e9tica de Senos | Especialista en Mamoplastia de Lake Tahoe<\/title>\n<meta name=\"description\" content=\"La cirug\u00eda est\u00e9tica de senos es una opci\u00f3n popular para muchas mujeres que no est\u00e1n satisfechas con sus senos naturales. El Dr. Erez Dayan en Avance Plastic Surgery Institute ofrece opciones de cirug\u00eda est\u00e9tica de senos para pacientes de Reno, NV.\" \/>\n<meta name=\"robots\" content=\"index, follow, max-snippet:-1, max-image-preview:large, max-video-preview:-1\" \/>\n<link rel=\"canonical\" href=\"https:\/\/www.avanceplasticsurgery.com\/es\/procedimientos-cosmeticos-y-de-cirugia\/seno\/\" \/>\n<meta property=\"og:locale\" content=\"es_ES\" \/>\n<meta property=\"og:type\" content=\"article\" \/>\n<meta property=\"og:title\" content=\"Reno NV Cirug\u00eda Est\u00e9tica de Senos | Especialista en Mamoplastia de Lake Tahoe\" \/>\n<meta property=\"og:description\" content=\"La cirug\u00eda est\u00e9tica de senos es una opci\u00f3n popular para muchas mujeres que no est\u00e1n satisfechas con sus senos naturales. El Dr. Erez Dayan en Avance Plastic Surgery Institute ofrece opciones de cirug\u00eda est\u00e9tica de senos para pacientes de Reno, NV.\" \/>\n<meta property=\"og:url\" content=\"https:\/\/www.avanceplasticsurgery.com\/es\/procedimientos-cosmeticos-y-de-cirugia\/seno\/\" \/>\n<meta property=\"og:site_name\" content=\"Avance Plastic Surgery\" \/>\n<meta property=\"article:modified_time\" content=\"2023-05-01T18:51:16+00:00\" \/>\n<meta property=\"og:image\" content=\"https:\/\/www.avanceplasticsurgery.com\/wp-content\/uploads\/2022\/01\/breast.jpg\" \/>\n\t<meta property=\"og:image:width\" content=\"1920\" \/>\n\t<meta property=\"og:image:height\" content=\"595\" \/>\n\t<meta property=\"og:image:type\" content=\"image\/jpeg\" \/>\n<meta name=\"twitter:card\" content=\"summary_large_image\" \/>\n<meta name=\"twitter:label1\" content=\"Tiempo de lectura\" \/>\n\t<meta name=\"twitter:data1\" content=\"3 minutos\" \/>\n<!-- \/ Yoast SEO plugin. -->","yoast_head_json":{"title":"Reno NV Cirug\u00eda Est\u00e9tica de Senos | Especialista en Mamoplastia de Lake Tahoe","description":"La cirug\u00eda est\u00e9tica de senos es una opci\u00f3n popular para muchas mujeres que no est\u00e1n satisfechas con sus senos naturales. El Dr. Erez Dayan en Avance Plastic Surgery Institute ofrece opciones de cirug\u00eda est\u00e9tica de senos para pacientes de Reno, NV.","robots":{"index":"index","follow":"follow","max-snippet":"max-snippet:-1","max-image-preview":"max-image-preview:large","max-video-preview":"max-video-preview:-1"},"canonical":"https:\/\/www.avanceplasticsurgery.com\/es\/procedimientos-cosmeticos-y-de-cirugia\/seno\/","og_locale":"es_ES","og_type":"article","og_title":"Reno NV Cirug\u00eda Est\u00e9tica de Senos | Especialista en Mamoplastia de Lake Tahoe","og_description":"La cirug\u00eda est\u00e9tica de senos es una opci\u00f3n popular para muchas mujeres que no est\u00e1n satisfechas con sus senos naturales. El Dr. Erez Dayan en Avance Plastic Surgery Institute ofrece opciones de cirug\u00eda est\u00e9tica de senos para pacientes de Reno, NV.","og_url":"https:\/\/www.avanceplasticsurgery.com\/es\/procedimientos-cosmeticos-y-de-cirugia\/seno\/","og_site_name":"Avance Plastic Surgery","article_modified_time":"2023-05-01T18:51:16+00:00","og_image":[{"width":1920,"height":595,"url":"https:\/\/www.avanceplasticsurgery.com\/wp-content\/uploads\/2022\/01\/breast.jpg","type":"image\/jpeg"}],"twitter_card":"summary_large_image","twitter_misc":{"Tiempo de lectura":"3 minutos"},"schema":{"@context":"https:\/\/schema.org","@graph":[{"@type":"WebPage","@id":"https:\/\/www.avanceplasticsurgery.com\/es\/procedimientos-cosmeticos-y-de-cirugia\/seno\/","url":"https:\/\/www.avanceplasticsurgery.com\/es\/procedimientos-cosmeticos-y-de-cirugia\/seno\/","name":"Reno NV Cirug\u00eda Est\u00e9tica de Senos | Especialista en Mamoplastia de Lake Tahoe","isPartOf":{"@id":"https:\/\/www.avanceplasticsurgery.com\/es\/#website"},"primaryImageOfPage":{"@id":"https:\/\/www.avanceplasticsurgery.com\/es\/procedimientos-cosmeticos-y-de-cirugia\/seno\/#primaryimage"},"image":{"@id":"https:\/\/www.avanceplasticsurgery.com\/es\/procedimientos-cosmeticos-y-de-cirugia\/seno\/#primaryimage"},"thumbnailUrl":"https:\/\/www.avanceplasticsurgery.com\/wp-content\/uploads\/2022\/01\/breast.jpg","datePublished":"2020-09-11T07:54:08+00:00","dateModified":"2023-05-01T18:51:16+00:00","description":"La cirug\u00eda est\u00e9tica de senos es una opci\u00f3n popular para muchas mujeres que no est\u00e1n satisfechas con sus senos naturales. El Dr. Erez Dayan en Avance Plastic Surgery Institute ofrece opciones de cirug\u00eda est\u00e9tica de senos para pacientes de Reno, NV.","breadcrumb":{"@id":"https:\/\/www.avanceplasticsurgery.com\/es\/procedimientos-cosmeticos-y-de-cirugia\/seno\/#breadcrumb"},"inLanguage":"es","potentialAction":[{"@type":"ReadAction","target":["https:\/\/www.avanceplasticsurgery.com\/es\/procedimientos-cosmeticos-y-de-cirugia\/seno\/"]}]},{"@type":"ImageObject","inLanguage":"es","@id":"https:\/\/www.avanceplasticsurgery.com\/es\/procedimientos-cosmeticos-y-de-cirugia\/seno\/#primaryimage","url":"https:\/\/www.avanceplasticsurgery.com\/wp-content\/uploads\/2022\/01\/breast.jpg","contentUrl":"https:\/\/www.avanceplasticsurgery.com\/wp-content\/uploads\/2022\/01\/breast.jpg","width":1920,"height":595,"caption":"Un m\u00e9dico con gafas y guantes negros marca l\u00edneas quir\u00fargicas en el pecho de una mujer que lleva un sujetador negro, prepar\u00e1ndose para un procedimiento cosm\u00e9tico."},{"@type":"BreadcrumbList","@id":"https:\/\/www.avanceplasticsurgery.com\/es\/procedimientos-cosmeticos-y-de-cirugia\/seno\/#breadcrumb","itemListElement":[{"@type":"ListItem","position":1,"name":"Home","item":"https:\/\/www.avanceplasticsurgery.com\/es\/"},{"@type":"ListItem","position":2,"name":"Cosm\u00e9tica","item":"https:\/\/www.avanceplasticsurgery.com\/es\/procedimientos-cosmeticos-y-de-cirugia\/"},{"@type":"ListItem","position":3,"name":"Seno"}]},{"@type":"WebSite","@id":"https:\/\/www.avanceplasticsurgery.com\/es\/#website","url":"https:\/\/www.avanceplasticsurgery.com\/es\/","name":"Avance Plastic Surgery","description":"","potentialAction":[{"@type":"SearchAction","target":{"@type":"EntryPoint","urlTemplate":"https:\/\/www.avanceplasticsurgery.com\/es\/?s={search_term_string}"},"query-input":{"@type":"PropertyValueSpecification","valueRequired":true,"valueName":"search_term_string"}}],"inLanguage":"es"}]}},"_links":{"self":[{"href":"https:\/\/www.avanceplasticsurgery.com\/es\/wp-json\/wp\/v2\/pages\/8869","targetHints":{"allow":["GET"]}}],"collection":[{"href":"https:\/\/www.avanceplasticsurgery.com\/es\/wp-json\/wp\/v2\/pages"}],"about":[{"href":"https:\/\/www.avanceplasticsurgery.com\/es\/wp-json\/wp\/v2\/types\/page"}],"author":[{"embeddable":true,"href":"https:\/\/www.avanceplasticsurgery.com\/es\/wp-json\/wp\/v2\/users\/1"}],"replies":[{"embeddable":true,"href":"https:\/\/www.avanceplasticsurgery.com\/es\/wp-json\/wp\/v2\/comments?post=8869"}],"version-history":[{"count":3,"href":"https:\/\/www.avanceplasticsurgery.com\/es\/wp-json\/wp\/v2\/pages\/8869\/revisions"}],"predecessor-version":[{"id":10397,"href":"https:\/\/www.avanceplasticsurgery.com\/es\/wp-json\/wp\/v2\/pages\/8869\/revisions\/10397"}],"up":[{"embeddable":true,"href":"https:\/\/www.avanceplasticsurgery.com\/es\/wp-json\/wp\/v2\/pages\/8804"}],"wp:featuredmedia":[{"embeddable":true,"href":"https:\/\/www.avanceplasticsurgery.com\/es\/wp-json\/wp\/v2\/media\/8578"}],"wp:attachment":[{"href":"https:\/\/www.avanceplasticsurgery.com\/es\/wp-json\/wp\/v2\/media?parent=8869"}],"curies":[{"name":"wp","href":"https:\/\/api.w.org\/{rel}","templated":true}]}}