{"id":8871,"date":"2020-09-15T21:59:37","date_gmt":"2020-09-15T21:59:37","guid":{"rendered":"https:\/\/www.avanceplasticsurgery.com\/procedimientos-cosmeticos-y-de-cirugia\/seno\/asimetria-mamaria\/"},"modified":"2023-05-01T18:52:02","modified_gmt":"2023-05-01T18:52:02","slug":"asimetria-mamaria","status":"publish","type":"page","link":"https:\/\/www.avanceplasticsurgery.com\/es\/procedimientos-cosmeticos-y-de-cirugia\/seno\/asimetria-mamaria\/","title":{"rendered":"asimetr\u00eda mamaria"},"content":{"rendered":"<h1>Correcci\u00f3n de asimetr\u00eda mamaria<\/h1>\n<p>La asimetr\u00eda mamaria es cuando un seno tiene una forma o un tama\u00f1o notablemente diferente del otro. Los senos normalmente se desarrollan a un ritmo ligeramente diferente durante la pubertad, lo que hace que esta condici\u00f3n sea bastante com\u00fan. Muchas mujeres pueden notar una <a title=\"Reno NV Cirug\u00eda Est\u00e9tica de Senos\" href=\"https:\/\/www.avanceplasticsurgery.com\/es\/cosmetic-and-surgery-procedures\/breast-cosmetic-surgery\/\">ligera diferencia en sus senos<\/a> si la asimetr\u00eda no se corrige sola durante la adolescencia. Los cambios hormonales m\u00e1s adelante en la vida tambi\u00e9n pueden causar que los senos se vuelvan asim\u00e9tricos.<\/p>\n<p>El Dr. Erez Dayan del Avance Plastic Surgery Institute ofrece cirug\u00eda de correcci\u00f3n de asimetr\u00eda mamaria en Reno\/Tahoe, NV. Si bien una ligera diferencia entre los senos puede ser apenas perceptible, las diferencias m\u00e1s obvias pueden presentar problemas para las mujeres. La dificultad para obtener ropa interior que le quede bien y los problemas de autoestima pueden reducir su calidad de vida.<\/p>\n<p>La cirug\u00eda de correcci\u00f3n de asimetr\u00eda mamaria en el Instituto de Cirug\u00eda Pl\u00e1stica Avance en Reno\/Tahoe puede abordar las diferencias espec\u00edficas de tama\u00f1o, forma u otra anomal\u00eda y producir senos de tama\u00f1o y forma uniforme de los que puede estar orgullosa. Este tambi\u00e9n puede ser el momento de hablar con el Dr. Dayan sobre cualquier mejora o cambio de senos que desee, ya que los procedimientos a menudo se pueden combinar.<\/p>\n<div><button class=\"flc-yt lazyload\" data-id=\"K7kZUiqBaVM\" data-title=\"Ideal Breast Measurements For Breast Surgery | Avance Plastic Surgery: Dr. Erez Dayan | Reno, Tahoe\" data-bg=\"https:\/\/i.ytimg.com\/vi\/K7kZUiqBaVM\/hqdefault.jpg\" aria-label=\"Play video Ideal Breast Measurements For Breast Surgery | Avance Plastic Surgery: Dr. Erez Dayan | Reno, Tahoe\">  <div class=\"flc-yt__title\">Ideal Breast Measurements For Breast Surgery | Avance Plastic Surgery: Dr. Erez Dayan | Reno, Tahoe<\/div>  <span class=\"flc-yt__play\">    <svg viewBox=\"0 0 68 48\" xmlns=\"http:\/\/www.w3.org\/2000\/svg\" aria-hidden=\"true\"><path d=\"M66.5 7.8A8.5 8.5 0 0 0 60.6 2C55.3.5 34 .5 34 .5S12.7.5 7.4 2A8.5 8.5 0 0 0 1.5 7.8C0 13.1 0 24 0 24s0 10.9 1.5 16.2A8.5 8.5 0 0 0 7.4 46C12.7 47.5 34 47.5 34 47.5s21.3 0 26.6-1.5a8.5 8.5 0 0 0 5.9-5.8C68 34.9 68 24 68 24s0-10.9-1.5-16.2Z\" fill=\"#f00\"\/><path d=\"M27 34l18-10-18-10v20Z\" fill=\"#fff\"\/><\/svg>  <\/span><\/button><\/div>\n<h2>Cirug\u00eda de senos desiguales en Reno\/Tahoe<\/h2>\n<p>La cirug\u00eda de senos desiguales en Reno\/Tahoe a manos del Dr. Dayan le brinda la oportunidad de corregir las diferencias problem\u00e1ticas entre sus senos para que se ajusten mejor a la ropa y la apariencia general. No hay que vivir con verg\u00fcenza ni verg\u00fcenza, evitando la ropa ajustada, el traje de ba\u00f1o o las situaciones \u00edntimas.<\/p>\n<p>El Dr. Dayan puede hacer muchas correcciones para remodelar o cambiar el tama\u00f1o de sus senos para lograr una apariencia est\u00e9tica equilibrada. Estos pueden incluir injertos de grasa, implantes, liposucci\u00f3n y otros procedimientos que utiliza para completar un resultado sim\u00e9trico, bien contorneado y natural. El Dr. Dayan realizar\u00e1 un examen f\u00edsico durante su consulta, as\u00ed como tambi\u00e9n revisar\u00e1 su historial m\u00e9dico. Tambi\u00e9n escuchar\u00e1 sus inquietudes y objetivos para la cirug\u00eda de senos. Luego puede dise\u00f1ar un plan de tratamiento \u00fanico para ayudarlo a alcanzar sus objetivos.<\/p>\n<p><a title=\"P\u00f3ngase en contacto con el Instituto de Cirug\u00eda Pl\u00e1stica Avance en Reno NV\" href=\"https:\/\/www.avanceplasticsurgery.com\/es\/contact-us-dr-erez-dayan\/\">Comun\u00edquese con la oficina de Reno\/Tahoe, NV, del Instituto de Cirug\u00eda Pl\u00e1stica Avance<\/a> , y programe su consulta de cirug\u00eda de correcci\u00f3n de asimetr\u00eda mamaria con el Dr. Erez Dayan.<\/p>\n<h3>Programa de mantenimiento<\/h3>\n<p>El <a href=\"https:\/\/www.avanceplasticsurgery.com\/es\/about-avance-plastic-surgery-institute\/plastic-surgery-maintenance\/\">programa de mantenimiento<\/a> en Avance Plastic Surgery Institute est\u00e1 dise\u00f1ado para ofrecer a los pacientes una forma conveniente de continuar viendo los beneficios de nuestros tratamientos durante el mayor tiempo posible.<\/p>\n<p>Para mantener los resultados de los procedimientos cosm\u00e9ticos mamarios, recomendamos tratamientos no invasivos y m\u00ednimamente invasivos con los siguientes dispositivos:<\/p>\n<ul>\n<li>Forma Body (InMode)<\/li>\n<li>Morfeo 8 (en modo)<\/li>\n<\/ul>\n","protected":false},"excerpt":{"rendered":"<p>Correcci\u00f3n de asimetr\u00eda mamaria La asimetr\u00eda mamaria es cuando un seno tiene una forma o un tama\u00f1o notablemente diferente&hellip;<\/p>\n","protected":false},"author":1,"featured_media":0,"parent":8869,"menu_order":0,"comment_status":"closed","ping_status":"closed","template":"","meta":{"_acf_changed":false,"footnotes":""},"class_list":["post-8871","page","type-page","status-publish"],"acf":[],"yoast_head":"<!-- This site is optimized with the Yoast SEO plugin v25.6 - https:\/\/yoast.com\/wordpress\/plugins\/seo\/ -->\n<title>Reno NV Correcci\u00f3n de asimetr\u00eda mamaria | Cirug\u00eda de senos desiguales en Lake Tahoe<\/title>\n<meta name=\"description\" content=\"La cirug\u00eda de correcci\u00f3n de asimetr\u00eda mamaria est\u00e1 disponible para corregir diferencias de tama\u00f1o, forma u otras anomal\u00edas en los senos. Llame al Instituto de Cirug\u00eda Pl\u00e1stica Avance en Reno para una consulta con el cirujano pl\u00e1stico cosm\u00e9tico de renombre mundial, el Dr. Erez Dayan.\" \/>\n<meta name=\"robots\" content=\"index, follow, max-snippet:-1, max-image-preview:large, max-video-preview:-1\" \/>\n<link rel=\"canonical\" href=\"https:\/\/www.avanceplasticsurgery.com\/es\/procedimientos-cosmeticos-y-de-cirugia\/seno\/asimetria-mamaria\/\" \/>\n<meta property=\"og:locale\" content=\"es_ES\" \/>\n<meta property=\"og:type\" content=\"article\" \/>\n<meta property=\"og:title\" content=\"Reno NV Correcci\u00f3n de asimetr\u00eda mamaria | Cirug\u00eda de senos desiguales en Lake Tahoe\" \/>\n<meta property=\"og:description\" content=\"La cirug\u00eda de correcci\u00f3n de asimetr\u00eda mamaria est\u00e1 disponible para corregir diferencias de tama\u00f1o, forma u otras anomal\u00edas en los senos. Llame al Instituto de Cirug\u00eda Pl\u00e1stica Avance en Reno para una consulta con el cirujano pl\u00e1stico cosm\u00e9tico de renombre mundial, el Dr. Erez Dayan.\" \/>\n<meta property=\"og:url\" content=\"https:\/\/www.avanceplasticsurgery.com\/es\/procedimientos-cosmeticos-y-de-cirugia\/seno\/asimetria-mamaria\/\" \/>\n<meta property=\"og:site_name\" content=\"Avance Plastic Surgery\" \/>\n<meta property=\"article:modified_time\" content=\"2023-05-01T18:52:02+00:00\" \/>\n<meta name=\"twitter:card\" content=\"summary_large_image\" \/>\n<meta name=\"twitter:label1\" content=\"Tiempo de lectura\" \/>\n\t<meta name=\"twitter:data1\" content=\"2 minutos\" \/>\n<!-- \/ Yoast SEO plugin. -->","yoast_head_json":{"title":"Reno NV Correcci\u00f3n de asimetr\u00eda mamaria | Cirug\u00eda de senos desiguales en Lake Tahoe","description":"La cirug\u00eda de correcci\u00f3n de asimetr\u00eda mamaria est\u00e1 disponible para corregir diferencias de tama\u00f1o, forma u otras anomal\u00edas en los senos. Llame al Instituto de Cirug\u00eda Pl\u00e1stica Avance en Reno para una consulta con el cirujano pl\u00e1stico cosm\u00e9tico de renombre mundial, el Dr. Erez Dayan.","robots":{"index":"index","follow":"follow","max-snippet":"max-snippet:-1","max-image-preview":"max-image-preview:large","max-video-preview":"max-video-preview:-1"},"canonical":"https:\/\/www.avanceplasticsurgery.com\/es\/procedimientos-cosmeticos-y-de-cirugia\/seno\/asimetria-mamaria\/","og_locale":"es_ES","og_type":"article","og_title":"Reno NV Correcci\u00f3n de asimetr\u00eda mamaria | Cirug\u00eda de senos desiguales en Lake Tahoe","og_description":"La cirug\u00eda de correcci\u00f3n de asimetr\u00eda mamaria est\u00e1 disponible para corregir diferencias de tama\u00f1o, forma u otras anomal\u00edas en los senos. Llame al Instituto de Cirug\u00eda Pl\u00e1stica Avance en Reno para una consulta con el cirujano pl\u00e1stico cosm\u00e9tico de renombre mundial, el Dr. Erez Dayan.","og_url":"https:\/\/www.avanceplasticsurgery.com\/es\/procedimientos-cosmeticos-y-de-cirugia\/seno\/asimetria-mamaria\/","og_site_name":"Avance Plastic Surgery","article_modified_time":"2023-05-01T18:52:02+00:00","twitter_card":"summary_large_image","twitter_misc":{"Tiempo de lectura":"2 minutos"},"schema":{"@context":"https:\/\/schema.org","@graph":[{"@type":"WebPage","@id":"https:\/\/www.avanceplasticsurgery.com\/es\/procedimientos-cosmeticos-y-de-cirugia\/seno\/asimetria-mamaria\/","url":"https:\/\/www.avanceplasticsurgery.com\/es\/procedimientos-cosmeticos-y-de-cirugia\/seno\/asimetria-mamaria\/","name":"Reno NV Correcci\u00f3n de asimetr\u00eda mamaria | Cirug\u00eda de senos desiguales en Lake Tahoe","isPartOf":{"@id":"https:\/\/www.avanceplasticsurgery.com\/es\/#website"},"datePublished":"2020-09-15T21:59:37+00:00","dateModified":"2023-05-01T18:52:02+00:00","description":"La cirug\u00eda de correcci\u00f3n de asimetr\u00eda mamaria est\u00e1 disponible para corregir diferencias de tama\u00f1o, forma u otras anomal\u00edas en los senos. Llame al Instituto de Cirug\u00eda Pl\u00e1stica Avance en Reno para una consulta con el cirujano pl\u00e1stico cosm\u00e9tico de renombre mundial, el Dr. Erez Dayan.","breadcrumb":{"@id":"https:\/\/www.avanceplasticsurgery.com\/es\/procedimientos-cosmeticos-y-de-cirugia\/seno\/asimetria-mamaria\/#breadcrumb"},"inLanguage":"es","potentialAction":[{"@type":"ReadAction","target":["https:\/\/www.avanceplasticsurgery.com\/es\/procedimientos-cosmeticos-y-de-cirugia\/seno\/asimetria-mamaria\/"]}]},{"@type":"BreadcrumbList","@id":"https:\/\/www.avanceplasticsurgery.com\/es\/procedimientos-cosmeticos-y-de-cirugia\/seno\/asimetria-mamaria\/#breadcrumb","itemListElement":[{"@type":"ListItem","position":1,"name":"Home","item":"https:\/\/www.avanceplasticsurgery.com\/es\/"},{"@type":"ListItem","position":2,"name":"Cosm\u00e9tica","item":"https:\/\/www.avanceplasticsurgery.com\/es\/procedimientos-cosmeticos-y-de-cirugia\/"},{"@type":"ListItem","position":3,"name":"Seno","item":"https:\/\/www.avanceplasticsurgery.com\/es\/procedimientos-cosmeticos-y-de-cirugia\/seno\/"},{"@type":"ListItem","position":4,"name":"asimetr\u00eda mamaria"}]},{"@type":"WebSite","@id":"https:\/\/www.avanceplasticsurgery.com\/es\/#website","url":"https:\/\/www.avanceplasticsurgery.com\/es\/","name":"Avance Plastic Surgery","description":"","potentialAction":[{"@type":"SearchAction","target":{"@type":"EntryPoint","urlTemplate":"https:\/\/www.avanceplasticsurgery.com\/es\/?s={search_term_string}"},"query-input":{"@type":"PropertyValueSpecification","valueRequired":true,"valueName":"search_term_string"}}],"inLanguage":"es"}]}},"_links":{"self":[{"href":"https:\/\/www.avanceplasticsurgery.com\/es\/wp-json\/wp\/v2\/pages\/8871","targetHints":{"allow":["GET"]}}],"collection":[{"href":"https:\/\/www.avanceplasticsurgery.com\/es\/wp-json\/wp\/v2\/pages"}],"about":[{"href":"https:\/\/www.avanceplasticsurgery.com\/es\/wp-json\/wp\/v2\/types\/page"}],"author":[{"embeddable":true,"href":"https:\/\/www.avanceplasticsurgery.com\/es\/wp-json\/wp\/v2\/users\/1"}],"replies":[{"embeddable":true,"href":"https:\/\/www.avanceplasticsurgery.com\/es\/wp-json\/wp\/v2\/comments?post=8871"}],"version-history":[{"count":2,"href":"https:\/\/www.avanceplasticsurgery.com\/es\/wp-json\/wp\/v2\/pages\/8871\/revisions"}],"predecessor-version":[{"id":10398,"href":"https:\/\/www.avanceplasticsurgery.com\/es\/wp-json\/wp\/v2\/pages\/8871\/revisions\/10398"}],"up":[{"embeddable":true,"href":"https:\/\/www.avanceplasticsurgery.com\/es\/wp-json\/wp\/v2\/pages\/8869"}],"wp:attachment":[{"href":"https:\/\/www.avanceplasticsurgery.com\/es\/wp-json\/wp\/v2\/media?parent=8871"}],"curies":[{"name":"wp","href":"https:\/\/api.w.org\/{rel}","templated":true}]}}