{"id":8873,"date":"2020-09-15T22:43:34","date_gmt":"2020-09-15T22:43:34","guid":{"rendered":"https:\/\/www.avanceplasticsurgery.com\/procedimientos-cosmeticos-y-de-cirugia\/seno\/transferencia-de-grasa-mamaria\/"},"modified":"2023-05-01T18:54:31","modified_gmt":"2023-05-01T18:54:31","slug":"transferencia-de-grasa-mamaria","status":"publish","type":"page","link":"https:\/\/www.avanceplasticsurgery.com\/es\/procedimientos-cosmeticos-y-de-cirugia\/seno\/transferencia-de-grasa-mamaria\/","title":{"rendered":"Transferencia de grasa mamaria"},"content":{"rendered":"<h1>Transferencia de grasa mamaria<\/h1>\n<p>Muchas mujeres desear\u00edan que sus senos fueran de otro tama\u00f1o, principalmente m\u00e1s grandes; pero algunos no se sienten c\u00f3modos con los implantes artificiales. El Dr. Erez Dayan es un experto cirujano pl\u00e1stico est\u00e9tico y reconstructivo y experto en aumento de senos que ofrece un aumento de senos natural utilizando sus propios tejidos grasos. \u00c9l y el equipo de est\u00e9tica del Instituto de Cirug\u00eda Pl\u00e1stica Avance en Reno\/Tahoe, NV, realizan numerosas <a title=\"Reno NV Cirug\u00eda Est\u00e9tica de Senos\" href=\"https:\/\/www.avanceplasticsurgery.com\/es\/cosmetic-and-surgery-procedures\/breast-cosmetic-surgery\/\">cirug\u00edas de aumento de senos<\/a> cada a\u00f1o utilizando esta t\u00e9cnica eficaz.<\/p>\n<p>El Dr. Dayan a menudo utiliza t\u00e9cnicas de liposucci\u00f3n y transferencia de grasa con cirug\u00edas mamarias para completar una apariencia m\u00e1s natural y suave. Con una cirug\u00eda de aumento de senos natural, simplemente elimina el exceso de tejido graso de su cadera, gl\u00fateos, muslos o abdomen, lo trata y lo reinserta en sus senos para aumentar el tama\u00f1o, el volumen y agregar contorno para un resultado m\u00e1s agradable. En general, este procedimiento funciona mejor para aumentar los senos de media taza a una copa completa.<\/p>\n<h2>Aumento de Senos con Transferencia de Grasa en Reno\/Tahoe<\/h2>\n<p>Las mujeres con algunas peque\u00f1as \u00e1reas de exceso de grasa que no est\u00e1n satisfechas con el tama\u00f1o natural de sus senos son buenas candidatas para esta cirug\u00eda. El aumento de senos con transferencia de grasa es una opci\u00f3n m\u00e1s natural que evita posibles complicaciones con los implantes mamarios artificiales, como posibles rupturas o contracturas capsulares.<\/p>\n<div class=\"row\">\n<div class=\"col-md-6\"><button class=\"flc-yt lazyload\" data-id=\"aCzLfWkirRI\" data-title=\"Transferencia de grasa mamaria\" data-bg=\"https:\/\/i.ytimg.com\/vi\/aCzLfWkirRI\/hqdefault.jpg\" aria-label=\"Play video Transferencia de grasa mamaria\">  <div class=\"flc-yt__title\">Transferencia de grasa mamaria<\/div>  <span class=\"flc-yt__play\">    <svg viewBox=\"0 0 68 48\" xmlns=\"http:\/\/www.w3.org\/2000\/svg\" aria-hidden=\"true\"><path d=\"M66.5 7.8A8.5 8.5 0 0 0 60.6 2C55.3.5 34 .5 34 .5S12.7.5 7.4 2A8.5 8.5 0 0 0 1.5 7.8C0 13.1 0 24 0 24s0 10.9 1.5 16.2A8.5 8.5 0 0 0 7.4 46C12.7 47.5 34 47.5 34 47.5s21.3 0 26.6-1.5a8.5 8.5 0 0 0 5.9-5.8C68 34.9 68 24 68 24s0-10.9-1.5-16.2Z\" fill=\"#f00\"\/><path d=\"M27 34l18-10-18-10v20Z\" fill=\"#fff\"\/><\/svg>  <\/span><\/button><\/div>\n<div class=\"col-md-6\"><a href=\"https:\/\/www.youtube.com\/watch?v=lCYpPuqxf8Y\" target=\"_blank\" rel=\"noopener\"><img decoding=\"async\" src=\"https:\/\/www.avanceplasticsurgery.com\/wp-content\/uploads\/2022\/02\/lCYpPuqxf8Y.jpg\" alt=\"Video de YouTube titulado Transferencia de grasa a los senos Reno\/Tahoe, Nevada | Dr. Erez Dayan Avance Cirug\u00eda Pl\u00e1stica\" class=\"img-fluid mb-3\" \/><\/a><\/div>\n<div class=\"col-md-6\"><button class=\"flc-yt lazyload\" data-id=\"K7kZUiqBaVM\" data-title=\"Ideal Breast Measurements For Breast Surgery | Avance Plastic Surgery: Dr. Erez Dayan | Reno, Tahoe\" data-bg=\"https:\/\/i.ytimg.com\/vi\/K7kZUiqBaVM\/hqdefault.jpg\" aria-label=\"Play video Ideal Breast Measurements For Breast Surgery | Avance Plastic Surgery: Dr. Erez Dayan | Reno, Tahoe\">  <div class=\"flc-yt__title\">Ideal Breast Measurements For Breast Surgery | Avance Plastic Surgery: Dr. Erez Dayan | Reno, Tahoe<\/div>  <span class=\"flc-yt__play\">    <svg viewBox=\"0 0 68 48\" xmlns=\"http:\/\/www.w3.org\/2000\/svg\" aria-hidden=\"true\"><path d=\"M66.5 7.8A8.5 8.5 0 0 0 60.6 2C55.3.5 34 .5 34 .5S12.7.5 7.4 2A8.5 8.5 0 0 0 1.5 7.8C0 13.1 0 24 0 24s0 10.9 1.5 16.2A8.5 8.5 0 0 0 7.4 46C12.7 47.5 34 47.5 34 47.5s21.3 0 26.6-1.5a8.5 8.5 0 0 0 5.9-5.8C68 34.9 68 24 68 24s0-10.9-1.5-16.2Z\" fill=\"#f00\"\/><path d=\"M27 34l18-10-18-10v20Z\" fill=\"#fff\"\/><\/svg>  <\/span><\/button><\/div>\n<\/div>\n<p>El Dr. Dayan es un cirujano pl\u00e1stico y reconstructivo cosm\u00e9tico ampliamente educado y capacitado con experiencia en la realizaci\u00f3n de muchos procedimientos de aumento de senos. Regularmente recibe a otros m\u00e9dicos y cirujanos en el Instituto de Cirug\u00eda Pl\u00e1stica Avance con fines instructivos y demostrativos. Tambi\u00e9n ha escrito y dado numerosas conferencias en varios continentes sobre t\u00e9cnicas de cirug\u00eda est\u00e9tica de mama.<\/p>\n<p>Si est\u00e1 interesada en un aumento de senos natural que evite el uso de implantes artificiales, <a title=\"P\u00f3ngase en contacto con el Instituto de Cirug\u00eda Pl\u00e1stica Avance en Reno NV\" href=\"https:\/\/www.avanceplasticsurgery.com\/es\/contact-us-dr-erez-dayan\/\">comun\u00edquese con la oficina de Reno\/Tahoe del Instituto de Cirug\u00eda Pl\u00e1stica Avance<\/a> y programe una consulta con el Dr. Erez Dayan.<\/p>\n<h3>Programa de mantenimiento<\/h3>\n<p>El <a href=\"https:\/\/www.avanceplasticsurgery.com\/es\/about-avance-plastic-surgery-institute\/plastic-surgery-maintenance\/\">programa de mantenimiento<\/a> en Avance Plastic Surgery Institute est\u00e1 dise\u00f1ado para ofrecer a los pacientes una forma conveniente de continuar viendo los beneficios de nuestros tratamientos durante el mayor tiempo posible.<\/p>\n<p>Para mantener los resultados de los procedimientos cosm\u00e9ticos mamarios, recomendamos tratamientos no invasivos y m\u00ednimamente invasivos con los siguientes dispositivos:<\/p>\n<ul>\n<li>Forma Body (InMode)<\/li>\n<li>Morfeo 8 (en modo)<\/li>\n<\/ul>\n","protected":false},"excerpt":{"rendered":"<p>Transferencia de grasa mamaria Muchas mujeres desear\u00edan que sus senos fueran de otro tama\u00f1o, principalmente m\u00e1s grandes; pero algunos&hellip;<\/p>\n","protected":false},"author":1,"featured_media":0,"parent":8869,"menu_order":0,"comment_status":"closed","ping_status":"closed","template":"","meta":{"_acf_changed":false,"footnotes":""},"class_list":["post-8873","page","type-page","status-publish"],"acf":[],"yoast_head":"<!-- This site is optimized with the Yoast SEO plugin v27.3 - https:\/\/yoast.com\/product\/yoast-seo-wordpress\/ -->\n<title>Aumento de senos natural de Reno NV | Aumento de senos con transferencia de grasa en Lake Tahoe<\/title>\n<meta name=\"description\" content=\"Un aumento de senos natural usando liposucci\u00f3n y t\u00e9cnicas de transferencia de grasa es posible para algunas mujeres, lo que le permite evitar los implantes artificiales. El Dr. Erez Dayan puede explicar m\u00e1s en una consulta en el Avance Plastic Surgery Institute en Reno, NV.\" \/>\n<meta name=\"robots\" content=\"index, follow, max-snippet:-1, max-image-preview:large, max-video-preview:-1\" \/>\n<link rel=\"canonical\" href=\"https:\/\/www.avanceplasticsurgery.com\/es\/procedimientos-cosmeticos-y-de-cirugia\/seno\/transferencia-de-grasa-mamaria\/\" \/>\n<meta property=\"og:locale\" content=\"es_ES\" \/>\n<meta property=\"og:type\" content=\"article\" \/>\n<meta property=\"og:title\" content=\"Aumento de senos natural de Reno NV | Aumento de senos con transferencia de grasa en Lake Tahoe\" \/>\n<meta property=\"og:description\" content=\"Un aumento de senos natural usando liposucci\u00f3n y t\u00e9cnicas de transferencia de grasa es posible para algunas mujeres, lo que le permite evitar los implantes artificiales. El Dr. Erez Dayan puede explicar m\u00e1s en una consulta en el Avance Plastic Surgery Institute en Reno, NV.\" \/>\n<meta property=\"og:url\" content=\"https:\/\/www.avanceplasticsurgery.com\/es\/procedimientos-cosmeticos-y-de-cirugia\/seno\/transferencia-de-grasa-mamaria\/\" \/>\n<meta property=\"og:site_name\" content=\"Avance Plastic Surgery\" \/>\n<meta property=\"article:modified_time\" content=\"2023-05-01T18:54:31+00:00\" \/>\n<meta property=\"og:image\" content=\"https:\/\/www.avanceplasticsurgery.com\/wp-content\/uploads\/2022\/02\/lCYpPuqxf8Y.jpg\" \/>\n<meta name=\"twitter:card\" content=\"summary_large_image\" \/>\n<meta name=\"twitter:label1\" content=\"Tiempo de lectura\" \/>\n\t<meta name=\"twitter:data1\" content=\"2 minutos\" \/>\n<!-- \/ Yoast SEO plugin. -->","yoast_head_json":{"title":"Aumento de senos natural de Reno NV | Aumento de senos con transferencia de grasa en Lake Tahoe","description":"Un aumento de senos natural usando liposucci\u00f3n y t\u00e9cnicas de transferencia de grasa es posible para algunas mujeres, lo que le permite evitar los implantes artificiales. El Dr. Erez Dayan puede explicar m\u00e1s en una consulta en el Avance Plastic Surgery Institute en Reno, NV.","robots":{"index":"index","follow":"follow","max-snippet":"max-snippet:-1","max-image-preview":"max-image-preview:large","max-video-preview":"max-video-preview:-1"},"canonical":"https:\/\/www.avanceplasticsurgery.com\/es\/procedimientos-cosmeticos-y-de-cirugia\/seno\/transferencia-de-grasa-mamaria\/","og_locale":"es_ES","og_type":"article","og_title":"Aumento de senos natural de Reno NV | Aumento de senos con transferencia de grasa en Lake Tahoe","og_description":"Un aumento de senos natural usando liposucci\u00f3n y t\u00e9cnicas de transferencia de grasa es posible para algunas mujeres, lo que le permite evitar los implantes artificiales. El Dr. Erez Dayan puede explicar m\u00e1s en una consulta en el Avance Plastic Surgery Institute en Reno, NV.","og_url":"https:\/\/www.avanceplasticsurgery.com\/es\/procedimientos-cosmeticos-y-de-cirugia\/seno\/transferencia-de-grasa-mamaria\/","og_site_name":"Avance Plastic Surgery","article_modified_time":"2023-05-01T18:54:31+00:00","og_image":[{"url":"https:\/\/www.avanceplasticsurgery.com\/wp-content\/uploads\/2022\/02\/lCYpPuqxf8Y.jpg","type":"","width":"","height":""}],"twitter_card":"summary_large_image","twitter_misc":{"Tiempo de lectura":"2 minutos"},"schema":{"@context":"https:\/\/schema.org","@graph":[{"@type":"WebPage","@id":"https:\/\/www.avanceplasticsurgery.com\/es\/procedimientos-cosmeticos-y-de-cirugia\/seno\/transferencia-de-grasa-mamaria\/","url":"https:\/\/www.avanceplasticsurgery.com\/es\/procedimientos-cosmeticos-y-de-cirugia\/seno\/transferencia-de-grasa-mamaria\/","name":"Aumento de senos natural de Reno NV | Aumento de senos con transferencia de grasa en Lake Tahoe","isPartOf":{"@id":"https:\/\/www.avanceplasticsurgery.com\/es\/#website"},"primaryImageOfPage":{"@id":"https:\/\/www.avanceplasticsurgery.com\/es\/procedimientos-cosmeticos-y-de-cirugia\/seno\/transferencia-de-grasa-mamaria\/#primaryimage"},"image":{"@id":"https:\/\/www.avanceplasticsurgery.com\/es\/procedimientos-cosmeticos-y-de-cirugia\/seno\/transferencia-de-grasa-mamaria\/#primaryimage"},"thumbnailUrl":"https:\/\/www.avanceplasticsurgery.com\/wp-content\/uploads\/2022\/02\/lCYpPuqxf8Y.jpg","datePublished":"2020-09-15T22:43:34+00:00","dateModified":"2023-05-01T18:54:31+00:00","description":"Un aumento de senos natural usando liposucci\u00f3n y t\u00e9cnicas de transferencia de grasa es posible para algunas mujeres, lo que le permite evitar los implantes artificiales. El Dr. Erez Dayan puede explicar m\u00e1s en una consulta en el Avance Plastic Surgery Institute en Reno, NV.","breadcrumb":{"@id":"https:\/\/www.avanceplasticsurgery.com\/es\/procedimientos-cosmeticos-y-de-cirugia\/seno\/transferencia-de-grasa-mamaria\/#breadcrumb"},"inLanguage":"es","potentialAction":[{"@type":"ReadAction","target":["https:\/\/www.avanceplasticsurgery.com\/es\/procedimientos-cosmeticos-y-de-cirugia\/seno\/transferencia-de-grasa-mamaria\/"]}]},{"@type":"ImageObject","inLanguage":"es","@id":"https:\/\/www.avanceplasticsurgery.com\/es\/procedimientos-cosmeticos-y-de-cirugia\/seno\/transferencia-de-grasa-mamaria\/#primaryimage","url":"https:\/\/www.avanceplasticsurgery.com\/wp-content\/uploads\/2022\/02\/lCYpPuqxf8Y.jpg","contentUrl":"https:\/\/www.avanceplasticsurgery.com\/wp-content\/uploads\/2022\/02\/lCYpPuqxf8Y.jpg"},{"@type":"BreadcrumbList","@id":"https:\/\/www.avanceplasticsurgery.com\/es\/procedimientos-cosmeticos-y-de-cirugia\/seno\/transferencia-de-grasa-mamaria\/#breadcrumb","itemListElement":[{"@type":"ListItem","position":1,"name":"Home","item":"https:\/\/www.avanceplasticsurgery.com\/es\/"},{"@type":"ListItem","position":2,"name":"Cosm\u00e9tica","item":"https:\/\/www.avanceplasticsurgery.com\/es\/procedimientos-cosmeticos-y-de-cirugia\/"},{"@type":"ListItem","position":3,"name":"Seno","item":"https:\/\/www.avanceplasticsurgery.com\/es\/procedimientos-cosmeticos-y-de-cirugia\/seno\/"},{"@type":"ListItem","position":4,"name":"Transferencia de grasa mamaria"}]},{"@type":"WebSite","@id":"https:\/\/www.avanceplasticsurgery.com\/es\/#website","url":"https:\/\/www.avanceplasticsurgery.com\/es\/","name":"Avance Plastic Surgery","description":"","potentialAction":[{"@type":"SearchAction","target":{"@type":"EntryPoint","urlTemplate":"https:\/\/www.avanceplasticsurgery.com\/es\/?s={search_term_string}"},"query-input":{"@type":"PropertyValueSpecification","valueRequired":true,"valueName":"search_term_string"}}],"inLanguage":"es"}]}},"_links":{"self":[{"href":"https:\/\/www.avanceplasticsurgery.com\/es\/wp-json\/wp\/v2\/pages\/8873","targetHints":{"allow":["GET"]}}],"collection":[{"href":"https:\/\/www.avanceplasticsurgery.com\/es\/wp-json\/wp\/v2\/pages"}],"about":[{"href":"https:\/\/www.avanceplasticsurgery.com\/es\/wp-json\/wp\/v2\/types\/page"}],"author":[{"embeddable":true,"href":"https:\/\/www.avanceplasticsurgery.com\/es\/wp-json\/wp\/v2\/users\/1"}],"replies":[{"embeddable":true,"href":"https:\/\/www.avanceplasticsurgery.com\/es\/wp-json\/wp\/v2\/comments?post=8873"}],"version-history":[{"count":2,"href":"https:\/\/www.avanceplasticsurgery.com\/es\/wp-json\/wp\/v2\/pages\/8873\/revisions"}],"predecessor-version":[{"id":10402,"href":"https:\/\/www.avanceplasticsurgery.com\/es\/wp-json\/wp\/v2\/pages\/8873\/revisions\/10402"}],"up":[{"embeddable":true,"href":"https:\/\/www.avanceplasticsurgery.com\/es\/wp-json\/wp\/v2\/pages\/8869"}],"wp:attachment":[{"href":"https:\/\/www.avanceplasticsurgery.com\/es\/wp-json\/wp\/v2\/media?parent=8873"}],"curies":[{"name":"wp","href":"https:\/\/api.w.org\/{rel}","templated":true}]}}