{"id":8874,"date":"2020-09-15T22:02:37","date_gmt":"2020-09-15T22:02:37","guid":{"rendered":"https:\/\/www.avanceplasticsurgery.com\/procedimientos-cosmeticos-y-de-cirugia\/seno\/enfermedad-de-los-implantes-mamarios\/"},"modified":"2023-05-01T18:57:31","modified_gmt":"2023-05-01T18:57:31","slug":"enfermedad-de-los-implantes-mamarios","status":"publish","type":"page","link":"https:\/\/www.avanceplasticsurgery.com\/es\/procedimientos-cosmeticos-y-de-cirugia\/seno\/enfermedad-de-los-implantes-mamarios\/","title":{"rendered":"Enfermedad de los implantes mamarios"},"content":{"rendered":"<h1>Tratamiento de enfermedades de implantes mamarios<\/h1>\n<p>En la actualidad, la enfermedad de los implantes mamarios no es un diagn\u00f3stico m\u00e9dico oficial reconocido, aunque se reconoce con m\u00e1s frecuencia que en el pasado. En mayo de 2019, la Administraci\u00f3n de Drogas y Alimentos de los EE. UU. (FDA, por sus siglas en ingl\u00e9s) emiti\u00f3 un comunicado en el que advierte a los fabricantes de implantes mamarios y a las autoridades sanitarias que est\u00e1n \u00abtomando medidas para caracterizar mejor la enfermedad de los implantes mamarios (BII, por sus siglas en ingl\u00e9s) y sus factores de riesgo\u00bb.<\/p>\n<p>Si bien puede no ser una afecci\u00f3n m\u00e9dica reconocida, la enfermedad de los implantes mamarios es una complicaci\u00f3n muy real que puede ocurrir en cualquier momento despu\u00e9s <a title=\"Reno NV Cirug\u00eda Est\u00e9tica de Senos\" href=\"https:\/\/www.avanceplasticsurgery.com\/es\/cosmetic-and-surgery-procedures\/breast-cosmetic-surgery\/\">de someterse a una cirug\u00eda de implantes mamarios<\/a> . Hasta el momento no se han completado estudios espec\u00edficos que aborden la afecci\u00f3n, pero los s\u00edntomas comunes que informan las mujeres incluyen:<\/p>\n<ul>\n<li>Fatiga cronica<\/li>\n<li>Dolor articular y muscular<\/li>\n<li>Problemas respiratorios<\/li>\n<li>Trastornos del sue\u00f1o<\/li>\n<li>Erupciones y otros problemas de la piel.<\/li>\n<li>dolores de cabeza<\/li>\n<li>Perdida de cabello<\/li>\n<li>Problemas gastrointestinales<\/li>\n<li>Ansiedad<\/li>\n<li>Depresi\u00f3n<\/li>\n<\/ul>\n<p>Algunas mujeres desarrollan estos s\u00edntomas inmediatamente despu\u00e9s de la cirug\u00eda de implante mamario, mientras que otras no lo hacen hasta a\u00f1os despu\u00e9s. No parece haber un v\u00ednculo com\u00fan con el tipo de implante en cuesti\u00f3n, ya que las mujeres con implantes de soluci\u00f3n salina y de silicona han informado de enfermedades relacionadas con los implantes mamarios.<\/p>\n<div class=\"row\">\n<div class=\"col-md-6\"><a href=\"https:\/\/www.youtube.com\/watch?v=dYHK-PM26po\" target=\"_blank\" rel=\"noopener\"><img decoding=\"async\" src=\"https:\/\/www.avanceplasticsurgery.com\/wp-content\/uploads\/2022\/02\/dYHK-PM26po.jpg\" alt=\"Video de YouTube titulado Extracci\u00f3n de implantes mamarios Reno\/Tahoe- Dr. Erez Dayan\" class=\"img-fluid mb-3 w-100\" \/><\/a><\/div>\n<div class=\"col-md-6\"><button class=\"flc-yt lazyload\" data-id=\"K7kZUiqBaVM\" data-title=\"Ideal Breast Measurements For Breast Surgery | Avance Plastic Surgery: Dr. Erez Dayan | Reno, Tahoe\" data-bg=\"https:\/\/i.ytimg.com\/vi\/K7kZUiqBaVM\/hqdefault.jpg\" aria-label=\"Play video Ideal Breast Measurements For Breast Surgery | Avance Plastic Surgery: Dr. Erez Dayan | Reno, Tahoe\">  <div class=\"flc-yt__title\">Ideal Breast Measurements For Breast Surgery | Avance Plastic Surgery: Dr. Erez Dayan | Reno, Tahoe<\/div>  <span class=\"flc-yt__play\">    <svg viewBox=\"0 0 68 48\" xmlns=\"http:\/\/www.w3.org\/2000\/svg\" aria-hidden=\"true\"><path d=\"M66.5 7.8A8.5 8.5 0 0 0 60.6 2C55.3.5 34 .5 34 .5S12.7.5 7.4 2A8.5 8.5 0 0 0 1.5 7.8C0 13.1 0 24 0 24s0 10.9 1.5 16.2A8.5 8.5 0 0 0 7.4 46C12.7 47.5 34 47.5 34 47.5s21.3 0 26.6-1.5a8.5 8.5 0 0 0 5.9-5.8C68 34.9 68 24 68 24s0-10.9-1.5-16.2Z\" fill=\"#f00\"\/><path d=\"M27 34l18-10-18-10v20Z\" fill=\"#fff\"\/><\/svg>  <\/span><\/button><\/div>\n<\/div>\n<h2>Diagn\u00f3stico y tratamiento de la enfermedad de los implantes mamarios<\/h2>\n<p>El diagn\u00f3stico de la enfermedad de los implantes mamarios es dif\u00edcil, debido a que los s\u00edntomas tambi\u00e9n son comunes para una variedad de otras enfermedades y afecciones. Solo despu\u00e9s de pruebas exhaustivas para otros problemas m\u00e9dicos, muchas autoridades m\u00e9dicas recurren a un diagn\u00f3stico de enfermedad de los implantes mamarios como una posibilidad. El \u00fanico tratamiento real para la BII es la extracci\u00f3n de los implantes mamarios y las c\u00e1psulas de tejido cicatricial circundantes. La eliminaci\u00f3n de las c\u00e1psulas de tejido cicatricial parece ser una parte clave para remediar con \u00e9xito los s\u00edntomas.<\/p>\n<p>El Dr. Erez Dayan no recomienda reemplazar sus implantes por otros nuevos despu\u00e9s de haberlos extra\u00eddo para BII. Es un cirujano pl\u00e1stico est\u00e9tico y reconstructivo h\u00e1bil y talentoso que puede recomendar otras opciones de contorno para sus senos, como el injerto de grasa. El Dr. Dayan extrae los implantes mamarios por enfermedad de los implantes mamarios cuando los s\u00edntomas combinados interfieren con la capacidad de la paciente para funcionar y vivir una vida productiva.<\/p>\n<p>\u00bfSospecha que puede tener una enfermedad de los implantes mamarios? <a title=\"P\u00f3ngase en contacto con el Instituto de Cirug\u00eda Pl\u00e1stica Avance en Reno NV\" href=\"https:\/\/www.avanceplasticsurgery.com\/es\/contact-us-dr-erez-dayan\/\">Comun\u00edquese con el Instituto de Cirug\u00eda Pl\u00e1stica Avance<\/a> en Reno\/Tahoe, NV, para una consulta para discutir sus inquietudes con el Dr. Dayan hoy.<\/p>\n<p>El Dr. Erez Dayan ha realizado una extensa investigaci\u00f3n sobre la evidencia relacionada con la enfermedad de los implantes de silicona. Lea el art\u00edculo de investigaci\u00f3n del Dr. Dayan: Enfermedad de los implantes de silicona: \u00bfCiencia versus mito? &#8211; <a href=\"https:\/\/www.avanceplasticsurgery.com\/about-avance-plastic-surgery-institute\/research\/#breast-surgery\">aqu\u00ed<\/a> .<\/p>\n<h3>Programa de mantenimiento<\/h3>\n<p>El <a href=\"https:\/\/www.avanceplasticsurgery.com\/es\/about-avance-plastic-surgery-institute\/plastic-surgery-maintenance\/\">programa de mantenimiento<\/a> en Avance Plastic Surgery Institute est\u00e1 dise\u00f1ado para ofrecer a los pacientes una forma conveniente de continuar viendo los beneficios de nuestros tratamientos durante el mayor tiempo posible.<\/p>\n<p>Para mantener los resultados de los procedimientos cosm\u00e9ticos mamarios, recomendamos tratamientos no invasivos y m\u00ednimamente invasivos con los siguientes dispositivos:<\/p>\n<ul>\n<li>Forma Body (InMode)<\/li>\n<li>Morfeo 8 (en modo)<\/li>\n<\/ul>\n","protected":false},"excerpt":{"rendered":"<p>Tratamiento de enfermedades de implantes mamarios En la actualidad, la enfermedad de los implantes mamarios no es un diagn\u00f3stico&hellip;<\/p>\n","protected":false},"author":1,"featured_media":0,"parent":8869,"menu_order":0,"comment_status":"closed","ping_status":"closed","template":"","meta":{"_acf_changed":false,"footnotes":""},"class_list":["post-8874","page","type-page","status-publish"],"acf":[],"yoast_head":"<!-- This site is optimized with the Yoast SEO plugin v25.6 - https:\/\/yoast.com\/wordpress\/plugins\/seo\/ -->\n<title>Tratamiento de enfermedades de implantes mamarios de Reno NV, s\u00edntomas | Lago Tahoe<\/title>\n<meta name=\"description\" content=\"La enfermedad de los implantes mamarios no es un diagn\u00f3stico m\u00e9dico oficial, pero es un problema real para algunas mujeres. El Dr. Erez Dayan puede analizar sus inquietudes y brindar tratamiento BII en el Instituto de Cirug\u00eda Pl\u00e1stica Avance en Reno, NV.\" \/>\n<meta name=\"robots\" content=\"index, follow, max-snippet:-1, max-image-preview:large, max-video-preview:-1\" \/>\n<link rel=\"canonical\" href=\"https:\/\/www.avanceplasticsurgery.com\/es\/procedimientos-cosmeticos-y-de-cirugia\/seno\/enfermedad-de-los-implantes-mamarios\/\" \/>\n<meta property=\"og:locale\" content=\"es_ES\" \/>\n<meta property=\"og:type\" content=\"article\" \/>\n<meta property=\"og:title\" content=\"Tratamiento de enfermedades de implantes mamarios de Reno NV, s\u00edntomas | Lago Tahoe\" \/>\n<meta property=\"og:description\" content=\"La enfermedad de los implantes mamarios no es un diagn\u00f3stico m\u00e9dico oficial, pero es un problema real para algunas mujeres. El Dr. Erez Dayan puede analizar sus inquietudes y brindar tratamiento BII en el Instituto de Cirug\u00eda Pl\u00e1stica Avance en Reno, NV.\" \/>\n<meta property=\"og:url\" content=\"https:\/\/www.avanceplasticsurgery.com\/es\/procedimientos-cosmeticos-y-de-cirugia\/seno\/enfermedad-de-los-implantes-mamarios\/\" \/>\n<meta property=\"og:site_name\" content=\"Avance Plastic Surgery\" \/>\n<meta property=\"article:modified_time\" content=\"2023-05-01T18:57:31+00:00\" \/>\n<meta property=\"og:image\" content=\"https:\/\/www.avanceplasticsurgery.com\/wp-content\/uploads\/2022\/02\/dYHK-PM26po.jpg\" \/>\n<meta name=\"twitter:card\" content=\"summary_large_image\" \/>\n<meta name=\"twitter:label1\" content=\"Tiempo de lectura\" \/>\n\t<meta name=\"twitter:data1\" content=\"3 minutos\" \/>\n<!-- \/ Yoast SEO plugin. -->","yoast_head_json":{"title":"Tratamiento de enfermedades de implantes mamarios de Reno NV, s\u00edntomas | Lago Tahoe","description":"La enfermedad de los implantes mamarios no es un diagn\u00f3stico m\u00e9dico oficial, pero es un problema real para algunas mujeres. El Dr. Erez Dayan puede analizar sus inquietudes y brindar tratamiento BII en el Instituto de Cirug\u00eda Pl\u00e1stica Avance en Reno, NV.","robots":{"index":"index","follow":"follow","max-snippet":"max-snippet:-1","max-image-preview":"max-image-preview:large","max-video-preview":"max-video-preview:-1"},"canonical":"https:\/\/www.avanceplasticsurgery.com\/es\/procedimientos-cosmeticos-y-de-cirugia\/seno\/enfermedad-de-los-implantes-mamarios\/","og_locale":"es_ES","og_type":"article","og_title":"Tratamiento de enfermedades de implantes mamarios de Reno NV, s\u00edntomas | Lago Tahoe","og_description":"La enfermedad de los implantes mamarios no es un diagn\u00f3stico m\u00e9dico oficial, pero es un problema real para algunas mujeres. El Dr. Erez Dayan puede analizar sus inquietudes y brindar tratamiento BII en el Instituto de Cirug\u00eda Pl\u00e1stica Avance en Reno, NV.","og_url":"https:\/\/www.avanceplasticsurgery.com\/es\/procedimientos-cosmeticos-y-de-cirugia\/seno\/enfermedad-de-los-implantes-mamarios\/","og_site_name":"Avance Plastic Surgery","article_modified_time":"2023-05-01T18:57:31+00:00","og_image":[{"url":"https:\/\/www.avanceplasticsurgery.com\/wp-content\/uploads\/2022\/02\/dYHK-PM26po.jpg","type":"","width":"","height":""}],"twitter_card":"summary_large_image","twitter_misc":{"Tiempo de lectura":"3 minutos"},"schema":{"@context":"https:\/\/schema.org","@graph":[{"@type":"WebPage","@id":"https:\/\/www.avanceplasticsurgery.com\/es\/procedimientos-cosmeticos-y-de-cirugia\/seno\/enfermedad-de-los-implantes-mamarios\/","url":"https:\/\/www.avanceplasticsurgery.com\/es\/procedimientos-cosmeticos-y-de-cirugia\/seno\/enfermedad-de-los-implantes-mamarios\/","name":"Tratamiento de enfermedades de implantes mamarios de Reno NV, s\u00edntomas | Lago Tahoe","isPartOf":{"@id":"https:\/\/www.avanceplasticsurgery.com\/es\/#website"},"primaryImageOfPage":{"@id":"https:\/\/www.avanceplasticsurgery.com\/es\/procedimientos-cosmeticos-y-de-cirugia\/seno\/enfermedad-de-los-implantes-mamarios\/#primaryimage"},"image":{"@id":"https:\/\/www.avanceplasticsurgery.com\/es\/procedimientos-cosmeticos-y-de-cirugia\/seno\/enfermedad-de-los-implantes-mamarios\/#primaryimage"},"thumbnailUrl":"https:\/\/www.avanceplasticsurgery.com\/wp-content\/uploads\/2022\/02\/dYHK-PM26po.jpg","datePublished":"2020-09-15T22:02:37+00:00","dateModified":"2023-05-01T18:57:31+00:00","description":"La enfermedad de los implantes mamarios no es un diagn\u00f3stico m\u00e9dico oficial, pero es un problema real para algunas mujeres. El Dr. Erez Dayan puede analizar sus inquietudes y brindar tratamiento BII en el Instituto de Cirug\u00eda Pl\u00e1stica Avance en Reno, NV.","breadcrumb":{"@id":"https:\/\/www.avanceplasticsurgery.com\/es\/procedimientos-cosmeticos-y-de-cirugia\/seno\/enfermedad-de-los-implantes-mamarios\/#breadcrumb"},"inLanguage":"es","potentialAction":[{"@type":"ReadAction","target":["https:\/\/www.avanceplasticsurgery.com\/es\/procedimientos-cosmeticos-y-de-cirugia\/seno\/enfermedad-de-los-implantes-mamarios\/"]}]},{"@type":"ImageObject","inLanguage":"es","@id":"https:\/\/www.avanceplasticsurgery.com\/es\/procedimientos-cosmeticos-y-de-cirugia\/seno\/enfermedad-de-los-implantes-mamarios\/#primaryimage","url":"https:\/\/www.avanceplasticsurgery.com\/wp-content\/uploads\/2022\/02\/dYHK-PM26po.jpg","contentUrl":"https:\/\/www.avanceplasticsurgery.com\/wp-content\/uploads\/2022\/02\/dYHK-PM26po.jpg"},{"@type":"BreadcrumbList","@id":"https:\/\/www.avanceplasticsurgery.com\/es\/procedimientos-cosmeticos-y-de-cirugia\/seno\/enfermedad-de-los-implantes-mamarios\/#breadcrumb","itemListElement":[{"@type":"ListItem","position":1,"name":"Home","item":"https:\/\/www.avanceplasticsurgery.com\/es\/"},{"@type":"ListItem","position":2,"name":"Cosm\u00e9tica","item":"https:\/\/www.avanceplasticsurgery.com\/es\/procedimientos-cosmeticos-y-de-cirugia\/"},{"@type":"ListItem","position":3,"name":"Seno","item":"https:\/\/www.avanceplasticsurgery.com\/es\/procedimientos-cosmeticos-y-de-cirugia\/seno\/"},{"@type":"ListItem","position":4,"name":"Enfermedad de los implantes mamarios"}]},{"@type":"WebSite","@id":"https:\/\/www.avanceplasticsurgery.com\/es\/#website","url":"https:\/\/www.avanceplasticsurgery.com\/es\/","name":"Avance Plastic Surgery","description":"","potentialAction":[{"@type":"SearchAction","target":{"@type":"EntryPoint","urlTemplate":"https:\/\/www.avanceplasticsurgery.com\/es\/?s={search_term_string}"},"query-input":{"@type":"PropertyValueSpecification","valueRequired":true,"valueName":"search_term_string"}}],"inLanguage":"es"}]}},"_links":{"self":[{"href":"https:\/\/www.avanceplasticsurgery.com\/es\/wp-json\/wp\/v2\/pages\/8874","targetHints":{"allow":["GET"]}}],"collection":[{"href":"https:\/\/www.avanceplasticsurgery.com\/es\/wp-json\/wp\/v2\/pages"}],"about":[{"href":"https:\/\/www.avanceplasticsurgery.com\/es\/wp-json\/wp\/v2\/types\/page"}],"author":[{"embeddable":true,"href":"https:\/\/www.avanceplasticsurgery.com\/es\/wp-json\/wp\/v2\/users\/1"}],"replies":[{"embeddable":true,"href":"https:\/\/www.avanceplasticsurgery.com\/es\/wp-json\/wp\/v2\/comments?post=8874"}],"version-history":[{"count":2,"href":"https:\/\/www.avanceplasticsurgery.com\/es\/wp-json\/wp\/v2\/pages\/8874\/revisions"}],"predecessor-version":[{"id":10404,"href":"https:\/\/www.avanceplasticsurgery.com\/es\/wp-json\/wp\/v2\/pages\/8874\/revisions\/10404"}],"up":[{"embeddable":true,"href":"https:\/\/www.avanceplasticsurgery.com\/es\/wp-json\/wp\/v2\/pages\/8869"}],"wp:attachment":[{"href":"https:\/\/www.avanceplasticsurgery.com\/es\/wp-json\/wp\/v2\/media?parent=8874"}],"curies":[{"name":"wp","href":"https:\/\/api.w.org\/{rel}","templated":true}]}}